{"id":15081,"date":"2024-10-13T20:33:16","date_gmt":"2024-10-13T19:33:16","guid":{"rendered":"https:\/\/swissgliders.ch\/?page_id=15081"},"modified":"2025-12-06T11:38:10","modified_gmt":"2025-12-06T10:38:10","slug":"davinci-gliders-switzerland","status":"publish","type":"page","link":"https:\/\/swissgliders.ch\/de\/davinci-gliders-switzerland\/","title":{"rendered":"Davinci Gliders Switzerland"},"content":{"rendered":"\n<style type=\"text\/css\" data-created_by=\"avia_inline_auto\" id=\"style-css-av-96y9p2-ed3068c3d56e0f39d49bdb772fa80b47\">\n.avia-section.av-96y9p2-ed3068c3d56e0f39d49bdb772fa80b47{\nbackground-repeat:no-repeat;\nbackground-image:url(https:\/\/swissgliders.ch\/wp-content\/uploads\/2024\/10\/Davinci_Gleitschirm_Funky-2-6.avif);\nbackground-position:50% 50%;\nbackground-attachment:scroll;\n}\n.avia-section.av-96y9p2-ed3068c3d56e0f39d49bdb772fa80b47 .av-section-color-overlay{\nopacity:0.4;\nbackground-color:#000000;\n}\n<\/style>\n<div id='av_section_1'  class='avia-section av-96y9p2-ed3068c3d56e0f39d49bdb772fa80b47 main_color avia-section-large avia-no-border-styling  avia-builder-el-0  el_before_av_section  avia-builder-el-first  avia-full-stretch avia-bg-style-scroll av-section-color-overlay-active container_wrap sidebar_right'  data-section-bg-repeat='stretch'><div class=\"av-section-color-overlay-wrap\"><div class=\"av-section-color-overlay\"><\/div><div class='container av-section-cont-open' ><main  role=\"main\" itemprop=\"mainContentOfPage\"  class='template-page content  av-content-small alpha units'><div class='post-entry post-entry-type-page post-entry-15081'><div class='entry-content-wrapper clearfix'>\n\n<style type=\"text\/css\" data-created_by=\"avia_inline_auto\" id=\"style-css-av-m27ytgx7-8f79bbe2e97ec0e0917db3f3777ae76d\">\n#top .av-special-heading.av-m27ytgx7-8f79bbe2e97ec0e0917db3f3777ae76d{\npadding-bottom:10px;\ncolor:#ffffff;\nfont-size:70px;\n}\nbody .av-special-heading.av-m27ytgx7-8f79bbe2e97ec0e0917db3f3777ae76d .av-special-heading-tag .heading-char{\nfont-size:25px;\n}\n#top #wrap_all .av-special-heading.av-m27ytgx7-8f79bbe2e97ec0e0917db3f3777ae76d .av-special-heading-tag{\nfont-size:70px;\n}\n.av-special-heading.av-m27ytgx7-8f79bbe2e97ec0e0917db3f3777ae76d .special-heading-inner-border{\nborder-color:#ffffff;\n}\n.av-special-heading.av-m27ytgx7-8f79bbe2e97ec0e0917db3f3777ae76d .av-subheading{\nfont-size:15px;\n}\n\n@media only screen and (min-width: 480px) and (max-width: 767px){ \n#top #wrap_all .av-special-heading.av-m27ytgx7-8f79bbe2e97ec0e0917db3f3777ae76d .av-special-heading-tag{\nfont-size:0.8em;\n}\n}\n\n@media only screen and (max-width: 479px){ \n#top #wrap_all .av-special-heading.av-m27ytgx7-8f79bbe2e97ec0e0917db3f3777ae76d .av-special-heading-tag{\nfont-size:0.8em;\n}\n}\n<\/style>\n<div  class='av-special-heading av-m27ytgx7-8f79bbe2e97ec0e0917db3f3777ae76d av-special-heading-h1 custom-color-heading blockquote modern-quote modern-centered  avia-builder-el-1  avia-builder-el-no-sibling  av-inherit-size'><h1 class='av-special-heading-tag '  itemprop=\"headline\"  >Davinci Gliders<\/h1><div class='av_custom_color av-subheading av-subheading_below'><p>Import Schweiz<\/p>\n<\/div><div class=\"special-heading-border\"><div class=\"special-heading-inner-border\"><\/div><\/div><\/div>\n\n<\/div><\/div><\/main><!-- close content main element --><\/div><\/div><\/div><div id='davinciimport'  class='avia-section av-k8x17bnb-86baded74640f00646b1ec8cc7332d54 main_color avia-section-default avia-no-shadow  avia-builder-el-2  el_after_av_section  avia-builder-el-last  avia-bg-style-scroll container_wrap sidebar_right'  ><div class='container av-section-cont-open' ><div class='template-page content  av-content-small alpha units'><div class='post-entry post-entry-type-page post-entry-15081'><div class='entry-content-wrapper clearfix'>\n<section  class='av_textblock_section av-kkuyrhgn-8e51b01174b1108e9034317e53cfe7d5 '   itemscope=\"itemscope\" itemtype=\"https:\/\/schema.org\/CreativeWork\" ><div class='avia_textblock'  itemprop=\"text\" ><p>Wir sind stolz, exklusiver Schweizer Importeur von Davinci Gliders zu sein. Das war nicht immer so. Heute sind wir umso motivierter Davinci Gliders auch in der Schweiz bekannter zu machen.<\/p>\n<p><a href=\"https:\/\/flydavinci.com\" target=\"_blank\" rel=\"noopener\">Davinci Gliders<\/a> ist ein relativ junger Hersteller aus S\u00fcdkorea. Im Jahr 2016 wurde die Firma gegr\u00fcndet. Zu Beginn wurde zusammen mit dem australischen Hersteller Flow Paragliders intensiv entwickelt und produziert. Mittlerweile gehen jedoch beide Unternehmen ihren eigenen Weg.<\/p>\n<p>Der Hersteller ist in Europa leider noch wenig bekannt \u2013 zu Unrecht wie uns scheint.<\/p>\n<p>Jihun Lee ist CEO und Chef-Designer bei Davinci Gliders. Die neuen Generationen der Gleitschirme sind von ihm und seinem Team entwickelt worden.<\/p>\n<div class='avia-iframe-wrap'><iframe loading=\"lazy\" title=\"Davinci MAMBO - A new history of safety and performance innovation\" width=\"1500\" height=\"844\" src=\"https:\/\/www.youtube.com\/embed\/pnEKtB0t7cI?feature=oembed\" frameborder=\"0\" allow=\"accelerometer; autoplay; clipboard-write; encrypted-media; gyroscope; picture-in-picture; web-share\" referrerpolicy=\"strict-origin-when-cross-origin\" allowfullscreen><\/iframe><\/div>\n<p>Davinci gl\u00e4nzt mit solider Qualit\u00e4t, Performance und innovativen Neuentwicklungen wie bspw. dem sogenannten \u00abSmart Nose Plus\u00bb-System (SN+) welches mehr Resistenz gegen Einklapper mit sich bringt oder das \u00abSmart Double Layer\u00bb-System (SDL) zur schnelleren Wieder\u00f6ffnung von Frontklappern und deren Reduktion. Solche Innovationen werden mit modernster Software entwickelt. Lucian Haas hat hierzu einen <a href=\"https:\/\/lu-glidz.blogspot.com\/2019\/11\/leistungsdrang-28-smart-nose.html\" target=\"_blank\" rel=\"noopener\">Artikel<\/a> verfasst.<\/p>\n<p>Mit Innovationen wie der SN+, SDL und Smart Snake System (SSS) geht Davinci neue Wege in Bezug auf Sicherheit und Leistung.<\/p>\n<div class='avia-iframe-wrap'><iframe loading=\"lazy\" title=\"Technologies of  CLASSIC2 in 3D  (DAVINCI New B Class glider)\" width=\"1500\" height=\"844\" src=\"https:\/\/www.youtube.com\/embed\/9EwPDoEmpJQ?feature=oembed\" frameborder=\"0\" allow=\"accelerometer; autoplay; clipboard-write; encrypted-media; gyroscope; picture-in-picture; web-share\" referrerpolicy=\"strict-origin-when-cross-origin\" allowfullscreen><\/iframe><\/div>\n<p>Der Anf\u00e4nger-Gleitschirm EN-A RHYTHM2 sowie der Tandem-Gleitschirm EN-B DUET PRO wurde von Davinci selbst entwickelt. Davinci schl\u00e4gt eine ordentliche Pace hin und hat nun den brandneuen <a href=\"https:\/\/flydavinci.com\/products\/paragliders\/mambo\" target=\"_blank\" rel=\"noopener\">MAMBO EN-C<\/a> sowie ein den neuen <a href=\"https:\/\/flydavinci.com\/products\/paragliders\/popera\/\" target=\"_blank\" rel=\"noopener\">POPERA<\/a>\u00a0 (<a href=\"https:\/\/xcmag.com\/news\/gear-news\/davincis-new-two-line-en-c-the-mambo\/?utm_source=facebook&amp;utm_medium=Social&amp;utm_campaign=News&amp;fbclid=IwY2xjawG8KFNleHRuA2FlbQIxMQABHdo-X8YD2b9Wh19wcybVTTW0GJtE8tIJH1_2j7RlZN3ouRn2nLZuN3VyvA_aem_udObiFq36vNo40vHOtmjYw\" target=\"_blank\" rel=\"noopener\">Cross Country Magazine<\/a>) im D-Segment \u2013 beides 2-Leiner \u2013 ver\u00f6ffentlicht.<\/p>\n<p>Im B-Segment sind der <a href=\"https:\/\/flydavinci.com\/products\/paragliders\/classic-2\/\" target=\"_blank\" rel=\"noopener\">CLASSIC2<\/a> sowie der <a href=\"https:\/\/flydavinci.com\/products\/paragliders\/funky-2\/\" target=\"_blank\" rel=\"noopener\">FUNKY2<\/a> beide mit dem neuen SDL-System ausgestattet. Wobei beim CLASSIC2 zu beachten gilt, dass dieser Low-B-Schirm auch zu Schulungszwecken geeignet ist mit seiner EN-A-Klassifizierung.<\/p>\n<p>Im Hike&amp;Fly-Bereich hat sich in den letzten Jahren auch etwas getan mit dem EN-A-Schirm <a href=\"https:\/\/flydavinci.com\/products\/paragliders\/hula-01\/\" target=\"_blank\" rel=\"noopener\">HULA<\/a> und dem Wendegurtzeug <a href=\"https:\/\/flydavinci.com\/products\/harnesses\/duo-reversible\/\" target=\"_blank\" rel=\"noopener\">DUO REVERSIBLE<\/a>.<\/p>\n<p>Im Miniwing-Bereich gibt es seit Neustem den <a href=\"https:\/\/flydavinci.com\/products\/paragliders\/doremi\/\" target=\"_blank\" rel=\"noopener\">DOREMI<\/a> im Angebot, welcher sicherlich auch budgettechnisch sehr interessant ist.<\/p>\n<p>Davinci ist auch im CCC-Segment vertreten mit dem <a href=\"https:\/\/flydavinci.com\/products\/paragliders\/opera\/\" target=\"_blank\" rel=\"noopener\">OPERA<\/a>, bei welchem in n\u00e4chster Zeit ein Nachfolger zu erwarten ist.<\/p>\n<p>Auch erst k\u00fcrzlich erschienen ist das Wettkampfgurtzeug <a href=\"https:\/\/flydavinci.com\/products\/harnesses\/davimax\/\" target=\"_blank\" rel=\"noopener\">DaviMAX<\/a>. Das aktuelle Gurtzeug-Sortiment wird weiter ausgebaut. In Entwicklung befindet sich das SOUL2. Wir sind gespannt.<\/p>\n<p>Neue Modelle sind reine Davinci-Entwicklungen wie beispielsweise der FUNKY2 in der B-Klasse und der MAMBO (<a href=\"https:\/\/xcmag.com\/news\/gear-news\/davincis-new-two-line-en-c-the-mambo\/?utm_source=facebook&amp;utm_medium=Social&amp;utm_campaign=News&amp;fbclid=IwY2xjawG8KFNleHRuA2FlbQIxMQABHdo-X8YD2b9Wh19wcybVTTW0GJtE8tIJH1_2j7RlZN3ouRn2nLZuN3VyvA_aem_udObiFq36vNo40vHOtmjYw\" target=\"_blank\" rel=\"noopener\">Cross Country Magazine<\/a>) in der C-Klasse oder auch der OPERA.<\/p>\n<p>In n\u00e4chster Zeit werden weitere Modelle und Produkte auf den Markt kommen \u2013 wir sind gespannt und freuen uns!<\/p>\n<p>Produziert werden die Artikel \u00fcbrigens in eigenen Fabriken in S\u00fcdkorea, Thailand und Malaysia. So ist eine sichere und zuverl\u00e4ssige Herstellung mit hoher Qualit\u00e4t und verl\u00e4ssliche Lieferfristen gew\u00e4hrleistet.<\/p>\n<div class='avia-iframe-wrap'><iframe loading=\"lazy\" title=\"Davinci Gliders Production (HOW TO MAKE THE PARAGLIDER?)\" width=\"1500\" height=\"844\" src=\"https:\/\/www.youtube.com\/embed\/Ts9xqETBvRY?feature=oembed\" frameborder=\"0\" allow=\"accelerometer; autoplay; clipboard-write; encrypted-media; gyroscope; picture-in-picture; web-share\" referrerpolicy=\"strict-origin-when-cross-origin\" allowfullscreen><\/iframe><\/div>\n<p>Nebst der soliden Qualit\u00e4t und innovativem Produktgeist, bietet Davinci ein hervorragendes Preis-Leistungs-Verh\u00e4ltnis. Die Gleitschirme sind im A- bis Mid-B-Bereich sehr robust gebaut. Ab High-B-Bereich sind die Schirme eher auf Semi-Light ausgelegt. Die <a href=\"https:\/\/swissgliders.ch\/de\/shop\/\">gesamte Schirmpalette<\/a> findest du in unserem Online-Shop oder direkt auf <a href=\"https:\/\/www.flydavinci.com\" target=\"_blank\" rel=\"noopener\">flydavinci.com<\/a>. Falls wir die neusten Modelle oder sonstiges Zubeh\u00f6r nicht aufgeschaltet haben, kontaktiere uns ungeniert.<\/p>\n<p><strong>Flugschulen welche Interesse bekunden an Davinci-Produkten, k\u00f6nnen sich jederzeit <a href=\"https:\/\/swissgliders.ch\/de\/kontakt\/\">bei uns melden<\/a>.<\/strong> Wir geben gerne Auskunft und freuen uns auf <strong>neue Vertriebspartner<\/strong> welche mit Davinci die Zukunft gestalten m\u00f6chten.<\/p>\n<p>Weiter sind wir auch st\u00e4ndig auf der Suche nach Ambassadoren und talentierten Piloten f\u00fcr Sponsorings auch im Wettkampfbereich.<\/p>\n<p>Bei Fragen stehen wir gerne zur Verf\u00fcgung.<\/p>\n<p>Um auf dem Laufenden zu bleiben, meldest du dich am besten gleich an f\u00fcr den Newsletter von Davinci: <a href=\"https:\/\/xcmag.com\/news\/gear-news\/davincis-new-two-line-en-c-the-mambo\/?utm_source=facebook&amp;utm_medium=Social&amp;utm_campaign=News&amp;fbclid=IwY2xjawG8KFNleHRuA2FlbQIxMQABHdo-X8YD2b9Wh19wcybVTTW0GJtE8tIJH1_2j7RlZN3ouRn2nLZuN3VyvA_aem_udObiFq36vNo40vHOtmjYw\" target=\"_blank\" rel=\"noopener\">Cross Country Mag<\/a><\/p>\n<p><strong>VERF\u00dcGBARE DEMOS: Rhythm 2 (alle Gr\u00f6ssen), Classic 2 (Gr\u00f6sse S, M), Funky 2 (Gr\u00f6sse S, M), Mambo (Gr\u00f6sse S, M), Tango (XS)<\/strong><\/p>\n<div  class='hr av-av_hr-baaf1bed0e1316ae42bc3f0668c31850 hr-default  avia-builder-el-4  avia-builder-el-no-sibling '><span class='hr-inner '><span class=\"hr-inner-style\"><\/span><\/span><\/div>\n<p><strong>Wir sind an folgenden Testivals dieses Jahr:<\/strong><\/p>\n<ul>\n<li>Testival in Grindelwald vom 18.04. bis 20.04.2025<\/li>\n<li>Testival Flugschule Jura-Thal 26.04. bis 27.04.2025<\/li>\n<li>Testival M\u00f6ntschele 27.06. bis 29.06.2025<\/li>\n<\/ul>\n<\/div><\/section>\n<\/div><\/div><\/div><!-- close content main div --><\/div><\/div><div id='after_section_2'  class='main_color av_default_container_wrap container_wrap sidebar_right'  ><div class='container av-section-cont-open' ><div class='template-page content  av-content-small alpha units'><div class='post-entry post-entry-type-page post-entry-15081'><div class='entry-content-wrapper clearfix'>\n","protected":false},"excerpt":{"rendered":"","protected":false},"author":1,"featured_media":0,"parent":0,"menu_order":0,"comment_status":"open","ping_status":"open","template":"","meta":{"footnotes":""},"class_list":["post-15081","page","type-page","status-publish","hentry"],"yoast_head":"<!-- This site is optimized with the Yoast SEO Premium plugin v26.1 (Yoast SEO v27.5) - https:\/\/yoast.com\/product\/yoast-seo-premium-wordpress\/ -->\n<title>Davinci Gliders Switzerland | Swissgliders Gleitschirmflugschule<\/title>\n<meta name=\"description\" content=\"Davinci Gliders: innovative Gleitschirme aus S\u00fcdkorea. Robust, sicher, sehr innovativ &amp; mit 1A Preis-Leistungs-Verh\u00e4ltnis f\u00fcr jeden Gleitschirmflieger.\" \/>\n<meta name=\"robots\" content=\"index, follow, max-snippet:-1, max-image-preview:large, max-video-preview:-1\" \/>\n<link rel=\"canonical\" href=\"https:\/\/swissgliders.ch\/de\/davinci-gliders-switzerland\/\" \/>\n<meta property=\"og:locale\" content=\"de_DE\" \/>\n<meta property=\"og:type\" content=\"article\" \/>\n<meta property=\"og:title\" content=\"Gleitschirmflugschule Thun\" \/>\n<meta property=\"og:description\" content=\"Ausbildung, Passagierfl\u00fcge, Flugreisen\" \/>\n<meta property=\"og:url\" content=\"https:\/\/swissgliders.ch\/de\/davinci-gliders-switzerland\/\" \/>\n<meta property=\"og:site_name\" content=\"Gleitschirmschule Thun, Bern, Interlaken\" \/>\n<meta property=\"article:publisher\" content=\"https:\/\/www.facebook.com\/swissgliders\" \/>\n<meta property=\"article:modified_time\" content=\"2025-12-06T10:38:10+00:00\" \/>\n<meta property=\"og:image\" content=\"https:\/\/swissgliders.ch\/wp-content\/uploads\/2020\/01\/IMG_7615-scaled.jpg\" \/>\n\t<meta property=\"og:image:width\" content=\"2560\" \/>\n\t<meta property=\"og:image:height\" content=\"1919\" \/>\n\t<meta property=\"og:image:type\" content=\"image\/jpeg\" \/>\n<meta name=\"twitter:card\" content=\"summary_large_image\" \/>\n<meta name=\"twitter:title\" content=\"Gleitschirmflugschule Thun\" \/>\n<meta name=\"twitter:description\" content=\"Ausbildung, Passagierfl\u00fcge, Flugreisen\" \/>\n<meta name=\"twitter:site\" content=\"@Swissgliders\" \/>\n<meta name=\"twitter:label1\" content=\"Gesch\u00e4tzte Lesezeit\" \/>\n\t<meta name=\"twitter:data1\" content=\"4\u00a0Minuten\" \/>\n<script type=\"application\/ld+json\" class=\"yoast-schema-graph\">{\"@context\":\"https:\\\/\\\/schema.org\",\"@graph\":[{\"@type\":\"WebPage\",\"@id\":\"https:\\\/\\\/swissgliders.ch\\\/de\\\/davinci-gliders-switzerland\\\/\",\"url\":\"https:\\\/\\\/swissgliders.ch\\\/de\\\/davinci-gliders-switzerland\\\/\",\"name\":\"Davinci Gliders Switzerland | Swissgliders Gleitschirmflugschule\",\"isPartOf\":{\"@id\":\"https:\\\/\\\/swissgliders.ch\\\/de\\\/#website\"},\"datePublished\":\"2024-10-13T19:33:16+00:00\",\"dateModified\":\"2025-12-06T10:38:10+00:00\",\"description\":\"Davinci Gliders: innovative Gleitschirme aus S\u00fcdkorea. Robust, sicher, sehr innovativ & mit 1A Preis-Leistungs-Verh\u00e4ltnis f\u00fcr jeden Gleitschirmflieger.\",\"breadcrumb\":{\"@id\":\"https:\\\/\\\/swissgliders.ch\\\/de\\\/davinci-gliders-switzerland\\\/#breadcrumb\"},\"inLanguage\":\"de\",\"potentialAction\":[{\"@type\":\"ReadAction\",\"target\":[\"https:\\\/\\\/swissgliders.ch\\\/de\\\/davinci-gliders-switzerland\\\/\"]}]},{\"@type\":\"BreadcrumbList\",\"@id\":\"https:\\\/\\\/swissgliders.ch\\\/de\\\/davinci-gliders-switzerland\\\/#breadcrumb\",\"itemListElement\":[{\"@type\":\"ListItem\",\"position\":1,\"name\":\"Startseite\",\"item\":\"https:\\\/\\\/swissgliders.ch\\\/de\\\/willkommen\\\/\"},{\"@type\":\"ListItem\",\"position\":2,\"name\":\"Davinci Gliders Switzerland\"}]},{\"@type\":\"WebSite\",\"@id\":\"https:\\\/\\\/swissgliders.ch\\\/de\\\/#website\",\"url\":\"https:\\\/\\\/swissgliders.ch\\\/de\\\/\",\"name\":\"Gleitschirmschule Thun, Bern, Interlaken\",\"description\":\"Gleitschirmschule Thun, Bern, Interlaken\",\"publisher\":{\"@id\":\"https:\\\/\\\/swissgliders.ch\\\/de\\\/#organization\"},\"potentialAction\":[{\"@type\":\"SearchAction\",\"target\":{\"@type\":\"EntryPoint\",\"urlTemplate\":\"https:\\\/\\\/swissgliders.ch\\\/de\\\/?s={search_term_string}\"},\"query-input\":{\"@type\":\"PropertyValueSpecification\",\"valueRequired\":true,\"valueName\":\"search_term_string\"}}],\"inLanguage\":\"de\"},{\"@type\":\"Organization\",\"@id\":\"https:\\\/\\\/swissgliders.ch\\\/de\\\/#organization\",\"name\":\"Swissgliders Gleitschirmflugschule Thun\",\"url\":\"https:\\\/\\\/swissgliders.ch\\\/de\\\/\",\"logo\":{\"@type\":\"ImageObject\",\"inLanguage\":\"de\",\"@id\":\"https:\\\/\\\/swissgliders.ch\\\/de\\\/#\\\/schema\\\/logo\\\/image\\\/\",\"url\":\"https:\\\/\\\/swissgliders.ch\\\/wp-content\\\/uploads\\\/2019\\\/12\\\/swissgliders-logo-rgb-square-L-no-ch-01.png\",\"contentUrl\":\"https:\\\/\\\/swissgliders.ch\\\/wp-content\\\/uploads\\\/2019\\\/12\\\/swissgliders-logo-rgb-square-L-no-ch-01.png\",\"width\":2500,\"height\":2500,\"caption\":\"Swissgliders Gleitschirmflugschule Thun\"},\"image\":{\"@id\":\"https:\\\/\\\/swissgliders.ch\\\/de\\\/#\\\/schema\\\/logo\\\/image\\\/\"},\"sameAs\":[\"https:\\\/\\\/www.facebook.com\\\/swissgliders\",\"https:\\\/\\\/x.com\\\/Swissgliders\",\"https:\\\/\\\/www.instagram.com\\\/swissgliders\\\/\",\"https:\\\/\\\/www.youtube.com\\\/channel\\\/UCMCtGdepy9vBhrhX3V_oJOA\"],\"hasMerchantReturnPolicy\":{\"@type\":\"MerchantReturnPolicy\",\"merchantReturnLink\":\"https:\\\/\\\/swissgliders.ch\\\/de\\\/allgemeine-geschaftsbedingungen\\\/\"}}]}<\/script>\n<!-- \/ Yoast SEO Premium plugin. -->","yoast_head_json":{"title":"Davinci Gliders Switzerland | Swissgliders Gleitschirmflugschule","description":"Davinci Gliders: innovative Gleitschirme aus S\u00fcdkorea. Robust, sicher, sehr innovativ & mit 1A Preis-Leistungs-Verh\u00e4ltnis f\u00fcr jeden Gleitschirmflieger.","robots":{"index":"index","follow":"follow","max-snippet":"max-snippet:-1","max-image-preview":"max-image-preview:large","max-video-preview":"max-video-preview:-1"},"canonical":"https:\/\/swissgliders.ch\/de\/davinci-gliders-switzerland\/","og_locale":"de_DE","og_type":"article","og_title":"Gleitschirmflugschule Thun","og_description":"Ausbildung, Passagierfl\u00fcge, Flugreisen","og_url":"https:\/\/swissgliders.ch\/de\/davinci-gliders-switzerland\/","og_site_name":"Gleitschirmschule Thun, Bern, Interlaken","article_publisher":"https:\/\/www.facebook.com\/swissgliders","article_modified_time":"2025-12-06T10:38:10+00:00","og_image":[{"width":2560,"height":1919,"url":"https:\/\/swissgliders.ch\/wp-content\/uploads\/2020\/01\/IMG_7615-scaled.jpg","type":"image\/jpeg"}],"twitter_card":"summary_large_image","twitter_title":"Gleitschirmflugschule Thun","twitter_description":"Ausbildung, Passagierfl\u00fcge, Flugreisen","twitter_site":"@Swissgliders","twitter_misc":{"Gesch\u00e4tzte Lesezeit":"4\u00a0Minuten"},"schema":{"@context":"https:\/\/schema.org","@graph":[{"@type":"WebPage","@id":"https:\/\/swissgliders.ch\/de\/davinci-gliders-switzerland\/","url":"https:\/\/swissgliders.ch\/de\/davinci-gliders-switzerland\/","name":"Davinci Gliders Switzerland | Swissgliders Gleitschirmflugschule","isPartOf":{"@id":"https:\/\/swissgliders.ch\/de\/#website"},"datePublished":"2024-10-13T19:33:16+00:00","dateModified":"2025-12-06T10:38:10+00:00","description":"Davinci Gliders: innovative Gleitschirme aus S\u00fcdkorea. Robust, sicher, sehr innovativ & mit 1A Preis-Leistungs-Verh\u00e4ltnis f\u00fcr jeden Gleitschirmflieger.","breadcrumb":{"@id":"https:\/\/swissgliders.ch\/de\/davinci-gliders-switzerland\/#breadcrumb"},"inLanguage":"de","potentialAction":[{"@type":"ReadAction","target":["https:\/\/swissgliders.ch\/de\/davinci-gliders-switzerland\/"]}]},{"@type":"BreadcrumbList","@id":"https:\/\/swissgliders.ch\/de\/davinci-gliders-switzerland\/#breadcrumb","itemListElement":[{"@type":"ListItem","position":1,"name":"Startseite","item":"https:\/\/swissgliders.ch\/de\/willkommen\/"},{"@type":"ListItem","position":2,"name":"Davinci Gliders Switzerland"}]},{"@type":"WebSite","@id":"https:\/\/swissgliders.ch\/de\/#website","url":"https:\/\/swissgliders.ch\/de\/","name":"Gleitschirmschule Thun, Bern, Interlaken","description":"Gleitschirmschule Thun, Bern, Interlaken","publisher":{"@id":"https:\/\/swissgliders.ch\/de\/#organization"},"potentialAction":[{"@type":"SearchAction","target":{"@type":"EntryPoint","urlTemplate":"https:\/\/swissgliders.ch\/de\/?s={search_term_string}"},"query-input":{"@type":"PropertyValueSpecification","valueRequired":true,"valueName":"search_term_string"}}],"inLanguage":"de"},{"@type":"Organization","@id":"https:\/\/swissgliders.ch\/de\/#organization","name":"Swissgliders Gleitschirmflugschule Thun","url":"https:\/\/swissgliders.ch\/de\/","logo":{"@type":"ImageObject","inLanguage":"de","@id":"https:\/\/swissgliders.ch\/de\/#\/schema\/logo\/image\/","url":"https:\/\/swissgliders.ch\/wp-content\/uploads\/2019\/12\/swissgliders-logo-rgb-square-L-no-ch-01.png","contentUrl":"https:\/\/swissgliders.ch\/wp-content\/uploads\/2019\/12\/swissgliders-logo-rgb-square-L-no-ch-01.png","width":2500,"height":2500,"caption":"Swissgliders Gleitschirmflugschule Thun"},"image":{"@id":"https:\/\/swissgliders.ch\/de\/#\/schema\/logo\/image\/"},"sameAs":["https:\/\/www.facebook.com\/swissgliders","https:\/\/x.com\/Swissgliders","https:\/\/www.instagram.com\/swissgliders\/","https:\/\/www.youtube.com\/channel\/UCMCtGdepy9vBhrhX3V_oJOA"],"hasMerchantReturnPolicy":{"@type":"MerchantReturnPolicy","merchantReturnLink":"https:\/\/swissgliders.ch\/de\/allgemeine-geschaftsbedingungen\/"}}]}},"_links":{"self":[{"href":"https:\/\/swissgliders.ch\/de\/wp-json\/wp\/v2\/pages\/15081","targetHints":{"allow":["GET"]}}],"collection":[{"href":"https:\/\/swissgliders.ch\/de\/wp-json\/wp\/v2\/pages"}],"about":[{"href":"https:\/\/swissgliders.ch\/de\/wp-json\/wp\/v2\/types\/page"}],"author":[{"embeddable":true,"href":"https:\/\/swissgliders.ch\/de\/wp-json\/wp\/v2\/users\/1"}],"replies":[{"embeddable":true,"href":"https:\/\/swissgliders.ch\/de\/wp-json\/wp\/v2\/comments?post=15081"}],"version-history":[{"count":15,"href":"https:\/\/swissgliders.ch\/de\/wp-json\/wp\/v2\/pages\/15081\/revisions"}],"predecessor-version":[{"id":21819,"href":"https:\/\/swissgliders.ch\/de\/wp-json\/wp\/v2\/pages\/15081\/revisions\/21819"}],"wp:attachment":[{"href":"https:\/\/swissgliders.ch\/de\/wp-json\/wp\/v2\/media?parent=15081"}],"curies":[{"name":"wp","href":"https:\/\/api.w.org\/{rel}","templated":true}]}}