{"id":22197,"date":"2026-01-30T23:37:53","date_gmt":"2026-01-30T22:37:53","guid":{"rendered":"https:\/\/swissgliders.ch\/?page_id=22197"},"modified":"2026-03-25T11:06:01","modified_gmt":"2026-03-25T10:06:01","slug":"faq","status":"publish","type":"page","link":"https:\/\/swissgliders.ch\/de\/faq\/","title":{"rendered":"FAQ \u2013 H\u00e4ufige Fragen zur Gleitschirm Ausbildung"},"content":{"rendered":"\n<style type=\"text\/css\" data-created_by=\"avia_inline_auto\" id=\"style-css-av-2a85uh-d6e010c3523faa5148ca34ba8edc82fa\">\n.avia-section.av-2a85uh-d6e010c3523faa5148ca34ba8edc82fa{\nbackground-repeat:no-repeat;\nbackground-image:url(https:\/\/swissgliders.ch\/wp-content\/uploads\/2022\/01\/IMG_4204-1500x430.jpeg);\nbackground-position:50% 0%;\nbackground-attachment:scroll;\n}\n.avia-section.av-2a85uh-d6e010c3523faa5148ca34ba8edc82fa .av-section-color-overlay{\nopacity:0.4;\nbackground-color:#000000;\n}\n<\/style>\n<div id='av_section_1'  class='avia-section av-2a85uh-d6e010c3523faa5148ca34ba8edc82fa main_color avia-section-large avia-no-border-styling  avia-builder-el-0  el_before_av_toggle_container  avia-builder-el-first  avia-full-stretch avia-bg-style-scroll av-section-color-overlay-active container_wrap sidebar_right'  data-section-bg-repeat='stretch'><div class=\"av-section-color-overlay-wrap\"><div class=\"av-section-color-overlay\"><\/div><div class='container av-section-cont-open' ><main  role=\"main\" itemprop=\"mainContentOfPage\"  class='template-page content  av-content-small alpha units'><div class='post-entry post-entry-type-page post-entry-22197'><div class='entry-content-wrapper clearfix'>\n\n<style type=\"text\/css\" data-created_by=\"avia_inline_auto\" id=\"style-css-av-ky48vtva-7005168dd2fc862129372cd02b2360d9\">\n#top .av-special-heading.av-ky48vtva-7005168dd2fc862129372cd02b2360d9{\npadding-bottom:10px;\ncolor:#ffffff;\nfont-size:70px;\n}\nbody .av-special-heading.av-ky48vtva-7005168dd2fc862129372cd02b2360d9 .av-special-heading-tag .heading-char{\nfont-size:25px;\n}\n#top #wrap_all .av-special-heading.av-ky48vtva-7005168dd2fc862129372cd02b2360d9 .av-special-heading-tag{\nfont-size:70px;\n}\n.av-special-heading.av-ky48vtva-7005168dd2fc862129372cd02b2360d9 .special-heading-inner-border{\nborder-color:#ffffff;\n}\n.av-special-heading.av-ky48vtva-7005168dd2fc862129372cd02b2360d9 .av-subheading{\nfont-size:15px;\n}\n\n@media only screen and (min-width: 480px) and (max-width: 767px){ \n#top #wrap_all .av-special-heading.av-ky48vtva-7005168dd2fc862129372cd02b2360d9 .av-special-heading-tag{\nfont-size:0.8em;\n}\n}\n\n@media only screen and (max-width: 479px){ \n#top #wrap_all .av-special-heading.av-ky48vtva-7005168dd2fc862129372cd02b2360d9 .av-special-heading-tag{\nfont-size:0.8em;\n}\n}\n<\/style>\n<div  class='av-special-heading av-ky48vtva-7005168dd2fc862129372cd02b2360d9 av-special-heading-h1 custom-color-heading blockquote modern-quote modern-centered  avia-builder-el-1  avia-builder-el-no-sibling  av-inherit-size'><h1 class='av-special-heading-tag '  itemprop=\"headline\"  >FAQ \u2013 Fragen zur Gleitschirm Ausbildung<\/h1><div class=\"special-heading-border\"><div class=\"special-heading-inner-border\"><\/div><\/div><\/div>\n<\/div><\/div><\/main><!-- close content main element --><\/div><\/div><\/div><div id='after_section_1'  class='main_color av_default_container_wrap container_wrap sidebar_right'  ><div class='container av-section-cont-open' ><div class='template-page content  av-content-small alpha units'><div class='post-entry post-entry-type-page post-entry-22197'><div class='entry-content-wrapper clearfix'>\n<div  class='togglecontainer av-ml1gpijt-4b65193aea2f86580b20b6e734ae2b85  avia-builder-el-2  el_after_av_section  el_before_av_textblock  avia-builder-el-first  toggle_close_all' >\n<section class='av_toggle_section av-ml1gi4v6-57b01ac6bfc66e76e0cf7ab805c752e7'  itemscope=\"itemscope\" itemtype=\"https:\/\/schema.org\/CreativeWork\" ><div role=\"tablist\" class=\"single_toggle\" data-tags=\"{Alle} \"  ><p id='toggle-toggle-id-1' data-fake-id='#toggle-id-1' class='toggler  av-title-above '  itemprop=\"headline\"  role='tab' tabindex='0' aria-controls='toggle-id-1' data-slide-speed=\"200\" data-title=\"Wie lange dauert die Ausbildung bis zum Brevet?\" data-title-open=\"\" data-aria_collapsed=\"Click to expand: Wie lange dauert die Ausbildung bis zum Brevet?\" data-aria_expanded=\"Click to collapse: Wie lange dauert die Ausbildung bis zum Brevet?\">Wie lange dauert die Ausbildung bis zum Brevet?<span class=\"toggle_icon\"><span class=\"vert_icon\"><\/span><span class=\"hor_icon\"><\/span><\/span><\/p><div id='toggle-id-1' aria-labelledby='toggle-toggle-id-1' role='region' class='toggle_wrap  av-title-above'  ><div class='toggle_content invers-color '  itemprop=\"text\" ><p>Wenn du regelm\u00e4ssig am Unterricht teilnimmst, kannst innerhalb von 4-6 Monaten durch sein. Bei uns hast du jedoch mit 13 Monaten gen\u00fcgend Zeit, um alle Jahreszeiten zu erleben. So kannst du nach einer soliden Ausbildung mit gute Gewissen selbstst\u00e4ndig fliegen.<\/p>\n<\/div><\/div><\/div><\/section>\n<section class='av_toggle_section av-ml1gm7g2-2e72e1b9aaa49a9109c41351b06793f2'  itemscope=\"itemscope\" itemtype=\"https:\/\/schema.org\/CreativeWork\" ><div role=\"tablist\" class=\"single_toggle\" data-tags=\"{Alle} \"  ><p id='toggle-toggle-id-2' data-fake-id='#toggle-id-2' class='toggler  av-title-above '  itemprop=\"headline\"  role='tab' tabindex='0' aria-controls='toggle-id-2' data-slide-speed=\"200\" data-title=\"Wie viel kostet die Ausbildung?\" data-title-open=\"\" data-aria_collapsed=\"Click to expand: Wie viel kostet die Ausbildung?\" data-aria_expanded=\"Click to collapse: Wie viel kostet die Ausbildung?\">Wie viel kostet die Ausbildung?<span class=\"toggle_icon\"><span class=\"vert_icon\"><\/span><span class=\"hor_icon\"><\/span><\/span><\/p><div id='toggle-id-2' aria-labelledby='toggle-toggle-id-2' role='region' class='toggle_wrap  av-title-above'  ><div class='toggle_content invers-color '  itemprop=\"text\" ><p>Bei uns kostet die Ausbildung was sie wert ist. Die Kosten\u00fcbersicht mit Aufschl\u00fcsselung findest du unter <a href=\"https:\/\/swissgliders.ch\/de\/kosten\/\">Kosten<\/a>. Inkl. occ. Ausr\u00fcstung ca. CHF 6000.- mit einer neuen Ausr\u00fcstung bist du ca. bei CHF 8000.-<\/p>\n<\/div><\/div><\/div><\/section>\n<section class='av_toggle_section av-ml1goo9e-01f4dba4b0009d420b0cd1597d895b86'  itemscope=\"itemscope\" itemtype=\"https:\/\/schema.org\/CreativeWork\" ><div role=\"tablist\" class=\"single_toggle\" data-tags=\"{Alle} \"  ><p id='toggle-toggle-id-3' data-fake-id='#toggle-id-3' class='toggler  av-title-above '  itemprop=\"headline\"  role='tab' tabindex='0' aria-controls='toggle-id-3' data-slide-speed=\"200\" data-title=\"Bieten wir auch einen Intensivkurs an?\" data-title-open=\"\" data-aria_collapsed=\"Click to expand: Bieten wir auch einen Intensivkurs an?\" data-aria_expanded=\"Click to collapse: Bieten wir auch einen Intensivkurs an?\">Bieten wir auch einen Intensivkurs an?<span class=\"toggle_icon\"><span class=\"vert_icon\"><\/span><span class=\"hor_icon\"><\/span><\/span><\/p><div id='toggle-id-3' aria-labelledby='toggle-toggle-id-3' role='region' class='toggle_wrap  av-title-above'  ><div class='toggle_content invers-color '  itemprop=\"text\" ><p>Wir bieten keine Intensivkurse an f\u00fcr die Gleitschirmausbildung. Wir sind der Meinung, dass das Gleitschirmfliegen nicht in ein paar Woche gelernt werden kann mit all seinen Facetten. Da geh\u00f6rt das Wetter und die Jahreszeiten genauso dazu wie die praktischen F\u00e4higkeiten. Nimm dir mind. 6 Monate Zeit und komm mind. alle 2 Wochen fliegen.<\/p>\n<\/div><\/div><\/div><\/section>\n<section class='av_toggle_section av-ml1h61kb-56898a8eb40b59b02fae4b21ddecec73'  itemscope=\"itemscope\" itemtype=\"https:\/\/schema.org\/CreativeWork\" ><div role=\"tablist\" class=\"single_toggle\" data-tags=\"{Alle} \"  ><p id='toggle-toggle-id-4' data-fake-id='#toggle-id-4' class='toggler  av-title-above '  itemprop=\"headline\"  role='tab' tabindex='0' aria-controls='toggle-id-4' data-slide-speed=\"200\" data-title=\"Ist Gleitschirmfliegen gef\u00e4hrlich?\" data-title-open=\"\" data-aria_collapsed=\"Click to expand: Ist Gleitschirmfliegen gef\u00e4hrlich?\" data-aria_expanded=\"Click to collapse: Ist Gleitschirmfliegen gef\u00e4hrlich?\">Ist Gleitschirmfliegen gef\u00e4hrlich?<span class=\"toggle_icon\"><span class=\"vert_icon\"><\/span><span class=\"hor_icon\"><\/span><\/span><\/p><div id='toggle-id-4' aria-labelledby='toggle-toggle-id-4' role='region' class='toggle_wrap  av-title-above'  ><div class='toggle_content invers-color '  itemprop=\"text\" ><p>Gleitschirmfliegen ist wie viele Sportarten auch mit Risiko verbunden. Unsere Aufgabe als Gleitschirm Flugschule ist es, dir das Gleitschirmfliegen zu lehren, damit du mit diesem Risiko umgehen kannst. Du sollst dich, dein Material und das Wetter so beurteilen k\u00f6nnen, damit du den Gleitschirmsport mit der n\u00f6tigen Sicherheit und mit viel Freude aus\u00fcben kannst.<\/p>\n<\/div><\/div><\/div><\/section>\n<section class='av_toggle_section av-ml1h61kb-2-a3afe01f90159a7bd8820848cc57060a'  itemscope=\"itemscope\" itemtype=\"https:\/\/schema.org\/CreativeWork\" ><div role=\"tablist\" class=\"single_toggle\" data-tags=\"{Alle} \"  ><p id='toggle-toggle-id-5' data-fake-id='#toggle-id-5' class='toggler  av-title-above '  itemprop=\"headline\"  role='tab' tabindex='0' aria-controls='toggle-id-5' data-slide-speed=\"200\" data-title=\"Welche Ausr\u00fcstung ist die richtige f\u00fcr mich?\" data-title-open=\"\" data-aria_collapsed=\"Click to expand: Welche Ausr\u00fcstung ist die richtige f\u00fcr mich?\" data-aria_expanded=\"Click to collapse: Welche Ausr\u00fcstung ist die richtige f\u00fcr mich?\">Welche Ausr\u00fcstung ist die richtige f\u00fcr mich?<span class=\"toggle_icon\"><span class=\"vert_icon\"><\/span><span class=\"hor_icon\"><\/span><\/span><\/p><div id='toggle-id-5' aria-labelledby='toggle-toggle-id-5' role='region' class='toggle_wrap  av-title-above'  ><div class='toggle_content invers-color '  itemprop=\"text\" ><p>Welche Ausr\u00fcstung f\u00fcr dich die richtige ist, h\u00e4ngt von drei Faktoren ab:<\/p>\n<ol>\n<li>Wo stehst du mit deinen fliegerischen F\u00e4higkeiten?<\/li>\n<li>Was ist dein Ziel und der Zweck?<\/li>\n<li>Was ist dein Budget?<\/li>\n<\/ol>\n<p>Wenn du dir diese Antworten ehrlich beantworten kannst, f\u00e4llt eine Entscheidung leichter. Weiter ist es sinnvoll, nicht bei irgendwelchen Onlineshops Gleitschirmausr\u00fcstung zu kaufen. Lass dich von einer Flugschule beraten, speziell wenn du noch unsicher bist. Flugschulen haben die n\u00f6tige Kompetenz nicht zuletzt wegen den Fluglehrer:innen, welche das n\u00f6tige Hintergrundwissen mitbringen aufgrund der Ausbildung und der t\u00e4glichen Arbeit mit Pilot:innen und deren Ausr\u00fcstung.<\/p>\n<\/div><\/div><\/div><\/section>\n<section class='av_toggle_section av-ml1h61kb-1-ebfbcba77f0445f4e7e9eb205ed0d2de'  itemscope=\"itemscope\" itemtype=\"https:\/\/schema.org\/CreativeWork\" ><div role=\"tablist\" class=\"single_toggle\" data-tags=\"{Alle} \"  ><p id='toggle-toggle-id-6' data-fake-id='#toggle-id-6' class='toggler  av-title-above '  itemprop=\"headline\"  role='tab' tabindex='0' aria-controls='toggle-id-6' data-slide-speed=\"200\" data-title=\"Was ben\u00f6tige ich an Ausr\u00fcstung zu Beginn der Ausbildung?\" data-title-open=\"\" data-aria_collapsed=\"Click to expand: Was ben\u00f6tige ich an Ausr\u00fcstung zu Beginn der Ausbildung?\" data-aria_expanded=\"Click to collapse: Was ben\u00f6tige ich an Ausr\u00fcstung zu Beginn der Ausbildung?\">Was ben\u00f6tige ich an Ausr\u00fcstung zu Beginn der Ausbildung?<span class=\"toggle_icon\"><span class=\"vert_icon\"><\/span><span class=\"hor_icon\"><\/span><\/span><\/p><div id='toggle-id-6' aria-labelledby='toggle-toggle-id-6' role='region' class='toggle_wrap  av-title-above'  ><div class='toggle_content invers-color '  itemprop=\"text\" ><p>F\u00fcr die Ausbildung ben\u00f6tigst du folgende Artikel:<\/p>\n<ol>\n<li>Gleitschirm<\/li>\n<li>Sitzgurtzeug mit ausreichendem Schutz<\/li>\n<li>Rettungsger\u00e4t<\/li>\n<li>Lederhandschuhe<\/li>\n<li>Helm (Skihelm ist in Ordnung, kein Kletter- oder Velohelm w\u00e4hrend der Ausbildung)<\/li>\n<li>Funkger\u00e4t<\/li>\n<\/ol>\n<p>Fluginstrument und Liegegurtzeug sind Dinge welche du zu einem sp\u00e4teren Zeitpunkt erwerben kannst.<\/p>\n<\/div><\/div><\/div><\/section>\n<section class='av_toggle_section av-ml1h61kb-1-1-93145096e810c90faf753f26aec333a8'  itemscope=\"itemscope\" itemtype=\"https:\/\/schema.org\/CreativeWork\" ><div role=\"tablist\" class=\"single_toggle\" data-tags=\"{Alle} \"  ><p id='toggle-toggle-id-7' data-fake-id='#toggle-id-7' class='toggler  av-title-above '  itemprop=\"headline\"  role='tab' tabindex='0' aria-controls='toggle-id-7' data-slide-speed=\"200\" data-title=\"Was ist der Unterschied zwischen einem Gleitschirm und einem Parakite?\" data-title-open=\"\" data-aria_collapsed=\"Click to expand: Was ist der Unterschied zwischen einem Gleitschirm und einem Parakite?\" data-aria_expanded=\"Click to collapse: Was ist der Unterschied zwischen einem Gleitschirm und einem Parakite?\">Was ist der Unterschied zwischen einem Gleitschirm und einem Parakite?<span class=\"toggle_icon\"><span class=\"vert_icon\"><\/span><span class=\"hor_icon\"><\/span><\/span><\/p><div id='toggle-id-7' aria-labelledby='toggle-toggle-id-7' role='region' class='toggle_wrap  av-title-above'  ><div class='toggle_content invers-color '  itemprop=\"text\" ><p>Der Hauptunterschied dieser beiden Schirmtypen ist das Profil. Beim Gleitschirm ist das Profil asymmetrisch, das heisst es ist f\u00fcr den Langsamflug kontruiert. Das Profil ist unten flach, oben gew\u00f6lbt.<\/p>\n<p>Beim Parakite handelt es sich um ein Profil mit S-Schlag. Die Austrittskante ist nach oben geschwungen. Das heisst, der Fl\u00fcgel wird hinten durch die Anstr\u00f6mung nach unten gedr\u00fcckt und damit an der Front nach oben. Dadurch ist der Fl\u00fcgel extrem klappresistent, nicht zuletzt wegen vielen St\u00e4bchen in der Kappe. Das Verhalten l\u00e4sst sich vergleichen mit einem Kite. Der Schirm stabilisiert sich \u00fcber dem Kopf ohne Impulse vom Piloten. Ein Vorschiessen f\u00fchrt nicht zu einem Klapper, der Schirm geht wieder zur\u00fcck \u00fcber den Kopf. Ein Kite stabilisiert sich auch \u00fcber dem Piloten ohne Impulse. Kommt bei einem Vorschiessen trotzdem ein Impuls vom Piloten, f\u00fchrt dies zum Klappen des Schirm. Sofern der Schirm noch nicht \u00fcberschossen hat, kann der Schirm gebremst werden.<\/p>\n<p>Im Flug ist das Verhalten anders: Sind die Arme gestreckt, befindet man sich im beschleunigten Flug. Angebremst hat man das beste Gleiten und stark angebremst fliegt man &#8222;hoch&#8220;. Dadurch l\u00e4sst sich der Schirm sehr pr\u00e4zise steuern und je nach Gr\u00f6sse auch mit einer hohen Geschwindigkeit. Es l\u00e4sst sich damit eine Art Sinuskurve fliegen durch ziehen und l\u00f6sen beider Bremsen.<\/p>\n<\/div><\/div><\/div><\/section>\n<\/div>\n<section  class='av_textblock_section av-mn5vonsq-2bee3891c80cdd968b9ea13d92658c83 '   itemscope=\"itemscope\" itemtype=\"https:\/\/schema.org\/CreativeWork\" ><div class='avia_textblock'  itemprop=\"text\" ><p>Ist deine Frage nicht dabei? Schreib uns kurz eine <a href=\"https:\/\/swissgliders.ch\/de\/kontakt\/\" target=\"_blank\" rel=\"noopener\">Nachricht<\/a>, damit wir deine Frage beantworten k\u00f6nnen.<\/p>\n<\/div><\/section>\n","protected":false},"excerpt":{"rendered":"","protected":false},"author":1,"featured_media":0,"parent":0,"menu_order":0,"comment_status":"closed","ping_status":"closed","template":"","meta":{"footnotes":""},"class_list":["post-22197","page","type-page","status-publish","hentry"],"yoast_head":"<!-- This site is optimized with the Yoast SEO Premium plugin v26.1 (Yoast SEO v27.3) - https:\/\/yoast.com\/product\/yoast-seo-premium-wordpress\/ -->\n<title>FAQ \u2013 H\u00e4ufige Fragen zur Gleitschirm Ausbildung | Gleitschirmschule Thun, Bern, Interlaken<\/title>\n<meta name=\"description\" content=\"Hier findest du Antworten auf deine Fragen rund um die Gleitschirm Ausbildung\" \/>\n<meta name=\"robots\" content=\"index, follow, max-snippet:-1, max-image-preview:large, max-video-preview:-1\" \/>\n<link rel=\"canonical\" href=\"https:\/\/swissgliders.ch\/de\/faq\/\" \/>\n<meta property=\"og:locale\" content=\"de_DE\" \/>\n<meta property=\"og:type\" content=\"article\" \/>\n<meta property=\"og:title\" content=\"FAQ \u2013 H\u00e4ufige Fragen zur Gleitschirm Ausbildung\" \/>\n<meta property=\"og:description\" content=\"Hier findest du Antworten auf deine Fragen rund um die Gleitschirm Ausbildung\" \/>\n<meta property=\"og:url\" content=\"https:\/\/swissgliders.ch\/de\/faq\/\" \/>\n<meta property=\"og:site_name\" content=\"Gleitschirmschule Thun, Bern, Interlaken\" \/>\n<meta property=\"article:publisher\" content=\"https:\/\/www.facebook.com\/swissgliders\" \/>\n<meta property=\"article:modified_time\" content=\"2026-03-25T10:06:01+00:00\" \/>\n<meta name=\"twitter:card\" content=\"summary_large_image\" \/>\n<meta name=\"twitter:site\" content=\"@Swissgliders\" \/>\n<meta name=\"twitter:label1\" content=\"Gesch\u00e4tzte Lesezeit\" \/>\n\t<meta name=\"twitter:data1\" content=\"3\u00a0Minuten\" \/>\n<script type=\"application\/ld+json\" class=\"yoast-schema-graph\">{\"@context\":\"https:\\\/\\\/schema.org\",\"@graph\":[{\"@type\":\"WebPage\",\"@id\":\"https:\\\/\\\/swissgliders.ch\\\/de\\\/faq\\\/\",\"url\":\"https:\\\/\\\/swissgliders.ch\\\/de\\\/faq\\\/\",\"name\":\"FAQ \u2013 H\u00e4ufige Fragen zur Gleitschirm Ausbildung | Gleitschirmschule Thun, Bern, Interlaken\",\"isPartOf\":{\"@id\":\"https:\\\/\\\/swissgliders.ch\\\/de\\\/#website\"},\"datePublished\":\"2026-01-30T22:37:53+00:00\",\"dateModified\":\"2026-03-25T10:06:01+00:00\",\"description\":\"Hier findest du Antworten auf deine Fragen rund um die Gleitschirm Ausbildung\",\"breadcrumb\":{\"@id\":\"https:\\\/\\\/swissgliders.ch\\\/de\\\/faq\\\/#breadcrumb\"},\"inLanguage\":\"de\",\"potentialAction\":[{\"@type\":\"ReadAction\",\"target\":[\"https:\\\/\\\/swissgliders.ch\\\/de\\\/faq\\\/\"]}]},{\"@type\":\"BreadcrumbList\",\"@id\":\"https:\\\/\\\/swissgliders.ch\\\/de\\\/faq\\\/#breadcrumb\",\"itemListElement\":[{\"@type\":\"ListItem\",\"position\":1,\"name\":\"Startseite\",\"item\":\"https:\\\/\\\/swissgliders.ch\\\/de\\\/willkommen\\\/\"},{\"@type\":\"ListItem\",\"position\":2,\"name\":\"FAQ \u2013 H\u00e4ufige Fragen zur Gleitschirm Ausbildung\"}]},{\"@type\":\"WebSite\",\"@id\":\"https:\\\/\\\/swissgliders.ch\\\/de\\\/#website\",\"url\":\"https:\\\/\\\/swissgliders.ch\\\/de\\\/\",\"name\":\"Gleitschirmschule Thun, Bern, Interlaken\",\"description\":\"Gleitschirmschule Thun, Bern, Interlaken\",\"publisher\":{\"@id\":\"https:\\\/\\\/swissgliders.ch\\\/de\\\/#organization\"},\"potentialAction\":[{\"@type\":\"SearchAction\",\"target\":{\"@type\":\"EntryPoint\",\"urlTemplate\":\"https:\\\/\\\/swissgliders.ch\\\/de\\\/?s={search_term_string}\"},\"query-input\":{\"@type\":\"PropertyValueSpecification\",\"valueRequired\":true,\"valueName\":\"search_term_string\"}}],\"inLanguage\":\"de\"},{\"@type\":\"Organization\",\"@id\":\"https:\\\/\\\/swissgliders.ch\\\/de\\\/#organization\",\"name\":\"Swissgliders Gleitschirmflugschule Thun\",\"url\":\"https:\\\/\\\/swissgliders.ch\\\/de\\\/\",\"logo\":{\"@type\":\"ImageObject\",\"inLanguage\":\"de\",\"@id\":\"https:\\\/\\\/swissgliders.ch\\\/de\\\/#\\\/schema\\\/logo\\\/image\\\/\",\"url\":\"https:\\\/\\\/swissgliders.ch\\\/wp-content\\\/uploads\\\/2019\\\/12\\\/swissgliders-logo-rgb-square-L-no-ch-01.png\",\"contentUrl\":\"https:\\\/\\\/swissgliders.ch\\\/wp-content\\\/uploads\\\/2019\\\/12\\\/swissgliders-logo-rgb-square-L-no-ch-01.png\",\"width\":2500,\"height\":2500,\"caption\":\"Swissgliders Gleitschirmflugschule Thun\"},\"image\":{\"@id\":\"https:\\\/\\\/swissgliders.ch\\\/de\\\/#\\\/schema\\\/logo\\\/image\\\/\"},\"sameAs\":[\"https:\\\/\\\/www.facebook.com\\\/swissgliders\",\"https:\\\/\\\/x.com\\\/Swissgliders\",\"https:\\\/\\\/www.instagram.com\\\/swissgliders\\\/\",\"https:\\\/\\\/www.youtube.com\\\/channel\\\/UCMCtGdepy9vBhrhX3V_oJOA\"],\"hasMerchantReturnPolicy\":{\"@type\":\"MerchantReturnPolicy\",\"merchantReturnLink\":\"https:\\\/\\\/swissgliders.ch\\\/de\\\/allgemeine-geschaftsbedingungen\\\/\"}}]}<\/script>\n<!-- \/ Yoast SEO Premium plugin. -->","yoast_head_json":{"title":"FAQ \u2013 H\u00e4ufige Fragen zur Gleitschirm Ausbildung | Gleitschirmschule Thun, Bern, Interlaken","description":"Hier findest du Antworten auf deine Fragen rund um die Gleitschirm Ausbildung","robots":{"index":"index","follow":"follow","max-snippet":"max-snippet:-1","max-image-preview":"max-image-preview:large","max-video-preview":"max-video-preview:-1"},"canonical":"https:\/\/swissgliders.ch\/de\/faq\/","og_locale":"de_DE","og_type":"article","og_title":"FAQ \u2013 H\u00e4ufige Fragen zur Gleitschirm Ausbildung","og_description":"Hier findest du Antworten auf deine Fragen rund um die Gleitschirm Ausbildung","og_url":"https:\/\/swissgliders.ch\/de\/faq\/","og_site_name":"Gleitschirmschule Thun, Bern, Interlaken","article_publisher":"https:\/\/www.facebook.com\/swissgliders","article_modified_time":"2026-03-25T10:06:01+00:00","twitter_card":"summary_large_image","twitter_site":"@Swissgliders","twitter_misc":{"Gesch\u00e4tzte Lesezeit":"3\u00a0Minuten"},"schema":{"@context":"https:\/\/schema.org","@graph":[{"@type":"WebPage","@id":"https:\/\/swissgliders.ch\/de\/faq\/","url":"https:\/\/swissgliders.ch\/de\/faq\/","name":"FAQ \u2013 H\u00e4ufige Fragen zur Gleitschirm Ausbildung | Gleitschirmschule Thun, Bern, Interlaken","isPartOf":{"@id":"https:\/\/swissgliders.ch\/de\/#website"},"datePublished":"2026-01-30T22:37:53+00:00","dateModified":"2026-03-25T10:06:01+00:00","description":"Hier findest du Antworten auf deine Fragen rund um die Gleitschirm Ausbildung","breadcrumb":{"@id":"https:\/\/swissgliders.ch\/de\/faq\/#breadcrumb"},"inLanguage":"de","potentialAction":[{"@type":"ReadAction","target":["https:\/\/swissgliders.ch\/de\/faq\/"]}]},{"@type":"BreadcrumbList","@id":"https:\/\/swissgliders.ch\/de\/faq\/#breadcrumb","itemListElement":[{"@type":"ListItem","position":1,"name":"Startseite","item":"https:\/\/swissgliders.ch\/de\/willkommen\/"},{"@type":"ListItem","position":2,"name":"FAQ \u2013 H\u00e4ufige Fragen zur Gleitschirm Ausbildung"}]},{"@type":"WebSite","@id":"https:\/\/swissgliders.ch\/de\/#website","url":"https:\/\/swissgliders.ch\/de\/","name":"Gleitschirmschule Thun, Bern, Interlaken","description":"Gleitschirmschule Thun, Bern, Interlaken","publisher":{"@id":"https:\/\/swissgliders.ch\/de\/#organization"},"potentialAction":[{"@type":"SearchAction","target":{"@type":"EntryPoint","urlTemplate":"https:\/\/swissgliders.ch\/de\/?s={search_term_string}"},"query-input":{"@type":"PropertyValueSpecification","valueRequired":true,"valueName":"search_term_string"}}],"inLanguage":"de"},{"@type":"Organization","@id":"https:\/\/swissgliders.ch\/de\/#organization","name":"Swissgliders Gleitschirmflugschule Thun","url":"https:\/\/swissgliders.ch\/de\/","logo":{"@type":"ImageObject","inLanguage":"de","@id":"https:\/\/swissgliders.ch\/de\/#\/schema\/logo\/image\/","url":"https:\/\/swissgliders.ch\/wp-content\/uploads\/2019\/12\/swissgliders-logo-rgb-square-L-no-ch-01.png","contentUrl":"https:\/\/swissgliders.ch\/wp-content\/uploads\/2019\/12\/swissgliders-logo-rgb-square-L-no-ch-01.png","width":2500,"height":2500,"caption":"Swissgliders Gleitschirmflugschule Thun"},"image":{"@id":"https:\/\/swissgliders.ch\/de\/#\/schema\/logo\/image\/"},"sameAs":["https:\/\/www.facebook.com\/swissgliders","https:\/\/x.com\/Swissgliders","https:\/\/www.instagram.com\/swissgliders\/","https:\/\/www.youtube.com\/channel\/UCMCtGdepy9vBhrhX3V_oJOA"],"hasMerchantReturnPolicy":{"@type":"MerchantReturnPolicy","merchantReturnLink":"https:\/\/swissgliders.ch\/de\/allgemeine-geschaftsbedingungen\/"}}]}},"_links":{"self":[{"href":"https:\/\/swissgliders.ch\/de\/wp-json\/wp\/v2\/pages\/22197","targetHints":{"allow":["GET"]}}],"collection":[{"href":"https:\/\/swissgliders.ch\/de\/wp-json\/wp\/v2\/pages"}],"about":[{"href":"https:\/\/swissgliders.ch\/de\/wp-json\/wp\/v2\/types\/page"}],"author":[{"embeddable":true,"href":"https:\/\/swissgliders.ch\/de\/wp-json\/wp\/v2\/users\/1"}],"replies":[{"embeddable":true,"href":"https:\/\/swissgliders.ch\/de\/wp-json\/wp\/v2\/comments?post=22197"}],"version-history":[{"count":10,"href":"https:\/\/swissgliders.ch\/de\/wp-json\/wp\/v2\/pages\/22197\/revisions"}],"predecessor-version":[{"id":22811,"href":"https:\/\/swissgliders.ch\/de\/wp-json\/wp\/v2\/pages\/22197\/revisions\/22811"}],"wp:attachment":[{"href":"https:\/\/swissgliders.ch\/de\/wp-json\/wp\/v2\/media?parent=22197"}],"curies":[{"name":"wp","href":"https:\/\/api.w.org\/{rel}","templated":true}]}}