{"id":2427,"date":"2019-04-11T10:40:51","date_gmt":"2019-04-11T08:40:51","guid":{"rendered":"https:\/\/swissgliders.ch\/impressum\/"},"modified":"2025-12-06T11:38:44","modified_gmt":"2025-12-06T10:38:44","slug":"impressum","status":"publish","type":"page","link":"https:\/\/swissgliders.ch\/de\/impressum\/","title":{"rendered":"Impressum"},"content":{"rendered":"\n<style type=\"text\/css\" data-created_by=\"avia_inline_auto\" id=\"style-css-av-79x8-8172e4067c67c3de6992554170dc8de5\">\n.avia-section.av-79x8-8172e4067c67c3de6992554170dc8de5{\nbackground-repeat:no-repeat;\nbackground-image:url(https:\/\/swissgliders.ch\/wp-content\/uploads\/2016\/04\/IMG_2061-1500x630.jpg);\nbackground-position:50% 50%;\nbackground-attachment:scroll;\n}\n.avia-section.av-79x8-8172e4067c67c3de6992554170dc8de5 .av-section-color-overlay{\nopacity:0.4;\nbackground-color:#000000;\n}\n<\/style>\n<div id='av_section_1'  class='avia-section av-79x8-8172e4067c67c3de6992554170dc8de5 main_color avia-section-large avia-no-border-styling  avia-builder-el-0  el_before_av_textblock  avia-builder-el-first  avia-full-stretch avia-bg-style-scroll av-section-color-overlay-active container_wrap sidebar_right'  data-section-bg-repeat='stretch'><div class=\"av-section-color-overlay-wrap\"><div class=\"av-section-color-overlay\"><\/div><div class='container av-section-cont-open' ><main  role=\"main\" itemprop=\"mainContentOfPage\"  class='template-page content  av-content-small alpha units'><div class='post-entry post-entry-type-page post-entry-2427'><div class='entry-content-wrapper clearfix'>\n\n<style type=\"text\/css\" data-created_by=\"avia_inline_auto\" id=\"style-css-av-khuzmnvs-779c8dfe121c285d2683a61769dad3d3\">\n#top .av-special-heading.av-khuzmnvs-779c8dfe121c285d2683a61769dad3d3{\npadding-bottom:10px;\ncolor:#ffffff;\nfont-size:70px;\n}\nbody .av-special-heading.av-khuzmnvs-779c8dfe121c285d2683a61769dad3d3 .av-special-heading-tag .heading-char{\nfont-size:25px;\n}\n#top #wrap_all .av-special-heading.av-khuzmnvs-779c8dfe121c285d2683a61769dad3d3 .av-special-heading-tag{\nfont-size:70px;\n}\n.av-special-heading.av-khuzmnvs-779c8dfe121c285d2683a61769dad3d3 .special-heading-inner-border{\nborder-color:#ffffff;\n}\n.av-special-heading.av-khuzmnvs-779c8dfe121c285d2683a61769dad3d3 .av-subheading{\nfont-size:15px;\n}\n\n@media only screen and (min-width: 480px) and (max-width: 767px){ \n#top #wrap_all .av-special-heading.av-khuzmnvs-779c8dfe121c285d2683a61769dad3d3 .av-special-heading-tag{\nfont-size:0.8em;\n}\n}\n\n@media only screen and (max-width: 479px){ \n#top #wrap_all .av-special-heading.av-khuzmnvs-779c8dfe121c285d2683a61769dad3d3 .av-special-heading-tag{\nfont-size:0.8em;\n}\n}\n<\/style>\n<div  class='av-special-heading av-khuzmnvs-779c8dfe121c285d2683a61769dad3d3 av-special-heading-h1 custom-color-heading blockquote modern-quote modern-centered  avia-builder-el-1  avia-builder-el-no-sibling  av-inherit-size'><h1 class='av-special-heading-tag '  itemprop=\"headline\"  >Impressum<\/h1><div class=\"special-heading-border\"><div class=\"special-heading-inner-border\"><\/div><\/div><\/div>\n<\/div><\/div><\/main><!-- close content main element --><\/div><\/div><\/div><div id='after_section_1'  class='main_color av_default_container_wrap container_wrap sidebar_right'  ><div class='container av-section-cont-open' ><div class='template-page content  av-content-small alpha units'><div class='post-entry post-entry-type-page post-entry-2427'><div class='entry-content-wrapper clearfix'>\n<section  class='av_textblock_section av-2vze-ab7def8f47edfecdaee590eea7480fa2 '   itemscope=\"itemscope\" itemtype=\"https:\/\/schema.org\/CreativeWork\" ><div class='avia_textblock'  itemprop=\"text\" ><p><strong>Anschrift<\/strong><\/p>\n<p>Swissgliders Jonas Thommen<br \/>\nJonas Thommen<br \/>\nGwattstrasse 125<br \/>\n3645 Gwatt (Thun)<\/p>\n<p>E-Mail: info@swissgliders.ch<br \/>\nWebseite: https:\/\/swissgliders.ch\/<\/p>\n<p>Zeichnungsberechtigte Person: Jonas Thommen<\/p>\n<p>UID: CHE-486.142.966<\/p>\n<p><strong>Verwendete Bilder<\/strong><br \/>\nM\u00fcrren: Mit dem Ximonic (Simo R\u00e4s\u00e4nen) (Eigenleistungen) [<a href=\"http:\/\/creativecommons.org\/licenses\/by-sa\/4.0\" target=\"_blank\" rel=\"noopener noreferrer\">CC BY-SA 4.0<\/a>], Via Wikimedia Commons,<br \/>\nOeschinensee: <a href=\"http:\/\/creativecommons.org\/licenses\/by-sa\/3.0\/deed.de\" target=\"_blank\" rel=\"noopener noreferrer\">Creative Commons License<\/a><br \/>\nOberhofen Schloss: Photo by Jairph\u00a0on\u00a0Unsplash<\/p>\n<p><strong>Bilder im Shop<\/strong><br \/>\nMehrheitlich alle Bilder und Texte welche im Shop f\u00fcr Produkte verwendet werden, stammen von den jeweiligen Herstellern. Es wird jeweils f\u00fcr weitere Informationen zum Produkt auf die Webseite des Herstellers verlinkt.<\/p>\n<p><strong>Inhalt<\/strong><br \/>\nSwissgliders<br \/>\nJonas Thommen<\/p>\n<p><strong>Realisierung<\/strong><br \/>\nthommedia<br \/>\nJonas Thommen<\/p>\n<\/div><\/section>\n","protected":false},"excerpt":{"rendered":"","protected":false},"author":1,"featured_media":0,"parent":0,"menu_order":0,"comment_status":"closed","ping_status":"open","template":"","meta":{"footnotes":""},"class_list":["post-2427","page","type-page","status-publish","hentry"],"yoast_head":"<!-- This site is optimized with the Yoast SEO Premium plugin v26.1 (Yoast SEO v27.3) - https:\/\/yoast.com\/product\/yoast-seo-premium-wordpress\/ -->\n<title>Impressum | Gleitschirmschule Thun, Bern, Interlaken<\/title>\n<meta name=\"description\" content=\"Swissgliders Gleitschirmflugschule Thun | Ausbildung | Passagierfl\u00fcge | Flugreisen\" \/>\n<meta name=\"robots\" content=\"noindex, follow\" \/>\n<meta property=\"og:locale\" content=\"de_DE\" \/>\n<meta property=\"og:type\" content=\"article\" \/>\n<meta property=\"og:title\" content=\"Impressum\" \/>\n<meta property=\"og:description\" content=\"Swissgliders Gleitschirmflugschule Thun | Ausbildung | Passagierfl\u00fcge | Flugreisen\" \/>\n<meta property=\"og:url\" content=\"https:\/\/swissgliders.ch\/de\/impressum\/\" \/>\n<meta property=\"og:site_name\" content=\"Gleitschirmschule Thun, Bern, Interlaken\" \/>\n<meta property=\"article:publisher\" content=\"https:\/\/www.facebook.com\/swissgliders\" \/>\n<meta property=\"article:modified_time\" content=\"2025-12-06T10:38:44+00:00\" \/>\n<meta name=\"twitter:card\" content=\"summary_large_image\" \/>\n<meta name=\"twitter:site\" content=\"@Swissgliders\" \/>\n<meta name=\"twitter:label1\" content=\"Gesch\u00e4tzte Lesezeit\" \/>\n\t<meta name=\"twitter:data1\" content=\"1\u00a0Minute\" \/>\n<script type=\"application\/ld+json\" class=\"yoast-schema-graph\">{\"@context\":\"https:\\\/\\\/schema.org\",\"@graph\":[{\"@type\":\"WebPage\",\"@id\":\"https:\\\/\\\/swissgliders.ch\\\/de\\\/impressum\\\/\",\"url\":\"https:\\\/\\\/swissgliders.ch\\\/de\\\/impressum\\\/\",\"name\":\"Impressum | Gleitschirmschule Thun, Bern, Interlaken\",\"isPartOf\":{\"@id\":\"https:\\\/\\\/swissgliders.ch\\\/de\\\/#website\"},\"datePublished\":\"2019-04-11T08:40:51+00:00\",\"dateModified\":\"2025-12-06T10:38:44+00:00\",\"description\":\"Swissgliders Gleitschirmflugschule Thun | Ausbildung | Passagierfl\u00fcge | Flugreisen\",\"breadcrumb\":{\"@id\":\"https:\\\/\\\/swissgliders.ch\\\/de\\\/impressum\\\/#breadcrumb\"},\"inLanguage\":\"de\",\"potentialAction\":[{\"@type\":\"ReadAction\",\"target\":[\"https:\\\/\\\/swissgliders.ch\\\/de\\\/impressum\\\/\"]}]},{\"@type\":\"BreadcrumbList\",\"@id\":\"https:\\\/\\\/swissgliders.ch\\\/de\\\/impressum\\\/#breadcrumb\",\"itemListElement\":[{\"@type\":\"ListItem\",\"position\":1,\"name\":\"Startseite\",\"item\":\"https:\\\/\\\/swissgliders.ch\\\/de\\\/willkommen\\\/\"},{\"@type\":\"ListItem\",\"position\":2,\"name\":\"Impressum\"}]},{\"@type\":\"WebSite\",\"@id\":\"https:\\\/\\\/swissgliders.ch\\\/de\\\/#website\",\"url\":\"https:\\\/\\\/swissgliders.ch\\\/de\\\/\",\"name\":\"Gleitschirmschule Thun, Bern, Interlaken\",\"description\":\"Gleitschirmschule Thun, Bern, Interlaken\",\"publisher\":{\"@id\":\"https:\\\/\\\/swissgliders.ch\\\/de\\\/#organization\"},\"potentialAction\":[{\"@type\":\"SearchAction\",\"target\":{\"@type\":\"EntryPoint\",\"urlTemplate\":\"https:\\\/\\\/swissgliders.ch\\\/de\\\/?s={search_term_string}\"},\"query-input\":{\"@type\":\"PropertyValueSpecification\",\"valueRequired\":true,\"valueName\":\"search_term_string\"}}],\"inLanguage\":\"de\"},{\"@type\":\"Organization\",\"@id\":\"https:\\\/\\\/swissgliders.ch\\\/de\\\/#organization\",\"name\":\"Swissgliders Gleitschirmflugschule Thun\",\"url\":\"https:\\\/\\\/swissgliders.ch\\\/de\\\/\",\"logo\":{\"@type\":\"ImageObject\",\"inLanguage\":\"de\",\"@id\":\"https:\\\/\\\/swissgliders.ch\\\/de\\\/#\\\/schema\\\/logo\\\/image\\\/\",\"url\":\"https:\\\/\\\/swissgliders.ch\\\/wp-content\\\/uploads\\\/2019\\\/12\\\/swissgliders-logo-rgb-square-L-no-ch-01.png\",\"contentUrl\":\"https:\\\/\\\/swissgliders.ch\\\/wp-content\\\/uploads\\\/2019\\\/12\\\/swissgliders-logo-rgb-square-L-no-ch-01.png\",\"width\":2500,\"height\":2500,\"caption\":\"Swissgliders Gleitschirmflugschule Thun\"},\"image\":{\"@id\":\"https:\\\/\\\/swissgliders.ch\\\/de\\\/#\\\/schema\\\/logo\\\/image\\\/\"},\"sameAs\":[\"https:\\\/\\\/www.facebook.com\\\/swissgliders\",\"https:\\\/\\\/x.com\\\/Swissgliders\",\"https:\\\/\\\/www.instagram.com\\\/swissgliders\\\/\",\"https:\\\/\\\/www.youtube.com\\\/channel\\\/UCMCtGdepy9vBhrhX3V_oJOA\"],\"hasMerchantReturnPolicy\":{\"@type\":\"MerchantReturnPolicy\",\"merchantReturnLink\":\"https:\\\/\\\/swissgliders.ch\\\/de\\\/allgemeine-geschaftsbedingungen\\\/\"}}]}<\/script>\n<!-- \/ Yoast SEO Premium plugin. -->","yoast_head_json":{"title":"Impressum | Gleitschirmschule Thun, Bern, Interlaken","description":"Swissgliders Gleitschirmflugschule Thun | Ausbildung | Passagierfl\u00fcge | Flugreisen","robots":{"index":"noindex","follow":"follow"},"og_locale":"de_DE","og_type":"article","og_title":"Impressum","og_description":"Swissgliders Gleitschirmflugschule Thun | Ausbildung | Passagierfl\u00fcge | Flugreisen","og_url":"https:\/\/swissgliders.ch\/de\/impressum\/","og_site_name":"Gleitschirmschule Thun, Bern, Interlaken","article_publisher":"https:\/\/www.facebook.com\/swissgliders","article_modified_time":"2025-12-06T10:38:44+00:00","twitter_card":"summary_large_image","twitter_site":"@Swissgliders","twitter_misc":{"Gesch\u00e4tzte Lesezeit":"1\u00a0Minute"},"schema":{"@context":"https:\/\/schema.org","@graph":[{"@type":"WebPage","@id":"https:\/\/swissgliders.ch\/de\/impressum\/","url":"https:\/\/swissgliders.ch\/de\/impressum\/","name":"Impressum | Gleitschirmschule Thun, Bern, Interlaken","isPartOf":{"@id":"https:\/\/swissgliders.ch\/de\/#website"},"datePublished":"2019-04-11T08:40:51+00:00","dateModified":"2025-12-06T10:38:44+00:00","description":"Swissgliders Gleitschirmflugschule Thun | Ausbildung | Passagierfl\u00fcge | Flugreisen","breadcrumb":{"@id":"https:\/\/swissgliders.ch\/de\/impressum\/#breadcrumb"},"inLanguage":"de","potentialAction":[{"@type":"ReadAction","target":["https:\/\/swissgliders.ch\/de\/impressum\/"]}]},{"@type":"BreadcrumbList","@id":"https:\/\/swissgliders.ch\/de\/impressum\/#breadcrumb","itemListElement":[{"@type":"ListItem","position":1,"name":"Startseite","item":"https:\/\/swissgliders.ch\/de\/willkommen\/"},{"@type":"ListItem","position":2,"name":"Impressum"}]},{"@type":"WebSite","@id":"https:\/\/swissgliders.ch\/de\/#website","url":"https:\/\/swissgliders.ch\/de\/","name":"Gleitschirmschule Thun, Bern, Interlaken","description":"Gleitschirmschule Thun, Bern, Interlaken","publisher":{"@id":"https:\/\/swissgliders.ch\/de\/#organization"},"potentialAction":[{"@type":"SearchAction","target":{"@type":"EntryPoint","urlTemplate":"https:\/\/swissgliders.ch\/de\/?s={search_term_string}"},"query-input":{"@type":"PropertyValueSpecification","valueRequired":true,"valueName":"search_term_string"}}],"inLanguage":"de"},{"@type":"Organization","@id":"https:\/\/swissgliders.ch\/de\/#organization","name":"Swissgliders Gleitschirmflugschule Thun","url":"https:\/\/swissgliders.ch\/de\/","logo":{"@type":"ImageObject","inLanguage":"de","@id":"https:\/\/swissgliders.ch\/de\/#\/schema\/logo\/image\/","url":"https:\/\/swissgliders.ch\/wp-content\/uploads\/2019\/12\/swissgliders-logo-rgb-square-L-no-ch-01.png","contentUrl":"https:\/\/swissgliders.ch\/wp-content\/uploads\/2019\/12\/swissgliders-logo-rgb-square-L-no-ch-01.png","width":2500,"height":2500,"caption":"Swissgliders Gleitschirmflugschule Thun"},"image":{"@id":"https:\/\/swissgliders.ch\/de\/#\/schema\/logo\/image\/"},"sameAs":["https:\/\/www.facebook.com\/swissgliders","https:\/\/x.com\/Swissgliders","https:\/\/www.instagram.com\/swissgliders\/","https:\/\/www.youtube.com\/channel\/UCMCtGdepy9vBhrhX3V_oJOA"],"hasMerchantReturnPolicy":{"@type":"MerchantReturnPolicy","merchantReturnLink":"https:\/\/swissgliders.ch\/de\/allgemeine-geschaftsbedingungen\/"}}]}},"_links":{"self":[{"href":"https:\/\/swissgliders.ch\/de\/wp-json\/wp\/v2\/pages\/2427","targetHints":{"allow":["GET"]}}],"collection":[{"href":"https:\/\/swissgliders.ch\/de\/wp-json\/wp\/v2\/pages"}],"about":[{"href":"https:\/\/swissgliders.ch\/de\/wp-json\/wp\/v2\/types\/page"}],"author":[{"embeddable":true,"href":"https:\/\/swissgliders.ch\/de\/wp-json\/wp\/v2\/users\/1"}],"replies":[{"embeddable":true,"href":"https:\/\/swissgliders.ch\/de\/wp-json\/wp\/v2\/comments?post=2427"}],"version-history":[{"count":9,"href":"https:\/\/swissgliders.ch\/de\/wp-json\/wp\/v2\/pages\/2427\/revisions"}],"predecessor-version":[{"id":21822,"href":"https:\/\/swissgliders.ch\/de\/wp-json\/wp\/v2\/pages\/2427\/revisions\/21822"}],"wp:attachment":[{"href":"https:\/\/swissgliders.ch\/de\/wp-json\/wp\/v2\/media?parent=2427"}],"curies":[{"name":"wp","href":"https:\/\/api.w.org\/{rel}","templated":true}]}}