{"id":10039,"date":"2023-02-25T09:27:40","date_gmt":"2023-02-25T08:27:40","guid":{"rendered":"https:\/\/swissgliders.ch\/?post_type=product&#038;p=10039"},"modified":"2024-01-03T18:09:01","modified_gmt":"2024-01-03T17:09:01","slug":"karte-fluggebiete-alpen","status":"publish","type":"product","link":"https:\/\/swissgliders.ch\/de\/produkt\/karte-fluggebiete-alpen\/","title":{"rendered":"Karte Fluggebiete Alpen"},"content":{"rendered":"<p><strong>Fluggebietskarte Alpen f\u00fcr Gleitschirm und Drachen<\/strong><\/p>\n<p>Idealer Begleiter\u00a0f\u00fcr Urlaubs- und Flugplanung<\/p>\n<p>Von M\u00fcnchen bis Bassano \u2013 von Wien bis nach Monaco. Die Alpen bieten einzigartige Flugm\u00f6glichkeiten mit ausgezeichneter Thermik.<\/p>\n<p>Die 4-sprachige (DE, EN, F, I) Fluggebietskarte Alpen f\u00fcr Gleitschirme und Drachen wurde speziell f\u00fcr Piloten aufgelegt. Sie enth\u00e4lt Informationen zu \u00fcber 1.000 Gleitschirm- und Drachenfluggel\u00e4nden in Deutschland, \u00d6sterreich, Schweiz, Liechtenstein, Italien, Frankreich und Slowenien.<\/p>\n<p>Auf einem Ost- und einem Westkartenteil sind im Ma\u00dfstab 1:500.000 (S\u00fcdalpen 1:1.000.000) alle Fluggel\u00e4nde \u00fcbersichtlich dargestellt.<\/p>\n<p>Ein eingeklebtes Booklet enth\u00e4lt auf 96 Seiten Daten zu \u00fcber 2.500 Start- und Landepl\u00e4tzen.<\/p>\n<p>Lieferzeit 1-2 Tage<\/p>\n","protected":false},"excerpt":{"rendered":"<h2>BESCHREIBUNG<\/h2>\n<p>Unser Pocket Guide ist ein idealer Begleiter f\u00fcr die Urlaubs- und Flugplanung und er ist sehr hilfreich bei der Flugvorbereitung, Gel\u00e4ndewahl, Startvorbereitung, ect. und das nicht nur f\u00fcr Fluganf\u00e4nger!<\/p>\n<p>Auf 288 Seiten enth\u00e4lt das Buch neben der Beschreibung von 25 einfachen Fluggel\u00e4nden zahlreiche Informationen und Tipps zu den wichtigsten Themen wie Flugvorbereitung, Gel\u00e4ndewahl, Startvorbereitung, Start, Flugweg, Landung, sowie erg\u00e4nzende Informationen zum Wind und zum Wetter.<\/p>\n<p>Jeder Pilot wird in diesem Buch interessante Punkte, Tipps und Informationen rund ums Gleitschirmfliegen finden, die ein Flugerlebnis noch sicherer und stressfreier gestalten.<\/p>\n<p>Ein Nachschlagewerk f\u00fcr die Tasche, das bei keinem Flug fehlen darf!<\/p>\n<p>&nbsp;<\/p>\n<p>Mehr <a href=\"https:\/\/www.cloudbase-media.de\/pocket-guide\" target=\"_blank\" rel=\"noopener noreferrer\">Info<\/a><\/p>\n<p>Lieferzeit 2-3 Tage<\/p>\n","protected":false},"featured_media":10040,"comment_status":"closed","ping_status":"closed","template":"","meta":[],"product_brand":[],"product_cat":[2092],"product_tag":[2208,90],"class_list":{"0":"post-10039","1":"product","2":"type-product","3":"status-publish","4":"has-post-thumbnail","6":"product_cat-gleitschirm-buecher","7":"product_tag-buecher","8":"product_tag-verkaufsartikel","10":"first","11":"instock","12":"shipping-taxable","13":"purchasable","14":"product-type-simple"},"yoast_head":"<!-- This site is optimized with the Yoast SEO Premium plugin v26.1 (Yoast SEO v27.3) - https:\/\/yoast.com\/product\/yoast-seo-premium-wordpress\/ -->\n<title>Karte Fluggebiete Alpen | Gleitschirmschule Thun, Bern, Interlaken<\/title>\n<meta name=\"description\" content=\"Fluggebietskarte Alpen f\u00fcr Gleitschirm und Drachen\" \/>\n<meta name=\"robots\" content=\"index, follow, max-snippet:-1, max-image-preview:large, max-video-preview:-1\" \/>\n<link rel=\"canonical\" href=\"https:\/\/swissgliders.ch\/de\/produkt\/karte-fluggebiete-alpen\/\" \/>\n<meta property=\"og:locale\" content=\"de_DE\" \/>\n<meta property=\"og:type\" content=\"article\" \/>\n<meta property=\"og:title\" content=\"Karte Fluggebiete Alpen\" \/>\n<meta property=\"og:description\" content=\"Fluggebietskarte Alpen f\u00fcr Gleitschirm und Drachen\" \/>\n<meta property=\"og:url\" content=\"https:\/\/swissgliders.ch\/de\/produkt\/karte-fluggebiete-alpen\/\" \/>\n<meta property=\"og:site_name\" content=\"Gleitschirmschule Thun, Bern, Interlaken\" \/>\n<meta property=\"article:publisher\" content=\"https:\/\/www.facebook.com\/swissgliders\" \/>\n<meta property=\"article:modified_time\" content=\"2024-01-03T17:09:01+00:00\" \/>\n<meta property=\"og:image\" content=\"https:\/\/swissgliders.ch\/wp-content\/uploads\/2023\/02\/131021_Karte-coveraussen-27_final-502x1024-1.jpg\" \/>\n\t<meta property=\"og:image:width\" content=\"502\" \/>\n\t<meta property=\"og:image:height\" content=\"1024\" \/>\n\t<meta property=\"og:image:type\" content=\"image\/jpeg\" \/>\n<meta name=\"twitter:card\" content=\"summary_large_image\" \/>\n<meta name=\"twitter:site\" content=\"@Swissgliders\" \/>\n<meta name=\"twitter:label1\" content=\"Preis\" \/>\n\t<meta name=\"twitter:data1\" content=\"&#067;&#072;&#070;&nbsp;17.80\" \/>\n\t<meta name=\"twitter:label2\" content=\"Verf\u00fcgbarkeit\" \/>\n\t<meta name=\"twitter:data2\" content=\"Auf Lager\" \/>\n<script type=\"application\/ld+json\" class=\"yoast-schema-graph\">{\"@context\":\"https:\\\/\\\/schema.org\",\"@graph\":[{\"@type\":\"WebPage\",\"@id\":\"https:\\\/\\\/swissgliders.ch\\\/de\\\/produkt\\\/karte-fluggebiete-alpen\\\/\",\"url\":\"https:\\\/\\\/swissgliders.ch\\\/de\\\/produkt\\\/karte-fluggebiete-alpen\\\/\",\"name\":\"Karte Fluggebiete Alpen | Gleitschirmschule Thun, Bern, Interlaken\",\"isPartOf\":{\"@id\":\"https:\\\/\\\/swissgliders.ch\\\/de\\\/#website\"},\"primaryImageOfPage\":{\"@id\":\"https:\\\/\\\/swissgliders.ch\\\/de\\\/produkt\\\/karte-fluggebiete-alpen\\\/#primaryimage\"},\"image\":{\"@id\":\"https:\\\/\\\/swissgliders.ch\\\/de\\\/produkt\\\/karte-fluggebiete-alpen\\\/#primaryimage\"},\"thumbnailUrl\":\"https:\\\/\\\/swissgliders.ch\\\/wp-content\\\/uploads\\\/2023\\\/02\\\/131021_Karte-coveraussen-27_final-502x1024-1.jpg\",\"datePublished\":\"2023-02-25T08:27:40+00:00\",\"dateModified\":\"2024-01-03T17:09:01+00:00\",\"description\":\"Fluggebietskarte Alpen f\u00fcr Gleitschirm und Drachen\",\"breadcrumb\":{\"@id\":\"https:\\\/\\\/swissgliders.ch\\\/de\\\/produkt\\\/karte-fluggebiete-alpen\\\/#breadcrumb\"},\"inLanguage\":\"de\",\"potentialAction\":[{\"@type\":\"ReadAction\",\"target\":[\"https:\\\/\\\/swissgliders.ch\\\/de\\\/produkt\\\/karte-fluggebiete-alpen\\\/\"]}]},{\"@type\":\"ImageObject\",\"inLanguage\":\"de\",\"@id\":\"https:\\\/\\\/swissgliders.ch\\\/de\\\/produkt\\\/karte-fluggebiete-alpen\\\/#primaryimage\",\"url\":\"https:\\\/\\\/swissgliders.ch\\\/wp-content\\\/uploads\\\/2023\\\/02\\\/131021_Karte-coveraussen-27_final-502x1024-1.jpg\",\"contentUrl\":\"https:\\\/\\\/swissgliders.ch\\\/wp-content\\\/uploads\\\/2023\\\/02\\\/131021_Karte-coveraussen-27_final-502x1024-1.jpg\",\"width\":502,\"height\":1024,\"caption\":\"Karte Fluggebiete der Alpen\"},{\"@type\":\"BreadcrumbList\",\"@id\":\"https:\\\/\\\/swissgliders.ch\\\/de\\\/produkt\\\/karte-fluggebiete-alpen\\\/#breadcrumb\",\"itemListElement\":[{\"@type\":\"ListItem\",\"position\":1,\"name\":\"Startseite\",\"item\":\"https:\\\/\\\/swissgliders.ch\\\/de\\\/willkommen\\\/\"},{\"@type\":\"ListItem\",\"position\":2,\"name\":\"Gleitschirm Shop\",\"item\":\"https:\\\/\\\/swissgliders.ch\\\/de\\\/gleitschirm-shop\\\/\"},{\"@type\":\"ListItem\",\"position\":3,\"name\":\"Karte Fluggebiete Alpen\"}]},{\"@type\":\"WebSite\",\"@id\":\"https:\\\/\\\/swissgliders.ch\\\/de\\\/#website\",\"url\":\"https:\\\/\\\/swissgliders.ch\\\/de\\\/\",\"name\":\"Gleitschirmschule Thun, Bern, Interlaken\",\"description\":\"Gleitschirmschule Thun, Bern, Interlaken\",\"publisher\":{\"@id\":\"https:\\\/\\\/swissgliders.ch\\\/de\\\/#organization\"},\"potentialAction\":[{\"@type\":\"SearchAction\",\"target\":{\"@type\":\"EntryPoint\",\"urlTemplate\":\"https:\\\/\\\/swissgliders.ch\\\/de\\\/?s={search_term_string}\"},\"query-input\":{\"@type\":\"PropertyValueSpecification\",\"valueRequired\":true,\"valueName\":\"search_term_string\"}}],\"inLanguage\":\"de\"},{\"@type\":\"Organization\",\"@id\":\"https:\\\/\\\/swissgliders.ch\\\/de\\\/#organization\",\"name\":\"Swissgliders Gleitschirmflugschule Thun\",\"url\":\"https:\\\/\\\/swissgliders.ch\\\/de\\\/\",\"logo\":{\"@type\":\"ImageObject\",\"inLanguage\":\"de\",\"@id\":\"https:\\\/\\\/swissgliders.ch\\\/de\\\/#\\\/schema\\\/logo\\\/image\\\/\",\"url\":\"https:\\\/\\\/swissgliders.ch\\\/wp-content\\\/uploads\\\/2019\\\/12\\\/swissgliders-logo-rgb-square-L-no-ch-01.png\",\"contentUrl\":\"https:\\\/\\\/swissgliders.ch\\\/wp-content\\\/uploads\\\/2019\\\/12\\\/swissgliders-logo-rgb-square-L-no-ch-01.png\",\"width\":2500,\"height\":2500,\"caption\":\"Swissgliders Gleitschirmflugschule Thun\"},\"image\":{\"@id\":\"https:\\\/\\\/swissgliders.ch\\\/de\\\/#\\\/schema\\\/logo\\\/image\\\/\"},\"sameAs\":[\"https:\\\/\\\/www.facebook.com\\\/swissgliders\",\"https:\\\/\\\/x.com\\\/Swissgliders\",\"https:\\\/\\\/www.instagram.com\\\/swissgliders\\\/\",\"https:\\\/\\\/www.youtube.com\\\/channel\\\/UCMCtGdepy9vBhrhX3V_oJOA\"],\"hasMerchantReturnPolicy\":{\"@type\":\"MerchantReturnPolicy\",\"merchantReturnLink\":\"https:\\\/\\\/swissgliders.ch\\\/de\\\/allgemeine-geschaftsbedingungen\\\/\"}}]}<\/script>\n<meta property=\"product:price:amount\" content=\"17.80\" \/>\n<meta property=\"product:price:currency\" content=\"CHF\" \/>\n<meta property=\"og:availability\" content=\"instock\" \/>\n<meta property=\"product:availability\" content=\"instock\" \/>\n<meta property=\"product:condition\" content=\"new\" \/>\n<!-- \/ Yoast SEO Premium plugin. -->","yoast_head_json":{"title":"Karte Fluggebiete Alpen | Gleitschirmschule Thun, Bern, Interlaken","description":"Fluggebietskarte Alpen f\u00fcr Gleitschirm und Drachen","robots":{"index":"index","follow":"follow","max-snippet":"max-snippet:-1","max-image-preview":"max-image-preview:large","max-video-preview":"max-video-preview:-1"},"canonical":"https:\/\/swissgliders.ch\/de\/produkt\/karte-fluggebiete-alpen\/","og_locale":"de_DE","og_type":"article","og_title":"Karte Fluggebiete Alpen","og_description":"Fluggebietskarte Alpen f\u00fcr Gleitschirm und Drachen","og_url":"https:\/\/swissgliders.ch\/de\/produkt\/karte-fluggebiete-alpen\/","og_site_name":"Gleitschirmschule Thun, Bern, Interlaken","article_publisher":"https:\/\/www.facebook.com\/swissgliders","article_modified_time":"2024-01-03T17:09:01+00:00","og_image":[{"width":502,"height":1024,"url":"https:\/\/swissgliders.ch\/wp-content\/uploads\/2023\/02\/131021_Karte-coveraussen-27_final-502x1024-1.jpg","type":"image\/jpeg"}],"twitter_card":"summary_large_image","twitter_site":"@Swissgliders","twitter_misc":{"Preis":"&#67;&#72;&#70;&nbsp;17.80","Verf\u00fcgbarkeit":"Auf Lager"},"schema":{"@context":"https:\/\/schema.org","@graph":[{"@type":"WebPage","@id":"https:\/\/swissgliders.ch\/de\/produkt\/karte-fluggebiete-alpen\/","url":"https:\/\/swissgliders.ch\/de\/produkt\/karte-fluggebiete-alpen\/","name":"Karte Fluggebiete Alpen | Gleitschirmschule Thun, Bern, Interlaken","isPartOf":{"@id":"https:\/\/swissgliders.ch\/de\/#website"},"primaryImageOfPage":{"@id":"https:\/\/swissgliders.ch\/de\/produkt\/karte-fluggebiete-alpen\/#primaryimage"},"image":{"@id":"https:\/\/swissgliders.ch\/de\/produkt\/karte-fluggebiete-alpen\/#primaryimage"},"thumbnailUrl":"https:\/\/swissgliders.ch\/wp-content\/uploads\/2023\/02\/131021_Karte-coveraussen-27_final-502x1024-1.jpg","datePublished":"2023-02-25T08:27:40+00:00","dateModified":"2024-01-03T17:09:01+00:00","description":"Fluggebietskarte Alpen f\u00fcr Gleitschirm und Drachen","breadcrumb":{"@id":"https:\/\/swissgliders.ch\/de\/produkt\/karte-fluggebiete-alpen\/#breadcrumb"},"inLanguage":"de","potentialAction":[{"@type":"ReadAction","target":["https:\/\/swissgliders.ch\/de\/produkt\/karte-fluggebiete-alpen\/"]}]},{"@type":"ImageObject","inLanguage":"de","@id":"https:\/\/swissgliders.ch\/de\/produkt\/karte-fluggebiete-alpen\/#primaryimage","url":"https:\/\/swissgliders.ch\/wp-content\/uploads\/2023\/02\/131021_Karte-coveraussen-27_final-502x1024-1.jpg","contentUrl":"https:\/\/swissgliders.ch\/wp-content\/uploads\/2023\/02\/131021_Karte-coveraussen-27_final-502x1024-1.jpg","width":502,"height":1024,"caption":"Karte Fluggebiete der Alpen"},{"@type":"BreadcrumbList","@id":"https:\/\/swissgliders.ch\/de\/produkt\/karte-fluggebiete-alpen\/#breadcrumb","itemListElement":[{"@type":"ListItem","position":1,"name":"Startseite","item":"https:\/\/swissgliders.ch\/de\/willkommen\/"},{"@type":"ListItem","position":2,"name":"Gleitschirm Shop","item":"https:\/\/swissgliders.ch\/de\/gleitschirm-shop\/"},{"@type":"ListItem","position":3,"name":"Karte Fluggebiete Alpen"}]},{"@type":"WebSite","@id":"https:\/\/swissgliders.ch\/de\/#website","url":"https:\/\/swissgliders.ch\/de\/","name":"Gleitschirmschule Thun, Bern, Interlaken","description":"Gleitschirmschule Thun, Bern, Interlaken","publisher":{"@id":"https:\/\/swissgliders.ch\/de\/#organization"},"potentialAction":[{"@type":"SearchAction","target":{"@type":"EntryPoint","urlTemplate":"https:\/\/swissgliders.ch\/de\/?s={search_term_string}"},"query-input":{"@type":"PropertyValueSpecification","valueRequired":true,"valueName":"search_term_string"}}],"inLanguage":"de"},{"@type":"Organization","@id":"https:\/\/swissgliders.ch\/de\/#organization","name":"Swissgliders Gleitschirmflugschule Thun","url":"https:\/\/swissgliders.ch\/de\/","logo":{"@type":"ImageObject","inLanguage":"de","@id":"https:\/\/swissgliders.ch\/de\/#\/schema\/logo\/image\/","url":"https:\/\/swissgliders.ch\/wp-content\/uploads\/2019\/12\/swissgliders-logo-rgb-square-L-no-ch-01.png","contentUrl":"https:\/\/swissgliders.ch\/wp-content\/uploads\/2019\/12\/swissgliders-logo-rgb-square-L-no-ch-01.png","width":2500,"height":2500,"caption":"Swissgliders Gleitschirmflugschule Thun"},"image":{"@id":"https:\/\/swissgliders.ch\/de\/#\/schema\/logo\/image\/"},"sameAs":["https:\/\/www.facebook.com\/swissgliders","https:\/\/x.com\/Swissgliders","https:\/\/www.instagram.com\/swissgliders\/","https:\/\/www.youtube.com\/channel\/UCMCtGdepy9vBhrhX3V_oJOA"],"hasMerchantReturnPolicy":{"@type":"MerchantReturnPolicy","merchantReturnLink":"https:\/\/swissgliders.ch\/de\/allgemeine-geschaftsbedingungen\/"}}]},"product_price_amount":"17.80","product_price_currency":"CHF","og_availability":"instock","product_availability":"instock","product_condition":"new"},"_links":{"self":[{"href":"https:\/\/swissgliders.ch\/de\/wp-json\/wp\/v2\/product\/10039","targetHints":{"allow":["GET"]}}],"collection":[{"href":"https:\/\/swissgliders.ch\/de\/wp-json\/wp\/v2\/product"}],"about":[{"href":"https:\/\/swissgliders.ch\/de\/wp-json\/wp\/v2\/types\/product"}],"replies":[{"embeddable":true,"href":"https:\/\/swissgliders.ch\/de\/wp-json\/wp\/v2\/comments?post=10039"}],"wp:featuredmedia":[{"embeddable":true,"href":"https:\/\/swissgliders.ch\/de\/wp-json\/wp\/v2\/media\/10040"}],"wp:attachment":[{"href":"https:\/\/swissgliders.ch\/de\/wp-json\/wp\/v2\/media?parent=10039"}],"wp:term":[{"taxonomy":"product_brand","embeddable":true,"href":"https:\/\/swissgliders.ch\/de\/wp-json\/wp\/v2\/product_brand?post=10039"},{"taxonomy":"product_cat","embeddable":true,"href":"https:\/\/swissgliders.ch\/de\/wp-json\/wp\/v2\/product_cat?post=10039"},{"taxonomy":"product_tag","embeddable":true,"href":"https:\/\/swissgliders.ch\/de\/wp-json\/wp\/v2\/product_tag?post=10039"}],"curies":[{"name":"wp","href":"https:\/\/api.w.org\/{rel}","templated":true}]}}