{"id":10156,"date":"2023-03-10T13:31:56","date_gmt":"2023-03-10T12:31:56","guid":{"rendered":"https:\/\/swissgliders.ch\/?post_type=product&#038;p=10156"},"modified":"2025-04-14T10:59:20","modified_gmt":"2025-04-14T09:59:20","slug":"niviuk-koli-pro-200","status":"publish","type":"product","link":"https:\/\/swissgliders.ch\/de\/produkt\/niviuk-koli-pro-200\/","title":{"rendered":"Niviuk Koli Pro 200"},"content":{"rendered":"<h2 class=\"titol titol_generic aos-init aos-animate\" data-aos=\"fade-in\">Koli Pro 200<\/h2>\n<div class=\"detalls aos-init aos-animate\" data-aos=\"fade-in\">Entwickelt f\u00fcr Tandem-Profis: ultraschnelles Packen auf h\u00f6chstem Niveau. Packe deine gesamte Flugausr\u00fcstung in weniger Zeit, als du zum Lesen dieser Seite ben\u00f6tigst.<\/div>\n<p>Entwickelt f\u00fcr Tandem-Profis: ultraschnelles Packen auf h\u00f6chstem Niveau. Packe deine gesamte Flugausr\u00fcstung in weniger Zeit, als du zum Lesen dieser Seite ben\u00f6tigst.<\/p>\n<p>\u2713 Schnelles und sicheres Packen: Die gro\u00dfe \u00d6ffnung erm\u00f6glicht ein schnelles Packen, alles wird mit einem elastischen Kordelzug im Inneren fixiert. Der Koli Pro verf\u00fcgt au\u00dferdem \u00fcber verstellbare Kompressionsriemen mit Schnallen.<\/p>\n<p>\u2713 Komfort und Ergonomie: Die Gr\u00f6\u00dfe spielt keine Rolle. Dank seiner verstellbaren Schultergurte und seines ergonomischen Designs l\u00e4sst sich der Koli Pro so leicht tragen wie jeder andere Rucksack. Dank der seitlichen Griffe kann er zudem von mehreren Personen gleichzeitig getragen werden.<\/p>\n<p>\u2713 Kapazit\u00e4t und (einfacher) Transport. So simpel \u2013 so durchdacht: Schirm, Gurtzeug und Helm passen in den ger\u00e4umigen Innenraum und sind durch das stabile Gewebe des Rucksacks gut gesch\u00fctzt. Zus\u00e4tzliche Taschen und F\u00e4cher au\u00dfen.<\/p>\n<p>\u2713 Breites innen liegendes Tragegurtfach.<br \/>\n\u2713 Durchsichtiges externes Ausweisfach.<br \/>\n\u2713 Externe Rei\u00dfverschlusstasche zum Verstauen wichtiger Kleinigkeiten.<br \/>\n\u2713 Seitliche Netztasche, ideal f\u00fcr die Aufbewahrung eines GoPro-Sticks.<br \/>\n\u2713 Hauptverschluss mit elastischem Kordelzug.<br \/>\n\u2713 Interne Kunststoffschnallen zur Sicherung von Gegenst\u00e4nden im Packsack.<br \/>\n\u2713 Zwei Verstellriemen mit Metallschnallen au\u00dfen, um den Inhalt zu sichern und den gesamten Bag zu komprimieren.<\/p>\n<table border=\"0\" cellspacing=\"1\" cellpadding=\"5\">\n<tbody>\n<tr>\n<td><strong>Gr\u00f6\u00dfe<\/strong><\/td>\n<td>Einheitsgr\u00f6\u00dfe<\/td>\n<\/tr>\n<tr>\n<td><strong>Gewicht<\/strong><\/td>\n<td>1245 g<\/td>\n<\/tr>\n<tr>\n<td><strong>Volumen<\/strong><\/td>\n<td>200 L<\/td>\n<\/tr>\n<tr>\n<td><strong>L\u00e4nge<\/strong><\/td>\n<td>90 cm<\/td>\n<\/tr>\n<tr>\n<td><strong>Breite<\/strong><\/td>\n<td>65 cm<\/td>\n<\/tr>\n<tr>\n<td><strong>Tiefe<\/strong><\/td>\n<td>40 cm<\/td>\n<\/tr>\n<\/tbody>\n<\/table>\n<p>&nbsp;<\/p>\n<p>Mehr <a href=\"https:\/\/niviuk.com\/de\/koli-pro\" target=\"_blank\" rel=\"noopener noreferrer\">Info<\/a><\/p>\n<p>Falls dieser Artikel nicht an Lager ist, wird er f\u00fcr dich bestellt. Lieferfrist auf Anfrage.<\/p>\n","protected":false},"excerpt":{"rendered":"<h2 class=\"titol titol_generic aos-init aos-animate\" data-aos=\"fade-in\">Koli Pro 200<\/h2>\n<div class=\"detalls aos-init aos-animate\" data-aos=\"fade-in\">Entwickelt f\u00fcr Tandem-Profis: ultraschnelles Packen auf h\u00f6chstem Niveau. Packe deine gesamte Flugausr\u00fcstung in weniger Zeit, als du zum Lesen dieser Seite ben\u00f6tigst.<\/div>\n<p>Entwickelt f\u00fcr Tandem-Profis: ultraschnelles Packen auf h\u00f6chstem Niveau. Packe deine gesamte Flugausr\u00fcstung in weniger Zeit, als du zum Lesen dieser Seite ben\u00f6tigst.<\/p>\n<p>\u2713 Schnelles und sicheres Packen: Die gro\u00dfe \u00d6ffnung erm\u00f6glicht ein schnelles Packen, alles wird mit einem elastischen Kordelzug im Inneren fixiert. Der Koli Pro verf\u00fcgt au\u00dferdem \u00fcber verstellbare Kompressionsriemen mit Schnallen.<\/p>\n<p>\u2713 Komfort und Ergonomie: Die Gr\u00f6\u00dfe spielt keine Rolle. Dank seiner verstellbaren Schultergurte und seines ergonomischen Designs l\u00e4sst sich der Koli Pro so leicht tragen wie jeder andere Rucksack. Dank der seitlichen Griffe kann er zudem von mehreren Personen gleichzeitig getragen werden.<\/p>\n<p>\u2713 Kapazit\u00e4t und (einfacher) Transport. So simpel \u2013 so durchdacht: Schirm, Gurtzeug und Helm passen in den ger\u00e4umigen Innenraum und sind durch das stabile Gewebe des Rucksacks gut gesch\u00fctzt. Zus\u00e4tzliche Taschen und F\u00e4cher au\u00dfen.<\/p>\n<p>\u2713 Breites innen liegendes Tragegurtfach.<br \/>\n\u2713 Durchsichtiges externes Ausweisfach.<br \/>\n\u2713 Externe Rei\u00dfverschlusstasche zum Verstauen wichtiger Kleinigkeiten.<br \/>\n\u2713 Seitliche Netztasche, ideal f\u00fcr die Aufbewahrung eines GoPro-Sticks.<br \/>\n\u2713 Hauptverschluss mit elastischem Kordelzug.<br \/>\n\u2713 Interne Kunststoffschnallen zur Sicherung von Gegenst\u00e4nden im Packsack.<br \/>\n\u2713 Zwei Verstellriemen mit Metallschnallen au\u00dfen, um den Inhalt zu sichern und den gesamten Bag zu komprimieren.<\/p>\n<table border=\"0\" cellspacing=\"1\" cellpadding=\"5\">\n<tbody>\n<tr>\n<td><strong>Gr\u00f6\u00dfe<\/strong><\/td>\n<td>Einheitsgr\u00f6\u00dfe<\/td>\n<\/tr>\n<tr>\n<td><strong>Gewicht<\/strong><\/td>\n<td>1245 g<\/td>\n<\/tr>\n<tr>\n<td><strong>Volumen<\/strong><\/td>\n<td>200 L<\/td>\n<\/tr>\n<tr>\n<td><strong>L\u00e4nge<\/strong><\/td>\n<td>90 cm<\/td>\n<\/tr>\n<tr>\n<td><strong>Breite<\/strong><\/td>\n<td>65 cm<\/td>\n<\/tr>\n<tr>\n<td><strong>Tiefe<\/strong><\/td>\n<td>40 cm<\/td>\n<\/tr>\n<\/tbody>\n<\/table>\n<p>&nbsp;<\/p>\n<p>Mehr <a href=\"https:\/\/niviuk.com\/de\/koli-pro\" target=\"_blank\" rel=\"noopener noreferrer\">Info<\/a><\/p>\n<p>Falls dieser Artikel nicht an Lager ist, wird er f\u00fcr dich bestellt. Lieferfrist auf Anfrage.<\/p>\n","protected":false},"featured_media":10158,"comment_status":"closed","ping_status":"closed","template":"","meta":[],"product_brand":[],"product_cat":[2076],"product_tag":[2077,90],"class_list":{"0":"post-10156","1":"product","2":"type-product","3":"status-publish","4":"has-post-thumbnail","6":"product_cat-gleitschirm-packsaecke","7":"product_tag-packsack","8":"product_tag-verkaufsartikel","9":"product_shipping_class-priority-2kg-de","11":"first","12":"instock","13":"sale","14":"shipping-taxable","15":"purchasable","16":"product-type-simple"},"yoast_head":"<!-- This site is optimized with the Yoast SEO Premium plugin v26.1 (Yoast SEO v27.3) - https:\/\/yoast.com\/product\/yoast-seo-premium-wordpress\/ -->\n<title>Niviuk Koli Pro 200 | Gleitschirmschule Thun, Bern, Interlaken<\/title>\n<meta name=\"description\" content=\"Entwickelt f\u00fcr Tandem-Profis: ultraschnelles Packen auf h\u00f6chstem Niveau. Packe deine gesamte Flugausr\u00fcstung in weniger Zeit, als du zum Lesen dieser Seite ben\u00f6tigst.\" \/>\n<meta name=\"robots\" content=\"index, follow, max-snippet:-1, max-image-preview:large, max-video-preview:-1\" \/>\n<link rel=\"canonical\" href=\"https:\/\/swissgliders.ch\/de\/produkt\/niviuk-koli-pro-200\/\" \/>\n<meta property=\"og:locale\" content=\"de_DE\" \/>\n<meta property=\"og:type\" content=\"article\" \/>\n<meta property=\"og:title\" content=\"Niviuk Koli Pro 200\" \/>\n<meta property=\"og:description\" content=\"Entwickelt f\u00fcr Tandem-Profis: ultraschnelles Packen auf h\u00f6chstem Niveau. Packe deine gesamte Flugausr\u00fcstung in weniger Zeit, als du zum Lesen dieser Seite ben\u00f6tigst.\" \/>\n<meta property=\"og:url\" content=\"https:\/\/swissgliders.ch\/de\/produkt\/niviuk-koli-pro-200\/\" \/>\n<meta property=\"og:site_name\" content=\"Gleitschirmschule Thun, Bern, Interlaken\" \/>\n<meta property=\"article:publisher\" content=\"https:\/\/www.facebook.com\/swissgliders\" \/>\n<meta property=\"article:modified_time\" content=\"2025-04-14T09:59:20+00:00\" \/>\n<meta property=\"og:image\" content=\"https:\/\/swissgliders.ch\/wp-content\/uploads\/2023\/03\/Niviuk_Packsack_Koli_Pro-1.jpg\" \/>\n\t<meta property=\"og:image:width\" content=\"500\" \/>\n\t<meta property=\"og:image:height\" content=\"500\" \/>\n\t<meta property=\"og:image:type\" content=\"image\/jpeg\" \/>\n<meta name=\"twitter:card\" content=\"summary_large_image\" \/>\n<meta name=\"twitter:site\" content=\"@Swissgliders\" \/>\n<meta name=\"twitter:label1\" content=\"Preis\" \/>\n\t<meta name=\"twitter:data1\" content=\"&#067;&#072;&#070;&nbsp;171.00\" \/>\n\t<meta name=\"twitter:label2\" content=\"Verf\u00fcgbarkeit\" \/>\n\t<meta name=\"twitter:data2\" content=\"Auf Lager\" \/>\n<script type=\"application\/ld+json\" class=\"yoast-schema-graph\">{\"@context\":\"https:\\\/\\\/schema.org\",\"@graph\":[{\"@type\":\"WebPage\",\"@id\":\"https:\\\/\\\/swissgliders.ch\\\/de\\\/produkt\\\/niviuk-koli-pro-200\\\/\",\"url\":\"https:\\\/\\\/swissgliders.ch\\\/de\\\/produkt\\\/niviuk-koli-pro-200\\\/\",\"name\":\"Niviuk Koli Pro 200 | Gleitschirmschule Thun, Bern, Interlaken\",\"isPartOf\":{\"@id\":\"https:\\\/\\\/swissgliders.ch\\\/de\\\/#website\"},\"primaryImageOfPage\":{\"@id\":\"https:\\\/\\\/swissgliders.ch\\\/de\\\/produkt\\\/niviuk-koli-pro-200\\\/#primaryimage\"},\"image\":{\"@id\":\"https:\\\/\\\/swissgliders.ch\\\/de\\\/produkt\\\/niviuk-koli-pro-200\\\/#primaryimage\"},\"thumbnailUrl\":\"https:\\\/\\\/swissgliders.ch\\\/wp-content\\\/uploads\\\/2023\\\/03\\\/Niviuk_Packsack_Koli_Pro-1.jpg\",\"datePublished\":\"2023-03-10T12:31:56+00:00\",\"dateModified\":\"2025-04-14T09:59:20+00:00\",\"description\":\"Entwickelt f\u00fcr Tandem-Profis: ultraschnelles Packen auf h\u00f6chstem Niveau. Packe deine gesamte Flugausr\u00fcstung in weniger Zeit, als du zum Lesen dieser Seite ben\u00f6tigst.\",\"breadcrumb\":{\"@id\":\"https:\\\/\\\/swissgliders.ch\\\/de\\\/produkt\\\/niviuk-koli-pro-200\\\/#breadcrumb\"},\"inLanguage\":\"de\",\"potentialAction\":[{\"@type\":\"ReadAction\",\"target\":[\"https:\\\/\\\/swissgliders.ch\\\/de\\\/produkt\\\/niviuk-koli-pro-200\\\/\"]}]},{\"@type\":\"ImageObject\",\"inLanguage\":\"de\",\"@id\":\"https:\\\/\\\/swissgliders.ch\\\/de\\\/produkt\\\/niviuk-koli-pro-200\\\/#primaryimage\",\"url\":\"https:\\\/\\\/swissgliders.ch\\\/wp-content\\\/uploads\\\/2023\\\/03\\\/Niviuk_Packsack_Koli_Pro-1.jpg\",\"contentUrl\":\"https:\\\/\\\/swissgliders.ch\\\/wp-content\\\/uploads\\\/2023\\\/03\\\/Niviuk_Packsack_Koli_Pro-1.jpg\",\"width\":500,\"height\":500,\"caption\":\"Niviuk_Packsack_Koli_Pro-1\"},{\"@type\":\"BreadcrumbList\",\"@id\":\"https:\\\/\\\/swissgliders.ch\\\/de\\\/produkt\\\/niviuk-koli-pro-200\\\/#breadcrumb\",\"itemListElement\":[{\"@type\":\"ListItem\",\"position\":1,\"name\":\"Startseite\",\"item\":\"https:\\\/\\\/swissgliders.ch\\\/de\\\/willkommen\\\/\"},{\"@type\":\"ListItem\",\"position\":2,\"name\":\"Gleitschirm Shop\",\"item\":\"https:\\\/\\\/swissgliders.ch\\\/de\\\/gleitschirm-shop\\\/\"},{\"@type\":\"ListItem\",\"position\":3,\"name\":\"Niviuk Koli Pro 200\"}]},{\"@type\":\"WebSite\",\"@id\":\"https:\\\/\\\/swissgliders.ch\\\/de\\\/#website\",\"url\":\"https:\\\/\\\/swissgliders.ch\\\/de\\\/\",\"name\":\"Gleitschirmschule Thun, Bern, Interlaken\",\"description\":\"Gleitschirmschule Thun, Bern, Interlaken\",\"publisher\":{\"@id\":\"https:\\\/\\\/swissgliders.ch\\\/de\\\/#organization\"},\"potentialAction\":[{\"@type\":\"SearchAction\",\"target\":{\"@type\":\"EntryPoint\",\"urlTemplate\":\"https:\\\/\\\/swissgliders.ch\\\/de\\\/?s={search_term_string}\"},\"query-input\":{\"@type\":\"PropertyValueSpecification\",\"valueRequired\":true,\"valueName\":\"search_term_string\"}}],\"inLanguage\":\"de\"},{\"@type\":\"Organization\",\"@id\":\"https:\\\/\\\/swissgliders.ch\\\/de\\\/#organization\",\"name\":\"Swissgliders Gleitschirmflugschule Thun\",\"url\":\"https:\\\/\\\/swissgliders.ch\\\/de\\\/\",\"logo\":{\"@type\":\"ImageObject\",\"inLanguage\":\"de\",\"@id\":\"https:\\\/\\\/swissgliders.ch\\\/de\\\/#\\\/schema\\\/logo\\\/image\\\/\",\"url\":\"https:\\\/\\\/swissgliders.ch\\\/wp-content\\\/uploads\\\/2019\\\/12\\\/swissgliders-logo-rgb-square-L-no-ch-01.png\",\"contentUrl\":\"https:\\\/\\\/swissgliders.ch\\\/wp-content\\\/uploads\\\/2019\\\/12\\\/swissgliders-logo-rgb-square-L-no-ch-01.png\",\"width\":2500,\"height\":2500,\"caption\":\"Swissgliders Gleitschirmflugschule Thun\"},\"image\":{\"@id\":\"https:\\\/\\\/swissgliders.ch\\\/de\\\/#\\\/schema\\\/logo\\\/image\\\/\"},\"sameAs\":[\"https:\\\/\\\/www.facebook.com\\\/swissgliders\",\"https:\\\/\\\/x.com\\\/Swissgliders\",\"https:\\\/\\\/www.instagram.com\\\/swissgliders\\\/\",\"https:\\\/\\\/www.youtube.com\\\/channel\\\/UCMCtGdepy9vBhrhX3V_oJOA\"],\"hasMerchantReturnPolicy\":{\"@type\":\"MerchantReturnPolicy\",\"merchantReturnLink\":\"https:\\\/\\\/swissgliders.ch\\\/de\\\/allgemeine-geschaftsbedingungen\\\/\"}}]}<\/script>\n<meta property=\"product:price:amount\" content=\"171.00\" \/>\n<meta property=\"product:price:currency\" content=\"CHF\" \/>\n<meta property=\"og:availability\" content=\"instock\" \/>\n<meta property=\"product:availability\" content=\"instock\" \/>\n<meta property=\"product:condition\" content=\"new\" \/>\n<!-- \/ Yoast SEO Premium plugin. -->","yoast_head_json":{"title":"Niviuk Koli Pro 200 | Gleitschirmschule Thun, Bern, Interlaken","description":"Entwickelt f\u00fcr Tandem-Profis: ultraschnelles Packen auf h\u00f6chstem Niveau. Packe deine gesamte Flugausr\u00fcstung in weniger Zeit, als du zum Lesen dieser Seite ben\u00f6tigst.","robots":{"index":"index","follow":"follow","max-snippet":"max-snippet:-1","max-image-preview":"max-image-preview:large","max-video-preview":"max-video-preview:-1"},"canonical":"https:\/\/swissgliders.ch\/de\/produkt\/niviuk-koli-pro-200\/","og_locale":"de_DE","og_type":"article","og_title":"Niviuk Koli Pro 200","og_description":"Entwickelt f\u00fcr Tandem-Profis: ultraschnelles Packen auf h\u00f6chstem Niveau. Packe deine gesamte Flugausr\u00fcstung in weniger Zeit, als du zum Lesen dieser Seite ben\u00f6tigst.","og_url":"https:\/\/swissgliders.ch\/de\/produkt\/niviuk-koli-pro-200\/","og_site_name":"Gleitschirmschule Thun, Bern, Interlaken","article_publisher":"https:\/\/www.facebook.com\/swissgliders","article_modified_time":"2025-04-14T09:59:20+00:00","og_image":[{"width":500,"height":500,"url":"https:\/\/swissgliders.ch\/wp-content\/uploads\/2023\/03\/Niviuk_Packsack_Koli_Pro-1.jpg","type":"image\/jpeg"}],"twitter_card":"summary_large_image","twitter_site":"@Swissgliders","twitter_misc":{"Preis":"&#67;&#72;&#70;&nbsp;171.00","Verf\u00fcgbarkeit":"Auf Lager"},"schema":{"@context":"https:\/\/schema.org","@graph":[{"@type":"WebPage","@id":"https:\/\/swissgliders.ch\/de\/produkt\/niviuk-koli-pro-200\/","url":"https:\/\/swissgliders.ch\/de\/produkt\/niviuk-koli-pro-200\/","name":"Niviuk Koli Pro 200 | Gleitschirmschule Thun, Bern, Interlaken","isPartOf":{"@id":"https:\/\/swissgliders.ch\/de\/#website"},"primaryImageOfPage":{"@id":"https:\/\/swissgliders.ch\/de\/produkt\/niviuk-koli-pro-200\/#primaryimage"},"image":{"@id":"https:\/\/swissgliders.ch\/de\/produkt\/niviuk-koli-pro-200\/#primaryimage"},"thumbnailUrl":"https:\/\/swissgliders.ch\/wp-content\/uploads\/2023\/03\/Niviuk_Packsack_Koli_Pro-1.jpg","datePublished":"2023-03-10T12:31:56+00:00","dateModified":"2025-04-14T09:59:20+00:00","description":"Entwickelt f\u00fcr Tandem-Profis: ultraschnelles Packen auf h\u00f6chstem Niveau. Packe deine gesamte Flugausr\u00fcstung in weniger Zeit, als du zum Lesen dieser Seite ben\u00f6tigst.","breadcrumb":{"@id":"https:\/\/swissgliders.ch\/de\/produkt\/niviuk-koli-pro-200\/#breadcrumb"},"inLanguage":"de","potentialAction":[{"@type":"ReadAction","target":["https:\/\/swissgliders.ch\/de\/produkt\/niviuk-koli-pro-200\/"]}]},{"@type":"ImageObject","inLanguage":"de","@id":"https:\/\/swissgliders.ch\/de\/produkt\/niviuk-koli-pro-200\/#primaryimage","url":"https:\/\/swissgliders.ch\/wp-content\/uploads\/2023\/03\/Niviuk_Packsack_Koli_Pro-1.jpg","contentUrl":"https:\/\/swissgliders.ch\/wp-content\/uploads\/2023\/03\/Niviuk_Packsack_Koli_Pro-1.jpg","width":500,"height":500,"caption":"Niviuk_Packsack_Koli_Pro-1"},{"@type":"BreadcrumbList","@id":"https:\/\/swissgliders.ch\/de\/produkt\/niviuk-koli-pro-200\/#breadcrumb","itemListElement":[{"@type":"ListItem","position":1,"name":"Startseite","item":"https:\/\/swissgliders.ch\/de\/willkommen\/"},{"@type":"ListItem","position":2,"name":"Gleitschirm Shop","item":"https:\/\/swissgliders.ch\/de\/gleitschirm-shop\/"},{"@type":"ListItem","position":3,"name":"Niviuk Koli Pro 200"}]},{"@type":"WebSite","@id":"https:\/\/swissgliders.ch\/de\/#website","url":"https:\/\/swissgliders.ch\/de\/","name":"Gleitschirmschule Thun, Bern, Interlaken","description":"Gleitschirmschule Thun, Bern, Interlaken","publisher":{"@id":"https:\/\/swissgliders.ch\/de\/#organization"},"potentialAction":[{"@type":"SearchAction","target":{"@type":"EntryPoint","urlTemplate":"https:\/\/swissgliders.ch\/de\/?s={search_term_string}"},"query-input":{"@type":"PropertyValueSpecification","valueRequired":true,"valueName":"search_term_string"}}],"inLanguage":"de"},{"@type":"Organization","@id":"https:\/\/swissgliders.ch\/de\/#organization","name":"Swissgliders Gleitschirmflugschule Thun","url":"https:\/\/swissgliders.ch\/de\/","logo":{"@type":"ImageObject","inLanguage":"de","@id":"https:\/\/swissgliders.ch\/de\/#\/schema\/logo\/image\/","url":"https:\/\/swissgliders.ch\/wp-content\/uploads\/2019\/12\/swissgliders-logo-rgb-square-L-no-ch-01.png","contentUrl":"https:\/\/swissgliders.ch\/wp-content\/uploads\/2019\/12\/swissgliders-logo-rgb-square-L-no-ch-01.png","width":2500,"height":2500,"caption":"Swissgliders Gleitschirmflugschule Thun"},"image":{"@id":"https:\/\/swissgliders.ch\/de\/#\/schema\/logo\/image\/"},"sameAs":["https:\/\/www.facebook.com\/swissgliders","https:\/\/x.com\/Swissgliders","https:\/\/www.instagram.com\/swissgliders\/","https:\/\/www.youtube.com\/channel\/UCMCtGdepy9vBhrhX3V_oJOA"],"hasMerchantReturnPolicy":{"@type":"MerchantReturnPolicy","merchantReturnLink":"https:\/\/swissgliders.ch\/de\/allgemeine-geschaftsbedingungen\/"}}]},"product_price_amount":"171.00","product_price_currency":"CHF","og_availability":"instock","product_availability":"instock","product_condition":"new"},"_links":{"self":[{"href":"https:\/\/swissgliders.ch\/de\/wp-json\/wp\/v2\/product\/10156","targetHints":{"allow":["GET"]}}],"collection":[{"href":"https:\/\/swissgliders.ch\/de\/wp-json\/wp\/v2\/product"}],"about":[{"href":"https:\/\/swissgliders.ch\/de\/wp-json\/wp\/v2\/types\/product"}],"replies":[{"embeddable":true,"href":"https:\/\/swissgliders.ch\/de\/wp-json\/wp\/v2\/comments?post=10156"}],"wp:featuredmedia":[{"embeddable":true,"href":"https:\/\/swissgliders.ch\/de\/wp-json\/wp\/v2\/media\/10158"}],"wp:attachment":[{"href":"https:\/\/swissgliders.ch\/de\/wp-json\/wp\/v2\/media?parent=10156"}],"wp:term":[{"taxonomy":"product_brand","embeddable":true,"href":"https:\/\/swissgliders.ch\/de\/wp-json\/wp\/v2\/product_brand?post=10156"},{"taxonomy":"product_cat","embeddable":true,"href":"https:\/\/swissgliders.ch\/de\/wp-json\/wp\/v2\/product_cat?post=10156"},{"taxonomy":"product_tag","embeddable":true,"href":"https:\/\/swissgliders.ch\/de\/wp-json\/wp\/v2\/product_tag?post=10156"}],"curies":[{"name":"wp","href":"https:\/\/api.w.org\/{rel}","templated":true}]}}