{"id":10160,"date":"2023-03-10T13:40:23","date_gmt":"2023-03-10T12:40:23","guid":{"rendered":"https:\/\/swissgliders.ch\/?post_type=product&#038;p=10160"},"modified":"2024-01-03T16:41:35","modified_gmt":"2024-01-03T15:41:35","slug":"niviuk-nkare-bag","status":"publish","type":"product","link":"https:\/\/swissgliders.ch\/de\/produkt\/niviuk-nkare-bag\/","title":{"rendered":"Niviuk Nkare Bag"},"content":{"rendered":"<p>Mit dem Nkare\u00a0Bag kannst du deinen Schirm schnell verpacken und bis zu deinem n\u00e4chsten Flug lagern. Um deinen Schirm in perfektem Zustand zu halten und seine Langlebigkeit und Leistung zu garantieren, ist eine ideale Lagerung extrem wichtig.<\/p>\n<p><strong>\u2713 Einfaches Zusammenlegen<\/strong><br \/>\nMit der neuen Version des Nkare Bag ist das Zusammenlegen schnell und einfach erledigt, dabei bleiben das Profil und die Innenstruktur des Schirms gesch\u00fctzt &#8211; bereit f\u00fcr l\u00e4ngeren Transport oder Lagerung.<\/p>\n<p><strong>\u2713 Packfreundliches Design<\/strong><br \/>\nDas Design erlaubt es, die Rippen wie eine Ziehharmonika \u00fcbereinander zu legen. Dieses Faltsystem sorgt daf\u00fcr, dass sowohl das Tuch als auch die Verst\u00e4rkungen der Innenstruktur in perfektem Zustand bleiben.<\/p>\n<p><strong>\u2713 Maximaler Schutz f\u00fcr deinen Schirm<\/strong><br \/>\n&#8211; Rei\u00dfverschluss mit Innenschutz, um Besch\u00e4digung am Tuch zu vermeiden. Au\u00dferdem schlie\u00dft sich der Nkare Bag von der Hinterkante bis zur Vorderkante, so dass die \u00fcbersch\u00fcssige Luft entweichen kann.<br \/>\n&#8211; Drei interne Befestigungsriemen an beiden Enden und in der Mitte, um den Schirm vollst\u00e4ndig zu fixieren.<\/p>\n<p><strong>\u2713 Komfortables Packen und Transportieren<\/strong><br \/>\n&#8211; Interne \u00d6ffnung f\u00fcr die Tragegurte, um zu vermeiden, dass das Metall mit dem Tuch in Ber\u00fchrung kommt.<br \/>\n&#8211; Interne Markierungen, um die korrekte Verwendung des Bags zu erleichtern und alle Vorteile zu nutzen.<br \/>\n&#8211; Zwei \u00e4u\u00dfere Gurte sorgen daf\u00fcr, dass der Schirm kompakt und sicher transportiert werden kann und verhindern eine Verformung des Schirms.<br \/>\n&#8211; Namensschildfach auf der Vorderseite des Bags.<\/p>\n<p><strong>\u2713 Langlebige Qualit\u00e4tsmaterialien<\/strong><br \/>\nMaterial mit verst\u00e4rkten N\u00e4hten f\u00fcr maximale Festigkeit, die bei Einsatz auf rauem Boden und nassem Gras gew\u00e4hrleisten dass der Gleitschirm schonend zusammengelegt werden kann.<\/p>\n<p>Mehr <a href=\"https:\/\/niviuk.com\/de\/nkare-bag\" target=\"_blank\" rel=\"noopener noreferrer\">Info<\/a><\/p>\n<p>Lieferzeit 1 Woche<\/p>\n","protected":false},"excerpt":{"rendered":"<p>Mit dem Nkare\u00a0Bag kannst du deinen Schirm schnell verpacken und bis zu deinem n\u00e4chsten Flug lagern. Um deinen Schirm in perfektem Zustand zu halten und seine Langlebigkeit und Leistung zu garantieren, ist eine ideale Lagerung extrem wichtig.<\/p>\n<p><strong>\u2713 Einfaches Zusammenlegen<\/strong><br \/>\nMit der neuen Version des Nkare Bag ist das Zusammenlegen schnell und einfach erledigt, dabei bleiben das Profil und die Innenstruktur des Schirms gesch\u00fctzt &#8211; bereit f\u00fcr l\u00e4ngeren Transport oder Lagerung.<\/p>\n<p><strong>\u2713 Packfreundliches Design<\/strong><br \/>\nDas Design erlaubt es, die Rippen wie eine Ziehharmonika \u00fcbereinander zu legen. Dieses Faltsystem sorgt daf\u00fcr, dass sowohl das Tuch als auch die Verst\u00e4rkungen der Innenstruktur in perfektem Zustand bleiben.<\/p>\n<p><strong>\u2713 Maximaler Schutz f\u00fcr deinen Schirm<\/strong><br \/>\n&#8211; Rei\u00dfverschluss mit Innenschutz, um Besch\u00e4digung am Tuch zu vermeiden. Au\u00dferdem schlie\u00dft sich der Nkare Bag von der Hinterkante bis zur Vorderkante, so dass die \u00fcbersch\u00fcssige Luft entweichen kann.<br \/>\n&#8211; Drei interne Befestigungsriemen an beiden Enden und in der Mitte, um den Schirm vollst\u00e4ndig zu fixieren.<\/p>\n<p><strong>\u2713 Komfortables Packen und Transportieren<\/strong><br \/>\n&#8211; Interne \u00d6ffnung f\u00fcr die Tragegurte, um zu vermeiden, dass das Metall mit dem Tuch in Ber\u00fchrung kommt.<br \/>\n&#8211; Interne Markierungen, um die korrekte Verwendung des Bags zu erleichtern und alle Vorteile zu nutzen.<br \/>\n&#8211; Zwei \u00e4u\u00dfere Gurte sorgen daf\u00fcr, dass der Schirm kompakt und sicher transportiert werden kann und verhindern eine Verformung des Schirms.<br \/>\n&#8211; Namensschildfach auf der Vorderseite des Bags.<\/p>\n<p><strong>\u2713 Langlebige Qualit\u00e4tsmaterialien<\/strong><br \/>\nMaterial mit verst\u00e4rkten N\u00e4hten f\u00fcr maximale Festigkeit, die bei Einsatz auf rauem Boden und nassem Gras gew\u00e4hrleisten dass der Gleitschirm schonend zusammengelegt werden kann.<\/p>\n<p>Mehr <a href=\"https:\/\/niviuk.com\/de\/nkare-bag\" target=\"_blank\" rel=\"noopener noreferrer\">Info<\/a><\/p>\n<p>Lieferzeit 1 Woche<\/p>\n","protected":false},"featured_media":10162,"comment_status":"closed","ping_status":"closed","template":"","meta":[],"product_brand":[],"product_cat":[2076],"product_tag":[2077,90],"class_list":{"0":"post-10160","1":"product","2":"type-product","3":"status-publish","4":"has-post-thumbnail","6":"product_cat-gleitschirm-packsaecke","7":"product_tag-packsack","8":"product_tag-verkaufsartikel","9":"product_shipping_class-priority-2kg-de","11":"first","12":"instock","13":"shipping-taxable","14":"purchasable","15":"product-type-variable"},"yoast_head":"<!-- This site is optimized with the Yoast SEO Premium plugin v26.1 (Yoast SEO v27.3) - https:\/\/yoast.com\/product\/yoast-seo-premium-wordpress\/ -->\n<title>Niviuk Nkare Bag | Gleitschirmschule Thun, Bern, Interlaken<\/title>\n<meta name=\"description\" content=\"Mit dem Nkare\u00a0Bag kannst du deinen Schirm schnell verpacken und bis zu deinem n\u00e4chsten Flug lagern. Um deinen Schirm in perfektem Zustand zu halten und seine Langlebigkeit und Leistung zu garantieren, ist eine ideale Lagerung extrem wichtig.\" \/>\n<meta name=\"robots\" content=\"index, follow, max-snippet:-1, max-image-preview:large, max-video-preview:-1\" \/>\n<link rel=\"canonical\" href=\"https:\/\/swissgliders.ch\/de\/produkt\/niviuk-nkare-bag\/\" \/>\n<meta property=\"og:locale\" content=\"de_DE\" \/>\n<meta property=\"og:type\" content=\"article\" \/>\n<meta property=\"og:title\" content=\"Niviuk Nkare Bag\" \/>\n<meta property=\"og:description\" content=\"Mit dem Nkare\u00a0Bag kannst du deinen Schirm schnell verpacken und bis zu deinem n\u00e4chsten Flug lagern. Um deinen Schirm in perfektem Zustand zu halten und seine Langlebigkeit und Leistung zu garantieren, ist eine ideale Lagerung extrem wichtig.\" \/>\n<meta property=\"og:url\" content=\"https:\/\/swissgliders.ch\/de\/produkt\/niviuk-nkare-bag\/\" \/>\n<meta property=\"og:site_name\" content=\"Gleitschirmschule Thun, Bern, Interlaken\" \/>\n<meta property=\"article:publisher\" content=\"https:\/\/www.facebook.com\/swissgliders\" \/>\n<meta property=\"article:modified_time\" content=\"2024-01-03T15:41:35+00:00\" \/>\n<meta property=\"og:image\" content=\"https:\/\/swissgliders.ch\/wp-content\/uploads\/2023\/03\/Niviuk_Packsack_Nkare_Bag-1.png\" \/>\n\t<meta property=\"og:image:width\" content=\"800\" \/>\n\t<meta property=\"og:image:height\" content=\"800\" \/>\n\t<meta property=\"og:image:type\" content=\"image\/png\" \/>\n<meta name=\"twitter:card\" content=\"summary_large_image\" \/>\n<meta name=\"twitter:site\" content=\"@Swissgliders\" \/>\n<meta name=\"twitter:label1\" content=\"Verf\u00fcgbarkeit\" \/>\n\t<meta name=\"twitter:data1\" content=\"Auf Lager\" \/>\n<script type=\"application\/ld+json\" class=\"yoast-schema-graph\">{\"@context\":\"https:\\\/\\\/schema.org\",\"@graph\":[{\"@type\":\"WebPage\",\"@id\":\"https:\\\/\\\/swissgliders.ch\\\/de\\\/produkt\\\/niviuk-nkare-bag\\\/\",\"url\":\"https:\\\/\\\/swissgliders.ch\\\/de\\\/produkt\\\/niviuk-nkare-bag\\\/\",\"name\":\"Niviuk Nkare Bag | Gleitschirmschule Thun, Bern, Interlaken\",\"isPartOf\":{\"@id\":\"https:\\\/\\\/swissgliders.ch\\\/de\\\/#website\"},\"primaryImageOfPage\":{\"@id\":\"https:\\\/\\\/swissgliders.ch\\\/de\\\/produkt\\\/niviuk-nkare-bag\\\/#primaryimage\"},\"image\":{\"@id\":\"https:\\\/\\\/swissgliders.ch\\\/de\\\/produkt\\\/niviuk-nkare-bag\\\/#primaryimage\"},\"thumbnailUrl\":\"https:\\\/\\\/swissgliders.ch\\\/wp-content\\\/uploads\\\/2023\\\/03\\\/Niviuk_Packsack_Nkare_Bag-1.png\",\"datePublished\":\"2023-03-10T12:40:23+00:00\",\"dateModified\":\"2024-01-03T15:41:35+00:00\",\"description\":\"Mit dem Nkare\u00a0Bag kannst du deinen Schirm schnell verpacken und bis zu deinem n\u00e4chsten Flug lagern. Um deinen Schirm in perfektem Zustand zu halten und seine Langlebigkeit und Leistung zu garantieren, ist eine ideale Lagerung extrem wichtig.\",\"breadcrumb\":{\"@id\":\"https:\\\/\\\/swissgliders.ch\\\/de\\\/produkt\\\/niviuk-nkare-bag\\\/#breadcrumb\"},\"inLanguage\":\"de\",\"potentialAction\":[{\"@type\":\"ReadAction\",\"target\":[\"https:\\\/\\\/swissgliders.ch\\\/de\\\/produkt\\\/niviuk-nkare-bag\\\/\"]}]},{\"@type\":\"ImageObject\",\"inLanguage\":\"de\",\"@id\":\"https:\\\/\\\/swissgliders.ch\\\/de\\\/produkt\\\/niviuk-nkare-bag\\\/#primaryimage\",\"url\":\"https:\\\/\\\/swissgliders.ch\\\/wp-content\\\/uploads\\\/2023\\\/03\\\/Niviuk_Packsack_Nkare_Bag-1.png\",\"contentUrl\":\"https:\\\/\\\/swissgliders.ch\\\/wp-content\\\/uploads\\\/2023\\\/03\\\/Niviuk_Packsack_Nkare_Bag-1.png\",\"width\":800,\"height\":800,\"caption\":\"Niviuk_Packsack_Nkare_Bag-1\"},{\"@type\":\"BreadcrumbList\",\"@id\":\"https:\\\/\\\/swissgliders.ch\\\/de\\\/produkt\\\/niviuk-nkare-bag\\\/#breadcrumb\",\"itemListElement\":[{\"@type\":\"ListItem\",\"position\":1,\"name\":\"Startseite\",\"item\":\"https:\\\/\\\/swissgliders.ch\\\/de\\\/willkommen\\\/\"},{\"@type\":\"ListItem\",\"position\":2,\"name\":\"Gleitschirm Shop\",\"item\":\"https:\\\/\\\/swissgliders.ch\\\/de\\\/gleitschirm-shop\\\/\"},{\"@type\":\"ListItem\",\"position\":3,\"name\":\"Niviuk Nkare Bag\"}]},{\"@type\":\"WebSite\",\"@id\":\"https:\\\/\\\/swissgliders.ch\\\/de\\\/#website\",\"url\":\"https:\\\/\\\/swissgliders.ch\\\/de\\\/\",\"name\":\"Gleitschirmschule Thun, Bern, Interlaken\",\"description\":\"Gleitschirmschule Thun, Bern, Interlaken\",\"publisher\":{\"@id\":\"https:\\\/\\\/swissgliders.ch\\\/de\\\/#organization\"},\"potentialAction\":[{\"@type\":\"SearchAction\",\"target\":{\"@type\":\"EntryPoint\",\"urlTemplate\":\"https:\\\/\\\/swissgliders.ch\\\/de\\\/?s={search_term_string}\"},\"query-input\":{\"@type\":\"PropertyValueSpecification\",\"valueRequired\":true,\"valueName\":\"search_term_string\"}}],\"inLanguage\":\"de\"},{\"@type\":\"Organization\",\"@id\":\"https:\\\/\\\/swissgliders.ch\\\/de\\\/#organization\",\"name\":\"Swissgliders Gleitschirmflugschule Thun\",\"url\":\"https:\\\/\\\/swissgliders.ch\\\/de\\\/\",\"logo\":{\"@type\":\"ImageObject\",\"inLanguage\":\"de\",\"@id\":\"https:\\\/\\\/swissgliders.ch\\\/de\\\/#\\\/schema\\\/logo\\\/image\\\/\",\"url\":\"https:\\\/\\\/swissgliders.ch\\\/wp-content\\\/uploads\\\/2019\\\/12\\\/swissgliders-logo-rgb-square-L-no-ch-01.png\",\"contentUrl\":\"https:\\\/\\\/swissgliders.ch\\\/wp-content\\\/uploads\\\/2019\\\/12\\\/swissgliders-logo-rgb-square-L-no-ch-01.png\",\"width\":2500,\"height\":2500,\"caption\":\"Swissgliders Gleitschirmflugschule Thun\"},\"image\":{\"@id\":\"https:\\\/\\\/swissgliders.ch\\\/de\\\/#\\\/schema\\\/logo\\\/image\\\/\"},\"sameAs\":[\"https:\\\/\\\/www.facebook.com\\\/swissgliders\",\"https:\\\/\\\/x.com\\\/Swissgliders\",\"https:\\\/\\\/www.instagram.com\\\/swissgliders\\\/\",\"https:\\\/\\\/www.youtube.com\\\/channel\\\/UCMCtGdepy9vBhrhX3V_oJOA\"],\"hasMerchantReturnPolicy\":{\"@type\":\"MerchantReturnPolicy\",\"merchantReturnLink\":\"https:\\\/\\\/swissgliders.ch\\\/de\\\/allgemeine-geschaftsbedingungen\\\/\"}}]}<\/script>\n<meta property=\"og:availability\" content=\"instock\" \/>\n<meta property=\"product:availability\" content=\"instock\" \/>\n<meta property=\"product:condition\" content=\"new\" \/>\n<!-- \/ Yoast SEO Premium plugin. -->","yoast_head_json":{"title":"Niviuk Nkare Bag | Gleitschirmschule Thun, Bern, Interlaken","description":"Mit dem Nkare\u00a0Bag kannst du deinen Schirm schnell verpacken und bis zu deinem n\u00e4chsten Flug lagern. Um deinen Schirm in perfektem Zustand zu halten und seine Langlebigkeit und Leistung zu garantieren, ist eine ideale Lagerung extrem wichtig.","robots":{"index":"index","follow":"follow","max-snippet":"max-snippet:-1","max-image-preview":"max-image-preview:large","max-video-preview":"max-video-preview:-1"},"canonical":"https:\/\/swissgliders.ch\/de\/produkt\/niviuk-nkare-bag\/","og_locale":"de_DE","og_type":"article","og_title":"Niviuk Nkare Bag","og_description":"Mit dem Nkare\u00a0Bag kannst du deinen Schirm schnell verpacken und bis zu deinem n\u00e4chsten Flug lagern. Um deinen Schirm in perfektem Zustand zu halten und seine Langlebigkeit und Leistung zu garantieren, ist eine ideale Lagerung extrem wichtig.","og_url":"https:\/\/swissgliders.ch\/de\/produkt\/niviuk-nkare-bag\/","og_site_name":"Gleitschirmschule Thun, Bern, Interlaken","article_publisher":"https:\/\/www.facebook.com\/swissgliders","article_modified_time":"2024-01-03T15:41:35+00:00","og_image":[{"width":800,"height":800,"url":"https:\/\/swissgliders.ch\/wp-content\/uploads\/2023\/03\/Niviuk_Packsack_Nkare_Bag-1.png","type":"image\/png"}],"twitter_card":"summary_large_image","twitter_site":"@Swissgliders","twitter_misc":{"Verf\u00fcgbarkeit":"Auf Lager"},"schema":{"@context":"https:\/\/schema.org","@graph":[{"@type":"WebPage","@id":"https:\/\/swissgliders.ch\/de\/produkt\/niviuk-nkare-bag\/","url":"https:\/\/swissgliders.ch\/de\/produkt\/niviuk-nkare-bag\/","name":"Niviuk Nkare Bag | Gleitschirmschule Thun, Bern, Interlaken","isPartOf":{"@id":"https:\/\/swissgliders.ch\/de\/#website"},"primaryImageOfPage":{"@id":"https:\/\/swissgliders.ch\/de\/produkt\/niviuk-nkare-bag\/#primaryimage"},"image":{"@id":"https:\/\/swissgliders.ch\/de\/produkt\/niviuk-nkare-bag\/#primaryimage"},"thumbnailUrl":"https:\/\/swissgliders.ch\/wp-content\/uploads\/2023\/03\/Niviuk_Packsack_Nkare_Bag-1.png","datePublished":"2023-03-10T12:40:23+00:00","dateModified":"2024-01-03T15:41:35+00:00","description":"Mit dem Nkare\u00a0Bag kannst du deinen Schirm schnell verpacken und bis zu deinem n\u00e4chsten Flug lagern. Um deinen Schirm in perfektem Zustand zu halten und seine Langlebigkeit und Leistung zu garantieren, ist eine ideale Lagerung extrem wichtig.","breadcrumb":{"@id":"https:\/\/swissgliders.ch\/de\/produkt\/niviuk-nkare-bag\/#breadcrumb"},"inLanguage":"de","potentialAction":[{"@type":"ReadAction","target":["https:\/\/swissgliders.ch\/de\/produkt\/niviuk-nkare-bag\/"]}]},{"@type":"ImageObject","inLanguage":"de","@id":"https:\/\/swissgliders.ch\/de\/produkt\/niviuk-nkare-bag\/#primaryimage","url":"https:\/\/swissgliders.ch\/wp-content\/uploads\/2023\/03\/Niviuk_Packsack_Nkare_Bag-1.png","contentUrl":"https:\/\/swissgliders.ch\/wp-content\/uploads\/2023\/03\/Niviuk_Packsack_Nkare_Bag-1.png","width":800,"height":800,"caption":"Niviuk_Packsack_Nkare_Bag-1"},{"@type":"BreadcrumbList","@id":"https:\/\/swissgliders.ch\/de\/produkt\/niviuk-nkare-bag\/#breadcrumb","itemListElement":[{"@type":"ListItem","position":1,"name":"Startseite","item":"https:\/\/swissgliders.ch\/de\/willkommen\/"},{"@type":"ListItem","position":2,"name":"Gleitschirm Shop","item":"https:\/\/swissgliders.ch\/de\/gleitschirm-shop\/"},{"@type":"ListItem","position":3,"name":"Niviuk Nkare Bag"}]},{"@type":"WebSite","@id":"https:\/\/swissgliders.ch\/de\/#website","url":"https:\/\/swissgliders.ch\/de\/","name":"Gleitschirmschule Thun, Bern, Interlaken","description":"Gleitschirmschule Thun, Bern, Interlaken","publisher":{"@id":"https:\/\/swissgliders.ch\/de\/#organization"},"potentialAction":[{"@type":"SearchAction","target":{"@type":"EntryPoint","urlTemplate":"https:\/\/swissgliders.ch\/de\/?s={search_term_string}"},"query-input":{"@type":"PropertyValueSpecification","valueRequired":true,"valueName":"search_term_string"}}],"inLanguage":"de"},{"@type":"Organization","@id":"https:\/\/swissgliders.ch\/de\/#organization","name":"Swissgliders Gleitschirmflugschule Thun","url":"https:\/\/swissgliders.ch\/de\/","logo":{"@type":"ImageObject","inLanguage":"de","@id":"https:\/\/swissgliders.ch\/de\/#\/schema\/logo\/image\/","url":"https:\/\/swissgliders.ch\/wp-content\/uploads\/2019\/12\/swissgliders-logo-rgb-square-L-no-ch-01.png","contentUrl":"https:\/\/swissgliders.ch\/wp-content\/uploads\/2019\/12\/swissgliders-logo-rgb-square-L-no-ch-01.png","width":2500,"height":2500,"caption":"Swissgliders Gleitschirmflugschule Thun"},"image":{"@id":"https:\/\/swissgliders.ch\/de\/#\/schema\/logo\/image\/"},"sameAs":["https:\/\/www.facebook.com\/swissgliders","https:\/\/x.com\/Swissgliders","https:\/\/www.instagram.com\/swissgliders\/","https:\/\/www.youtube.com\/channel\/UCMCtGdepy9vBhrhX3V_oJOA"],"hasMerchantReturnPolicy":{"@type":"MerchantReturnPolicy","merchantReturnLink":"https:\/\/swissgliders.ch\/de\/allgemeine-geschaftsbedingungen\/"}}]},"og_availability":"instock","product_availability":"instock","product_condition":"new"},"_links":{"self":[{"href":"https:\/\/swissgliders.ch\/de\/wp-json\/wp\/v2\/product\/10160","targetHints":{"allow":["GET"]}}],"collection":[{"href":"https:\/\/swissgliders.ch\/de\/wp-json\/wp\/v2\/product"}],"about":[{"href":"https:\/\/swissgliders.ch\/de\/wp-json\/wp\/v2\/types\/product"}],"replies":[{"embeddable":true,"href":"https:\/\/swissgliders.ch\/de\/wp-json\/wp\/v2\/comments?post=10160"}],"wp:featuredmedia":[{"embeddable":true,"href":"https:\/\/swissgliders.ch\/de\/wp-json\/wp\/v2\/media\/10162"}],"wp:attachment":[{"href":"https:\/\/swissgliders.ch\/de\/wp-json\/wp\/v2\/media?parent=10160"}],"wp:term":[{"taxonomy":"product_brand","embeddable":true,"href":"https:\/\/swissgliders.ch\/de\/wp-json\/wp\/v2\/product_brand?post=10160"},{"taxonomy":"product_cat","embeddable":true,"href":"https:\/\/swissgliders.ch\/de\/wp-json\/wp\/v2\/product_cat?post=10160"},{"taxonomy":"product_tag","embeddable":true,"href":"https:\/\/swissgliders.ch\/de\/wp-json\/wp\/v2\/product_tag?post=10160"}],"curies":[{"name":"wp","href":"https:\/\/api.w.org\/{rel}","templated":true}]}}