{"id":10218,"date":"2023-03-16T20:48:40","date_gmt":"2023-03-16T19:48:40","guid":{"rendered":"https:\/\/swissgliders.ch\/?post_type=product&#038;p=10218"},"modified":"2026-03-26T16:29:24","modified_gmt":"2026-03-26T15:29:24","slug":"kruyer3","status":"publish","type":"product","link":"https:\/\/swissgliders.ch\/de\/produkt\/kruyer3\/","title":{"rendered":"Kortel Kruyer 3"},"content":{"rendered":"<p><img loading=\"lazy\" decoding=\"async\" class=\"\" src=\"https:\/\/www.korteldesign.com\/wp-content\/uploads\/2022\/03\/DSC_0156-web2000.jpg\" alt=\"undefined\" width=\"543\" height=\"363\" \/><\/p>\n<p>Das\u00a0<strong>Kruyer III<\/strong>, ein vielseitiges Berggurtzeug, wurde \u00fcberarbeitet und verf\u00fcgt nun \u00fcber eine geformte 3D-Geometrie!<\/p>\n<p>Diese Technologie bietet einen Komfort, der f\u00fcr ein Gurtzeug dieses Gewichts un\u00fcbertroffen ist.<\/p>\n<p>Au\u00dferdem ist es mit dem exklusiven Schnallensystem &#8222;Konnect&#8220; ausgestattet.<\/p>\n<p><span class=\"tit\">Merkmale<\/span><br \/>\n<span class=\"tit\">&gt;\u00a0<\/span>Dyneemaleinen-Struktur<br \/>\n<span class=\"tit\">&gt;\u00a0<\/span>Beingurte k\u00f6nnen ge\u00f6ffnet werden<br \/>\n<span class=\"tit\">&gt;\u00a0<\/span>Rettungsaufh\u00e4ngung an den Schultergurten<br \/>\n<span class=\"tit\">&gt;\u00a0<\/span>Einstellbarer Brustgurt<br \/>\n<span class=\"tit\">&gt;\u00a0<\/span>Kann mit dem Umkehrrucksack Sak III verbunden werden. Der Sak III mit Airbag verbessert sowohl den Komfort als auch das Handling des Gurtzeugs.<br \/>\n<span class=\"tit\">&gt;\u00a0<\/span>Vorbereitet f\u00fcr ein Speedsystem<br \/>\n<span class=\"tit\">&gt;\u00a0<\/span>Wird mit Softlinks (12g) geliefert<\/p>\n<p>Der\u00a0<a href=\"https:\/\/swissgliders.ch\/de\/produkt\/kortel-sak-3\/\"><strong>Sak III<\/strong><\/a>\u00a0ist der neue wendbare Airbag-Rucksack von Kortel Design. Er ist nur mit dem\u00a0<a href=\"https:\/\/www.korteldesign.com\/de\/produits\/kruyer-iii\/\"><strong>Kruyer III<\/strong><\/a> kompatibel.<\/p>\n<p>\u00abDieses Produkt wird ausschliesslich von einem unserer ausgebildeten Spezialisten mit deinem Gurtzeug bzw. Rettungsschirm kombiniert oder \u00fcber einen von dir gew\u00fcnschten Rettungsschirmpacker SHV ausgeliefert.\u00bb<\/p>\n<p>&nbsp;<\/p>\n<p>Mehr<a href=\"https:\/\/www.korteldesign.com\/de\/produits\/kruyer-iii\/\" target=\"_blank\" rel=\"noopener noreferrer\"> Infos<\/a><\/p>\n<p>Falls dieser Artikel nicht an Lager ist, wird er f\u00fcr dich bestellt. Lieferfrist auf Anfrage.<\/p>\n","protected":false},"excerpt":{"rendered":"<p><img loading=\"lazy\" decoding=\"async\" class=\"\" src=\"https:\/\/www.korteldesign.com\/wp-content\/uploads\/2022\/03\/DSC_0156-web2000.jpg\" alt=\"undefined\" width=\"543\" height=\"363\" \/><\/p>\n<p>Das\u00a0<strong>Kruyer III<\/strong>, ein vielseitiges Berggurtzeug, wurde \u00fcberarbeitet und verf\u00fcgt nun \u00fcber eine geformte 3D-Geometrie!<\/p>\n<p>Diese Technologie bietet einen Komfort, der f\u00fcr ein Gurtzeug dieses Gewichts un\u00fcbertroffen ist.<\/p>\n<p>Au\u00dferdem ist es mit dem exklusiven Schnallensystem &#8222;Konnect&#8220; ausgestattet.<\/p>\n<p><span class=\"tit\">Merkmale<\/span><br \/>\n<span class=\"tit\">&gt;\u00a0<\/span>Dyneemaleinen-Struktur<br \/>\n<span class=\"tit\">&gt;\u00a0<\/span>Beingurte k\u00f6nnen ge\u00f6ffnet werden<br \/>\n<span class=\"tit\">&gt;\u00a0<\/span>Rettungsaufh\u00e4ngung an den Schultergurten<br \/>\n<span class=\"tit\">&gt;\u00a0<\/span>Einstellbarer Brustgurt<br \/>\n<span class=\"tit\">&gt;\u00a0<\/span>Kann mit dem Umkehrrucksack Sak III verbunden werden. Der Sak III mit Airbag verbessert sowohl den Komfort als auch das Handling des Gurtzeugs.<br \/>\n<span class=\"tit\">&gt;\u00a0<\/span>Vorbereitet f\u00fcr ein Speedsystem<br \/>\n<span class=\"tit\">&gt;\u00a0<\/span>Wird mit Softlinks (12g) geliefert<\/p>\n<p>Der\u00a0<a href=\"https:\/\/swissgliders.ch\/de\/produkt\/kortel-sak-3\/\"><strong>Sak III<\/strong><\/a>\u00a0ist der neue wendbare Airbag-Rucksack von Kortel Design. Er ist nur mit dem\u00a0<a href=\"https:\/\/www.korteldesign.com\/de\/produits\/kruyer-iii\/\"><strong>Kruyer III<\/strong><\/a> kompatibel.<\/p>\n<p>\u00abDieses Produkt wird ausschliesslich von einem unserer ausgebildeten Spezialisten mit deinem Gurtzeug bzw. Rettungsschirm kombiniert oder \u00fcber einen von dir gew\u00fcnschten Rettungsschirmpacker SHV ausgeliefert.\u00bb<\/p>\n<p>&nbsp;<\/p>\n<p>Mehr<a href=\"https:\/\/www.korteldesign.com\/de\/produits\/kruyer-iii\/\" target=\"_blank\" rel=\"noopener noreferrer\"> Infos<\/a><\/p>\n<p>Falls dieser Artikel nicht an Lager ist, wird er f\u00fcr dich bestellt. Lieferfrist auf Anfrage.<\/p>\n","protected":false},"featured_media":10220,"comment_status":"closed","ping_status":"closed","template":"","meta":[],"product_brand":[],"product_cat":[1026],"product_tag":[1040,90],"class_list":{"0":"post-10218","1":"product","2":"type-product","3":"status-publish","4":"has-post-thumbnail","6":"product_cat-leichte-gleitschirmgurtzeuge","7":"product_tag-leichtgurtzeug","8":"product_tag-verkaufsartikel","9":"product_shipping_class-priority-2kg-de","11":"first","12":"instock","13":"sale","14":"shipping-taxable","15":"purchasable","16":"product-type-variable"},"yoast_head":"<!-- This site is optimized with the Yoast SEO Premium plugin v26.1 (Yoast SEO v27.3) - https:\/\/yoast.com\/product\/yoast-seo-premium-wordpress\/ -->\n<title>Kortel Kruyer 3 | Gleitschirmschule Thun, Bern, Interlaken<\/title>\n<meta name=\"description\" content=\"Das Kruyer 3 bleibt das Berggurtzeug im Kortel Angebot. Im Vergleich zum Vorg\u00e4nger wurde es komplett \u00fcberarbeitet und verf\u00fcgt nun \u00fcber eine brandneue 3D Geometrie. Diese Technologie bietet einen einzigartigen Komfort f\u00fcr ein Leichtgurtzeug.\" \/>\n<meta name=\"robots\" content=\"index, follow, max-snippet:-1, max-image-preview:large, max-video-preview:-1\" \/>\n<link rel=\"canonical\" href=\"https:\/\/swissgliders.ch\/de\/produkt\/kruyer3\/\" \/>\n<meta property=\"og:locale\" content=\"de_DE\" \/>\n<meta property=\"og:type\" content=\"article\" \/>\n<meta property=\"og:title\" content=\"Kortel Kruyer 3\" \/>\n<meta property=\"og:description\" content=\"Das Kruyer 3 bleibt das Berggurtzeug im Kortel Angebot. Im Vergleich zum Vorg\u00e4nger wurde es komplett \u00fcberarbeitet und verf\u00fcgt nun \u00fcber eine brandneue 3D Geometrie. Diese Technologie bietet einen einzigartigen Komfort f\u00fcr ein Leichtgurtzeug.\" \/>\n<meta property=\"og:url\" content=\"https:\/\/swissgliders.ch\/de\/produkt\/kruyer3\/\" \/>\n<meta property=\"og:site_name\" content=\"Gleitschirmschule Thun, Bern, Interlaken\" \/>\n<meta property=\"article:publisher\" content=\"https:\/\/www.facebook.com\/swissgliders\" \/>\n<meta property=\"article:modified_time\" content=\"2026-03-26T15:29:24+00:00\" \/>\n<meta property=\"og:image\" content=\"https:\/\/swissgliders.ch\/wp-content\/uploads\/2023\/03\/HA_Gurtzeug_Kortel-Kruyer-III.jpg\" \/>\n\t<meta property=\"og:image:width\" content=\"752\" \/>\n\t<meta property=\"og:image:height\" content=\"1001\" \/>\n\t<meta property=\"og:image:type\" content=\"image\/jpeg\" \/>\n<meta name=\"twitter:card\" content=\"summary_large_image\" \/>\n<meta name=\"twitter:site\" content=\"@Swissgliders\" \/>\n<meta name=\"twitter:label1\" content=\"Verf\u00fcgbarkeit\" \/>\n\t<meta name=\"twitter:data1\" content=\"Auf Lager\" \/>\n<script type=\"application\/ld+json\" class=\"yoast-schema-graph\">{\"@context\":\"https:\\\/\\\/schema.org\",\"@graph\":[{\"@type\":\"WebPage\",\"@id\":\"https:\\\/\\\/swissgliders.ch\\\/de\\\/produkt\\\/kruyer3\\\/\",\"url\":\"https:\\\/\\\/swissgliders.ch\\\/de\\\/produkt\\\/kruyer3\\\/\",\"name\":\"Kortel Kruyer 3 | Gleitschirmschule Thun, Bern, Interlaken\",\"isPartOf\":{\"@id\":\"https:\\\/\\\/swissgliders.ch\\\/de\\\/#website\"},\"primaryImageOfPage\":{\"@id\":\"https:\\\/\\\/swissgliders.ch\\\/de\\\/produkt\\\/kruyer3\\\/#primaryimage\"},\"image\":{\"@id\":\"https:\\\/\\\/swissgliders.ch\\\/de\\\/produkt\\\/kruyer3\\\/#primaryimage\"},\"thumbnailUrl\":\"https:\\\/\\\/swissgliders.ch\\\/wp-content\\\/uploads\\\/2023\\\/03\\\/HA_Gurtzeug_Kortel-Kruyer-III.jpg\",\"datePublished\":\"2023-03-16T19:48:40+00:00\",\"dateModified\":\"2026-03-26T15:29:24+00:00\",\"description\":\"Das Kruyer 3 bleibt das Berggurtzeug im Kortel Angebot. Im Vergleich zum Vorg\u00e4nger wurde es komplett \u00fcberarbeitet und verf\u00fcgt nun \u00fcber eine brandneue 3D Geometrie. Diese Technologie bietet einen einzigartigen Komfort f\u00fcr ein Leichtgurtzeug.\",\"breadcrumb\":{\"@id\":\"https:\\\/\\\/swissgliders.ch\\\/de\\\/produkt\\\/kruyer3\\\/#breadcrumb\"},\"inLanguage\":\"de\",\"potentialAction\":[{\"@type\":\"ReadAction\",\"target\":[\"https:\\\/\\\/swissgliders.ch\\\/de\\\/produkt\\\/kruyer3\\\/\"]}]},{\"@type\":\"ImageObject\",\"inLanguage\":\"de\",\"@id\":\"https:\\\/\\\/swissgliders.ch\\\/de\\\/produkt\\\/kruyer3\\\/#primaryimage\",\"url\":\"https:\\\/\\\/swissgliders.ch\\\/wp-content\\\/uploads\\\/2023\\\/03\\\/HA_Gurtzeug_Kortel-Kruyer-III.jpg\",\"contentUrl\":\"https:\\\/\\\/swissgliders.ch\\\/wp-content\\\/uploads\\\/2023\\\/03\\\/HA_Gurtzeug_Kortel-Kruyer-III.jpg\",\"width\":752,\"height\":1001,\"caption\":\"HA_Gurtzeug_Kortel-Kruyer-III-1\"},{\"@type\":\"BreadcrumbList\",\"@id\":\"https:\\\/\\\/swissgliders.ch\\\/de\\\/produkt\\\/kruyer3\\\/#breadcrumb\",\"itemListElement\":[{\"@type\":\"ListItem\",\"position\":1,\"name\":\"Startseite\",\"item\":\"https:\\\/\\\/swissgliders.ch\\\/de\\\/willkommen\\\/\"},{\"@type\":\"ListItem\",\"position\":2,\"name\":\"Gleitschirm Shop\",\"item\":\"https:\\\/\\\/swissgliders.ch\\\/de\\\/gleitschirm-shop\\\/\"},{\"@type\":\"ListItem\",\"position\":3,\"name\":\"Kortel Kruyer 3\"}]},{\"@type\":\"WebSite\",\"@id\":\"https:\\\/\\\/swissgliders.ch\\\/de\\\/#website\",\"url\":\"https:\\\/\\\/swissgliders.ch\\\/de\\\/\",\"name\":\"Gleitschirmschule Thun, Bern, Interlaken\",\"description\":\"Gleitschirmschule Thun, Bern, Interlaken\",\"publisher\":{\"@id\":\"https:\\\/\\\/swissgliders.ch\\\/de\\\/#organization\"},\"potentialAction\":[{\"@type\":\"SearchAction\",\"target\":{\"@type\":\"EntryPoint\",\"urlTemplate\":\"https:\\\/\\\/swissgliders.ch\\\/de\\\/?s={search_term_string}\"},\"query-input\":{\"@type\":\"PropertyValueSpecification\",\"valueRequired\":true,\"valueName\":\"search_term_string\"}}],\"inLanguage\":\"de\"},{\"@type\":\"Organization\",\"@id\":\"https:\\\/\\\/swissgliders.ch\\\/de\\\/#organization\",\"name\":\"Swissgliders Gleitschirmflugschule Thun\",\"url\":\"https:\\\/\\\/swissgliders.ch\\\/de\\\/\",\"logo\":{\"@type\":\"ImageObject\",\"inLanguage\":\"de\",\"@id\":\"https:\\\/\\\/swissgliders.ch\\\/de\\\/#\\\/schema\\\/logo\\\/image\\\/\",\"url\":\"https:\\\/\\\/swissgliders.ch\\\/wp-content\\\/uploads\\\/2019\\\/12\\\/swissgliders-logo-rgb-square-L-no-ch-01.png\",\"contentUrl\":\"https:\\\/\\\/swissgliders.ch\\\/wp-content\\\/uploads\\\/2019\\\/12\\\/swissgliders-logo-rgb-square-L-no-ch-01.png\",\"width\":2500,\"height\":2500,\"caption\":\"Swissgliders Gleitschirmflugschule Thun\"},\"image\":{\"@id\":\"https:\\\/\\\/swissgliders.ch\\\/de\\\/#\\\/schema\\\/logo\\\/image\\\/\"},\"sameAs\":[\"https:\\\/\\\/www.facebook.com\\\/swissgliders\",\"https:\\\/\\\/x.com\\\/Swissgliders\",\"https:\\\/\\\/www.instagram.com\\\/swissgliders\\\/\",\"https:\\\/\\\/www.youtube.com\\\/channel\\\/UCMCtGdepy9vBhrhX3V_oJOA\"],\"hasMerchantReturnPolicy\":{\"@type\":\"MerchantReturnPolicy\",\"merchantReturnLink\":\"https:\\\/\\\/swissgliders.ch\\\/de\\\/allgemeine-geschaftsbedingungen\\\/\"}}]}<\/script>\n<meta property=\"og:availability\" content=\"instock\" \/>\n<meta property=\"product:availability\" content=\"instock\" \/>\n<meta property=\"product:condition\" content=\"new\" \/>\n<!-- \/ Yoast SEO Premium plugin. -->","yoast_head_json":{"title":"Kortel Kruyer 3 | Gleitschirmschule Thun, Bern, Interlaken","description":"Das Kruyer 3 bleibt das Berggurtzeug im Kortel Angebot. Im Vergleich zum Vorg\u00e4nger wurde es komplett \u00fcberarbeitet und verf\u00fcgt nun \u00fcber eine brandneue 3D Geometrie. Diese Technologie bietet einen einzigartigen Komfort f\u00fcr ein Leichtgurtzeug.","robots":{"index":"index","follow":"follow","max-snippet":"max-snippet:-1","max-image-preview":"max-image-preview:large","max-video-preview":"max-video-preview:-1"},"canonical":"https:\/\/swissgliders.ch\/de\/produkt\/kruyer3\/","og_locale":"de_DE","og_type":"article","og_title":"Kortel Kruyer 3","og_description":"Das Kruyer 3 bleibt das Berggurtzeug im Kortel Angebot. Im Vergleich zum Vorg\u00e4nger wurde es komplett \u00fcberarbeitet und verf\u00fcgt nun \u00fcber eine brandneue 3D Geometrie. Diese Technologie bietet einen einzigartigen Komfort f\u00fcr ein Leichtgurtzeug.","og_url":"https:\/\/swissgliders.ch\/de\/produkt\/kruyer3\/","og_site_name":"Gleitschirmschule Thun, Bern, Interlaken","article_publisher":"https:\/\/www.facebook.com\/swissgliders","article_modified_time":"2026-03-26T15:29:24+00:00","og_image":[{"width":752,"height":1001,"url":"https:\/\/swissgliders.ch\/wp-content\/uploads\/2023\/03\/HA_Gurtzeug_Kortel-Kruyer-III.jpg","type":"image\/jpeg"}],"twitter_card":"summary_large_image","twitter_site":"@Swissgliders","twitter_misc":{"Verf\u00fcgbarkeit":"Auf Lager"},"schema":{"@context":"https:\/\/schema.org","@graph":[{"@type":"WebPage","@id":"https:\/\/swissgliders.ch\/de\/produkt\/kruyer3\/","url":"https:\/\/swissgliders.ch\/de\/produkt\/kruyer3\/","name":"Kortel Kruyer 3 | Gleitschirmschule Thun, Bern, Interlaken","isPartOf":{"@id":"https:\/\/swissgliders.ch\/de\/#website"},"primaryImageOfPage":{"@id":"https:\/\/swissgliders.ch\/de\/produkt\/kruyer3\/#primaryimage"},"image":{"@id":"https:\/\/swissgliders.ch\/de\/produkt\/kruyer3\/#primaryimage"},"thumbnailUrl":"https:\/\/swissgliders.ch\/wp-content\/uploads\/2023\/03\/HA_Gurtzeug_Kortel-Kruyer-III.jpg","datePublished":"2023-03-16T19:48:40+00:00","dateModified":"2026-03-26T15:29:24+00:00","description":"Das Kruyer 3 bleibt das Berggurtzeug im Kortel Angebot. Im Vergleich zum Vorg\u00e4nger wurde es komplett \u00fcberarbeitet und verf\u00fcgt nun \u00fcber eine brandneue 3D Geometrie. Diese Technologie bietet einen einzigartigen Komfort f\u00fcr ein Leichtgurtzeug.","breadcrumb":{"@id":"https:\/\/swissgliders.ch\/de\/produkt\/kruyer3\/#breadcrumb"},"inLanguage":"de","potentialAction":[{"@type":"ReadAction","target":["https:\/\/swissgliders.ch\/de\/produkt\/kruyer3\/"]}]},{"@type":"ImageObject","inLanguage":"de","@id":"https:\/\/swissgliders.ch\/de\/produkt\/kruyer3\/#primaryimage","url":"https:\/\/swissgliders.ch\/wp-content\/uploads\/2023\/03\/HA_Gurtzeug_Kortel-Kruyer-III.jpg","contentUrl":"https:\/\/swissgliders.ch\/wp-content\/uploads\/2023\/03\/HA_Gurtzeug_Kortel-Kruyer-III.jpg","width":752,"height":1001,"caption":"HA_Gurtzeug_Kortel-Kruyer-III-1"},{"@type":"BreadcrumbList","@id":"https:\/\/swissgliders.ch\/de\/produkt\/kruyer3\/#breadcrumb","itemListElement":[{"@type":"ListItem","position":1,"name":"Startseite","item":"https:\/\/swissgliders.ch\/de\/willkommen\/"},{"@type":"ListItem","position":2,"name":"Gleitschirm Shop","item":"https:\/\/swissgliders.ch\/de\/gleitschirm-shop\/"},{"@type":"ListItem","position":3,"name":"Kortel Kruyer 3"}]},{"@type":"WebSite","@id":"https:\/\/swissgliders.ch\/de\/#website","url":"https:\/\/swissgliders.ch\/de\/","name":"Gleitschirmschule Thun, Bern, Interlaken","description":"Gleitschirmschule Thun, Bern, Interlaken","publisher":{"@id":"https:\/\/swissgliders.ch\/de\/#organization"},"potentialAction":[{"@type":"SearchAction","target":{"@type":"EntryPoint","urlTemplate":"https:\/\/swissgliders.ch\/de\/?s={search_term_string}"},"query-input":{"@type":"PropertyValueSpecification","valueRequired":true,"valueName":"search_term_string"}}],"inLanguage":"de"},{"@type":"Organization","@id":"https:\/\/swissgliders.ch\/de\/#organization","name":"Swissgliders Gleitschirmflugschule Thun","url":"https:\/\/swissgliders.ch\/de\/","logo":{"@type":"ImageObject","inLanguage":"de","@id":"https:\/\/swissgliders.ch\/de\/#\/schema\/logo\/image\/","url":"https:\/\/swissgliders.ch\/wp-content\/uploads\/2019\/12\/swissgliders-logo-rgb-square-L-no-ch-01.png","contentUrl":"https:\/\/swissgliders.ch\/wp-content\/uploads\/2019\/12\/swissgliders-logo-rgb-square-L-no-ch-01.png","width":2500,"height":2500,"caption":"Swissgliders Gleitschirmflugschule Thun"},"image":{"@id":"https:\/\/swissgliders.ch\/de\/#\/schema\/logo\/image\/"},"sameAs":["https:\/\/www.facebook.com\/swissgliders","https:\/\/x.com\/Swissgliders","https:\/\/www.instagram.com\/swissgliders\/","https:\/\/www.youtube.com\/channel\/UCMCtGdepy9vBhrhX3V_oJOA"],"hasMerchantReturnPolicy":{"@type":"MerchantReturnPolicy","merchantReturnLink":"https:\/\/swissgliders.ch\/de\/allgemeine-geschaftsbedingungen\/"}}]},"og_availability":"instock","product_availability":"instock","product_condition":"new"},"_links":{"self":[{"href":"https:\/\/swissgliders.ch\/de\/wp-json\/wp\/v2\/product\/10218","targetHints":{"allow":["GET"]}}],"collection":[{"href":"https:\/\/swissgliders.ch\/de\/wp-json\/wp\/v2\/product"}],"about":[{"href":"https:\/\/swissgliders.ch\/de\/wp-json\/wp\/v2\/types\/product"}],"replies":[{"embeddable":true,"href":"https:\/\/swissgliders.ch\/de\/wp-json\/wp\/v2\/comments?post=10218"}],"wp:featuredmedia":[{"embeddable":true,"href":"https:\/\/swissgliders.ch\/de\/wp-json\/wp\/v2\/media\/10220"}],"wp:attachment":[{"href":"https:\/\/swissgliders.ch\/de\/wp-json\/wp\/v2\/media?parent=10218"}],"wp:term":[{"taxonomy":"product_brand","embeddable":true,"href":"https:\/\/swissgliders.ch\/de\/wp-json\/wp\/v2\/product_brand?post=10218"},{"taxonomy":"product_cat","embeddable":true,"href":"https:\/\/swissgliders.ch\/de\/wp-json\/wp\/v2\/product_cat?post=10218"},{"taxonomy":"product_tag","embeddable":true,"href":"https:\/\/swissgliders.ch\/de\/wp-json\/wp\/v2\/product_tag?post=10218"}],"curies":[{"name":"wp","href":"https:\/\/api.w.org\/{rel}","templated":true}]}}