{"id":10338,"date":"2023-04-03T10:06:04","date_gmt":"2023-04-03T09:06:04","guid":{"rendered":"https:\/\/swissgliders.ch\/?post_type=product&#038;p=10338"},"modified":"2024-01-02T09:18:46","modified_gmt":"2024-01-02T08:18:46","slug":"free-spee-3-optimale-schlaufe-mit-titan","status":"publish","type":"product","link":"https:\/\/swissgliders.ch\/de\/produkt\/free-spee-3-optimale-schlaufe-mit-titan\/","title":{"rendered":"free spee 3 \u2013 optimale Schlaufe mit Titan"},"content":{"rendered":"<p><strong>Einfach einstellen \u2013 entspannt fliegen.<br \/>\n<\/strong><\/p>\n<p>Das Einstellen des Beschleunigers ist beim free*spee so simpel, dass du diesen einfach im Flug pr\u00e4zise einstellen kannst. Der ganze Aufwand des Einstellens durch Knoten, wie es bei anderen Systemen der Fall ist, f\u00e4llt hier komplett weg.<br \/>\nDeshalb ist der free*spee auch\u00a0<strong>der<\/strong>\u00a0Beschleuniger der Testpiloten und Entwickler. Ein Gro\u00dfteil aller Schirme wird mit dem free*spee getestet.<\/p>\n<p><strong>Der Neue<\/strong>\u00a0hat nun eine kleine,aber feine Verbesserung:<br \/>\nDie Gurtbandschlaufe ist durch einen Titan-Federdraht (Nitinol) verst\u00e4rkt. So steht diese immer optimal nach vorn und macht den Einstieg in den Beschleuniger super einfach.\u00a0<strong><br \/>\n<\/strong><\/p>\n<p>Das bew\u00e4hrte Justier-System bietet Dir h\u00f6chste Performance bei geringstem Gewicht.<br \/>\nZuverl\u00e4ssige Technik sowie hochwertige Materialien setzen Ma\u00dfst\u00e4be.<\/p>\n<p>Dank seiner robusten und smarten Konstruktion wird der free*spee dich sehr lange Zeit in der Luft begleiten.<\/p>\n<p><strong>Das bekommst Du:<\/strong><\/p>\n<p>1 free*spee-Speedbar: hochbelastbarer GFK, stabiles Gurtband , bew\u00e4hrte Klemm-Mechanik,<br \/>\n\u2013 Gewicht: nur 80g<br \/>\n1 Leine: 3,2mm\u00a0 x 3,5m Kern-Mantelgeflecht , Bruchlast &gt; 300kg<br \/>\n2 Brummelhaken: Edelstahl<br \/>\n2 Kordelstopper<\/p>\n<p>Mehr <a href=\"https:\/\/free-spee.de\/produkt\/freespee-3-0\/\" target=\"_blank\" rel=\"noopener noreferrer\">Infos<\/a><\/p>\n<p>Lieferfrist 1 Woche<\/p>\n","protected":false},"excerpt":{"rendered":"<p><strong>Einfach einstellen \u2013 entspannt fliegen.<br \/>\n<\/strong><\/p>\n<p>Das Einstellen des Beschleunigers ist beim free*spee so simpel, dass du diesen einfach im Flug pr\u00e4zise einstellen kannst. Der ganze Aufwand des Einstellens durch Knoten, wie es bei anderen Systemen der Fall ist, f\u00e4llt hier komplett weg.<br \/>\nDeshalb ist der free*spee auch\u00a0<strong>der<\/strong>\u00a0Beschleuniger der Testpiloten und Entwickler. Ein Gro\u00dfteil aller Schirme wird mit dem free*spee getestet.<\/p>\n<p><strong>Der Neue<\/strong>\u00a0hat nun eine kleine,aber feine Verbesserung:<br \/>\nDie Gurtbandschlaufe ist durch einen Titan-Federdraht (Nitinol) verst\u00e4rkt. So steht diese immer optimal nach vorn und macht den Einstieg in den Beschleuniger super einfach.\u00a0<strong><br \/>\n<\/strong><\/p>\n<p>Das bew\u00e4hrte Justier-System bietet Dir h\u00f6chste Performance bei geringstem Gewicht.<br \/>\nZuverl\u00e4ssige Technik sowie hochwertige Materialien setzen Ma\u00dfst\u00e4be.<\/p>\n<p>Dank seiner robusten und smarten Konstruktion wird der free*spee dich sehr lange Zeit in der Luft begleiten.<\/p>\n<p><strong>Das bekommst Du:<\/strong><\/p>\n<p>1 free*spee-Speedbar: hochbelastbarer GFK, stabiles Gurtband , bew\u00e4hrte Klemm-Mechanik,<br \/>\n\u2013 Gewicht: nur 80g<br \/>\n1 Leine: 3,2mm\u00a0 x 3,5m Kern-Mantelgeflecht , Bruchlast &gt; 300kg<br \/>\n2 Brummelhaken: Edelstahl<br \/>\n2 Kordelstopper<\/p>\n<p>Mehr <a href=\"https:\/\/free-spee.de\/produkt\/freespee-3-0\/\" target=\"_blank\" rel=\"noopener noreferrer\">Infos<\/a><\/p>\n<p>Lieferfrist 1 Woche<\/p>\n","protected":false},"featured_media":10340,"comment_status":"closed","ping_status":"closed","template":"","meta":[],"product_brand":[],"product_cat":[402],"product_tag":[2351,410],"class_list":{"0":"post-10338","1":"product","2":"type-product","3":"status-publish","4":"has-post-thumbnail","6":"product_cat-gleitschirm-zubehoer","7":"product_tag-beschleuniger","8":"product_tag-zubehoer","9":"product_shipping_class-priority-2kg-de","11":"first","12":"instock","13":"sale","14":"shipping-taxable","15":"purchasable","16":"product-type-simple"},"yoast_head":"<!-- This site is optimized with the Yoast SEO Premium plugin v26.1 (Yoast SEO v27.3) - https:\/\/yoast.com\/product\/yoast-seo-premium-wordpress\/ -->\n<title>free spee 3 \u2013 optimale Schlaufe mit Titan | Gleitschirmschule Thun, Bern, Interlaken<\/title>\n<meta name=\"description\" content=\"Das Einstellen des Beschleunigers ist beim free*spee so simpel, dass du diesen einfach im Flug pr\u00e4zise einstellen kannst.\" \/>\n<meta name=\"robots\" content=\"index, follow, max-snippet:-1, max-image-preview:large, max-video-preview:-1\" \/>\n<link rel=\"canonical\" href=\"https:\/\/swissgliders.ch\/de\/produkt\/free-spee-3-optimale-schlaufe-mit-titan\/\" \/>\n<meta property=\"og:locale\" content=\"de_DE\" \/>\n<meta property=\"og:type\" content=\"article\" \/>\n<meta property=\"og:title\" content=\"free spee 3 \u2013 optimale Schlaufe mit Titan\" \/>\n<meta property=\"og:description\" content=\"Das Einstellen des Beschleunigers ist beim free*spee so simpel, dass du diesen einfach im Flug pr\u00e4zise einstellen kannst.\" \/>\n<meta property=\"og:url\" content=\"https:\/\/swissgliders.ch\/de\/produkt\/free-spee-3-optimale-schlaufe-mit-titan\/\" \/>\n<meta property=\"og:site_name\" content=\"Gleitschirmschule Thun, Bern, Interlaken\" \/>\n<meta property=\"article:publisher\" content=\"https:\/\/www.facebook.com\/swissgliders\" \/>\n<meta property=\"article:modified_time\" content=\"2024-01-02T08:18:46+00:00\" \/>\n<meta property=\"og:image\" content=\"https:\/\/swissgliders.ch\/wp-content\/uploads\/2023\/04\/ffree_spee-3-1.jpg\" \/>\n\t<meta property=\"og:image:width\" content=\"474\" \/>\n\t<meta property=\"og:image:height\" content=\"331\" \/>\n\t<meta property=\"og:image:type\" content=\"image\/jpeg\" \/>\n<meta name=\"twitter:card\" content=\"summary_large_image\" \/>\n<meta name=\"twitter:site\" content=\"@Swissgliders\" \/>\n<meta name=\"twitter:label1\" content=\"Preis\" \/>\n\t<meta name=\"twitter:data1\" content=\"&#067;&#072;&#070;&nbsp;54.00\" \/>\n\t<meta name=\"twitter:label2\" content=\"Verf\u00fcgbarkeit\" \/>\n\t<meta name=\"twitter:data2\" content=\"Auf Lager\" \/>\n<script type=\"application\/ld+json\" class=\"yoast-schema-graph\">{\"@context\":\"https:\\\/\\\/schema.org\",\"@graph\":[{\"@type\":\"WebPage\",\"@id\":\"https:\\\/\\\/swissgliders.ch\\\/de\\\/produkt\\\/free-spee-3-optimale-schlaufe-mit-titan\\\/\",\"url\":\"https:\\\/\\\/swissgliders.ch\\\/de\\\/produkt\\\/free-spee-3-optimale-schlaufe-mit-titan\\\/\",\"name\":\"free spee 3 \u2013 optimale Schlaufe mit Titan | Gleitschirmschule Thun, Bern, Interlaken\",\"isPartOf\":{\"@id\":\"https:\\\/\\\/swissgliders.ch\\\/de\\\/#website\"},\"primaryImageOfPage\":{\"@id\":\"https:\\\/\\\/swissgliders.ch\\\/de\\\/produkt\\\/free-spee-3-optimale-schlaufe-mit-titan\\\/#primaryimage\"},\"image\":{\"@id\":\"https:\\\/\\\/swissgliders.ch\\\/de\\\/produkt\\\/free-spee-3-optimale-schlaufe-mit-titan\\\/#primaryimage\"},\"thumbnailUrl\":\"https:\\\/\\\/swissgliders.ch\\\/wp-content\\\/uploads\\\/2023\\\/04\\\/ffree_spee-3-1.jpg\",\"datePublished\":\"2023-04-03T09:06:04+00:00\",\"dateModified\":\"2024-01-02T08:18:46+00:00\",\"description\":\"Das Einstellen des Beschleunigers ist beim free*spee so simpel, dass du diesen einfach im Flug pr\u00e4zise einstellen kannst.\",\"breadcrumb\":{\"@id\":\"https:\\\/\\\/swissgliders.ch\\\/de\\\/produkt\\\/free-spee-3-optimale-schlaufe-mit-titan\\\/#breadcrumb\"},\"inLanguage\":\"de\",\"potentialAction\":[{\"@type\":\"ReadAction\",\"target\":[\"https:\\\/\\\/swissgliders.ch\\\/de\\\/produkt\\\/free-spee-3-optimale-schlaufe-mit-titan\\\/\"]}]},{\"@type\":\"ImageObject\",\"inLanguage\":\"de\",\"@id\":\"https:\\\/\\\/swissgliders.ch\\\/de\\\/produkt\\\/free-spee-3-optimale-schlaufe-mit-titan\\\/#primaryimage\",\"url\":\"https:\\\/\\\/swissgliders.ch\\\/wp-content\\\/uploads\\\/2023\\\/04\\\/ffree_spee-3-1.jpg\",\"contentUrl\":\"https:\\\/\\\/swissgliders.ch\\\/wp-content\\\/uploads\\\/2023\\\/04\\\/ffree_spee-3-1.jpg\",\"width\":474,\"height\":331,\"caption\":\"free_spee 3-1\"},{\"@type\":\"BreadcrumbList\",\"@id\":\"https:\\\/\\\/swissgliders.ch\\\/de\\\/produkt\\\/free-spee-3-optimale-schlaufe-mit-titan\\\/#breadcrumb\",\"itemListElement\":[{\"@type\":\"ListItem\",\"position\":1,\"name\":\"Startseite\",\"item\":\"https:\\\/\\\/swissgliders.ch\\\/de\\\/willkommen\\\/\"},{\"@type\":\"ListItem\",\"position\":2,\"name\":\"Gleitschirm Shop\",\"item\":\"https:\\\/\\\/swissgliders.ch\\\/de\\\/gleitschirm-shop\\\/\"},{\"@type\":\"ListItem\",\"position\":3,\"name\":\"free spee 3 \u2013 optimale Schlaufe mit Titan\"}]},{\"@type\":\"WebSite\",\"@id\":\"https:\\\/\\\/swissgliders.ch\\\/de\\\/#website\",\"url\":\"https:\\\/\\\/swissgliders.ch\\\/de\\\/\",\"name\":\"Gleitschirmschule Thun, Bern, Interlaken\",\"description\":\"Gleitschirmschule Thun, Bern, Interlaken\",\"publisher\":{\"@id\":\"https:\\\/\\\/swissgliders.ch\\\/de\\\/#organization\"},\"potentialAction\":[{\"@type\":\"SearchAction\",\"target\":{\"@type\":\"EntryPoint\",\"urlTemplate\":\"https:\\\/\\\/swissgliders.ch\\\/de\\\/?s={search_term_string}\"},\"query-input\":{\"@type\":\"PropertyValueSpecification\",\"valueRequired\":true,\"valueName\":\"search_term_string\"}}],\"inLanguage\":\"de\"},{\"@type\":\"Organization\",\"@id\":\"https:\\\/\\\/swissgliders.ch\\\/de\\\/#organization\",\"name\":\"Swissgliders Gleitschirmflugschule Thun\",\"url\":\"https:\\\/\\\/swissgliders.ch\\\/de\\\/\",\"logo\":{\"@type\":\"ImageObject\",\"inLanguage\":\"de\",\"@id\":\"https:\\\/\\\/swissgliders.ch\\\/de\\\/#\\\/schema\\\/logo\\\/image\\\/\",\"url\":\"https:\\\/\\\/swissgliders.ch\\\/wp-content\\\/uploads\\\/2019\\\/12\\\/swissgliders-logo-rgb-square-L-no-ch-01.png\",\"contentUrl\":\"https:\\\/\\\/swissgliders.ch\\\/wp-content\\\/uploads\\\/2019\\\/12\\\/swissgliders-logo-rgb-square-L-no-ch-01.png\",\"width\":2500,\"height\":2500,\"caption\":\"Swissgliders Gleitschirmflugschule Thun\"},\"image\":{\"@id\":\"https:\\\/\\\/swissgliders.ch\\\/de\\\/#\\\/schema\\\/logo\\\/image\\\/\"},\"sameAs\":[\"https:\\\/\\\/www.facebook.com\\\/swissgliders\",\"https:\\\/\\\/x.com\\\/Swissgliders\",\"https:\\\/\\\/www.instagram.com\\\/swissgliders\\\/\",\"https:\\\/\\\/www.youtube.com\\\/channel\\\/UCMCtGdepy9vBhrhX3V_oJOA\"],\"hasMerchantReturnPolicy\":{\"@type\":\"MerchantReturnPolicy\",\"merchantReturnLink\":\"https:\\\/\\\/swissgliders.ch\\\/de\\\/allgemeine-geschaftsbedingungen\\\/\"}}]}<\/script>\n<meta property=\"product:price:amount\" content=\"54.00\" \/>\n<meta property=\"product:price:currency\" content=\"CHF\" \/>\n<meta property=\"og:availability\" content=\"instock\" \/>\n<meta property=\"product:availability\" content=\"instock\" \/>\n<meta property=\"product:condition\" content=\"new\" \/>\n<!-- \/ Yoast SEO Premium plugin. -->","yoast_head_json":{"title":"free spee 3 \u2013 optimale Schlaufe mit Titan | Gleitschirmschule Thun, Bern, Interlaken","description":"Das Einstellen des Beschleunigers ist beim free*spee so simpel, dass du diesen einfach im Flug pr\u00e4zise einstellen kannst.","robots":{"index":"index","follow":"follow","max-snippet":"max-snippet:-1","max-image-preview":"max-image-preview:large","max-video-preview":"max-video-preview:-1"},"canonical":"https:\/\/swissgliders.ch\/de\/produkt\/free-spee-3-optimale-schlaufe-mit-titan\/","og_locale":"de_DE","og_type":"article","og_title":"free spee 3 \u2013 optimale Schlaufe mit Titan","og_description":"Das Einstellen des Beschleunigers ist beim free*spee so simpel, dass du diesen einfach im Flug pr\u00e4zise einstellen kannst.","og_url":"https:\/\/swissgliders.ch\/de\/produkt\/free-spee-3-optimale-schlaufe-mit-titan\/","og_site_name":"Gleitschirmschule Thun, Bern, Interlaken","article_publisher":"https:\/\/www.facebook.com\/swissgliders","article_modified_time":"2024-01-02T08:18:46+00:00","og_image":[{"width":474,"height":331,"url":"https:\/\/swissgliders.ch\/wp-content\/uploads\/2023\/04\/ffree_spee-3-1.jpg","type":"image\/jpeg"}],"twitter_card":"summary_large_image","twitter_site":"@Swissgliders","twitter_misc":{"Preis":"&#67;&#72;&#70;&nbsp;54.00","Verf\u00fcgbarkeit":"Auf Lager"},"schema":{"@context":"https:\/\/schema.org","@graph":[{"@type":"WebPage","@id":"https:\/\/swissgliders.ch\/de\/produkt\/free-spee-3-optimale-schlaufe-mit-titan\/","url":"https:\/\/swissgliders.ch\/de\/produkt\/free-spee-3-optimale-schlaufe-mit-titan\/","name":"free spee 3 \u2013 optimale Schlaufe mit Titan | Gleitschirmschule Thun, Bern, Interlaken","isPartOf":{"@id":"https:\/\/swissgliders.ch\/de\/#website"},"primaryImageOfPage":{"@id":"https:\/\/swissgliders.ch\/de\/produkt\/free-spee-3-optimale-schlaufe-mit-titan\/#primaryimage"},"image":{"@id":"https:\/\/swissgliders.ch\/de\/produkt\/free-spee-3-optimale-schlaufe-mit-titan\/#primaryimage"},"thumbnailUrl":"https:\/\/swissgliders.ch\/wp-content\/uploads\/2023\/04\/ffree_spee-3-1.jpg","datePublished":"2023-04-03T09:06:04+00:00","dateModified":"2024-01-02T08:18:46+00:00","description":"Das Einstellen des Beschleunigers ist beim free*spee so simpel, dass du diesen einfach im Flug pr\u00e4zise einstellen kannst.","breadcrumb":{"@id":"https:\/\/swissgliders.ch\/de\/produkt\/free-spee-3-optimale-schlaufe-mit-titan\/#breadcrumb"},"inLanguage":"de","potentialAction":[{"@type":"ReadAction","target":["https:\/\/swissgliders.ch\/de\/produkt\/free-spee-3-optimale-schlaufe-mit-titan\/"]}]},{"@type":"ImageObject","inLanguage":"de","@id":"https:\/\/swissgliders.ch\/de\/produkt\/free-spee-3-optimale-schlaufe-mit-titan\/#primaryimage","url":"https:\/\/swissgliders.ch\/wp-content\/uploads\/2023\/04\/ffree_spee-3-1.jpg","contentUrl":"https:\/\/swissgliders.ch\/wp-content\/uploads\/2023\/04\/ffree_spee-3-1.jpg","width":474,"height":331,"caption":"free_spee 3-1"},{"@type":"BreadcrumbList","@id":"https:\/\/swissgliders.ch\/de\/produkt\/free-spee-3-optimale-schlaufe-mit-titan\/#breadcrumb","itemListElement":[{"@type":"ListItem","position":1,"name":"Startseite","item":"https:\/\/swissgliders.ch\/de\/willkommen\/"},{"@type":"ListItem","position":2,"name":"Gleitschirm Shop","item":"https:\/\/swissgliders.ch\/de\/gleitschirm-shop\/"},{"@type":"ListItem","position":3,"name":"free spee 3 \u2013 optimale Schlaufe mit Titan"}]},{"@type":"WebSite","@id":"https:\/\/swissgliders.ch\/de\/#website","url":"https:\/\/swissgliders.ch\/de\/","name":"Gleitschirmschule Thun, Bern, Interlaken","description":"Gleitschirmschule Thun, Bern, Interlaken","publisher":{"@id":"https:\/\/swissgliders.ch\/de\/#organization"},"potentialAction":[{"@type":"SearchAction","target":{"@type":"EntryPoint","urlTemplate":"https:\/\/swissgliders.ch\/de\/?s={search_term_string}"},"query-input":{"@type":"PropertyValueSpecification","valueRequired":true,"valueName":"search_term_string"}}],"inLanguage":"de"},{"@type":"Organization","@id":"https:\/\/swissgliders.ch\/de\/#organization","name":"Swissgliders Gleitschirmflugschule Thun","url":"https:\/\/swissgliders.ch\/de\/","logo":{"@type":"ImageObject","inLanguage":"de","@id":"https:\/\/swissgliders.ch\/de\/#\/schema\/logo\/image\/","url":"https:\/\/swissgliders.ch\/wp-content\/uploads\/2019\/12\/swissgliders-logo-rgb-square-L-no-ch-01.png","contentUrl":"https:\/\/swissgliders.ch\/wp-content\/uploads\/2019\/12\/swissgliders-logo-rgb-square-L-no-ch-01.png","width":2500,"height":2500,"caption":"Swissgliders Gleitschirmflugschule Thun"},"image":{"@id":"https:\/\/swissgliders.ch\/de\/#\/schema\/logo\/image\/"},"sameAs":["https:\/\/www.facebook.com\/swissgliders","https:\/\/x.com\/Swissgliders","https:\/\/www.instagram.com\/swissgliders\/","https:\/\/www.youtube.com\/channel\/UCMCtGdepy9vBhrhX3V_oJOA"],"hasMerchantReturnPolicy":{"@type":"MerchantReturnPolicy","merchantReturnLink":"https:\/\/swissgliders.ch\/de\/allgemeine-geschaftsbedingungen\/"}}]},"product_price_amount":"54.00","product_price_currency":"CHF","og_availability":"instock","product_availability":"instock","product_condition":"new"},"_links":{"self":[{"href":"https:\/\/swissgliders.ch\/de\/wp-json\/wp\/v2\/product\/10338","targetHints":{"allow":["GET"]}}],"collection":[{"href":"https:\/\/swissgliders.ch\/de\/wp-json\/wp\/v2\/product"}],"about":[{"href":"https:\/\/swissgliders.ch\/de\/wp-json\/wp\/v2\/types\/product"}],"replies":[{"embeddable":true,"href":"https:\/\/swissgliders.ch\/de\/wp-json\/wp\/v2\/comments?post=10338"}],"wp:featuredmedia":[{"embeddable":true,"href":"https:\/\/swissgliders.ch\/de\/wp-json\/wp\/v2\/media\/10340"}],"wp:attachment":[{"href":"https:\/\/swissgliders.ch\/de\/wp-json\/wp\/v2\/media?parent=10338"}],"wp:term":[{"taxonomy":"product_brand","embeddable":true,"href":"https:\/\/swissgliders.ch\/de\/wp-json\/wp\/v2\/product_brand?post=10338"},{"taxonomy":"product_cat","embeddable":true,"href":"https:\/\/swissgliders.ch\/de\/wp-json\/wp\/v2\/product_cat?post=10338"},{"taxonomy":"product_tag","embeddable":true,"href":"https:\/\/swissgliders.ch\/de\/wp-json\/wp\/v2\/product_tag?post=10338"}],"curies":[{"name":"wp","href":"https:\/\/api.w.org\/{rel}","templated":true}]}}