{"id":10357,"date":"2023-04-04T18:14:02","date_gmt":"2023-04-04T17:14:02","guid":{"rendered":"https:\/\/swissgliders.ch\/?post_type=product&#038;p=10357"},"modified":"2025-05-24T10:41:27","modified_gmt":"2025-05-24T09:41:27","slug":"neo-3-steps-speedbar","status":"publish","type":"product","link":"https:\/\/swissgliders.ch\/de\/produkt\/neo-3-steps-speedbar\/","title":{"rendered":"NEO 3 STEPS SPEEDBAR"},"content":{"rendered":"<p><img loading=\"lazy\" decoding=\"async\" class=\"\" src=\"https:\/\/www.neo-paragliders.fr\/web\/image\/product.product\/7095\/image_1024\/Speedsystem%203%20steps?unique=9cfed8c\" alt=\"Speedsystem 3 steps\" width=\"349\" height=\"291\" \/><\/p>\n<p>Halbstarrer Beschleuniger mit 3 Stufen f\u00fcrs Streckenfliegen. Sehr widerstandsf\u00e4hig, kann mit 2 Loops und Befestigungsgummis an der Fu\u00dfplatte eines Beinsacks befestigt werden.<\/p>\n<p>Mitgeliefert werden zwei ummantelte und zickzackgen\u00e4hten 4 mm-Leinen inkl. Brummelhaken.<\/p>\n<p>Wird standardm\u00e4\u00dfig im NEO <a href=\"https:\/\/swissgliders.ch\/de\/produkt\/neo-suspender-2-0\/\">Suspender 2.0<\/a> verbaut.<\/p>\n<p><img loading=\"lazy\" decoding=\"async\" class=\"\" src=\"https:\/\/www.neo-paragliders.fr\/web\/image\/30187-7429f0a6\/neo-3stepbar-photo-02.jpg?access_token=23865256-41aa-49c1-a9fe-452a379efa8f\" width=\"305\" height=\"470\" \/><img loading=\"lazy\" decoding=\"async\" class=\"\" src=\"https:\/\/www.neo-paragliders.fr\/web\/image\/30188-9155d48d\/neo-3stepbar-photo-03.jpg?access_token=7b97a3f9-9acb-41d0-8ad0-a419ac7fef18\" width=\"314\" height=\"470\" \/><br \/>\nMehr <a href=\"https:\/\/www.neo-paragliders.fr\/de\/shop\/speedsystem-3-steps-1768?category=1\" target=\"_blank\" rel=\"noopener noreferrer\">Infos<\/a><\/p>\n<p>Falls dieser Artikel nicht an Lager ist, wird er f\u00fcr dich bestellt. Lieferfrist auf Anfrage.<\/p>\n","protected":false},"excerpt":{"rendered":"<p><img loading=\"lazy\" decoding=\"async\" class=\"\" src=\"https:\/\/www.neo-paragliders.fr\/web\/image\/product.product\/7095\/image_1024\/Speedsystem%203%20steps?unique=9cfed8c\" alt=\"Speedsystem 3 steps\" width=\"349\" height=\"291\" \/><\/p>\n<p>Halbstarrer Beschleuniger mit 3 Stufen f\u00fcrs Streckenfliegen. Sehr widerstandsf\u00e4hig, kann mit 2 Loops und Befestigungsgummis an der Fu\u00dfplatte eines Beinsacks befestigt werden.<\/p>\n<p>Mitgeliefert werden zwei ummantelte und zickzackgen\u00e4hten 4 mm-Leinen inkl. Brummelhaken.<\/p>\n<p>Wird standardm\u00e4\u00dfig im NEO <a href=\"https:\/\/swissgliders.ch\/de\/produkt\/neo-suspender-2-0\/\">Suspender 2.0<\/a> verbaut.<\/p>\n<p><img loading=\"lazy\" decoding=\"async\" class=\"\" src=\"https:\/\/www.neo-paragliders.fr\/web\/image\/30187-7429f0a6\/neo-3stepbar-photo-02.jpg?access_token=23865256-41aa-49c1-a9fe-452a379efa8f\" width=\"305\" height=\"470\" \/><img loading=\"lazy\" decoding=\"async\" class=\"\" src=\"https:\/\/www.neo-paragliders.fr\/web\/image\/30188-9155d48d\/neo-3stepbar-photo-03.jpg?access_token=7b97a3f9-9acb-41d0-8ad0-a419ac7fef18\" width=\"314\" height=\"470\" \/><br \/>\nMehr <a href=\"https:\/\/www.neo-paragliders.fr\/de\/shop\/speedsystem-3-steps-1768?category=1\" target=\"_blank\" rel=\"noopener noreferrer\">Infos<\/a><\/p>\n<p>Falls dieser Artikel nicht an Lager ist, wird er f\u00fcr dich bestellt. Lieferfrist auf Anfrage.<\/p>\n","protected":false},"featured_media":10359,"comment_status":"closed","ping_status":"closed","template":"","meta":[],"product_brand":[],"product_cat":[402],"product_tag":[2351,410],"class_list":{"0":"post-10357","1":"product","2":"type-product","3":"status-publish","4":"has-post-thumbnail","6":"product_cat-gleitschirm-zubehoer","7":"product_tag-beschleuniger","8":"product_tag-zubehoer","9":"product_shipping_class-priority-2kg-de","11":"first","12":"instock","13":"shipping-taxable","14":"purchasable","15":"product-type-simple"},"yoast_head":"<!-- This site is optimized with the Yoast SEO Premium plugin v26.1 (Yoast SEO v27.3) - https:\/\/yoast.com\/product\/yoast-seo-premium-wordpress\/ -->\n<title>NEO 3 STEPS SPEEDBAR | Gleitschirmschule Thun, Bern, Interlaken<\/title>\n<meta name=\"description\" content=\"Halbstarrer Beschleuniger mit 3 Stufen f\u00fcrs Streckenfliegen. Sehr widerstandsf\u00e4hig, kann mit 2 Loops und Befestigungsgummis an der Fu\u00dfplatte eines Beinsacks befestigt werden. Mitgeliefert werden zwei ummantelte und zickzackgen\u00e4hten 4 mm-Leinen inkl. Brummelhaken.\u00a0Wird standardm\u00e4\u00dfig im NEO Suspender verbaut.\" \/>\n<meta name=\"robots\" content=\"index, follow, max-snippet:-1, max-image-preview:large, max-video-preview:-1\" \/>\n<link rel=\"canonical\" href=\"https:\/\/swissgliders.ch\/de\/produkt\/neo-3-steps-speedbar\/\" \/>\n<meta property=\"og:locale\" content=\"de_DE\" \/>\n<meta property=\"og:type\" content=\"article\" \/>\n<meta property=\"og:title\" content=\"NEO 3 STEPS SPEEDBAR\" \/>\n<meta property=\"og:description\" content=\"Halbstarrer Beschleuniger mit 3 Stufen f\u00fcrs Streckenfliegen. Sehr widerstandsf\u00e4hig, kann mit 2 Loops und Befestigungsgummis an der Fu\u00dfplatte eines Beinsacks befestigt werden. Mitgeliefert werden zwei ummantelte und zickzackgen\u00e4hten 4 mm-Leinen inkl. Brummelhaken.\u00a0Wird standardm\u00e4\u00dfig im NEO Suspender verbaut.\" \/>\n<meta property=\"og:url\" content=\"https:\/\/swissgliders.ch\/de\/produkt\/neo-3-steps-speedbar\/\" \/>\n<meta property=\"og:site_name\" content=\"Gleitschirmschule Thun, Bern, Interlaken\" \/>\n<meta property=\"article:publisher\" content=\"https:\/\/www.facebook.com\/swissgliders\" \/>\n<meta property=\"article:modified_time\" content=\"2025-05-24T09:41:27+00:00\" \/>\n<meta property=\"og:image\" content=\"https:\/\/swissgliders.ch\/wp-content\/uploads\/2023\/04\/NEO_3-steps-speedbar-1.jpg\" \/>\n\t<meta property=\"og:image:width\" content=\"600\" \/>\n\t<meta property=\"og:image:height\" content=\"500\" \/>\n\t<meta property=\"og:image:type\" content=\"image\/jpeg\" \/>\n<meta name=\"twitter:card\" content=\"summary_large_image\" \/>\n<meta name=\"twitter:site\" content=\"@Swissgliders\" \/>\n<meta name=\"twitter:label1\" content=\"Preis\" \/>\n\t<meta name=\"twitter:data1\" content=\"&#067;&#072;&#070;&nbsp;42.00\" \/>\n\t<meta name=\"twitter:label2\" content=\"Verf\u00fcgbarkeit\" \/>\n\t<meta name=\"twitter:data2\" content=\"Auf Lager\" \/>\n<script type=\"application\/ld+json\" class=\"yoast-schema-graph\">{\"@context\":\"https:\\\/\\\/schema.org\",\"@graph\":[{\"@type\":\"WebPage\",\"@id\":\"https:\\\/\\\/swissgliders.ch\\\/de\\\/produkt\\\/neo-3-steps-speedbar\\\/\",\"url\":\"https:\\\/\\\/swissgliders.ch\\\/de\\\/produkt\\\/neo-3-steps-speedbar\\\/\",\"name\":\"NEO 3 STEPS SPEEDBAR | Gleitschirmschule Thun, Bern, Interlaken\",\"isPartOf\":{\"@id\":\"https:\\\/\\\/swissgliders.ch\\\/de\\\/#website\"},\"primaryImageOfPage\":{\"@id\":\"https:\\\/\\\/swissgliders.ch\\\/de\\\/produkt\\\/neo-3-steps-speedbar\\\/#primaryimage\"},\"image\":{\"@id\":\"https:\\\/\\\/swissgliders.ch\\\/de\\\/produkt\\\/neo-3-steps-speedbar\\\/#primaryimage\"},\"thumbnailUrl\":\"https:\\\/\\\/swissgliders.ch\\\/wp-content\\\/uploads\\\/2023\\\/04\\\/NEO_3-steps-speedbar-1.jpg\",\"datePublished\":\"2023-04-04T17:14:02+00:00\",\"dateModified\":\"2025-05-24T09:41:27+00:00\",\"description\":\"Halbstarrer Beschleuniger mit 3 Stufen f\u00fcrs Streckenfliegen. Sehr widerstandsf\u00e4hig, kann mit 2 Loops und Befestigungsgummis an der Fu\u00dfplatte eines Beinsacks befestigt werden. Mitgeliefert werden zwei ummantelte und zickzackgen\u00e4hten 4 mm-Leinen inkl. Brummelhaken.\u00a0Wird standardm\u00e4\u00dfig im NEO Suspender verbaut.\",\"breadcrumb\":{\"@id\":\"https:\\\/\\\/swissgliders.ch\\\/de\\\/produkt\\\/neo-3-steps-speedbar\\\/#breadcrumb\"},\"inLanguage\":\"de\",\"potentialAction\":[{\"@type\":\"ReadAction\",\"target\":[\"https:\\\/\\\/swissgliders.ch\\\/de\\\/produkt\\\/neo-3-steps-speedbar\\\/\"]}]},{\"@type\":\"ImageObject\",\"inLanguage\":\"de\",\"@id\":\"https:\\\/\\\/swissgliders.ch\\\/de\\\/produkt\\\/neo-3-steps-speedbar\\\/#primaryimage\",\"url\":\"https:\\\/\\\/swissgliders.ch\\\/wp-content\\\/uploads\\\/2023\\\/04\\\/NEO_3-steps-speedbar-1.jpg\",\"contentUrl\":\"https:\\\/\\\/swissgliders.ch\\\/wp-content\\\/uploads\\\/2023\\\/04\\\/NEO_3-steps-speedbar-1.jpg\",\"width\":600,\"height\":500,\"caption\":\"NEO_3-steps-speedbar-1\"},{\"@type\":\"BreadcrumbList\",\"@id\":\"https:\\\/\\\/swissgliders.ch\\\/de\\\/produkt\\\/neo-3-steps-speedbar\\\/#breadcrumb\",\"itemListElement\":[{\"@type\":\"ListItem\",\"position\":1,\"name\":\"Startseite\",\"item\":\"https:\\\/\\\/swissgliders.ch\\\/de\\\/willkommen\\\/\"},{\"@type\":\"ListItem\",\"position\":2,\"name\":\"Gleitschirm Shop\",\"item\":\"https:\\\/\\\/swissgliders.ch\\\/de\\\/gleitschirm-shop\\\/\"},{\"@type\":\"ListItem\",\"position\":3,\"name\":\"NEO 3 STEPS SPEEDBAR\"}]},{\"@type\":\"WebSite\",\"@id\":\"https:\\\/\\\/swissgliders.ch\\\/de\\\/#website\",\"url\":\"https:\\\/\\\/swissgliders.ch\\\/de\\\/\",\"name\":\"Gleitschirmschule Thun, Bern, Interlaken\",\"description\":\"Gleitschirmschule Thun, Bern, Interlaken\",\"publisher\":{\"@id\":\"https:\\\/\\\/swissgliders.ch\\\/de\\\/#organization\"},\"potentialAction\":[{\"@type\":\"SearchAction\",\"target\":{\"@type\":\"EntryPoint\",\"urlTemplate\":\"https:\\\/\\\/swissgliders.ch\\\/de\\\/?s={search_term_string}\"},\"query-input\":{\"@type\":\"PropertyValueSpecification\",\"valueRequired\":true,\"valueName\":\"search_term_string\"}}],\"inLanguage\":\"de\"},{\"@type\":\"Organization\",\"@id\":\"https:\\\/\\\/swissgliders.ch\\\/de\\\/#organization\",\"name\":\"Swissgliders Gleitschirmflugschule Thun\",\"url\":\"https:\\\/\\\/swissgliders.ch\\\/de\\\/\",\"logo\":{\"@type\":\"ImageObject\",\"inLanguage\":\"de\",\"@id\":\"https:\\\/\\\/swissgliders.ch\\\/de\\\/#\\\/schema\\\/logo\\\/image\\\/\",\"url\":\"https:\\\/\\\/swissgliders.ch\\\/wp-content\\\/uploads\\\/2019\\\/12\\\/swissgliders-logo-rgb-square-L-no-ch-01.png\",\"contentUrl\":\"https:\\\/\\\/swissgliders.ch\\\/wp-content\\\/uploads\\\/2019\\\/12\\\/swissgliders-logo-rgb-square-L-no-ch-01.png\",\"width\":2500,\"height\":2500,\"caption\":\"Swissgliders Gleitschirmflugschule Thun\"},\"image\":{\"@id\":\"https:\\\/\\\/swissgliders.ch\\\/de\\\/#\\\/schema\\\/logo\\\/image\\\/\"},\"sameAs\":[\"https:\\\/\\\/www.facebook.com\\\/swissgliders\",\"https:\\\/\\\/x.com\\\/Swissgliders\",\"https:\\\/\\\/www.instagram.com\\\/swissgliders\\\/\",\"https:\\\/\\\/www.youtube.com\\\/channel\\\/UCMCtGdepy9vBhrhX3V_oJOA\"],\"hasMerchantReturnPolicy\":{\"@type\":\"MerchantReturnPolicy\",\"merchantReturnLink\":\"https:\\\/\\\/swissgliders.ch\\\/de\\\/allgemeine-geschaftsbedingungen\\\/\"}}]}<\/script>\n<meta property=\"product:price:amount\" content=\"42.00\" \/>\n<meta property=\"product:price:currency\" content=\"CHF\" \/>\n<meta property=\"og:availability\" content=\"instock\" \/>\n<meta property=\"product:availability\" content=\"instock\" \/>\n<meta property=\"product:condition\" content=\"new\" \/>\n<!-- \/ Yoast SEO Premium plugin. -->","yoast_head_json":{"title":"NEO 3 STEPS SPEEDBAR | Gleitschirmschule Thun, Bern, Interlaken","description":"Halbstarrer Beschleuniger mit 3 Stufen f\u00fcrs Streckenfliegen. Sehr widerstandsf\u00e4hig, kann mit 2 Loops und Befestigungsgummis an der Fu\u00dfplatte eines Beinsacks befestigt werden. Mitgeliefert werden zwei ummantelte und zickzackgen\u00e4hten 4 mm-Leinen inkl. Brummelhaken.\u00a0Wird standardm\u00e4\u00dfig im NEO Suspender verbaut.","robots":{"index":"index","follow":"follow","max-snippet":"max-snippet:-1","max-image-preview":"max-image-preview:large","max-video-preview":"max-video-preview:-1"},"canonical":"https:\/\/swissgliders.ch\/de\/produkt\/neo-3-steps-speedbar\/","og_locale":"de_DE","og_type":"article","og_title":"NEO 3 STEPS SPEEDBAR","og_description":"Halbstarrer Beschleuniger mit 3 Stufen f\u00fcrs Streckenfliegen. Sehr widerstandsf\u00e4hig, kann mit 2 Loops und Befestigungsgummis an der Fu\u00dfplatte eines Beinsacks befestigt werden. Mitgeliefert werden zwei ummantelte und zickzackgen\u00e4hten 4 mm-Leinen inkl. Brummelhaken.\u00a0Wird standardm\u00e4\u00dfig im NEO Suspender verbaut.","og_url":"https:\/\/swissgliders.ch\/de\/produkt\/neo-3-steps-speedbar\/","og_site_name":"Gleitschirmschule Thun, Bern, Interlaken","article_publisher":"https:\/\/www.facebook.com\/swissgliders","article_modified_time":"2025-05-24T09:41:27+00:00","og_image":[{"width":600,"height":500,"url":"https:\/\/swissgliders.ch\/wp-content\/uploads\/2023\/04\/NEO_3-steps-speedbar-1.jpg","type":"image\/jpeg"}],"twitter_card":"summary_large_image","twitter_site":"@Swissgliders","twitter_misc":{"Preis":"&#67;&#72;&#70;&nbsp;42.00","Verf\u00fcgbarkeit":"Auf Lager"},"schema":{"@context":"https:\/\/schema.org","@graph":[{"@type":"WebPage","@id":"https:\/\/swissgliders.ch\/de\/produkt\/neo-3-steps-speedbar\/","url":"https:\/\/swissgliders.ch\/de\/produkt\/neo-3-steps-speedbar\/","name":"NEO 3 STEPS SPEEDBAR | Gleitschirmschule Thun, Bern, Interlaken","isPartOf":{"@id":"https:\/\/swissgliders.ch\/de\/#website"},"primaryImageOfPage":{"@id":"https:\/\/swissgliders.ch\/de\/produkt\/neo-3-steps-speedbar\/#primaryimage"},"image":{"@id":"https:\/\/swissgliders.ch\/de\/produkt\/neo-3-steps-speedbar\/#primaryimage"},"thumbnailUrl":"https:\/\/swissgliders.ch\/wp-content\/uploads\/2023\/04\/NEO_3-steps-speedbar-1.jpg","datePublished":"2023-04-04T17:14:02+00:00","dateModified":"2025-05-24T09:41:27+00:00","description":"Halbstarrer Beschleuniger mit 3 Stufen f\u00fcrs Streckenfliegen. Sehr widerstandsf\u00e4hig, kann mit 2 Loops und Befestigungsgummis an der Fu\u00dfplatte eines Beinsacks befestigt werden. Mitgeliefert werden zwei ummantelte und zickzackgen\u00e4hten 4 mm-Leinen inkl. Brummelhaken.\u00a0Wird standardm\u00e4\u00dfig im NEO Suspender verbaut.","breadcrumb":{"@id":"https:\/\/swissgliders.ch\/de\/produkt\/neo-3-steps-speedbar\/#breadcrumb"},"inLanguage":"de","potentialAction":[{"@type":"ReadAction","target":["https:\/\/swissgliders.ch\/de\/produkt\/neo-3-steps-speedbar\/"]}]},{"@type":"ImageObject","inLanguage":"de","@id":"https:\/\/swissgliders.ch\/de\/produkt\/neo-3-steps-speedbar\/#primaryimage","url":"https:\/\/swissgliders.ch\/wp-content\/uploads\/2023\/04\/NEO_3-steps-speedbar-1.jpg","contentUrl":"https:\/\/swissgliders.ch\/wp-content\/uploads\/2023\/04\/NEO_3-steps-speedbar-1.jpg","width":600,"height":500,"caption":"NEO_3-steps-speedbar-1"},{"@type":"BreadcrumbList","@id":"https:\/\/swissgliders.ch\/de\/produkt\/neo-3-steps-speedbar\/#breadcrumb","itemListElement":[{"@type":"ListItem","position":1,"name":"Startseite","item":"https:\/\/swissgliders.ch\/de\/willkommen\/"},{"@type":"ListItem","position":2,"name":"Gleitschirm Shop","item":"https:\/\/swissgliders.ch\/de\/gleitschirm-shop\/"},{"@type":"ListItem","position":3,"name":"NEO 3 STEPS SPEEDBAR"}]},{"@type":"WebSite","@id":"https:\/\/swissgliders.ch\/de\/#website","url":"https:\/\/swissgliders.ch\/de\/","name":"Gleitschirmschule Thun, Bern, Interlaken","description":"Gleitschirmschule Thun, Bern, Interlaken","publisher":{"@id":"https:\/\/swissgliders.ch\/de\/#organization"},"potentialAction":[{"@type":"SearchAction","target":{"@type":"EntryPoint","urlTemplate":"https:\/\/swissgliders.ch\/de\/?s={search_term_string}"},"query-input":{"@type":"PropertyValueSpecification","valueRequired":true,"valueName":"search_term_string"}}],"inLanguage":"de"},{"@type":"Organization","@id":"https:\/\/swissgliders.ch\/de\/#organization","name":"Swissgliders Gleitschirmflugschule Thun","url":"https:\/\/swissgliders.ch\/de\/","logo":{"@type":"ImageObject","inLanguage":"de","@id":"https:\/\/swissgliders.ch\/de\/#\/schema\/logo\/image\/","url":"https:\/\/swissgliders.ch\/wp-content\/uploads\/2019\/12\/swissgliders-logo-rgb-square-L-no-ch-01.png","contentUrl":"https:\/\/swissgliders.ch\/wp-content\/uploads\/2019\/12\/swissgliders-logo-rgb-square-L-no-ch-01.png","width":2500,"height":2500,"caption":"Swissgliders Gleitschirmflugschule Thun"},"image":{"@id":"https:\/\/swissgliders.ch\/de\/#\/schema\/logo\/image\/"},"sameAs":["https:\/\/www.facebook.com\/swissgliders","https:\/\/x.com\/Swissgliders","https:\/\/www.instagram.com\/swissgliders\/","https:\/\/www.youtube.com\/channel\/UCMCtGdepy9vBhrhX3V_oJOA"],"hasMerchantReturnPolicy":{"@type":"MerchantReturnPolicy","merchantReturnLink":"https:\/\/swissgliders.ch\/de\/allgemeine-geschaftsbedingungen\/"}}]},"product_price_amount":"42.00","product_price_currency":"CHF","og_availability":"instock","product_availability":"instock","product_condition":"new"},"_links":{"self":[{"href":"https:\/\/swissgliders.ch\/de\/wp-json\/wp\/v2\/product\/10357","targetHints":{"allow":["GET"]}}],"collection":[{"href":"https:\/\/swissgliders.ch\/de\/wp-json\/wp\/v2\/product"}],"about":[{"href":"https:\/\/swissgliders.ch\/de\/wp-json\/wp\/v2\/types\/product"}],"replies":[{"embeddable":true,"href":"https:\/\/swissgliders.ch\/de\/wp-json\/wp\/v2\/comments?post=10357"}],"wp:featuredmedia":[{"embeddable":true,"href":"https:\/\/swissgliders.ch\/de\/wp-json\/wp\/v2\/media\/10359"}],"wp:attachment":[{"href":"https:\/\/swissgliders.ch\/de\/wp-json\/wp\/v2\/media?parent=10357"}],"wp:term":[{"taxonomy":"product_brand","embeddable":true,"href":"https:\/\/swissgliders.ch\/de\/wp-json\/wp\/v2\/product_brand?post=10357"},{"taxonomy":"product_cat","embeddable":true,"href":"https:\/\/swissgliders.ch\/de\/wp-json\/wp\/v2\/product_cat?post=10357"},{"taxonomy":"product_tag","embeddable":true,"href":"https:\/\/swissgliders.ch\/de\/wp-json\/wp\/v2\/product_tag?post=10357"}],"curies":[{"name":"wp","href":"https:\/\/api.w.org\/{rel}","templated":true}]}}