{"id":10361,"date":"2023-04-04T18:25:35","date_gmt":"2023-04-04T17:25:35","guid":{"rendered":"https:\/\/swissgliders.ch\/?post_type=product&#038;p=10361"},"modified":"2025-05-24T10:37:29","modified_gmt":"2025-05-24T09:37:29","slug":"neo-3-steps-speedbar-light","status":"publish","type":"product","link":"https:\/\/swissgliders.ch\/de\/produkt\/neo-3-steps-speedbar-light\/","title":{"rendered":"NEO 3 STEPS SPEEDBAR LIGHT"},"content":{"rendered":"<p><img loading=\"lazy\" decoding=\"async\" class=\"\" src=\"https:\/\/www.neo-paragliders.fr\/web\/image\/product.product\/7094\/image_1024\/Speedsystem%20lite%203%20steps?unique=d63b74f\" alt=\"Speedsystem lite 3 steps\" width=\"424\" height=\"283\" \/><\/p>\n<p>Halbstarrer ultraleichter 3-stufiger Dyneema- Beschleuniger f\u00fcrs Hike &amp; Fly.<\/p>\n<p>Wird mit impr\u00e4gnierter, vorgestreckter und nicht ummantelter Dyneema-Leine sowie Brummelhaken geliefert.<\/p>\n<p>Geh\u00f6rt standardm\u00e4\u00dfig zum NEO Gurtzeug <a href=\"https:\/\/swissgliders.ch\/de\/produkt\/neo-stay-up-2-0\/\">StayUp.<\/a><\/p>\n<p><img loading=\"lazy\" decoding=\"async\" class=\"\" src=\"https:\/\/www.neo-paragliders.fr\/web\/image\/product.image\/11\/image_1024\/Acc%C3%A9l%C3%A9rateur%20l%C3%A9ger%203%20steps%20NEO?unique=463204d\" alt=\"Acc\u00e9l\u00e9rateur l\u00e9ger 3 steps NEO\" width=\"392\" height=\"262\" \/><\/p>\n<p>Mehr <a href=\"https:\/\/www.neo-paragliders.fr\/de\/shop\/speedsystem-lite-3-steps-1767?category=1\" target=\"_blank\" rel=\"noopener noreferrer\">Infos<\/a><\/p>\n<p>Falls dieser Artikel nicht an Lager ist, wird er f\u00fcr dich bestellt. Lieferfrist auf Anfrage.<\/p>\n","protected":false},"excerpt":{"rendered":"<p><img loading=\"lazy\" decoding=\"async\" class=\"\" src=\"https:\/\/www.neo-paragliders.fr\/web\/image\/product.product\/7094\/image_1024\/Speedsystem%20lite%203%20steps?unique=d63b74f\" alt=\"Speedsystem lite 3 steps\" width=\"424\" height=\"283\" \/><\/p>\n<p>Halbstarrer ultraleichter 3-stufiger Dyneema- Beschleuniger f\u00fcrs Hike &amp; Fly.<\/p>\n<p>Wird mit impr\u00e4gnierter, vorgestreckter und nicht ummantelter Dyneema-Leine sowie Brummelhaken geliefert.<\/p>\n<p>Geh\u00f6rt standardm\u00e4\u00dfig zum NEO Gurtzeug <a href=\"https:\/\/swissgliders.ch\/de\/produkt\/neo-stay-up-2-0\/\">StayUp.<\/a><\/p>\n<p><img loading=\"lazy\" decoding=\"async\" class=\"\" src=\"https:\/\/www.neo-paragliders.fr\/web\/image\/product.image\/11\/image_1024\/Acc%C3%A9l%C3%A9rateur%20l%C3%A9ger%203%20steps%20NEO?unique=463204d\" alt=\"Acc\u00e9l\u00e9rateur l\u00e9ger 3 steps NEO\" width=\"392\" height=\"262\" \/><\/p>\n<p>Mehr <a href=\"https:\/\/www.neo-paragliders.fr\/de\/shop\/speedsystem-lite-3-steps-1767?category=1\" target=\"_blank\" rel=\"noopener noreferrer\">Infos<\/a><\/p>\n<p>Falls dieser Artikel nicht an Lager ist, wird er f\u00fcr dich bestellt. Lieferfrist auf Anfrage.<\/p>\n","protected":false},"featured_media":10363,"comment_status":"closed","ping_status":"closed","template":"","meta":[],"product_brand":[],"product_cat":[402],"product_tag":[2351,410],"class_list":{"0":"post-10361","1":"product","2":"type-product","3":"status-publish","4":"has-post-thumbnail","6":"product_cat-gleitschirm-zubehoer","7":"product_tag-beschleuniger","8":"product_tag-zubehoer","9":"product_shipping_class-priority-2kg-de","11":"first","12":"instock","13":"shipping-taxable","14":"purchasable","15":"product-type-simple"},"yoast_head":"<!-- This site is optimized with the Yoast SEO Premium plugin v26.1 (Yoast SEO v27.3) - https:\/\/yoast.com\/product\/yoast-seo-premium-wordpress\/ -->\n<title>NEO 3 STEPS SPEEDBAR LIGHT | Gleitschirmschule Thun, Bern, Interlaken<\/title>\n<meta name=\"description\" content=\"Halbsteife und ultraleichte Beschleuniger 3 Stufen f\u00fcr XC und Hike &amp; Fly.\" \/>\n<meta name=\"robots\" content=\"index, follow, max-snippet:-1, max-image-preview:large, max-video-preview:-1\" \/>\n<link rel=\"canonical\" href=\"https:\/\/swissgliders.ch\/de\/produkt\/neo-3-steps-speedbar-light\/\" \/>\n<meta property=\"og:locale\" content=\"de_DE\" \/>\n<meta property=\"og:type\" content=\"article\" \/>\n<meta property=\"og:title\" content=\"NEO 3 STEPS SPEEDBAR LIGHT\" \/>\n<meta property=\"og:description\" content=\"Halbsteife und ultraleichte Beschleuniger 3 Stufen f\u00fcr XC und Hike &amp; Fly.\" \/>\n<meta property=\"og:url\" content=\"https:\/\/swissgliders.ch\/de\/produkt\/neo-3-steps-speedbar-light\/\" \/>\n<meta property=\"og:site_name\" content=\"Gleitschirmschule Thun, Bern, Interlaken\" \/>\n<meta property=\"article:publisher\" content=\"https:\/\/www.facebook.com\/swissgliders\" \/>\n<meta property=\"article:modified_time\" content=\"2025-05-24T09:37:29+00:00\" \/>\n<meta property=\"og:image\" content=\"https:\/\/swissgliders.ch\/wp-content\/uploads\/2023\/04\/NEO-speed-bar-3-steps-light-1.jpg\" \/>\n\t<meta property=\"og:image:width\" content=\"210\" \/>\n\t<meta property=\"og:image:height\" content=\"273\" \/>\n\t<meta property=\"og:image:type\" content=\"image\/jpeg\" \/>\n<meta name=\"twitter:card\" content=\"summary_large_image\" \/>\n<meta name=\"twitter:site\" content=\"@Swissgliders\" \/>\n<meta name=\"twitter:label1\" content=\"Preis\" \/>\n\t<meta name=\"twitter:data1\" content=\"&#067;&#072;&#070;&nbsp;38.00\" \/>\n\t<meta name=\"twitter:label2\" content=\"Verf\u00fcgbarkeit\" \/>\n\t<meta name=\"twitter:data2\" content=\"Auf Lager\" \/>\n<script type=\"application\/ld+json\" class=\"yoast-schema-graph\">{\"@context\":\"https:\\\/\\\/schema.org\",\"@graph\":[{\"@type\":\"WebPage\",\"@id\":\"https:\\\/\\\/swissgliders.ch\\\/de\\\/produkt\\\/neo-3-steps-speedbar-light\\\/\",\"url\":\"https:\\\/\\\/swissgliders.ch\\\/de\\\/produkt\\\/neo-3-steps-speedbar-light\\\/\",\"name\":\"NEO 3 STEPS SPEEDBAR LIGHT | Gleitschirmschule Thun, Bern, Interlaken\",\"isPartOf\":{\"@id\":\"https:\\\/\\\/swissgliders.ch\\\/de\\\/#website\"},\"primaryImageOfPage\":{\"@id\":\"https:\\\/\\\/swissgliders.ch\\\/de\\\/produkt\\\/neo-3-steps-speedbar-light\\\/#primaryimage\"},\"image\":{\"@id\":\"https:\\\/\\\/swissgliders.ch\\\/de\\\/produkt\\\/neo-3-steps-speedbar-light\\\/#primaryimage\"},\"thumbnailUrl\":\"https:\\\/\\\/swissgliders.ch\\\/wp-content\\\/uploads\\\/2023\\\/04\\\/NEO-speed-bar-3-steps-light-1.jpg\",\"datePublished\":\"2023-04-04T17:25:35+00:00\",\"dateModified\":\"2025-05-24T09:37:29+00:00\",\"description\":\"Halbsteife und ultraleichte Beschleuniger 3 Stufen f\u00fcr XC und Hike & Fly.\",\"breadcrumb\":{\"@id\":\"https:\\\/\\\/swissgliders.ch\\\/de\\\/produkt\\\/neo-3-steps-speedbar-light\\\/#breadcrumb\"},\"inLanguage\":\"de\",\"potentialAction\":[{\"@type\":\"ReadAction\",\"target\":[\"https:\\\/\\\/swissgliders.ch\\\/de\\\/produkt\\\/neo-3-steps-speedbar-light\\\/\"]}]},{\"@type\":\"ImageObject\",\"inLanguage\":\"de\",\"@id\":\"https:\\\/\\\/swissgliders.ch\\\/de\\\/produkt\\\/neo-3-steps-speedbar-light\\\/#primaryimage\",\"url\":\"https:\\\/\\\/swissgliders.ch\\\/wp-content\\\/uploads\\\/2023\\\/04\\\/NEO-speed-bar-3-steps-light-1.jpg\",\"contentUrl\":\"https:\\\/\\\/swissgliders.ch\\\/wp-content\\\/uploads\\\/2023\\\/04\\\/NEO-speed-bar-3-steps-light-1.jpg\",\"width\":210,\"height\":273,\"caption\":\"NEO-speed-bar-3-steps-light-1\"},{\"@type\":\"BreadcrumbList\",\"@id\":\"https:\\\/\\\/swissgliders.ch\\\/de\\\/produkt\\\/neo-3-steps-speedbar-light\\\/#breadcrumb\",\"itemListElement\":[{\"@type\":\"ListItem\",\"position\":1,\"name\":\"Startseite\",\"item\":\"https:\\\/\\\/swissgliders.ch\\\/de\\\/willkommen\\\/\"},{\"@type\":\"ListItem\",\"position\":2,\"name\":\"Gleitschirm Shop\",\"item\":\"https:\\\/\\\/swissgliders.ch\\\/de\\\/gleitschirm-shop\\\/\"},{\"@type\":\"ListItem\",\"position\":3,\"name\":\"NEO 3 STEPS SPEEDBAR LIGHT\"}]},{\"@type\":\"WebSite\",\"@id\":\"https:\\\/\\\/swissgliders.ch\\\/de\\\/#website\",\"url\":\"https:\\\/\\\/swissgliders.ch\\\/de\\\/\",\"name\":\"Gleitschirmschule Thun, Bern, Interlaken\",\"description\":\"Gleitschirmschule Thun, Bern, Interlaken\",\"publisher\":{\"@id\":\"https:\\\/\\\/swissgliders.ch\\\/de\\\/#organization\"},\"potentialAction\":[{\"@type\":\"SearchAction\",\"target\":{\"@type\":\"EntryPoint\",\"urlTemplate\":\"https:\\\/\\\/swissgliders.ch\\\/de\\\/?s={search_term_string}\"},\"query-input\":{\"@type\":\"PropertyValueSpecification\",\"valueRequired\":true,\"valueName\":\"search_term_string\"}}],\"inLanguage\":\"de\"},{\"@type\":\"Organization\",\"@id\":\"https:\\\/\\\/swissgliders.ch\\\/de\\\/#organization\",\"name\":\"Swissgliders Gleitschirmflugschule Thun\",\"url\":\"https:\\\/\\\/swissgliders.ch\\\/de\\\/\",\"logo\":{\"@type\":\"ImageObject\",\"inLanguage\":\"de\",\"@id\":\"https:\\\/\\\/swissgliders.ch\\\/de\\\/#\\\/schema\\\/logo\\\/image\\\/\",\"url\":\"https:\\\/\\\/swissgliders.ch\\\/wp-content\\\/uploads\\\/2019\\\/12\\\/swissgliders-logo-rgb-square-L-no-ch-01.png\",\"contentUrl\":\"https:\\\/\\\/swissgliders.ch\\\/wp-content\\\/uploads\\\/2019\\\/12\\\/swissgliders-logo-rgb-square-L-no-ch-01.png\",\"width\":2500,\"height\":2500,\"caption\":\"Swissgliders Gleitschirmflugschule Thun\"},\"image\":{\"@id\":\"https:\\\/\\\/swissgliders.ch\\\/de\\\/#\\\/schema\\\/logo\\\/image\\\/\"},\"sameAs\":[\"https:\\\/\\\/www.facebook.com\\\/swissgliders\",\"https:\\\/\\\/x.com\\\/Swissgliders\",\"https:\\\/\\\/www.instagram.com\\\/swissgliders\\\/\",\"https:\\\/\\\/www.youtube.com\\\/channel\\\/UCMCtGdepy9vBhrhX3V_oJOA\"],\"hasMerchantReturnPolicy\":{\"@type\":\"MerchantReturnPolicy\",\"merchantReturnLink\":\"https:\\\/\\\/swissgliders.ch\\\/de\\\/allgemeine-geschaftsbedingungen\\\/\"}}]}<\/script>\n<meta property=\"product:price:amount\" content=\"38.00\" \/>\n<meta property=\"product:price:currency\" content=\"CHF\" \/>\n<meta property=\"og:availability\" content=\"instock\" \/>\n<meta property=\"product:availability\" content=\"instock\" \/>\n<meta property=\"product:condition\" content=\"new\" \/>\n<!-- \/ Yoast SEO Premium plugin. -->","yoast_head_json":{"title":"NEO 3 STEPS SPEEDBAR LIGHT | Gleitschirmschule Thun, Bern, Interlaken","description":"Halbsteife und ultraleichte Beschleuniger 3 Stufen f\u00fcr XC und Hike & Fly.","robots":{"index":"index","follow":"follow","max-snippet":"max-snippet:-1","max-image-preview":"max-image-preview:large","max-video-preview":"max-video-preview:-1"},"canonical":"https:\/\/swissgliders.ch\/de\/produkt\/neo-3-steps-speedbar-light\/","og_locale":"de_DE","og_type":"article","og_title":"NEO 3 STEPS SPEEDBAR LIGHT","og_description":"Halbsteife und ultraleichte Beschleuniger 3 Stufen f\u00fcr XC und Hike & Fly.","og_url":"https:\/\/swissgliders.ch\/de\/produkt\/neo-3-steps-speedbar-light\/","og_site_name":"Gleitschirmschule Thun, Bern, Interlaken","article_publisher":"https:\/\/www.facebook.com\/swissgliders","article_modified_time":"2025-05-24T09:37:29+00:00","og_image":[{"width":210,"height":273,"url":"https:\/\/swissgliders.ch\/wp-content\/uploads\/2023\/04\/NEO-speed-bar-3-steps-light-1.jpg","type":"image\/jpeg"}],"twitter_card":"summary_large_image","twitter_site":"@Swissgliders","twitter_misc":{"Preis":"&#67;&#72;&#70;&nbsp;38.00","Verf\u00fcgbarkeit":"Auf Lager"},"schema":{"@context":"https:\/\/schema.org","@graph":[{"@type":"WebPage","@id":"https:\/\/swissgliders.ch\/de\/produkt\/neo-3-steps-speedbar-light\/","url":"https:\/\/swissgliders.ch\/de\/produkt\/neo-3-steps-speedbar-light\/","name":"NEO 3 STEPS SPEEDBAR LIGHT | Gleitschirmschule Thun, Bern, Interlaken","isPartOf":{"@id":"https:\/\/swissgliders.ch\/de\/#website"},"primaryImageOfPage":{"@id":"https:\/\/swissgliders.ch\/de\/produkt\/neo-3-steps-speedbar-light\/#primaryimage"},"image":{"@id":"https:\/\/swissgliders.ch\/de\/produkt\/neo-3-steps-speedbar-light\/#primaryimage"},"thumbnailUrl":"https:\/\/swissgliders.ch\/wp-content\/uploads\/2023\/04\/NEO-speed-bar-3-steps-light-1.jpg","datePublished":"2023-04-04T17:25:35+00:00","dateModified":"2025-05-24T09:37:29+00:00","description":"Halbsteife und ultraleichte Beschleuniger 3 Stufen f\u00fcr XC und Hike & Fly.","breadcrumb":{"@id":"https:\/\/swissgliders.ch\/de\/produkt\/neo-3-steps-speedbar-light\/#breadcrumb"},"inLanguage":"de","potentialAction":[{"@type":"ReadAction","target":["https:\/\/swissgliders.ch\/de\/produkt\/neo-3-steps-speedbar-light\/"]}]},{"@type":"ImageObject","inLanguage":"de","@id":"https:\/\/swissgliders.ch\/de\/produkt\/neo-3-steps-speedbar-light\/#primaryimage","url":"https:\/\/swissgliders.ch\/wp-content\/uploads\/2023\/04\/NEO-speed-bar-3-steps-light-1.jpg","contentUrl":"https:\/\/swissgliders.ch\/wp-content\/uploads\/2023\/04\/NEO-speed-bar-3-steps-light-1.jpg","width":210,"height":273,"caption":"NEO-speed-bar-3-steps-light-1"},{"@type":"BreadcrumbList","@id":"https:\/\/swissgliders.ch\/de\/produkt\/neo-3-steps-speedbar-light\/#breadcrumb","itemListElement":[{"@type":"ListItem","position":1,"name":"Startseite","item":"https:\/\/swissgliders.ch\/de\/willkommen\/"},{"@type":"ListItem","position":2,"name":"Gleitschirm Shop","item":"https:\/\/swissgliders.ch\/de\/gleitschirm-shop\/"},{"@type":"ListItem","position":3,"name":"NEO 3 STEPS SPEEDBAR LIGHT"}]},{"@type":"WebSite","@id":"https:\/\/swissgliders.ch\/de\/#website","url":"https:\/\/swissgliders.ch\/de\/","name":"Gleitschirmschule Thun, Bern, Interlaken","description":"Gleitschirmschule Thun, Bern, Interlaken","publisher":{"@id":"https:\/\/swissgliders.ch\/de\/#organization"},"potentialAction":[{"@type":"SearchAction","target":{"@type":"EntryPoint","urlTemplate":"https:\/\/swissgliders.ch\/de\/?s={search_term_string}"},"query-input":{"@type":"PropertyValueSpecification","valueRequired":true,"valueName":"search_term_string"}}],"inLanguage":"de"},{"@type":"Organization","@id":"https:\/\/swissgliders.ch\/de\/#organization","name":"Swissgliders Gleitschirmflugschule Thun","url":"https:\/\/swissgliders.ch\/de\/","logo":{"@type":"ImageObject","inLanguage":"de","@id":"https:\/\/swissgliders.ch\/de\/#\/schema\/logo\/image\/","url":"https:\/\/swissgliders.ch\/wp-content\/uploads\/2019\/12\/swissgliders-logo-rgb-square-L-no-ch-01.png","contentUrl":"https:\/\/swissgliders.ch\/wp-content\/uploads\/2019\/12\/swissgliders-logo-rgb-square-L-no-ch-01.png","width":2500,"height":2500,"caption":"Swissgliders Gleitschirmflugschule Thun"},"image":{"@id":"https:\/\/swissgliders.ch\/de\/#\/schema\/logo\/image\/"},"sameAs":["https:\/\/www.facebook.com\/swissgliders","https:\/\/x.com\/Swissgliders","https:\/\/www.instagram.com\/swissgliders\/","https:\/\/www.youtube.com\/channel\/UCMCtGdepy9vBhrhX3V_oJOA"],"hasMerchantReturnPolicy":{"@type":"MerchantReturnPolicy","merchantReturnLink":"https:\/\/swissgliders.ch\/de\/allgemeine-geschaftsbedingungen\/"}}]},"product_price_amount":"38.00","product_price_currency":"CHF","og_availability":"instock","product_availability":"instock","product_condition":"new"},"_links":{"self":[{"href":"https:\/\/swissgliders.ch\/de\/wp-json\/wp\/v2\/product\/10361","targetHints":{"allow":["GET"]}}],"collection":[{"href":"https:\/\/swissgliders.ch\/de\/wp-json\/wp\/v2\/product"}],"about":[{"href":"https:\/\/swissgliders.ch\/de\/wp-json\/wp\/v2\/types\/product"}],"replies":[{"embeddable":true,"href":"https:\/\/swissgliders.ch\/de\/wp-json\/wp\/v2\/comments?post=10361"}],"wp:featuredmedia":[{"embeddable":true,"href":"https:\/\/swissgliders.ch\/de\/wp-json\/wp\/v2\/media\/10363"}],"wp:attachment":[{"href":"https:\/\/swissgliders.ch\/de\/wp-json\/wp\/v2\/media?parent=10361"}],"wp:term":[{"taxonomy":"product_brand","embeddable":true,"href":"https:\/\/swissgliders.ch\/de\/wp-json\/wp\/v2\/product_brand?post=10361"},{"taxonomy":"product_cat","embeddable":true,"href":"https:\/\/swissgliders.ch\/de\/wp-json\/wp\/v2\/product_cat?post=10361"},{"taxonomy":"product_tag","embeddable":true,"href":"https:\/\/swissgliders.ch\/de\/wp-json\/wp\/v2\/product_tag?post=10361"}],"curies":[{"name":"wp","href":"https:\/\/api.w.org\/{rel}","templated":true}]}}