{"id":10416,"date":"2023-04-19T12:13:00","date_gmt":"2023-04-19T11:13:00","guid":{"rendered":"https:\/\/swissgliders.ch\/?post_type=product&#038;p=10416"},"modified":"2025-04-16T09:30:08","modified_gmt":"2025-04-16T08:30:08","slug":"niviuk-icepeak-x-one-en-ccc","status":"publish","type":"product","link":"https:\/\/swissgliders.ch\/de\/produkt\/niviuk-icepeak-x-one-en-ccc\/","title":{"rendered":"Niviuk Icepeak X-One EN-CCC"},"content":{"rendered":"<div>\n<div>\n<div class=\"\">\n<div>\n<div class=\"\">\n<div class=\"titol\">\n<p>H\u00f6here Geschwindikeit, gepaart mit makellosem Gleiten erm\u00f6glicht dir immer ganz vorne im Pulk zu fliegen.<\/p>\n<p>Die Kombination aus modernem Design und revolution\u00e4rer Konstruktionsarbeit ergibt einen schnellen und stabilen Gleitschirm in allen Phasen des Flugs.<\/p>\n<p>Die Umsetzung der neuesten Niviuk-Technologien schafft das einzigartige Design des X-One und setzt im Wettkampf neue Ma\u00dfst\u00e4be.<\/p>\n<\/div>\n<div><\/div>\n<div><strong>CCC<\/strong><br \/>\nIm Wettbewerb mit der h\u00f6chstm\u00f6glichen Leistung am Start. Ein vielseitiger und schneller Schirm, der es dir erm\u00f6glicht, die besten Ergebnisse zu erzielen.<\/div>\n<\/div>\n<\/div>\n<\/div>\n<\/div>\n<\/div>\n<p>Mehr <a href=\"https:\/\/niviuk.com\/de\/icepeak-x-one\" target=\"_blank\" rel=\"noopener\">Infos<\/a><\/p>\n<p>Falls dieser Artikel nicht an Lager ist, wird er f\u00fcr dich bestellt. Lieferfrist auf Anfrage.<\/p>\n","protected":false},"excerpt":{"rendered":"<div>\n<div>\n<div class=\"\">\n<div>\n<div class=\"\">\n<div class=\"titol\">\n<p>H\u00f6here Geschwindikeit, gepaart mit makellosem Gleiten erm\u00f6glicht dir immer ganz vorne im Pulk zu fliegen.<\/p>\n<p>Die Kombination aus modernem Design und revolution\u00e4rer Konstruktionsarbeit ergibt einen schnellen und stabilen Gleitschirm in allen Phasen des Flugs.<\/p>\n<p>Die Umsetzung der neuesten Niviuk-Technologien schafft das einzigartige Design des X-One und setzt im Wettkampf neue Ma\u00dfst\u00e4be.<\/p>\n<\/div>\n<div><\/div>\n<div><strong>CCC<\/strong><br \/>\nIm Wettbewerb mit der h\u00f6chstm\u00f6glichen Leistung am Start. Ein vielseitiger und schneller Schirm, der es dir erm\u00f6glicht, die besten Ergebnisse zu erzielen.<\/div>\n<\/div>\n<\/div>\n<\/div>\n<\/div>\n<\/div>\n<p>Mehr <a href=\"https:\/\/niviuk.com\/de\/icepeak-x-one\" target=\"_blank\" rel=\"noopener\">Infos<\/a><\/p>\n<p>Falls dieser Artikel nicht an Lager ist, wird er f\u00fcr dich bestellt. Lieferfrist auf Anfrage.<\/p>\n","protected":false},"featured_media":10422,"comment_status":"closed","ping_status":"closed","template":"","meta":[],"product_brand":[],"product_cat":[86],"product_tag":[917,90],"class_list":{"0":"post-10416","1":"product","2":"type-product","3":"status-publish","4":"has-post-thumbnail","6":"product_cat-gleitschirme","7":"product_tag-gleitschirm","8":"product_tag-verkaufsartikel","9":"product_shipping_class-priority-10kg-de","11":"first","12":"instock","13":"sale","14":"shipping-taxable","15":"purchasable","16":"product-type-variable"},"yoast_head":"<!-- This site is optimized with the Yoast SEO Premium plugin v26.1 (Yoast SEO v27.3) - https:\/\/yoast.com\/product\/yoast-seo-premium-wordpress\/ -->\n<title>Niviuk Icepeak X-One EN-CCC | Gleitschirmschule Thun, Bern, Interlaken<\/title>\n<meta name=\"description\" content=\"H\u00f6here Geschwindikeit, gepaart mit makellosem Gleiten erm\u00f6glicht dir immer ganz vorne im Pulk zu fliegen.Die Kombination aus modernem Design und revolution\u00e4rer Konstruktionsarbeit ergibt einen schnellen und stabilen Gleitschirm in allen Phasen des Flugs.Die Umsetzung der neuesten Niviuk-Technologien schafft das einzigartige Design des X-One und setzt im Wettkampf neue Ma\u00dfst\u00e4be.CCCIm Wettbewerb mit der h\u00f6chstm\u00f6glichen Leistung am Start. Ein vielseitiger und schneller Schirm, der es dir erm\u00f6glicht, die besten Ergebnisse zu erzielen.\" \/>\n<meta name=\"robots\" content=\"index, follow, max-snippet:-1, max-image-preview:large, max-video-preview:-1\" \/>\n<link rel=\"canonical\" href=\"https:\/\/swissgliders.ch\/de\/produkt\/niviuk-icepeak-x-one-en-ccc\/\" \/>\n<meta property=\"og:locale\" content=\"de_DE\" \/>\n<meta property=\"og:type\" content=\"article\" \/>\n<meta property=\"og:title\" content=\"Niviuk Icepeak X-One EN-CCC\" \/>\n<meta property=\"og:description\" content=\"H\u00f6here Geschwindikeit, gepaart mit makellosem Gleiten erm\u00f6glicht dir immer ganz vorne im Pulk zu fliegen.Die Kombination aus modernem Design und revolution\u00e4rer Konstruktionsarbeit ergibt einen schnellen und stabilen Gleitschirm in allen Phasen des Flugs.Die Umsetzung der neuesten Niviuk-Technologien schafft das einzigartige Design des X-One und setzt im Wettkampf neue Ma\u00dfst\u00e4be.CCCIm Wettbewerb mit der h\u00f6chstm\u00f6glichen Leistung am Start. Ein vielseitiger und schneller Schirm, der es dir erm\u00f6glicht, die besten Ergebnisse zu erzielen.\" \/>\n<meta property=\"og:url\" content=\"https:\/\/swissgliders.ch\/de\/produkt\/niviuk-icepeak-x-one-en-ccc\/\" \/>\n<meta property=\"og:site_name\" content=\"Gleitschirmschule Thun, Bern, Interlaken\" \/>\n<meta property=\"article:publisher\" content=\"https:\/\/www.facebook.com\/swissgliders\" \/>\n<meta property=\"article:modified_time\" content=\"2025-04-16T08:30:08+00:00\" \/>\n<meta property=\"og:image\" content=\"https:\/\/swissgliders.ch\/wp-content\/uploads\/2023\/04\/Niviuk_Gleitschirm_Icepeak-x-one-1.jpg\" \/>\n\t<meta property=\"og:image:width\" content=\"474\" \/>\n\t<meta property=\"og:image:height\" content=\"242\" \/>\n\t<meta property=\"og:image:type\" content=\"image\/jpeg\" \/>\n<meta name=\"twitter:card\" content=\"summary_large_image\" \/>\n<meta name=\"twitter:site\" content=\"@Swissgliders\" \/>\n<meta name=\"twitter:label1\" content=\"Verf\u00fcgbarkeit\" \/>\n\t<meta name=\"twitter:data1\" content=\"Auf Lager\" \/>\n<script type=\"application\/ld+json\" class=\"yoast-schema-graph\">{\"@context\":\"https:\\\/\\\/schema.org\",\"@graph\":[{\"@type\":\"WebPage\",\"@id\":\"https:\\\/\\\/swissgliders.ch\\\/de\\\/produkt\\\/niviuk-icepeak-x-one-en-ccc\\\/\",\"url\":\"https:\\\/\\\/swissgliders.ch\\\/de\\\/produkt\\\/niviuk-icepeak-x-one-en-ccc\\\/\",\"name\":\"Niviuk Icepeak X-One EN-CCC | Gleitschirmschule Thun, Bern, Interlaken\",\"isPartOf\":{\"@id\":\"https:\\\/\\\/swissgliders.ch\\\/de\\\/#website\"},\"primaryImageOfPage\":{\"@id\":\"https:\\\/\\\/swissgliders.ch\\\/de\\\/produkt\\\/niviuk-icepeak-x-one-en-ccc\\\/#primaryimage\"},\"image\":{\"@id\":\"https:\\\/\\\/swissgliders.ch\\\/de\\\/produkt\\\/niviuk-icepeak-x-one-en-ccc\\\/#primaryimage\"},\"thumbnailUrl\":\"https:\\\/\\\/swissgliders.ch\\\/wp-content\\\/uploads\\\/2023\\\/04\\\/Niviuk_Gleitschirm_Icepeak-x-one-1.jpg\",\"datePublished\":\"2023-04-19T11:13:00+00:00\",\"dateModified\":\"2025-04-16T08:30:08+00:00\",\"description\":\"H\u00f6here Geschwindikeit, gepaart mit makellosem Gleiten erm\u00f6glicht dir immer ganz vorne im Pulk zu fliegen.Die Kombination aus modernem Design und revolution\u00e4rer Konstruktionsarbeit ergibt einen schnellen und stabilen Gleitschirm in allen Phasen des Flugs.Die Umsetzung der neuesten Niviuk-Technologien schafft das einzigartige Design des X-One und setzt im Wettkampf neue Ma\u00dfst\u00e4be.CCCIm Wettbewerb mit der h\u00f6chstm\u00f6glichen Leistung am Start. Ein vielseitiger und schneller Schirm, der es dir erm\u00f6glicht, die besten Ergebnisse zu erzielen.\",\"breadcrumb\":{\"@id\":\"https:\\\/\\\/swissgliders.ch\\\/de\\\/produkt\\\/niviuk-icepeak-x-one-en-ccc\\\/#breadcrumb\"},\"inLanguage\":\"de\",\"potentialAction\":[{\"@type\":\"ReadAction\",\"target\":[\"https:\\\/\\\/swissgliders.ch\\\/de\\\/produkt\\\/niviuk-icepeak-x-one-en-ccc\\\/\"]}]},{\"@type\":\"ImageObject\",\"inLanguage\":\"de\",\"@id\":\"https:\\\/\\\/swissgliders.ch\\\/de\\\/produkt\\\/niviuk-icepeak-x-one-en-ccc\\\/#primaryimage\",\"url\":\"https:\\\/\\\/swissgliders.ch\\\/wp-content\\\/uploads\\\/2023\\\/04\\\/Niviuk_Gleitschirm_Icepeak-x-one-1.jpg\",\"contentUrl\":\"https:\\\/\\\/swissgliders.ch\\\/wp-content\\\/uploads\\\/2023\\\/04\\\/Niviuk_Gleitschirm_Icepeak-x-one-1.jpg\",\"width\":474,\"height\":242,\"caption\":\"Niviuk_Gleitschirm_Icepeak-x-one-1\"},{\"@type\":\"BreadcrumbList\",\"@id\":\"https:\\\/\\\/swissgliders.ch\\\/de\\\/produkt\\\/niviuk-icepeak-x-one-en-ccc\\\/#breadcrumb\",\"itemListElement\":[{\"@type\":\"ListItem\",\"position\":1,\"name\":\"Startseite\",\"item\":\"https:\\\/\\\/swissgliders.ch\\\/de\\\/willkommen\\\/\"},{\"@type\":\"ListItem\",\"position\":2,\"name\":\"Gleitschirm Shop\",\"item\":\"https:\\\/\\\/swissgliders.ch\\\/de\\\/gleitschirm-shop\\\/\"},{\"@type\":\"ListItem\",\"position\":3,\"name\":\"Niviuk Icepeak X-One EN-CCC\"}]},{\"@type\":\"WebSite\",\"@id\":\"https:\\\/\\\/swissgliders.ch\\\/de\\\/#website\",\"url\":\"https:\\\/\\\/swissgliders.ch\\\/de\\\/\",\"name\":\"Gleitschirmschule Thun, Bern, Interlaken\",\"description\":\"Gleitschirmschule Thun, Bern, Interlaken\",\"publisher\":{\"@id\":\"https:\\\/\\\/swissgliders.ch\\\/de\\\/#organization\"},\"potentialAction\":[{\"@type\":\"SearchAction\",\"target\":{\"@type\":\"EntryPoint\",\"urlTemplate\":\"https:\\\/\\\/swissgliders.ch\\\/de\\\/?s={search_term_string}\"},\"query-input\":{\"@type\":\"PropertyValueSpecification\",\"valueRequired\":true,\"valueName\":\"search_term_string\"}}],\"inLanguage\":\"de\"},{\"@type\":\"Organization\",\"@id\":\"https:\\\/\\\/swissgliders.ch\\\/de\\\/#organization\",\"name\":\"Swissgliders Gleitschirmflugschule Thun\",\"url\":\"https:\\\/\\\/swissgliders.ch\\\/de\\\/\",\"logo\":{\"@type\":\"ImageObject\",\"inLanguage\":\"de\",\"@id\":\"https:\\\/\\\/swissgliders.ch\\\/de\\\/#\\\/schema\\\/logo\\\/image\\\/\",\"url\":\"https:\\\/\\\/swissgliders.ch\\\/wp-content\\\/uploads\\\/2019\\\/12\\\/swissgliders-logo-rgb-square-L-no-ch-01.png\",\"contentUrl\":\"https:\\\/\\\/swissgliders.ch\\\/wp-content\\\/uploads\\\/2019\\\/12\\\/swissgliders-logo-rgb-square-L-no-ch-01.png\",\"width\":2500,\"height\":2500,\"caption\":\"Swissgliders Gleitschirmflugschule Thun\"},\"image\":{\"@id\":\"https:\\\/\\\/swissgliders.ch\\\/de\\\/#\\\/schema\\\/logo\\\/image\\\/\"},\"sameAs\":[\"https:\\\/\\\/www.facebook.com\\\/swissgliders\",\"https:\\\/\\\/x.com\\\/Swissgliders\",\"https:\\\/\\\/www.instagram.com\\\/swissgliders\\\/\",\"https:\\\/\\\/www.youtube.com\\\/channel\\\/UCMCtGdepy9vBhrhX3V_oJOA\"],\"hasMerchantReturnPolicy\":{\"@type\":\"MerchantReturnPolicy\",\"merchantReturnLink\":\"https:\\\/\\\/swissgliders.ch\\\/de\\\/allgemeine-geschaftsbedingungen\\\/\"}}]}<\/script>\n<meta property=\"og:availability\" content=\"instock\" \/>\n<meta property=\"product:availability\" content=\"instock\" \/>\n<meta property=\"product:retailer_item_id\" content=\"niviuk-icepeak-x-one-en-ccc\" \/>\n<meta property=\"product:condition\" content=\"new\" \/>\n<!-- \/ Yoast SEO Premium plugin. -->","yoast_head_json":{"title":"Niviuk Icepeak X-One EN-CCC | Gleitschirmschule Thun, Bern, Interlaken","description":"H\u00f6here Geschwindikeit, gepaart mit makellosem Gleiten erm\u00f6glicht dir immer ganz vorne im Pulk zu fliegen.Die Kombination aus modernem Design und revolution\u00e4rer Konstruktionsarbeit ergibt einen schnellen und stabilen Gleitschirm in allen Phasen des Flugs.Die Umsetzung der neuesten Niviuk-Technologien schafft das einzigartige Design des X-One und setzt im Wettkampf neue Ma\u00dfst\u00e4be.CCCIm Wettbewerb mit der h\u00f6chstm\u00f6glichen Leistung am Start. Ein vielseitiger und schneller Schirm, der es dir erm\u00f6glicht, die besten Ergebnisse zu erzielen.","robots":{"index":"index","follow":"follow","max-snippet":"max-snippet:-1","max-image-preview":"max-image-preview:large","max-video-preview":"max-video-preview:-1"},"canonical":"https:\/\/swissgliders.ch\/de\/produkt\/niviuk-icepeak-x-one-en-ccc\/","og_locale":"de_DE","og_type":"article","og_title":"Niviuk Icepeak X-One EN-CCC","og_description":"H\u00f6here Geschwindikeit, gepaart mit makellosem Gleiten erm\u00f6glicht dir immer ganz vorne im Pulk zu fliegen.Die Kombination aus modernem Design und revolution\u00e4rer Konstruktionsarbeit ergibt einen schnellen und stabilen Gleitschirm in allen Phasen des Flugs.Die Umsetzung der neuesten Niviuk-Technologien schafft das einzigartige Design des X-One und setzt im Wettkampf neue Ma\u00dfst\u00e4be.CCCIm Wettbewerb mit der h\u00f6chstm\u00f6glichen Leistung am Start. Ein vielseitiger und schneller Schirm, der es dir erm\u00f6glicht, die besten Ergebnisse zu erzielen.","og_url":"https:\/\/swissgliders.ch\/de\/produkt\/niviuk-icepeak-x-one-en-ccc\/","og_site_name":"Gleitschirmschule Thun, Bern, Interlaken","article_publisher":"https:\/\/www.facebook.com\/swissgliders","article_modified_time":"2025-04-16T08:30:08+00:00","og_image":[{"width":474,"height":242,"url":"https:\/\/swissgliders.ch\/wp-content\/uploads\/2023\/04\/Niviuk_Gleitschirm_Icepeak-x-one-1.jpg","type":"image\/jpeg"}],"twitter_card":"summary_large_image","twitter_site":"@Swissgliders","twitter_misc":{"Verf\u00fcgbarkeit":"Auf Lager"},"schema":{"@context":"https:\/\/schema.org","@graph":[{"@type":"WebPage","@id":"https:\/\/swissgliders.ch\/de\/produkt\/niviuk-icepeak-x-one-en-ccc\/","url":"https:\/\/swissgliders.ch\/de\/produkt\/niviuk-icepeak-x-one-en-ccc\/","name":"Niviuk Icepeak X-One EN-CCC | Gleitschirmschule Thun, Bern, Interlaken","isPartOf":{"@id":"https:\/\/swissgliders.ch\/de\/#website"},"primaryImageOfPage":{"@id":"https:\/\/swissgliders.ch\/de\/produkt\/niviuk-icepeak-x-one-en-ccc\/#primaryimage"},"image":{"@id":"https:\/\/swissgliders.ch\/de\/produkt\/niviuk-icepeak-x-one-en-ccc\/#primaryimage"},"thumbnailUrl":"https:\/\/swissgliders.ch\/wp-content\/uploads\/2023\/04\/Niviuk_Gleitschirm_Icepeak-x-one-1.jpg","datePublished":"2023-04-19T11:13:00+00:00","dateModified":"2025-04-16T08:30:08+00:00","description":"H\u00f6here Geschwindikeit, gepaart mit makellosem Gleiten erm\u00f6glicht dir immer ganz vorne im Pulk zu fliegen.Die Kombination aus modernem Design und revolution\u00e4rer Konstruktionsarbeit ergibt einen schnellen und stabilen Gleitschirm in allen Phasen des Flugs.Die Umsetzung der neuesten Niviuk-Technologien schafft das einzigartige Design des X-One und setzt im Wettkampf neue Ma\u00dfst\u00e4be.CCCIm Wettbewerb mit der h\u00f6chstm\u00f6glichen Leistung am Start. Ein vielseitiger und schneller Schirm, der es dir erm\u00f6glicht, die besten Ergebnisse zu erzielen.","breadcrumb":{"@id":"https:\/\/swissgliders.ch\/de\/produkt\/niviuk-icepeak-x-one-en-ccc\/#breadcrumb"},"inLanguage":"de","potentialAction":[{"@type":"ReadAction","target":["https:\/\/swissgliders.ch\/de\/produkt\/niviuk-icepeak-x-one-en-ccc\/"]}]},{"@type":"ImageObject","inLanguage":"de","@id":"https:\/\/swissgliders.ch\/de\/produkt\/niviuk-icepeak-x-one-en-ccc\/#primaryimage","url":"https:\/\/swissgliders.ch\/wp-content\/uploads\/2023\/04\/Niviuk_Gleitschirm_Icepeak-x-one-1.jpg","contentUrl":"https:\/\/swissgliders.ch\/wp-content\/uploads\/2023\/04\/Niviuk_Gleitschirm_Icepeak-x-one-1.jpg","width":474,"height":242,"caption":"Niviuk_Gleitschirm_Icepeak-x-one-1"},{"@type":"BreadcrumbList","@id":"https:\/\/swissgliders.ch\/de\/produkt\/niviuk-icepeak-x-one-en-ccc\/#breadcrumb","itemListElement":[{"@type":"ListItem","position":1,"name":"Startseite","item":"https:\/\/swissgliders.ch\/de\/willkommen\/"},{"@type":"ListItem","position":2,"name":"Gleitschirm Shop","item":"https:\/\/swissgliders.ch\/de\/gleitschirm-shop\/"},{"@type":"ListItem","position":3,"name":"Niviuk Icepeak X-One EN-CCC"}]},{"@type":"WebSite","@id":"https:\/\/swissgliders.ch\/de\/#website","url":"https:\/\/swissgliders.ch\/de\/","name":"Gleitschirmschule Thun, Bern, Interlaken","description":"Gleitschirmschule Thun, Bern, Interlaken","publisher":{"@id":"https:\/\/swissgliders.ch\/de\/#organization"},"potentialAction":[{"@type":"SearchAction","target":{"@type":"EntryPoint","urlTemplate":"https:\/\/swissgliders.ch\/de\/?s={search_term_string}"},"query-input":{"@type":"PropertyValueSpecification","valueRequired":true,"valueName":"search_term_string"}}],"inLanguage":"de"},{"@type":"Organization","@id":"https:\/\/swissgliders.ch\/de\/#organization","name":"Swissgliders Gleitschirmflugschule Thun","url":"https:\/\/swissgliders.ch\/de\/","logo":{"@type":"ImageObject","inLanguage":"de","@id":"https:\/\/swissgliders.ch\/de\/#\/schema\/logo\/image\/","url":"https:\/\/swissgliders.ch\/wp-content\/uploads\/2019\/12\/swissgliders-logo-rgb-square-L-no-ch-01.png","contentUrl":"https:\/\/swissgliders.ch\/wp-content\/uploads\/2019\/12\/swissgliders-logo-rgb-square-L-no-ch-01.png","width":2500,"height":2500,"caption":"Swissgliders Gleitschirmflugschule Thun"},"image":{"@id":"https:\/\/swissgliders.ch\/de\/#\/schema\/logo\/image\/"},"sameAs":["https:\/\/www.facebook.com\/swissgliders","https:\/\/x.com\/Swissgliders","https:\/\/www.instagram.com\/swissgliders\/","https:\/\/www.youtube.com\/channel\/UCMCtGdepy9vBhrhX3V_oJOA"],"hasMerchantReturnPolicy":{"@type":"MerchantReturnPolicy","merchantReturnLink":"https:\/\/swissgliders.ch\/de\/allgemeine-geschaftsbedingungen\/"}}]},"og_availability":"instock","product_availability":"instock","product_retailer_item_id":"niviuk-icepeak-x-one-en-ccc","product_condition":"new"},"_links":{"self":[{"href":"https:\/\/swissgliders.ch\/de\/wp-json\/wp\/v2\/product\/10416","targetHints":{"allow":["GET"]}}],"collection":[{"href":"https:\/\/swissgliders.ch\/de\/wp-json\/wp\/v2\/product"}],"about":[{"href":"https:\/\/swissgliders.ch\/de\/wp-json\/wp\/v2\/types\/product"}],"replies":[{"embeddable":true,"href":"https:\/\/swissgliders.ch\/de\/wp-json\/wp\/v2\/comments?post=10416"}],"wp:featuredmedia":[{"embeddable":true,"href":"https:\/\/swissgliders.ch\/de\/wp-json\/wp\/v2\/media\/10422"}],"wp:attachment":[{"href":"https:\/\/swissgliders.ch\/de\/wp-json\/wp\/v2\/media?parent=10416"}],"wp:term":[{"taxonomy":"product_brand","embeddable":true,"href":"https:\/\/swissgliders.ch\/de\/wp-json\/wp\/v2\/product_brand?post=10416"},{"taxonomy":"product_cat","embeddable":true,"href":"https:\/\/swissgliders.ch\/de\/wp-json\/wp\/v2\/product_cat?post=10416"},{"taxonomy":"product_tag","embeddable":true,"href":"https:\/\/swissgliders.ch\/de\/wp-json\/wp\/v2\/product_tag?post=10416"}],"curies":[{"name":"wp","href":"https:\/\/api.w.org\/{rel}","templated":true}]}}