{"id":10425,"date":"2023-04-19T12:27:55","date_gmt":"2023-04-19T11:27:55","guid":{"rendered":"https:\/\/swissgliders.ch\/?post_type=product&#038;p=10425"},"modified":"2023-10-26T10:07:51","modified_gmt":"2023-10-26T09:07:51","slug":"niviuk-n-gravity-6-en-926-1","status":"publish","type":"product","link":"https:\/\/swissgliders.ch\/de\/produkt\/niviuk-n-gravity-6-en-926-1\/","title":{"rendered":"Niviuk N-Gravity 6 EN-926-1"},"content":{"rendered":"<div>\n<div class=\"\">\n<div class=\"\">\n<div><strong>LOS GEHT DIE SHOW<\/strong><\/div>\n<div>\n<p>Der reinste Spa\u00df \u2013 deiner Kreativit\u00e4t sind mit dem neuen N-Gravity 6 keine Grenzen gesetzt. Die sechste Generation richtet sich an Acro-Enthusiasten, die ihre Tricks auf das n\u00e4chste Level heben m\u00f6chten. Ein agiler, dynamischer Schirm mit perfektem Handling f\u00fcr unendliche M\u00f6glichkeiten.<\/p>\n<\/div>\n<div><\/div>\n<div><strong>Wettkampf und Acro<\/strong><br \/>\nErfahrene Acropiloten k\u00f6nnen mit dem N-Gravity 6 unz\u00e4hlige spektakul\u00e4re Man\u00f6ver machen. Perfektioniere all deine Tricks und beeindrucke mit diesem Schirm in Acro-Wettbewerben. Die Show kann beginnen!<\/div>\n<div><\/div>\n<div>\n<div class=\"titol\"><strong>Energetisch und effizient<\/strong><\/div>\n<div>Ein Schirm mit unglaublicher Vielseitigkeit, Pr\u00e4zision und Kontrolle. Exzellente Balance und Energie. Agilit\u00e4t und Geschwindigkeit ohne Kompromisse in Effizienz und Sicherheit.<\/div>\n<div>\n<div class=\"showed\">\n<div><\/div>\n<\/div>\n<div class=\"\">\n<div class=\"titol\"><strong>Ein Hochleistungsschirm<\/strong><\/div>\n<div>Schnell, agil und sehr solide aber dennoch effizient und robust. Mit dem N-Gravity 6 kannst du stundenlang \u00fcben und deine Acroman\u00f6ver verbessern Er verf\u00fcgt au\u00dferdem \u00fcber ein hervorragendes Thermikverhalten.<\/div>\n<div><\/div>\n<\/div>\n<div><strong>Wettkampf und Acro<\/strong><br \/>\nErfahrene Acropiloten k\u00f6nnen mit dem N-Gravity 6 unz\u00e4hlige spektakul\u00e4re Man\u00f6ver machen. Perfektioniere all deine Tricks und beeindrucke mit diesem Schirm in Acro-Wettbewerben. Die Show kann beginnen!<\/div>\n<\/div>\n<\/div>\n<\/div>\n<\/div>\n<\/div>\n<p>Weiter <a href=\"https:\/\/niviuk.com\/de\/n-gravity-6\" target=\"_blank\" rel=\"noopener\">Infos<\/a><\/p>\n<p>Liefertermin nach Absprache<\/p>\n","protected":false},"excerpt":{"rendered":"<div>\n<div class=\"\">\n<div class=\"\">\n<div><strong>LOS GEHT DIE SHOW<\/strong><\/div>\n<div>\n<p>Der reinste Spa\u00df \u2013 deiner Kreativit\u00e4t sind mit dem neuen N-Gravity 6 keine Grenzen gesetzt. Die sechste Generation richtet sich an Acro-Enthusiasten, die ihre Tricks auf das n\u00e4chste Level heben m\u00f6chten. Ein agiler, dynamischer Schirm mit perfektem Handling f\u00fcr unendliche M\u00f6glichkeiten.<\/p>\n<\/div>\n<div><\/div>\n<div><strong>Wettkampf und Acro<\/strong><br \/>\nErfahrene Acropiloten k\u00f6nnen mit dem N-Gravity 6 unz\u00e4hlige spektakul\u00e4re Man\u00f6ver machen. Perfektioniere all deine Tricks und beeindrucke mit diesem Schirm in Acro-Wettbewerben. Die Show kann beginnen!<\/div>\n<div><\/div>\n<div>\n<div class=\"titol\"><strong>Energetisch und effizient<\/strong><\/div>\n<div>Ein Schirm mit unglaublicher Vielseitigkeit, Pr\u00e4zision und Kontrolle. Exzellente Balance und Energie. Agilit\u00e4t und Geschwindigkeit ohne Kompromisse in Effizienz und Sicherheit.<\/div>\n<div>\n<div class=\"showed\">\n<div><\/div>\n<\/div>\n<div class=\"\">\n<div class=\"titol\"><strong>Ein Hochleistungsschirm<\/strong><\/div>\n<div>Schnell, agil und sehr solide aber dennoch effizient und robust. Mit dem N-Gravity 6 kannst du stundenlang \u00fcben und deine Acroman\u00f6ver verbessern Er verf\u00fcgt au\u00dferdem \u00fcber ein hervorragendes Thermikverhalten.<\/div>\n<div><\/div>\n<\/div>\n<div><strong>Wettkampf und Acro<\/strong><br \/>\nErfahrene Acropiloten k\u00f6nnen mit dem N-Gravity 6 unz\u00e4hlige spektakul\u00e4re Man\u00f6ver machen. Perfektioniere all deine Tricks und beeindrucke mit diesem Schirm in Acro-Wettbewerben. Die Show kann beginnen!<\/div>\n<\/div>\n<\/div>\n<\/div>\n<\/div>\n<\/div>\n<p>Weiter <a href=\"https:\/\/niviuk.com\/de\/n-gravity-6\" target=\"_blank\" rel=\"noopener\">Infos<\/a><\/p>\n<p>Liefertermin nach Absprache<\/p>\n","protected":false},"featured_media":10436,"comment_status":"closed","ping_status":"closed","template":"","meta":[],"product_brand":[],"product_cat":[86],"product_tag":[917,90],"class_list":{"0":"post-10425","1":"product","2":"type-product","3":"status-publish","4":"has-post-thumbnail","6":"product_cat-gleitschirme","7":"product_tag-gleitschirm","8":"product_tag-verkaufsartikel","9":"product_shipping_class-priority-10kg-de","11":"first","12":"instock","13":"sale","14":"shipping-taxable","15":"purchasable","16":"product-type-variable"},"yoast_head":"<!-- This site is optimized with the Yoast SEO Premium plugin v26.1 (Yoast SEO v27.3) - https:\/\/yoast.com\/product\/yoast-seo-premium-wordpress\/ -->\n<title>Niviuk N-Gravity 6 EN-926-1 | Gleitschirmschule Thun, Bern, Interlaken<\/title>\n<meta name=\"description\" content=\"Wettkampf und AcroErfahrene Acropiloten k\u00f6nnen mit dem N-Gravity 6 unz\u00e4hlige spektakul\u00e4re Man\u00f6ver machen. Perfektioniere all deine Tricks und beeindrucke mit diesem Schirm in Acro-Wettbewerben. Die Show kann beginnen!\" \/>\n<meta name=\"robots\" content=\"index, follow, max-snippet:-1, max-image-preview:large, max-video-preview:-1\" \/>\n<link rel=\"canonical\" href=\"https:\/\/swissgliders.ch\/de\/produkt\/niviuk-n-gravity-6-en-926-1\/\" \/>\n<meta property=\"og:locale\" content=\"de_DE\" \/>\n<meta property=\"og:type\" content=\"article\" \/>\n<meta property=\"og:title\" content=\"Niviuk N-Gravity 6 EN-926-1\" \/>\n<meta property=\"og:description\" content=\"Wettkampf und AcroErfahrene Acropiloten k\u00f6nnen mit dem N-Gravity 6 unz\u00e4hlige spektakul\u00e4re Man\u00f6ver machen. Perfektioniere all deine Tricks und beeindrucke mit diesem Schirm in Acro-Wettbewerben. Die Show kann beginnen!\" \/>\n<meta property=\"og:url\" content=\"https:\/\/swissgliders.ch\/de\/produkt\/niviuk-n-gravity-6-en-926-1\/\" \/>\n<meta property=\"og:site_name\" content=\"Gleitschirmschule Thun, Bern, Interlaken\" \/>\n<meta property=\"article:publisher\" content=\"https:\/\/www.facebook.com\/swissgliders\" \/>\n<meta property=\"article:modified_time\" content=\"2023-10-26T09:07:51+00:00\" \/>\n<meta property=\"og:image\" content=\"https:\/\/swissgliders.ch\/wp-content\/uploads\/2023\/04\/Niviuk_Gleitschirm_N-Gravity_6-1.jpg\" \/>\n\t<meta property=\"og:image:width\" content=\"250\" \/>\n\t<meta property=\"og:image:height\" content=\"250\" \/>\n\t<meta property=\"og:image:type\" content=\"image\/jpeg\" \/>\n<meta name=\"twitter:card\" content=\"summary_large_image\" \/>\n<meta name=\"twitter:site\" content=\"@Swissgliders\" \/>\n<meta name=\"twitter:label1\" content=\"Verf\u00fcgbarkeit\" \/>\n\t<meta name=\"twitter:data1\" content=\"Auf Lager\" \/>\n<script type=\"application\/ld+json\" class=\"yoast-schema-graph\">{\"@context\":\"https:\\\/\\\/schema.org\",\"@graph\":[{\"@type\":\"WebPage\",\"@id\":\"https:\\\/\\\/swissgliders.ch\\\/de\\\/produkt\\\/niviuk-n-gravity-6-en-926-1\\\/\",\"url\":\"https:\\\/\\\/swissgliders.ch\\\/de\\\/produkt\\\/niviuk-n-gravity-6-en-926-1\\\/\",\"name\":\"Niviuk N-Gravity 6 EN-926-1 | Gleitschirmschule Thun, Bern, Interlaken\",\"isPartOf\":{\"@id\":\"https:\\\/\\\/swissgliders.ch\\\/de\\\/#website\"},\"primaryImageOfPage\":{\"@id\":\"https:\\\/\\\/swissgliders.ch\\\/de\\\/produkt\\\/niviuk-n-gravity-6-en-926-1\\\/#primaryimage\"},\"image\":{\"@id\":\"https:\\\/\\\/swissgliders.ch\\\/de\\\/produkt\\\/niviuk-n-gravity-6-en-926-1\\\/#primaryimage\"},\"thumbnailUrl\":\"https:\\\/\\\/swissgliders.ch\\\/wp-content\\\/uploads\\\/2023\\\/04\\\/Niviuk_Gleitschirm_N-Gravity_6-1.jpg\",\"datePublished\":\"2023-04-19T11:27:55+00:00\",\"dateModified\":\"2023-10-26T09:07:51+00:00\",\"description\":\"Wettkampf und AcroErfahrene Acropiloten k\u00f6nnen mit dem N-Gravity 6 unz\u00e4hlige spektakul\u00e4re Man\u00f6ver machen. Perfektioniere all deine Tricks und beeindrucke mit diesem Schirm in Acro-Wettbewerben. Die Show kann beginnen!\",\"breadcrumb\":{\"@id\":\"https:\\\/\\\/swissgliders.ch\\\/de\\\/produkt\\\/niviuk-n-gravity-6-en-926-1\\\/#breadcrumb\"},\"inLanguage\":\"de\",\"potentialAction\":[{\"@type\":\"ReadAction\",\"target\":[\"https:\\\/\\\/swissgliders.ch\\\/de\\\/produkt\\\/niviuk-n-gravity-6-en-926-1\\\/\"]}]},{\"@type\":\"ImageObject\",\"inLanguage\":\"de\",\"@id\":\"https:\\\/\\\/swissgliders.ch\\\/de\\\/produkt\\\/niviuk-n-gravity-6-en-926-1\\\/#primaryimage\",\"url\":\"https:\\\/\\\/swissgliders.ch\\\/wp-content\\\/uploads\\\/2023\\\/04\\\/Niviuk_Gleitschirm_N-Gravity_6-1.jpg\",\"contentUrl\":\"https:\\\/\\\/swissgliders.ch\\\/wp-content\\\/uploads\\\/2023\\\/04\\\/Niviuk_Gleitschirm_N-Gravity_6-1.jpg\",\"width\":250,\"height\":250,\"caption\":\"Niviuk_Gleitschirm_N-Gravity_6-1\"},{\"@type\":\"BreadcrumbList\",\"@id\":\"https:\\\/\\\/swissgliders.ch\\\/de\\\/produkt\\\/niviuk-n-gravity-6-en-926-1\\\/#breadcrumb\",\"itemListElement\":[{\"@type\":\"ListItem\",\"position\":1,\"name\":\"Startseite\",\"item\":\"https:\\\/\\\/swissgliders.ch\\\/de\\\/willkommen\\\/\"},{\"@type\":\"ListItem\",\"position\":2,\"name\":\"Gleitschirm Shop\",\"item\":\"https:\\\/\\\/swissgliders.ch\\\/de\\\/gleitschirm-shop\\\/\"},{\"@type\":\"ListItem\",\"position\":3,\"name\":\"Niviuk N-Gravity 6 EN-926-1\"}]},{\"@type\":\"WebSite\",\"@id\":\"https:\\\/\\\/swissgliders.ch\\\/de\\\/#website\",\"url\":\"https:\\\/\\\/swissgliders.ch\\\/de\\\/\",\"name\":\"Gleitschirmschule Thun, Bern, Interlaken\",\"description\":\"Gleitschirmschule Thun, Bern, Interlaken\",\"publisher\":{\"@id\":\"https:\\\/\\\/swissgliders.ch\\\/de\\\/#organization\"},\"potentialAction\":[{\"@type\":\"SearchAction\",\"target\":{\"@type\":\"EntryPoint\",\"urlTemplate\":\"https:\\\/\\\/swissgliders.ch\\\/de\\\/?s={search_term_string}\"},\"query-input\":{\"@type\":\"PropertyValueSpecification\",\"valueRequired\":true,\"valueName\":\"search_term_string\"}}],\"inLanguage\":\"de\"},{\"@type\":\"Organization\",\"@id\":\"https:\\\/\\\/swissgliders.ch\\\/de\\\/#organization\",\"name\":\"Swissgliders Gleitschirmflugschule Thun\",\"url\":\"https:\\\/\\\/swissgliders.ch\\\/de\\\/\",\"logo\":{\"@type\":\"ImageObject\",\"inLanguage\":\"de\",\"@id\":\"https:\\\/\\\/swissgliders.ch\\\/de\\\/#\\\/schema\\\/logo\\\/image\\\/\",\"url\":\"https:\\\/\\\/swissgliders.ch\\\/wp-content\\\/uploads\\\/2019\\\/12\\\/swissgliders-logo-rgb-square-L-no-ch-01.png\",\"contentUrl\":\"https:\\\/\\\/swissgliders.ch\\\/wp-content\\\/uploads\\\/2019\\\/12\\\/swissgliders-logo-rgb-square-L-no-ch-01.png\",\"width\":2500,\"height\":2500,\"caption\":\"Swissgliders Gleitschirmflugschule Thun\"},\"image\":{\"@id\":\"https:\\\/\\\/swissgliders.ch\\\/de\\\/#\\\/schema\\\/logo\\\/image\\\/\"},\"sameAs\":[\"https:\\\/\\\/www.facebook.com\\\/swissgliders\",\"https:\\\/\\\/x.com\\\/Swissgliders\",\"https:\\\/\\\/www.instagram.com\\\/swissgliders\\\/\",\"https:\\\/\\\/www.youtube.com\\\/channel\\\/UCMCtGdepy9vBhrhX3V_oJOA\"],\"hasMerchantReturnPolicy\":{\"@type\":\"MerchantReturnPolicy\",\"merchantReturnLink\":\"https:\\\/\\\/swissgliders.ch\\\/de\\\/allgemeine-geschaftsbedingungen\\\/\"}}]}<\/script>\n<meta property=\"og:availability\" content=\"instock\" \/>\n<meta property=\"product:availability\" content=\"instock\" \/>\n<meta property=\"product:retailer_item_id\" content=\"niviuk-kode-p-1-1-1\" \/>\n<meta property=\"product:condition\" content=\"new\" \/>\n<!-- \/ Yoast SEO Premium plugin. -->","yoast_head_json":{"title":"Niviuk N-Gravity 6 EN-926-1 | Gleitschirmschule Thun, Bern, Interlaken","description":"Wettkampf und AcroErfahrene Acropiloten k\u00f6nnen mit dem N-Gravity 6 unz\u00e4hlige spektakul\u00e4re Man\u00f6ver machen. Perfektioniere all deine Tricks und beeindrucke mit diesem Schirm in Acro-Wettbewerben. Die Show kann beginnen!","robots":{"index":"index","follow":"follow","max-snippet":"max-snippet:-1","max-image-preview":"max-image-preview:large","max-video-preview":"max-video-preview:-1"},"canonical":"https:\/\/swissgliders.ch\/de\/produkt\/niviuk-n-gravity-6-en-926-1\/","og_locale":"de_DE","og_type":"article","og_title":"Niviuk N-Gravity 6 EN-926-1","og_description":"Wettkampf und AcroErfahrene Acropiloten k\u00f6nnen mit dem N-Gravity 6 unz\u00e4hlige spektakul\u00e4re Man\u00f6ver machen. Perfektioniere all deine Tricks und beeindrucke mit diesem Schirm in Acro-Wettbewerben. Die Show kann beginnen!","og_url":"https:\/\/swissgliders.ch\/de\/produkt\/niviuk-n-gravity-6-en-926-1\/","og_site_name":"Gleitschirmschule Thun, Bern, Interlaken","article_publisher":"https:\/\/www.facebook.com\/swissgliders","article_modified_time":"2023-10-26T09:07:51+00:00","og_image":[{"width":250,"height":250,"url":"https:\/\/swissgliders.ch\/wp-content\/uploads\/2023\/04\/Niviuk_Gleitschirm_N-Gravity_6-1.jpg","type":"image\/jpeg"}],"twitter_card":"summary_large_image","twitter_site":"@Swissgliders","twitter_misc":{"Verf\u00fcgbarkeit":"Auf Lager"},"schema":{"@context":"https:\/\/schema.org","@graph":[{"@type":"WebPage","@id":"https:\/\/swissgliders.ch\/de\/produkt\/niviuk-n-gravity-6-en-926-1\/","url":"https:\/\/swissgliders.ch\/de\/produkt\/niviuk-n-gravity-6-en-926-1\/","name":"Niviuk N-Gravity 6 EN-926-1 | Gleitschirmschule Thun, Bern, Interlaken","isPartOf":{"@id":"https:\/\/swissgliders.ch\/de\/#website"},"primaryImageOfPage":{"@id":"https:\/\/swissgliders.ch\/de\/produkt\/niviuk-n-gravity-6-en-926-1\/#primaryimage"},"image":{"@id":"https:\/\/swissgliders.ch\/de\/produkt\/niviuk-n-gravity-6-en-926-1\/#primaryimage"},"thumbnailUrl":"https:\/\/swissgliders.ch\/wp-content\/uploads\/2023\/04\/Niviuk_Gleitschirm_N-Gravity_6-1.jpg","datePublished":"2023-04-19T11:27:55+00:00","dateModified":"2023-10-26T09:07:51+00:00","description":"Wettkampf und AcroErfahrene Acropiloten k\u00f6nnen mit dem N-Gravity 6 unz\u00e4hlige spektakul\u00e4re Man\u00f6ver machen. Perfektioniere all deine Tricks und beeindrucke mit diesem Schirm in Acro-Wettbewerben. Die Show kann beginnen!","breadcrumb":{"@id":"https:\/\/swissgliders.ch\/de\/produkt\/niviuk-n-gravity-6-en-926-1\/#breadcrumb"},"inLanguage":"de","potentialAction":[{"@type":"ReadAction","target":["https:\/\/swissgliders.ch\/de\/produkt\/niviuk-n-gravity-6-en-926-1\/"]}]},{"@type":"ImageObject","inLanguage":"de","@id":"https:\/\/swissgliders.ch\/de\/produkt\/niviuk-n-gravity-6-en-926-1\/#primaryimage","url":"https:\/\/swissgliders.ch\/wp-content\/uploads\/2023\/04\/Niviuk_Gleitschirm_N-Gravity_6-1.jpg","contentUrl":"https:\/\/swissgliders.ch\/wp-content\/uploads\/2023\/04\/Niviuk_Gleitschirm_N-Gravity_6-1.jpg","width":250,"height":250,"caption":"Niviuk_Gleitschirm_N-Gravity_6-1"},{"@type":"BreadcrumbList","@id":"https:\/\/swissgliders.ch\/de\/produkt\/niviuk-n-gravity-6-en-926-1\/#breadcrumb","itemListElement":[{"@type":"ListItem","position":1,"name":"Startseite","item":"https:\/\/swissgliders.ch\/de\/willkommen\/"},{"@type":"ListItem","position":2,"name":"Gleitschirm Shop","item":"https:\/\/swissgliders.ch\/de\/gleitschirm-shop\/"},{"@type":"ListItem","position":3,"name":"Niviuk N-Gravity 6 EN-926-1"}]},{"@type":"WebSite","@id":"https:\/\/swissgliders.ch\/de\/#website","url":"https:\/\/swissgliders.ch\/de\/","name":"Gleitschirmschule Thun, Bern, Interlaken","description":"Gleitschirmschule Thun, Bern, Interlaken","publisher":{"@id":"https:\/\/swissgliders.ch\/de\/#organization"},"potentialAction":[{"@type":"SearchAction","target":{"@type":"EntryPoint","urlTemplate":"https:\/\/swissgliders.ch\/de\/?s={search_term_string}"},"query-input":{"@type":"PropertyValueSpecification","valueRequired":true,"valueName":"search_term_string"}}],"inLanguage":"de"},{"@type":"Organization","@id":"https:\/\/swissgliders.ch\/de\/#organization","name":"Swissgliders Gleitschirmflugschule Thun","url":"https:\/\/swissgliders.ch\/de\/","logo":{"@type":"ImageObject","inLanguage":"de","@id":"https:\/\/swissgliders.ch\/de\/#\/schema\/logo\/image\/","url":"https:\/\/swissgliders.ch\/wp-content\/uploads\/2019\/12\/swissgliders-logo-rgb-square-L-no-ch-01.png","contentUrl":"https:\/\/swissgliders.ch\/wp-content\/uploads\/2019\/12\/swissgliders-logo-rgb-square-L-no-ch-01.png","width":2500,"height":2500,"caption":"Swissgliders Gleitschirmflugschule Thun"},"image":{"@id":"https:\/\/swissgliders.ch\/de\/#\/schema\/logo\/image\/"},"sameAs":["https:\/\/www.facebook.com\/swissgliders","https:\/\/x.com\/Swissgliders","https:\/\/www.instagram.com\/swissgliders\/","https:\/\/www.youtube.com\/channel\/UCMCtGdepy9vBhrhX3V_oJOA"],"hasMerchantReturnPolicy":{"@type":"MerchantReturnPolicy","merchantReturnLink":"https:\/\/swissgliders.ch\/de\/allgemeine-geschaftsbedingungen\/"}}]},"og_availability":"instock","product_availability":"instock","product_retailer_item_id":"niviuk-kode-p-1-1-1","product_condition":"new"},"_links":{"self":[{"href":"https:\/\/swissgliders.ch\/de\/wp-json\/wp\/v2\/product\/10425","targetHints":{"allow":["GET"]}}],"collection":[{"href":"https:\/\/swissgliders.ch\/de\/wp-json\/wp\/v2\/product"}],"about":[{"href":"https:\/\/swissgliders.ch\/de\/wp-json\/wp\/v2\/types\/product"}],"replies":[{"embeddable":true,"href":"https:\/\/swissgliders.ch\/de\/wp-json\/wp\/v2\/comments?post=10425"}],"wp:featuredmedia":[{"embeddable":true,"href":"https:\/\/swissgliders.ch\/de\/wp-json\/wp\/v2\/media\/10436"}],"wp:attachment":[{"href":"https:\/\/swissgliders.ch\/de\/wp-json\/wp\/v2\/media?parent=10425"}],"wp:term":[{"taxonomy":"product_brand","embeddable":true,"href":"https:\/\/swissgliders.ch\/de\/wp-json\/wp\/v2\/product_brand?post=10425"},{"taxonomy":"product_cat","embeddable":true,"href":"https:\/\/swissgliders.ch\/de\/wp-json\/wp\/v2\/product_cat?post=10425"},{"taxonomy":"product_tag","embeddable":true,"href":"https:\/\/swissgliders.ch\/de\/wp-json\/wp\/v2\/product_tag?post=10425"}],"curies":[{"name":"wp","href":"https:\/\/api.w.org\/{rel}","templated":true}]}}