{"id":10438,"date":"2023-04-19T12:57:34","date_gmt":"2023-04-19T11:57:34","guid":{"rendered":"https:\/\/swissgliders.ch\/?post_type=product&#038;p=10438"},"modified":"2024-12-03T12:29:12","modified_gmt":"2024-12-03T11:29:12","slug":"niviuk-roller-2-en-926-1","status":"publish","type":"product","link":"https:\/\/swissgliders.ch\/de\/produkt\/niviuk-roller-2-en-926-1\/","title":{"rendered":"Niviuk Roller 2 EN-926-1"},"content":{"rendered":"<div>\n<div>\n<div class=\"\">\n<div>\n<div class=\"\">\n<div>\n<div>\n<div>\n<div>\n<div class=\"\">\n<div>\n<p><strong>FLIEGEN OHNE LIMIT<\/strong><\/p>\n<p>Verschiebe die Grenzen deiner Realit\u00e4t mit unserem neuen Miniwing. Der Roller 2 steht f\u00fcr Geschwindigkeit, Pr\u00e4zision und Man\u00f6vrierbarkeit &#8211; vereint in einem zug\u00e4nglichen und \u00fcberraschend vielseitigen Schirm.<\/p>\n<\/div>\n<div><\/div>\n<div><strong>Speedflying<\/strong><br \/>\nDer Roller 2 ist ein Miniwing mit gro\u00dfem Geschwindigkeitsbereich, der speziell f\u00fcr Speedflying entwickelt wurde. Er ist stabil, leicht man\u00f6vrierbar und kann jederzeit schnell und pr\u00e4zise gesteuert werden.<\/div>\n<div><\/div>\n<div>\n<div class=\"titol\"><strong>Agil und einfach zu fliegen<\/strong><\/div>\n<div>Dank seines Gewichts (3 kg in Gr\u00f6\u00dfe 14) und seiner reduzierten Streckung ist der Roller 2 ein sehr agiler und energetischer Schirm, der dir schier unendliche M\u00f6glichkeiten bietet. Mit seinem dynamischen Handling und der hervorragenden Man\u00f6vrierbarkeit hast du immer alles unter Kontrolle. In Kurven ist er schnell und sicher.<\/div>\n<div><\/div>\n<div>\n<div class=\"titol\"><strong>Exzellente Performance<\/strong><\/div>\n<div>Dank der Effizienz des Beschleunigers und der Trimmer verf\u00fcgt der Roller 2 \u00fcber einen gro\u00dfen Geschwindigkeitsbereich. Er bleibt immer stabil, besonders bei hohen Geschwindigkeiten. Mit der guten Performance und dem Profil mit wenig Luftwiderstand gibt es keine Geschwindigkeitsbegrenzungen mehr.<\/div>\n<\/div>\n<\/div>\n<\/div>\n<\/div>\n<\/div>\n<\/div>\n<\/div>\n<\/div>\n<\/div>\n<\/div>\n<\/div>\n<\/div>\n<p>Weiter <a href=\"https:\/\/niviuk.com\/de\/roller-2\" target=\"_blank\" rel=\"noopener\">Infos<\/a><\/p>\n<p>Lieferfrist ca. 7 Tage<\/p>\n","protected":false},"excerpt":{"rendered":"<div>\n<div>\n<div class=\"\">\n<div>\n<div class=\"\">\n<div>\n<div>\n<div>\n<div>\n<div class=\"\">\n<div>\n<p><strong>FLIEGEN OHNE LIMIT<\/strong><\/p>\n<p>Verschiebe die Grenzen deiner Realit\u00e4t mit unserem neuen Miniwing. Der Roller 2 steht f\u00fcr Geschwindigkeit, Pr\u00e4zision und Man\u00f6vrierbarkeit &#8211; vereint in einem zug\u00e4nglichen und \u00fcberraschend vielseitigen Schirm.<\/p>\n<\/div>\n<div><\/div>\n<div><strong>Speedflying<\/strong><br \/>\nDer Roller 2 ist ein Miniwing mit gro\u00dfem Geschwindigkeitsbereich, der speziell f\u00fcr Speedflying entwickelt wurde. Er ist stabil, leicht man\u00f6vrierbar und kann jederzeit schnell und pr\u00e4zise gesteuert werden.<\/div>\n<div><\/div>\n<div>\n<div class=\"titol\"><strong>Agil und einfach zu fliegen<\/strong><\/div>\n<div>Dank seines Gewichts (3 kg in Gr\u00f6\u00dfe 14) und seiner reduzierten Streckung ist der Roller 2 ein sehr agiler und energetischer Schirm, der dir schier unendliche M\u00f6glichkeiten bietet. Mit seinem dynamischen Handling und der hervorragenden Man\u00f6vrierbarkeit hast du immer alles unter Kontrolle. In Kurven ist er schnell und sicher.<\/div>\n<div><\/div>\n<div>\n<div class=\"titol\"><strong>Exzellente Performance<\/strong><\/div>\n<div>Dank der Effizienz des Beschleunigers und der Trimmer verf\u00fcgt der Roller 2 \u00fcber einen gro\u00dfen Geschwindigkeitsbereich. Er bleibt immer stabil, besonders bei hohen Geschwindigkeiten. Mit der guten Performance und dem Profil mit wenig Luftwiderstand gibt es keine Geschwindigkeitsbegrenzungen mehr.<\/div>\n<\/div>\n<\/div>\n<\/div>\n<\/div>\n<\/div>\n<\/div>\n<\/div>\n<\/div>\n<\/div>\n<\/div>\n<\/div>\n<\/div>\n<p>Weiter <a href=\"https:\/\/niviuk.com\/de\/roller-2\" target=\"_blank\" rel=\"noopener\">Infos<\/a><\/p>\n<p>Lieferfrist ca. 7 Tage<\/p>\n","protected":false},"featured_media":10432,"comment_status":"closed","ping_status":"closed","template":"","meta":[],"product_brand":[],"product_cat":[1207,86],"product_tag":[917,1208,90],"class_list":{"0":"post-10438","1":"product","2":"type-product","3":"status-publish","4":"has-post-thumbnail","6":"product_cat-gleitschirm-miniwings","7":"product_cat-gleitschirme","8":"product_tag-gleitschirm","9":"product_tag-miniwing","10":"product_tag-verkaufsartikel","11":"product_shipping_class-priority-10kg-de","13":"first","14":"instock","15":"sale","16":"shipping-taxable","17":"purchasable","18":"product-type-variable"},"yoast_head":"<!-- This site is optimized with the Yoast SEO Premium plugin v26.1 (Yoast SEO v27.3) - https:\/\/yoast.com\/product\/yoast-seo-premium-wordpress\/ -->\n<title>Niviuk Roller 2 EN-926-1 | Gleitschirmschule Thun, Bern, Interlaken<\/title>\n<meta name=\"description\" content=\"SpeedflyingDer Roller 2 ist ein Miniwing mit gro\u00dfem Geschwindigkeitsbereich, der speziell f\u00fcr Speedflying entwickelt wurde. Er ist stabil, leicht man\u00f6vrierbar und kann jederzeit schnell und pr\u00e4zise gesteuert werden.\" \/>\n<meta name=\"robots\" content=\"index, follow, max-snippet:-1, max-image-preview:large, max-video-preview:-1\" \/>\n<link rel=\"canonical\" href=\"https:\/\/swissgliders.ch\/de\/produkt\/niviuk-roller-2-en-926-1\/\" \/>\n<meta property=\"og:locale\" content=\"de_DE\" \/>\n<meta property=\"og:type\" content=\"article\" \/>\n<meta property=\"og:title\" content=\"Niviuk Roller 2 EN-926-1\" \/>\n<meta property=\"og:description\" content=\"SpeedflyingDer Roller 2 ist ein Miniwing mit gro\u00dfem Geschwindigkeitsbereich, der speziell f\u00fcr Speedflying entwickelt wurde. Er ist stabil, leicht man\u00f6vrierbar und kann jederzeit schnell und pr\u00e4zise gesteuert werden.\" \/>\n<meta property=\"og:url\" content=\"https:\/\/swissgliders.ch\/de\/produkt\/niviuk-roller-2-en-926-1\/\" \/>\n<meta property=\"og:site_name\" content=\"Gleitschirmschule Thun, Bern, Interlaken\" \/>\n<meta property=\"article:publisher\" content=\"https:\/\/www.facebook.com\/swissgliders\" \/>\n<meta property=\"article:modified_time\" content=\"2024-12-03T11:29:12+00:00\" \/>\n<meta property=\"og:image\" content=\"https:\/\/swissgliders.ch\/wp-content\/uploads\/2023\/04\/Niviuk_Gleitschirm_Roller-2-1.jpg\" \/>\n\t<meta property=\"og:image:width\" content=\"800\" \/>\n\t<meta property=\"og:image:height\" content=\"800\" \/>\n\t<meta property=\"og:image:type\" content=\"image\/jpeg\" \/>\n<meta name=\"twitter:card\" content=\"summary_large_image\" \/>\n<meta name=\"twitter:site\" content=\"@Swissgliders\" \/>\n<meta name=\"twitter:label1\" content=\"Verf\u00fcgbarkeit\" \/>\n\t<meta name=\"twitter:data1\" content=\"Auf Lager\" \/>\n<script type=\"application\/ld+json\" class=\"yoast-schema-graph\">{\"@context\":\"https:\\\/\\\/schema.org\",\"@graph\":[{\"@type\":\"WebPage\",\"@id\":\"https:\\\/\\\/swissgliders.ch\\\/de\\\/produkt\\\/niviuk-roller-2-en-926-1\\\/\",\"url\":\"https:\\\/\\\/swissgliders.ch\\\/de\\\/produkt\\\/niviuk-roller-2-en-926-1\\\/\",\"name\":\"Niviuk Roller 2 EN-926-1 | Gleitschirmschule Thun, Bern, Interlaken\",\"isPartOf\":{\"@id\":\"https:\\\/\\\/swissgliders.ch\\\/de\\\/#website\"},\"primaryImageOfPage\":{\"@id\":\"https:\\\/\\\/swissgliders.ch\\\/de\\\/produkt\\\/niviuk-roller-2-en-926-1\\\/#primaryimage\"},\"image\":{\"@id\":\"https:\\\/\\\/swissgliders.ch\\\/de\\\/produkt\\\/niviuk-roller-2-en-926-1\\\/#primaryimage\"},\"thumbnailUrl\":\"https:\\\/\\\/swissgliders.ch\\\/wp-content\\\/uploads\\\/2023\\\/04\\\/Niviuk_Gleitschirm_Roller-2-1.jpg\",\"datePublished\":\"2023-04-19T11:57:34+00:00\",\"dateModified\":\"2024-12-03T11:29:12+00:00\",\"description\":\"SpeedflyingDer Roller 2 ist ein Miniwing mit gro\u00dfem Geschwindigkeitsbereich, der speziell f\u00fcr Speedflying entwickelt wurde. Er ist stabil, leicht man\u00f6vrierbar und kann jederzeit schnell und pr\u00e4zise gesteuert werden.\",\"breadcrumb\":{\"@id\":\"https:\\\/\\\/swissgliders.ch\\\/de\\\/produkt\\\/niviuk-roller-2-en-926-1\\\/#breadcrumb\"},\"inLanguage\":\"de\",\"potentialAction\":[{\"@type\":\"ReadAction\",\"target\":[\"https:\\\/\\\/swissgliders.ch\\\/de\\\/produkt\\\/niviuk-roller-2-en-926-1\\\/\"]}]},{\"@type\":\"ImageObject\",\"inLanguage\":\"de\",\"@id\":\"https:\\\/\\\/swissgliders.ch\\\/de\\\/produkt\\\/niviuk-roller-2-en-926-1\\\/#primaryimage\",\"url\":\"https:\\\/\\\/swissgliders.ch\\\/wp-content\\\/uploads\\\/2023\\\/04\\\/Niviuk_Gleitschirm_Roller-2-1.jpg\",\"contentUrl\":\"https:\\\/\\\/swissgliders.ch\\\/wp-content\\\/uploads\\\/2023\\\/04\\\/Niviuk_Gleitschirm_Roller-2-1.jpg\",\"width\":800,\"height\":800,\"caption\":\"Niviuk_Gleitschirm_Roller 2-1\"},{\"@type\":\"BreadcrumbList\",\"@id\":\"https:\\\/\\\/swissgliders.ch\\\/de\\\/produkt\\\/niviuk-roller-2-en-926-1\\\/#breadcrumb\",\"itemListElement\":[{\"@type\":\"ListItem\",\"position\":1,\"name\":\"Startseite\",\"item\":\"https:\\\/\\\/swissgliders.ch\\\/de\\\/willkommen\\\/\"},{\"@type\":\"ListItem\",\"position\":2,\"name\":\"Gleitschirm Shop\",\"item\":\"https:\\\/\\\/swissgliders.ch\\\/de\\\/gleitschirm-shop\\\/\"},{\"@type\":\"ListItem\",\"position\":3,\"name\":\"Niviuk Roller 2 EN-926-1\"}]},{\"@type\":\"WebSite\",\"@id\":\"https:\\\/\\\/swissgliders.ch\\\/de\\\/#website\",\"url\":\"https:\\\/\\\/swissgliders.ch\\\/de\\\/\",\"name\":\"Gleitschirmschule Thun, Bern, Interlaken\",\"description\":\"Gleitschirmschule Thun, Bern, Interlaken\",\"publisher\":{\"@id\":\"https:\\\/\\\/swissgliders.ch\\\/de\\\/#organization\"},\"potentialAction\":[{\"@type\":\"SearchAction\",\"target\":{\"@type\":\"EntryPoint\",\"urlTemplate\":\"https:\\\/\\\/swissgliders.ch\\\/de\\\/?s={search_term_string}\"},\"query-input\":{\"@type\":\"PropertyValueSpecification\",\"valueRequired\":true,\"valueName\":\"search_term_string\"}}],\"inLanguage\":\"de\"},{\"@type\":\"Organization\",\"@id\":\"https:\\\/\\\/swissgliders.ch\\\/de\\\/#organization\",\"name\":\"Swissgliders Gleitschirmflugschule Thun\",\"url\":\"https:\\\/\\\/swissgliders.ch\\\/de\\\/\",\"logo\":{\"@type\":\"ImageObject\",\"inLanguage\":\"de\",\"@id\":\"https:\\\/\\\/swissgliders.ch\\\/de\\\/#\\\/schema\\\/logo\\\/image\\\/\",\"url\":\"https:\\\/\\\/swissgliders.ch\\\/wp-content\\\/uploads\\\/2019\\\/12\\\/swissgliders-logo-rgb-square-L-no-ch-01.png\",\"contentUrl\":\"https:\\\/\\\/swissgliders.ch\\\/wp-content\\\/uploads\\\/2019\\\/12\\\/swissgliders-logo-rgb-square-L-no-ch-01.png\",\"width\":2500,\"height\":2500,\"caption\":\"Swissgliders Gleitschirmflugschule Thun\"},\"image\":{\"@id\":\"https:\\\/\\\/swissgliders.ch\\\/de\\\/#\\\/schema\\\/logo\\\/image\\\/\"},\"sameAs\":[\"https:\\\/\\\/www.facebook.com\\\/swissgliders\",\"https:\\\/\\\/x.com\\\/Swissgliders\",\"https:\\\/\\\/www.instagram.com\\\/swissgliders\\\/\",\"https:\\\/\\\/www.youtube.com\\\/channel\\\/UCMCtGdepy9vBhrhX3V_oJOA\"],\"hasMerchantReturnPolicy\":{\"@type\":\"MerchantReturnPolicy\",\"merchantReturnLink\":\"https:\\\/\\\/swissgliders.ch\\\/de\\\/allgemeine-geschaftsbedingungen\\\/\"}}]}<\/script>\n<meta property=\"og:availability\" content=\"instock\" \/>\n<meta property=\"product:availability\" content=\"instock\" \/>\n<meta property=\"product:condition\" content=\"new\" \/>\n<!-- \/ Yoast SEO Premium plugin. -->","yoast_head_json":{"title":"Niviuk Roller 2 EN-926-1 | Gleitschirmschule Thun, Bern, Interlaken","description":"SpeedflyingDer Roller 2 ist ein Miniwing mit gro\u00dfem Geschwindigkeitsbereich, der speziell f\u00fcr Speedflying entwickelt wurde. Er ist stabil, leicht man\u00f6vrierbar und kann jederzeit schnell und pr\u00e4zise gesteuert werden.","robots":{"index":"index","follow":"follow","max-snippet":"max-snippet:-1","max-image-preview":"max-image-preview:large","max-video-preview":"max-video-preview:-1"},"canonical":"https:\/\/swissgliders.ch\/de\/produkt\/niviuk-roller-2-en-926-1\/","og_locale":"de_DE","og_type":"article","og_title":"Niviuk Roller 2 EN-926-1","og_description":"SpeedflyingDer Roller 2 ist ein Miniwing mit gro\u00dfem Geschwindigkeitsbereich, der speziell f\u00fcr Speedflying entwickelt wurde. Er ist stabil, leicht man\u00f6vrierbar und kann jederzeit schnell und pr\u00e4zise gesteuert werden.","og_url":"https:\/\/swissgliders.ch\/de\/produkt\/niviuk-roller-2-en-926-1\/","og_site_name":"Gleitschirmschule Thun, Bern, Interlaken","article_publisher":"https:\/\/www.facebook.com\/swissgliders","article_modified_time":"2024-12-03T11:29:12+00:00","og_image":[{"width":800,"height":800,"url":"https:\/\/swissgliders.ch\/wp-content\/uploads\/2023\/04\/Niviuk_Gleitschirm_Roller-2-1.jpg","type":"image\/jpeg"}],"twitter_card":"summary_large_image","twitter_site":"@Swissgliders","twitter_misc":{"Verf\u00fcgbarkeit":"Auf Lager"},"schema":{"@context":"https:\/\/schema.org","@graph":[{"@type":"WebPage","@id":"https:\/\/swissgliders.ch\/de\/produkt\/niviuk-roller-2-en-926-1\/","url":"https:\/\/swissgliders.ch\/de\/produkt\/niviuk-roller-2-en-926-1\/","name":"Niviuk Roller 2 EN-926-1 | Gleitschirmschule Thun, Bern, Interlaken","isPartOf":{"@id":"https:\/\/swissgliders.ch\/de\/#website"},"primaryImageOfPage":{"@id":"https:\/\/swissgliders.ch\/de\/produkt\/niviuk-roller-2-en-926-1\/#primaryimage"},"image":{"@id":"https:\/\/swissgliders.ch\/de\/produkt\/niviuk-roller-2-en-926-1\/#primaryimage"},"thumbnailUrl":"https:\/\/swissgliders.ch\/wp-content\/uploads\/2023\/04\/Niviuk_Gleitschirm_Roller-2-1.jpg","datePublished":"2023-04-19T11:57:34+00:00","dateModified":"2024-12-03T11:29:12+00:00","description":"SpeedflyingDer Roller 2 ist ein Miniwing mit gro\u00dfem Geschwindigkeitsbereich, der speziell f\u00fcr Speedflying entwickelt wurde. Er ist stabil, leicht man\u00f6vrierbar und kann jederzeit schnell und pr\u00e4zise gesteuert werden.","breadcrumb":{"@id":"https:\/\/swissgliders.ch\/de\/produkt\/niviuk-roller-2-en-926-1\/#breadcrumb"},"inLanguage":"de","potentialAction":[{"@type":"ReadAction","target":["https:\/\/swissgliders.ch\/de\/produkt\/niviuk-roller-2-en-926-1\/"]}]},{"@type":"ImageObject","inLanguage":"de","@id":"https:\/\/swissgliders.ch\/de\/produkt\/niviuk-roller-2-en-926-1\/#primaryimage","url":"https:\/\/swissgliders.ch\/wp-content\/uploads\/2023\/04\/Niviuk_Gleitschirm_Roller-2-1.jpg","contentUrl":"https:\/\/swissgliders.ch\/wp-content\/uploads\/2023\/04\/Niviuk_Gleitschirm_Roller-2-1.jpg","width":800,"height":800,"caption":"Niviuk_Gleitschirm_Roller 2-1"},{"@type":"BreadcrumbList","@id":"https:\/\/swissgliders.ch\/de\/produkt\/niviuk-roller-2-en-926-1\/#breadcrumb","itemListElement":[{"@type":"ListItem","position":1,"name":"Startseite","item":"https:\/\/swissgliders.ch\/de\/willkommen\/"},{"@type":"ListItem","position":2,"name":"Gleitschirm Shop","item":"https:\/\/swissgliders.ch\/de\/gleitschirm-shop\/"},{"@type":"ListItem","position":3,"name":"Niviuk Roller 2 EN-926-1"}]},{"@type":"WebSite","@id":"https:\/\/swissgliders.ch\/de\/#website","url":"https:\/\/swissgliders.ch\/de\/","name":"Gleitschirmschule Thun, Bern, Interlaken","description":"Gleitschirmschule Thun, Bern, Interlaken","publisher":{"@id":"https:\/\/swissgliders.ch\/de\/#organization"},"potentialAction":[{"@type":"SearchAction","target":{"@type":"EntryPoint","urlTemplate":"https:\/\/swissgliders.ch\/de\/?s={search_term_string}"},"query-input":{"@type":"PropertyValueSpecification","valueRequired":true,"valueName":"search_term_string"}}],"inLanguage":"de"},{"@type":"Organization","@id":"https:\/\/swissgliders.ch\/de\/#organization","name":"Swissgliders Gleitschirmflugschule Thun","url":"https:\/\/swissgliders.ch\/de\/","logo":{"@type":"ImageObject","inLanguage":"de","@id":"https:\/\/swissgliders.ch\/de\/#\/schema\/logo\/image\/","url":"https:\/\/swissgliders.ch\/wp-content\/uploads\/2019\/12\/swissgliders-logo-rgb-square-L-no-ch-01.png","contentUrl":"https:\/\/swissgliders.ch\/wp-content\/uploads\/2019\/12\/swissgliders-logo-rgb-square-L-no-ch-01.png","width":2500,"height":2500,"caption":"Swissgliders Gleitschirmflugschule Thun"},"image":{"@id":"https:\/\/swissgliders.ch\/de\/#\/schema\/logo\/image\/"},"sameAs":["https:\/\/www.facebook.com\/swissgliders","https:\/\/x.com\/Swissgliders","https:\/\/www.instagram.com\/swissgliders\/","https:\/\/www.youtube.com\/channel\/UCMCtGdepy9vBhrhX3V_oJOA"],"hasMerchantReturnPolicy":{"@type":"MerchantReturnPolicy","merchantReturnLink":"https:\/\/swissgliders.ch\/de\/allgemeine-geschaftsbedingungen\/"}}]},"og_availability":"instock","product_availability":"instock","product_condition":"new"},"_links":{"self":[{"href":"https:\/\/swissgliders.ch\/de\/wp-json\/wp\/v2\/product\/10438","targetHints":{"allow":["GET"]}}],"collection":[{"href":"https:\/\/swissgliders.ch\/de\/wp-json\/wp\/v2\/product"}],"about":[{"href":"https:\/\/swissgliders.ch\/de\/wp-json\/wp\/v2\/types\/product"}],"replies":[{"embeddable":true,"href":"https:\/\/swissgliders.ch\/de\/wp-json\/wp\/v2\/comments?post=10438"}],"wp:featuredmedia":[{"embeddable":true,"href":"https:\/\/swissgliders.ch\/de\/wp-json\/wp\/v2\/media\/10432"}],"wp:attachment":[{"href":"https:\/\/swissgliders.ch\/de\/wp-json\/wp\/v2\/media?parent=10438"}],"wp:term":[{"taxonomy":"product_brand","embeddable":true,"href":"https:\/\/swissgliders.ch\/de\/wp-json\/wp\/v2\/product_brand?post=10438"},{"taxonomy":"product_cat","embeddable":true,"href":"https:\/\/swissgliders.ch\/de\/wp-json\/wp\/v2\/product_cat?post=10438"},{"taxonomy":"product_tag","embeddable":true,"href":"https:\/\/swissgliders.ch\/de\/wp-json\/wp\/v2\/product_tag?post=10438"}],"curies":[{"name":"wp","href":"https:\/\/api.w.org\/{rel}","templated":true}]}}