{"id":10441,"date":"2023-04-19T13:02:03","date_gmt":"2023-04-19T12:02:03","guid":{"rendered":"https:\/\/swissgliders.ch\/?post_type=product&#038;p=10441"},"modified":"2025-04-16T09:24:45","modified_gmt":"2025-04-16T08:24:45","slug":"niviuk-bi-roller-2-en-b","status":"publish","type":"product","link":"https:\/\/swissgliders.ch\/de\/produkt\/niviuk-bi-roller-2-en-b\/","title":{"rendered":"Niviuk Bi Roller 2 EN-B"},"content":{"rendered":"<div>\n<div class=\"\">\n<div class=\"\">\n<div class=\"\">\n<div>\n<p><strong>NEUE HERAUSFORDERUNGEN \u2013 VOLLE FREIHEIT<\/strong><\/p>\n<p><img loading=\"lazy\" decoding=\"async\" class=\"\" src=\"https:\/\/xcmag.com\/wp-content\/uploads\/2024\/03\/Bi-Roller-2_Niviuk_HERO_2500px.jpg\" alt=\"Bi Roller 2: Niviuk's Tandem Mini Wing | Cross Country Magazine\" width=\"624\" height=\"314\" \/><\/p>\n<p>Der kleine und kompakte Bi Roller 2 wurde speziell f\u00fcr professionelle Tandemfl\u00fcge in sehr windigen Bedingungen entwickelt. Er ist in zwei verschiedenen Gr\u00f6\u00dfen erh\u00e4ltlich: 30 und 34 m\u00b2. Er \u00fcberzeugt vor allem durch sein einfaches Startverhalten bei starkem Wind, seine hohe Geschwindigkeit und seine hervorragende D\u00e4mpfung. Revolutioniere deine Tandemfl\u00fcge mit dem Bi Roller 2!<\/p>\n<\/div>\n<div><\/div>\n<\/div>\n<div>\n<div class=\"aos-init aos-animate\" data-aos=\"fade-up\"><strong>Speedflying<\/strong><\/div>\n<div class=\"aos-init aos-animate\" data-aos=\"fade-up\">Der Bi Roller 2 ist ein Miniwing mit gro\u00dfem Geschwindigkeitsbereich, der speziell f\u00fcr Speedflying entwickelt wurde. Er ist stabil, leicht man\u00f6vrierbar und kann jederzeit schnell und pr\u00e4zise gesteuert werden.<\/div>\n<div data-aos=\"fade-up\"><\/div>\n<div class=\"aos-init aos-animate\" data-aos=\"fade-up\"><strong>Kommerzielles Tandemfliegen<\/strong><\/div>\n<div class=\"aos-init aos-animate\" data-aos=\"fade-up\">Ein Tandem explizit f\u00fcr die hohen Anspr\u00fcche von professionellen Doppelsitzerpiloten entwickelt. Seine Langlebigkeit und Leistung machen ihn zu einem Schirm, von dem man sich nicht mehr trennen m\u00f6chte.<\/div>\n<div data-aos=\"fade-up\"><\/div>\n<div class=\"aos-init aos-animate\" data-aos=\"fade-up\"><strong>Freizeitfl\u00fcge<\/strong><\/div>\n<div class=\"aos-init aos-animate\" data-aos=\"fade-up\">Komfort und Stabilit\u00e4t in einem Tandemschirm, wie man es sich w\u00fcnscht. Genie\u00dfe jeden Flug mit einem Tandem, das sich perfekt an deine Bed\u00fcrfnisse und die deines Passagiers anpasst.<\/div>\n<\/div>\n<div data-aos=\"fade-up\">\n<div class=\"\">\n<h4 data-aos=\"fade-in\"><\/h4>\n<h4 class=\"titol titol_generic aos-init aos-animate\" data-aos=\"fade-in\">Technische Daten<\/h4>\n<\/div>\n<div id=\"content_especificaciones\">\n<table id=\"tabla_especificaciones\" class=\"aos-init aos-animate\" cellspacing=\"0\" data-aos=\"fade-up\">\n<thead>\n<tr>\n<th><\/th>\n<th><\/th>\n<th><\/th>\n<th width=\"165\"><b>30<\/b><\/th>\n<th width=\"165\"><b>34<\/b><\/th>\n<\/tr>\n<\/thead>\n<tbody>\n<tr>\n<td><b>ZELLEN<\/b><\/td>\n<td>ANZAHL<\/td>\n<td><\/td>\n<td>37<\/td>\n<td>37<\/td>\n<\/tr>\n<tr>\n<td><b>STRECKUNG<\/b><\/td>\n<td>AUSGELEGT<\/td>\n<td><\/td>\n<td>4,5<\/td>\n<td>4,5<\/td>\n<\/tr>\n<tr>\n<td class=\"no_content\"><\/td>\n<td>PROJIZIERT<\/td>\n<td><\/td>\n<td>3,67<\/td>\n<td>3,67<\/td>\n<\/tr>\n<tr>\n<td><b>FL\u00c4CHE<\/b><\/td>\n<td>AUSGELEGT<\/td>\n<td>m\u00b2<\/td>\n<td>30,5<\/td>\n<td>34<\/td>\n<\/tr>\n<tr>\n<td class=\"no_content\"><\/td>\n<td>PROJIZIERT<\/td>\n<td>m\u00b2<\/td>\n<td>26,83<\/td>\n<td>29,91<\/td>\n<\/tr>\n<tr>\n<td><b>SPANNWEITE<\/b><\/td>\n<td>AUSGELEGT<\/td>\n<td>m<\/td>\n<td>11,72<\/td>\n<td>12,37<\/td>\n<\/tr>\n<tr>\n<td><b>FL\u00c4CHENTIEFE<\/b><\/td>\n<td>MAX<\/td>\n<td>m<\/td>\n<td>3,13<\/td>\n<td>3,31<\/td>\n<\/tr>\n<tr>\n<td><b>LEINEN<\/b><\/td>\n<td>TOTAL<\/td>\n<td>m<\/td>\n<td>200<\/td>\n<td>205<\/td>\n<\/tr>\n<tr>\n<td class=\"no_content\"><\/td>\n<td>STAMM<\/td>\n<td><\/td>\n<td>3\/4\/3<\/td>\n<td>3\/4\/3<\/td>\n<\/tr>\n<tr>\n<td><b>TRAGEGURTE<\/b><\/td>\n<td>ANZAHL<\/td>\n<td><\/td>\n<td>A\/B\/C<\/td>\n<td>A\/B\/C<\/td>\n<\/tr>\n<tr>\n<td class=\"no_content\"><\/td>\n<td>TRIMMER<\/td>\n<td>mm<\/td>\n<td>110<\/td>\n<td>110<\/td>\n<\/tr>\n<tr>\n<td><b>SCHIRMGEWICHT<\/b><\/td>\n<td><\/td>\n<td>kg<\/td>\n<td>6,15<\/td>\n<td>6,67<\/td>\n<\/tr>\n<tr>\n<td><b>GEWICHTSBEREICH<\/b><\/td>\n<td>MIN-MAX<\/td>\n<td>kg<\/td>\n<td>90-180<\/td>\n<td>100-210<\/td>\n<\/tr>\n<tr>\n<td><b>ZERTIFIZIERUNG<\/b><\/td>\n<td><\/td>\n<td><\/td>\n<td>\n<div>EN\/LTF B<\/div>\n<\/td>\n<td>\n<div>EN\/LTF B<\/div>\n<\/td>\n<\/tr>\n<\/tbody>\n<\/table>\n<\/div>\n<\/div>\n<\/div>\n<\/div>\n<\/div>\n<p>&nbsp;<\/p>\n<p>Weiter <a href=\"https:\/\/niviuk.com\/de\/bi-roller-2\" target=\"_blank\" rel=\"noopener\">Infos<\/a><\/p>\n<p>Falls dieser Artikel nicht an Lager ist, wird er f\u00fcr dich bestellt. Lieferfrist auf Anfrage.<\/p>\n","protected":false},"excerpt":{"rendered":"<div>\n<div class=\"\">\n<div class=\"\">\n<div class=\"\">\n<div>\n<p><strong>NEUE HERAUSFORDERUNGEN \u2013 VOLLE FREIHEIT<\/strong><\/p>\n<p><img loading=\"lazy\" decoding=\"async\" class=\"\" src=\"https:\/\/xcmag.com\/wp-content\/uploads\/2024\/03\/Bi-Roller-2_Niviuk_HERO_2500px.jpg\" alt=\"Bi Roller 2: Niviuk's Tandem Mini Wing | Cross Country Magazine\" width=\"624\" height=\"314\" \/><\/p>\n<p>Der kleine und kompakte Bi Roller 2 wurde speziell f\u00fcr professionelle Tandemfl\u00fcge in sehr windigen Bedingungen entwickelt. Er ist in zwei verschiedenen Gr\u00f6\u00dfen erh\u00e4ltlich: 30 und 34 m\u00b2. Er \u00fcberzeugt vor allem durch sein einfaches Startverhalten bei starkem Wind, seine hohe Geschwindigkeit und seine hervorragende D\u00e4mpfung. Revolutioniere deine Tandemfl\u00fcge mit dem Bi Roller 2!<\/p>\n<\/div>\n<div><\/div>\n<\/div>\n<div>\n<div class=\"aos-init aos-animate\" data-aos=\"fade-up\"><strong>Speedflying<\/strong><\/div>\n<div class=\"aos-init aos-animate\" data-aos=\"fade-up\">Der Bi Roller 2 ist ein Miniwing mit gro\u00dfem Geschwindigkeitsbereich, der speziell f\u00fcr Speedflying entwickelt wurde. Er ist stabil, leicht man\u00f6vrierbar und kann jederzeit schnell und pr\u00e4zise gesteuert werden.<\/div>\n<div data-aos=\"fade-up\"><\/div>\n<div class=\"aos-init aos-animate\" data-aos=\"fade-up\"><strong>Kommerzielles Tandemfliegen<\/strong><\/div>\n<div class=\"aos-init aos-animate\" data-aos=\"fade-up\">Ein Tandem explizit f\u00fcr die hohen Anspr\u00fcche von professionellen Doppelsitzerpiloten entwickelt. Seine Langlebigkeit und Leistung machen ihn zu einem Schirm, von dem man sich nicht mehr trennen m\u00f6chte.<\/div>\n<div data-aos=\"fade-up\"><\/div>\n<div class=\"aos-init aos-animate\" data-aos=\"fade-up\"><strong>Freizeitfl\u00fcge<\/strong><\/div>\n<div class=\"aos-init aos-animate\" data-aos=\"fade-up\">Komfort und Stabilit\u00e4t in einem Tandemschirm, wie man es sich w\u00fcnscht. Genie\u00dfe jeden Flug mit einem Tandem, das sich perfekt an deine Bed\u00fcrfnisse und die deines Passagiers anpasst.<\/div>\n<\/div>\n<div data-aos=\"fade-up\">\n<div class=\"\">\n<h4 data-aos=\"fade-in\"><\/h4>\n<h4 class=\"titol titol_generic aos-init aos-animate\" data-aos=\"fade-in\">Technische Daten<\/h4>\n<\/div>\n<div id=\"content_especificaciones\">\n<table id=\"tabla_especificaciones\" class=\"aos-init aos-animate\" cellspacing=\"0\" data-aos=\"fade-up\">\n<thead>\n<tr>\n<th><\/th>\n<th><\/th>\n<th><\/th>\n<th width=\"165\"><b>30<\/b><\/th>\n<th width=\"165\"><b>34<\/b><\/th>\n<\/tr>\n<\/thead>\n<tbody>\n<tr>\n<td><b>ZELLEN<\/b><\/td>\n<td>ANZAHL<\/td>\n<td><\/td>\n<td>37<\/td>\n<td>37<\/td>\n<\/tr>\n<tr>\n<td><b>STRECKUNG<\/b><\/td>\n<td>AUSGELEGT<\/td>\n<td><\/td>\n<td>4,5<\/td>\n<td>4,5<\/td>\n<\/tr>\n<tr>\n<td class=\"no_content\"><\/td>\n<td>PROJIZIERT<\/td>\n<td><\/td>\n<td>3,67<\/td>\n<td>3,67<\/td>\n<\/tr>\n<tr>\n<td><b>FL\u00c4CHE<\/b><\/td>\n<td>AUSGELEGT<\/td>\n<td>m\u00b2<\/td>\n<td>30,5<\/td>\n<td>34<\/td>\n<\/tr>\n<tr>\n<td class=\"no_content\"><\/td>\n<td>PROJIZIERT<\/td>\n<td>m\u00b2<\/td>\n<td>26,83<\/td>\n<td>29,91<\/td>\n<\/tr>\n<tr>\n<td><b>SPANNWEITE<\/b><\/td>\n<td>AUSGELEGT<\/td>\n<td>m<\/td>\n<td>11,72<\/td>\n<td>12,37<\/td>\n<\/tr>\n<tr>\n<td><b>FL\u00c4CHENTIEFE<\/b><\/td>\n<td>MAX<\/td>\n<td>m<\/td>\n<td>3,13<\/td>\n<td>3,31<\/td>\n<\/tr>\n<tr>\n<td><b>LEINEN<\/b><\/td>\n<td>TOTAL<\/td>\n<td>m<\/td>\n<td>200<\/td>\n<td>205<\/td>\n<\/tr>\n<tr>\n<td class=\"no_content\"><\/td>\n<td>STAMM<\/td>\n<td><\/td>\n<td>3\/4\/3<\/td>\n<td>3\/4\/3<\/td>\n<\/tr>\n<tr>\n<td><b>TRAGEGURTE<\/b><\/td>\n<td>ANZAHL<\/td>\n<td><\/td>\n<td>A\/B\/C<\/td>\n<td>A\/B\/C<\/td>\n<\/tr>\n<tr>\n<td class=\"no_content\"><\/td>\n<td>TRIMMER<\/td>\n<td>mm<\/td>\n<td>110<\/td>\n<td>110<\/td>\n<\/tr>\n<tr>\n<td><b>SCHIRMGEWICHT<\/b><\/td>\n<td><\/td>\n<td>kg<\/td>\n<td>6,15<\/td>\n<td>6,67<\/td>\n<\/tr>\n<tr>\n<td><b>GEWICHTSBEREICH<\/b><\/td>\n<td>MIN-MAX<\/td>\n<td>kg<\/td>\n<td>90-180<\/td>\n<td>100-210<\/td>\n<\/tr>\n<tr>\n<td><b>ZERTIFIZIERUNG<\/b><\/td>\n<td><\/td>\n<td><\/td>\n<td>\n<div>EN\/LTF B<\/div>\n<\/td>\n<td>\n<div>EN\/LTF B<\/div>\n<\/td>\n<\/tr>\n<\/tbody>\n<\/table>\n<\/div>\n<\/div>\n<\/div>\n<\/div>\n<\/div>\n<p>&nbsp;<\/p>\n<p>Weiter <a href=\"https:\/\/niviuk.com\/de\/bi-roller-2\" target=\"_blank\" rel=\"noopener\">Infos<\/a><\/p>\n<p>Falls dieser Artikel nicht an Lager ist, wird er f\u00fcr dich bestellt. Lieferfrist auf Anfrage.<\/p>\n","protected":false},"featured_media":10434,"comment_status":"closed","ping_status":"closed","template":"","meta":[],"product_brand":[],"product_cat":[1207,86],"product_tag":[917,1208,90],"class_list":{"0":"post-10441","1":"product","2":"type-product","3":"status-publish","4":"has-post-thumbnail","6":"product_cat-gleitschirm-miniwings","7":"product_cat-gleitschirme","8":"product_tag-gleitschirm","9":"product_tag-miniwing","10":"product_tag-verkaufsartikel","11":"product_shipping_class-priority-10kg-de","13":"first","14":"instock","15":"sale","16":"shipping-taxable","17":"purchasable","18":"product-type-variable"},"yoast_head":"<!-- This site is optimized with the Yoast SEO Premium plugin v26.1 (Yoast SEO v27.3) - https:\/\/yoast.com\/product\/yoast-seo-premium-wordpress\/ -->\n<title>Niviuk Bi Roller 2 EN-B | Gleitschirmschule Thun, Bern, Interlaken<\/title>\n<meta name=\"description\" content=\"Der kleine und kompakte Bi Roller 2 wurde speziell f\u00fcr professionelle Tandemfl\u00fcge in sehr windigen Bedingungen entwickelt. Er ist in zwei verschiedenen Gr\u00f6\u00dfen erh\u00e4ltlich: 30 und 34 m\u00b2. Er \u00fcberzeugt vor allem durch sein einfaches Startverhalten bei starkem Wind, seine hohe Geschwindigkeit und seine hervorragende D\u00e4mpfung. Revolutioniere deine Tandemfl\u00fcge mit dem Bi Roller 2!\" \/>\n<meta name=\"robots\" content=\"index, follow, max-snippet:-1, max-image-preview:large, max-video-preview:-1\" \/>\n<link rel=\"canonical\" href=\"https:\/\/swissgliders.ch\/de\/produkt\/niviuk-bi-roller-2-en-b\/\" \/>\n<meta property=\"og:locale\" content=\"de_DE\" \/>\n<meta property=\"og:type\" content=\"article\" \/>\n<meta property=\"og:title\" content=\"Niviuk Bi Roller 2 EN-B\" \/>\n<meta property=\"og:description\" content=\"Der kleine und kompakte Bi Roller 2 wurde speziell f\u00fcr professionelle Tandemfl\u00fcge in sehr windigen Bedingungen entwickelt. Er ist in zwei verschiedenen Gr\u00f6\u00dfen erh\u00e4ltlich: 30 und 34 m\u00b2. Er \u00fcberzeugt vor allem durch sein einfaches Startverhalten bei starkem Wind, seine hohe Geschwindigkeit und seine hervorragende D\u00e4mpfung. Revolutioniere deine Tandemfl\u00fcge mit dem Bi Roller 2!\" \/>\n<meta property=\"og:url\" content=\"https:\/\/swissgliders.ch\/de\/produkt\/niviuk-bi-roller-2-en-b\/\" \/>\n<meta property=\"og:site_name\" content=\"Gleitschirmschule Thun, Bern, Interlaken\" \/>\n<meta property=\"article:publisher\" content=\"https:\/\/www.facebook.com\/swissgliders\" \/>\n<meta property=\"article:modified_time\" content=\"2025-04-16T08:24:45+00:00\" \/>\n<meta property=\"og:image\" content=\"https:\/\/swissgliders.ch\/wp-content\/uploads\/2023\/04\/Niviuk_Gleitschirm_Bi_Roller_2-1.jpg\" \/>\n\t<meta property=\"og:image:width\" content=\"250\" \/>\n\t<meta property=\"og:image:height\" content=\"250\" \/>\n\t<meta property=\"og:image:type\" content=\"image\/jpeg\" \/>\n<meta name=\"twitter:card\" content=\"summary_large_image\" \/>\n<meta name=\"twitter:site\" content=\"@Swissgliders\" \/>\n<meta name=\"twitter:label1\" content=\"Verf\u00fcgbarkeit\" \/>\n\t<meta name=\"twitter:data1\" content=\"Auf Lager\" \/>\n<script type=\"application\/ld+json\" class=\"yoast-schema-graph\">{\"@context\":\"https:\\\/\\\/schema.org\",\"@graph\":[{\"@type\":\"WebPage\",\"@id\":\"https:\\\/\\\/swissgliders.ch\\\/de\\\/produkt\\\/niviuk-bi-roller-2-en-b\\\/\",\"url\":\"https:\\\/\\\/swissgliders.ch\\\/de\\\/produkt\\\/niviuk-bi-roller-2-en-b\\\/\",\"name\":\"Niviuk Bi Roller 2 EN-B | Gleitschirmschule Thun, Bern, Interlaken\",\"isPartOf\":{\"@id\":\"https:\\\/\\\/swissgliders.ch\\\/de\\\/#website\"},\"primaryImageOfPage\":{\"@id\":\"https:\\\/\\\/swissgliders.ch\\\/de\\\/produkt\\\/niviuk-bi-roller-2-en-b\\\/#primaryimage\"},\"image\":{\"@id\":\"https:\\\/\\\/swissgliders.ch\\\/de\\\/produkt\\\/niviuk-bi-roller-2-en-b\\\/#primaryimage\"},\"thumbnailUrl\":\"https:\\\/\\\/swissgliders.ch\\\/wp-content\\\/uploads\\\/2023\\\/04\\\/Niviuk_Gleitschirm_Bi_Roller_2-1.jpg\",\"datePublished\":\"2023-04-19T12:02:03+00:00\",\"dateModified\":\"2025-04-16T08:24:45+00:00\",\"description\":\"Der kleine und kompakte Bi Roller 2 wurde speziell f\u00fcr professionelle Tandemfl\u00fcge in sehr windigen Bedingungen entwickelt. Er ist in zwei verschiedenen Gr\u00f6\u00dfen erh\u00e4ltlich: 30 und 34 m\u00b2. Er \u00fcberzeugt vor allem durch sein einfaches Startverhalten bei starkem Wind, seine hohe Geschwindigkeit und seine hervorragende D\u00e4mpfung. Revolutioniere deine Tandemfl\u00fcge mit dem Bi Roller 2!\",\"breadcrumb\":{\"@id\":\"https:\\\/\\\/swissgliders.ch\\\/de\\\/produkt\\\/niviuk-bi-roller-2-en-b\\\/#breadcrumb\"},\"inLanguage\":\"de\",\"potentialAction\":[{\"@type\":\"ReadAction\",\"target\":[\"https:\\\/\\\/swissgliders.ch\\\/de\\\/produkt\\\/niviuk-bi-roller-2-en-b\\\/\"]}]},{\"@type\":\"ImageObject\",\"inLanguage\":\"de\",\"@id\":\"https:\\\/\\\/swissgliders.ch\\\/de\\\/produkt\\\/niviuk-bi-roller-2-en-b\\\/#primaryimage\",\"url\":\"https:\\\/\\\/swissgliders.ch\\\/wp-content\\\/uploads\\\/2023\\\/04\\\/Niviuk_Gleitschirm_Bi_Roller_2-1.jpg\",\"contentUrl\":\"https:\\\/\\\/swissgliders.ch\\\/wp-content\\\/uploads\\\/2023\\\/04\\\/Niviuk_Gleitschirm_Bi_Roller_2-1.jpg\",\"width\":250,\"height\":250,\"caption\":\"Niviuk_Gleitschirm_Bi_Roller_2-1\"},{\"@type\":\"BreadcrumbList\",\"@id\":\"https:\\\/\\\/swissgliders.ch\\\/de\\\/produkt\\\/niviuk-bi-roller-2-en-b\\\/#breadcrumb\",\"itemListElement\":[{\"@type\":\"ListItem\",\"position\":1,\"name\":\"Startseite\",\"item\":\"https:\\\/\\\/swissgliders.ch\\\/de\\\/willkommen\\\/\"},{\"@type\":\"ListItem\",\"position\":2,\"name\":\"Gleitschirm Shop\",\"item\":\"https:\\\/\\\/swissgliders.ch\\\/de\\\/gleitschirm-shop\\\/\"},{\"@type\":\"ListItem\",\"position\":3,\"name\":\"Niviuk Bi Roller 2 EN-B\"}]},{\"@type\":\"WebSite\",\"@id\":\"https:\\\/\\\/swissgliders.ch\\\/de\\\/#website\",\"url\":\"https:\\\/\\\/swissgliders.ch\\\/de\\\/\",\"name\":\"Gleitschirmschule Thun, Bern, Interlaken\",\"description\":\"Gleitschirmschule Thun, Bern, Interlaken\",\"publisher\":{\"@id\":\"https:\\\/\\\/swissgliders.ch\\\/de\\\/#organization\"},\"potentialAction\":[{\"@type\":\"SearchAction\",\"target\":{\"@type\":\"EntryPoint\",\"urlTemplate\":\"https:\\\/\\\/swissgliders.ch\\\/de\\\/?s={search_term_string}\"},\"query-input\":{\"@type\":\"PropertyValueSpecification\",\"valueRequired\":true,\"valueName\":\"search_term_string\"}}],\"inLanguage\":\"de\"},{\"@type\":\"Organization\",\"@id\":\"https:\\\/\\\/swissgliders.ch\\\/de\\\/#organization\",\"name\":\"Swissgliders Gleitschirmflugschule Thun\",\"url\":\"https:\\\/\\\/swissgliders.ch\\\/de\\\/\",\"logo\":{\"@type\":\"ImageObject\",\"inLanguage\":\"de\",\"@id\":\"https:\\\/\\\/swissgliders.ch\\\/de\\\/#\\\/schema\\\/logo\\\/image\\\/\",\"url\":\"https:\\\/\\\/swissgliders.ch\\\/wp-content\\\/uploads\\\/2019\\\/12\\\/swissgliders-logo-rgb-square-L-no-ch-01.png\",\"contentUrl\":\"https:\\\/\\\/swissgliders.ch\\\/wp-content\\\/uploads\\\/2019\\\/12\\\/swissgliders-logo-rgb-square-L-no-ch-01.png\",\"width\":2500,\"height\":2500,\"caption\":\"Swissgliders Gleitschirmflugschule Thun\"},\"image\":{\"@id\":\"https:\\\/\\\/swissgliders.ch\\\/de\\\/#\\\/schema\\\/logo\\\/image\\\/\"},\"sameAs\":[\"https:\\\/\\\/www.facebook.com\\\/swissgliders\",\"https:\\\/\\\/x.com\\\/Swissgliders\",\"https:\\\/\\\/www.instagram.com\\\/swissgliders\\\/\",\"https:\\\/\\\/www.youtube.com\\\/channel\\\/UCMCtGdepy9vBhrhX3V_oJOA\"],\"hasMerchantReturnPolicy\":{\"@type\":\"MerchantReturnPolicy\",\"merchantReturnLink\":\"https:\\\/\\\/swissgliders.ch\\\/de\\\/allgemeine-geschaftsbedingungen\\\/\"}}]}<\/script>\n<meta property=\"og:availability\" content=\"instock\" \/>\n<meta property=\"product:availability\" content=\"instock\" \/>\n<meta property=\"product:retailer_item_id\" content=\"niviuk-bi-roller-2\" \/>\n<meta property=\"product:condition\" content=\"new\" \/>\n<!-- \/ Yoast SEO Premium plugin. -->","yoast_head_json":{"title":"Niviuk Bi Roller 2 EN-B | Gleitschirmschule Thun, Bern, Interlaken","description":"Der kleine und kompakte Bi Roller 2 wurde speziell f\u00fcr professionelle Tandemfl\u00fcge in sehr windigen Bedingungen entwickelt. Er ist in zwei verschiedenen Gr\u00f6\u00dfen erh\u00e4ltlich: 30 und 34 m\u00b2. Er \u00fcberzeugt vor allem durch sein einfaches Startverhalten bei starkem Wind, seine hohe Geschwindigkeit und seine hervorragende D\u00e4mpfung. Revolutioniere deine Tandemfl\u00fcge mit dem Bi Roller 2!","robots":{"index":"index","follow":"follow","max-snippet":"max-snippet:-1","max-image-preview":"max-image-preview:large","max-video-preview":"max-video-preview:-1"},"canonical":"https:\/\/swissgliders.ch\/de\/produkt\/niviuk-bi-roller-2-en-b\/","og_locale":"de_DE","og_type":"article","og_title":"Niviuk Bi Roller 2 EN-B","og_description":"Der kleine und kompakte Bi Roller 2 wurde speziell f\u00fcr professionelle Tandemfl\u00fcge in sehr windigen Bedingungen entwickelt. Er ist in zwei verschiedenen Gr\u00f6\u00dfen erh\u00e4ltlich: 30 und 34 m\u00b2. Er \u00fcberzeugt vor allem durch sein einfaches Startverhalten bei starkem Wind, seine hohe Geschwindigkeit und seine hervorragende D\u00e4mpfung. Revolutioniere deine Tandemfl\u00fcge mit dem Bi Roller 2!","og_url":"https:\/\/swissgliders.ch\/de\/produkt\/niviuk-bi-roller-2-en-b\/","og_site_name":"Gleitschirmschule Thun, Bern, Interlaken","article_publisher":"https:\/\/www.facebook.com\/swissgliders","article_modified_time":"2025-04-16T08:24:45+00:00","og_image":[{"width":250,"height":250,"url":"https:\/\/swissgliders.ch\/wp-content\/uploads\/2023\/04\/Niviuk_Gleitschirm_Bi_Roller_2-1.jpg","type":"image\/jpeg"}],"twitter_card":"summary_large_image","twitter_site":"@Swissgliders","twitter_misc":{"Verf\u00fcgbarkeit":"Auf Lager"},"schema":{"@context":"https:\/\/schema.org","@graph":[{"@type":"WebPage","@id":"https:\/\/swissgliders.ch\/de\/produkt\/niviuk-bi-roller-2-en-b\/","url":"https:\/\/swissgliders.ch\/de\/produkt\/niviuk-bi-roller-2-en-b\/","name":"Niviuk Bi Roller 2 EN-B | Gleitschirmschule Thun, Bern, Interlaken","isPartOf":{"@id":"https:\/\/swissgliders.ch\/de\/#website"},"primaryImageOfPage":{"@id":"https:\/\/swissgliders.ch\/de\/produkt\/niviuk-bi-roller-2-en-b\/#primaryimage"},"image":{"@id":"https:\/\/swissgliders.ch\/de\/produkt\/niviuk-bi-roller-2-en-b\/#primaryimage"},"thumbnailUrl":"https:\/\/swissgliders.ch\/wp-content\/uploads\/2023\/04\/Niviuk_Gleitschirm_Bi_Roller_2-1.jpg","datePublished":"2023-04-19T12:02:03+00:00","dateModified":"2025-04-16T08:24:45+00:00","description":"Der kleine und kompakte Bi Roller 2 wurde speziell f\u00fcr professionelle Tandemfl\u00fcge in sehr windigen Bedingungen entwickelt. Er ist in zwei verschiedenen Gr\u00f6\u00dfen erh\u00e4ltlich: 30 und 34 m\u00b2. Er \u00fcberzeugt vor allem durch sein einfaches Startverhalten bei starkem Wind, seine hohe Geschwindigkeit und seine hervorragende D\u00e4mpfung. Revolutioniere deine Tandemfl\u00fcge mit dem Bi Roller 2!","breadcrumb":{"@id":"https:\/\/swissgliders.ch\/de\/produkt\/niviuk-bi-roller-2-en-b\/#breadcrumb"},"inLanguage":"de","potentialAction":[{"@type":"ReadAction","target":["https:\/\/swissgliders.ch\/de\/produkt\/niviuk-bi-roller-2-en-b\/"]}]},{"@type":"ImageObject","inLanguage":"de","@id":"https:\/\/swissgliders.ch\/de\/produkt\/niviuk-bi-roller-2-en-b\/#primaryimage","url":"https:\/\/swissgliders.ch\/wp-content\/uploads\/2023\/04\/Niviuk_Gleitschirm_Bi_Roller_2-1.jpg","contentUrl":"https:\/\/swissgliders.ch\/wp-content\/uploads\/2023\/04\/Niviuk_Gleitschirm_Bi_Roller_2-1.jpg","width":250,"height":250,"caption":"Niviuk_Gleitschirm_Bi_Roller_2-1"},{"@type":"BreadcrumbList","@id":"https:\/\/swissgliders.ch\/de\/produkt\/niviuk-bi-roller-2-en-b\/#breadcrumb","itemListElement":[{"@type":"ListItem","position":1,"name":"Startseite","item":"https:\/\/swissgliders.ch\/de\/willkommen\/"},{"@type":"ListItem","position":2,"name":"Gleitschirm Shop","item":"https:\/\/swissgliders.ch\/de\/gleitschirm-shop\/"},{"@type":"ListItem","position":3,"name":"Niviuk Bi Roller 2 EN-B"}]},{"@type":"WebSite","@id":"https:\/\/swissgliders.ch\/de\/#website","url":"https:\/\/swissgliders.ch\/de\/","name":"Gleitschirmschule Thun, Bern, Interlaken","description":"Gleitschirmschule Thun, Bern, Interlaken","publisher":{"@id":"https:\/\/swissgliders.ch\/de\/#organization"},"potentialAction":[{"@type":"SearchAction","target":{"@type":"EntryPoint","urlTemplate":"https:\/\/swissgliders.ch\/de\/?s={search_term_string}"},"query-input":{"@type":"PropertyValueSpecification","valueRequired":true,"valueName":"search_term_string"}}],"inLanguage":"de"},{"@type":"Organization","@id":"https:\/\/swissgliders.ch\/de\/#organization","name":"Swissgliders Gleitschirmflugschule Thun","url":"https:\/\/swissgliders.ch\/de\/","logo":{"@type":"ImageObject","inLanguage":"de","@id":"https:\/\/swissgliders.ch\/de\/#\/schema\/logo\/image\/","url":"https:\/\/swissgliders.ch\/wp-content\/uploads\/2019\/12\/swissgliders-logo-rgb-square-L-no-ch-01.png","contentUrl":"https:\/\/swissgliders.ch\/wp-content\/uploads\/2019\/12\/swissgliders-logo-rgb-square-L-no-ch-01.png","width":2500,"height":2500,"caption":"Swissgliders Gleitschirmflugschule Thun"},"image":{"@id":"https:\/\/swissgliders.ch\/de\/#\/schema\/logo\/image\/"},"sameAs":["https:\/\/www.facebook.com\/swissgliders","https:\/\/x.com\/Swissgliders","https:\/\/www.instagram.com\/swissgliders\/","https:\/\/www.youtube.com\/channel\/UCMCtGdepy9vBhrhX3V_oJOA"],"hasMerchantReturnPolicy":{"@type":"MerchantReturnPolicy","merchantReturnLink":"https:\/\/swissgliders.ch\/de\/allgemeine-geschaftsbedingungen\/"}}]},"og_availability":"instock","product_availability":"instock","product_retailer_item_id":"niviuk-bi-roller-2","product_condition":"new"},"_links":{"self":[{"href":"https:\/\/swissgliders.ch\/de\/wp-json\/wp\/v2\/product\/10441","targetHints":{"allow":["GET"]}}],"collection":[{"href":"https:\/\/swissgliders.ch\/de\/wp-json\/wp\/v2\/product"}],"about":[{"href":"https:\/\/swissgliders.ch\/de\/wp-json\/wp\/v2\/types\/product"}],"replies":[{"embeddable":true,"href":"https:\/\/swissgliders.ch\/de\/wp-json\/wp\/v2\/comments?post=10441"}],"wp:featuredmedia":[{"embeddable":true,"href":"https:\/\/swissgliders.ch\/de\/wp-json\/wp\/v2\/media\/10434"}],"wp:attachment":[{"href":"https:\/\/swissgliders.ch\/de\/wp-json\/wp\/v2\/media?parent=10441"}],"wp:term":[{"taxonomy":"product_brand","embeddable":true,"href":"https:\/\/swissgliders.ch\/de\/wp-json\/wp\/v2\/product_brand?post=10441"},{"taxonomy":"product_cat","embeddable":true,"href":"https:\/\/swissgliders.ch\/de\/wp-json\/wp\/v2\/product_cat?post=10441"},{"taxonomy":"product_tag","embeddable":true,"href":"https:\/\/swissgliders.ch\/de\/wp-json\/wp\/v2\/product_tag?post=10441"}],"curies":[{"name":"wp","href":"https:\/\/api.w.org\/{rel}","templated":true}]}}