{"id":11140,"date":"2023-08-22T07:49:09","date_gmt":"2023-08-22T06:49:09","guid":{"rendered":"https:\/\/swissgliders.ch\/?post_type=product&#038;p=11140"},"modified":"2025-09-26T18:23:01","modified_gmt":"2025-09-26T17:23:01","slug":"skywalk-breeze2","status":"publish","type":"product","link":"https:\/\/swissgliders.ch\/de\/produkt\/skywalk-breeze2\/","title":{"rendered":"Skywalk Breeze 2"},"content":{"rendered":"<div class=\"et_pb_module et_pb_text et_pb_text_0 et_pb_bg_layout_light et_pb_text_align_left\">\n<div class=\"et_pb_text_inner\">\n<div class=\"et_pb_module et_pb_text et_pb_text_1 et_pb_text_align_left et_pb_bg_layout_light\">\n<div class=\"et_pb_text_inner\">\n<div class=\"et_pb_module et_pb_text et_pb_text_0 et_pb_text_align_left et_pb_bg_layout_light\">\n<div class=\"et_pb_text_inner\">\n<h4><img loading=\"lazy\" decoding=\"async\" class=\"\" src=\"https:\/\/skywalk.info\/files\/2023\/08\/BREEZE2-Rendering_web.jpg\" alt=\"undefined\" width=\"484\" height=\"445\" \/><\/h4>\n<p>Einfach. Modular. Vielseitig<\/p>\n<\/div>\n<\/div>\n<div class=\"et_pb_module et_pb_text et_pb_text_1 et_pb_text_align_left et_pb_bg_layout_light\">\n<div class=\"et_pb_text_inner\">\n<p><span class=\"ui-provider fy b c d e f g h i j k l m n o p q r s t u v w x y z ab ac ae af ag ah ai aj ak\" dir=\"ltr\">Das BREEZE2 wurde als modulares Komfortgurtzeug konstruiert und erf\u00fcllt dadurch vielf\u00e4ltigste Anspr\u00fcche.<\/span><\/p>\n<p>Die ergonomische Sitzschale umschlie\u00dft deinen K\u00f6rper perfekt und sorgt f\u00fcr h\u00f6chsten Flugkomfort. Diesen kannst du w\u00e4hrend des Fluges zus\u00e4tzlich erh\u00f6hen, indem du die Sitzposition anpasst.\u00a0<span class=\"ui-provider fy b c d e f g h i j k l m n o p q r s t u v w x y z ab ac ae af ag ah ai aj ak\" dir=\"ltr\">Die moderate H\u00f6he der Aufh\u00e4ngepunkte gew\u00e4hrleistet ein ged\u00e4mpftes Flugverhalten und schafft dadurch viel Vertrauen.<\/span>\u00a0<span class=\"ui-provider fy b c d e f g h i j k l m n o p q r s t u v w x y z ab ac ae af ag ah ai aj ak\" dir=\"ltr\">Das sportliche Design in Kombination mit dem PERMAIR Protektor erm\u00f6glicht ein sehr kompaktes Packma\u00df, ein geringes Gewicht und gew\u00e4hrt einen hohen Schutz.<\/span><\/p>\n<p><span class=\"ui-provider fy b c d e f g h i j k l m n o p q r s t u v w x y z ab ac ae af ag ah ai aj ak\" dir=\"ltr\">Dank des modularen Aufbaus des BREEZE2 kannst du das Gewicht zus\u00e4tzlich um circa 50% reduzieren! Mit nur wenigen Handgriffen wird das Cover einfach von der Sitzschale getrennt und das BREEZE2 verwandelt sich in ein sehr leichtes Komfortgurtzeug.<\/span><\/p>\n<p><span class=\"ui-provider fy b c d e f g h i j k l m n o p q r s t u v w x y z ab ac ae af ag ah ai aj ak\" dir=\"ltr\">Das BREEZE2 eignet sich ideal f\u00fcr Reisende, Hike&amp;Fly Fans, Einsteiger und alle Piloten, die auf der Suche nach einem vielseitig einsetzbaren Sitzgurt sind.<\/span><\/p>\n<div class=\"et_pb_blurb_description\">\n<p><strong>Dein BREEZE Gurtzeug kommt mit<\/strong><strong>:<\/strong><\/p>\n<ul>\n<li style=\"list-style-type: none;\">\n<ul>\n<li>Gurtzeugapparat EN\/LTF zertifiziert<\/li>\n<li>Rettergriff inklusive Innencontainer<\/li>\n<li>Inflationbag<\/li>\n<li>2 St. Karabiner Foras Edelrid<\/li>\n<li>PERMAIR Protektor<\/li>\n<li>PERMAIR Mundst\u00fcck<\/li>\n<li>2-stufiger Carbon Beschleuniger<\/li>\n<\/ul>\n<\/li>\n<\/ul>\n<\/div>\n<\/div>\n<\/div>\n<\/div>\n<\/div>\n<\/div>\n<\/div>\n<p>Mehr<a href=\"https:\/\/skywalk.info\/de\/project\/breeze2\/\"> Infos<\/a><\/p>\n<p>Falls dieser Artikel nicht an Lager ist, wird er f\u00fcr dich bestellt. Lieferfrist auf Anfrage.<\/p>\n","protected":false},"excerpt":{"rendered":"<div class=\"et_pb_module et_pb_text et_pb_text_0 et_pb_bg_layout_light et_pb_text_align_left\">\n<div class=\"et_pb_text_inner\">\n<div class=\"et_pb_module et_pb_text et_pb_text_1 et_pb_text_align_left et_pb_bg_layout_light\">\n<div class=\"et_pb_text_inner\">\n<div class=\"et_pb_module et_pb_text et_pb_text_0 et_pb_text_align_left et_pb_bg_layout_light\">\n<div class=\"et_pb_text_inner\">\n<h4><img loading=\"lazy\" decoding=\"async\" class=\"\" src=\"https:\/\/skywalk.info\/files\/2023\/08\/BREEZE2-Rendering_web.jpg\" alt=\"undefined\" width=\"484\" height=\"445\" \/><\/h4>\n<p>Einfach. Modular. Vielseitig<\/p>\n<\/div>\n<\/div>\n<div class=\"et_pb_module et_pb_text et_pb_text_1 et_pb_text_align_left et_pb_bg_layout_light\">\n<div class=\"et_pb_text_inner\">\n<p><span class=\"ui-provider fy b c d e f g h i j k l m n o p q r s t u v w x y z ab ac ae af ag ah ai aj ak\" dir=\"ltr\">Das BREEZE2 wurde als modulares Komfortgurtzeug konstruiert und erf\u00fcllt dadurch vielf\u00e4ltigste Anspr\u00fcche.<\/span><\/p>\n<p>Die ergonomische Sitzschale umschlie\u00dft deinen K\u00f6rper perfekt und sorgt f\u00fcr h\u00f6chsten Flugkomfort. Diesen kannst du w\u00e4hrend des Fluges zus\u00e4tzlich erh\u00f6hen, indem du die Sitzposition anpasst.\u00a0<span class=\"ui-provider fy b c d e f g h i j k l m n o p q r s t u v w x y z ab ac ae af ag ah ai aj ak\" dir=\"ltr\">Die moderate H\u00f6he der Aufh\u00e4ngepunkte gew\u00e4hrleistet ein ged\u00e4mpftes Flugverhalten und schafft dadurch viel Vertrauen.<\/span>\u00a0<span class=\"ui-provider fy b c d e f g h i j k l m n o p q r s t u v w x y z ab ac ae af ag ah ai aj ak\" dir=\"ltr\">Das sportliche Design in Kombination mit dem PERMAIR Protektor erm\u00f6glicht ein sehr kompaktes Packma\u00df, ein geringes Gewicht und gew\u00e4hrt einen hohen Schutz.<\/span><\/p>\n<p><span class=\"ui-provider fy b c d e f g h i j k l m n o p q r s t u v w x y z ab ac ae af ag ah ai aj ak\" dir=\"ltr\">Dank des modularen Aufbaus des BREEZE2 kannst du das Gewicht zus\u00e4tzlich um circa 50% reduzieren! Mit nur wenigen Handgriffen wird das Cover einfach von der Sitzschale getrennt und das BREEZE2 verwandelt sich in ein sehr leichtes Komfortgurtzeug.<\/span><\/p>\n<p><span class=\"ui-provider fy b c d e f g h i j k l m n o p q r s t u v w x y z ab ac ae af ag ah ai aj ak\" dir=\"ltr\">Das BREEZE2 eignet sich ideal f\u00fcr Reisende, Hike&amp;Fly Fans, Einsteiger und alle Piloten, die auf der Suche nach einem vielseitig einsetzbaren Sitzgurt sind.<\/span><\/p>\n<div class=\"et_pb_blurb_description\">\n<p><strong>Dein BREEZE Gurtzeug kommt mit<\/strong><strong>:<\/strong><\/p>\n<ul>\n<li style=\"list-style-type: none;\">\n<ul>\n<li>Gurtzeugapparat EN\/LTF zertifiziert<\/li>\n<li>Rettergriff inklusive Innencontainer<\/li>\n<li>Inflationbag<\/li>\n<li>2 St. Karabiner Foras Edelrid<\/li>\n<li>PERMAIR Protektor<\/li>\n<li>PERMAIR Mundst\u00fcck<\/li>\n<li>2-stufiger Carbon Beschleuniger<\/li>\n<\/ul>\n<\/li>\n<\/ul>\n<\/div>\n<\/div>\n<\/div>\n<\/div>\n<\/div>\n<\/div>\n<\/div>\n<p><strong>GURTZEUG IN GR\u00d6SSE M BEI UNS IM SHOP IN THUN ALS DEMO VERF\u00dcGBAR.<\/strong><\/p>\n<p>Mehr<a href=\"https:\/\/skywalk.info\/de\/project\/breeze2\/\"> Infos<\/a><\/p>\n<p>Falls dieser Artikel nicht an Lager ist, wird er f\u00fcr dich bestellt. Lieferfrist auf Anfrage.<\/p>\n","protected":false},"featured_media":11151,"comment_status":"closed","ping_status":"closed","template":"","meta":[],"product_brand":[2595],"product_cat":[1026],"product_tag":[1040,1000,90],"class_list":{"0":"post-11140","1":"product","2":"type-product","3":"status-publish","4":"has-post-thumbnail","6":"product_brand-skywalk","7":"product_cat-leichte-gleitschirmgurtzeuge","8":"product_tag-leichtgurtzeug","9":"product_tag-sitzgurtzeug","10":"product_tag-verkaufsartikel","11":"product_shipping_class-priority-10kg-de","13":"first","14":"instock","15":"sale","16":"shipping-taxable","17":"purchasable","18":"product-type-variable"},"yoast_head":"<!-- This site is optimized with the Yoast SEO Premium plugin v26.1 (Yoast SEO v27.3) - https:\/\/yoast.com\/product\/yoast-seo-premium-wordpress\/ -->\n<title>Skywalk Breeze 2 | Gleitschirmschule Thun, Bern, Interlaken<\/title>\n<meta name=\"description\" content=\"Skywalk Breeze Sitzgirtzeug mit PermAir-ProtektoDas BREEZE2 wurde als modulares Komfortgurtzeug konstruiert und erf\u00fcllt dadurch vielf\u00e4ltigste Anspr\u00fcche.\" \/>\n<meta name=\"robots\" content=\"index, follow, max-snippet:-1, max-image-preview:large, max-video-preview:-1\" \/>\n<link rel=\"canonical\" href=\"https:\/\/swissgliders.ch\/de\/produkt\/skywalk-breeze2\/\" \/>\n<meta property=\"og:locale\" content=\"de_DE\" \/>\n<meta property=\"og:type\" content=\"article\" \/>\n<meta property=\"og:title\" content=\"Skywalk Breeze 2\" \/>\n<meta property=\"og:description\" content=\"Skywalk Breeze Sitzgirtzeug mit PermAir-ProtektoDas BREEZE2 wurde als modulares Komfortgurtzeug konstruiert und erf\u00fcllt dadurch vielf\u00e4ltigste Anspr\u00fcche.\" \/>\n<meta property=\"og:url\" content=\"https:\/\/swissgliders.ch\/de\/produkt\/skywalk-breeze2\/\" \/>\n<meta property=\"og:site_name\" content=\"Gleitschirmschule Thun, Bern, Interlaken\" \/>\n<meta property=\"article:publisher\" content=\"https:\/\/www.facebook.com\/swissgliders\" \/>\n<meta property=\"article:modified_time\" content=\"2025-09-26T17:23:01+00:00\" \/>\n<meta property=\"og:image\" content=\"https:\/\/swissgliders.ch\/wp-content\/uploads\/2023\/08\/Skywalk_Gurtzeug_Breeze2.jpg\" \/>\n\t<meta property=\"og:image:width\" content=\"1825\" \/>\n\t<meta property=\"og:image:height\" content=\"1763\" \/>\n\t<meta property=\"og:image:type\" content=\"image\/jpeg\" \/>\n<meta name=\"twitter:card\" content=\"summary_large_image\" \/>\n<meta name=\"twitter:site\" content=\"@Swissgliders\" \/>\n<meta name=\"twitter:label1\" content=\"Verf\u00fcgbarkeit\" \/>\n\t<meta name=\"twitter:data1\" content=\"Auf Lager\" \/>\n<script type=\"application\/ld+json\" class=\"yoast-schema-graph\">{\"@context\":\"https:\\\/\\\/schema.org\",\"@graph\":[{\"@type\":\"WebPage\",\"@id\":\"https:\\\/\\\/swissgliders.ch\\\/de\\\/produkt\\\/skywalk-breeze2\\\/\",\"url\":\"https:\\\/\\\/swissgliders.ch\\\/de\\\/produkt\\\/skywalk-breeze2\\\/\",\"name\":\"Skywalk Breeze 2 | Gleitschirmschule Thun, Bern, Interlaken\",\"isPartOf\":{\"@id\":\"https:\\\/\\\/swissgliders.ch\\\/de\\\/#website\"},\"primaryImageOfPage\":{\"@id\":\"https:\\\/\\\/swissgliders.ch\\\/de\\\/produkt\\\/skywalk-breeze2\\\/#primaryimage\"},\"image\":{\"@id\":\"https:\\\/\\\/swissgliders.ch\\\/de\\\/produkt\\\/skywalk-breeze2\\\/#primaryimage\"},\"thumbnailUrl\":\"https:\\\/\\\/swissgliders.ch\\\/wp-content\\\/uploads\\\/2023\\\/08\\\/Skywalk_Gurtzeug_Breeze2.jpg\",\"datePublished\":\"2023-08-22T06:49:09+00:00\",\"dateModified\":\"2025-09-26T17:23:01+00:00\",\"description\":\"Skywalk Breeze Sitzgirtzeug mit PermAir-ProtektoDas BREEZE2 wurde als modulares Komfortgurtzeug konstruiert und erf\u00fcllt dadurch vielf\u00e4ltigste Anspr\u00fcche.\",\"breadcrumb\":{\"@id\":\"https:\\\/\\\/swissgliders.ch\\\/de\\\/produkt\\\/skywalk-breeze2\\\/#breadcrumb\"},\"inLanguage\":\"de\",\"potentialAction\":[{\"@type\":\"ReadAction\",\"target\":[\"https:\\\/\\\/swissgliders.ch\\\/de\\\/produkt\\\/skywalk-breeze2\\\/\"]}]},{\"@type\":\"ImageObject\",\"inLanguage\":\"de\",\"@id\":\"https:\\\/\\\/swissgliders.ch\\\/de\\\/produkt\\\/skywalk-breeze2\\\/#primaryimage\",\"url\":\"https:\\\/\\\/swissgliders.ch\\\/wp-content\\\/uploads\\\/2023\\\/08\\\/Skywalk_Gurtzeug_Breeze2.jpg\",\"contentUrl\":\"https:\\\/\\\/swissgliders.ch\\\/wp-content\\\/uploads\\\/2023\\\/08\\\/Skywalk_Gurtzeug_Breeze2.jpg\",\"width\":1825,\"height\":1763,\"caption\":\"Skywalk_Gurtzeug_Breeze2-1\"},{\"@type\":\"BreadcrumbList\",\"@id\":\"https:\\\/\\\/swissgliders.ch\\\/de\\\/produkt\\\/skywalk-breeze2\\\/#breadcrumb\",\"itemListElement\":[{\"@type\":\"ListItem\",\"position\":1,\"name\":\"Startseite\",\"item\":\"https:\\\/\\\/swissgliders.ch\\\/de\\\/willkommen\\\/\"},{\"@type\":\"ListItem\",\"position\":2,\"name\":\"Gleitschirm Shop\",\"item\":\"https:\\\/\\\/swissgliders.ch\\\/de\\\/gleitschirm-shop\\\/\"},{\"@type\":\"ListItem\",\"position\":3,\"name\":\"Skywalk Breeze 2\"}]},{\"@type\":\"WebSite\",\"@id\":\"https:\\\/\\\/swissgliders.ch\\\/de\\\/#website\",\"url\":\"https:\\\/\\\/swissgliders.ch\\\/de\\\/\",\"name\":\"Gleitschirmschule Thun, Bern, Interlaken\",\"description\":\"Gleitschirmschule Thun, Bern, Interlaken\",\"publisher\":{\"@id\":\"https:\\\/\\\/swissgliders.ch\\\/de\\\/#organization\"},\"potentialAction\":[{\"@type\":\"SearchAction\",\"target\":{\"@type\":\"EntryPoint\",\"urlTemplate\":\"https:\\\/\\\/swissgliders.ch\\\/de\\\/?s={search_term_string}\"},\"query-input\":{\"@type\":\"PropertyValueSpecification\",\"valueRequired\":true,\"valueName\":\"search_term_string\"}}],\"inLanguage\":\"de\"},{\"@type\":\"Organization\",\"@id\":\"https:\\\/\\\/swissgliders.ch\\\/de\\\/#organization\",\"name\":\"Swissgliders Gleitschirmflugschule Thun\",\"url\":\"https:\\\/\\\/swissgliders.ch\\\/de\\\/\",\"logo\":{\"@type\":\"ImageObject\",\"inLanguage\":\"de\",\"@id\":\"https:\\\/\\\/swissgliders.ch\\\/de\\\/#\\\/schema\\\/logo\\\/image\\\/\",\"url\":\"https:\\\/\\\/swissgliders.ch\\\/wp-content\\\/uploads\\\/2019\\\/12\\\/swissgliders-logo-rgb-square-L-no-ch-01.png\",\"contentUrl\":\"https:\\\/\\\/swissgliders.ch\\\/wp-content\\\/uploads\\\/2019\\\/12\\\/swissgliders-logo-rgb-square-L-no-ch-01.png\",\"width\":2500,\"height\":2500,\"caption\":\"Swissgliders Gleitschirmflugschule Thun\"},\"image\":{\"@id\":\"https:\\\/\\\/swissgliders.ch\\\/de\\\/#\\\/schema\\\/logo\\\/image\\\/\"},\"sameAs\":[\"https:\\\/\\\/www.facebook.com\\\/swissgliders\",\"https:\\\/\\\/x.com\\\/Swissgliders\",\"https:\\\/\\\/www.instagram.com\\\/swissgliders\\\/\",\"https:\\\/\\\/www.youtube.com\\\/channel\\\/UCMCtGdepy9vBhrhX3V_oJOA\"],\"hasMerchantReturnPolicy\":{\"@type\":\"MerchantReturnPolicy\",\"merchantReturnLink\":\"https:\\\/\\\/swissgliders.ch\\\/de\\\/allgemeine-geschaftsbedingungen\\\/\"}}]}<\/script>\n<meta property=\"og:availability\" content=\"instock\" \/>\n<meta property=\"product:availability\" content=\"instock\" \/>\n<meta property=\"product:condition\" content=\"new\" \/>\n<!-- \/ Yoast SEO Premium plugin. -->","yoast_head_json":{"title":"Skywalk Breeze 2 | Gleitschirmschule Thun, Bern, Interlaken","description":"Skywalk Breeze Sitzgirtzeug mit PermAir-ProtektoDas BREEZE2 wurde als modulares Komfortgurtzeug konstruiert und erf\u00fcllt dadurch vielf\u00e4ltigste Anspr\u00fcche.","robots":{"index":"index","follow":"follow","max-snippet":"max-snippet:-1","max-image-preview":"max-image-preview:large","max-video-preview":"max-video-preview:-1"},"canonical":"https:\/\/swissgliders.ch\/de\/produkt\/skywalk-breeze2\/","og_locale":"de_DE","og_type":"article","og_title":"Skywalk Breeze 2","og_description":"Skywalk Breeze Sitzgirtzeug mit PermAir-ProtektoDas BREEZE2 wurde als modulares Komfortgurtzeug konstruiert und erf\u00fcllt dadurch vielf\u00e4ltigste Anspr\u00fcche.","og_url":"https:\/\/swissgliders.ch\/de\/produkt\/skywalk-breeze2\/","og_site_name":"Gleitschirmschule Thun, Bern, Interlaken","article_publisher":"https:\/\/www.facebook.com\/swissgliders","article_modified_time":"2025-09-26T17:23:01+00:00","og_image":[{"width":1825,"height":1763,"url":"https:\/\/swissgliders.ch\/wp-content\/uploads\/2023\/08\/Skywalk_Gurtzeug_Breeze2.jpg","type":"image\/jpeg"}],"twitter_card":"summary_large_image","twitter_site":"@Swissgliders","twitter_misc":{"Verf\u00fcgbarkeit":"Auf Lager"},"schema":{"@context":"https:\/\/schema.org","@graph":[{"@type":"WebPage","@id":"https:\/\/swissgliders.ch\/de\/produkt\/skywalk-breeze2\/","url":"https:\/\/swissgliders.ch\/de\/produkt\/skywalk-breeze2\/","name":"Skywalk Breeze 2 | Gleitschirmschule Thun, Bern, Interlaken","isPartOf":{"@id":"https:\/\/swissgliders.ch\/de\/#website"},"primaryImageOfPage":{"@id":"https:\/\/swissgliders.ch\/de\/produkt\/skywalk-breeze2\/#primaryimage"},"image":{"@id":"https:\/\/swissgliders.ch\/de\/produkt\/skywalk-breeze2\/#primaryimage"},"thumbnailUrl":"https:\/\/swissgliders.ch\/wp-content\/uploads\/2023\/08\/Skywalk_Gurtzeug_Breeze2.jpg","datePublished":"2023-08-22T06:49:09+00:00","dateModified":"2025-09-26T17:23:01+00:00","description":"Skywalk Breeze Sitzgirtzeug mit PermAir-ProtektoDas BREEZE2 wurde als modulares Komfortgurtzeug konstruiert und erf\u00fcllt dadurch vielf\u00e4ltigste Anspr\u00fcche.","breadcrumb":{"@id":"https:\/\/swissgliders.ch\/de\/produkt\/skywalk-breeze2\/#breadcrumb"},"inLanguage":"de","potentialAction":[{"@type":"ReadAction","target":["https:\/\/swissgliders.ch\/de\/produkt\/skywalk-breeze2\/"]}]},{"@type":"ImageObject","inLanguage":"de","@id":"https:\/\/swissgliders.ch\/de\/produkt\/skywalk-breeze2\/#primaryimage","url":"https:\/\/swissgliders.ch\/wp-content\/uploads\/2023\/08\/Skywalk_Gurtzeug_Breeze2.jpg","contentUrl":"https:\/\/swissgliders.ch\/wp-content\/uploads\/2023\/08\/Skywalk_Gurtzeug_Breeze2.jpg","width":1825,"height":1763,"caption":"Skywalk_Gurtzeug_Breeze2-1"},{"@type":"BreadcrumbList","@id":"https:\/\/swissgliders.ch\/de\/produkt\/skywalk-breeze2\/#breadcrumb","itemListElement":[{"@type":"ListItem","position":1,"name":"Startseite","item":"https:\/\/swissgliders.ch\/de\/willkommen\/"},{"@type":"ListItem","position":2,"name":"Gleitschirm Shop","item":"https:\/\/swissgliders.ch\/de\/gleitschirm-shop\/"},{"@type":"ListItem","position":3,"name":"Skywalk Breeze 2"}]},{"@type":"WebSite","@id":"https:\/\/swissgliders.ch\/de\/#website","url":"https:\/\/swissgliders.ch\/de\/","name":"Gleitschirmschule Thun, Bern, Interlaken","description":"Gleitschirmschule Thun, Bern, Interlaken","publisher":{"@id":"https:\/\/swissgliders.ch\/de\/#organization"},"potentialAction":[{"@type":"SearchAction","target":{"@type":"EntryPoint","urlTemplate":"https:\/\/swissgliders.ch\/de\/?s={search_term_string}"},"query-input":{"@type":"PropertyValueSpecification","valueRequired":true,"valueName":"search_term_string"}}],"inLanguage":"de"},{"@type":"Organization","@id":"https:\/\/swissgliders.ch\/de\/#organization","name":"Swissgliders Gleitschirmflugschule Thun","url":"https:\/\/swissgliders.ch\/de\/","logo":{"@type":"ImageObject","inLanguage":"de","@id":"https:\/\/swissgliders.ch\/de\/#\/schema\/logo\/image\/","url":"https:\/\/swissgliders.ch\/wp-content\/uploads\/2019\/12\/swissgliders-logo-rgb-square-L-no-ch-01.png","contentUrl":"https:\/\/swissgliders.ch\/wp-content\/uploads\/2019\/12\/swissgliders-logo-rgb-square-L-no-ch-01.png","width":2500,"height":2500,"caption":"Swissgliders Gleitschirmflugschule Thun"},"image":{"@id":"https:\/\/swissgliders.ch\/de\/#\/schema\/logo\/image\/"},"sameAs":["https:\/\/www.facebook.com\/swissgliders","https:\/\/x.com\/Swissgliders","https:\/\/www.instagram.com\/swissgliders\/","https:\/\/www.youtube.com\/channel\/UCMCtGdepy9vBhrhX3V_oJOA"],"hasMerchantReturnPolicy":{"@type":"MerchantReturnPolicy","merchantReturnLink":"https:\/\/swissgliders.ch\/de\/allgemeine-geschaftsbedingungen\/"}}]},"og_availability":"instock","product_availability":"instock","product_condition":"new"},"_links":{"self":[{"href":"https:\/\/swissgliders.ch\/de\/wp-json\/wp\/v2\/product\/11140","targetHints":{"allow":["GET"]}}],"collection":[{"href":"https:\/\/swissgliders.ch\/de\/wp-json\/wp\/v2\/product"}],"about":[{"href":"https:\/\/swissgliders.ch\/de\/wp-json\/wp\/v2\/types\/product"}],"replies":[{"embeddable":true,"href":"https:\/\/swissgliders.ch\/de\/wp-json\/wp\/v2\/comments?post=11140"}],"wp:featuredmedia":[{"embeddable":true,"href":"https:\/\/swissgliders.ch\/de\/wp-json\/wp\/v2\/media\/11151"}],"wp:attachment":[{"href":"https:\/\/swissgliders.ch\/de\/wp-json\/wp\/v2\/media?parent=11140"}],"wp:term":[{"taxonomy":"product_brand","embeddable":true,"href":"https:\/\/swissgliders.ch\/de\/wp-json\/wp\/v2\/product_brand?post=11140"},{"taxonomy":"product_cat","embeddable":true,"href":"https:\/\/swissgliders.ch\/de\/wp-json\/wp\/v2\/product_cat?post=11140"},{"taxonomy":"product_tag","embeddable":true,"href":"https:\/\/swissgliders.ch\/de\/wp-json\/wp\/v2\/product_tag?post=11140"}],"curies":[{"name":"wp","href":"https:\/\/api.w.org\/{rel}","templated":true}]}}