{"id":11162,"date":"2023-08-22T09:15:28","date_gmt":"2023-08-22T08:15:28","guid":{"rendered":"https:\/\/swissgliders.ch\/?post_type=product&#038;p=11162"},"modified":"2025-01-30T12:36:26","modified_gmt":"2025-01-30T11:36:26","slug":"skywalk-backpack-alpine","status":"publish","type":"product","link":"https:\/\/swissgliders.ch\/de\/produkt\/skywalk-backpack-alpine\/","title":{"rendered":"Skywalk Backpack Alpine"},"content":{"rendered":"<div class=\"et_pb_module et_pb_text et_pb_text_0 et_pb_text_align_left et_pb_bg_layout_light\">\n<h3 class=\"et_pb_text_inner\">Immer. Alles. Dabei.<\/h3>\n<\/div>\n<div class=\"et_pb_module et_pb_text et_pb_text_1 et_pb_text_align_left et_pb_bg_layout_light\">\n<div class=\"et_pb_text_inner\">\n<div class=\"et_pb_module et_pb_text et_pb_text_0 et_pb_text_align_left et_pb_bg_layout_light\">\n<div class=\"et_pb_text_inner\">\n<p><img loading=\"lazy\" decoding=\"async\" class=\"\" src=\"https:\/\/skywalk.info\/files\/2014\/03\/ALPINE-90-120-150-web.png\" width=\"422\" height=\"316\" \/><\/p>\n<\/div>\n<\/div>\n<div class=\"et_pb_module et_pb_text et_pb_text_1 et_pb_text_align_left et_pb_bg_layout_light\">\n<div class=\"et_pb_text_inner\">\n<p>Der robuste ALPINE Packsack schluckt alles, was Du an einem Flugtag dabei hast. Das neue Tragesystem und der ergonomische H\u00fcftgurt sorgen f\u00fcr optimale Lastenverteilung und maximalen Tragekomfort. Zahlreiche intelligente Features steigern zus\u00e4tzlich die Benutzerfreundlichkeit.<\/p>\n<h5>Deckeltasche<\/h5>\n<p>Die Deckeltasche ist von Au\u00dfen erreichbar<\/p>\n<h5>Elastische Seitentaschen<\/h5>\n<p>Zwei elastische Seitentaschen bieten ausreichend Platz f\u00fcr Gegenst\u00e4nde, die w\u00e4hrend des Gehens erreicht werden m\u00fcssen, wie bspw. Trinkflasche und Snacks<\/p>\n<h5>H\u00fcftgurt<\/h5>\n<p>Der ergonomische H\u00fcftgurt sorgt f\u00fcr ideale Lastenverteilung und kann zus\u00e4tzlich abgenommen werden, um das Packma\u00df zu verringern<\/p>\n<h5>Tragesystem<\/h5>\n<p>Das Tragesystem beh\u00e4lt den ALPINE Packsack nah am K\u00f6rper und steigert den Tragekomfort<\/p>\n<table id=\"tablepress-303\" class=\"tablepress tablepress-id-303 tablepress-responsive tablepress-responsive-tablet\">\n<tbody class=\"row-hover\">\n<tr class=\"row-1 odd\">\n<td class=\"column-1\"><b>Gr\u00f6\u00dfe \/ Farbe\u00a0<\/b><\/td>\n<td class=\"column-2\"><b>90L \/ Orange\u00a0<\/b><\/td>\n<td class=\"column-3\"><b>120L \/ Gelb\u00a0<\/b><\/td>\n<td class=\"column-4\"><b>150L \/ Blau\u00a0<\/b><\/td>\n<\/tr>\n<tr class=\"row-2 even\">\n<td class=\"column-1\"><b>Gewicht (kg)<\/b><\/td>\n<td class=\"column-2\">1,12<\/td>\n<td class=\"column-3\">1,14<\/td>\n<td class=\"column-4\">1,26<\/td>\n<\/tr>\n<tr class=\"row-3 odd\">\n<td class=\"column-1\"><b>Volumen (l)<\/b><\/td>\n<td class=\"column-2\">90<\/td>\n<td class=\"column-3\">120<\/td>\n<td class=\"column-4\">150<\/td>\n<\/tr>\n<\/tbody>\n<\/table>\n<\/div>\n<\/div>\n<\/div>\n<\/div>\n<p>&nbsp;<\/p>\n<p>Mehr <a href=\"https:\/\/skywalk.info\/de\/project\/alpine\/\" target=\"_blank\" rel=\"noopener noreferrer\">Info<\/a><\/p>\n<p>Falls dieser Artikel nicht an Lager ist, wird er f\u00fcr dich bestellt. Lieferfrist auf Anfrage.<\/p>\n","protected":false},"excerpt":{"rendered":"<div class=\"et_pb_module et_pb_text et_pb_text_0 et_pb_text_align_left et_pb_bg_layout_light\">\n<h3 class=\"et_pb_text_inner\">Immer. Alles. Dabei.<\/h3>\n<\/div>\n<div class=\"et_pb_module et_pb_text et_pb_text_1 et_pb_text_align_left et_pb_bg_layout_light\">\n<div class=\"et_pb_text_inner\">\n<div class=\"et_pb_module et_pb_text et_pb_text_0 et_pb_text_align_left et_pb_bg_layout_light\">\n<div class=\"et_pb_text_inner\">\n<p><img loading=\"lazy\" decoding=\"async\" class=\"\" src=\"https:\/\/skywalk.info\/files\/2014\/03\/ALPINE-90-120-150-web.png\" width=\"422\" height=\"316\" \/><\/p>\n<\/div>\n<\/div>\n<div class=\"et_pb_module et_pb_text et_pb_text_1 et_pb_text_align_left et_pb_bg_layout_light\">\n<div class=\"et_pb_text_inner\">\n<p>Der robuste ALPINE Packsack schluckt alles, was Du an einem Flugtag dabei hast. Das neue Tragesystem und der ergonomische H\u00fcftgurt sorgen f\u00fcr optimale Lastenverteilung und maximalen Tragekomfort. Zahlreiche intelligente Features steigern zus\u00e4tzlich die Benutzerfreundlichkeit.<\/p>\n<h5>Deckeltasche<\/h5>\n<p>Die Deckeltasche ist von Au\u00dfen erreichbar<\/p>\n<h5>Elastische Seitentaschen<\/h5>\n<p>Zwei elastische Seitentaschen bieten ausreichend Platz f\u00fcr Gegenst\u00e4nde, die w\u00e4hrend des Gehens erreicht werden m\u00fcssen, wie bspw. Trinkflasche und Snacks<\/p>\n<h5>H\u00fcftgurt<\/h5>\n<p>Der ergonomische H\u00fcftgurt sorgt f\u00fcr ideale Lastenverteilung und kann zus\u00e4tzlich abgenommen werden, um das Packma\u00df zu verringern<\/p>\n<h5>Tragesystem<\/h5>\n<p>Das Tragesystem beh\u00e4lt den ALPINE Packsack nah am K\u00f6rper und steigert den Tragekomfort<\/p>\n<table id=\"tablepress-303\" class=\"tablepress tablepress-id-303 tablepress-responsive tablepress-responsive-tablet\">\n<tbody class=\"row-hover\">\n<tr class=\"row-1 odd\">\n<td class=\"column-1\"><b>Gr\u00f6\u00dfe \/ Farbe\u00a0<\/b><\/td>\n<td class=\"column-2\"><b>90L \/ Orange\u00a0<\/b><\/td>\n<td class=\"column-3\"><b>120L \/ Gelb\u00a0<\/b><\/td>\n<td class=\"column-4\"><b>150L \/ Blau\u00a0<\/b><\/td>\n<\/tr>\n<tr class=\"row-2 even\">\n<td class=\"column-1\"><b>Gewicht (kg)<\/b><\/td>\n<td class=\"column-2\">1,12<\/td>\n<td class=\"column-3\">1,14<\/td>\n<td class=\"column-4\">1,26<\/td>\n<\/tr>\n<tr class=\"row-3 odd\">\n<td class=\"column-1\"><b>Volumen (l)<\/b><\/td>\n<td class=\"column-2\">90<\/td>\n<td class=\"column-3\">120<\/td>\n<td class=\"column-4\">150<\/td>\n<\/tr>\n<\/tbody>\n<\/table>\n<\/div>\n<\/div>\n<\/div>\n<\/div>\n<p>&nbsp;<\/p>\n<p>Mehr <a href=\"https:\/\/skywalk.info\/de\/project\/alpine\/\" target=\"_blank\" rel=\"noopener noreferrer\">Info<\/a><\/p>\n<p>Falls dieser Artikel nicht an Lager ist, wird er f\u00fcr dich bestellt. Lieferfrist auf Anfrage.<\/p>\n","protected":false},"featured_media":12464,"comment_status":"closed","ping_status":"closed","template":"","meta":[],"product_brand":[],"product_cat":[2072],"product_tag":[2210,90],"class_list":{"0":"post-11162","1":"product","2":"type-product","3":"status-publish","4":"has-post-thumbnail","6":"product_cat-gleitschirm-rucksaecke","7":"product_tag-rucksack","8":"product_tag-verkaufsartikel","9":"product_shipping_class-priority-2kg-de","11":"first","12":"instock","13":"sale","14":"shipping-taxable","15":"purchasable","16":"product-type-variable"},"yoast_head":"<!-- This site is optimized with the Yoast SEO Premium plugin v26.1 (Yoast SEO v27.3) - https:\/\/yoast.com\/product\/yoast-seo-premium-wordpress\/ -->\n<title>Skywalk Backpack Alpine | Gleitschirmschule Thun, Bern, Interlaken<\/title>\n<meta name=\"description\" content=\"Was macht den perfekten Gleitschirm-Rucksack aus? Und was den perfekten Kletter-, Trekking- oder Expeditionsrucksack?\" \/>\n<meta name=\"robots\" content=\"index, follow, max-snippet:-1, max-image-preview:large, max-video-preview:-1\" \/>\n<link rel=\"canonical\" href=\"https:\/\/swissgliders.ch\/de\/produkt\/skywalk-backpack-alpine\/\" \/>\n<meta property=\"og:locale\" content=\"de_DE\" \/>\n<meta property=\"og:type\" content=\"article\" \/>\n<meta property=\"og:title\" content=\"Skywalk Backpack Alpine\" \/>\n<meta property=\"og:description\" content=\"Was macht den perfekten Gleitschirm-Rucksack aus? Und was den perfekten Kletter-, Trekking- oder Expeditionsrucksack?\" \/>\n<meta property=\"og:url\" content=\"https:\/\/swissgliders.ch\/de\/produkt\/skywalk-backpack-alpine\/\" \/>\n<meta property=\"og:site_name\" content=\"Gleitschirmschule Thun, Bern, Interlaken\" \/>\n<meta property=\"article:publisher\" content=\"https:\/\/www.facebook.com\/swissgliders\" \/>\n<meta property=\"article:modified_time\" content=\"2025-01-30T11:36:26+00:00\" \/>\n<meta property=\"og:image\" content=\"https:\/\/swissgliders.ch\/wp-content\/uploads\/2023\/08\/Skywalk_Rucksack_Alpine-1.png\" \/>\n\t<meta property=\"og:image:width\" content=\"629\" \/>\n\t<meta property=\"og:image:height\" content=\"461\" \/>\n\t<meta property=\"og:image:type\" content=\"image\/png\" \/>\n<meta name=\"twitter:card\" content=\"summary_large_image\" \/>\n<meta name=\"twitter:site\" content=\"@Swissgliders\" \/>\n<meta name=\"twitter:label1\" content=\"Verf\u00fcgbarkeit\" \/>\n\t<meta name=\"twitter:data1\" content=\"Auf Lager\" \/>\n<script type=\"application\/ld+json\" class=\"yoast-schema-graph\">{\"@context\":\"https:\\\/\\\/schema.org\",\"@graph\":[{\"@type\":\"WebPage\",\"@id\":\"https:\\\/\\\/swissgliders.ch\\\/de\\\/produkt\\\/skywalk-backpack-alpine\\\/\",\"url\":\"https:\\\/\\\/swissgliders.ch\\\/de\\\/produkt\\\/skywalk-backpack-alpine\\\/\",\"name\":\"Skywalk Backpack Alpine | Gleitschirmschule Thun, Bern, Interlaken\",\"isPartOf\":{\"@id\":\"https:\\\/\\\/swissgliders.ch\\\/de\\\/#website\"},\"primaryImageOfPage\":{\"@id\":\"https:\\\/\\\/swissgliders.ch\\\/de\\\/produkt\\\/skywalk-backpack-alpine\\\/#primaryimage\"},\"image\":{\"@id\":\"https:\\\/\\\/swissgliders.ch\\\/de\\\/produkt\\\/skywalk-backpack-alpine\\\/#primaryimage\"},\"thumbnailUrl\":\"https:\\\/\\\/swissgliders.ch\\\/wp-content\\\/uploads\\\/2023\\\/08\\\/Skywalk_Rucksack_Alpine-1.png\",\"datePublished\":\"2023-08-22T08:15:28+00:00\",\"dateModified\":\"2025-01-30T11:36:26+00:00\",\"description\":\"Was macht den perfekten Gleitschirm-Rucksack aus? Und was den perfekten Kletter-, Trekking- oder Expeditionsrucksack?\",\"breadcrumb\":{\"@id\":\"https:\\\/\\\/swissgliders.ch\\\/de\\\/produkt\\\/skywalk-backpack-alpine\\\/#breadcrumb\"},\"inLanguage\":\"de\",\"potentialAction\":[{\"@type\":\"ReadAction\",\"target\":[\"https:\\\/\\\/swissgliders.ch\\\/de\\\/produkt\\\/skywalk-backpack-alpine\\\/\"]}]},{\"@type\":\"ImageObject\",\"inLanguage\":\"de\",\"@id\":\"https:\\\/\\\/swissgliders.ch\\\/de\\\/produkt\\\/skywalk-backpack-alpine\\\/#primaryimage\",\"url\":\"https:\\\/\\\/swissgliders.ch\\\/wp-content\\\/uploads\\\/2023\\\/08\\\/Skywalk_Rucksack_Alpine-1.png\",\"contentUrl\":\"https:\\\/\\\/swissgliders.ch\\\/wp-content\\\/uploads\\\/2023\\\/08\\\/Skywalk_Rucksack_Alpine-1.png\",\"width\":629,\"height\":461,\"caption\":\"Skywalk_Rucksack_Alpine-1\"},{\"@type\":\"BreadcrumbList\",\"@id\":\"https:\\\/\\\/swissgliders.ch\\\/de\\\/produkt\\\/skywalk-backpack-alpine\\\/#breadcrumb\",\"itemListElement\":[{\"@type\":\"ListItem\",\"position\":1,\"name\":\"Startseite\",\"item\":\"https:\\\/\\\/swissgliders.ch\\\/de\\\/willkommen\\\/\"},{\"@type\":\"ListItem\",\"position\":2,\"name\":\"Gleitschirm Shop\",\"item\":\"https:\\\/\\\/swissgliders.ch\\\/de\\\/gleitschirm-shop\\\/\"},{\"@type\":\"ListItem\",\"position\":3,\"name\":\"Skywalk Backpack Alpine\"}]},{\"@type\":\"WebSite\",\"@id\":\"https:\\\/\\\/swissgliders.ch\\\/de\\\/#website\",\"url\":\"https:\\\/\\\/swissgliders.ch\\\/de\\\/\",\"name\":\"Gleitschirmschule Thun, Bern, Interlaken\",\"description\":\"Gleitschirmschule Thun, Bern, Interlaken\",\"publisher\":{\"@id\":\"https:\\\/\\\/swissgliders.ch\\\/de\\\/#organization\"},\"potentialAction\":[{\"@type\":\"SearchAction\",\"target\":{\"@type\":\"EntryPoint\",\"urlTemplate\":\"https:\\\/\\\/swissgliders.ch\\\/de\\\/?s={search_term_string}\"},\"query-input\":{\"@type\":\"PropertyValueSpecification\",\"valueRequired\":true,\"valueName\":\"search_term_string\"}}],\"inLanguage\":\"de\"},{\"@type\":\"Organization\",\"@id\":\"https:\\\/\\\/swissgliders.ch\\\/de\\\/#organization\",\"name\":\"Swissgliders Gleitschirmflugschule Thun\",\"url\":\"https:\\\/\\\/swissgliders.ch\\\/de\\\/\",\"logo\":{\"@type\":\"ImageObject\",\"inLanguage\":\"de\",\"@id\":\"https:\\\/\\\/swissgliders.ch\\\/de\\\/#\\\/schema\\\/logo\\\/image\\\/\",\"url\":\"https:\\\/\\\/swissgliders.ch\\\/wp-content\\\/uploads\\\/2019\\\/12\\\/swissgliders-logo-rgb-square-L-no-ch-01.png\",\"contentUrl\":\"https:\\\/\\\/swissgliders.ch\\\/wp-content\\\/uploads\\\/2019\\\/12\\\/swissgliders-logo-rgb-square-L-no-ch-01.png\",\"width\":2500,\"height\":2500,\"caption\":\"Swissgliders Gleitschirmflugschule Thun\"},\"image\":{\"@id\":\"https:\\\/\\\/swissgliders.ch\\\/de\\\/#\\\/schema\\\/logo\\\/image\\\/\"},\"sameAs\":[\"https:\\\/\\\/www.facebook.com\\\/swissgliders\",\"https:\\\/\\\/x.com\\\/Swissgliders\",\"https:\\\/\\\/www.instagram.com\\\/swissgliders\\\/\",\"https:\\\/\\\/www.youtube.com\\\/channel\\\/UCMCtGdepy9vBhrhX3V_oJOA\"],\"hasMerchantReturnPolicy\":{\"@type\":\"MerchantReturnPolicy\",\"merchantReturnLink\":\"https:\\\/\\\/swissgliders.ch\\\/de\\\/allgemeine-geschaftsbedingungen\\\/\"}}]}<\/script>\n<meta property=\"og:availability\" content=\"instock\" \/>\n<meta property=\"product:availability\" content=\"instock\" \/>\n<meta property=\"product:condition\" content=\"new\" \/>\n<!-- \/ Yoast SEO Premium plugin. -->","yoast_head_json":{"title":"Skywalk Backpack Alpine | Gleitschirmschule Thun, Bern, Interlaken","description":"Was macht den perfekten Gleitschirm-Rucksack aus? Und was den perfekten Kletter-, Trekking- oder Expeditionsrucksack?","robots":{"index":"index","follow":"follow","max-snippet":"max-snippet:-1","max-image-preview":"max-image-preview:large","max-video-preview":"max-video-preview:-1"},"canonical":"https:\/\/swissgliders.ch\/de\/produkt\/skywalk-backpack-alpine\/","og_locale":"de_DE","og_type":"article","og_title":"Skywalk Backpack Alpine","og_description":"Was macht den perfekten Gleitschirm-Rucksack aus? Und was den perfekten Kletter-, Trekking- oder Expeditionsrucksack?","og_url":"https:\/\/swissgliders.ch\/de\/produkt\/skywalk-backpack-alpine\/","og_site_name":"Gleitschirmschule Thun, Bern, Interlaken","article_publisher":"https:\/\/www.facebook.com\/swissgliders","article_modified_time":"2025-01-30T11:36:26+00:00","og_image":[{"width":629,"height":461,"url":"https:\/\/swissgliders.ch\/wp-content\/uploads\/2023\/08\/Skywalk_Rucksack_Alpine-1.png","type":"image\/png"}],"twitter_card":"summary_large_image","twitter_site":"@Swissgliders","twitter_misc":{"Verf\u00fcgbarkeit":"Auf Lager"},"schema":{"@context":"https:\/\/schema.org","@graph":[{"@type":"WebPage","@id":"https:\/\/swissgliders.ch\/de\/produkt\/skywalk-backpack-alpine\/","url":"https:\/\/swissgliders.ch\/de\/produkt\/skywalk-backpack-alpine\/","name":"Skywalk Backpack Alpine | Gleitschirmschule Thun, Bern, Interlaken","isPartOf":{"@id":"https:\/\/swissgliders.ch\/de\/#website"},"primaryImageOfPage":{"@id":"https:\/\/swissgliders.ch\/de\/produkt\/skywalk-backpack-alpine\/#primaryimage"},"image":{"@id":"https:\/\/swissgliders.ch\/de\/produkt\/skywalk-backpack-alpine\/#primaryimage"},"thumbnailUrl":"https:\/\/swissgliders.ch\/wp-content\/uploads\/2023\/08\/Skywalk_Rucksack_Alpine-1.png","datePublished":"2023-08-22T08:15:28+00:00","dateModified":"2025-01-30T11:36:26+00:00","description":"Was macht den perfekten Gleitschirm-Rucksack aus? Und was den perfekten Kletter-, Trekking- oder Expeditionsrucksack?","breadcrumb":{"@id":"https:\/\/swissgliders.ch\/de\/produkt\/skywalk-backpack-alpine\/#breadcrumb"},"inLanguage":"de","potentialAction":[{"@type":"ReadAction","target":["https:\/\/swissgliders.ch\/de\/produkt\/skywalk-backpack-alpine\/"]}]},{"@type":"ImageObject","inLanguage":"de","@id":"https:\/\/swissgliders.ch\/de\/produkt\/skywalk-backpack-alpine\/#primaryimage","url":"https:\/\/swissgliders.ch\/wp-content\/uploads\/2023\/08\/Skywalk_Rucksack_Alpine-1.png","contentUrl":"https:\/\/swissgliders.ch\/wp-content\/uploads\/2023\/08\/Skywalk_Rucksack_Alpine-1.png","width":629,"height":461,"caption":"Skywalk_Rucksack_Alpine-1"},{"@type":"BreadcrumbList","@id":"https:\/\/swissgliders.ch\/de\/produkt\/skywalk-backpack-alpine\/#breadcrumb","itemListElement":[{"@type":"ListItem","position":1,"name":"Startseite","item":"https:\/\/swissgliders.ch\/de\/willkommen\/"},{"@type":"ListItem","position":2,"name":"Gleitschirm Shop","item":"https:\/\/swissgliders.ch\/de\/gleitschirm-shop\/"},{"@type":"ListItem","position":3,"name":"Skywalk Backpack Alpine"}]},{"@type":"WebSite","@id":"https:\/\/swissgliders.ch\/de\/#website","url":"https:\/\/swissgliders.ch\/de\/","name":"Gleitschirmschule Thun, Bern, Interlaken","description":"Gleitschirmschule Thun, Bern, Interlaken","publisher":{"@id":"https:\/\/swissgliders.ch\/de\/#organization"},"potentialAction":[{"@type":"SearchAction","target":{"@type":"EntryPoint","urlTemplate":"https:\/\/swissgliders.ch\/de\/?s={search_term_string}"},"query-input":{"@type":"PropertyValueSpecification","valueRequired":true,"valueName":"search_term_string"}}],"inLanguage":"de"},{"@type":"Organization","@id":"https:\/\/swissgliders.ch\/de\/#organization","name":"Swissgliders Gleitschirmflugschule Thun","url":"https:\/\/swissgliders.ch\/de\/","logo":{"@type":"ImageObject","inLanguage":"de","@id":"https:\/\/swissgliders.ch\/de\/#\/schema\/logo\/image\/","url":"https:\/\/swissgliders.ch\/wp-content\/uploads\/2019\/12\/swissgliders-logo-rgb-square-L-no-ch-01.png","contentUrl":"https:\/\/swissgliders.ch\/wp-content\/uploads\/2019\/12\/swissgliders-logo-rgb-square-L-no-ch-01.png","width":2500,"height":2500,"caption":"Swissgliders Gleitschirmflugschule Thun"},"image":{"@id":"https:\/\/swissgliders.ch\/de\/#\/schema\/logo\/image\/"},"sameAs":["https:\/\/www.facebook.com\/swissgliders","https:\/\/x.com\/Swissgliders","https:\/\/www.instagram.com\/swissgliders\/","https:\/\/www.youtube.com\/channel\/UCMCtGdepy9vBhrhX3V_oJOA"],"hasMerchantReturnPolicy":{"@type":"MerchantReturnPolicy","merchantReturnLink":"https:\/\/swissgliders.ch\/de\/allgemeine-geschaftsbedingungen\/"}}]},"og_availability":"instock","product_availability":"instock","product_condition":"new"},"_links":{"self":[{"href":"https:\/\/swissgliders.ch\/de\/wp-json\/wp\/v2\/product\/11162","targetHints":{"allow":["GET"]}}],"collection":[{"href":"https:\/\/swissgliders.ch\/de\/wp-json\/wp\/v2\/product"}],"about":[{"href":"https:\/\/swissgliders.ch\/de\/wp-json\/wp\/v2\/types\/product"}],"replies":[{"embeddable":true,"href":"https:\/\/swissgliders.ch\/de\/wp-json\/wp\/v2\/comments?post=11162"}],"wp:featuredmedia":[{"embeddable":true,"href":"https:\/\/swissgliders.ch\/de\/wp-json\/wp\/v2\/media\/12464"}],"wp:attachment":[{"href":"https:\/\/swissgliders.ch\/de\/wp-json\/wp\/v2\/media?parent=11162"}],"wp:term":[{"taxonomy":"product_brand","embeddable":true,"href":"https:\/\/swissgliders.ch\/de\/wp-json\/wp\/v2\/product_brand?post=11162"},{"taxonomy":"product_cat","embeddable":true,"href":"https:\/\/swissgliders.ch\/de\/wp-json\/wp\/v2\/product_cat?post=11162"},{"taxonomy":"product_tag","embeddable":true,"href":"https:\/\/swissgliders.ch\/de\/wp-json\/wp\/v2\/product_tag?post=11162"}],"curies":[{"name":"wp","href":"https:\/\/api.w.org\/{rel}","templated":true}]}}