{"id":11241,"date":"2023-09-04T15:42:22","date_gmt":"2023-09-04T14:42:22","guid":{"rendered":"https:\/\/swissgliders.ch\/?post_type=product&#038;p=11241"},"modified":"2025-04-16T09:16:48","modified_gmt":"2025-04-16T08:16:48","slug":"niviuk-klimber-3-p","status":"publish","type":"product","link":"https:\/\/swissgliders.ch\/de\/produkt\/niviuk-klimber-3-p\/","title":{"rendered":"Niviuk Klimber 3 P EN-D"},"content":{"rendered":"<div>\n<div>\n<div class=\"\">\n<div>\n<div class=\"\">\n<div>\n<div>\n<div>\n<div>\n<div class=\"\">\n<div>\n<p><strong>F\u00dcR DEN WETTKAMPF GESCHAFFEN<\/strong><\/p>\n<p>Wir pr\u00e4sentieren die dritte Generation des Klimber. Durch kontinuierliche Verbesserungen haben wir unseren Zweileiner der P-Serie noch kompakter, leichter und leistungsst\u00e4rker gemacht. Unser gesamtes Wissen, unsere Technologien und Erfahrungen stecken in der Entwicklung dieses Schirms, um Piloten beim Hike &amp; Fly und Streckenfliegen zu unterst\u00fctzen, bestm\u00f6gliche Ergebnisse zu erzielen. Mit einer ausgepr\u00e4gten Wettbewerbsmentalit\u00e4t ausgestattet, entwickelt f\u00fcr die X-Alps.<\/p>\n<div class=\"aos-init aos-animate\" data-aos=\"fade-up\"><strong>XC und Hike &amp; Fly<\/strong><br \/>\nDer Klimber 3 P ist der perfekte Partner f\u00fcr Bergliebhaber. Ideal f\u00fcr erfahrene Piloten, die mit einem Ultraleichtschirm h\u00f6here Gipfel erreichen und weite Strecken zur\u00fccklegen wollen.<\/div>\n<div class=\"aos-init aos-animate\" data-aos=\"fade-up\"><strong>Hike-&amp; Fly Wettbewerbe<\/strong><br \/>\nEine Hochleistungsmaschine, perfekt f\u00fcr herausfordernde Start- und Landebedingungen. Der Schirm bleibt auch in turbulenter Luft stabil und leistungsstark. Er ist das \u00a0Racemodell der P-Serie schlechthin.<\/div>\n<div class=\"aos-init aos-animate\" data-aos=\"fade-up\"><strong>Vol-biv<\/strong><br \/>\nGehe auf \u00a0gro\u00dfe Strecken und neue Abenteuer mit einem Schirm, der sich in Bezug auf Gleitleistung und Thermikeigenschaften noch weiter verbessert hat. Die Verwendung von Nitinol erm\u00f6glicht ein kompakteres und handlicheres Packen f\u00fcr mehrt\u00e4gige Abenteuer.<\/div>\n<\/div>\n<\/div>\n<\/div>\n<\/div>\n<\/div>\n<\/div>\n<\/div>\n<\/div>\n<\/div>\n<\/div>\n<\/div>\n<p>Weiter <a href=\"https:\/\/niviuk.com\/de\/klimber-3-p\" target=\"_blank\" rel=\"noopener\">Infos<\/a><\/p>\n<p>Lieferfrist ca. 7 Tage<\/p>\n","protected":false},"excerpt":{"rendered":"<div>\n<div>\n<div class=\"\">\n<div>\n<div class=\"\">\n<div>\n<div>\n<div>\n<div>\n<div class=\"\">\n<div>\n<p><strong>F\u00dcR DEN WETTKAMPF GESCHAFFEN<\/strong><\/p>\n<p>Wir pr\u00e4sentieren die dritte Generation des Klimber. Durch kontinuierliche Verbesserungen haben wir unseren Zweileiner der P-Serie noch kompakter, leichter und leistungsst\u00e4rker gemacht. Unser gesamtes Wissen, unsere Technologien und Erfahrungen stecken in der Entwicklung dieses Schirms, um Piloten beim Hike &amp; Fly und Streckenfliegen zu unterst\u00fctzen, bestm\u00f6gliche Ergebnisse zu erzielen. Mit einer ausgepr\u00e4gten Wettbewerbsmentalit\u00e4t ausgestattet, entwickelt f\u00fcr die X-Alps.<\/p>\n<div class=\"aos-init aos-animate\" data-aos=\"fade-up\"><strong>XC und Hike &amp; Fly<\/strong><br \/>\nDer Klimber 3 P ist der perfekte Partner f\u00fcr Bergliebhaber. Ideal f\u00fcr erfahrene Piloten, die mit einem Ultraleichtschirm h\u00f6here Gipfel erreichen und weite Strecken zur\u00fccklegen wollen.<\/div>\n<div class=\"aos-init aos-animate\" data-aos=\"fade-up\"><strong>Hike-&amp; Fly Wettbewerbe<\/strong><br \/>\nEine Hochleistungsmaschine, perfekt f\u00fcr herausfordernde Start- und Landebedingungen. Der Schirm bleibt auch in turbulenter Luft stabil und leistungsstark. Er ist das \u00a0Racemodell der P-Serie schlechthin.<\/div>\n<div class=\"aos-init aos-animate\" data-aos=\"fade-up\"><strong>Vol-biv<\/strong><br \/>\nGehe auf \u00a0gro\u00dfe Strecken und neue Abenteuer mit einem Schirm, der sich in Bezug auf Gleitleistung und Thermikeigenschaften noch weiter verbessert hat. Die Verwendung von Nitinol erm\u00f6glicht ein kompakteres und handlicheres Packen f\u00fcr mehrt\u00e4gige Abenteuer.<\/div>\n<\/div>\n<\/div>\n<\/div>\n<\/div>\n<\/div>\n<\/div>\n<\/div>\n<\/div>\n<\/div>\n<\/div>\n<\/div>\n<p>Weiter <a href=\"https:\/\/niviuk.com\/de\/klimber-3-p\" target=\"_blank\" rel=\"noopener\">Infos<\/a><\/p>\n<p>Lieferfrist ca. 7 Tage<\/p>\n","protected":false},"featured_media":11246,"comment_status":"closed","ping_status":"closed","template":"","meta":[],"product_brand":[],"product_cat":[86,1293],"product_tag":[917,2353],"class_list":{"0":"post-11241","1":"product","2":"type-product","3":"status-publish","4":"has-post-thumbnail","6":"product_cat-gleitschirme","7":"product_cat-leichte-gleitschirme","8":"product_tag-gleitschirm","9":"product_tag-leichtschirm-verkaufsartikel","10":"product_shipping_class-priority-10kg-de","12":"first","13":"instock","14":"sale","15":"shipping-taxable","16":"purchasable","17":"product-type-variable"},"yoast_head":"<!-- This site is optimized with the Yoast SEO Premium plugin v26.1 (Yoast SEO v27.3) - https:\/\/yoast.com\/product\/yoast-seo-premium-wordpress\/ -->\n<title>Niviuk Klimber 3 P EN-D | Gleitschirmschule Thun, Bern, Interlaken<\/title>\n<meta name=\"description\" content=\"Wir pr\u00e4sentieren die dritte Generation des Klimber. Durch kontinuierliche Verbesserungen haben wir unseren Zweileiner der P-Serie noch kompakter, leichter und leistungsst\u00e4rker gemacht. Unser gesamtes Wissen, unsere Technologien und Erfahrungen stecken in der Entwicklung dieses Schirms, um Piloten beim Hike &amp; Fly und Streckenfliegen zu unterst\u00fctzen, bestm\u00f6gliche Ergebnisse zu erzielen. Mit einer ausgepr\u00e4gten Wettbewerbsmentalit\u00e4t ausgestattet, entwickelt f\u00fcr die X-Alps.\" \/>\n<meta name=\"robots\" content=\"index, follow, max-snippet:-1, max-image-preview:large, max-video-preview:-1\" \/>\n<link rel=\"canonical\" href=\"https:\/\/swissgliders.ch\/de\/produkt\/niviuk-klimber-3-p\/\" \/>\n<meta property=\"og:locale\" content=\"de_DE\" \/>\n<meta property=\"og:type\" content=\"article\" \/>\n<meta property=\"og:title\" content=\"Niviuk Klimber 3 P EN-D\" \/>\n<meta property=\"og:description\" content=\"Wir pr\u00e4sentieren die dritte Generation des Klimber. Durch kontinuierliche Verbesserungen haben wir unseren Zweileiner der P-Serie noch kompakter, leichter und leistungsst\u00e4rker gemacht. Unser gesamtes Wissen, unsere Technologien und Erfahrungen stecken in der Entwicklung dieses Schirms, um Piloten beim Hike &amp; Fly und Streckenfliegen zu unterst\u00fctzen, bestm\u00f6gliche Ergebnisse zu erzielen. Mit einer ausgepr\u00e4gten Wettbewerbsmentalit\u00e4t ausgestattet, entwickelt f\u00fcr die X-Alps.\" \/>\n<meta property=\"og:url\" content=\"https:\/\/swissgliders.ch\/de\/produkt\/niviuk-klimber-3-p\/\" \/>\n<meta property=\"og:site_name\" content=\"Gleitschirmschule Thun, Bern, Interlaken\" \/>\n<meta property=\"article:publisher\" content=\"https:\/\/www.facebook.com\/swissgliders\" \/>\n<meta property=\"article:modified_time\" content=\"2025-04-16T08:16:48+00:00\" \/>\n<meta property=\"og:image\" content=\"https:\/\/swissgliders.ch\/wp-content\/uploads\/2023\/09\/Niviuk_Gleitschirm_Klimber3P-1.png\" \/>\n\t<meta property=\"og:image:width\" content=\"900\" \/>\n\t<meta property=\"og:image:height\" content=\"900\" \/>\n\t<meta property=\"og:image:type\" content=\"image\/png\" \/>\n<meta name=\"twitter:card\" content=\"summary_large_image\" \/>\n<meta name=\"twitter:site\" content=\"@Swissgliders\" \/>\n<meta name=\"twitter:label1\" content=\"Verf\u00fcgbarkeit\" \/>\n\t<meta name=\"twitter:data1\" content=\"Auf Lager\" \/>\n<script type=\"application\/ld+json\" class=\"yoast-schema-graph\">{\"@context\":\"https:\\\/\\\/schema.org\",\"@graph\":[{\"@type\":\"WebPage\",\"@id\":\"https:\\\/\\\/swissgliders.ch\\\/de\\\/produkt\\\/niviuk-klimber-3-p\\\/\",\"url\":\"https:\\\/\\\/swissgliders.ch\\\/de\\\/produkt\\\/niviuk-klimber-3-p\\\/\",\"name\":\"Niviuk Klimber 3 P EN-D | Gleitschirmschule Thun, Bern, Interlaken\",\"isPartOf\":{\"@id\":\"https:\\\/\\\/swissgliders.ch\\\/de\\\/#website\"},\"primaryImageOfPage\":{\"@id\":\"https:\\\/\\\/swissgliders.ch\\\/de\\\/produkt\\\/niviuk-klimber-3-p\\\/#primaryimage\"},\"image\":{\"@id\":\"https:\\\/\\\/swissgliders.ch\\\/de\\\/produkt\\\/niviuk-klimber-3-p\\\/#primaryimage\"},\"thumbnailUrl\":\"https:\\\/\\\/swissgliders.ch\\\/wp-content\\\/uploads\\\/2023\\\/09\\\/Niviuk_Gleitschirm_Klimber3P-1.png\",\"datePublished\":\"2023-09-04T14:42:22+00:00\",\"dateModified\":\"2025-04-16T08:16:48+00:00\",\"description\":\"Wir pr\u00e4sentieren die dritte Generation des Klimber. Durch kontinuierliche Verbesserungen haben wir unseren Zweileiner der P-Serie noch kompakter, leichter und leistungsst\u00e4rker gemacht. Unser gesamtes Wissen, unsere Technologien und Erfahrungen stecken in der Entwicklung dieses Schirms, um Piloten beim Hike & Fly und Streckenfliegen zu unterst\u00fctzen, bestm\u00f6gliche Ergebnisse zu erzielen. Mit einer ausgepr\u00e4gten Wettbewerbsmentalit\u00e4t ausgestattet, entwickelt f\u00fcr die X-Alps.\",\"breadcrumb\":{\"@id\":\"https:\\\/\\\/swissgliders.ch\\\/de\\\/produkt\\\/niviuk-klimber-3-p\\\/#breadcrumb\"},\"inLanguage\":\"de\",\"potentialAction\":[{\"@type\":\"ReadAction\",\"target\":[\"https:\\\/\\\/swissgliders.ch\\\/de\\\/produkt\\\/niviuk-klimber-3-p\\\/\"]}]},{\"@type\":\"ImageObject\",\"inLanguage\":\"de\",\"@id\":\"https:\\\/\\\/swissgliders.ch\\\/de\\\/produkt\\\/niviuk-klimber-3-p\\\/#primaryimage\",\"url\":\"https:\\\/\\\/swissgliders.ch\\\/wp-content\\\/uploads\\\/2023\\\/09\\\/Niviuk_Gleitschirm_Klimber3P-1.png\",\"contentUrl\":\"https:\\\/\\\/swissgliders.ch\\\/wp-content\\\/uploads\\\/2023\\\/09\\\/Niviuk_Gleitschirm_Klimber3P-1.png\",\"width\":900,\"height\":900,\"caption\":\"Niviuk_Gleitschirm_Klimber3P-1\"},{\"@type\":\"BreadcrumbList\",\"@id\":\"https:\\\/\\\/swissgliders.ch\\\/de\\\/produkt\\\/niviuk-klimber-3-p\\\/#breadcrumb\",\"itemListElement\":[{\"@type\":\"ListItem\",\"position\":1,\"name\":\"Startseite\",\"item\":\"https:\\\/\\\/swissgliders.ch\\\/de\\\/willkommen\\\/\"},{\"@type\":\"ListItem\",\"position\":2,\"name\":\"Gleitschirm Shop\",\"item\":\"https:\\\/\\\/swissgliders.ch\\\/de\\\/gleitschirm-shop\\\/\"},{\"@type\":\"ListItem\",\"position\":3,\"name\":\"Niviuk Klimber 3 P EN-D\"}]},{\"@type\":\"WebSite\",\"@id\":\"https:\\\/\\\/swissgliders.ch\\\/de\\\/#website\",\"url\":\"https:\\\/\\\/swissgliders.ch\\\/de\\\/\",\"name\":\"Gleitschirmschule Thun, Bern, Interlaken\",\"description\":\"Gleitschirmschule Thun, Bern, Interlaken\",\"publisher\":{\"@id\":\"https:\\\/\\\/swissgliders.ch\\\/de\\\/#organization\"},\"potentialAction\":[{\"@type\":\"SearchAction\",\"target\":{\"@type\":\"EntryPoint\",\"urlTemplate\":\"https:\\\/\\\/swissgliders.ch\\\/de\\\/?s={search_term_string}\"},\"query-input\":{\"@type\":\"PropertyValueSpecification\",\"valueRequired\":true,\"valueName\":\"search_term_string\"}}],\"inLanguage\":\"de\"},{\"@type\":\"Organization\",\"@id\":\"https:\\\/\\\/swissgliders.ch\\\/de\\\/#organization\",\"name\":\"Swissgliders Gleitschirmflugschule Thun\",\"url\":\"https:\\\/\\\/swissgliders.ch\\\/de\\\/\",\"logo\":{\"@type\":\"ImageObject\",\"inLanguage\":\"de\",\"@id\":\"https:\\\/\\\/swissgliders.ch\\\/de\\\/#\\\/schema\\\/logo\\\/image\\\/\",\"url\":\"https:\\\/\\\/swissgliders.ch\\\/wp-content\\\/uploads\\\/2019\\\/12\\\/swissgliders-logo-rgb-square-L-no-ch-01.png\",\"contentUrl\":\"https:\\\/\\\/swissgliders.ch\\\/wp-content\\\/uploads\\\/2019\\\/12\\\/swissgliders-logo-rgb-square-L-no-ch-01.png\",\"width\":2500,\"height\":2500,\"caption\":\"Swissgliders Gleitschirmflugschule Thun\"},\"image\":{\"@id\":\"https:\\\/\\\/swissgliders.ch\\\/de\\\/#\\\/schema\\\/logo\\\/image\\\/\"},\"sameAs\":[\"https:\\\/\\\/www.facebook.com\\\/swissgliders\",\"https:\\\/\\\/x.com\\\/Swissgliders\",\"https:\\\/\\\/www.instagram.com\\\/swissgliders\\\/\",\"https:\\\/\\\/www.youtube.com\\\/channel\\\/UCMCtGdepy9vBhrhX3V_oJOA\"],\"hasMerchantReturnPolicy\":{\"@type\":\"MerchantReturnPolicy\",\"merchantReturnLink\":\"https:\\\/\\\/swissgliders.ch\\\/de\\\/allgemeine-geschaftsbedingungen\\\/\"}}]}<\/script>\n<meta property=\"og:availability\" content=\"instock\" \/>\n<meta property=\"product:availability\" content=\"instock\" \/>\n<meta property=\"product:retailer_item_id\" content=\"niviuk-kode-p-1-1-1-2-2\" \/>\n<meta property=\"product:condition\" content=\"new\" \/>\n<!-- \/ Yoast SEO Premium plugin. -->","yoast_head_json":{"title":"Niviuk Klimber 3 P EN-D | Gleitschirmschule Thun, Bern, Interlaken","description":"Wir pr\u00e4sentieren die dritte Generation des Klimber. Durch kontinuierliche Verbesserungen haben wir unseren Zweileiner der P-Serie noch kompakter, leichter und leistungsst\u00e4rker gemacht. Unser gesamtes Wissen, unsere Technologien und Erfahrungen stecken in der Entwicklung dieses Schirms, um Piloten beim Hike & Fly und Streckenfliegen zu unterst\u00fctzen, bestm\u00f6gliche Ergebnisse zu erzielen. Mit einer ausgepr\u00e4gten Wettbewerbsmentalit\u00e4t ausgestattet, entwickelt f\u00fcr die X-Alps.","robots":{"index":"index","follow":"follow","max-snippet":"max-snippet:-1","max-image-preview":"max-image-preview:large","max-video-preview":"max-video-preview:-1"},"canonical":"https:\/\/swissgliders.ch\/de\/produkt\/niviuk-klimber-3-p\/","og_locale":"de_DE","og_type":"article","og_title":"Niviuk Klimber 3 P EN-D","og_description":"Wir pr\u00e4sentieren die dritte Generation des Klimber. Durch kontinuierliche Verbesserungen haben wir unseren Zweileiner der P-Serie noch kompakter, leichter und leistungsst\u00e4rker gemacht. Unser gesamtes Wissen, unsere Technologien und Erfahrungen stecken in der Entwicklung dieses Schirms, um Piloten beim Hike & Fly und Streckenfliegen zu unterst\u00fctzen, bestm\u00f6gliche Ergebnisse zu erzielen. Mit einer ausgepr\u00e4gten Wettbewerbsmentalit\u00e4t ausgestattet, entwickelt f\u00fcr die X-Alps.","og_url":"https:\/\/swissgliders.ch\/de\/produkt\/niviuk-klimber-3-p\/","og_site_name":"Gleitschirmschule Thun, Bern, Interlaken","article_publisher":"https:\/\/www.facebook.com\/swissgliders","article_modified_time":"2025-04-16T08:16:48+00:00","og_image":[{"width":900,"height":900,"url":"https:\/\/swissgliders.ch\/wp-content\/uploads\/2023\/09\/Niviuk_Gleitschirm_Klimber3P-1.png","type":"image\/png"}],"twitter_card":"summary_large_image","twitter_site":"@Swissgliders","twitter_misc":{"Verf\u00fcgbarkeit":"Auf Lager"},"schema":{"@context":"https:\/\/schema.org","@graph":[{"@type":"WebPage","@id":"https:\/\/swissgliders.ch\/de\/produkt\/niviuk-klimber-3-p\/","url":"https:\/\/swissgliders.ch\/de\/produkt\/niviuk-klimber-3-p\/","name":"Niviuk Klimber 3 P EN-D | Gleitschirmschule Thun, Bern, Interlaken","isPartOf":{"@id":"https:\/\/swissgliders.ch\/de\/#website"},"primaryImageOfPage":{"@id":"https:\/\/swissgliders.ch\/de\/produkt\/niviuk-klimber-3-p\/#primaryimage"},"image":{"@id":"https:\/\/swissgliders.ch\/de\/produkt\/niviuk-klimber-3-p\/#primaryimage"},"thumbnailUrl":"https:\/\/swissgliders.ch\/wp-content\/uploads\/2023\/09\/Niviuk_Gleitschirm_Klimber3P-1.png","datePublished":"2023-09-04T14:42:22+00:00","dateModified":"2025-04-16T08:16:48+00:00","description":"Wir pr\u00e4sentieren die dritte Generation des Klimber. Durch kontinuierliche Verbesserungen haben wir unseren Zweileiner der P-Serie noch kompakter, leichter und leistungsst\u00e4rker gemacht. Unser gesamtes Wissen, unsere Technologien und Erfahrungen stecken in der Entwicklung dieses Schirms, um Piloten beim Hike & Fly und Streckenfliegen zu unterst\u00fctzen, bestm\u00f6gliche Ergebnisse zu erzielen. Mit einer ausgepr\u00e4gten Wettbewerbsmentalit\u00e4t ausgestattet, entwickelt f\u00fcr die X-Alps.","breadcrumb":{"@id":"https:\/\/swissgliders.ch\/de\/produkt\/niviuk-klimber-3-p\/#breadcrumb"},"inLanguage":"de","potentialAction":[{"@type":"ReadAction","target":["https:\/\/swissgliders.ch\/de\/produkt\/niviuk-klimber-3-p\/"]}]},{"@type":"ImageObject","inLanguage":"de","@id":"https:\/\/swissgliders.ch\/de\/produkt\/niviuk-klimber-3-p\/#primaryimage","url":"https:\/\/swissgliders.ch\/wp-content\/uploads\/2023\/09\/Niviuk_Gleitschirm_Klimber3P-1.png","contentUrl":"https:\/\/swissgliders.ch\/wp-content\/uploads\/2023\/09\/Niviuk_Gleitschirm_Klimber3P-1.png","width":900,"height":900,"caption":"Niviuk_Gleitschirm_Klimber3P-1"},{"@type":"BreadcrumbList","@id":"https:\/\/swissgliders.ch\/de\/produkt\/niviuk-klimber-3-p\/#breadcrumb","itemListElement":[{"@type":"ListItem","position":1,"name":"Startseite","item":"https:\/\/swissgliders.ch\/de\/willkommen\/"},{"@type":"ListItem","position":2,"name":"Gleitschirm Shop","item":"https:\/\/swissgliders.ch\/de\/gleitschirm-shop\/"},{"@type":"ListItem","position":3,"name":"Niviuk Klimber 3 P EN-D"}]},{"@type":"WebSite","@id":"https:\/\/swissgliders.ch\/de\/#website","url":"https:\/\/swissgliders.ch\/de\/","name":"Gleitschirmschule Thun, Bern, Interlaken","description":"Gleitschirmschule Thun, Bern, Interlaken","publisher":{"@id":"https:\/\/swissgliders.ch\/de\/#organization"},"potentialAction":[{"@type":"SearchAction","target":{"@type":"EntryPoint","urlTemplate":"https:\/\/swissgliders.ch\/de\/?s={search_term_string}"},"query-input":{"@type":"PropertyValueSpecification","valueRequired":true,"valueName":"search_term_string"}}],"inLanguage":"de"},{"@type":"Organization","@id":"https:\/\/swissgliders.ch\/de\/#organization","name":"Swissgliders Gleitschirmflugschule Thun","url":"https:\/\/swissgliders.ch\/de\/","logo":{"@type":"ImageObject","inLanguage":"de","@id":"https:\/\/swissgliders.ch\/de\/#\/schema\/logo\/image\/","url":"https:\/\/swissgliders.ch\/wp-content\/uploads\/2019\/12\/swissgliders-logo-rgb-square-L-no-ch-01.png","contentUrl":"https:\/\/swissgliders.ch\/wp-content\/uploads\/2019\/12\/swissgliders-logo-rgb-square-L-no-ch-01.png","width":2500,"height":2500,"caption":"Swissgliders Gleitschirmflugschule Thun"},"image":{"@id":"https:\/\/swissgliders.ch\/de\/#\/schema\/logo\/image\/"},"sameAs":["https:\/\/www.facebook.com\/swissgliders","https:\/\/x.com\/Swissgliders","https:\/\/www.instagram.com\/swissgliders\/","https:\/\/www.youtube.com\/channel\/UCMCtGdepy9vBhrhX3V_oJOA"],"hasMerchantReturnPolicy":{"@type":"MerchantReturnPolicy","merchantReturnLink":"https:\/\/swissgliders.ch\/de\/allgemeine-geschaftsbedingungen\/"}}]},"og_availability":"instock","product_availability":"instock","product_retailer_item_id":"niviuk-kode-p-1-1-1-2-2","product_condition":"new"},"_links":{"self":[{"href":"https:\/\/swissgliders.ch\/de\/wp-json\/wp\/v2\/product\/11241","targetHints":{"allow":["GET"]}}],"collection":[{"href":"https:\/\/swissgliders.ch\/de\/wp-json\/wp\/v2\/product"}],"about":[{"href":"https:\/\/swissgliders.ch\/de\/wp-json\/wp\/v2\/types\/product"}],"replies":[{"embeddable":true,"href":"https:\/\/swissgliders.ch\/de\/wp-json\/wp\/v2\/comments?post=11241"}],"wp:featuredmedia":[{"embeddable":true,"href":"https:\/\/swissgliders.ch\/de\/wp-json\/wp\/v2\/media\/11246"}],"wp:attachment":[{"href":"https:\/\/swissgliders.ch\/de\/wp-json\/wp\/v2\/media?parent=11241"}],"wp:term":[{"taxonomy":"product_brand","embeddable":true,"href":"https:\/\/swissgliders.ch\/de\/wp-json\/wp\/v2\/product_brand?post=11241"},{"taxonomy":"product_cat","embeddable":true,"href":"https:\/\/swissgliders.ch\/de\/wp-json\/wp\/v2\/product_cat?post=11241"},{"taxonomy":"product_tag","embeddable":true,"href":"https:\/\/swissgliders.ch\/de\/wp-json\/wp\/v2\/product_tag?post=11241"}],"curies":[{"name":"wp","href":"https:\/\/api.w.org\/{rel}","templated":true}]}}