{"id":11302,"date":"2023-09-14T15:18:57","date_gmt":"2023-09-14T14:18:57","guid":{"rendered":"https:\/\/swissgliders.ch\/?post_type=product&#038;p=11302"},"modified":"2023-09-14T15:25:24","modified_gmt":"2023-09-14T14:25:24","slug":"xc-tracer-remote-control","status":"publish","type":"product","link":"https:\/\/swissgliders.ch\/de\/produkt\/xc-tracer-remote-control\/","title":{"rendered":"XC Tracer Remote Control"},"content":{"rendered":"<p class=\"font_8 wixui-rich-text__text\"><span class=\"wixui-rich-text__text\">Mit der Fernsteuerung kannst du den XC Tracer Maxx bedienen, ohne dass du die Bremsen loslassen musst. Die Funktionalit\u00e4t ist dieselbe wie beim roten Knopf vom Maxx. Der einzige Unterschied ist, dass Doppelklick (\u00c4nderung der Lautst\u00e4rke) nicht unterst\u00fctzt wird, und Ausschalten kannst du den Maxx mit der RC auch nicht.<\/span><\/p>\n<p class=\"font_8 wixui-rich-text__text\"><span class=\"wixui-rich-text__text\">Parallel zur Remote Control kann der XC Tracer Maxx \u00fcber BLE Daten auf ein Handy, Tablet oder E-Reader \u00fcbertragen.<\/span><\/p>\n<p><a href=\"https:\/\/www.xctracer.com\/xc-tracer-remote-control\" target=\"_blank\" rel=\"noopener\">Mehr Infos<\/a><\/p>\n<p>Lieferfrist ca. 3 Tage<\/p>\n","protected":false},"excerpt":{"rendered":"<p class=\"font_8 wixui-rich-text__text\"><span class=\"wixui-rich-text__text\">Mit der Fernsteuerung kannst du den XC Tracer Maxx bedienen, ohne dass du die Bremsen loslassen musst. Die Funktionalit\u00e4t ist dieselbe wie beim roten Knopf vom Maxx. Der einzige Unterschied ist, dass Doppelklick (\u00c4nderung der Lautst\u00e4rke) nicht unterst\u00fctzt wird, und Ausschalten kannst du den Maxx mit der RC auch nicht.<\/span><\/p>\n<p class=\"font_8 wixui-rich-text__text\"><span class=\"wixui-rich-text__text\">Parallel zur Remote Control kann der XC Tracer Maxx \u00fcber BLE Daten auf ein Handy, Tablet oder E-Reader \u00fcbertragen.<\/span><\/p>\n<p><a href=\"https:\/\/www.xctracer.com\/xc-tracer-remote-control\" target=\"_blank\" rel=\"noopener\">Mehr Infos<\/a><\/p>\n<p>Lieferfrist ca. 3 Tage<\/p>\n","protected":false},"featured_media":11305,"comment_status":"closed","ping_status":"closed","template":"","meta":[],"product_brand":[],"product_cat":[402],"product_tag":[1545,410],"class_list":{"0":"post-11302","1":"product","2":"type-product","3":"status-publish","4":"has-post-thumbnail","6":"product_cat-gleitschirm-zubehoer","7":"product_tag-vario","8":"product_tag-zubehoer","9":"product_shipping_class-priority-2kg-de","11":"first","12":"instock","13":"shipping-taxable","14":"purchasable","15":"product-type-simple"},"yoast_head":"<!-- This site is optimized with the Yoast SEO Premium plugin v26.1 (Yoast SEO v27.3) - https:\/\/yoast.com\/product\/yoast-seo-premium-wordpress\/ -->\n<title>XC Tracer Remote Control | Gleitschirmschule Thun, Bern, Interlaken<\/title>\n<meta name=\"description\" content=\"Mit der Fernsteuerung kannst du den XC Tracer Maxx bedienen, ohne dass du die Bremsen loslassen musst. Die Funktionalit\u00e4t ist dieselbe wie beim roten Knopf vom Maxx. Der einzige Unterschied ist, dass Doppelklick (\u00c4nderung der Lautst\u00e4rke) nicht unterst\u00fctzt wird, und Ausschalten kannst du den Maxx mit der RC auch nicht.Parallel zur Remote Control kann der XC Tracer Maxx \u00fcber BLE Daten auf ein Handy, Tablet oder E-Reader \u00fcbertragen.\" \/>\n<meta name=\"robots\" content=\"index, follow, max-snippet:-1, max-image-preview:large, max-video-preview:-1\" \/>\n<link rel=\"canonical\" href=\"https:\/\/swissgliders.ch\/de\/produkt\/xc-tracer-remote-control\/\" \/>\n<meta property=\"og:locale\" content=\"de_DE\" \/>\n<meta property=\"og:type\" content=\"article\" \/>\n<meta property=\"og:title\" content=\"XC Tracer Remote Control\" \/>\n<meta property=\"og:description\" content=\"Mit der Fernsteuerung kannst du den XC Tracer Maxx bedienen, ohne dass du die Bremsen loslassen musst. Die Funktionalit\u00e4t ist dieselbe wie beim roten Knopf vom Maxx. Der einzige Unterschied ist, dass Doppelklick (\u00c4nderung der Lautst\u00e4rke) nicht unterst\u00fctzt wird, und Ausschalten kannst du den Maxx mit der RC auch nicht.Parallel zur Remote Control kann der XC Tracer Maxx \u00fcber BLE Daten auf ein Handy, Tablet oder E-Reader \u00fcbertragen.\" \/>\n<meta property=\"og:url\" content=\"https:\/\/swissgliders.ch\/de\/produkt\/xc-tracer-remote-control\/\" \/>\n<meta property=\"og:site_name\" content=\"Gleitschirmschule Thun, Bern, Interlaken\" \/>\n<meta property=\"article:publisher\" content=\"https:\/\/www.facebook.com\/swissgliders\" \/>\n<meta property=\"article:modified_time\" content=\"2023-09-14T14:25:24+00:00\" \/>\n<meta property=\"og:image\" content=\"https:\/\/swissgliders.ch\/wp-content\/uploads\/2023\/09\/XC-Tracer-Remote-Control-1.jpg\" \/>\n\t<meta property=\"og:image:width\" content=\"750\" \/>\n\t<meta property=\"og:image:height\" content=\"750\" \/>\n\t<meta property=\"og:image:type\" content=\"image\/jpeg\" \/>\n<meta name=\"twitter:card\" content=\"summary_large_image\" \/>\n<meta name=\"twitter:site\" content=\"@Swissgliders\" \/>\n<meta name=\"twitter:label1\" content=\"Preis\" \/>\n\t<meta name=\"twitter:data1\" content=\"&#067;&#072;&#070;&nbsp;89.00\" \/>\n\t<meta name=\"twitter:label2\" content=\"Verf\u00fcgbarkeit\" \/>\n\t<meta name=\"twitter:data2\" content=\"Auf Lager\" \/>\n<script type=\"application\/ld+json\" class=\"yoast-schema-graph\">{\"@context\":\"https:\\\/\\\/schema.org\",\"@graph\":[{\"@type\":\"WebPage\",\"@id\":\"https:\\\/\\\/swissgliders.ch\\\/de\\\/produkt\\\/xc-tracer-remote-control\\\/\",\"url\":\"https:\\\/\\\/swissgliders.ch\\\/de\\\/produkt\\\/xc-tracer-remote-control\\\/\",\"name\":\"XC Tracer Remote Control | Gleitschirmschule Thun, Bern, Interlaken\",\"isPartOf\":{\"@id\":\"https:\\\/\\\/swissgliders.ch\\\/de\\\/#website\"},\"primaryImageOfPage\":{\"@id\":\"https:\\\/\\\/swissgliders.ch\\\/de\\\/produkt\\\/xc-tracer-remote-control\\\/#primaryimage\"},\"image\":{\"@id\":\"https:\\\/\\\/swissgliders.ch\\\/de\\\/produkt\\\/xc-tracer-remote-control\\\/#primaryimage\"},\"thumbnailUrl\":\"https:\\\/\\\/swissgliders.ch\\\/wp-content\\\/uploads\\\/2023\\\/09\\\/XC-Tracer-Remote-Control-1.jpg\",\"datePublished\":\"2023-09-14T14:18:57+00:00\",\"dateModified\":\"2023-09-14T14:25:24+00:00\",\"description\":\"Mit der Fernsteuerung kannst du den XC Tracer Maxx bedienen, ohne dass du die Bremsen loslassen musst. Die Funktionalit\u00e4t ist dieselbe wie beim roten Knopf vom Maxx. Der einzige Unterschied ist, dass Doppelklick (\u00c4nderung der Lautst\u00e4rke) nicht unterst\u00fctzt wird, und Ausschalten kannst du den Maxx mit der RC auch nicht.Parallel zur Remote Control kann der XC Tracer Maxx \u00fcber BLE Daten auf ein Handy, Tablet oder E-Reader \u00fcbertragen.\",\"breadcrumb\":{\"@id\":\"https:\\\/\\\/swissgliders.ch\\\/de\\\/produkt\\\/xc-tracer-remote-control\\\/#breadcrumb\"},\"inLanguage\":\"de\",\"potentialAction\":[{\"@type\":\"ReadAction\",\"target\":[\"https:\\\/\\\/swissgliders.ch\\\/de\\\/produkt\\\/xc-tracer-remote-control\\\/\"]}]},{\"@type\":\"ImageObject\",\"inLanguage\":\"de\",\"@id\":\"https:\\\/\\\/swissgliders.ch\\\/de\\\/produkt\\\/xc-tracer-remote-control\\\/#primaryimage\",\"url\":\"https:\\\/\\\/swissgliders.ch\\\/wp-content\\\/uploads\\\/2023\\\/09\\\/XC-Tracer-Remote-Control-1.jpg\",\"contentUrl\":\"https:\\\/\\\/swissgliders.ch\\\/wp-content\\\/uploads\\\/2023\\\/09\\\/XC-Tracer-Remote-Control-1.jpg\",\"width\":750,\"height\":750,\"caption\":\"XC-Tracer-Remote-Control-1\"},{\"@type\":\"BreadcrumbList\",\"@id\":\"https:\\\/\\\/swissgliders.ch\\\/de\\\/produkt\\\/xc-tracer-remote-control\\\/#breadcrumb\",\"itemListElement\":[{\"@type\":\"ListItem\",\"position\":1,\"name\":\"Startseite\",\"item\":\"https:\\\/\\\/swissgliders.ch\\\/de\\\/willkommen\\\/\"},{\"@type\":\"ListItem\",\"position\":2,\"name\":\"Gleitschirm Shop\",\"item\":\"https:\\\/\\\/swissgliders.ch\\\/de\\\/gleitschirm-shop\\\/\"},{\"@type\":\"ListItem\",\"position\":3,\"name\":\"XC Tracer Remote Control\"}]},{\"@type\":\"WebSite\",\"@id\":\"https:\\\/\\\/swissgliders.ch\\\/de\\\/#website\",\"url\":\"https:\\\/\\\/swissgliders.ch\\\/de\\\/\",\"name\":\"Gleitschirmschule Thun, Bern, Interlaken\",\"description\":\"Gleitschirmschule Thun, Bern, Interlaken\",\"publisher\":{\"@id\":\"https:\\\/\\\/swissgliders.ch\\\/de\\\/#organization\"},\"potentialAction\":[{\"@type\":\"SearchAction\",\"target\":{\"@type\":\"EntryPoint\",\"urlTemplate\":\"https:\\\/\\\/swissgliders.ch\\\/de\\\/?s={search_term_string}\"},\"query-input\":{\"@type\":\"PropertyValueSpecification\",\"valueRequired\":true,\"valueName\":\"search_term_string\"}}],\"inLanguage\":\"de\"},{\"@type\":\"Organization\",\"@id\":\"https:\\\/\\\/swissgliders.ch\\\/de\\\/#organization\",\"name\":\"Swissgliders Gleitschirmflugschule Thun\",\"url\":\"https:\\\/\\\/swissgliders.ch\\\/de\\\/\",\"logo\":{\"@type\":\"ImageObject\",\"inLanguage\":\"de\",\"@id\":\"https:\\\/\\\/swissgliders.ch\\\/de\\\/#\\\/schema\\\/logo\\\/image\\\/\",\"url\":\"https:\\\/\\\/swissgliders.ch\\\/wp-content\\\/uploads\\\/2019\\\/12\\\/swissgliders-logo-rgb-square-L-no-ch-01.png\",\"contentUrl\":\"https:\\\/\\\/swissgliders.ch\\\/wp-content\\\/uploads\\\/2019\\\/12\\\/swissgliders-logo-rgb-square-L-no-ch-01.png\",\"width\":2500,\"height\":2500,\"caption\":\"Swissgliders Gleitschirmflugschule Thun\"},\"image\":{\"@id\":\"https:\\\/\\\/swissgliders.ch\\\/de\\\/#\\\/schema\\\/logo\\\/image\\\/\"},\"sameAs\":[\"https:\\\/\\\/www.facebook.com\\\/swissgliders\",\"https:\\\/\\\/x.com\\\/Swissgliders\",\"https:\\\/\\\/www.instagram.com\\\/swissgliders\\\/\",\"https:\\\/\\\/www.youtube.com\\\/channel\\\/UCMCtGdepy9vBhrhX3V_oJOA\"],\"hasMerchantReturnPolicy\":{\"@type\":\"MerchantReturnPolicy\",\"merchantReturnLink\":\"https:\\\/\\\/swissgliders.ch\\\/de\\\/allgemeine-geschaftsbedingungen\\\/\"}}]}<\/script>\n<meta property=\"product:price:amount\" content=\"89.00\" \/>\n<meta property=\"product:price:currency\" content=\"CHF\" \/>\n<meta property=\"og:availability\" content=\"instock\" \/>\n<meta property=\"product:availability\" content=\"instock\" \/>\n<meta property=\"product:condition\" content=\"new\" \/>\n<!-- \/ Yoast SEO Premium plugin. -->","yoast_head_json":{"title":"XC Tracer Remote Control | Gleitschirmschule Thun, Bern, Interlaken","description":"Mit der Fernsteuerung kannst du den XC Tracer Maxx bedienen, ohne dass du die Bremsen loslassen musst. Die Funktionalit\u00e4t ist dieselbe wie beim roten Knopf vom Maxx. Der einzige Unterschied ist, dass Doppelklick (\u00c4nderung der Lautst\u00e4rke) nicht unterst\u00fctzt wird, und Ausschalten kannst du den Maxx mit der RC auch nicht.Parallel zur Remote Control kann der XC Tracer Maxx \u00fcber BLE Daten auf ein Handy, Tablet oder E-Reader \u00fcbertragen.","robots":{"index":"index","follow":"follow","max-snippet":"max-snippet:-1","max-image-preview":"max-image-preview:large","max-video-preview":"max-video-preview:-1"},"canonical":"https:\/\/swissgliders.ch\/de\/produkt\/xc-tracer-remote-control\/","og_locale":"de_DE","og_type":"article","og_title":"XC Tracer Remote Control","og_description":"Mit der Fernsteuerung kannst du den XC Tracer Maxx bedienen, ohne dass du die Bremsen loslassen musst. Die Funktionalit\u00e4t ist dieselbe wie beim roten Knopf vom Maxx. Der einzige Unterschied ist, dass Doppelklick (\u00c4nderung der Lautst\u00e4rke) nicht unterst\u00fctzt wird, und Ausschalten kannst du den Maxx mit der RC auch nicht.Parallel zur Remote Control kann der XC Tracer Maxx \u00fcber BLE Daten auf ein Handy, Tablet oder E-Reader \u00fcbertragen.","og_url":"https:\/\/swissgliders.ch\/de\/produkt\/xc-tracer-remote-control\/","og_site_name":"Gleitschirmschule Thun, Bern, Interlaken","article_publisher":"https:\/\/www.facebook.com\/swissgliders","article_modified_time":"2023-09-14T14:25:24+00:00","og_image":[{"width":750,"height":750,"url":"https:\/\/swissgliders.ch\/wp-content\/uploads\/2023\/09\/XC-Tracer-Remote-Control-1.jpg","type":"image\/jpeg"}],"twitter_card":"summary_large_image","twitter_site":"@Swissgliders","twitter_misc":{"Preis":"&#67;&#72;&#70;&nbsp;89.00","Verf\u00fcgbarkeit":"Auf Lager"},"schema":{"@context":"https:\/\/schema.org","@graph":[{"@type":"WebPage","@id":"https:\/\/swissgliders.ch\/de\/produkt\/xc-tracer-remote-control\/","url":"https:\/\/swissgliders.ch\/de\/produkt\/xc-tracer-remote-control\/","name":"XC Tracer Remote Control | Gleitschirmschule Thun, Bern, Interlaken","isPartOf":{"@id":"https:\/\/swissgliders.ch\/de\/#website"},"primaryImageOfPage":{"@id":"https:\/\/swissgliders.ch\/de\/produkt\/xc-tracer-remote-control\/#primaryimage"},"image":{"@id":"https:\/\/swissgliders.ch\/de\/produkt\/xc-tracer-remote-control\/#primaryimage"},"thumbnailUrl":"https:\/\/swissgliders.ch\/wp-content\/uploads\/2023\/09\/XC-Tracer-Remote-Control-1.jpg","datePublished":"2023-09-14T14:18:57+00:00","dateModified":"2023-09-14T14:25:24+00:00","description":"Mit der Fernsteuerung kannst du den XC Tracer Maxx bedienen, ohne dass du die Bremsen loslassen musst. Die Funktionalit\u00e4t ist dieselbe wie beim roten Knopf vom Maxx. Der einzige Unterschied ist, dass Doppelklick (\u00c4nderung der Lautst\u00e4rke) nicht unterst\u00fctzt wird, und Ausschalten kannst du den Maxx mit der RC auch nicht.Parallel zur Remote Control kann der XC Tracer Maxx \u00fcber BLE Daten auf ein Handy, Tablet oder E-Reader \u00fcbertragen.","breadcrumb":{"@id":"https:\/\/swissgliders.ch\/de\/produkt\/xc-tracer-remote-control\/#breadcrumb"},"inLanguage":"de","potentialAction":[{"@type":"ReadAction","target":["https:\/\/swissgliders.ch\/de\/produkt\/xc-tracer-remote-control\/"]}]},{"@type":"ImageObject","inLanguage":"de","@id":"https:\/\/swissgliders.ch\/de\/produkt\/xc-tracer-remote-control\/#primaryimage","url":"https:\/\/swissgliders.ch\/wp-content\/uploads\/2023\/09\/XC-Tracer-Remote-Control-1.jpg","contentUrl":"https:\/\/swissgliders.ch\/wp-content\/uploads\/2023\/09\/XC-Tracer-Remote-Control-1.jpg","width":750,"height":750,"caption":"XC-Tracer-Remote-Control-1"},{"@type":"BreadcrumbList","@id":"https:\/\/swissgliders.ch\/de\/produkt\/xc-tracer-remote-control\/#breadcrumb","itemListElement":[{"@type":"ListItem","position":1,"name":"Startseite","item":"https:\/\/swissgliders.ch\/de\/willkommen\/"},{"@type":"ListItem","position":2,"name":"Gleitschirm Shop","item":"https:\/\/swissgliders.ch\/de\/gleitschirm-shop\/"},{"@type":"ListItem","position":3,"name":"XC Tracer Remote Control"}]},{"@type":"WebSite","@id":"https:\/\/swissgliders.ch\/de\/#website","url":"https:\/\/swissgliders.ch\/de\/","name":"Gleitschirmschule Thun, Bern, Interlaken","description":"Gleitschirmschule Thun, Bern, Interlaken","publisher":{"@id":"https:\/\/swissgliders.ch\/de\/#organization"},"potentialAction":[{"@type":"SearchAction","target":{"@type":"EntryPoint","urlTemplate":"https:\/\/swissgliders.ch\/de\/?s={search_term_string}"},"query-input":{"@type":"PropertyValueSpecification","valueRequired":true,"valueName":"search_term_string"}}],"inLanguage":"de"},{"@type":"Organization","@id":"https:\/\/swissgliders.ch\/de\/#organization","name":"Swissgliders Gleitschirmflugschule Thun","url":"https:\/\/swissgliders.ch\/de\/","logo":{"@type":"ImageObject","inLanguage":"de","@id":"https:\/\/swissgliders.ch\/de\/#\/schema\/logo\/image\/","url":"https:\/\/swissgliders.ch\/wp-content\/uploads\/2019\/12\/swissgliders-logo-rgb-square-L-no-ch-01.png","contentUrl":"https:\/\/swissgliders.ch\/wp-content\/uploads\/2019\/12\/swissgliders-logo-rgb-square-L-no-ch-01.png","width":2500,"height":2500,"caption":"Swissgliders Gleitschirmflugschule Thun"},"image":{"@id":"https:\/\/swissgliders.ch\/de\/#\/schema\/logo\/image\/"},"sameAs":["https:\/\/www.facebook.com\/swissgliders","https:\/\/x.com\/Swissgliders","https:\/\/www.instagram.com\/swissgliders\/","https:\/\/www.youtube.com\/channel\/UCMCtGdepy9vBhrhX3V_oJOA"],"hasMerchantReturnPolicy":{"@type":"MerchantReturnPolicy","merchantReturnLink":"https:\/\/swissgliders.ch\/de\/allgemeine-geschaftsbedingungen\/"}}]},"product_price_amount":"89.00","product_price_currency":"CHF","og_availability":"instock","product_availability":"instock","product_condition":"new"},"_links":{"self":[{"href":"https:\/\/swissgliders.ch\/de\/wp-json\/wp\/v2\/product\/11302","targetHints":{"allow":["GET"]}}],"collection":[{"href":"https:\/\/swissgliders.ch\/de\/wp-json\/wp\/v2\/product"}],"about":[{"href":"https:\/\/swissgliders.ch\/de\/wp-json\/wp\/v2\/types\/product"}],"replies":[{"embeddable":true,"href":"https:\/\/swissgliders.ch\/de\/wp-json\/wp\/v2\/comments?post=11302"}],"wp:featuredmedia":[{"embeddable":true,"href":"https:\/\/swissgliders.ch\/de\/wp-json\/wp\/v2\/media\/11305"}],"wp:attachment":[{"href":"https:\/\/swissgliders.ch\/de\/wp-json\/wp\/v2\/media?parent=11302"}],"wp:term":[{"taxonomy":"product_brand","embeddable":true,"href":"https:\/\/swissgliders.ch\/de\/wp-json\/wp\/v2\/product_brand?post=11302"},{"taxonomy":"product_cat","embeddable":true,"href":"https:\/\/swissgliders.ch\/de\/wp-json\/wp\/v2\/product_cat?post=11302"},{"taxonomy":"product_tag","embeddable":true,"href":"https:\/\/swissgliders.ch\/de\/wp-json\/wp\/v2\/product_tag?post=11302"}],"curies":[{"name":"wp","href":"https:\/\/api.w.org\/{rel}","templated":true}]}}