{"id":11369,"date":"2023-10-05T10:44:21","date_gmt":"2023-10-05T09:44:21","guid":{"rendered":"https:\/\/swissgliders.ch\/?post_type=product&#038;p=11369"},"modified":"2025-05-08T19:15:26","modified_gmt":"2025-05-08T18:15:26","slug":"skywalk-pace-package","status":"publish","type":"product","link":"https:\/\/swissgliders.ch\/de\/produkt\/skywalk-pace-package\/","title":{"rendered":"Skywalk Pace Package"},"content":{"rendered":"<h3><strong>PACE Package \u2013 Product Launch<\/strong><\/h3>\n<h3>What\u2019s your pace?<\/h3>\n<p><span class=\"ui-provider\">Mit seinem ultrakleinen Packma\u00df und dem minimalen Gewicht (ab 1,05 kg) ist der PACE Single Skin der leichteste Gleitschirm mit LTF\/EN B Zertifizierung. Zusammen mit Jean-Baptiste Chandelier haben wir einen Schirm entwickelt, der neue Ma\u00dfst\u00e4be setzt. Speziell Trail-Runnern, Kletterern und ambitionierten Alpinisten bietet der PACE die perfekte Abstiegshilfe nach anspruchsvollen Touren. Die Einsatzbereiche sind nahezu grenzenlos, da der PACE kaum ins Gewicht f\u00e4llt.\u00a0<\/span><\/p>\n<p>Zusammen mit unseren ultraleichten Produkten \u2013 dem\u00a0<strong><a href=\"https:\/\/skywalk.info\/de\/project\/sleeve\/\">SLEEVE Gurtzeug<\/a><\/strong>\u00a0und dem\u00a0<strong><a href=\"https:\/\/skywalk.info\/de\/project\/ultra\/\">ULTRA Rucksack<\/a><\/strong>, der\u00a0<strong><a href=\"https:\/\/skywalk.info\/de\/project\/tapa-x-alps\/\">TAPA X-ALPS Rettung<\/a><\/strong>\u00a0und dem\u00a0<strong><a href=\"https:\/\/skywalk.info\/de\/project\/drop\/\">DROP Frontcontainer<\/a><\/strong>\u00a0\u2013 entsteht ein sicheres Gesamtpaket, das perfekt aufeinander abgestimmt ist. Das komplette Package wiegt nur knapp \u00fcber 2 Kilogramm!<\/p>\n<p>Das PACE Package ist perfekt aufeinander abgestimmt. Die Produkte k\u00f6nnen aber nat\u00fcrlich auch einzeln bestellt werden.<\/p>\n<div class=\"et_pb_blurb_description\">\n<div class=\"et_pb_all_tabs\">\n<p><strong>Der PACE Single Skin kommt mit:<\/strong><\/p>\n<ul>\n<li>1x Innenpacksack<\/li>\n<li>1x Kompressionsband<\/li>\n<li>1x Tragegurtschutzh\u00fclle<\/li>\n<li>1x Deflation Bag<\/li>\n<li>1x Paar Hook Pins<\/li>\n<li>1x BASIC Guide<\/li>\n<li>1x Multifunktionstuch<\/li>\n<li>1x Stickerbogen<\/li>\n<li>1x Ersatz-Klebesegel<\/li>\n<\/ul>\n<\/div>\n<\/div>\n<p>&nbsp;<\/p>\n<p>Das Tutorial Video von Jean-Baptiste Chandelier zeigt hilfreiche Tipps zum Umgang mit dem Single Skin. Beim Design Note Video erh\u00e4ltst Du generelle Informationen<br \/>\nzum PACE.<\/p>\n<p>Tutorial Video: https:\/\/youtu.be\/LzLMENwIcN0<br \/>\nDesign Note Video: https:\/\/youtu.be\/ulFUr-0yAt4<\/p>\n<p>Mehr PACE Package Preview<a href=\"https:\/\/skywalk.info\/de\/2023\/09\/21\/pace-package-preview\/\" target=\"_blank\" rel=\"noopener noreferrer\"> Infos<\/a><\/p>\n<p><strong>Wir haben die Gr\u00f6sse 70+ als Demo verf\u00fcgbar.<\/strong><\/p>\n<p>Mehr PACE Singelskin<a href=\"https:\/\/skywalk.info\/de\/project\/pace\/\" target=\"_blank\" rel=\"noopener noreferrer\">\u00a0Infos<\/a><\/p>\n<p>Falls dieser Artikel nicht an Lager ist, wird er f\u00fcr dich bestellt. Lieferfrist auf Anfrage.<\/p>\n","protected":false},"excerpt":{"rendered":"<h3><strong>PACE Package \u2013 Product Launch<\/strong><\/h3>\n<h3>What\u2019s your pace?<\/h3>\n<p><span class=\"ui-provider\">Mit seinem ultrakleinen Packma\u00df und dem minimalen Gewicht (ab 1,05 kg) ist der PACE Single Skin der leichteste Gleitschirm mit LTF\/EN B Zertifizierung. Zusammen mit Jean-Baptiste Chandelier haben wir einen Schirm entwickelt, der neue Ma\u00dfst\u00e4be setzt. Speziell Trail-Runnern, Kletterern und ambitionierten Alpinisten bietet der PACE die perfekte Abstiegshilfe nach anspruchsvollen Touren. Die Einsatzbereiche sind nahezu grenzenlos, da der PACE kaum ins Gewicht f\u00e4llt.\u00a0<\/span><\/p>\n<p>Zusammen mit unseren ultraleichten Produkten \u2013 dem\u00a0<strong><a href=\"https:\/\/skywalk.info\/de\/project\/sleeve\/\">SLEEVE Gurtzeug<\/a><\/strong>\u00a0und dem\u00a0<strong><a href=\"https:\/\/skywalk.info\/de\/project\/ultra\/\">ULTRA Rucksack<\/a><\/strong>, der\u00a0<strong><a href=\"https:\/\/skywalk.info\/de\/project\/tapa-x-alps\/\">TAPA X-ALPS Rettung<\/a><\/strong>\u00a0und dem\u00a0<strong><a href=\"https:\/\/skywalk.info\/de\/project\/drop\/\">DROP Frontcontainer<\/a><\/strong>\u00a0\u2013 entsteht ein sicheres Gesamtpaket, das perfekt aufeinander abgestimmt ist. Das komplette Package wiegt nur knapp \u00fcber 2 Kilogramm!<\/p>\n<p>Das PACE Package ist perfekt aufeinander abgestimmt. Die Produkte k\u00f6nnen aber nat\u00fcrlich auch einzeln bestellt werden.<\/p>\n<div class=\"et_pb_blurb_description\">\n<div class=\"et_pb_all_tabs\">\n<p><strong>Der PACE Single Skin kommt mit:<\/strong><\/p>\n<ul>\n<li>1x Innenpacksack<\/li>\n<li>1x Kompressionsband<\/li>\n<li>1x Tragegurtschutzh\u00fclle<\/li>\n<li>1x Deflation Bag<\/li>\n<li>1x Paar Hook Pins<\/li>\n<li>1x BASIC Guide<\/li>\n<li>1x Multifunktionstuch<\/li>\n<li>1x Stickerbogen<\/li>\n<li>1x Ersatz-Klebesegel<\/li>\n<\/ul>\n<\/div>\n<\/div>\n<p>&nbsp;<\/p>\n<p>Das Tutorial Video von Jean-Baptiste Chandelier zeigt hilfreiche Tipps zum Umgang mit dem Single Skin. Beim Design Note Video erh\u00e4ltst Du generelle Informationen<br \/>\nzum PACE.<\/p>\n<p>Tutorial Video: https:\/\/youtu.be\/LzLMENwIcN0<br \/>\nDesign Note Video: https:\/\/youtu.be\/ulFUr-0yAt4<\/p>\n<p>Mehr PACE Package Preview<a href=\"https:\/\/skywalk.info\/de\/2023\/09\/21\/pace-package-preview\/\" target=\"_blank\" rel=\"noopener noreferrer\"> Infos<\/a><\/p>\n<p><strong>Wir haben die Gr\u00f6sse 70+ als Demo verf\u00fcgbar.<\/strong><\/p>\n<p>Mehr PACE Singelskin<a href=\"https:\/\/skywalk.info\/de\/project\/pace\/\" target=\"_blank\" rel=\"noopener noreferrer\">\u00a0Infos<\/a><\/p>\n<p>Falls dieser Artikel nicht an Lager ist, wird er f\u00fcr dich bestellt. Lieferfrist auf Anfrage.<\/p>\n","protected":false},"featured_media":11444,"comment_status":"closed","ping_status":"closed","template":"","meta":[],"product_brand":[],"product_cat":[2072,86,1293,1026],"product_tag":[917,1295,90],"class_list":{"0":"post-11369","1":"product","2":"type-product","3":"status-publish","4":"has-post-thumbnail","6":"product_cat-gleitschirm-rucksaecke","7":"product_cat-gleitschirme","8":"product_cat-leichte-gleitschirme","9":"product_cat-leichte-gleitschirmgurtzeuge","10":"product_tag-gleitschirm","11":"product_tag-leichtschirm","12":"product_tag-verkaufsartikel","13":"product_shipping_class-priority-10kg-de","15":"first","16":"instock","17":"sale","18":"shipping-taxable","19":"purchasable","20":"product-type-variable"},"yoast_head":"<!-- This site is optimized with the Yoast SEO Premium plugin v26.1 (Yoast SEO v27.3) - https:\/\/yoast.com\/product\/yoast-seo-premium-wordpress\/ -->\n<title>Skywalk Pace Package | Gleitschirmschule Thun, Bern, Interlaken<\/title>\n<meta name=\"description\" content=\"PACE Package \u2013 Product LaunchMit seinem ultrakleinen Packma\u00df und dem minimalen Gewicht (ab 1,05 kg) ist der PACE Single Skin der leichteste Gleitschirm mit LTF\/EN B Zertifizierung. Zusammen mit Jean-Baptiste Chandelier haben wir einen Schirm entwickelt, der neue Ma\u00dfst\u00e4be setzt. Speziell Trailrunnern, Kletterern und Alpinisten bietet der PACE die perfekte Abstiegshilfe nach anspruchsvollen Touren. Der PACE ist in drei Gr\u00f6\u00dfen (70+,85+ und 95+) erh\u00e4ltlich.Zusammen mit dem SLEEVE Gurtzeug (240 g, unisize) und dem ULTRA Rucksack (18 Liter) , der TAPA X-ALPS Rettung und dem DROP Frontcontainer entsteht ein sicheres Gesamtpaket, das gerade einmal knapp \u00fcber 2 Kilogramm wiegt.Das PACE Package ist perfekt aufeinander abgestimmt. Die Produkte k\u00f6nnen aber nat\u00fcrlich auch einzeln bestellt werden.\" \/>\n<meta name=\"robots\" content=\"index, follow, max-snippet:-1, max-image-preview:large, max-video-preview:-1\" \/>\n<link rel=\"canonical\" href=\"https:\/\/swissgliders.ch\/de\/produkt\/skywalk-pace-package\/\" \/>\n<meta property=\"og:locale\" content=\"de_DE\" \/>\n<meta property=\"og:type\" content=\"article\" \/>\n<meta property=\"og:title\" content=\"Skywalk Pace Package\" \/>\n<meta property=\"og:description\" content=\"PACE Package \u2013 Product LaunchMit seinem ultrakleinen Packma\u00df und dem minimalen Gewicht (ab 1,05 kg) ist der PACE Single Skin der leichteste Gleitschirm mit LTF\/EN B Zertifizierung. Zusammen mit Jean-Baptiste Chandelier haben wir einen Schirm entwickelt, der neue Ma\u00dfst\u00e4be setzt. Speziell Trailrunnern, Kletterern und Alpinisten bietet der PACE die perfekte Abstiegshilfe nach anspruchsvollen Touren. Der PACE ist in drei Gr\u00f6\u00dfen (70+,85+ und 95+) erh\u00e4ltlich.Zusammen mit dem SLEEVE Gurtzeug (240 g, unisize) und dem ULTRA Rucksack (18 Liter) , der TAPA X-ALPS Rettung und dem DROP Frontcontainer entsteht ein sicheres Gesamtpaket, das gerade einmal knapp \u00fcber 2 Kilogramm wiegt.Das PACE Package ist perfekt aufeinander abgestimmt. Die Produkte k\u00f6nnen aber nat\u00fcrlich auch einzeln bestellt werden.\" \/>\n<meta property=\"og:url\" content=\"https:\/\/swissgliders.ch\/de\/produkt\/skywalk-pace-package\/\" \/>\n<meta property=\"og:site_name\" content=\"Gleitschirmschule Thun, Bern, Interlaken\" \/>\n<meta property=\"article:publisher\" content=\"https:\/\/www.facebook.com\/swissgliders\" \/>\n<meta property=\"article:modified_time\" content=\"2025-05-08T18:15:26+00:00\" \/>\n<meta property=\"og:image\" content=\"https:\/\/swissgliders.ch\/wp-content\/uploads\/2023\/10\/Skywalk_Gleitschirm_Pace-1.jpg\" \/>\n\t<meta property=\"og:image:width\" content=\"2000\" \/>\n\t<meta property=\"og:image:height\" content=\"1500\" \/>\n\t<meta property=\"og:image:type\" content=\"image\/jpeg\" \/>\n<meta name=\"twitter:card\" content=\"summary_large_image\" \/>\n<meta name=\"twitter:site\" content=\"@Swissgliders\" \/>\n<meta name=\"twitter:label1\" content=\"Verf\u00fcgbarkeit\" \/>\n\t<meta name=\"twitter:data1\" content=\"Auf Lager\" \/>\n<script type=\"application\/ld+json\" class=\"yoast-schema-graph\">{\"@context\":\"https:\\\/\\\/schema.org\",\"@graph\":[{\"@type\":\"WebPage\",\"@id\":\"https:\\\/\\\/swissgliders.ch\\\/de\\\/produkt\\\/skywalk-pace-package\\\/\",\"url\":\"https:\\\/\\\/swissgliders.ch\\\/de\\\/produkt\\\/skywalk-pace-package\\\/\",\"name\":\"Skywalk Pace Package | Gleitschirmschule Thun, Bern, Interlaken\",\"isPartOf\":{\"@id\":\"https:\\\/\\\/swissgliders.ch\\\/de\\\/#website\"},\"primaryImageOfPage\":{\"@id\":\"https:\\\/\\\/swissgliders.ch\\\/de\\\/produkt\\\/skywalk-pace-package\\\/#primaryimage\"},\"image\":{\"@id\":\"https:\\\/\\\/swissgliders.ch\\\/de\\\/produkt\\\/skywalk-pace-package\\\/#primaryimage\"},\"thumbnailUrl\":\"https:\\\/\\\/swissgliders.ch\\\/wp-content\\\/uploads\\\/2023\\\/10\\\/Skywalk_Gleitschirm_Pace-1.jpg\",\"datePublished\":\"2023-10-05T09:44:21+00:00\",\"dateModified\":\"2025-05-08T18:15:26+00:00\",\"description\":\"PACE Package \u2013 Product LaunchMit seinem ultrakleinen Packma\u00df und dem minimalen Gewicht (ab 1,05 kg) ist der PACE Single Skin der leichteste Gleitschirm mit LTF\\\/EN B Zertifizierung. Zusammen mit Jean-Baptiste Chandelier haben wir einen Schirm entwickelt, der neue Ma\u00dfst\u00e4be setzt. Speziell Trailrunnern, Kletterern und Alpinisten bietet der PACE die perfekte Abstiegshilfe nach anspruchsvollen Touren. Der PACE ist in drei Gr\u00f6\u00dfen (70+,85+ und 95+) erh\u00e4ltlich.Zusammen mit dem SLEEVE Gurtzeug (240 g, unisize) und dem ULTRA Rucksack (18 Liter) , der TAPA X-ALPS Rettung und dem DROP Frontcontainer entsteht ein sicheres Gesamtpaket, das gerade einmal knapp \u00fcber 2 Kilogramm wiegt.Das PACE Package ist perfekt aufeinander abgestimmt. Die Produkte k\u00f6nnen aber nat\u00fcrlich auch einzeln bestellt werden.\",\"breadcrumb\":{\"@id\":\"https:\\\/\\\/swissgliders.ch\\\/de\\\/produkt\\\/skywalk-pace-package\\\/#breadcrumb\"},\"inLanguage\":\"de\",\"potentialAction\":[{\"@type\":\"ReadAction\",\"target\":[\"https:\\\/\\\/swissgliders.ch\\\/de\\\/produkt\\\/skywalk-pace-package\\\/\"]}]},{\"@type\":\"ImageObject\",\"inLanguage\":\"de\",\"@id\":\"https:\\\/\\\/swissgliders.ch\\\/de\\\/produkt\\\/skywalk-pace-package\\\/#primaryimage\",\"url\":\"https:\\\/\\\/swissgliders.ch\\\/wp-content\\\/uploads\\\/2023\\\/10\\\/Skywalk_Gleitschirm_Pace-1.jpg\",\"contentUrl\":\"https:\\\/\\\/swissgliders.ch\\\/wp-content\\\/uploads\\\/2023\\\/10\\\/Skywalk_Gleitschirm_Pace-1.jpg\",\"width\":2000,\"height\":1500,\"caption\":\"Skywalk_Gleitschirm_Pace-1\"},{\"@type\":\"BreadcrumbList\",\"@id\":\"https:\\\/\\\/swissgliders.ch\\\/de\\\/produkt\\\/skywalk-pace-package\\\/#breadcrumb\",\"itemListElement\":[{\"@type\":\"ListItem\",\"position\":1,\"name\":\"Startseite\",\"item\":\"https:\\\/\\\/swissgliders.ch\\\/de\\\/willkommen\\\/\"},{\"@type\":\"ListItem\",\"position\":2,\"name\":\"Gleitschirm Shop\",\"item\":\"https:\\\/\\\/swissgliders.ch\\\/de\\\/gleitschirm-shop\\\/\"},{\"@type\":\"ListItem\",\"position\":3,\"name\":\"Skywalk Pace Package\"}]},{\"@type\":\"WebSite\",\"@id\":\"https:\\\/\\\/swissgliders.ch\\\/de\\\/#website\",\"url\":\"https:\\\/\\\/swissgliders.ch\\\/de\\\/\",\"name\":\"Gleitschirmschule Thun, Bern, Interlaken\",\"description\":\"Gleitschirmschule Thun, Bern, Interlaken\",\"publisher\":{\"@id\":\"https:\\\/\\\/swissgliders.ch\\\/de\\\/#organization\"},\"potentialAction\":[{\"@type\":\"SearchAction\",\"target\":{\"@type\":\"EntryPoint\",\"urlTemplate\":\"https:\\\/\\\/swissgliders.ch\\\/de\\\/?s={search_term_string}\"},\"query-input\":{\"@type\":\"PropertyValueSpecification\",\"valueRequired\":true,\"valueName\":\"search_term_string\"}}],\"inLanguage\":\"de\"},{\"@type\":\"Organization\",\"@id\":\"https:\\\/\\\/swissgliders.ch\\\/de\\\/#organization\",\"name\":\"Swissgliders Gleitschirmflugschule Thun\",\"url\":\"https:\\\/\\\/swissgliders.ch\\\/de\\\/\",\"logo\":{\"@type\":\"ImageObject\",\"inLanguage\":\"de\",\"@id\":\"https:\\\/\\\/swissgliders.ch\\\/de\\\/#\\\/schema\\\/logo\\\/image\\\/\",\"url\":\"https:\\\/\\\/swissgliders.ch\\\/wp-content\\\/uploads\\\/2019\\\/12\\\/swissgliders-logo-rgb-square-L-no-ch-01.png\",\"contentUrl\":\"https:\\\/\\\/swissgliders.ch\\\/wp-content\\\/uploads\\\/2019\\\/12\\\/swissgliders-logo-rgb-square-L-no-ch-01.png\",\"width\":2500,\"height\":2500,\"caption\":\"Swissgliders Gleitschirmflugschule Thun\"},\"image\":{\"@id\":\"https:\\\/\\\/swissgliders.ch\\\/de\\\/#\\\/schema\\\/logo\\\/image\\\/\"},\"sameAs\":[\"https:\\\/\\\/www.facebook.com\\\/swissgliders\",\"https:\\\/\\\/x.com\\\/Swissgliders\",\"https:\\\/\\\/www.instagram.com\\\/swissgliders\\\/\",\"https:\\\/\\\/www.youtube.com\\\/channel\\\/UCMCtGdepy9vBhrhX3V_oJOA\"],\"hasMerchantReturnPolicy\":{\"@type\":\"MerchantReturnPolicy\",\"merchantReturnLink\":\"https:\\\/\\\/swissgliders.ch\\\/de\\\/allgemeine-geschaftsbedingungen\\\/\"}}]}<\/script>\n<meta property=\"og:availability\" content=\"instock\" \/>\n<meta property=\"product:availability\" content=\"instock\" \/>\n<meta property=\"product:condition\" content=\"new\" \/>\n<!-- \/ Yoast SEO Premium plugin. -->","yoast_head_json":{"title":"Skywalk Pace Package | Gleitschirmschule Thun, Bern, Interlaken","description":"PACE Package \u2013 Product LaunchMit seinem ultrakleinen Packma\u00df und dem minimalen Gewicht (ab 1,05 kg) ist der PACE Single Skin der leichteste Gleitschirm mit LTF\/EN B Zertifizierung. Zusammen mit Jean-Baptiste Chandelier haben wir einen Schirm entwickelt, der neue Ma\u00dfst\u00e4be setzt. Speziell Trailrunnern, Kletterern und Alpinisten bietet der PACE die perfekte Abstiegshilfe nach anspruchsvollen Touren. Der PACE ist in drei Gr\u00f6\u00dfen (70+,85+ und 95+) erh\u00e4ltlich.Zusammen mit dem SLEEVE Gurtzeug (240 g, unisize) und dem ULTRA Rucksack (18 Liter) , der TAPA X-ALPS Rettung und dem DROP Frontcontainer entsteht ein sicheres Gesamtpaket, das gerade einmal knapp \u00fcber 2 Kilogramm wiegt.Das PACE Package ist perfekt aufeinander abgestimmt. Die Produkte k\u00f6nnen aber nat\u00fcrlich auch einzeln bestellt werden.","robots":{"index":"index","follow":"follow","max-snippet":"max-snippet:-1","max-image-preview":"max-image-preview:large","max-video-preview":"max-video-preview:-1"},"canonical":"https:\/\/swissgliders.ch\/de\/produkt\/skywalk-pace-package\/","og_locale":"de_DE","og_type":"article","og_title":"Skywalk Pace Package","og_description":"PACE Package \u2013 Product LaunchMit seinem ultrakleinen Packma\u00df und dem minimalen Gewicht (ab 1,05 kg) ist der PACE Single Skin der leichteste Gleitschirm mit LTF\/EN B Zertifizierung. Zusammen mit Jean-Baptiste Chandelier haben wir einen Schirm entwickelt, der neue Ma\u00dfst\u00e4be setzt. Speziell Trailrunnern, Kletterern und Alpinisten bietet der PACE die perfekte Abstiegshilfe nach anspruchsvollen Touren. Der PACE ist in drei Gr\u00f6\u00dfen (70+,85+ und 95+) erh\u00e4ltlich.Zusammen mit dem SLEEVE Gurtzeug (240 g, unisize) und dem ULTRA Rucksack (18 Liter) , der TAPA X-ALPS Rettung und dem DROP Frontcontainer entsteht ein sicheres Gesamtpaket, das gerade einmal knapp \u00fcber 2 Kilogramm wiegt.Das PACE Package ist perfekt aufeinander abgestimmt. Die Produkte k\u00f6nnen aber nat\u00fcrlich auch einzeln bestellt werden.","og_url":"https:\/\/swissgliders.ch\/de\/produkt\/skywalk-pace-package\/","og_site_name":"Gleitschirmschule Thun, Bern, Interlaken","article_publisher":"https:\/\/www.facebook.com\/swissgliders","article_modified_time":"2025-05-08T18:15:26+00:00","og_image":[{"width":2000,"height":1500,"url":"https:\/\/swissgliders.ch\/wp-content\/uploads\/2023\/10\/Skywalk_Gleitschirm_Pace-1.jpg","type":"image\/jpeg"}],"twitter_card":"summary_large_image","twitter_site":"@Swissgliders","twitter_misc":{"Verf\u00fcgbarkeit":"Auf Lager"},"schema":{"@context":"https:\/\/schema.org","@graph":[{"@type":"WebPage","@id":"https:\/\/swissgliders.ch\/de\/produkt\/skywalk-pace-package\/","url":"https:\/\/swissgliders.ch\/de\/produkt\/skywalk-pace-package\/","name":"Skywalk Pace Package | Gleitschirmschule Thun, Bern, Interlaken","isPartOf":{"@id":"https:\/\/swissgliders.ch\/de\/#website"},"primaryImageOfPage":{"@id":"https:\/\/swissgliders.ch\/de\/produkt\/skywalk-pace-package\/#primaryimage"},"image":{"@id":"https:\/\/swissgliders.ch\/de\/produkt\/skywalk-pace-package\/#primaryimage"},"thumbnailUrl":"https:\/\/swissgliders.ch\/wp-content\/uploads\/2023\/10\/Skywalk_Gleitschirm_Pace-1.jpg","datePublished":"2023-10-05T09:44:21+00:00","dateModified":"2025-05-08T18:15:26+00:00","description":"PACE Package \u2013 Product LaunchMit seinem ultrakleinen Packma\u00df und dem minimalen Gewicht (ab 1,05 kg) ist der PACE Single Skin der leichteste Gleitschirm mit LTF\/EN B Zertifizierung. Zusammen mit Jean-Baptiste Chandelier haben wir einen Schirm entwickelt, der neue Ma\u00dfst\u00e4be setzt. Speziell Trailrunnern, Kletterern und Alpinisten bietet der PACE die perfekte Abstiegshilfe nach anspruchsvollen Touren. Der PACE ist in drei Gr\u00f6\u00dfen (70+,85+ und 95+) erh\u00e4ltlich.Zusammen mit dem SLEEVE Gurtzeug (240 g, unisize) und dem ULTRA Rucksack (18 Liter) , der TAPA X-ALPS Rettung und dem DROP Frontcontainer entsteht ein sicheres Gesamtpaket, das gerade einmal knapp \u00fcber 2 Kilogramm wiegt.Das PACE Package ist perfekt aufeinander abgestimmt. Die Produkte k\u00f6nnen aber nat\u00fcrlich auch einzeln bestellt werden.","breadcrumb":{"@id":"https:\/\/swissgliders.ch\/de\/produkt\/skywalk-pace-package\/#breadcrumb"},"inLanguage":"de","potentialAction":[{"@type":"ReadAction","target":["https:\/\/swissgliders.ch\/de\/produkt\/skywalk-pace-package\/"]}]},{"@type":"ImageObject","inLanguage":"de","@id":"https:\/\/swissgliders.ch\/de\/produkt\/skywalk-pace-package\/#primaryimage","url":"https:\/\/swissgliders.ch\/wp-content\/uploads\/2023\/10\/Skywalk_Gleitschirm_Pace-1.jpg","contentUrl":"https:\/\/swissgliders.ch\/wp-content\/uploads\/2023\/10\/Skywalk_Gleitschirm_Pace-1.jpg","width":2000,"height":1500,"caption":"Skywalk_Gleitschirm_Pace-1"},{"@type":"BreadcrumbList","@id":"https:\/\/swissgliders.ch\/de\/produkt\/skywalk-pace-package\/#breadcrumb","itemListElement":[{"@type":"ListItem","position":1,"name":"Startseite","item":"https:\/\/swissgliders.ch\/de\/willkommen\/"},{"@type":"ListItem","position":2,"name":"Gleitschirm Shop","item":"https:\/\/swissgliders.ch\/de\/gleitschirm-shop\/"},{"@type":"ListItem","position":3,"name":"Skywalk Pace Package"}]},{"@type":"WebSite","@id":"https:\/\/swissgliders.ch\/de\/#website","url":"https:\/\/swissgliders.ch\/de\/","name":"Gleitschirmschule Thun, Bern, Interlaken","description":"Gleitschirmschule Thun, Bern, Interlaken","publisher":{"@id":"https:\/\/swissgliders.ch\/de\/#organization"},"potentialAction":[{"@type":"SearchAction","target":{"@type":"EntryPoint","urlTemplate":"https:\/\/swissgliders.ch\/de\/?s={search_term_string}"},"query-input":{"@type":"PropertyValueSpecification","valueRequired":true,"valueName":"search_term_string"}}],"inLanguage":"de"},{"@type":"Organization","@id":"https:\/\/swissgliders.ch\/de\/#organization","name":"Swissgliders Gleitschirmflugschule Thun","url":"https:\/\/swissgliders.ch\/de\/","logo":{"@type":"ImageObject","inLanguage":"de","@id":"https:\/\/swissgliders.ch\/de\/#\/schema\/logo\/image\/","url":"https:\/\/swissgliders.ch\/wp-content\/uploads\/2019\/12\/swissgliders-logo-rgb-square-L-no-ch-01.png","contentUrl":"https:\/\/swissgliders.ch\/wp-content\/uploads\/2019\/12\/swissgliders-logo-rgb-square-L-no-ch-01.png","width":2500,"height":2500,"caption":"Swissgliders Gleitschirmflugschule Thun"},"image":{"@id":"https:\/\/swissgliders.ch\/de\/#\/schema\/logo\/image\/"},"sameAs":["https:\/\/www.facebook.com\/swissgliders","https:\/\/x.com\/Swissgliders","https:\/\/www.instagram.com\/swissgliders\/","https:\/\/www.youtube.com\/channel\/UCMCtGdepy9vBhrhX3V_oJOA"],"hasMerchantReturnPolicy":{"@type":"MerchantReturnPolicy","merchantReturnLink":"https:\/\/swissgliders.ch\/de\/allgemeine-geschaftsbedingungen\/"}}]},"og_availability":"instock","product_availability":"instock","product_condition":"new"},"_links":{"self":[{"href":"https:\/\/swissgliders.ch\/de\/wp-json\/wp\/v2\/product\/11369","targetHints":{"allow":["GET"]}}],"collection":[{"href":"https:\/\/swissgliders.ch\/de\/wp-json\/wp\/v2\/product"}],"about":[{"href":"https:\/\/swissgliders.ch\/de\/wp-json\/wp\/v2\/types\/product"}],"replies":[{"embeddable":true,"href":"https:\/\/swissgliders.ch\/de\/wp-json\/wp\/v2\/comments?post=11369"}],"wp:featuredmedia":[{"embeddable":true,"href":"https:\/\/swissgliders.ch\/de\/wp-json\/wp\/v2\/media\/11444"}],"wp:attachment":[{"href":"https:\/\/swissgliders.ch\/de\/wp-json\/wp\/v2\/media?parent=11369"}],"wp:term":[{"taxonomy":"product_brand","embeddable":true,"href":"https:\/\/swissgliders.ch\/de\/wp-json\/wp\/v2\/product_brand?post=11369"},{"taxonomy":"product_cat","embeddable":true,"href":"https:\/\/swissgliders.ch\/de\/wp-json\/wp\/v2\/product_cat?post=11369"},{"taxonomy":"product_tag","embeddable":true,"href":"https:\/\/swissgliders.ch\/de\/wp-json\/wp\/v2\/product_tag?post=11369"}],"curies":[{"name":"wp","href":"https:\/\/api.w.org\/{rel}","templated":true}]}}