{"id":11439,"date":"2023-10-08T10:12:12","date_gmt":"2023-10-08T09:12:12","guid":{"rendered":"https:\/\/swissgliders.ch\/?post_type=product&#038;p=11439"},"modified":"2025-09-26T18:27:04","modified_gmt":"2025-09-26T17:27:04","slug":"skywalk-sleeve","status":"publish","type":"product","link":"https:\/\/swissgliders.ch\/de\/produkt\/skywalk-sleeve\/","title":{"rendered":"Skywalk Sleeve"},"content":{"rendered":"<div class=\"et_pb_module et_pb_text et_pb_text_0 et_pb_bg_layout_light et_pb_text_align_left\">\n<div class=\"et_pb_text_inner\">\n<div class=\"et_pb_module et_pb_text et_pb_text_0 et_pb_text_align_left et_pb_bg_layout_light\">\n<div class=\"et_pb_text_inner\">\n<div class=\"et_pb_module et_pb_text et_pb_text_0 et_pb_bg_layout_light et_pb_text_align_left\">\n<div class=\"et_pb_text_inner\">\n<div class=\"et_pb_module et_pb_text et_pb_text_0 et_pb_text_align_left et_pb_bg_layout_light\">\n<h3 class=\"et_pb_text_inner\">Ein Hauch von nichts. <span style=\"font-size: 16px;\">Und dennoch 100 %, was Du brauchst.<\/span><\/h3>\n<\/div>\n<div class=\"et_pb_module et_pb_text et_pb_text_1 et_pb_text_align_left et_pb_bg_layout_light\">\n<div class=\"et_pb_text_inner\">\n<div class=\"et_pb_module et_pb_text et_pb_text_0 et_pb_text_align_left et_pb_bg_layout_light\">\n<div class=\"et_pb_text_inner\">\n<div class=\"et_pb_module et_pb_text et_pb_text_0 et_pb_text_align_left et_pb_bg_layout_light\">\n<div class=\"et_pb_text_inner\">\n<p><img loading=\"lazy\" decoding=\"async\" class=\"\" src=\"https:\/\/skywalk.info\/files\/2016\/01\/SLEEVE-RZ-HRO-Freisteller.jpg\" alt=\"undefined\" width=\"500\" height=\"375\" \/><\/p>\n<\/div>\n<\/div>\n<div class=\"et_pb_module et_pb_text et_pb_text_1 et_pb_text_align_left et_pb_bg_layout_light\">\n<div class=\"et_pb_text_inner\">\n<p>Das SLEEVE Ultraleicht Gurtzeug wurde speziell f\u00fcr Trail-Runner, Kletterer, Skitourengeher, Bikepacker und alle ambitionierten Alpinisten entwickelt, die bei Gewicht und Packma\u00df keine Kompromisse eingehen wollen. Das puristische, ultraleichte Gurtzeug wiegt nur 245 Gramm in der kleinsten Gr\u00f6\u00dfe, passt problemlos in deine Jackentasche und ist f\u00fcr ein Startgewicht von bis zu 110 Kilogramm zugelassen.<\/p>\n<p>Durch den minimalistischen Aufbau des Sitzbrett-losen Gurtzeugs bietet es dir ein extrem intuitives Handling.<\/p>\n<p>&nbsp;<\/p>\n<h5 class=\"et_pb_toggle_title\">Wie wirkt sich das Gurtzeug auf das Flugverhalten aus?<\/h5>\n<div class=\"et_pb_toggle_content clearfix\">\n<div>Das SLEEVE ist ein klassisches Schlaufengurtzeug mit konstruktiv bedingt hoher Aufh\u00e4ngung. Daraus resultiert eine h\u00f6here Rollstabilit\u00e4t und ein ged\u00e4mpftes Flugverhalten bei Turbulenzen. Speziell bei sehr kleinen Schirmen ist dieses Verhalten sehr angenehm.<\/div>\n<\/div>\n<h5 class=\"et_pb_toggle_title\">Ist das SLEEVE Windentauglich?<\/h5>\n<div class=\"et_pb_toggle_content clearfix\">\n<p>Das SLEEVE wird nicht als Gurtzeug zum Windenschlepp empfohlen.<\/p>\n<h5 class=\"et_pb_toggle_title\">Ist das SLEEVE zum Tandemfliegen geeignet?<\/h5>\n<div class=\"et_pb_toggle_content clearfix\">\n<p>Das SLEEVE eignet sich als leichtes\u00a0Hike&amp;Fly Tandem Passagier Gurtzeug. Der verantwortliche\u00a0Tandempilot sollte aber immer das erh\u00f6hte Risiko des Materialverschlei\u00dfes\u00a0durch intensive Anwendung beachten.<\/p>\n<p>&nbsp;<\/p>\n<div class='avia-iframe-wrap'><iframe loading=\"lazy\" title=\"SLEEVE\" width=\"1500\" height=\"844\" src=\"https:\/\/www.youtube.com\/embed\/S8ejEMKjNHg?feature=oembed\" frameborder=\"0\" allow=\"accelerometer; autoplay; clipboard-write; encrypted-media; gyroscope; picture-in-picture; web-share\" referrerpolicy=\"strict-origin-when-cross-origin\" allowfullscreen><\/iframe><\/div>\n<\/div>\n<\/div>\n<p class=\"et_pb_text_inner\"><strong>Technische Daten<\/strong><\/p>\n<div class=\"et_pb_all_tabs\">\n<div class=\"et_pb_tab et_pb_tab_0 clearfix et_pb_active_content et-pb-active-slide\">\n<div class=\"et_pb_tab_content\">\n<table id=\"tablepress-377\" class=\"tablepress tablepress-id-377 tablepress-responsive tablepress-responsive-tablet\">\n<tbody class=\"row-hover\">\n<tr class=\"row-1 odd\">\n<td class=\"column-1\"><strong>Gr\u00f6\u00dfe<\/strong><\/td>\n<td class=\"column-2\"><strong>S\/M<\/strong><\/td>\n<td class=\"column-3\"><strong>M\/L<\/strong><\/td>\n<\/tr>\n<tr class=\"row-2 even\">\n<td class=\"column-1\"><strong>Pilotengr\u00f6\u00dfe (cm)<\/strong><\/td>\n<td class=\"column-2\">155 &#8211; 173<\/td>\n<td class=\"column-3\">170 &#8211; 195<\/td>\n<\/tr>\n<tr class=\"row-3 odd\">\n<td class=\"column-1\"><strong>Gewicht Gurtzeug (g)<\/strong><\/td>\n<td class=\"column-2\">170<\/td>\n<td class=\"column-3\">195<\/td>\n<\/tr>\n<tr class=\"row-4 even\">\n<td class=\"column-1\"><strong>Gewicht Karabiner (g)<\/strong><\/td>\n<td class=\"column-2\">75<\/td>\n<td class=\"column-3\">75<\/td>\n<\/tr>\n<tr class=\"row-5 odd\">\n<td class=\"column-1\"><strong>Packvolumen (l)<\/strong><\/td>\n<td class=\"column-2\">0,7<\/td>\n<td class=\"column-3\">0,7<\/td>\n<\/tr>\n<tr class=\"row-6 even\">\n<td class=\"column-1\"><strong>Zulassung Gurtzeug<\/strong><\/td>\n<td class=\"column-2\">EN 1651:2018<\/td>\n<td class=\"column-3\">EN 1651:2018<\/td>\n<\/tr>\n<tr class=\"row-7 odd\">\n<td class=\"column-1\"><strong>Maximale Anh\u00e4ngelast (kg)<\/strong><\/td>\n<td class=\"column-2\">110<\/td>\n<td class=\"column-3\">110<\/td>\n<\/tr>\n<\/tbody>\n<\/table>\n<\/div>\n<\/div>\n<\/div>\n<p>Durch den minimalistischen Aufbau des Sitzbrett-losen Gurtzeugs bietet es Dir ein extrem intuitives Handling.<\/p>\n<\/div>\n<\/div>\n<\/div>\n<\/div>\n<\/div>\n<\/div>\n<\/div>\n<\/div>\n<p>Mehr<a href=\"https:\/\/skywalk.info\/de\/project\/sleeve\/\"> Infos<\/a><\/p>\n<p>Falls dieser Artikel nicht an Lager ist, wird er f\u00fcr dich bestellt. Lieferfrist auf Anfrage.<\/p>\n<\/div>\n<\/div>\n<\/div>\n<\/div>\n","protected":false},"excerpt":{"rendered":"<div class=\"et_pb_module et_pb_text et_pb_text_0 et_pb_bg_layout_light et_pb_text_align_left\">\n<div class=\"et_pb_text_inner\">\n<div class=\"et_pb_module et_pb_text et_pb_text_0 et_pb_text_align_left et_pb_bg_layout_light\">\n<h3 class=\"et_pb_text_inner\">Ein Hauch von nichts. <span style=\"font-size: 16px;\">Und dennoch 100 %, was Du brauchst.<\/span><\/h3>\n<\/div>\n<div class=\"et_pb_module et_pb_text et_pb_text_1 et_pb_text_align_left et_pb_bg_layout_light\">\n<div class=\"et_pb_text_inner\">\n<div class=\"et_pb_module et_pb_text et_pb_text_0 et_pb_text_align_left et_pb_bg_layout_light\">\n<div class=\"et_pb_text_inner\">\n<div class=\"et_pb_module et_pb_text et_pb_text_0 et_pb_text_align_left et_pb_bg_layout_light\">\n<div class=\"et_pb_text_inner\">\n<p><img loading=\"lazy\" decoding=\"async\" class=\"\" src=\"https:\/\/skywalk.info\/files\/2016\/01\/SLEEVE-RZ-HRO-Freisteller.jpg\" alt=\"undefined\" width=\"500\" height=\"375\" \/><\/p>\n<\/div>\n<\/div>\n<div class=\"et_pb_module et_pb_text et_pb_text_1 et_pb_text_align_left et_pb_bg_layout_light\">\n<div class=\"et_pb_text_inner\">\n<p>Das SLEEVE Ultraleicht Gurtzeug wurde speziell f\u00fcr Trail-Runner, Kletterer, Skitourengeher, Bikepacker und alle ambitionierten Alpinisten entwickelt, die bei Gewicht und Packma\u00df keine Kompromisse eingehen wollen. Das puristische, ultraleichte Gurtzeug wiegt nur 245 Gramm in der kleinsten Gr\u00f6\u00dfe, passt problemlos in deine Jackentasche und ist f\u00fcr ein Startgewicht von bis zu 110 Kilogramm zugelassen.<\/p>\n<p>Durch den minimalistischen Aufbau des Sitzbrett-losen Gurtzeugs bietet es dir ein extrem intuitives Handling.<\/p>\n<p>&nbsp;<\/p>\n<h5 class=\"et_pb_toggle_title\">Wie wirkt sich das Gurtzeug auf das Flugverhalten aus?<\/h5>\n<div class=\"et_pb_toggle_content clearfix\">\n<div>Das SLEEVE ist ein klassisches Schlaufengurtzeug mit konstruktiv bedingt hoher Aufh\u00e4ngung. Daraus resultiert eine h\u00f6here Rollstabilit\u00e4t und ein ged\u00e4mpftes Flugverhalten bei Turbulenzen. Speziell bei sehr kleinen Schirmen ist dieses Verhalten sehr angenehm.<\/div>\n<\/div>\n<h5 class=\"et_pb_toggle_title\">Ist das SLEEVE Windentauglich?<\/h5>\n<div class=\"et_pb_toggle_content clearfix\">\n<p>Das SLEEVE wird nicht als Gurtzeug zum Windenschlepp empfohlen.<\/p>\n<h5 class=\"et_pb_toggle_title\">Ist das SLEEVE zum Tandemfliegen geeignet?<\/h5>\n<div class=\"et_pb_toggle_content clearfix\">\n<p>Das SLEEVE eignet sich als leichtes\u00a0Hike&amp;Fly Tandem Passagier Gurtzeug. Der verantwortliche\u00a0Tandempilot sollte aber immer das erh\u00f6hte Risiko des Materialverschlei\u00dfes\u00a0durch intensive Anwendung beachten.<\/p>\n<p>&nbsp;<\/p>\n<p>https:\/\/youtu.be\/S8ejEMKjNHg<\/p>\n<\/div>\n<\/div>\n<p class=\"et_pb_text_inner\"><strong>Technische Daten<\/strong><\/p>\n<div class=\"et_pb_all_tabs\">\n<div class=\"et_pb_tab et_pb_tab_0 clearfix et_pb_active_content et-pb-active-slide\">\n<div class=\"et_pb_tab_content\">\n<table id=\"tablepress-377\" class=\"tablepress tablepress-id-377 tablepress-responsive tablepress-responsive-tablet\">\n<tbody class=\"row-hover\">\n<tr class=\"row-1 odd\">\n<td class=\"column-1\"><strong>Gr\u00f6\u00dfe<\/strong><\/td>\n<td class=\"column-2\"><strong>S\/M<\/strong><\/td>\n<td class=\"column-3\"><strong>M\/L<\/strong><\/td>\n<\/tr>\n<tr class=\"row-2 even\">\n<td class=\"column-1\"><strong>Pilotengr\u00f6\u00dfe (cm)<\/strong><\/td>\n<td class=\"column-2\">155 &#8211; 173<\/td>\n<td class=\"column-3\">170 &#8211; 195<\/td>\n<\/tr>\n<tr class=\"row-3 odd\">\n<td class=\"column-1\"><strong>Gewicht Gurtzeug (g)<\/strong><\/td>\n<td class=\"column-2\">170<\/td>\n<td class=\"column-3\">195<\/td>\n<\/tr>\n<tr class=\"row-4 even\">\n<td class=\"column-1\"><strong>Gewicht Karabiner (g)<\/strong><\/td>\n<td class=\"column-2\">75<\/td>\n<td class=\"column-3\">75<\/td>\n<\/tr>\n<tr class=\"row-5 odd\">\n<td class=\"column-1\"><strong>Packvolumen (l)<\/strong><\/td>\n<td class=\"column-2\">0,7<\/td>\n<td class=\"column-3\">0,7<\/td>\n<\/tr>\n<tr class=\"row-6 even\">\n<td class=\"column-1\"><strong>Zulassung Gurtzeug<\/strong><\/td>\n<td class=\"column-2\">EN 1651:2018<\/td>\n<td class=\"column-3\">EN 1651:2018<\/td>\n<\/tr>\n<tr class=\"row-7 odd\">\n<td class=\"column-1\"><strong>Maximale Anh\u00e4ngelast (kg)<\/strong><\/td>\n<td class=\"column-2\">110<\/td>\n<td class=\"column-3\">110<\/td>\n<\/tr>\n<\/tbody>\n<\/table>\n<\/div>\n<\/div>\n<\/div>\n<p>Durch den minimalistischen Aufbau des Sitzbrett-losen Gurtzeugs bietet es Dir ein extrem intuitives Handling.<\/p>\n<p><strong>GURTZEUG IN ALLEN GR\u00d6SSEN BEI UNS IM SHOP IN THUN ALS DEMO VERF\u00dcGBAR.<\/strong><\/p>\n<\/div>\n<\/div>\n<\/div>\n<\/div>\n<\/div>\n<\/div>\n<\/div>\n<\/div>\n<p>Mehr<a href=\"https:\/\/skywalk.info\/de\/project\/sleeve\/\"> Infos<\/a><\/p>\n<p>Falls dieser Artikel nicht an Lager ist, wird er f\u00fcr dich bestellt. Lieferfrist auf Anfrage.<\/p>\n","protected":false},"featured_media":11442,"comment_status":"closed","ping_status":"closed","template":"","meta":[],"product_brand":[2595],"product_cat":[1026],"product_tag":[1965,90],"class_list":{"0":"post-11439","1":"product","2":"type-product","3":"status-publish","4":"has-post-thumbnail","6":"product_brand-skywalk","7":"product_cat-leichte-gleitschirmgurtzeuge","8":"product_tag-ultraleichtgurtzeug","9":"product_tag-verkaufsartikel","10":"product_shipping_class-priority-2kg-de","12":"first","13":"instock","14":"sale","15":"shipping-taxable","16":"purchasable","17":"product-type-variable"},"yoast_head":"<!-- This site is optimized with the Yoast SEO Premium plugin v26.1 (Yoast SEO v27.3) - https:\/\/yoast.com\/product\/yoast-seo-premium-wordpress\/ -->\n<title>Skywalk Sleeve | Gleitschirmschule Thun, Bern, Interlaken<\/title>\n<meta name=\"description\" content=\"Das SLEEVE Ultraleicht Gurtzeug wurde speziell f\u00fcr Trail-Runner, Kletterer, Skitourengeher, Bikepacker und alle ambitionierten Alpinisten entwickelt, die bei Gewicht und Packma\u00df keine Kompromisse eingehen wollen. Das puristische, ultraleichte Gurtzeug wiegt nur 240 Gramm, passt problemlos in Deine Jackentasche und ist f\u00fcr ein Startgewicht von bis zu 110 Kilogramm zugelassen.Durch den minimalistischen Aufbau des Sitzbrett-losen Gurtzeugs bietet es Dir ein extrem intuitives Handling.\" \/>\n<meta name=\"robots\" content=\"index, follow, max-snippet:-1, max-image-preview:large, max-video-preview:-1\" \/>\n<link rel=\"canonical\" href=\"https:\/\/swissgliders.ch\/de\/produkt\/skywalk-sleeve\/\" \/>\n<meta property=\"og:locale\" content=\"de_DE\" \/>\n<meta property=\"og:type\" content=\"article\" \/>\n<meta property=\"og:title\" content=\"Skywalk Sleeve\" \/>\n<meta property=\"og:description\" content=\"Das SLEEVE Ultraleicht Gurtzeug wurde speziell f\u00fcr Trail-Runner, Kletterer, Skitourengeher, Bikepacker und alle ambitionierten Alpinisten entwickelt, die bei Gewicht und Packma\u00df keine Kompromisse eingehen wollen. Das puristische, ultraleichte Gurtzeug wiegt nur 240 Gramm, passt problemlos in Deine Jackentasche und ist f\u00fcr ein Startgewicht von bis zu 110 Kilogramm zugelassen.Durch den minimalistischen Aufbau des Sitzbrett-losen Gurtzeugs bietet es Dir ein extrem intuitives Handling.\" \/>\n<meta property=\"og:url\" content=\"https:\/\/swissgliders.ch\/de\/produkt\/skywalk-sleeve\/\" \/>\n<meta property=\"og:site_name\" content=\"Gleitschirmschule Thun, Bern, Interlaken\" \/>\n<meta property=\"article:publisher\" content=\"https:\/\/www.facebook.com\/swissgliders\" \/>\n<meta property=\"article:modified_time\" content=\"2025-09-26T17:27:04+00:00\" \/>\n<meta property=\"og:image\" content=\"https:\/\/swissgliders.ch\/wp-content\/uploads\/2023\/10\/Skywalk_Gurtzeug_Sleeve-1.jpg\" \/>\n\t<meta property=\"og:image:width\" content=\"2125\" \/>\n\t<meta property=\"og:image:height\" content=\"2160\" \/>\n\t<meta property=\"og:image:type\" content=\"image\/jpeg\" \/>\n<meta name=\"twitter:card\" content=\"summary_large_image\" \/>\n<meta name=\"twitter:site\" content=\"@Swissgliders\" \/>\n<meta name=\"twitter:label1\" content=\"Verf\u00fcgbarkeit\" \/>\n\t<meta name=\"twitter:data1\" content=\"Auf Lager\" \/>\n<script type=\"application\/ld+json\" class=\"yoast-schema-graph\">{\"@context\":\"https:\\\/\\\/schema.org\",\"@graph\":[{\"@type\":\"WebPage\",\"@id\":\"https:\\\/\\\/swissgliders.ch\\\/de\\\/produkt\\\/skywalk-sleeve\\\/\",\"url\":\"https:\\\/\\\/swissgliders.ch\\\/de\\\/produkt\\\/skywalk-sleeve\\\/\",\"name\":\"Skywalk Sleeve | Gleitschirmschule Thun, Bern, Interlaken\",\"isPartOf\":{\"@id\":\"https:\\\/\\\/swissgliders.ch\\\/de\\\/#website\"},\"primaryImageOfPage\":{\"@id\":\"https:\\\/\\\/swissgliders.ch\\\/de\\\/produkt\\\/skywalk-sleeve\\\/#primaryimage\"},\"image\":{\"@id\":\"https:\\\/\\\/swissgliders.ch\\\/de\\\/produkt\\\/skywalk-sleeve\\\/#primaryimage\"},\"thumbnailUrl\":\"https:\\\/\\\/swissgliders.ch\\\/wp-content\\\/uploads\\\/2023\\\/10\\\/Skywalk_Gurtzeug_Sleeve-1.jpg\",\"datePublished\":\"2023-10-08T09:12:12+00:00\",\"dateModified\":\"2025-09-26T17:27:04+00:00\",\"description\":\"Das SLEEVE Ultraleicht Gurtzeug wurde speziell f\u00fcr Trail-Runner, Kletterer, Skitourengeher, Bikepacker und alle ambitionierten Alpinisten entwickelt, die bei Gewicht und Packma\u00df keine Kompromisse eingehen wollen. Das puristische, ultraleichte Gurtzeug wiegt nur 240 Gramm, passt problemlos in Deine Jackentasche und ist f\u00fcr ein Startgewicht von bis zu 110 Kilogramm zugelassen.Durch den minimalistischen Aufbau des Sitzbrett-losen Gurtzeugs bietet es Dir ein extrem intuitives Handling.\",\"breadcrumb\":{\"@id\":\"https:\\\/\\\/swissgliders.ch\\\/de\\\/produkt\\\/skywalk-sleeve\\\/#breadcrumb\"},\"inLanguage\":\"de\",\"potentialAction\":[{\"@type\":\"ReadAction\",\"target\":[\"https:\\\/\\\/swissgliders.ch\\\/de\\\/produkt\\\/skywalk-sleeve\\\/\"]}]},{\"@type\":\"ImageObject\",\"inLanguage\":\"de\",\"@id\":\"https:\\\/\\\/swissgliders.ch\\\/de\\\/produkt\\\/skywalk-sleeve\\\/#primaryimage\",\"url\":\"https:\\\/\\\/swissgliders.ch\\\/wp-content\\\/uploads\\\/2023\\\/10\\\/Skywalk_Gurtzeug_Sleeve-1.jpg\",\"contentUrl\":\"https:\\\/\\\/swissgliders.ch\\\/wp-content\\\/uploads\\\/2023\\\/10\\\/Skywalk_Gurtzeug_Sleeve-1.jpg\",\"width\":2125,\"height\":2160,\"caption\":\"Skywalk_Gurtzeug_Sleeve-1\"},{\"@type\":\"BreadcrumbList\",\"@id\":\"https:\\\/\\\/swissgliders.ch\\\/de\\\/produkt\\\/skywalk-sleeve\\\/#breadcrumb\",\"itemListElement\":[{\"@type\":\"ListItem\",\"position\":1,\"name\":\"Startseite\",\"item\":\"https:\\\/\\\/swissgliders.ch\\\/de\\\/willkommen\\\/\"},{\"@type\":\"ListItem\",\"position\":2,\"name\":\"Gleitschirm Shop\",\"item\":\"https:\\\/\\\/swissgliders.ch\\\/de\\\/gleitschirm-shop\\\/\"},{\"@type\":\"ListItem\",\"position\":3,\"name\":\"Skywalk Sleeve\"}]},{\"@type\":\"WebSite\",\"@id\":\"https:\\\/\\\/swissgliders.ch\\\/de\\\/#website\",\"url\":\"https:\\\/\\\/swissgliders.ch\\\/de\\\/\",\"name\":\"Gleitschirmschule Thun, Bern, Interlaken\",\"description\":\"Gleitschirmschule Thun, Bern, Interlaken\",\"publisher\":{\"@id\":\"https:\\\/\\\/swissgliders.ch\\\/de\\\/#organization\"},\"potentialAction\":[{\"@type\":\"SearchAction\",\"target\":{\"@type\":\"EntryPoint\",\"urlTemplate\":\"https:\\\/\\\/swissgliders.ch\\\/de\\\/?s={search_term_string}\"},\"query-input\":{\"@type\":\"PropertyValueSpecification\",\"valueRequired\":true,\"valueName\":\"search_term_string\"}}],\"inLanguage\":\"de\"},{\"@type\":\"Organization\",\"@id\":\"https:\\\/\\\/swissgliders.ch\\\/de\\\/#organization\",\"name\":\"Swissgliders Gleitschirmflugschule Thun\",\"url\":\"https:\\\/\\\/swissgliders.ch\\\/de\\\/\",\"logo\":{\"@type\":\"ImageObject\",\"inLanguage\":\"de\",\"@id\":\"https:\\\/\\\/swissgliders.ch\\\/de\\\/#\\\/schema\\\/logo\\\/image\\\/\",\"url\":\"https:\\\/\\\/swissgliders.ch\\\/wp-content\\\/uploads\\\/2019\\\/12\\\/swissgliders-logo-rgb-square-L-no-ch-01.png\",\"contentUrl\":\"https:\\\/\\\/swissgliders.ch\\\/wp-content\\\/uploads\\\/2019\\\/12\\\/swissgliders-logo-rgb-square-L-no-ch-01.png\",\"width\":2500,\"height\":2500,\"caption\":\"Swissgliders Gleitschirmflugschule Thun\"},\"image\":{\"@id\":\"https:\\\/\\\/swissgliders.ch\\\/de\\\/#\\\/schema\\\/logo\\\/image\\\/\"},\"sameAs\":[\"https:\\\/\\\/www.facebook.com\\\/swissgliders\",\"https:\\\/\\\/x.com\\\/Swissgliders\",\"https:\\\/\\\/www.instagram.com\\\/swissgliders\\\/\",\"https:\\\/\\\/www.youtube.com\\\/channel\\\/UCMCtGdepy9vBhrhX3V_oJOA\"],\"hasMerchantReturnPolicy\":{\"@type\":\"MerchantReturnPolicy\",\"merchantReturnLink\":\"https:\\\/\\\/swissgliders.ch\\\/de\\\/allgemeine-geschaftsbedingungen\\\/\"}}]}<\/script>\n<meta property=\"og:availability\" content=\"instock\" \/>\n<meta property=\"product:availability\" content=\"instock\" \/>\n<meta property=\"product:condition\" content=\"new\" \/>\n<!-- \/ Yoast SEO Premium plugin. -->","yoast_head_json":{"title":"Skywalk Sleeve | Gleitschirmschule Thun, Bern, Interlaken","description":"Das SLEEVE Ultraleicht Gurtzeug wurde speziell f\u00fcr Trail-Runner, Kletterer, Skitourengeher, Bikepacker und alle ambitionierten Alpinisten entwickelt, die bei Gewicht und Packma\u00df keine Kompromisse eingehen wollen. Das puristische, ultraleichte Gurtzeug wiegt nur 240 Gramm, passt problemlos in Deine Jackentasche und ist f\u00fcr ein Startgewicht von bis zu 110 Kilogramm zugelassen.Durch den minimalistischen Aufbau des Sitzbrett-losen Gurtzeugs bietet es Dir ein extrem intuitives Handling.","robots":{"index":"index","follow":"follow","max-snippet":"max-snippet:-1","max-image-preview":"max-image-preview:large","max-video-preview":"max-video-preview:-1"},"canonical":"https:\/\/swissgliders.ch\/de\/produkt\/skywalk-sleeve\/","og_locale":"de_DE","og_type":"article","og_title":"Skywalk Sleeve","og_description":"Das SLEEVE Ultraleicht Gurtzeug wurde speziell f\u00fcr Trail-Runner, Kletterer, Skitourengeher, Bikepacker und alle ambitionierten Alpinisten entwickelt, die bei Gewicht und Packma\u00df keine Kompromisse eingehen wollen. Das puristische, ultraleichte Gurtzeug wiegt nur 240 Gramm, passt problemlos in Deine Jackentasche und ist f\u00fcr ein Startgewicht von bis zu 110 Kilogramm zugelassen.Durch den minimalistischen Aufbau des Sitzbrett-losen Gurtzeugs bietet es Dir ein extrem intuitives Handling.","og_url":"https:\/\/swissgliders.ch\/de\/produkt\/skywalk-sleeve\/","og_site_name":"Gleitschirmschule Thun, Bern, Interlaken","article_publisher":"https:\/\/www.facebook.com\/swissgliders","article_modified_time":"2025-09-26T17:27:04+00:00","og_image":[{"width":2125,"height":2160,"url":"https:\/\/swissgliders.ch\/wp-content\/uploads\/2023\/10\/Skywalk_Gurtzeug_Sleeve-1.jpg","type":"image\/jpeg"}],"twitter_card":"summary_large_image","twitter_site":"@Swissgliders","twitter_misc":{"Verf\u00fcgbarkeit":"Auf Lager"},"schema":{"@context":"https:\/\/schema.org","@graph":[{"@type":"WebPage","@id":"https:\/\/swissgliders.ch\/de\/produkt\/skywalk-sleeve\/","url":"https:\/\/swissgliders.ch\/de\/produkt\/skywalk-sleeve\/","name":"Skywalk Sleeve | Gleitschirmschule Thun, Bern, Interlaken","isPartOf":{"@id":"https:\/\/swissgliders.ch\/de\/#website"},"primaryImageOfPage":{"@id":"https:\/\/swissgliders.ch\/de\/produkt\/skywalk-sleeve\/#primaryimage"},"image":{"@id":"https:\/\/swissgliders.ch\/de\/produkt\/skywalk-sleeve\/#primaryimage"},"thumbnailUrl":"https:\/\/swissgliders.ch\/wp-content\/uploads\/2023\/10\/Skywalk_Gurtzeug_Sleeve-1.jpg","datePublished":"2023-10-08T09:12:12+00:00","dateModified":"2025-09-26T17:27:04+00:00","description":"Das SLEEVE Ultraleicht Gurtzeug wurde speziell f\u00fcr Trail-Runner, Kletterer, Skitourengeher, Bikepacker und alle ambitionierten Alpinisten entwickelt, die bei Gewicht und Packma\u00df keine Kompromisse eingehen wollen. Das puristische, ultraleichte Gurtzeug wiegt nur 240 Gramm, passt problemlos in Deine Jackentasche und ist f\u00fcr ein Startgewicht von bis zu 110 Kilogramm zugelassen.Durch den minimalistischen Aufbau des Sitzbrett-losen Gurtzeugs bietet es Dir ein extrem intuitives Handling.","breadcrumb":{"@id":"https:\/\/swissgliders.ch\/de\/produkt\/skywalk-sleeve\/#breadcrumb"},"inLanguage":"de","potentialAction":[{"@type":"ReadAction","target":["https:\/\/swissgliders.ch\/de\/produkt\/skywalk-sleeve\/"]}]},{"@type":"ImageObject","inLanguage":"de","@id":"https:\/\/swissgliders.ch\/de\/produkt\/skywalk-sleeve\/#primaryimage","url":"https:\/\/swissgliders.ch\/wp-content\/uploads\/2023\/10\/Skywalk_Gurtzeug_Sleeve-1.jpg","contentUrl":"https:\/\/swissgliders.ch\/wp-content\/uploads\/2023\/10\/Skywalk_Gurtzeug_Sleeve-1.jpg","width":2125,"height":2160,"caption":"Skywalk_Gurtzeug_Sleeve-1"},{"@type":"BreadcrumbList","@id":"https:\/\/swissgliders.ch\/de\/produkt\/skywalk-sleeve\/#breadcrumb","itemListElement":[{"@type":"ListItem","position":1,"name":"Startseite","item":"https:\/\/swissgliders.ch\/de\/willkommen\/"},{"@type":"ListItem","position":2,"name":"Gleitschirm Shop","item":"https:\/\/swissgliders.ch\/de\/gleitschirm-shop\/"},{"@type":"ListItem","position":3,"name":"Skywalk Sleeve"}]},{"@type":"WebSite","@id":"https:\/\/swissgliders.ch\/de\/#website","url":"https:\/\/swissgliders.ch\/de\/","name":"Gleitschirmschule Thun, Bern, Interlaken","description":"Gleitschirmschule Thun, Bern, Interlaken","publisher":{"@id":"https:\/\/swissgliders.ch\/de\/#organization"},"potentialAction":[{"@type":"SearchAction","target":{"@type":"EntryPoint","urlTemplate":"https:\/\/swissgliders.ch\/de\/?s={search_term_string}"},"query-input":{"@type":"PropertyValueSpecification","valueRequired":true,"valueName":"search_term_string"}}],"inLanguage":"de"},{"@type":"Organization","@id":"https:\/\/swissgliders.ch\/de\/#organization","name":"Swissgliders Gleitschirmflugschule Thun","url":"https:\/\/swissgliders.ch\/de\/","logo":{"@type":"ImageObject","inLanguage":"de","@id":"https:\/\/swissgliders.ch\/de\/#\/schema\/logo\/image\/","url":"https:\/\/swissgliders.ch\/wp-content\/uploads\/2019\/12\/swissgliders-logo-rgb-square-L-no-ch-01.png","contentUrl":"https:\/\/swissgliders.ch\/wp-content\/uploads\/2019\/12\/swissgliders-logo-rgb-square-L-no-ch-01.png","width":2500,"height":2500,"caption":"Swissgliders Gleitschirmflugschule Thun"},"image":{"@id":"https:\/\/swissgliders.ch\/de\/#\/schema\/logo\/image\/"},"sameAs":["https:\/\/www.facebook.com\/swissgliders","https:\/\/x.com\/Swissgliders","https:\/\/www.instagram.com\/swissgliders\/","https:\/\/www.youtube.com\/channel\/UCMCtGdepy9vBhrhX3V_oJOA"],"hasMerchantReturnPolicy":{"@type":"MerchantReturnPolicy","merchantReturnLink":"https:\/\/swissgliders.ch\/de\/allgemeine-geschaftsbedingungen\/"}}]},"og_availability":"instock","product_availability":"instock","product_condition":"new"},"_links":{"self":[{"href":"https:\/\/swissgliders.ch\/de\/wp-json\/wp\/v2\/product\/11439","targetHints":{"allow":["GET"]}}],"collection":[{"href":"https:\/\/swissgliders.ch\/de\/wp-json\/wp\/v2\/product"}],"about":[{"href":"https:\/\/swissgliders.ch\/de\/wp-json\/wp\/v2\/types\/product"}],"replies":[{"embeddable":true,"href":"https:\/\/swissgliders.ch\/de\/wp-json\/wp\/v2\/comments?post=11439"}],"wp:featuredmedia":[{"embeddable":true,"href":"https:\/\/swissgliders.ch\/de\/wp-json\/wp\/v2\/media\/11442"}],"wp:attachment":[{"href":"https:\/\/swissgliders.ch\/de\/wp-json\/wp\/v2\/media?parent=11439"}],"wp:term":[{"taxonomy":"product_brand","embeddable":true,"href":"https:\/\/swissgliders.ch\/de\/wp-json\/wp\/v2\/product_brand?post=11439"},{"taxonomy":"product_cat","embeddable":true,"href":"https:\/\/swissgliders.ch\/de\/wp-json\/wp\/v2\/product_cat?post=11439"},{"taxonomy":"product_tag","embeddable":true,"href":"https:\/\/swissgliders.ch\/de\/wp-json\/wp\/v2\/product_tag?post=11439"}],"curies":[{"name":"wp","href":"https:\/\/api.w.org\/{rel}","templated":true}]}}