{"id":11565,"date":"2023-10-26T07:49:22","date_gmt":"2023-10-26T06:49:22","guid":{"rendered":"https:\/\/swissgliders.ch\/?post_type=product&#038;p=11565"},"modified":"2025-03-16T11:01:16","modified_gmt":"2025-03-16T10:01:16","slug":"airdesign-le-slip-2-airbag","status":"publish","type":"product","link":"https:\/\/swissgliders.ch\/de\/produkt\/airdesign-le-slip-2-airbag\/","title":{"rendered":"AirDesign Le Slip 2 Airbag"},"content":{"rendered":"<div class=\"et_pb_module et_pb_text et_pb_text_0 et_pb_bg_layout_light et_pb_text_align_left\">\n<div class=\"et_pb_text_inner\">\n<div class=\"et_pb_module et_pb_text et_pb_text_0 et_pb_bg_layout_light et_pb_text_align_left\">\n<div class=\"et_pb_text_inner\">\n<div class=\"et_pb_module et_pb_text et_pb_text_0 et_pb_text_align_left et_pb_bg_layout_light\">\n<div class=\"et_pb_text_inner\">\n<p>Le Slip hat eine Windel bekommen! Schutz f\u00fcr das Ges\u00e4\u00df und die Lendenwirbel \u2013 unsere zwei Kammern-Technologie garantiert perfekten Schutz f\u00fcr beide Bereiche. Es verf\u00fcgt jetzt \u00fcber zus\u00e4tzliche einstellbare Schieber f\u00fcr eine engere und stabilere Verbindung mit Le Slip 2 und seinem Piloten. Es ist kompatibel mit Le Slip 1 und weiterhin kompatibel mit dem Fliegen mit Rucksack. Gefertigt aus solidem D210 Ripstop-Gewebe und Nitinol-Stab.<\/p>\n<p>Gewicht: 280 Gramm.<br \/>\nZertifiziert bei 22G! (Das obere Limit f\u00fcr die D\u00e4mpfung bei Protektoren ist 50G. Es gibt nur ganz wenige Protektoren, die so nahe an 20G heran kommen. Unser Airbag kann dir im Notfall also extrem gute Dienste leisten!).<br \/>\nDas Set (Le Slip, Airbag) wiegt unter 500 Gramm!<\/p>\n<\/div>\n<\/div>\n<\/div>\n<\/div>\n<p>Mehr<a href=\"https:\/\/ad-gliders.com\/produkt\/airbag-le-slip-2\/\" target=\"_blank\" rel=\"noopener noreferrer\"> Infos<\/a><\/p>\n<p>Lieferzeit 2-3 Tage im Normalfall<\/p>\n<\/div>\n<\/div>\n","protected":false},"excerpt":{"rendered":"<div class=\"et_pb_module et_pb_text et_pb_text_0 et_pb_bg_layout_light et_pb_text_align_left\">\n<div class=\"et_pb_text_inner\">\n<div class=\"et_pb_module et_pb_text et_pb_text_0 et_pb_text_align_left et_pb_bg_layout_light\">\n<div class=\"et_pb_text_inner\">\n<div class=\"et_pb_module et_pb_text et_pb_text_0 et_pb_bg_layout_light et_pb_text_align_left\">\n<div class=\"et_pb_text_inner\">\n<div class=\"et_pb_module et_pb_text et_pb_text_0 et_pb_bg_layout_light et_pb_text_align_left\">\n<div class=\"et_pb_text_inner\">\n<div class=\"et_pb_module et_pb_text et_pb_text_0 et_pb_text_align_left et_pb_bg_layout_light\">\n<div class=\"et_pb_text_inner\">\n<div class=\"et_pb_module et_pb_text et_pb_text_0 et_pb_bg_layout_light et_pb_text_align_left\">\n<div class=\"et_pb_text_inner\">\n<div class=\"et_pb_module et_pb_text et_pb_text_0 et_pb_bg_layout_light et_pb_text_align_left\">\n<div class=\"et_pb_text_inner\">\n<div class=\"et_pb_module et_pb_text et_pb_text_0 et_pb_text_align_left et_pb_bg_layout_light\">\n<div class=\"et_pb_text_inner\">\n<p>Le Slip hat eine Windel bekommen! Schutz f\u00fcr das Ges\u00e4\u00df und die Lendenwirbel \u2013 unsere zwei Kammern-Technologie garantiert perfekten Schutz f\u00fcr beide Bereiche. Es verf\u00fcgt jetzt \u00fcber zus\u00e4tzliche einstellbare Schieber f\u00fcr eine engere und stabilere Verbindung mit Le Slip 2 und seinem Piloten. Es ist kompatibel mit Le Slip 1 und weiterhin kompatibel mit dem Fliegen mit Rucksack. Gefertigt aus solidem D210 Ripstop-Gewebe und Nitinol-Stab.<\/p>\n<p>Gewicht: 280 Gramm.<br \/>\nZertifiziert bei 22G! (Das obere Limit f\u00fcr die D\u00e4mpfung bei Protektoren ist 50G. Es gibt nur ganz wenige Protektoren, die so nahe an 20G heran kommen. Unser Airbag kann dir im Notfall also extrem gute Dienste leisten!).<br \/>\nDas Set (Le Slip, Airbag) wiegt unter 500 Gramm!<\/p>\n<\/div>\n<\/div>\n<\/div>\n<\/div>\n<p>Mehr<a href=\"https:\/\/ad-gliders.com\/produkt\/airbag-le-slip-2\/\" target=\"_blank\" rel=\"noopener noreferrer\"> Infos<\/a><\/p>\n<p>Lieferzeit 2-3 Tage im Normalfall<\/p>\n<\/div>\n<\/div>\n<\/div>\n<\/div>\n<\/div>\n<\/div>\n<\/div>\n<\/div>\n<\/div>\n<\/div>\n<\/div>\n<\/div>\n","protected":false},"featured_media":12065,"comment_status":"closed","ping_status":"closed","template":"","meta":[],"product_brand":[],"product_cat":[402],"product_tag":[2354,90],"class_list":{"0":"post-11565","1":"product","2":"type-product","3":"status-publish","4":"has-post-thumbnail","6":"product_cat-gleitschirm-zubehoer","7":"product_tag-airbag","8":"product_tag-verkaufsartikel","9":"product_shipping_class-priority-2kg-de","11":"first","12":"instock","13":"sale","14":"shipping-taxable","15":"purchasable","16":"product-type-simple"},"yoast_head":"<!-- This site is optimized with the Yoast SEO Premium plugin v26.1 (Yoast SEO v27.3) - https:\/\/yoast.com\/product\/yoast-seo-premium-wordpress\/ -->\n<title>AirDesign Le Slip 2 Airbag | Gleitschirmschule Thun, Bern, Interlaken<\/title>\n<meta name=\"description\" content=\"Le Slip hat eine Windel bekommen! Schutz f\u00fcr das Ges\u00e4\u00df und die Lendenwirbel \u2013 unsere zwei Kammern-Technologie garantiert perfekten Schutz f\u00fcr beide Bereiche. Es verf\u00fcgt jetzt \u00fcber zus\u00e4tzliche einstellbare Schieber f\u00fcr eine engere und stabilere Verbindung mit Le Slip 2 und seinem Piloten. Es ist kompatibel mit Le Slip 1 und weiterhin kompatibel mit dem Fliegen mit Rucksack. Gefertigt aus solidem D210 Ripstop-Gewebe und Nitinol-Stab.\" \/>\n<meta name=\"robots\" content=\"index, follow, max-snippet:-1, max-image-preview:large, max-video-preview:-1\" \/>\n<link rel=\"canonical\" href=\"https:\/\/swissgliders.ch\/de\/produkt\/airdesign-le-slip-2-airbag\/\" \/>\n<meta property=\"og:locale\" content=\"de_DE\" \/>\n<meta property=\"og:type\" content=\"article\" \/>\n<meta property=\"og:title\" content=\"AirDesign Le Slip 2 Airbag\" \/>\n<meta property=\"og:description\" content=\"Le Slip hat eine Windel bekommen! Schutz f\u00fcr das Ges\u00e4\u00df und die Lendenwirbel \u2013 unsere zwei Kammern-Technologie garantiert perfekten Schutz f\u00fcr beide Bereiche. Es verf\u00fcgt jetzt \u00fcber zus\u00e4tzliche einstellbare Schieber f\u00fcr eine engere und stabilere Verbindung mit Le Slip 2 und seinem Piloten. Es ist kompatibel mit Le Slip 1 und weiterhin kompatibel mit dem Fliegen mit Rucksack. Gefertigt aus solidem D210 Ripstop-Gewebe und Nitinol-Stab.\" \/>\n<meta property=\"og:url\" content=\"https:\/\/swissgliders.ch\/de\/produkt\/airdesign-le-slip-2-airbag\/\" \/>\n<meta property=\"og:site_name\" content=\"Gleitschirmschule Thun, Bern, Interlaken\" \/>\n<meta property=\"article:publisher\" content=\"https:\/\/www.facebook.com\/swissgliders\" \/>\n<meta property=\"article:modified_time\" content=\"2025-03-16T10:01:16+00:00\" \/>\n<meta property=\"og:image\" content=\"https:\/\/swissgliders.ch\/wp-content\/uploads\/2023\/10\/airbag-2-air-design.jpg\" \/>\n\t<meta property=\"og:image:width\" content=\"1300\" \/>\n\t<meta property=\"og:image:height\" content=\"1123\" \/>\n\t<meta property=\"og:image:type\" content=\"image\/jpeg\" \/>\n<meta name=\"twitter:card\" content=\"summary_large_image\" \/>\n<meta name=\"twitter:site\" content=\"@Swissgliders\" \/>\n<meta name=\"twitter:label1\" content=\"Preis\" \/>\n\t<meta name=\"twitter:data1\" content=\"&#067;&#072;&#070;&nbsp;141.00\" \/>\n\t<meta name=\"twitter:label2\" content=\"Verf\u00fcgbarkeit\" \/>\n\t<meta name=\"twitter:data2\" content=\"Auf Lager\" \/>\n<script type=\"application\/ld+json\" class=\"yoast-schema-graph\">{\"@context\":\"https:\\\/\\\/schema.org\",\"@graph\":[{\"@type\":\"WebPage\",\"@id\":\"https:\\\/\\\/swissgliders.ch\\\/de\\\/produkt\\\/airdesign-le-slip-2-airbag\\\/\",\"url\":\"https:\\\/\\\/swissgliders.ch\\\/de\\\/produkt\\\/airdesign-le-slip-2-airbag\\\/\",\"name\":\"AirDesign Le Slip 2 Airbag | Gleitschirmschule Thun, Bern, Interlaken\",\"isPartOf\":{\"@id\":\"https:\\\/\\\/swissgliders.ch\\\/de\\\/#website\"},\"primaryImageOfPage\":{\"@id\":\"https:\\\/\\\/swissgliders.ch\\\/de\\\/produkt\\\/airdesign-le-slip-2-airbag\\\/#primaryimage\"},\"image\":{\"@id\":\"https:\\\/\\\/swissgliders.ch\\\/de\\\/produkt\\\/airdesign-le-slip-2-airbag\\\/#primaryimage\"},\"thumbnailUrl\":\"https:\\\/\\\/swissgliders.ch\\\/wp-content\\\/uploads\\\/2023\\\/10\\\/airbag-2-air-design.jpg\",\"datePublished\":\"2023-10-26T06:49:22+00:00\",\"dateModified\":\"2025-03-16T10:01:16+00:00\",\"description\":\"Le Slip hat eine Windel bekommen! Schutz f\u00fcr das Ges\u00e4\u00df und die Lendenwirbel \u2013 unsere zwei Kammern-Technologie garantiert perfekten Schutz f\u00fcr beide Bereiche. Es verf\u00fcgt jetzt \u00fcber zus\u00e4tzliche einstellbare Schieber f\u00fcr eine engere und stabilere Verbindung mit Le Slip 2 und seinem Piloten. Es ist kompatibel mit Le Slip 1 und weiterhin kompatibel mit dem Fliegen mit Rucksack. Gefertigt aus solidem D210 Ripstop-Gewebe und Nitinol-Stab.\",\"breadcrumb\":{\"@id\":\"https:\\\/\\\/swissgliders.ch\\\/de\\\/produkt\\\/airdesign-le-slip-2-airbag\\\/#breadcrumb\"},\"inLanguage\":\"de\",\"potentialAction\":[{\"@type\":\"ReadAction\",\"target\":[\"https:\\\/\\\/swissgliders.ch\\\/de\\\/produkt\\\/airdesign-le-slip-2-airbag\\\/\"]}]},{\"@type\":\"ImageObject\",\"inLanguage\":\"de\",\"@id\":\"https:\\\/\\\/swissgliders.ch\\\/de\\\/produkt\\\/airdesign-le-slip-2-airbag\\\/#primaryimage\",\"url\":\"https:\\\/\\\/swissgliders.ch\\\/wp-content\\\/uploads\\\/2023\\\/10\\\/airbag-2-air-design.jpg\",\"contentUrl\":\"https:\\\/\\\/swissgliders.ch\\\/wp-content\\\/uploads\\\/2023\\\/10\\\/airbag-2-air-design.jpg\",\"width\":1300,\"height\":1123,\"caption\":\"airbag-2-airdesign-1\"},{\"@type\":\"BreadcrumbList\",\"@id\":\"https:\\\/\\\/swissgliders.ch\\\/de\\\/produkt\\\/airdesign-le-slip-2-airbag\\\/#breadcrumb\",\"itemListElement\":[{\"@type\":\"ListItem\",\"position\":1,\"name\":\"Startseite\",\"item\":\"https:\\\/\\\/swissgliders.ch\\\/de\\\/willkommen\\\/\"},{\"@type\":\"ListItem\",\"position\":2,\"name\":\"Gleitschirm Shop\",\"item\":\"https:\\\/\\\/swissgliders.ch\\\/de\\\/gleitschirm-shop\\\/\"},{\"@type\":\"ListItem\",\"position\":3,\"name\":\"AirDesign Le Slip 2 Airbag\"}]},{\"@type\":\"WebSite\",\"@id\":\"https:\\\/\\\/swissgliders.ch\\\/de\\\/#website\",\"url\":\"https:\\\/\\\/swissgliders.ch\\\/de\\\/\",\"name\":\"Gleitschirmschule Thun, Bern, Interlaken\",\"description\":\"Gleitschirmschule Thun, Bern, Interlaken\",\"publisher\":{\"@id\":\"https:\\\/\\\/swissgliders.ch\\\/de\\\/#organization\"},\"potentialAction\":[{\"@type\":\"SearchAction\",\"target\":{\"@type\":\"EntryPoint\",\"urlTemplate\":\"https:\\\/\\\/swissgliders.ch\\\/de\\\/?s={search_term_string}\"},\"query-input\":{\"@type\":\"PropertyValueSpecification\",\"valueRequired\":true,\"valueName\":\"search_term_string\"}}],\"inLanguage\":\"de\"},{\"@type\":\"Organization\",\"@id\":\"https:\\\/\\\/swissgliders.ch\\\/de\\\/#organization\",\"name\":\"Swissgliders Gleitschirmflugschule Thun\",\"url\":\"https:\\\/\\\/swissgliders.ch\\\/de\\\/\",\"logo\":{\"@type\":\"ImageObject\",\"inLanguage\":\"de\",\"@id\":\"https:\\\/\\\/swissgliders.ch\\\/de\\\/#\\\/schema\\\/logo\\\/image\\\/\",\"url\":\"https:\\\/\\\/swissgliders.ch\\\/wp-content\\\/uploads\\\/2019\\\/12\\\/swissgliders-logo-rgb-square-L-no-ch-01.png\",\"contentUrl\":\"https:\\\/\\\/swissgliders.ch\\\/wp-content\\\/uploads\\\/2019\\\/12\\\/swissgliders-logo-rgb-square-L-no-ch-01.png\",\"width\":2500,\"height\":2500,\"caption\":\"Swissgliders Gleitschirmflugschule Thun\"},\"image\":{\"@id\":\"https:\\\/\\\/swissgliders.ch\\\/de\\\/#\\\/schema\\\/logo\\\/image\\\/\"},\"sameAs\":[\"https:\\\/\\\/www.facebook.com\\\/swissgliders\",\"https:\\\/\\\/x.com\\\/Swissgliders\",\"https:\\\/\\\/www.instagram.com\\\/swissgliders\\\/\",\"https:\\\/\\\/www.youtube.com\\\/channel\\\/UCMCtGdepy9vBhrhX3V_oJOA\"],\"hasMerchantReturnPolicy\":{\"@type\":\"MerchantReturnPolicy\",\"merchantReturnLink\":\"https:\\\/\\\/swissgliders.ch\\\/de\\\/allgemeine-geschaftsbedingungen\\\/\"}}]}<\/script>\n<meta property=\"product:price:amount\" content=\"141.00\" \/>\n<meta property=\"product:price:currency\" content=\"CHF\" \/>\n<meta property=\"og:availability\" content=\"instock\" \/>\n<meta property=\"product:availability\" content=\"instock\" \/>\n<meta property=\"product:condition\" content=\"new\" \/>\n<!-- \/ Yoast SEO Premium plugin. -->","yoast_head_json":{"title":"AirDesign Le Slip 2 Airbag | Gleitschirmschule Thun, Bern, Interlaken","description":"Le Slip hat eine Windel bekommen! Schutz f\u00fcr das Ges\u00e4\u00df und die Lendenwirbel \u2013 unsere zwei Kammern-Technologie garantiert perfekten Schutz f\u00fcr beide Bereiche. Es verf\u00fcgt jetzt \u00fcber zus\u00e4tzliche einstellbare Schieber f\u00fcr eine engere und stabilere Verbindung mit Le Slip 2 und seinem Piloten. Es ist kompatibel mit Le Slip 1 und weiterhin kompatibel mit dem Fliegen mit Rucksack. Gefertigt aus solidem D210 Ripstop-Gewebe und Nitinol-Stab.","robots":{"index":"index","follow":"follow","max-snippet":"max-snippet:-1","max-image-preview":"max-image-preview:large","max-video-preview":"max-video-preview:-1"},"canonical":"https:\/\/swissgliders.ch\/de\/produkt\/airdesign-le-slip-2-airbag\/","og_locale":"de_DE","og_type":"article","og_title":"AirDesign Le Slip 2 Airbag","og_description":"Le Slip hat eine Windel bekommen! Schutz f\u00fcr das Ges\u00e4\u00df und die Lendenwirbel \u2013 unsere zwei Kammern-Technologie garantiert perfekten Schutz f\u00fcr beide Bereiche. Es verf\u00fcgt jetzt \u00fcber zus\u00e4tzliche einstellbare Schieber f\u00fcr eine engere und stabilere Verbindung mit Le Slip 2 und seinem Piloten. Es ist kompatibel mit Le Slip 1 und weiterhin kompatibel mit dem Fliegen mit Rucksack. Gefertigt aus solidem D210 Ripstop-Gewebe und Nitinol-Stab.","og_url":"https:\/\/swissgliders.ch\/de\/produkt\/airdesign-le-slip-2-airbag\/","og_site_name":"Gleitschirmschule Thun, Bern, Interlaken","article_publisher":"https:\/\/www.facebook.com\/swissgliders","article_modified_time":"2025-03-16T10:01:16+00:00","og_image":[{"width":1300,"height":1123,"url":"https:\/\/swissgliders.ch\/wp-content\/uploads\/2023\/10\/airbag-2-air-design.jpg","type":"image\/jpeg"}],"twitter_card":"summary_large_image","twitter_site":"@Swissgliders","twitter_misc":{"Preis":"&#67;&#72;&#70;&nbsp;141.00","Verf\u00fcgbarkeit":"Auf Lager"},"schema":{"@context":"https:\/\/schema.org","@graph":[{"@type":"WebPage","@id":"https:\/\/swissgliders.ch\/de\/produkt\/airdesign-le-slip-2-airbag\/","url":"https:\/\/swissgliders.ch\/de\/produkt\/airdesign-le-slip-2-airbag\/","name":"AirDesign Le Slip 2 Airbag | Gleitschirmschule Thun, Bern, Interlaken","isPartOf":{"@id":"https:\/\/swissgliders.ch\/de\/#website"},"primaryImageOfPage":{"@id":"https:\/\/swissgliders.ch\/de\/produkt\/airdesign-le-slip-2-airbag\/#primaryimage"},"image":{"@id":"https:\/\/swissgliders.ch\/de\/produkt\/airdesign-le-slip-2-airbag\/#primaryimage"},"thumbnailUrl":"https:\/\/swissgliders.ch\/wp-content\/uploads\/2023\/10\/airbag-2-air-design.jpg","datePublished":"2023-10-26T06:49:22+00:00","dateModified":"2025-03-16T10:01:16+00:00","description":"Le Slip hat eine Windel bekommen! Schutz f\u00fcr das Ges\u00e4\u00df und die Lendenwirbel \u2013 unsere zwei Kammern-Technologie garantiert perfekten Schutz f\u00fcr beide Bereiche. Es verf\u00fcgt jetzt \u00fcber zus\u00e4tzliche einstellbare Schieber f\u00fcr eine engere und stabilere Verbindung mit Le Slip 2 und seinem Piloten. Es ist kompatibel mit Le Slip 1 und weiterhin kompatibel mit dem Fliegen mit Rucksack. Gefertigt aus solidem D210 Ripstop-Gewebe und Nitinol-Stab.","breadcrumb":{"@id":"https:\/\/swissgliders.ch\/de\/produkt\/airdesign-le-slip-2-airbag\/#breadcrumb"},"inLanguage":"de","potentialAction":[{"@type":"ReadAction","target":["https:\/\/swissgliders.ch\/de\/produkt\/airdesign-le-slip-2-airbag\/"]}]},{"@type":"ImageObject","inLanguage":"de","@id":"https:\/\/swissgliders.ch\/de\/produkt\/airdesign-le-slip-2-airbag\/#primaryimage","url":"https:\/\/swissgliders.ch\/wp-content\/uploads\/2023\/10\/airbag-2-air-design.jpg","contentUrl":"https:\/\/swissgliders.ch\/wp-content\/uploads\/2023\/10\/airbag-2-air-design.jpg","width":1300,"height":1123,"caption":"airbag-2-airdesign-1"},{"@type":"BreadcrumbList","@id":"https:\/\/swissgliders.ch\/de\/produkt\/airdesign-le-slip-2-airbag\/#breadcrumb","itemListElement":[{"@type":"ListItem","position":1,"name":"Startseite","item":"https:\/\/swissgliders.ch\/de\/willkommen\/"},{"@type":"ListItem","position":2,"name":"Gleitschirm Shop","item":"https:\/\/swissgliders.ch\/de\/gleitschirm-shop\/"},{"@type":"ListItem","position":3,"name":"AirDesign Le Slip 2 Airbag"}]},{"@type":"WebSite","@id":"https:\/\/swissgliders.ch\/de\/#website","url":"https:\/\/swissgliders.ch\/de\/","name":"Gleitschirmschule Thun, Bern, Interlaken","description":"Gleitschirmschule Thun, Bern, Interlaken","publisher":{"@id":"https:\/\/swissgliders.ch\/de\/#organization"},"potentialAction":[{"@type":"SearchAction","target":{"@type":"EntryPoint","urlTemplate":"https:\/\/swissgliders.ch\/de\/?s={search_term_string}"},"query-input":{"@type":"PropertyValueSpecification","valueRequired":true,"valueName":"search_term_string"}}],"inLanguage":"de"},{"@type":"Organization","@id":"https:\/\/swissgliders.ch\/de\/#organization","name":"Swissgliders Gleitschirmflugschule Thun","url":"https:\/\/swissgliders.ch\/de\/","logo":{"@type":"ImageObject","inLanguage":"de","@id":"https:\/\/swissgliders.ch\/de\/#\/schema\/logo\/image\/","url":"https:\/\/swissgliders.ch\/wp-content\/uploads\/2019\/12\/swissgliders-logo-rgb-square-L-no-ch-01.png","contentUrl":"https:\/\/swissgliders.ch\/wp-content\/uploads\/2019\/12\/swissgliders-logo-rgb-square-L-no-ch-01.png","width":2500,"height":2500,"caption":"Swissgliders Gleitschirmflugschule Thun"},"image":{"@id":"https:\/\/swissgliders.ch\/de\/#\/schema\/logo\/image\/"},"sameAs":["https:\/\/www.facebook.com\/swissgliders","https:\/\/x.com\/Swissgliders","https:\/\/www.instagram.com\/swissgliders\/","https:\/\/www.youtube.com\/channel\/UCMCtGdepy9vBhrhX3V_oJOA"],"hasMerchantReturnPolicy":{"@type":"MerchantReturnPolicy","merchantReturnLink":"https:\/\/swissgliders.ch\/de\/allgemeine-geschaftsbedingungen\/"}}]},"product_price_amount":"141.00","product_price_currency":"CHF","og_availability":"instock","product_availability":"instock","product_condition":"new"},"_links":{"self":[{"href":"https:\/\/swissgliders.ch\/de\/wp-json\/wp\/v2\/product\/11565","targetHints":{"allow":["GET"]}}],"collection":[{"href":"https:\/\/swissgliders.ch\/de\/wp-json\/wp\/v2\/product"}],"about":[{"href":"https:\/\/swissgliders.ch\/de\/wp-json\/wp\/v2\/types\/product"}],"replies":[{"embeddable":true,"href":"https:\/\/swissgliders.ch\/de\/wp-json\/wp\/v2\/comments?post=11565"}],"wp:featuredmedia":[{"embeddable":true,"href":"https:\/\/swissgliders.ch\/de\/wp-json\/wp\/v2\/media\/12065"}],"wp:attachment":[{"href":"https:\/\/swissgliders.ch\/de\/wp-json\/wp\/v2\/media?parent=11565"}],"wp:term":[{"taxonomy":"product_brand","embeddable":true,"href":"https:\/\/swissgliders.ch\/de\/wp-json\/wp\/v2\/product_brand?post=11565"},{"taxonomy":"product_cat","embeddable":true,"href":"https:\/\/swissgliders.ch\/de\/wp-json\/wp\/v2\/product_cat?post=11565"},{"taxonomy":"product_tag","embeddable":true,"href":"https:\/\/swissgliders.ch\/de\/wp-json\/wp\/v2\/product_tag?post=11565"}],"curies":[{"name":"wp","href":"https:\/\/api.w.org\/{rel}","templated":true}]}}