{"id":11758,"date":"2023-11-23T10:00:21","date_gmt":"2023-11-23T09:00:21","guid":{"rendered":"https:\/\/swissgliders.ch\/?post_type=product&#038;p=11758"},"modified":"2025-06-10T11:56:26","modified_gmt":"2025-06-10T10:56:26","slug":"woody-valley-denali","status":"publish","type":"product","link":"https:\/\/swissgliders.ch\/de\/produkt\/woody-valley-denali\/","title":{"rendered":"Woody Valley Denali"},"content":{"rendered":"<p><del><img loading=\"lazy\" decoding=\"async\" class=\"\" src=\"https:\/\/www.woodyvalley.com\/wp-content\/uploads\/2023\/07\/DENALIDEF_no-sfondo.png\" width=\"624\" height=\"416\" \/><\/del><\/p>\n<p>Das DENALI ist ein extrem leichtes Gurtzeug (nur 212 g in Gr\u00f6\u00dfe S) f\u00fcr das Gleitschirmfliegen in der Freizeit.<\/p>\n<section class=\"has_eae_slider elementor-section elementor-top-section elementor-element elementor-element-5b39ad7 elementor-section-stretched elementor-section-full_width elementor-section-height-default elementor-section-height-default\" data-id=\"5b39ad7\" data-element_type=\"section\" data-settings=\"{&quot;stretch_section&quot;:&quot;section-stretched&quot;,&quot;background_background&quot;:&quot;classic&quot;}\">\n<div class=\"elementor-container elementor-column-gap-default\">\n<div class=\"has_eae_slider elementor-column elementor-col-100 elementor-top-column elementor-element elementor-element-c7f59ab\" data-id=\"c7f59ab\" data-element_type=\"column\">\n<div class=\"elementor-widget-wrap elementor-element-populated\">\n<div class=\"elementor-element elementor-element-2c45c9d elementor-widget elementor-widget-text-editor\" data-id=\"2c45c9d\" data-element_type=\"widget\" data-widget_type=\"text-editor.default\">\n<div class=\"elementor-widget-container\">\n<div id=\"imTextObject_231_305\">\n<div id=\"imTextObject_231_305_tab0\" class=\"text-tab-content grid-prop current-tab\" data-index=\"0\">\n<div class=\"text-inner\">\n<p class=\"sF7BEQ N26GvQ DWOR5A\">Entwickelt f\u00fcr alle, die sowohl das Fliegen als auch das Wandern\/Klettern lieben und auf minimales Gewicht und Volumen setzen.<\/p>\n<p class=\"sF7BEQ N26GvQ DWOR5A\">Benutzerfreundlich, einfach im handling und schwerelos im Flug.<\/p>\n<p class=\"sF7BEQ N26GvQ DWOR5A\"><strong>Hier sind einige Features:<\/strong><\/p>\n<\/div>\n<\/div>\n<\/div>\n<\/div>\n<\/div>\n<\/div>\n<\/div>\n<\/div>\n<\/section>\n<section class=\"has_eae_slider elementor-section elementor-top-section elementor-element elementor-element-dd4caf2 elementor-section-stretched elementor-section-boxed elementor-section-height-default elementor-section-height-default\" data-id=\"dd4caf2\" data-element_type=\"section\" data-settings=\"{&quot;stretch_section&quot;:&quot;section-stretched&quot;,&quot;background_background&quot;:&quot;classic&quot;}\">\n<div class=\"elementor-container elementor-column-gap-no\">\n<div class=\"has_eae_slider elementor-column elementor-col-100 elementor-top-column elementor-element elementor-element-5177e2f\" data-id=\"5177e2f\" data-element_type=\"column\">\n<div class=\"elementor-widget-wrap elementor-element-populated\">\n<div class=\"elementor-element elementor-element-af34ec4 elementor-widget elementor-widget-text-editor\" data-id=\"af34ec4\" data-element_type=\"widget\" data-widget_type=\"text-editor.default\">\n<div class=\"elementor-widget-container\">\n<p>\u25cf 3 Gr\u00f6\u00dfen (S-M-L)<br \/>\n\u25cf Beingurte werden direkt in die Hauptkarabiner eingeh\u00e4ngt<br \/>\n\u25cf Einstieg auch ohne \u00d6ffnung der Beinschlaufen m\u00f6glich<br \/>\n\u25cf Ringe um das Get-up System im Karabiner zu fixieren<br \/>\n\u25cf Super leggero (212gr nella taglia S)<br \/>\n\u25cf Denali Packtasche inklusive<br \/>\n\u25cf Elastische Loops verhindern verrutschen der Schultergurte<\/p>\n<p>\u00abDieses Produkt wird ausschliesslich von einem unserer ausgebildeten Spezialisten mit deinem Gurtzeug bzw. Rettungsschirm kombiniert oder \u00fcber einen von dir gew\u00fcnschten Rettungsschirmpacker SHV ausgeliefert.\u00bb<\/p>\n<p>&nbsp;<\/p>\n<\/div>\n<\/div>\n<\/div>\n<\/div>\n<\/div>\n<\/section>\n<p>Mehr<a href=\"https:\/\/www.woodyvalley.com\/de\/denali\/\" target=\"_blank\" rel=\"noopener noreferrer\"> Infos<\/a><\/p>\n<p>Lieferzeit 2-3 Tage<\/p>\n","protected":false},"excerpt":{"rendered":"<p><del><img loading=\"lazy\" decoding=\"async\" class=\"\" src=\"https:\/\/www.woodyvalley.com\/wp-content\/uploads\/2023\/07\/DENALIDEF_no-sfondo.png\" width=\"624\" height=\"416\" \/><\/del><\/p>\n<p>Das DENALI ist ein extrem leichtes Gurtzeug (nur 212 g in Gr\u00f6\u00dfe S) f\u00fcr das Gleitschirmfliegen in der Freizeit.<\/p>\n<section class=\"has_eae_slider elementor-section elementor-top-section elementor-element elementor-element-5b39ad7 elementor-section-stretched elementor-section-full_width elementor-section-height-default elementor-section-height-default\" data-id=\"5b39ad7\" data-element_type=\"section\" data-settings=\"{&quot;stretch_section&quot;:&quot;section-stretched&quot;,&quot;background_background&quot;:&quot;classic&quot;}\">\n<div class=\"elementor-container elementor-column-gap-default\">\n<div class=\"has_eae_slider elementor-column elementor-col-100 elementor-top-column elementor-element elementor-element-c7f59ab\" data-id=\"c7f59ab\" data-element_type=\"column\">\n<div class=\"elementor-widget-wrap elementor-element-populated\">\n<div class=\"elementor-element elementor-element-2c45c9d elementor-widget elementor-widget-text-editor\" data-id=\"2c45c9d\" data-element_type=\"widget\" data-widget_type=\"text-editor.default\">\n<div class=\"elementor-widget-container\">\n<div id=\"imTextObject_231_305\">\n<div id=\"imTextObject_231_305_tab0\" class=\"text-tab-content grid-prop current-tab\" data-index=\"0\">\n<div class=\"text-inner\">\n<p class=\"sF7BEQ N26GvQ DWOR5A\">Entwickelt f\u00fcr alle, die sowohl das Fliegen als auch das Wandern\/Klettern lieben und auf minimales Gewicht und Volumen setzen.<\/p>\n<p class=\"sF7BEQ N26GvQ DWOR5A\">Benutzerfreundlich, einfach im handling und schwerelos im Flug.<\/p>\n<p class=\"sF7BEQ N26GvQ DWOR5A\"><strong>Hier sind einige Features:<\/strong><\/p>\n<\/div>\n<\/div>\n<\/div>\n<\/div>\n<\/div>\n<\/div>\n<\/div>\n<\/div>\n<\/section>\n<section class=\"has_eae_slider elementor-section elementor-top-section elementor-element elementor-element-dd4caf2 elementor-section-stretched elementor-section-boxed elementor-section-height-default elementor-section-height-default\" data-id=\"dd4caf2\" data-element_type=\"section\" data-settings=\"{&quot;stretch_section&quot;:&quot;section-stretched&quot;,&quot;background_background&quot;:&quot;classic&quot;}\">\n<div class=\"elementor-container elementor-column-gap-no\">\n<div class=\"has_eae_slider elementor-column elementor-col-100 elementor-top-column elementor-element elementor-element-5177e2f\" data-id=\"5177e2f\" data-element_type=\"column\">\n<div class=\"elementor-widget-wrap elementor-element-populated\">\n<div class=\"elementor-element elementor-element-af34ec4 elementor-widget elementor-widget-text-editor\" data-id=\"af34ec4\" data-element_type=\"widget\" data-widget_type=\"text-editor.default\">\n<div class=\"elementor-widget-container\">\n<p>\u25cf 3 Gr\u00f6\u00dfen (S-M-L)<br \/>\n\u25cf Beingurte werden direkt in die Hauptkarabiner eingeh\u00e4ngt<br \/>\n\u25cf Einstieg auch ohne \u00d6ffnung der Beinschlaufen m\u00f6glich<br \/>\n\u25cf Ringe um das Get-up System im Karabiner zu fixieren<br \/>\n\u25cf Super leggero (212gr nella taglia S)<br \/>\n\u25cf Denali Packtasche inklusive<br \/>\n\u25cf Elastische Loops verhindern verrutschen der Schultergurte<\/p>\n<p>\u00abDieses Produkt wird ausschliesslich von einem unserer ausgebildeten Spezialisten mit deinem Gurtzeug bzw. Rettungsschirm kombiniert oder \u00fcber einen von dir gew\u00fcnschten Rettungsschirmpacker SHV ausgeliefert.\u00bb<\/p>\n<p>&nbsp;<\/p>\n<\/div>\n<\/div>\n<\/div>\n<\/div>\n<\/div>\n<\/section>\n<p>Mehr<a href=\"https:\/\/www.woodyvalley.com\/de\/denali\/\" target=\"_blank\" rel=\"noopener noreferrer\"> Infos<\/a><\/p>\n<p>Lieferzeit 2-3 Tage<\/p>\n","protected":false},"featured_media":11766,"comment_status":"closed","ping_status":"closed","template":"","meta":[],"product_brand":[],"product_cat":[1026],"product_tag":[1965,90],"class_list":{"0":"post-11758","1":"product","2":"type-product","3":"status-publish","4":"has-post-thumbnail","6":"product_cat-leichte-gleitschirmgurtzeuge","7":"product_tag-ultraleichtgurtzeug","8":"product_tag-verkaufsartikel","9":"product_shipping_class-priority-2kg-de","11":"first","12":"instock","13":"sale","14":"shipping-taxable","15":"purchasable","16":"product-type-variable"},"yoast_head":"<!-- This site is optimized with the Yoast SEO Premium plugin v26.1 (Yoast SEO v27.3) - https:\/\/yoast.com\/product\/yoast-seo-premium-wordpress\/ -->\n<title>Woody Valley Denali | Gleitschirmschule Thun, Bern, Interlaken<\/title>\n<meta name=\"description\" content=\"Das DENALI ist ein extrem leichtes Gurtzeug (nur 212 g in Gr\u00f6\u00dfe S) f\u00fcr das Gleitschirmfliegen in der Freizeit.Entwickelt f\u00fcr alle, die sowohl das Fliegen als auch das Wandern\/Klettern lieben und auf minimales Gewicht und Volumen setzen.Benutzerfreundlich, einfach im handling und schwerelos im Flug.\" \/>\n<meta name=\"robots\" content=\"index, follow, max-snippet:-1, max-image-preview:large, max-video-preview:-1\" \/>\n<link rel=\"canonical\" href=\"https:\/\/swissgliders.ch\/de\/produkt\/woody-valley-denali\/\" \/>\n<meta property=\"og:locale\" content=\"de_DE\" \/>\n<meta property=\"og:type\" content=\"article\" \/>\n<meta property=\"og:title\" content=\"Woody Valley Denali\" \/>\n<meta property=\"og:description\" content=\"Das DENALI ist ein extrem leichtes Gurtzeug (nur 212 g in Gr\u00f6\u00dfe S) f\u00fcr das Gleitschirmfliegen in der Freizeit.Entwickelt f\u00fcr alle, die sowohl das Fliegen als auch das Wandern\/Klettern lieben und auf minimales Gewicht und Volumen setzen.Benutzerfreundlich, einfach im handling und schwerelos im Flug.\" \/>\n<meta property=\"og:url\" content=\"https:\/\/swissgliders.ch\/de\/produkt\/woody-valley-denali\/\" \/>\n<meta property=\"og:site_name\" content=\"Gleitschirmschule Thun, Bern, Interlaken\" \/>\n<meta property=\"article:publisher\" content=\"https:\/\/www.facebook.com\/swissgliders\" \/>\n<meta property=\"article:modified_time\" content=\"2025-06-10T10:56:26+00:00\" \/>\n<meta property=\"og:image\" content=\"https:\/\/swissgliders.ch\/wp-content\/uploads\/2023\/11\/WV_Gurtzeug_Denali-1.jpg\" \/>\n\t<meta property=\"og:image:width\" content=\"744\" \/>\n\t<meta property=\"og:image:height\" content=\"755\" \/>\n\t<meta property=\"og:image:type\" content=\"image\/jpeg\" \/>\n<meta name=\"twitter:card\" content=\"summary_large_image\" \/>\n<meta name=\"twitter:site\" content=\"@Swissgliders\" \/>\n<meta name=\"twitter:label1\" content=\"Verf\u00fcgbarkeit\" \/>\n\t<meta name=\"twitter:data1\" content=\"Auf Lager\" \/>\n<script type=\"application\/ld+json\" class=\"yoast-schema-graph\">{\"@context\":\"https:\\\/\\\/schema.org\",\"@graph\":[{\"@type\":\"WebPage\",\"@id\":\"https:\\\/\\\/swissgliders.ch\\\/de\\\/produkt\\\/woody-valley-denali\\\/\",\"url\":\"https:\\\/\\\/swissgliders.ch\\\/de\\\/produkt\\\/woody-valley-denali\\\/\",\"name\":\"Woody Valley Denali | Gleitschirmschule Thun, Bern, Interlaken\",\"isPartOf\":{\"@id\":\"https:\\\/\\\/swissgliders.ch\\\/de\\\/#website\"},\"primaryImageOfPage\":{\"@id\":\"https:\\\/\\\/swissgliders.ch\\\/de\\\/produkt\\\/woody-valley-denali\\\/#primaryimage\"},\"image\":{\"@id\":\"https:\\\/\\\/swissgliders.ch\\\/de\\\/produkt\\\/woody-valley-denali\\\/#primaryimage\"},\"thumbnailUrl\":\"https:\\\/\\\/swissgliders.ch\\\/wp-content\\\/uploads\\\/2023\\\/11\\\/WV_Gurtzeug_Denali-1.jpg\",\"datePublished\":\"2023-11-23T09:00:21+00:00\",\"dateModified\":\"2025-06-10T10:56:26+00:00\",\"description\":\"Das DENALI ist ein extrem leichtes Gurtzeug (nur 212 g in Gr\u00f6\u00dfe S) f\u00fcr das Gleitschirmfliegen in der Freizeit.Entwickelt f\u00fcr alle, die sowohl das Fliegen als auch das Wandern\\\/Klettern lieben und auf minimales Gewicht und Volumen setzen.Benutzerfreundlich, einfach im handling und schwerelos im Flug.\",\"breadcrumb\":{\"@id\":\"https:\\\/\\\/swissgliders.ch\\\/de\\\/produkt\\\/woody-valley-denali\\\/#breadcrumb\"},\"inLanguage\":\"de\",\"potentialAction\":[{\"@type\":\"ReadAction\",\"target\":[\"https:\\\/\\\/swissgliders.ch\\\/de\\\/produkt\\\/woody-valley-denali\\\/\"]}]},{\"@type\":\"ImageObject\",\"inLanguage\":\"de\",\"@id\":\"https:\\\/\\\/swissgliders.ch\\\/de\\\/produkt\\\/woody-valley-denali\\\/#primaryimage\",\"url\":\"https:\\\/\\\/swissgliders.ch\\\/wp-content\\\/uploads\\\/2023\\\/11\\\/WV_Gurtzeug_Denali-1.jpg\",\"contentUrl\":\"https:\\\/\\\/swissgliders.ch\\\/wp-content\\\/uploads\\\/2023\\\/11\\\/WV_Gurtzeug_Denali-1.jpg\",\"width\":744,\"height\":755,\"caption\":\"WV_Gurtzeug_Denali-1\"},{\"@type\":\"BreadcrumbList\",\"@id\":\"https:\\\/\\\/swissgliders.ch\\\/de\\\/produkt\\\/woody-valley-denali\\\/#breadcrumb\",\"itemListElement\":[{\"@type\":\"ListItem\",\"position\":1,\"name\":\"Startseite\",\"item\":\"https:\\\/\\\/swissgliders.ch\\\/de\\\/willkommen\\\/\"},{\"@type\":\"ListItem\",\"position\":2,\"name\":\"Gleitschirm Shop\",\"item\":\"https:\\\/\\\/swissgliders.ch\\\/de\\\/gleitschirm-shop\\\/\"},{\"@type\":\"ListItem\",\"position\":3,\"name\":\"Woody Valley Denali\"}]},{\"@type\":\"WebSite\",\"@id\":\"https:\\\/\\\/swissgliders.ch\\\/de\\\/#website\",\"url\":\"https:\\\/\\\/swissgliders.ch\\\/de\\\/\",\"name\":\"Gleitschirmschule Thun, Bern, Interlaken\",\"description\":\"Gleitschirmschule Thun, Bern, Interlaken\",\"publisher\":{\"@id\":\"https:\\\/\\\/swissgliders.ch\\\/de\\\/#organization\"},\"potentialAction\":[{\"@type\":\"SearchAction\",\"target\":{\"@type\":\"EntryPoint\",\"urlTemplate\":\"https:\\\/\\\/swissgliders.ch\\\/de\\\/?s={search_term_string}\"},\"query-input\":{\"@type\":\"PropertyValueSpecification\",\"valueRequired\":true,\"valueName\":\"search_term_string\"}}],\"inLanguage\":\"de\"},{\"@type\":\"Organization\",\"@id\":\"https:\\\/\\\/swissgliders.ch\\\/de\\\/#organization\",\"name\":\"Swissgliders Gleitschirmflugschule Thun\",\"url\":\"https:\\\/\\\/swissgliders.ch\\\/de\\\/\",\"logo\":{\"@type\":\"ImageObject\",\"inLanguage\":\"de\",\"@id\":\"https:\\\/\\\/swissgliders.ch\\\/de\\\/#\\\/schema\\\/logo\\\/image\\\/\",\"url\":\"https:\\\/\\\/swissgliders.ch\\\/wp-content\\\/uploads\\\/2019\\\/12\\\/swissgliders-logo-rgb-square-L-no-ch-01.png\",\"contentUrl\":\"https:\\\/\\\/swissgliders.ch\\\/wp-content\\\/uploads\\\/2019\\\/12\\\/swissgliders-logo-rgb-square-L-no-ch-01.png\",\"width\":2500,\"height\":2500,\"caption\":\"Swissgliders Gleitschirmflugschule Thun\"},\"image\":{\"@id\":\"https:\\\/\\\/swissgliders.ch\\\/de\\\/#\\\/schema\\\/logo\\\/image\\\/\"},\"sameAs\":[\"https:\\\/\\\/www.facebook.com\\\/swissgliders\",\"https:\\\/\\\/x.com\\\/Swissgliders\",\"https:\\\/\\\/www.instagram.com\\\/swissgliders\\\/\",\"https:\\\/\\\/www.youtube.com\\\/channel\\\/UCMCtGdepy9vBhrhX3V_oJOA\"],\"hasMerchantReturnPolicy\":{\"@type\":\"MerchantReturnPolicy\",\"merchantReturnLink\":\"https:\\\/\\\/swissgliders.ch\\\/de\\\/allgemeine-geschaftsbedingungen\\\/\"}}]}<\/script>\n<meta property=\"og:availability\" content=\"instock\" \/>\n<meta property=\"product:availability\" content=\"instock\" \/>\n<meta property=\"product:condition\" content=\"new\" \/>\n<!-- \/ Yoast SEO Premium plugin. -->","yoast_head_json":{"title":"Woody Valley Denali | Gleitschirmschule Thun, Bern, Interlaken","description":"Das DENALI ist ein extrem leichtes Gurtzeug (nur 212 g in Gr\u00f6\u00dfe S) f\u00fcr das Gleitschirmfliegen in der Freizeit.Entwickelt f\u00fcr alle, die sowohl das Fliegen als auch das Wandern\/Klettern lieben und auf minimales Gewicht und Volumen setzen.Benutzerfreundlich, einfach im handling und schwerelos im Flug.","robots":{"index":"index","follow":"follow","max-snippet":"max-snippet:-1","max-image-preview":"max-image-preview:large","max-video-preview":"max-video-preview:-1"},"canonical":"https:\/\/swissgliders.ch\/de\/produkt\/woody-valley-denali\/","og_locale":"de_DE","og_type":"article","og_title":"Woody Valley Denali","og_description":"Das DENALI ist ein extrem leichtes Gurtzeug (nur 212 g in Gr\u00f6\u00dfe S) f\u00fcr das Gleitschirmfliegen in der Freizeit.Entwickelt f\u00fcr alle, die sowohl das Fliegen als auch das Wandern\/Klettern lieben und auf minimales Gewicht und Volumen setzen.Benutzerfreundlich, einfach im handling und schwerelos im Flug.","og_url":"https:\/\/swissgliders.ch\/de\/produkt\/woody-valley-denali\/","og_site_name":"Gleitschirmschule Thun, Bern, Interlaken","article_publisher":"https:\/\/www.facebook.com\/swissgliders","article_modified_time":"2025-06-10T10:56:26+00:00","og_image":[{"width":744,"height":755,"url":"https:\/\/swissgliders.ch\/wp-content\/uploads\/2023\/11\/WV_Gurtzeug_Denali-1.jpg","type":"image\/jpeg"}],"twitter_card":"summary_large_image","twitter_site":"@Swissgliders","twitter_misc":{"Verf\u00fcgbarkeit":"Auf Lager"},"schema":{"@context":"https:\/\/schema.org","@graph":[{"@type":"WebPage","@id":"https:\/\/swissgliders.ch\/de\/produkt\/woody-valley-denali\/","url":"https:\/\/swissgliders.ch\/de\/produkt\/woody-valley-denali\/","name":"Woody Valley Denali | Gleitschirmschule Thun, Bern, Interlaken","isPartOf":{"@id":"https:\/\/swissgliders.ch\/de\/#website"},"primaryImageOfPage":{"@id":"https:\/\/swissgliders.ch\/de\/produkt\/woody-valley-denali\/#primaryimage"},"image":{"@id":"https:\/\/swissgliders.ch\/de\/produkt\/woody-valley-denali\/#primaryimage"},"thumbnailUrl":"https:\/\/swissgliders.ch\/wp-content\/uploads\/2023\/11\/WV_Gurtzeug_Denali-1.jpg","datePublished":"2023-11-23T09:00:21+00:00","dateModified":"2025-06-10T10:56:26+00:00","description":"Das DENALI ist ein extrem leichtes Gurtzeug (nur 212 g in Gr\u00f6\u00dfe S) f\u00fcr das Gleitschirmfliegen in der Freizeit.Entwickelt f\u00fcr alle, die sowohl das Fliegen als auch das Wandern\/Klettern lieben und auf minimales Gewicht und Volumen setzen.Benutzerfreundlich, einfach im handling und schwerelos im Flug.","breadcrumb":{"@id":"https:\/\/swissgliders.ch\/de\/produkt\/woody-valley-denali\/#breadcrumb"},"inLanguage":"de","potentialAction":[{"@type":"ReadAction","target":["https:\/\/swissgliders.ch\/de\/produkt\/woody-valley-denali\/"]}]},{"@type":"ImageObject","inLanguage":"de","@id":"https:\/\/swissgliders.ch\/de\/produkt\/woody-valley-denali\/#primaryimage","url":"https:\/\/swissgliders.ch\/wp-content\/uploads\/2023\/11\/WV_Gurtzeug_Denali-1.jpg","contentUrl":"https:\/\/swissgliders.ch\/wp-content\/uploads\/2023\/11\/WV_Gurtzeug_Denali-1.jpg","width":744,"height":755,"caption":"WV_Gurtzeug_Denali-1"},{"@type":"BreadcrumbList","@id":"https:\/\/swissgliders.ch\/de\/produkt\/woody-valley-denali\/#breadcrumb","itemListElement":[{"@type":"ListItem","position":1,"name":"Startseite","item":"https:\/\/swissgliders.ch\/de\/willkommen\/"},{"@type":"ListItem","position":2,"name":"Gleitschirm Shop","item":"https:\/\/swissgliders.ch\/de\/gleitschirm-shop\/"},{"@type":"ListItem","position":3,"name":"Woody Valley Denali"}]},{"@type":"WebSite","@id":"https:\/\/swissgliders.ch\/de\/#website","url":"https:\/\/swissgliders.ch\/de\/","name":"Gleitschirmschule Thun, Bern, Interlaken","description":"Gleitschirmschule Thun, Bern, Interlaken","publisher":{"@id":"https:\/\/swissgliders.ch\/de\/#organization"},"potentialAction":[{"@type":"SearchAction","target":{"@type":"EntryPoint","urlTemplate":"https:\/\/swissgliders.ch\/de\/?s={search_term_string}"},"query-input":{"@type":"PropertyValueSpecification","valueRequired":true,"valueName":"search_term_string"}}],"inLanguage":"de"},{"@type":"Organization","@id":"https:\/\/swissgliders.ch\/de\/#organization","name":"Swissgliders Gleitschirmflugschule Thun","url":"https:\/\/swissgliders.ch\/de\/","logo":{"@type":"ImageObject","inLanguage":"de","@id":"https:\/\/swissgliders.ch\/de\/#\/schema\/logo\/image\/","url":"https:\/\/swissgliders.ch\/wp-content\/uploads\/2019\/12\/swissgliders-logo-rgb-square-L-no-ch-01.png","contentUrl":"https:\/\/swissgliders.ch\/wp-content\/uploads\/2019\/12\/swissgliders-logo-rgb-square-L-no-ch-01.png","width":2500,"height":2500,"caption":"Swissgliders Gleitschirmflugschule Thun"},"image":{"@id":"https:\/\/swissgliders.ch\/de\/#\/schema\/logo\/image\/"},"sameAs":["https:\/\/www.facebook.com\/swissgliders","https:\/\/x.com\/Swissgliders","https:\/\/www.instagram.com\/swissgliders\/","https:\/\/www.youtube.com\/channel\/UCMCtGdepy9vBhrhX3V_oJOA"],"hasMerchantReturnPolicy":{"@type":"MerchantReturnPolicy","merchantReturnLink":"https:\/\/swissgliders.ch\/de\/allgemeine-geschaftsbedingungen\/"}}]},"og_availability":"instock","product_availability":"instock","product_condition":"new"},"_links":{"self":[{"href":"https:\/\/swissgliders.ch\/de\/wp-json\/wp\/v2\/product\/11758","targetHints":{"allow":["GET"]}}],"collection":[{"href":"https:\/\/swissgliders.ch\/de\/wp-json\/wp\/v2\/product"}],"about":[{"href":"https:\/\/swissgliders.ch\/de\/wp-json\/wp\/v2\/types\/product"}],"replies":[{"embeddable":true,"href":"https:\/\/swissgliders.ch\/de\/wp-json\/wp\/v2\/comments?post=11758"}],"wp:featuredmedia":[{"embeddable":true,"href":"https:\/\/swissgliders.ch\/de\/wp-json\/wp\/v2\/media\/11766"}],"wp:attachment":[{"href":"https:\/\/swissgliders.ch\/de\/wp-json\/wp\/v2\/media?parent=11758"}],"wp:term":[{"taxonomy":"product_brand","embeddable":true,"href":"https:\/\/swissgliders.ch\/de\/wp-json\/wp\/v2\/product_brand?post=11758"},{"taxonomy":"product_cat","embeddable":true,"href":"https:\/\/swissgliders.ch\/de\/wp-json\/wp\/v2\/product_cat?post=11758"},{"taxonomy":"product_tag","embeddable":true,"href":"https:\/\/swissgliders.ch\/de\/wp-json\/wp\/v2\/product_tag?post=11758"}],"curies":[{"name":"wp","href":"https:\/\/api.w.org\/{rel}","templated":true}]}}