{"id":11760,"date":"2023-11-23T11:00:43","date_gmt":"2023-11-23T10:00:43","guid":{"rendered":"https:\/\/swissgliders.ch\/?post_type=product&#038;p=11760"},"modified":"2025-06-10T12:09:43","modified_gmt":"2025-06-10T11:09:43","slug":"lightshield-rueckenprotektor","status":"publish","type":"product","link":"https:\/\/swissgliders.ch\/de\/produkt\/lightshield-rueckenprotektor\/","title":{"rendered":"Woody Valley Lightshield R\u00fcckenprotektor"},"content":{"rendered":"<section class=\"has_eae_slider elementor-section elementor-top-section elementor-element elementor-element-5b39ad7 elementor-section-stretched elementor-section-full_width elementor-section-height-default elementor-section-height-default\" data-id=\"5b39ad7\" data-element_type=\"section\" data-settings=\"{&quot;stretch_section&quot;:&quot;section-stretched&quot;,&quot;background_background&quot;:&quot;classic&quot;}\">\n<div class=\"elementor-container elementor-column-gap-default\">\n<div class=\"has_eae_slider elementor-column elementor-col-100 elementor-top-column elementor-element elementor-element-c7f59ab\" data-id=\"c7f59ab\" data-element_type=\"column\">\n<div class=\"elementor-widget-wrap elementor-element-populated\">\n<div class=\"elementor-element elementor-element-2c45c9d elementor-widget elementor-widget-text-editor\" data-id=\"2c45c9d\" data-element_type=\"widget\" data-widget_type=\"text-editor.default\">\n<div class=\"elementor-widget-container\">\n<div id=\"imTextObject_231_305\">\n<div id=\"imTextObject_231_305_tab0\" class=\"text-tab-content grid-prop current-tab\" data-index=\"0\"><img loading=\"lazy\" decoding=\"async\" class=\"\" src=\"https:\/\/www.woodyvalley.com\/wp-content\/uploads\/2025\/06\/AEF08709.jpg\" width=\"332\" height=\"498\" \/><\/div>\n<\/div>\n<\/div>\n<\/div>\n<\/div>\n<\/div>\n<\/div>\n<\/section>\n<div class=\"imTAJustify\">\n<div class=\"imTACenter\">Das neue Einbauteil LIGHTSHIELD bietet einen weiteren Schutz f\u00fcr den oberen R\u00fcckennbereich. Es wird aus Materialien hergestellt, die vom T\u00dcV S\u00dcD nach der EU-Norm 89\/686\/EWG Kategorie 2 gepr\u00fcft und zertifiziert wurden.<\/div>\n<div><\/div>\n<\/div>\n<div><span class=\"fs10lh1-5 cf2\">Kompatibel mit: GTO light, Aska, Wan\u00ec 2, Wan\u00ec light,<strong> <span class=\"fs10lh1-5 cf3\"><a href=\"https:\/\/swissgliders.ch\/de\/produkt\/woodyvalley-gto-light-2\/\">GTO light 2<\/a>, <a href=\"https:\/\/swissgliders.ch\/de\/produkt\/woody-valley-wani-3-wendegurtzeug\/\">Wan\u00ec 3<\/a>, <a href=\"https:\/\/swissgliders.ch\/de\/produkt\/woody-valley-wani-light-2-wendegurtzeug\/\">Wan\u00ec light 2<\/a><\/span><\/strong><\/span><\/div>\n<p>Mehr<a href=\"https:\/\/www.woodyvalley.com\/de\/pp001-lightshield\/\" target=\"_blank\" rel=\"noopener noreferrer\"> Infos<\/a><\/p>\n<p>Lieferzeit 2-3 Tage<\/p>\n","protected":false},"excerpt":{"rendered":"<section class=\"has_eae_slider elementor-section elementor-top-section elementor-element elementor-element-5b39ad7 elementor-section-stretched elementor-section-full_width elementor-section-height-default elementor-section-height-default\" data-id=\"5b39ad7\" data-element_type=\"section\" data-settings=\"{&quot;stretch_section&quot;:&quot;section-stretched&quot;,&quot;background_background&quot;:&quot;classic&quot;}\">\n<div class=\"elementor-container elementor-column-gap-default\">\n<div class=\"has_eae_slider elementor-column elementor-col-100 elementor-top-column elementor-element elementor-element-c7f59ab\" data-id=\"c7f59ab\" data-element_type=\"column\">\n<div class=\"elementor-widget-wrap elementor-element-populated\">\n<div class=\"elementor-element elementor-element-2c45c9d elementor-widget elementor-widget-text-editor\" data-id=\"2c45c9d\" data-element_type=\"widget\" data-widget_type=\"text-editor.default\">\n<div class=\"elementor-widget-container\">\n<div id=\"imTextObject_231_305\">\n<div id=\"imTextObject_231_305_tab0\" class=\"text-tab-content grid-prop current-tab\" data-index=\"0\"><img loading=\"lazy\" decoding=\"async\" class=\"\" src=\"https:\/\/www.woodyvalley.com\/wp-content\/uploads\/2025\/06\/AEF08709.jpg\" width=\"332\" height=\"498\" \/><\/div>\n<\/div>\n<\/div>\n<\/div>\n<\/div>\n<\/div>\n<\/div>\n<\/section>\n<div class=\"imTAJustify\">\n<div class=\"imTACenter\">Das neue Einbauteil LIGHTSHIELD bietet einen weiteren Schutz f\u00fcr den oberen R\u00fcckennbereich. Es wird aus Materialien hergestellt, die vom T\u00dcV S\u00dcD nach der EU-Norm 89\/686\/EWG Kategorie 2 gepr\u00fcft und zertifiziert wurden.<\/div>\n<div><\/div>\n<\/div>\n<div><span class=\"fs10lh1-5 cf2\">Kompatibel mit: GTO light, Aska, Wan\u00ec 2, Wan\u00ec light,<strong> <span class=\"fs10lh1-5 cf3\"><a href=\"https:\/\/swissgliders.ch\/de\/produkt\/woodyvalley-gto-light-2\/\">GTO light 2<\/a>, <a href=\"https:\/\/swissgliders.ch\/de\/produkt\/woody-valley-wani-3-wendegurtzeug\/\">Wan\u00ec 3<\/a>, <a href=\"https:\/\/swissgliders.ch\/de\/produkt\/woody-valley-wani-light-2-wendegurtzeug\/\">Wan\u00ec light 2<\/a><\/span><\/strong><\/span><\/div>\n<p>Mehr<a href=\"https:\/\/www.woodyvalley.com\/de\/pp001-lightshield\/\" target=\"_blank\" rel=\"noopener noreferrer\"> Infos<\/a><\/p>\n<p>Lieferzeit 2-3 Tage<\/p>\n","protected":false},"featured_media":11763,"comment_status":"closed","ping_status":"closed","template":"","meta":[],"product_brand":[],"product_cat":[402],"product_tag":[90,410],"class_list":{"0":"post-11760","1":"product","2":"type-product","3":"status-publish","4":"has-post-thumbnail","6":"product_cat-gleitschirm-zubehoer","7":"product_tag-verkaufsartikel","8":"product_tag-zubehoer","9":"product_shipping_class-priority-2kg-de","11":"first","12":"instock","13":"shipping-taxable","14":"purchasable","15":"product-type-simple"},"yoast_head":"<!-- This site is optimized with the Yoast SEO Premium plugin v26.1 (Yoast SEO v27.3) - https:\/\/yoast.com\/product\/yoast-seo-premium-wordpress\/ -->\n<title>Woody Valley Lightshield R\u00fcckenprotektor | Gleitschirmschule Thun, Bern, Interlaken<\/title>\n<meta name=\"description\" content=\"Das neue Einbauteil LIGHTSHIELD bietet einen weiteren Schutz f\u00fcr den oberen R\u00fcckennbereich. Es wird aus Materialien hergestellt, die vom T\u00dcV S\u00dcD nach der EU-Norm 89\/686\/EWG Kategorie 2 gepr\u00fcft und zertifiziert wurden.\" \/>\n<meta name=\"robots\" content=\"index, follow, max-snippet:-1, max-image-preview:large, max-video-preview:-1\" \/>\n<link rel=\"canonical\" href=\"https:\/\/swissgliders.ch\/de\/produkt\/lightshield-rueckenprotektor\/\" \/>\n<meta property=\"og:locale\" content=\"de_DE\" \/>\n<meta property=\"og:type\" content=\"article\" \/>\n<meta property=\"og:title\" content=\"Woody Valley Lightshield R\u00fcckenprotektor\" \/>\n<meta property=\"og:description\" content=\"Das neue Einbauteil LIGHTSHIELD bietet einen weiteren Schutz f\u00fcr den oberen R\u00fcckennbereich. Es wird aus Materialien hergestellt, die vom T\u00dcV S\u00dcD nach der EU-Norm 89\/686\/EWG Kategorie 2 gepr\u00fcft und zertifiziert wurden.\" \/>\n<meta property=\"og:url\" content=\"https:\/\/swissgliders.ch\/de\/produkt\/lightshield-rueckenprotektor\/\" \/>\n<meta property=\"og:site_name\" content=\"Gleitschirmschule Thun, Bern, Interlaken\" \/>\n<meta property=\"article:publisher\" content=\"https:\/\/www.facebook.com\/swissgliders\" \/>\n<meta property=\"article:modified_time\" content=\"2025-06-10T11:09:43+00:00\" \/>\n<meta property=\"og:image\" content=\"https:\/\/swissgliders.ch\/wp-content\/uploads\/2023\/11\/WA_Lightshield_Ruckenprotektor-1.png\" \/>\n\t<meta property=\"og:image:width\" content=\"600\" \/>\n\t<meta property=\"og:image:height\" content=\"600\" \/>\n\t<meta property=\"og:image:type\" content=\"image\/png\" \/>\n<meta name=\"twitter:card\" content=\"summary_large_image\" \/>\n<meta name=\"twitter:site\" content=\"@Swissgliders\" \/>\n<meta name=\"twitter:label1\" content=\"Preis\" \/>\n\t<meta name=\"twitter:data1\" content=\"&#067;&#072;&#070;&nbsp;55.00\" \/>\n\t<meta name=\"twitter:label2\" content=\"Verf\u00fcgbarkeit\" \/>\n\t<meta name=\"twitter:data2\" content=\"Auf Lager\" \/>\n<script type=\"application\/ld+json\" class=\"yoast-schema-graph\">{\"@context\":\"https:\\\/\\\/schema.org\",\"@graph\":[{\"@type\":\"WebPage\",\"@id\":\"https:\\\/\\\/swissgliders.ch\\\/de\\\/produkt\\\/lightshield-rueckenprotektor\\\/\",\"url\":\"https:\\\/\\\/swissgliders.ch\\\/de\\\/produkt\\\/lightshield-rueckenprotektor\\\/\",\"name\":\"Woody Valley Lightshield R\u00fcckenprotektor | Gleitschirmschule Thun, Bern, Interlaken\",\"isPartOf\":{\"@id\":\"https:\\\/\\\/swissgliders.ch\\\/de\\\/#website\"},\"primaryImageOfPage\":{\"@id\":\"https:\\\/\\\/swissgliders.ch\\\/de\\\/produkt\\\/lightshield-rueckenprotektor\\\/#primaryimage\"},\"image\":{\"@id\":\"https:\\\/\\\/swissgliders.ch\\\/de\\\/produkt\\\/lightshield-rueckenprotektor\\\/#primaryimage\"},\"thumbnailUrl\":\"https:\\\/\\\/swissgliders.ch\\\/wp-content\\\/uploads\\\/2023\\\/11\\\/WA_Lightshield_Ruckenprotektor-1.png\",\"datePublished\":\"2023-11-23T10:00:43+00:00\",\"dateModified\":\"2025-06-10T11:09:43+00:00\",\"description\":\"Das neue Einbauteil LIGHTSHIELD bietet einen weiteren Schutz f\u00fcr den oberen R\u00fcckennbereich. Es wird aus Materialien hergestellt, die vom T\u00dcV S\u00dcD nach der EU-Norm 89\\\/686\\\/EWG Kategorie 2 gepr\u00fcft und zertifiziert wurden.\",\"breadcrumb\":{\"@id\":\"https:\\\/\\\/swissgliders.ch\\\/de\\\/produkt\\\/lightshield-rueckenprotektor\\\/#breadcrumb\"},\"inLanguage\":\"de\",\"potentialAction\":[{\"@type\":\"ReadAction\",\"target\":[\"https:\\\/\\\/swissgliders.ch\\\/de\\\/produkt\\\/lightshield-rueckenprotektor\\\/\"]}]},{\"@type\":\"ImageObject\",\"inLanguage\":\"de\",\"@id\":\"https:\\\/\\\/swissgliders.ch\\\/de\\\/produkt\\\/lightshield-rueckenprotektor\\\/#primaryimage\",\"url\":\"https:\\\/\\\/swissgliders.ch\\\/wp-content\\\/uploads\\\/2023\\\/11\\\/WA_Lightshield_Ruckenprotektor-1.png\",\"contentUrl\":\"https:\\\/\\\/swissgliders.ch\\\/wp-content\\\/uploads\\\/2023\\\/11\\\/WA_Lightshield_Ruckenprotektor-1.png\",\"width\":600,\"height\":600,\"caption\":\"WV_Lightshield_R\u00fcckenprotektor-1\"},{\"@type\":\"BreadcrumbList\",\"@id\":\"https:\\\/\\\/swissgliders.ch\\\/de\\\/produkt\\\/lightshield-rueckenprotektor\\\/#breadcrumb\",\"itemListElement\":[{\"@type\":\"ListItem\",\"position\":1,\"name\":\"Startseite\",\"item\":\"https:\\\/\\\/swissgliders.ch\\\/de\\\/willkommen\\\/\"},{\"@type\":\"ListItem\",\"position\":2,\"name\":\"Gleitschirm Shop\",\"item\":\"https:\\\/\\\/swissgliders.ch\\\/de\\\/gleitschirm-shop\\\/\"},{\"@type\":\"ListItem\",\"position\":3,\"name\":\"Woody Valley Lightshield R\u00fcckenprotektor\"}]},{\"@type\":\"WebSite\",\"@id\":\"https:\\\/\\\/swissgliders.ch\\\/de\\\/#website\",\"url\":\"https:\\\/\\\/swissgliders.ch\\\/de\\\/\",\"name\":\"Gleitschirmschule Thun, Bern, Interlaken\",\"description\":\"Gleitschirmschule Thun, Bern, Interlaken\",\"publisher\":{\"@id\":\"https:\\\/\\\/swissgliders.ch\\\/de\\\/#organization\"},\"potentialAction\":[{\"@type\":\"SearchAction\",\"target\":{\"@type\":\"EntryPoint\",\"urlTemplate\":\"https:\\\/\\\/swissgliders.ch\\\/de\\\/?s={search_term_string}\"},\"query-input\":{\"@type\":\"PropertyValueSpecification\",\"valueRequired\":true,\"valueName\":\"search_term_string\"}}],\"inLanguage\":\"de\"},{\"@type\":\"Organization\",\"@id\":\"https:\\\/\\\/swissgliders.ch\\\/de\\\/#organization\",\"name\":\"Swissgliders Gleitschirmflugschule Thun\",\"url\":\"https:\\\/\\\/swissgliders.ch\\\/de\\\/\",\"logo\":{\"@type\":\"ImageObject\",\"inLanguage\":\"de\",\"@id\":\"https:\\\/\\\/swissgliders.ch\\\/de\\\/#\\\/schema\\\/logo\\\/image\\\/\",\"url\":\"https:\\\/\\\/swissgliders.ch\\\/wp-content\\\/uploads\\\/2019\\\/12\\\/swissgliders-logo-rgb-square-L-no-ch-01.png\",\"contentUrl\":\"https:\\\/\\\/swissgliders.ch\\\/wp-content\\\/uploads\\\/2019\\\/12\\\/swissgliders-logo-rgb-square-L-no-ch-01.png\",\"width\":2500,\"height\":2500,\"caption\":\"Swissgliders Gleitschirmflugschule Thun\"},\"image\":{\"@id\":\"https:\\\/\\\/swissgliders.ch\\\/de\\\/#\\\/schema\\\/logo\\\/image\\\/\"},\"sameAs\":[\"https:\\\/\\\/www.facebook.com\\\/swissgliders\",\"https:\\\/\\\/x.com\\\/Swissgliders\",\"https:\\\/\\\/www.instagram.com\\\/swissgliders\\\/\",\"https:\\\/\\\/www.youtube.com\\\/channel\\\/UCMCtGdepy9vBhrhX3V_oJOA\"],\"hasMerchantReturnPolicy\":{\"@type\":\"MerchantReturnPolicy\",\"merchantReturnLink\":\"https:\\\/\\\/swissgliders.ch\\\/de\\\/allgemeine-geschaftsbedingungen\\\/\"}}]}<\/script>\n<meta property=\"product:price:amount\" content=\"55.00\" \/>\n<meta property=\"product:price:currency\" content=\"CHF\" \/>\n<meta property=\"og:availability\" content=\"instock\" \/>\n<meta property=\"product:availability\" content=\"instock\" \/>\n<meta property=\"product:condition\" content=\"new\" \/>\n<!-- \/ Yoast SEO Premium plugin. -->","yoast_head_json":{"title":"Woody Valley Lightshield R\u00fcckenprotektor | Gleitschirmschule Thun, Bern, Interlaken","description":"Das neue Einbauteil LIGHTSHIELD bietet einen weiteren Schutz f\u00fcr den oberen R\u00fcckennbereich. Es wird aus Materialien hergestellt, die vom T\u00dcV S\u00dcD nach der EU-Norm 89\/686\/EWG Kategorie 2 gepr\u00fcft und zertifiziert wurden.","robots":{"index":"index","follow":"follow","max-snippet":"max-snippet:-1","max-image-preview":"max-image-preview:large","max-video-preview":"max-video-preview:-1"},"canonical":"https:\/\/swissgliders.ch\/de\/produkt\/lightshield-rueckenprotektor\/","og_locale":"de_DE","og_type":"article","og_title":"Woody Valley Lightshield R\u00fcckenprotektor","og_description":"Das neue Einbauteil LIGHTSHIELD bietet einen weiteren Schutz f\u00fcr den oberen R\u00fcckennbereich. Es wird aus Materialien hergestellt, die vom T\u00dcV S\u00dcD nach der EU-Norm 89\/686\/EWG Kategorie 2 gepr\u00fcft und zertifiziert wurden.","og_url":"https:\/\/swissgliders.ch\/de\/produkt\/lightshield-rueckenprotektor\/","og_site_name":"Gleitschirmschule Thun, Bern, Interlaken","article_publisher":"https:\/\/www.facebook.com\/swissgliders","article_modified_time":"2025-06-10T11:09:43+00:00","og_image":[{"width":600,"height":600,"url":"https:\/\/swissgliders.ch\/wp-content\/uploads\/2023\/11\/WA_Lightshield_Ruckenprotektor-1.png","type":"image\/png"}],"twitter_card":"summary_large_image","twitter_site":"@Swissgliders","twitter_misc":{"Preis":"&#67;&#72;&#70;&nbsp;55.00","Verf\u00fcgbarkeit":"Auf Lager"},"schema":{"@context":"https:\/\/schema.org","@graph":[{"@type":"WebPage","@id":"https:\/\/swissgliders.ch\/de\/produkt\/lightshield-rueckenprotektor\/","url":"https:\/\/swissgliders.ch\/de\/produkt\/lightshield-rueckenprotektor\/","name":"Woody Valley Lightshield R\u00fcckenprotektor | Gleitschirmschule Thun, Bern, Interlaken","isPartOf":{"@id":"https:\/\/swissgliders.ch\/de\/#website"},"primaryImageOfPage":{"@id":"https:\/\/swissgliders.ch\/de\/produkt\/lightshield-rueckenprotektor\/#primaryimage"},"image":{"@id":"https:\/\/swissgliders.ch\/de\/produkt\/lightshield-rueckenprotektor\/#primaryimage"},"thumbnailUrl":"https:\/\/swissgliders.ch\/wp-content\/uploads\/2023\/11\/WA_Lightshield_Ruckenprotektor-1.png","datePublished":"2023-11-23T10:00:43+00:00","dateModified":"2025-06-10T11:09:43+00:00","description":"Das neue Einbauteil LIGHTSHIELD bietet einen weiteren Schutz f\u00fcr den oberen R\u00fcckennbereich. Es wird aus Materialien hergestellt, die vom T\u00dcV S\u00dcD nach der EU-Norm 89\/686\/EWG Kategorie 2 gepr\u00fcft und zertifiziert wurden.","breadcrumb":{"@id":"https:\/\/swissgliders.ch\/de\/produkt\/lightshield-rueckenprotektor\/#breadcrumb"},"inLanguage":"de","potentialAction":[{"@type":"ReadAction","target":["https:\/\/swissgliders.ch\/de\/produkt\/lightshield-rueckenprotektor\/"]}]},{"@type":"ImageObject","inLanguage":"de","@id":"https:\/\/swissgliders.ch\/de\/produkt\/lightshield-rueckenprotektor\/#primaryimage","url":"https:\/\/swissgliders.ch\/wp-content\/uploads\/2023\/11\/WA_Lightshield_Ruckenprotektor-1.png","contentUrl":"https:\/\/swissgliders.ch\/wp-content\/uploads\/2023\/11\/WA_Lightshield_Ruckenprotektor-1.png","width":600,"height":600,"caption":"WV_Lightshield_R\u00fcckenprotektor-1"},{"@type":"BreadcrumbList","@id":"https:\/\/swissgliders.ch\/de\/produkt\/lightshield-rueckenprotektor\/#breadcrumb","itemListElement":[{"@type":"ListItem","position":1,"name":"Startseite","item":"https:\/\/swissgliders.ch\/de\/willkommen\/"},{"@type":"ListItem","position":2,"name":"Gleitschirm Shop","item":"https:\/\/swissgliders.ch\/de\/gleitschirm-shop\/"},{"@type":"ListItem","position":3,"name":"Woody Valley Lightshield R\u00fcckenprotektor"}]},{"@type":"WebSite","@id":"https:\/\/swissgliders.ch\/de\/#website","url":"https:\/\/swissgliders.ch\/de\/","name":"Gleitschirmschule Thun, Bern, Interlaken","description":"Gleitschirmschule Thun, Bern, Interlaken","publisher":{"@id":"https:\/\/swissgliders.ch\/de\/#organization"},"potentialAction":[{"@type":"SearchAction","target":{"@type":"EntryPoint","urlTemplate":"https:\/\/swissgliders.ch\/de\/?s={search_term_string}"},"query-input":{"@type":"PropertyValueSpecification","valueRequired":true,"valueName":"search_term_string"}}],"inLanguage":"de"},{"@type":"Organization","@id":"https:\/\/swissgliders.ch\/de\/#organization","name":"Swissgliders Gleitschirmflugschule Thun","url":"https:\/\/swissgliders.ch\/de\/","logo":{"@type":"ImageObject","inLanguage":"de","@id":"https:\/\/swissgliders.ch\/de\/#\/schema\/logo\/image\/","url":"https:\/\/swissgliders.ch\/wp-content\/uploads\/2019\/12\/swissgliders-logo-rgb-square-L-no-ch-01.png","contentUrl":"https:\/\/swissgliders.ch\/wp-content\/uploads\/2019\/12\/swissgliders-logo-rgb-square-L-no-ch-01.png","width":2500,"height":2500,"caption":"Swissgliders Gleitschirmflugschule Thun"},"image":{"@id":"https:\/\/swissgliders.ch\/de\/#\/schema\/logo\/image\/"},"sameAs":["https:\/\/www.facebook.com\/swissgliders","https:\/\/x.com\/Swissgliders","https:\/\/www.instagram.com\/swissgliders\/","https:\/\/www.youtube.com\/channel\/UCMCtGdepy9vBhrhX3V_oJOA"],"hasMerchantReturnPolicy":{"@type":"MerchantReturnPolicy","merchantReturnLink":"https:\/\/swissgliders.ch\/de\/allgemeine-geschaftsbedingungen\/"}}]},"product_price_amount":"55.00","product_price_currency":"CHF","og_availability":"instock","product_availability":"instock","product_condition":"new"},"_links":{"self":[{"href":"https:\/\/swissgliders.ch\/de\/wp-json\/wp\/v2\/product\/11760","targetHints":{"allow":["GET"]}}],"collection":[{"href":"https:\/\/swissgliders.ch\/de\/wp-json\/wp\/v2\/product"}],"about":[{"href":"https:\/\/swissgliders.ch\/de\/wp-json\/wp\/v2\/types\/product"}],"replies":[{"embeddable":true,"href":"https:\/\/swissgliders.ch\/de\/wp-json\/wp\/v2\/comments?post=11760"}],"wp:featuredmedia":[{"embeddable":true,"href":"https:\/\/swissgliders.ch\/de\/wp-json\/wp\/v2\/media\/11763"}],"wp:attachment":[{"href":"https:\/\/swissgliders.ch\/de\/wp-json\/wp\/v2\/media?parent=11760"}],"wp:term":[{"taxonomy":"product_brand","embeddable":true,"href":"https:\/\/swissgliders.ch\/de\/wp-json\/wp\/v2\/product_brand?post=11760"},{"taxonomy":"product_cat","embeddable":true,"href":"https:\/\/swissgliders.ch\/de\/wp-json\/wp\/v2\/product_cat?post=11760"},{"taxonomy":"product_tag","embeddable":true,"href":"https:\/\/swissgliders.ch\/de\/wp-json\/wp\/v2\/product_tag?post=11760"}],"curies":[{"name":"wp","href":"https:\/\/api.w.org\/{rel}","templated":true}]}}