{"id":11801,"date":"2023-11-24T16:25:42","date_gmt":"2023-11-24T15:25:42","guid":{"rendered":"https:\/\/swissgliders.ch\/?post_type=product&#038;p=11801"},"modified":"2025-06-10T11:17:55","modified_gmt":"2025-06-10T10:17:55","slug":"woody-valley-mk1","status":"publish","type":"product","link":"https:\/\/swissgliders.ch\/de\/produkt\/woody-valley-mk1\/","title":{"rendered":"Woody Valley MK1"},"content":{"rendered":"<div class=\" translation-block\">\n<p><img loading=\"lazy\" decoding=\"async\" class=\"\" src=\"https:\/\/www.woodyvalley.com\/wp-content\/uploads\/2023\/09\/MK1.png\" width=\"509\" height=\"340\" \/><\/p>\n<p>Das MK1 wurde f\u00fcr den Acro-Sport konzipiert und entworfen, ohne Kompromisse bei der Sicherheit einzugehen.<\/p>\n<p>Diese Idee von Michele Boschi und Nicola Donini ist das Ergebnis eines 3-j\u00e4hrigen Entwicklungsprozesses, an dem einige der besten Acro-Piloten der Welt beteiligt waren.<\/p>\n<p><strong>Hier sind einige Features:<\/strong><\/p>\n<p>3 Gr\u00f6\u00dfen verf\u00fcgbar (S-M-L)<br \/>\nZwei Rettungsschirmf\u00e4cher<br \/>\n13 cm Schaumstoffschutz<br \/>\n20-Liter-R\u00fcckentasche (Gr\u00f6\u00dfe M)<br \/>\n1 wasserdichte Tasche f\u00fcr Ihr Handy<br \/>\n1 ger\u00e4umige Seitentasche<br \/>\nAkro-optimierte Geometrie<br \/>\nMaximaler Tragekomfort durch halbstarre Struktur<br \/>\nHochwertige Materialien<\/p>\n<p>\u00abDieses Produkt wird ausschliesslich von einem unserer ausgebildeten Spezialisten mit deinem Gurtzeug bzw. Rettungsschirm kombiniert oder \u00fcber einen von dir gew\u00fcnschten Rettungsschirmpacker SHV ausgeliefert.\u00bb<\/p>\n<p>&nbsp;<\/p>\n<\/div>\n<p>Mehr <a href=\"https:\/\/www.woodyvalley.com\/de\/mk1\/\" target=\"_blank\" rel=\"noopener noreferrer\">Infos<\/a><\/p>\n<p>Lieferzeit 2-3 Tage<\/p>\n","protected":false},"excerpt":{"rendered":"<div class=\" translation-block\">\n<p><img loading=\"lazy\" decoding=\"async\" class=\"\" src=\"https:\/\/www.woodyvalley.com\/wp-content\/uploads\/2023\/09\/MK1.png\" width=\"509\" height=\"340\" \/><\/p>\n<p>Das MK1 wurde f\u00fcr den Acro-Sport konzipiert und entworfen, ohne Kompromisse bei der Sicherheit einzugehen.<\/p>\n<p>Diese Idee von Michele Boschi und Nicola Donini ist das Ergebnis eines 3-j\u00e4hrigen Entwicklungsprozesses, an dem einige der besten Acro-Piloten der Welt beteiligt waren.<\/p>\n<p><strong>Hier sind einige Features:<\/strong><\/p>\n<p>3 Gr\u00f6\u00dfen verf\u00fcgbar (S-M-L)<br \/>\nZwei Rettungsschirmf\u00e4cher<br \/>\n13 cm Schaumstoffschutz<br \/>\n20-Liter-R\u00fcckentasche (Gr\u00f6\u00dfe M)<br \/>\n1 wasserdichte Tasche f\u00fcr Ihr Handy<br \/>\n1 ger\u00e4umige Seitentasche<br \/>\nAkro-optimierte Geometrie<br \/>\nMaximaler Tragekomfort durch halbstarre Struktur<br \/>\nHochwertige Materialien<\/p>\n<p>\u00abDieses Produkt wird ausschliesslich von einem unserer ausgebildeten Spezialisten mit deinem Gurtzeug bzw. Rettungsschirm kombiniert oder \u00fcber einen von dir gew\u00fcnschten Rettungsschirmpacker SHV ausgeliefert.\u00bb<\/p>\n<p>&nbsp;<\/p>\n<\/div>\n<p>Mehr <a href=\"https:\/\/www.woodyvalley.com\/de\/mk1\/\" target=\"_blank\" rel=\"noopener noreferrer\">Infos<\/a><\/p>\n<p>Lieferzeit 2-3 Tage<\/p>\n","protected":false},"featured_media":11804,"comment_status":"closed","ping_status":"closed","template":"","meta":[],"product_brand":[],"product_cat":[937],"product_tag":[1000,90],"class_list":{"0":"post-11801","1":"product","2":"type-product","3":"status-publish","4":"has-post-thumbnail","6":"product_cat-gleitschirm-sitzgurtzeuge","7":"product_tag-sitzgurtzeug","8":"product_tag-verkaufsartikel","9":"product_shipping_class-priority-10kg-de","11":"first","12":"instock","13":"sale","14":"shipping-taxable","15":"purchasable","16":"product-type-variable"},"yoast_head":"<!-- This site is optimized with the Yoast SEO Premium plugin v26.1 (Yoast SEO v27.3) - https:\/\/yoast.com\/product\/yoast-seo-premium-wordpress\/ -->\n<title>Woody Valley MK1 | Gleitschirmschule Thun, Bern, Interlaken<\/title>\n<meta name=\"description\" content=\"Das MK1 wurde f\u00fcr den Acro-Sport konzipiert und entworfen, ohne Kompromisse bei der Sicherheit einzugehen.Diese Idee von Michele Boschi und Nicola Donini ist das Ergebnis eines 3-j\u00e4hrigen Entwicklungsprozesses, an dem einige der besten Acro-Piloten der Welt beteiligt waren.\" \/>\n<meta name=\"robots\" content=\"index, follow, max-snippet:-1, max-image-preview:large, max-video-preview:-1\" \/>\n<link rel=\"canonical\" href=\"https:\/\/swissgliders.ch\/de\/produkt\/woody-valley-mk1\/\" \/>\n<meta property=\"og:locale\" content=\"de_DE\" \/>\n<meta property=\"og:type\" content=\"article\" \/>\n<meta property=\"og:title\" content=\"Woody Valley MK1\" \/>\n<meta property=\"og:description\" content=\"Das MK1 wurde f\u00fcr den Acro-Sport konzipiert und entworfen, ohne Kompromisse bei der Sicherheit einzugehen.Diese Idee von Michele Boschi und Nicola Donini ist das Ergebnis eines 3-j\u00e4hrigen Entwicklungsprozesses, an dem einige der besten Acro-Piloten der Welt beteiligt waren.\" \/>\n<meta property=\"og:url\" content=\"https:\/\/swissgliders.ch\/de\/produkt\/woody-valley-mk1\/\" \/>\n<meta property=\"og:site_name\" content=\"Gleitschirmschule Thun, Bern, Interlaken\" \/>\n<meta property=\"article:publisher\" content=\"https:\/\/www.facebook.com\/swissgliders\" \/>\n<meta property=\"article:modified_time\" content=\"2025-06-10T10:17:55+00:00\" \/>\n<meta property=\"og:image\" content=\"https:\/\/swissgliders.ch\/wp-content\/uploads\/2023\/11\/WV_Gurtzeug_MK1-1.jpg\" \/>\n\t<meta property=\"og:image:width\" content=\"744\" \/>\n\t<meta property=\"og:image:height\" content=\"766\" \/>\n\t<meta property=\"og:image:type\" content=\"image\/jpeg\" \/>\n<meta name=\"twitter:card\" content=\"summary_large_image\" \/>\n<meta name=\"twitter:site\" content=\"@Swissgliders\" \/>\n<meta name=\"twitter:label1\" content=\"Verf\u00fcgbarkeit\" \/>\n\t<meta name=\"twitter:data1\" content=\"Auf Lager\" \/>\n<script type=\"application\/ld+json\" class=\"yoast-schema-graph\">{\"@context\":\"https:\\\/\\\/schema.org\",\"@graph\":[{\"@type\":\"WebPage\",\"@id\":\"https:\\\/\\\/swissgliders.ch\\\/de\\\/produkt\\\/woody-valley-mk1\\\/\",\"url\":\"https:\\\/\\\/swissgliders.ch\\\/de\\\/produkt\\\/woody-valley-mk1\\\/\",\"name\":\"Woody Valley MK1 | Gleitschirmschule Thun, Bern, Interlaken\",\"isPartOf\":{\"@id\":\"https:\\\/\\\/swissgliders.ch\\\/de\\\/#website\"},\"primaryImageOfPage\":{\"@id\":\"https:\\\/\\\/swissgliders.ch\\\/de\\\/produkt\\\/woody-valley-mk1\\\/#primaryimage\"},\"image\":{\"@id\":\"https:\\\/\\\/swissgliders.ch\\\/de\\\/produkt\\\/woody-valley-mk1\\\/#primaryimage\"},\"thumbnailUrl\":\"https:\\\/\\\/swissgliders.ch\\\/wp-content\\\/uploads\\\/2023\\\/11\\\/WV_Gurtzeug_MK1-1.jpg\",\"datePublished\":\"2023-11-24T15:25:42+00:00\",\"dateModified\":\"2025-06-10T10:17:55+00:00\",\"description\":\"Das MK1 wurde f\u00fcr den Acro-Sport konzipiert und entworfen, ohne Kompromisse bei der Sicherheit einzugehen.Diese Idee von Michele Boschi und Nicola Donini ist das Ergebnis eines 3-j\u00e4hrigen Entwicklungsprozesses, an dem einige der besten Acro-Piloten der Welt beteiligt waren.\",\"breadcrumb\":{\"@id\":\"https:\\\/\\\/swissgliders.ch\\\/de\\\/produkt\\\/woody-valley-mk1\\\/#breadcrumb\"},\"inLanguage\":\"de\",\"potentialAction\":[{\"@type\":\"ReadAction\",\"target\":[\"https:\\\/\\\/swissgliders.ch\\\/de\\\/produkt\\\/woody-valley-mk1\\\/\"]}]},{\"@type\":\"ImageObject\",\"inLanguage\":\"de\",\"@id\":\"https:\\\/\\\/swissgliders.ch\\\/de\\\/produkt\\\/woody-valley-mk1\\\/#primaryimage\",\"url\":\"https:\\\/\\\/swissgliders.ch\\\/wp-content\\\/uploads\\\/2023\\\/11\\\/WV_Gurtzeug_MK1-1.jpg\",\"contentUrl\":\"https:\\\/\\\/swissgliders.ch\\\/wp-content\\\/uploads\\\/2023\\\/11\\\/WV_Gurtzeug_MK1-1.jpg\",\"width\":744,\"height\":766,\"caption\":\"WV_Gurtzeug_MK1-1\"},{\"@type\":\"BreadcrumbList\",\"@id\":\"https:\\\/\\\/swissgliders.ch\\\/de\\\/produkt\\\/woody-valley-mk1\\\/#breadcrumb\",\"itemListElement\":[{\"@type\":\"ListItem\",\"position\":1,\"name\":\"Startseite\",\"item\":\"https:\\\/\\\/swissgliders.ch\\\/de\\\/willkommen\\\/\"},{\"@type\":\"ListItem\",\"position\":2,\"name\":\"Gleitschirm Shop\",\"item\":\"https:\\\/\\\/swissgliders.ch\\\/de\\\/gleitschirm-shop\\\/\"},{\"@type\":\"ListItem\",\"position\":3,\"name\":\"Woody Valley MK1\"}]},{\"@type\":\"WebSite\",\"@id\":\"https:\\\/\\\/swissgliders.ch\\\/de\\\/#website\",\"url\":\"https:\\\/\\\/swissgliders.ch\\\/de\\\/\",\"name\":\"Gleitschirmschule Thun, Bern, Interlaken\",\"description\":\"Gleitschirmschule Thun, Bern, Interlaken\",\"publisher\":{\"@id\":\"https:\\\/\\\/swissgliders.ch\\\/de\\\/#organization\"},\"potentialAction\":[{\"@type\":\"SearchAction\",\"target\":{\"@type\":\"EntryPoint\",\"urlTemplate\":\"https:\\\/\\\/swissgliders.ch\\\/de\\\/?s={search_term_string}\"},\"query-input\":{\"@type\":\"PropertyValueSpecification\",\"valueRequired\":true,\"valueName\":\"search_term_string\"}}],\"inLanguage\":\"de\"},{\"@type\":\"Organization\",\"@id\":\"https:\\\/\\\/swissgliders.ch\\\/de\\\/#organization\",\"name\":\"Swissgliders Gleitschirmflugschule Thun\",\"url\":\"https:\\\/\\\/swissgliders.ch\\\/de\\\/\",\"logo\":{\"@type\":\"ImageObject\",\"inLanguage\":\"de\",\"@id\":\"https:\\\/\\\/swissgliders.ch\\\/de\\\/#\\\/schema\\\/logo\\\/image\\\/\",\"url\":\"https:\\\/\\\/swissgliders.ch\\\/wp-content\\\/uploads\\\/2019\\\/12\\\/swissgliders-logo-rgb-square-L-no-ch-01.png\",\"contentUrl\":\"https:\\\/\\\/swissgliders.ch\\\/wp-content\\\/uploads\\\/2019\\\/12\\\/swissgliders-logo-rgb-square-L-no-ch-01.png\",\"width\":2500,\"height\":2500,\"caption\":\"Swissgliders Gleitschirmflugschule Thun\"},\"image\":{\"@id\":\"https:\\\/\\\/swissgliders.ch\\\/de\\\/#\\\/schema\\\/logo\\\/image\\\/\"},\"sameAs\":[\"https:\\\/\\\/www.facebook.com\\\/swissgliders\",\"https:\\\/\\\/x.com\\\/Swissgliders\",\"https:\\\/\\\/www.instagram.com\\\/swissgliders\\\/\",\"https:\\\/\\\/www.youtube.com\\\/channel\\\/UCMCtGdepy9vBhrhX3V_oJOA\"],\"hasMerchantReturnPolicy\":{\"@type\":\"MerchantReturnPolicy\",\"merchantReturnLink\":\"https:\\\/\\\/swissgliders.ch\\\/de\\\/allgemeine-geschaftsbedingungen\\\/\"}}]}<\/script>\n<meta property=\"og:availability\" content=\"instock\" \/>\n<meta property=\"product:availability\" content=\"instock\" \/>\n<meta property=\"product:condition\" content=\"new\" \/>\n<!-- \/ Yoast SEO Premium plugin. -->","yoast_head_json":{"title":"Woody Valley MK1 | Gleitschirmschule Thun, Bern, Interlaken","description":"Das MK1 wurde f\u00fcr den Acro-Sport konzipiert und entworfen, ohne Kompromisse bei der Sicherheit einzugehen.Diese Idee von Michele Boschi und Nicola Donini ist das Ergebnis eines 3-j\u00e4hrigen Entwicklungsprozesses, an dem einige der besten Acro-Piloten der Welt beteiligt waren.","robots":{"index":"index","follow":"follow","max-snippet":"max-snippet:-1","max-image-preview":"max-image-preview:large","max-video-preview":"max-video-preview:-1"},"canonical":"https:\/\/swissgliders.ch\/de\/produkt\/woody-valley-mk1\/","og_locale":"de_DE","og_type":"article","og_title":"Woody Valley MK1","og_description":"Das MK1 wurde f\u00fcr den Acro-Sport konzipiert und entworfen, ohne Kompromisse bei der Sicherheit einzugehen.Diese Idee von Michele Boschi und Nicola Donini ist das Ergebnis eines 3-j\u00e4hrigen Entwicklungsprozesses, an dem einige der besten Acro-Piloten der Welt beteiligt waren.","og_url":"https:\/\/swissgliders.ch\/de\/produkt\/woody-valley-mk1\/","og_site_name":"Gleitschirmschule Thun, Bern, Interlaken","article_publisher":"https:\/\/www.facebook.com\/swissgliders","article_modified_time":"2025-06-10T10:17:55+00:00","og_image":[{"width":744,"height":766,"url":"https:\/\/swissgliders.ch\/wp-content\/uploads\/2023\/11\/WV_Gurtzeug_MK1-1.jpg","type":"image\/jpeg"}],"twitter_card":"summary_large_image","twitter_site":"@Swissgliders","twitter_misc":{"Verf\u00fcgbarkeit":"Auf Lager"},"schema":{"@context":"https:\/\/schema.org","@graph":[{"@type":"WebPage","@id":"https:\/\/swissgliders.ch\/de\/produkt\/woody-valley-mk1\/","url":"https:\/\/swissgliders.ch\/de\/produkt\/woody-valley-mk1\/","name":"Woody Valley MK1 | Gleitschirmschule Thun, Bern, Interlaken","isPartOf":{"@id":"https:\/\/swissgliders.ch\/de\/#website"},"primaryImageOfPage":{"@id":"https:\/\/swissgliders.ch\/de\/produkt\/woody-valley-mk1\/#primaryimage"},"image":{"@id":"https:\/\/swissgliders.ch\/de\/produkt\/woody-valley-mk1\/#primaryimage"},"thumbnailUrl":"https:\/\/swissgliders.ch\/wp-content\/uploads\/2023\/11\/WV_Gurtzeug_MK1-1.jpg","datePublished":"2023-11-24T15:25:42+00:00","dateModified":"2025-06-10T10:17:55+00:00","description":"Das MK1 wurde f\u00fcr den Acro-Sport konzipiert und entworfen, ohne Kompromisse bei der Sicherheit einzugehen.Diese Idee von Michele Boschi und Nicola Donini ist das Ergebnis eines 3-j\u00e4hrigen Entwicklungsprozesses, an dem einige der besten Acro-Piloten der Welt beteiligt waren.","breadcrumb":{"@id":"https:\/\/swissgliders.ch\/de\/produkt\/woody-valley-mk1\/#breadcrumb"},"inLanguage":"de","potentialAction":[{"@type":"ReadAction","target":["https:\/\/swissgliders.ch\/de\/produkt\/woody-valley-mk1\/"]}]},{"@type":"ImageObject","inLanguage":"de","@id":"https:\/\/swissgliders.ch\/de\/produkt\/woody-valley-mk1\/#primaryimage","url":"https:\/\/swissgliders.ch\/wp-content\/uploads\/2023\/11\/WV_Gurtzeug_MK1-1.jpg","contentUrl":"https:\/\/swissgliders.ch\/wp-content\/uploads\/2023\/11\/WV_Gurtzeug_MK1-1.jpg","width":744,"height":766,"caption":"WV_Gurtzeug_MK1-1"},{"@type":"BreadcrumbList","@id":"https:\/\/swissgliders.ch\/de\/produkt\/woody-valley-mk1\/#breadcrumb","itemListElement":[{"@type":"ListItem","position":1,"name":"Startseite","item":"https:\/\/swissgliders.ch\/de\/willkommen\/"},{"@type":"ListItem","position":2,"name":"Gleitschirm Shop","item":"https:\/\/swissgliders.ch\/de\/gleitschirm-shop\/"},{"@type":"ListItem","position":3,"name":"Woody Valley MK1"}]},{"@type":"WebSite","@id":"https:\/\/swissgliders.ch\/de\/#website","url":"https:\/\/swissgliders.ch\/de\/","name":"Gleitschirmschule Thun, Bern, Interlaken","description":"Gleitschirmschule Thun, Bern, Interlaken","publisher":{"@id":"https:\/\/swissgliders.ch\/de\/#organization"},"potentialAction":[{"@type":"SearchAction","target":{"@type":"EntryPoint","urlTemplate":"https:\/\/swissgliders.ch\/de\/?s={search_term_string}"},"query-input":{"@type":"PropertyValueSpecification","valueRequired":true,"valueName":"search_term_string"}}],"inLanguage":"de"},{"@type":"Organization","@id":"https:\/\/swissgliders.ch\/de\/#organization","name":"Swissgliders Gleitschirmflugschule Thun","url":"https:\/\/swissgliders.ch\/de\/","logo":{"@type":"ImageObject","inLanguage":"de","@id":"https:\/\/swissgliders.ch\/de\/#\/schema\/logo\/image\/","url":"https:\/\/swissgliders.ch\/wp-content\/uploads\/2019\/12\/swissgliders-logo-rgb-square-L-no-ch-01.png","contentUrl":"https:\/\/swissgliders.ch\/wp-content\/uploads\/2019\/12\/swissgliders-logo-rgb-square-L-no-ch-01.png","width":2500,"height":2500,"caption":"Swissgliders Gleitschirmflugschule Thun"},"image":{"@id":"https:\/\/swissgliders.ch\/de\/#\/schema\/logo\/image\/"},"sameAs":["https:\/\/www.facebook.com\/swissgliders","https:\/\/x.com\/Swissgliders","https:\/\/www.instagram.com\/swissgliders\/","https:\/\/www.youtube.com\/channel\/UCMCtGdepy9vBhrhX3V_oJOA"],"hasMerchantReturnPolicy":{"@type":"MerchantReturnPolicy","merchantReturnLink":"https:\/\/swissgliders.ch\/de\/allgemeine-geschaftsbedingungen\/"}}]},"og_availability":"instock","product_availability":"instock","product_condition":"new"},"_links":{"self":[{"href":"https:\/\/swissgliders.ch\/de\/wp-json\/wp\/v2\/product\/11801","targetHints":{"allow":["GET"]}}],"collection":[{"href":"https:\/\/swissgliders.ch\/de\/wp-json\/wp\/v2\/product"}],"about":[{"href":"https:\/\/swissgliders.ch\/de\/wp-json\/wp\/v2\/types\/product"}],"replies":[{"embeddable":true,"href":"https:\/\/swissgliders.ch\/de\/wp-json\/wp\/v2\/comments?post=11801"}],"wp:featuredmedia":[{"embeddable":true,"href":"https:\/\/swissgliders.ch\/de\/wp-json\/wp\/v2\/media\/11804"}],"wp:attachment":[{"href":"https:\/\/swissgliders.ch\/de\/wp-json\/wp\/v2\/media?parent=11801"}],"wp:term":[{"taxonomy":"product_brand","embeddable":true,"href":"https:\/\/swissgliders.ch\/de\/wp-json\/wp\/v2\/product_brand?post=11801"},{"taxonomy":"product_cat","embeddable":true,"href":"https:\/\/swissgliders.ch\/de\/wp-json\/wp\/v2\/product_cat?post=11801"},{"taxonomy":"product_tag","embeddable":true,"href":"https:\/\/swissgliders.ch\/de\/wp-json\/wp\/v2\/product_tag?post=11801"}],"curies":[{"name":"wp","href":"https:\/\/api.w.org\/{rel}","templated":true}]}}