{"id":11908,"date":"2023-12-15T13:45:02","date_gmt":"2023-12-15T12:45:02","guid":{"rendered":"https:\/\/swissgliders.ch\/?post_type=product&#038;p=11908"},"modified":"2025-10-26T18:19:25","modified_gmt":"2025-10-26T17:19:25","slug":"snowlife-heat-dt-glove","status":"publish","type":"product","link":"https:\/\/swissgliders.ch\/de\/produkt\/snowlife-heat-dt-glove\/","title":{"rendered":"Snowlife Heat DT Handschuh"},"content":{"rendered":"<h3>Snowlife\u00a0<span class=\"getProductTitleStyled_SpanStyled__ml3jp\">Heat DT Handschuh<\/span><\/h3>\n<p><img loading=\"lazy\" decoding=\"async\" class=\"\" src=\"https:\/\/www.galaxus.ch\/im\/productimages\/5\/7\/1\/0\/1\/5\/2\/9\/0\/6\/8\/3\/5\/4\/7\/6\/7\/8\/6\/df3295f2-86c9-4bda-90c3-9d6f8c49790c_cropped.jpg?impolicy=product&amp;resizeWidth=480\" alt=\"Produktbild\" width=\"147\" height=\"340\" \/><\/p>\n<p style=\"font-weight: 400;\">Mit dem Heat DT Glove ist der Wintersportler ideal auf die k\u00e4ltesten Konditionen vorbereitet. Der Hauptfokus des neu entwickelten Heizhandschuhs liegt auf der Optimierung der Heizposition. Neu wird neben den einzelnen Finger auch \u00fcber die Fingerkuppen geheizt. Das sorgt f\u00fcr mehr W\u00e4rme am richtigen Ort. Das innovative Heizsystem mit verl\u00e4ngerten Heizelementen wird von zwei kleinen und enorm leistungsstarken Lithium Akkus (4000mAh)\u00a0versorgt.<\/p>\n<p style=\"font-weight: 400;\">Die Bedienung der Heizung erfolgt per Knopfdruck in drei W\u00e4rmestufen bei einer Heizdauer von bis zu 8.3 Stunden. F\u00fcr das Aufladen der Akkus wird ein globales USB-Ladeger\u00e4t verwendet. Der beheizbare Handschuh ist mit Lavalan ausgestattet, eine Woll-Isolation aus 100% nat\u00fcrlichen Rohstoffen. Diese kann die W\u00e4rme l\u00e4nger speichern und sorgt f\u00fcr ein angenehmes Klima.<\/p>\n<p style=\"font-weight: 400;\">Das Aussenmaterial ist ein Softshell\/Leder Mix, das Innenfutter aus feinem Micro Bemberg. Die Handinnenfl\u00e4chen und Fingerkuppen sind mit robustem Ziegenleder verst\u00e4rkt. Er besticht durch ein klassisches, zeitloses Design mit Akzenten.<\/p>\n<p><span style=\"color: #e0000e;\"><b>Der innovative Fingerheizhandschuh mit optimaler W\u00e4rmeleistung &#8211; warme H\u00e4nde garantiert<\/b><\/span><\/p>\n<ul>\n<li>Heizdauer von bis zu 8 Stunden: Rundum W\u00e4rme mit verl\u00e4ngerten Heizelementen, inklusive \u00fcber den Fingerspitzen<\/li>\n<li><span style=\"color: #000000;\">Einfache Bedienung per Knopfdruck in drei W\u00e4rmestufen<\/span><\/li>\n<li><span style=\"color: #000000;\">Zwei ultra-starke Lithium-Akkus: 4000mA Batterien<\/span><\/li>\n<li><span style=\"color: #000000;\">Wasserdicht und winddicht dank der Dry-Tec Membran<\/span><\/li>\n<li><span style=\"color: #000000;\">F\u00fcllung aus 100% nat\u00fcrlicher Lavalan-Wolle<\/span><\/li>\n<li><span style=\"color: #000000;\">Atmungsaktives, wasserdichtes, winddichtes, schnelltrocknendes und leichtes Material<\/span><\/li>\n<\/ul>\n<p><span style=\"color: #e0000e;\">Packungsinhalt:<\/span><\/p>\n<ul>\n<li><span style=\"color: #000000;\">1 Paar Snowlife Heat DT Glove Fingerhandschuhe<\/span><\/li>\n<li><span style=\"color: #000000;\">1 Paar Lithium Dual-Akku<\/span><\/li>\n<li><span style=\"color: #000000;\">1 Ladekabel und Ladeger\u00e4t<\/span><\/li>\n<\/ul>\n<p><span style=\"color: #000000;\">Dein treuer Begleiter an kalten Tagen!\u00a0<\/span><\/p>\n<p><a href=\"https:\/\/snowlife.ch\/pages\/size-calculator\" target=\"_blank\" rel=\"noopener\">Gr\u00f6ssenberechnung<\/a><\/p>\n<p style=\"font-weight: 400;\">Material:<\/p>\n<ul>\n<li style=\"font-weight: 400;\">Backside: Soft Shell \/ DD Goatskin<\/li>\n<li style=\"font-weight: 400;\">Palm: DD Goatskin<\/li>\n<li style=\"font-weight: 400;\">Filling: Lavalan<\/li>\n<li style=\"font-weight: 400;\">Lining: Micro Bemberg<\/li>\n<li style=\"font-weight: 400;\">Membrane: Dry-Tec<\/li>\n<li style=\"font-weight: 400;\">Specials: Incl. Lithium Accu 4000 mA &amp; USB Connector<\/li>\n<li style=\"font-weight: 400;\">Sizes: Womens: LXS-LXL\u00a0 \/ Mens: MXS-M4XL<\/li>\n<\/ul>\n<p>&nbsp;<\/p>\n<p>Mehr <a href=\"https:\/\/snowlife.ch\/collections\/heat-tech\/products\/product-46\" target=\"_blank\" rel=\"noopener noreferrer\">Info<\/a><\/p>\n<p>Falls dieser Artikel nicht an Lager ist, wird er f\u00fcr dich bestellt. Lieferfrist auf Anfrage.<\/p>\n<p>&nbsp;<\/p>\n","protected":false},"excerpt":{"rendered":"<h3>Snowlife\u00a0<span class=\"getProductTitleStyled_SpanStyled__ml3jp\">Heat DT Handschuh<\/span><\/h3>\n<p><img loading=\"lazy\" decoding=\"async\" class=\"\" src=\"https:\/\/www.galaxus.ch\/im\/productimages\/5\/7\/1\/0\/1\/5\/2\/9\/0\/6\/8\/3\/5\/4\/7\/6\/7\/8\/6\/df3295f2-86c9-4bda-90c3-9d6f8c49790c_cropped.jpg?impolicy=product&amp;resizeWidth=480\" alt=\"Produktbild\" width=\"147\" height=\"340\" \/><\/p>\n<p style=\"font-weight: 400;\">Mit dem Heat DT Glove ist der Wintersportler ideal auf die k\u00e4ltesten Konditionen vorbereitet. Der Hauptfokus des neu entwickelten Heizhandschuhs liegt auf der Optimierung der Heizposition. Neu wird neben den einzelnen Finger auch \u00fcber die Fingerkuppen geheizt. Das sorgt f\u00fcr mehr W\u00e4rme am richtigen Ort. Das innovative Heizsystem mit verl\u00e4ngerten Heizelementen wird von zwei kleinen und enorm leistungsstarken Lithium Akkus (4000mAh)\u00a0versorgt.<\/p>\n<p style=\"font-weight: 400;\">Die Bedienung der Heizung erfolgt per Knopfdruck in drei W\u00e4rmestufen bei einer Heizdauer von bis zu 8.3 Stunden. F\u00fcr das Aufladen der Akkus wird ein globales USB-Ladeger\u00e4t verwendet. Der beheizbare Handschuh ist mit Lavalan ausgestattet, eine Woll-Isolation aus 100% nat\u00fcrlichen Rohstoffen. Diese kann die W\u00e4rme l\u00e4nger speichern und sorgt f\u00fcr ein angenehmes Klima.<\/p>\n<p style=\"font-weight: 400;\">Das Aussenmaterial ist ein Softshell\/Leder Mix, das Innenfutter aus feinem Micro Bemberg. Die Handinnenfl\u00e4chen und Fingerkuppen sind mit robustem Ziegenleder verst\u00e4rkt. Er besticht durch ein klassisches, zeitloses Design mit Akzenten.<\/p>\n<p><span style=\"color: #e0000e;\"><b>Der innovative Fingerheizhandschuh mit optimaler W\u00e4rmeleistung &#8211; warme H\u00e4nde garantiert<\/b><\/span><\/p>\n<ul>\n<li>Heizdauer von bis zu 8 Stunden: Rundum W\u00e4rme mit verl\u00e4ngerten Heizelementen, inklusive \u00fcber den Fingerspitzen<\/li>\n<li><span style=\"color: #000000;\">Einfache Bedienung per Knopfdruck in drei W\u00e4rmestufen<\/span><\/li>\n<li><span style=\"color: #000000;\">Zwei ultra-starke Lithium-Akkus: 4000mA Batterien<\/span><\/li>\n<li><span style=\"color: #000000;\">Wasserdicht und winddicht dank der Dry-Tec Membran<\/span><\/li>\n<li><span style=\"color: #000000;\">F\u00fcllung aus 100% nat\u00fcrlicher Lavalan-Wolle<\/span><\/li>\n<li><span style=\"color: #000000;\">Atmungsaktives, wasserdichtes, winddichtes, schnelltrocknendes und leichtes Material<\/span><\/li>\n<\/ul>\n<p><span style=\"color: #e0000e;\">Packungsinhalt:<\/span><\/p>\n<ul>\n<li><span style=\"color: #000000;\">1 Paar Snowlife Heat DT Glove Fingerhandschuhe<\/span><\/li>\n<li><span style=\"color: #000000;\">1 Paar Lithium Dual-Akku<\/span><\/li>\n<li><span style=\"color: #000000;\">1 Ladekabel und Ladeger\u00e4t<\/span><\/li>\n<\/ul>\n<p><span style=\"color: #000000;\">Dein treuer Begleiter an kalten Tagen!\u00a0<\/span><\/p>\n<p><a href=\"https:\/\/snowlife.ch\/pages\/size-calculator\" target=\"_blank\" rel=\"noopener\">Gr\u00f6ssenberechnung<\/a><\/p>\n<p style=\"font-weight: 400;\">Material:<\/p>\n<ul>\n<li style=\"font-weight: 400;\">Backside: Soft Shell \/ DD Goatskin<\/li>\n<li style=\"font-weight: 400;\">Palm: DD Goatskin<\/li>\n<li style=\"font-weight: 400;\">Filling: Lavalan<\/li>\n<li style=\"font-weight: 400;\">Lining: Micro Bemberg<\/li>\n<li style=\"font-weight: 400;\">Membrane: Dry-Tec<\/li>\n<li style=\"font-weight: 400;\">Specials: Incl. Lithium Accu 4000 mA &amp; USB Connector<\/li>\n<li style=\"font-weight: 400;\">Sizes: Womens: LXS-LXL\u00a0 \/ Mens: MXS-M4XL<\/li>\n<\/ul>\n<p><strong>ACHTUNG:<\/strong> Gr\u00f6sse M f\u00fcr M\u00e4nner ist aktuell erst ab Q3 2026 wieder lieferbar!<\/p>\n<p>Mehr <a href=\"https:\/\/snowlife.ch\/collections\/heat-tech\/products\/product-46\" target=\"_blank\" rel=\"noopener noreferrer\">Info<\/a><\/p>\n<p>Falls dieser Artikel nicht an Lager ist, wird er f\u00fcr dich bestellt. Lieferfrist auf Anfrage.<\/p>\n<p>&nbsp;<\/p>\n","protected":false},"featured_media":11910,"comment_status":"closed","ping_status":"closed","template":"","meta":[],"product_brand":[2664],"product_cat":[2022,1947,402],"product_tag":[918,1742,90,410],"class_list":{"0":"post-11908","1":"product","2":"type-product","3":"status-publish","4":"has-post-thumbnail","6":"product_brand-snowlife","7":"product_cat-gleitschirm-bekleidung","8":"product_cat-gleitschirm-handschuhe","9":"product_cat-gleitschirm-zubehoer","10":"product_tag-bekleidung","11":"product_tag-handschuhe","12":"product_tag-verkaufsartikel","13":"product_tag-zubehoer","14":"product_shipping_class-priority-2kg-de","16":"first","17":"instock","18":"sale","19":"shipping-taxable","20":"purchasable","21":"product-type-variable"},"yoast_head":"<!-- This site is optimized with the Yoast SEO Premium plugin v26.1 (Yoast SEO v27.3) - https:\/\/yoast.com\/product\/yoast-seo-premium-wordpress\/ -->\n<title>Snowlife Heat DT Handschuh | Gleitschirmschule Thun, Bern, Interlaken<\/title>\n<meta name=\"description\" content=\"Snowlife Heat DT Handschuh f\u00fcr M\u00e4nner und Frauen Mit dem Heat DT Glove ist der Wintersportler ideal auf die k\u00e4ltesten Konditionen vorbereitet. Der Hauptfokus des neu entwickelten Heizhandschuhs liegt auf der Optimierung der Heizposition. Neu wird neben den einzelnen Finger auch \u00fcber die Fingerkuppen geheizt. Das sorgt f\u00fcr mehr W\u00e4rme am richtigen Ort. Das innovative Heizsystem mit verl\u00e4ngerten Heizelementen wird von zwei kleinen und enorm leistungsstarken Lithium Akkus (4000mAh)\u00a0versorgt.\" \/>\n<meta name=\"robots\" content=\"index, follow, max-snippet:-1, max-image-preview:large, max-video-preview:-1\" \/>\n<link rel=\"canonical\" href=\"https:\/\/swissgliders.ch\/de\/produkt\/snowlife-heat-dt-glove\/\" \/>\n<meta property=\"og:locale\" content=\"de_DE\" \/>\n<meta property=\"og:type\" content=\"article\" \/>\n<meta property=\"og:title\" content=\"Snowlife Heat DT Handschuh\" \/>\n<meta property=\"og:description\" content=\"Snowlife Heat DT Handschuh f\u00fcr M\u00e4nner und Frauen Mit dem Heat DT Glove ist der Wintersportler ideal auf die k\u00e4ltesten Konditionen vorbereitet. Der Hauptfokus des neu entwickelten Heizhandschuhs liegt auf der Optimierung der Heizposition. Neu wird neben den einzelnen Finger auch \u00fcber die Fingerkuppen geheizt. Das sorgt f\u00fcr mehr W\u00e4rme am richtigen Ort. Das innovative Heizsystem mit verl\u00e4ngerten Heizelementen wird von zwei kleinen und enorm leistungsstarken Lithium Akkus (4000mAh)\u00a0versorgt.\" \/>\n<meta property=\"og:url\" content=\"https:\/\/swissgliders.ch\/de\/produkt\/snowlife-heat-dt-glove\/\" \/>\n<meta property=\"og:site_name\" content=\"Gleitschirmschule Thun, Bern, Interlaken\" \/>\n<meta property=\"article:publisher\" content=\"https:\/\/www.facebook.com\/swissgliders\" \/>\n<meta property=\"article:modified_time\" content=\"2025-10-26T17:19:25+00:00\" \/>\n<meta property=\"og:image\" content=\"https:\/\/swissgliders.ch\/wp-content\/uploads\/2023\/12\/150600029.jpg\" \/>\n\t<meta property=\"og:image:width\" content=\"530\" \/>\n\t<meta property=\"og:image:height\" content=\"750\" \/>\n\t<meta property=\"og:image:type\" content=\"image\/jpeg\" \/>\n<meta name=\"twitter:card\" content=\"summary_large_image\" \/>\n<meta name=\"twitter:site\" content=\"@Swissgliders\" \/>\n<meta name=\"twitter:label1\" content=\"Verf\u00fcgbarkeit\" \/>\n\t<meta name=\"twitter:data1\" content=\"Auf Lager\" \/>\n<script type=\"application\/ld+json\" class=\"yoast-schema-graph\">{\"@context\":\"https:\\\/\\\/schema.org\",\"@graph\":[{\"@type\":\"WebPage\",\"@id\":\"https:\\\/\\\/swissgliders.ch\\\/de\\\/produkt\\\/snowlife-heat-dt-glove\\\/\",\"url\":\"https:\\\/\\\/swissgliders.ch\\\/de\\\/produkt\\\/snowlife-heat-dt-glove\\\/\",\"name\":\"Snowlife Heat DT Handschuh | Gleitschirmschule Thun, Bern, Interlaken\",\"isPartOf\":{\"@id\":\"https:\\\/\\\/swissgliders.ch\\\/de\\\/#website\"},\"primaryImageOfPage\":{\"@id\":\"https:\\\/\\\/swissgliders.ch\\\/de\\\/produkt\\\/snowlife-heat-dt-glove\\\/#primaryimage\"},\"image\":{\"@id\":\"https:\\\/\\\/swissgliders.ch\\\/de\\\/produkt\\\/snowlife-heat-dt-glove\\\/#primaryimage\"},\"thumbnailUrl\":\"https:\\\/\\\/swissgliders.ch\\\/wp-content\\\/uploads\\\/2023\\\/12\\\/150600029.jpg\",\"datePublished\":\"2023-12-15T12:45:02+00:00\",\"dateModified\":\"2025-10-26T17:19:25+00:00\",\"description\":\"Snowlife Heat DT Handschuh f\u00fcr M\u00e4nner und Frauen Mit dem Heat DT Glove ist der Wintersportler ideal auf die k\u00e4ltesten Konditionen vorbereitet. Der Hauptfokus des neu entwickelten Heizhandschuhs liegt auf der Optimierung der Heizposition. Neu wird neben den einzelnen Finger auch \u00fcber die Fingerkuppen geheizt. Das sorgt f\u00fcr mehr W\u00e4rme am richtigen Ort. Das innovative Heizsystem mit verl\u00e4ngerten Heizelementen wird von zwei kleinen und enorm leistungsstarken Lithium Akkus (4000mAh)\u00a0versorgt.\",\"breadcrumb\":{\"@id\":\"https:\\\/\\\/swissgliders.ch\\\/de\\\/produkt\\\/snowlife-heat-dt-glove\\\/#breadcrumb\"},\"inLanguage\":\"de\",\"potentialAction\":[{\"@type\":\"ReadAction\",\"target\":[\"https:\\\/\\\/swissgliders.ch\\\/de\\\/produkt\\\/snowlife-heat-dt-glove\\\/\"]}]},{\"@type\":\"ImageObject\",\"inLanguage\":\"de\",\"@id\":\"https:\\\/\\\/swissgliders.ch\\\/de\\\/produkt\\\/snowlife-heat-dt-glove\\\/#primaryimage\",\"url\":\"https:\\\/\\\/swissgliders.ch\\\/wp-content\\\/uploads\\\/2023\\\/12\\\/150600029.jpg\",\"contentUrl\":\"https:\\\/\\\/swissgliders.ch\\\/wp-content\\\/uploads\\\/2023\\\/12\\\/150600029.jpg\",\"width\":530,\"height\":750,\"caption\":\"snowlife-heat-dt\"},{\"@type\":\"BreadcrumbList\",\"@id\":\"https:\\\/\\\/swissgliders.ch\\\/de\\\/produkt\\\/snowlife-heat-dt-glove\\\/#breadcrumb\",\"itemListElement\":[{\"@type\":\"ListItem\",\"position\":1,\"name\":\"Startseite\",\"item\":\"https:\\\/\\\/swissgliders.ch\\\/de\\\/willkommen\\\/\"},{\"@type\":\"ListItem\",\"position\":2,\"name\":\"Gleitschirm Shop\",\"item\":\"https:\\\/\\\/swissgliders.ch\\\/de\\\/gleitschirm-shop\\\/\"},{\"@type\":\"ListItem\",\"position\":3,\"name\":\"Snowlife Heat DT Handschuh\"}]},{\"@type\":\"WebSite\",\"@id\":\"https:\\\/\\\/swissgliders.ch\\\/de\\\/#website\",\"url\":\"https:\\\/\\\/swissgliders.ch\\\/de\\\/\",\"name\":\"Gleitschirmschule Thun, Bern, Interlaken\",\"description\":\"Gleitschirmschule Thun, Bern, Interlaken\",\"publisher\":{\"@id\":\"https:\\\/\\\/swissgliders.ch\\\/de\\\/#organization\"},\"potentialAction\":[{\"@type\":\"SearchAction\",\"target\":{\"@type\":\"EntryPoint\",\"urlTemplate\":\"https:\\\/\\\/swissgliders.ch\\\/de\\\/?s={search_term_string}\"},\"query-input\":{\"@type\":\"PropertyValueSpecification\",\"valueRequired\":true,\"valueName\":\"search_term_string\"}}],\"inLanguage\":\"de\"},{\"@type\":\"Organization\",\"@id\":\"https:\\\/\\\/swissgliders.ch\\\/de\\\/#organization\",\"name\":\"Swissgliders Gleitschirmflugschule Thun\",\"url\":\"https:\\\/\\\/swissgliders.ch\\\/de\\\/\",\"logo\":{\"@type\":\"ImageObject\",\"inLanguage\":\"de\",\"@id\":\"https:\\\/\\\/swissgliders.ch\\\/de\\\/#\\\/schema\\\/logo\\\/image\\\/\",\"url\":\"https:\\\/\\\/swissgliders.ch\\\/wp-content\\\/uploads\\\/2019\\\/12\\\/swissgliders-logo-rgb-square-L-no-ch-01.png\",\"contentUrl\":\"https:\\\/\\\/swissgliders.ch\\\/wp-content\\\/uploads\\\/2019\\\/12\\\/swissgliders-logo-rgb-square-L-no-ch-01.png\",\"width\":2500,\"height\":2500,\"caption\":\"Swissgliders Gleitschirmflugschule Thun\"},\"image\":{\"@id\":\"https:\\\/\\\/swissgliders.ch\\\/de\\\/#\\\/schema\\\/logo\\\/image\\\/\"},\"sameAs\":[\"https:\\\/\\\/www.facebook.com\\\/swissgliders\",\"https:\\\/\\\/x.com\\\/Swissgliders\",\"https:\\\/\\\/www.instagram.com\\\/swissgliders\\\/\",\"https:\\\/\\\/www.youtube.com\\\/channel\\\/UCMCtGdepy9vBhrhX3V_oJOA\"],\"hasMerchantReturnPolicy\":{\"@type\":\"MerchantReturnPolicy\",\"merchantReturnLink\":\"https:\\\/\\\/swissgliders.ch\\\/de\\\/allgemeine-geschaftsbedingungen\\\/\"}}]}<\/script>\n<meta property=\"og:availability\" content=\"instock\" \/>\n<meta property=\"product:availability\" content=\"instock\" \/>\n<meta property=\"product:condition\" content=\"new\" \/>\n<!-- \/ Yoast SEO Premium plugin. -->","yoast_head_json":{"title":"Snowlife Heat DT Handschuh | Gleitschirmschule Thun, Bern, Interlaken","description":"Snowlife Heat DT Handschuh f\u00fcr M\u00e4nner und Frauen Mit dem Heat DT Glove ist der Wintersportler ideal auf die k\u00e4ltesten Konditionen vorbereitet. Der Hauptfokus des neu entwickelten Heizhandschuhs liegt auf der Optimierung der Heizposition. Neu wird neben den einzelnen Finger auch \u00fcber die Fingerkuppen geheizt. Das sorgt f\u00fcr mehr W\u00e4rme am richtigen Ort. Das innovative Heizsystem mit verl\u00e4ngerten Heizelementen wird von zwei kleinen und enorm leistungsstarken Lithium Akkus (4000mAh)\u00a0versorgt.","robots":{"index":"index","follow":"follow","max-snippet":"max-snippet:-1","max-image-preview":"max-image-preview:large","max-video-preview":"max-video-preview:-1"},"canonical":"https:\/\/swissgliders.ch\/de\/produkt\/snowlife-heat-dt-glove\/","og_locale":"de_DE","og_type":"article","og_title":"Snowlife Heat DT Handschuh","og_description":"Snowlife Heat DT Handschuh f\u00fcr M\u00e4nner und Frauen Mit dem Heat DT Glove ist der Wintersportler ideal auf die k\u00e4ltesten Konditionen vorbereitet. Der Hauptfokus des neu entwickelten Heizhandschuhs liegt auf der Optimierung der Heizposition. Neu wird neben den einzelnen Finger auch \u00fcber die Fingerkuppen geheizt. Das sorgt f\u00fcr mehr W\u00e4rme am richtigen Ort. Das innovative Heizsystem mit verl\u00e4ngerten Heizelementen wird von zwei kleinen und enorm leistungsstarken Lithium Akkus (4000mAh)\u00a0versorgt.","og_url":"https:\/\/swissgliders.ch\/de\/produkt\/snowlife-heat-dt-glove\/","og_site_name":"Gleitschirmschule Thun, Bern, Interlaken","article_publisher":"https:\/\/www.facebook.com\/swissgliders","article_modified_time":"2025-10-26T17:19:25+00:00","og_image":[{"width":530,"height":750,"url":"https:\/\/swissgliders.ch\/wp-content\/uploads\/2023\/12\/150600029.jpg","type":"image\/jpeg"}],"twitter_card":"summary_large_image","twitter_site":"@Swissgliders","twitter_misc":{"Verf\u00fcgbarkeit":"Auf Lager"},"schema":{"@context":"https:\/\/schema.org","@graph":[{"@type":"WebPage","@id":"https:\/\/swissgliders.ch\/de\/produkt\/snowlife-heat-dt-glove\/","url":"https:\/\/swissgliders.ch\/de\/produkt\/snowlife-heat-dt-glove\/","name":"Snowlife Heat DT Handschuh | Gleitschirmschule Thun, Bern, Interlaken","isPartOf":{"@id":"https:\/\/swissgliders.ch\/de\/#website"},"primaryImageOfPage":{"@id":"https:\/\/swissgliders.ch\/de\/produkt\/snowlife-heat-dt-glove\/#primaryimage"},"image":{"@id":"https:\/\/swissgliders.ch\/de\/produkt\/snowlife-heat-dt-glove\/#primaryimage"},"thumbnailUrl":"https:\/\/swissgliders.ch\/wp-content\/uploads\/2023\/12\/150600029.jpg","datePublished":"2023-12-15T12:45:02+00:00","dateModified":"2025-10-26T17:19:25+00:00","description":"Snowlife Heat DT Handschuh f\u00fcr M\u00e4nner und Frauen Mit dem Heat DT Glove ist der Wintersportler ideal auf die k\u00e4ltesten Konditionen vorbereitet. Der Hauptfokus des neu entwickelten Heizhandschuhs liegt auf der Optimierung der Heizposition. Neu wird neben den einzelnen Finger auch \u00fcber die Fingerkuppen geheizt. Das sorgt f\u00fcr mehr W\u00e4rme am richtigen Ort. Das innovative Heizsystem mit verl\u00e4ngerten Heizelementen wird von zwei kleinen und enorm leistungsstarken Lithium Akkus (4000mAh)\u00a0versorgt.","breadcrumb":{"@id":"https:\/\/swissgliders.ch\/de\/produkt\/snowlife-heat-dt-glove\/#breadcrumb"},"inLanguage":"de","potentialAction":[{"@type":"ReadAction","target":["https:\/\/swissgliders.ch\/de\/produkt\/snowlife-heat-dt-glove\/"]}]},{"@type":"ImageObject","inLanguage":"de","@id":"https:\/\/swissgliders.ch\/de\/produkt\/snowlife-heat-dt-glove\/#primaryimage","url":"https:\/\/swissgliders.ch\/wp-content\/uploads\/2023\/12\/150600029.jpg","contentUrl":"https:\/\/swissgliders.ch\/wp-content\/uploads\/2023\/12\/150600029.jpg","width":530,"height":750,"caption":"snowlife-heat-dt"},{"@type":"BreadcrumbList","@id":"https:\/\/swissgliders.ch\/de\/produkt\/snowlife-heat-dt-glove\/#breadcrumb","itemListElement":[{"@type":"ListItem","position":1,"name":"Startseite","item":"https:\/\/swissgliders.ch\/de\/willkommen\/"},{"@type":"ListItem","position":2,"name":"Gleitschirm Shop","item":"https:\/\/swissgliders.ch\/de\/gleitschirm-shop\/"},{"@type":"ListItem","position":3,"name":"Snowlife Heat DT Handschuh"}]},{"@type":"WebSite","@id":"https:\/\/swissgliders.ch\/de\/#website","url":"https:\/\/swissgliders.ch\/de\/","name":"Gleitschirmschule Thun, Bern, Interlaken","description":"Gleitschirmschule Thun, Bern, Interlaken","publisher":{"@id":"https:\/\/swissgliders.ch\/de\/#organization"},"potentialAction":[{"@type":"SearchAction","target":{"@type":"EntryPoint","urlTemplate":"https:\/\/swissgliders.ch\/de\/?s={search_term_string}"},"query-input":{"@type":"PropertyValueSpecification","valueRequired":true,"valueName":"search_term_string"}}],"inLanguage":"de"},{"@type":"Organization","@id":"https:\/\/swissgliders.ch\/de\/#organization","name":"Swissgliders Gleitschirmflugschule Thun","url":"https:\/\/swissgliders.ch\/de\/","logo":{"@type":"ImageObject","inLanguage":"de","@id":"https:\/\/swissgliders.ch\/de\/#\/schema\/logo\/image\/","url":"https:\/\/swissgliders.ch\/wp-content\/uploads\/2019\/12\/swissgliders-logo-rgb-square-L-no-ch-01.png","contentUrl":"https:\/\/swissgliders.ch\/wp-content\/uploads\/2019\/12\/swissgliders-logo-rgb-square-L-no-ch-01.png","width":2500,"height":2500,"caption":"Swissgliders Gleitschirmflugschule Thun"},"image":{"@id":"https:\/\/swissgliders.ch\/de\/#\/schema\/logo\/image\/"},"sameAs":["https:\/\/www.facebook.com\/swissgliders","https:\/\/x.com\/Swissgliders","https:\/\/www.instagram.com\/swissgliders\/","https:\/\/www.youtube.com\/channel\/UCMCtGdepy9vBhrhX3V_oJOA"],"hasMerchantReturnPolicy":{"@type":"MerchantReturnPolicy","merchantReturnLink":"https:\/\/swissgliders.ch\/de\/allgemeine-geschaftsbedingungen\/"}}]},"og_availability":"instock","product_availability":"instock","product_condition":"new"},"_links":{"self":[{"href":"https:\/\/swissgliders.ch\/de\/wp-json\/wp\/v2\/product\/11908","targetHints":{"allow":["GET"]}}],"collection":[{"href":"https:\/\/swissgliders.ch\/de\/wp-json\/wp\/v2\/product"}],"about":[{"href":"https:\/\/swissgliders.ch\/de\/wp-json\/wp\/v2\/types\/product"}],"replies":[{"embeddable":true,"href":"https:\/\/swissgliders.ch\/de\/wp-json\/wp\/v2\/comments?post=11908"}],"wp:featuredmedia":[{"embeddable":true,"href":"https:\/\/swissgliders.ch\/de\/wp-json\/wp\/v2\/media\/11910"}],"wp:attachment":[{"href":"https:\/\/swissgliders.ch\/de\/wp-json\/wp\/v2\/media?parent=11908"}],"wp:term":[{"taxonomy":"product_brand","embeddable":true,"href":"https:\/\/swissgliders.ch\/de\/wp-json\/wp\/v2\/product_brand?post=11908"},{"taxonomy":"product_cat","embeddable":true,"href":"https:\/\/swissgliders.ch\/de\/wp-json\/wp\/v2\/product_cat?post=11908"},{"taxonomy":"product_tag","embeddable":true,"href":"https:\/\/swissgliders.ch\/de\/wp-json\/wp\/v2\/product_tag?post=11908"}],"curies":[{"name":"wp","href":"https:\/\/api.w.org\/{rel}","templated":true}]}}