{"id":11955,"date":"2023-12-30T11:38:18","date_gmt":"2023-12-30T10:38:18","guid":{"rendered":"https:\/\/swissgliders.ch\/?post_type=product&#038;p=11955"},"modified":"2026-04-01T22:02:50","modified_gmt":"2026-04-01T21:02:50","slug":"stodeus-bipbip-pro-v2","status":"publish","type":"product","link":"https:\/\/swissgliders.ch\/de\/produkt\/stodeus-bipbip-pro-v2\/","title":{"rendered":"Stodeus BipBip Pro V2"},"content":{"rendered":"<p><strong>EINE GEBALLTE LADUNG LEISTUNG IN EINEM ULTRALEICHTEN INSTRUMENT<\/strong><\/p>\n<p><img loading=\"lazy\" decoding=\"async\" class=\"\" src=\"https:\/\/www.stodeus.com\/wp-content\/uploads\/2022\/12\/banner_bipbip_pro_v2_FR.jpg\" alt=\"BipBip PRO : solar audio variometer \u2013 STODEUS Paragliding\" width=\"464\" height=\"193\" \/><\/p>\n<p><strong>SOLAR-AUDIOVARIOMETER<\/strong><\/p>\n<p>Ausgestattet mit der neuesten Generation von Sensoren aus der Drohnenindustrie ist das BipBip PRO V2 ein Audio-Vario mit un\u00fcbertroffener Reaktionsf\u00e4higkeit. Dank seines leistungsstarken Akkus und der Hochleistungssolarzelle kann es Sie w\u00e4hrend Ihrer gesamten Flugzeit unbegrenzt begleiten.<\/p>\n<p>Die Akustik des BipBip PRO V2 passt sich dank eines gro\u00dfen Lautst\u00e4rkebereichs an jeden an. Der Ton der Piept\u00f6ne ist ausgewogen und sanft. Sie fliegen stressfrei und ohne Kompromisse bei der Effizienz.<\/p>\n<p>Mit seinen zahlreichen anpassbaren Parametern kann es sich vollst\u00e4ndig an Ihren Flugstil anpassen. Ob Sie nun ein Anh\u00e4nger des Hike&amp;Fly oder des Streckenflugs sind, dieses in Frankreich hergestellte Technologiekonzentrat wird Ihre Ausr\u00fcstung nicht mehr verlassen.<br \/>\nImmer ganz oben.<\/p>\n<p>&nbsp;<\/p>\n<p>Mehr <a href=\"https:\/\/www.stodeus.com\/de\/bipbip-pro-solar-audio-variometer\/\">Infos<\/a><\/p>\n<p>Falls dieser Artikel nicht an Lager ist, wird er f\u00fcr dich bestellt. Lieferfrist auf Anfrage.<\/p>\n","protected":false},"excerpt":{"rendered":"<p><strong>EINE GEBALLTE LADUNG LEISTUNG IN EINEM ULTRALEICHTEN INSTRUMENT<\/strong><\/p>\n<p><img loading=\"lazy\" decoding=\"async\" class=\"\" src=\"https:\/\/www.stodeus.com\/wp-content\/uploads\/2022\/12\/banner_bipbip_pro_v2_FR.jpg\" alt=\"BipBip PRO : solar audio variometer \u2013 STODEUS Paragliding\" width=\"464\" height=\"193\" \/><\/p>\n<p><strong>SOLAR-AUDIOVARIOMETER<\/strong><\/p>\n<p>Ausgestattet mit der neuesten Generation von Sensoren aus der Drohnenindustrie ist das BipBip PRO V2 ein Audio-Vario mit un\u00fcbertroffener Reaktionsf\u00e4higkeit. Dank seines leistungsstarken Akkus und der Hochleistungssolarzelle kann es Sie w\u00e4hrend Ihrer gesamten Flugzeit unbegrenzt begleiten.<\/p>\n<p>Die Akustik des BipBip PRO V2 passt sich dank eines gro\u00dfen Lautst\u00e4rkebereichs an jeden an. Der Ton der Piept\u00f6ne ist ausgewogen und sanft. Sie fliegen stressfrei und ohne Kompromisse bei der Effizienz.<\/p>\n<p>Mit seinen zahlreichen anpassbaren Parametern kann es sich vollst\u00e4ndig an Ihren Flugstil anpassen. Ob Sie nun ein Anh\u00e4nger des Hike&amp;Fly oder des Streckenflugs sind, dieses in Frankreich hergestellte Technologiekonzentrat wird Ihre Ausr\u00fcstung nicht mehr verlassen.<br \/>\nImmer ganz oben.<\/p>\n<p>&nbsp;<\/p>\n<p>Mehr <a href=\"https:\/\/www.stodeus.com\/de\/bipbip-pro-solar-audio-variometer\/\">Infos<\/a><\/p>\n<p>Falls dieser Artikel nicht an Lager ist, wird er f\u00fcr dich bestellt. Lieferfrist auf Anfrage.<\/p>\n","protected":false},"featured_media":11958,"comment_status":"closed","ping_status":"closed","template":"","meta":[],"product_brand":[],"product_cat":[2113,402],"product_tag":[1545,410],"class_list":{"0":"post-11955","1":"product","2":"type-product","3":"status-publish","4":"has-post-thumbnail","6":"product_cat-gleitschirm-varios","7":"product_cat-gleitschirm-zubehoer","8":"product_tag-vario","9":"product_tag-zubehoer","10":"product_shipping_class-priority-2kg-de","12":"first","13":"instock","14":"shipping-taxable","15":"purchasable","16":"product-type-simple"},"yoast_head":"<!-- This site is optimized with the Yoast SEO Premium plugin v26.1 (Yoast SEO v27.3) - https:\/\/yoast.com\/product\/yoast-seo-premium-wordpress\/ -->\n<title>Stodeus BipBip Pro V2<\/title>\n<meta name=\"description\" content=\"Solar Audio VariometerDer reaktionsschnellste in seiner Klasse.\" \/>\n<meta name=\"robots\" content=\"index, follow, max-snippet:-1, max-image-preview:large, max-video-preview:-1\" \/>\n<link rel=\"canonical\" href=\"https:\/\/swissgliders.ch\/de\/produkt\/stodeus-bipbip-pro-v2\/\" \/>\n<meta property=\"og:locale\" content=\"de_DE\" \/>\n<meta property=\"og:type\" content=\"article\" \/>\n<meta property=\"og:title\" content=\"Stodeus BipBip Pro V2\" \/>\n<meta property=\"og:description\" content=\"Solar Audio VariometerDer reaktionsschnellste in seiner Klasse.\" \/>\n<meta property=\"og:url\" content=\"https:\/\/swissgliders.ch\/de\/produkt\/stodeus-bipbip-pro-v2\/\" \/>\n<meta property=\"og:site_name\" content=\"Gleitschirmschule Thun, Bern, Interlaken\" \/>\n<meta property=\"article:publisher\" content=\"https:\/\/www.facebook.com\/swissgliders\" \/>\n<meta property=\"article:modified_time\" content=\"2026-04-01T21:02:50+00:00\" \/>\n<meta property=\"og:image\" content=\"https:\/\/swissgliders.ch\/wp-content\/uploads\/2023\/12\/Stodeus_Vario_BipBip_Pro_V2-1.png\" \/>\n\t<meta property=\"og:image:width\" content=\"600\" \/>\n\t<meta property=\"og:image:height\" content=\"382\" \/>\n\t<meta property=\"og:image:type\" content=\"image\/png\" \/>\n<meta name=\"twitter:card\" content=\"summary_large_image\" \/>\n<meta name=\"twitter:site\" content=\"@Swissgliders\" \/>\n<meta name=\"twitter:label1\" content=\"Preis\" \/>\n\t<meta name=\"twitter:data1\" content=\"&#067;&#072;&#070;&nbsp;119.00\" \/>\n\t<meta name=\"twitter:label2\" content=\"Verf\u00fcgbarkeit\" \/>\n\t<meta name=\"twitter:data2\" content=\"Auf Lager\" \/>\n<script type=\"application\/ld+json\" class=\"yoast-schema-graph\">{\"@context\":\"https:\\\/\\\/schema.org\",\"@graph\":[{\"@type\":\"WebPage\",\"@id\":\"https:\\\/\\\/swissgliders.ch\\\/de\\\/produkt\\\/stodeus-bipbip-pro-v2\\\/\",\"url\":\"https:\\\/\\\/swissgliders.ch\\\/de\\\/produkt\\\/stodeus-bipbip-pro-v2\\\/\",\"name\":\"Stodeus BipBip Pro V2\",\"isPartOf\":{\"@id\":\"https:\\\/\\\/swissgliders.ch\\\/de\\\/#website\"},\"primaryImageOfPage\":{\"@id\":\"https:\\\/\\\/swissgliders.ch\\\/de\\\/produkt\\\/stodeus-bipbip-pro-v2\\\/#primaryimage\"},\"image\":{\"@id\":\"https:\\\/\\\/swissgliders.ch\\\/de\\\/produkt\\\/stodeus-bipbip-pro-v2\\\/#primaryimage\"},\"thumbnailUrl\":\"https:\\\/\\\/swissgliders.ch\\\/wp-content\\\/uploads\\\/2023\\\/12\\\/Stodeus_Vario_BipBip_Pro_V2-1.png\",\"datePublished\":\"2023-12-30T10:38:18+00:00\",\"dateModified\":\"2026-04-01T21:02:50+00:00\",\"description\":\"Solar Audio VariometerDer reaktionsschnellste in seiner Klasse.\",\"breadcrumb\":{\"@id\":\"https:\\\/\\\/swissgliders.ch\\\/de\\\/produkt\\\/stodeus-bipbip-pro-v2\\\/#breadcrumb\"},\"inLanguage\":\"de\",\"potentialAction\":[{\"@type\":\"ReadAction\",\"target\":[\"https:\\\/\\\/swissgliders.ch\\\/de\\\/produkt\\\/stodeus-bipbip-pro-v2\\\/\"]}]},{\"@type\":\"ImageObject\",\"inLanguage\":\"de\",\"@id\":\"https:\\\/\\\/swissgliders.ch\\\/de\\\/produkt\\\/stodeus-bipbip-pro-v2\\\/#primaryimage\",\"url\":\"https:\\\/\\\/swissgliders.ch\\\/wp-content\\\/uploads\\\/2023\\\/12\\\/Stodeus_Vario_BipBip_Pro_V2-1.png\",\"contentUrl\":\"https:\\\/\\\/swissgliders.ch\\\/wp-content\\\/uploads\\\/2023\\\/12\\\/Stodeus_Vario_BipBip_Pro_V2-1.png\",\"width\":600,\"height\":382,\"caption\":\"Stodeus_Vario_BipBip_Pro_V2-1\"},{\"@type\":\"BreadcrumbList\",\"@id\":\"https:\\\/\\\/swissgliders.ch\\\/de\\\/produkt\\\/stodeus-bipbip-pro-v2\\\/#breadcrumb\",\"itemListElement\":[{\"@type\":\"ListItem\",\"position\":1,\"name\":\"Startseite\",\"item\":\"https:\\\/\\\/swissgliders.ch\\\/de\\\/willkommen\\\/\"},{\"@type\":\"ListItem\",\"position\":2,\"name\":\"Gleitschirm Shop\",\"item\":\"https:\\\/\\\/swissgliders.ch\\\/de\\\/gleitschirm-shop\\\/\"},{\"@type\":\"ListItem\",\"position\":3,\"name\":\"Stodeus BipBip Pro V2\"}]},{\"@type\":\"WebSite\",\"@id\":\"https:\\\/\\\/swissgliders.ch\\\/de\\\/#website\",\"url\":\"https:\\\/\\\/swissgliders.ch\\\/de\\\/\",\"name\":\"Gleitschirmschule Thun, Bern, Interlaken\",\"description\":\"Gleitschirmschule Thun, Bern, Interlaken\",\"publisher\":{\"@id\":\"https:\\\/\\\/swissgliders.ch\\\/de\\\/#organization\"},\"potentialAction\":[{\"@type\":\"SearchAction\",\"target\":{\"@type\":\"EntryPoint\",\"urlTemplate\":\"https:\\\/\\\/swissgliders.ch\\\/de\\\/?s={search_term_string}\"},\"query-input\":{\"@type\":\"PropertyValueSpecification\",\"valueRequired\":true,\"valueName\":\"search_term_string\"}}],\"inLanguage\":\"de\"},{\"@type\":\"Organization\",\"@id\":\"https:\\\/\\\/swissgliders.ch\\\/de\\\/#organization\",\"name\":\"Swissgliders Gleitschirmflugschule Thun\",\"url\":\"https:\\\/\\\/swissgliders.ch\\\/de\\\/\",\"logo\":{\"@type\":\"ImageObject\",\"inLanguage\":\"de\",\"@id\":\"https:\\\/\\\/swissgliders.ch\\\/de\\\/#\\\/schema\\\/logo\\\/image\\\/\",\"url\":\"https:\\\/\\\/swissgliders.ch\\\/wp-content\\\/uploads\\\/2019\\\/12\\\/swissgliders-logo-rgb-square-L-no-ch-01.png\",\"contentUrl\":\"https:\\\/\\\/swissgliders.ch\\\/wp-content\\\/uploads\\\/2019\\\/12\\\/swissgliders-logo-rgb-square-L-no-ch-01.png\",\"width\":2500,\"height\":2500,\"caption\":\"Swissgliders Gleitschirmflugschule Thun\"},\"image\":{\"@id\":\"https:\\\/\\\/swissgliders.ch\\\/de\\\/#\\\/schema\\\/logo\\\/image\\\/\"},\"sameAs\":[\"https:\\\/\\\/www.facebook.com\\\/swissgliders\",\"https:\\\/\\\/x.com\\\/Swissgliders\",\"https:\\\/\\\/www.instagram.com\\\/swissgliders\\\/\",\"https:\\\/\\\/www.youtube.com\\\/channel\\\/UCMCtGdepy9vBhrhX3V_oJOA\"],\"hasMerchantReturnPolicy\":{\"@type\":\"MerchantReturnPolicy\",\"merchantReturnLink\":\"https:\\\/\\\/swissgliders.ch\\\/de\\\/allgemeine-geschaftsbedingungen\\\/\"}}]}<\/script>\n<meta property=\"product:price:amount\" content=\"119.00\" \/>\n<meta property=\"product:price:currency\" content=\"CHF\" \/>\n<meta property=\"og:availability\" content=\"instock\" \/>\n<meta property=\"product:availability\" content=\"instock\" \/>\n<meta property=\"product:condition\" content=\"new\" \/>\n<!-- \/ Yoast SEO Premium plugin. -->","yoast_head_json":{"title":"Stodeus BipBip Pro V2","description":"Solar Audio VariometerDer reaktionsschnellste in seiner Klasse.","robots":{"index":"index","follow":"follow","max-snippet":"max-snippet:-1","max-image-preview":"max-image-preview:large","max-video-preview":"max-video-preview:-1"},"canonical":"https:\/\/swissgliders.ch\/de\/produkt\/stodeus-bipbip-pro-v2\/","og_locale":"de_DE","og_type":"article","og_title":"Stodeus BipBip Pro V2","og_description":"Solar Audio VariometerDer reaktionsschnellste in seiner Klasse.","og_url":"https:\/\/swissgliders.ch\/de\/produkt\/stodeus-bipbip-pro-v2\/","og_site_name":"Gleitschirmschule Thun, Bern, Interlaken","article_publisher":"https:\/\/www.facebook.com\/swissgliders","article_modified_time":"2026-04-01T21:02:50+00:00","og_image":[{"width":600,"height":382,"url":"https:\/\/swissgliders.ch\/wp-content\/uploads\/2023\/12\/Stodeus_Vario_BipBip_Pro_V2-1.png","type":"image\/png"}],"twitter_card":"summary_large_image","twitter_site":"@Swissgliders","twitter_misc":{"Preis":"&#67;&#72;&#70;&nbsp;119.00","Verf\u00fcgbarkeit":"Auf Lager"},"schema":{"@context":"https:\/\/schema.org","@graph":[{"@type":"WebPage","@id":"https:\/\/swissgliders.ch\/de\/produkt\/stodeus-bipbip-pro-v2\/","url":"https:\/\/swissgliders.ch\/de\/produkt\/stodeus-bipbip-pro-v2\/","name":"Stodeus BipBip Pro V2","isPartOf":{"@id":"https:\/\/swissgliders.ch\/de\/#website"},"primaryImageOfPage":{"@id":"https:\/\/swissgliders.ch\/de\/produkt\/stodeus-bipbip-pro-v2\/#primaryimage"},"image":{"@id":"https:\/\/swissgliders.ch\/de\/produkt\/stodeus-bipbip-pro-v2\/#primaryimage"},"thumbnailUrl":"https:\/\/swissgliders.ch\/wp-content\/uploads\/2023\/12\/Stodeus_Vario_BipBip_Pro_V2-1.png","datePublished":"2023-12-30T10:38:18+00:00","dateModified":"2026-04-01T21:02:50+00:00","description":"Solar Audio VariometerDer reaktionsschnellste in seiner Klasse.","breadcrumb":{"@id":"https:\/\/swissgliders.ch\/de\/produkt\/stodeus-bipbip-pro-v2\/#breadcrumb"},"inLanguage":"de","potentialAction":[{"@type":"ReadAction","target":["https:\/\/swissgliders.ch\/de\/produkt\/stodeus-bipbip-pro-v2\/"]}]},{"@type":"ImageObject","inLanguage":"de","@id":"https:\/\/swissgliders.ch\/de\/produkt\/stodeus-bipbip-pro-v2\/#primaryimage","url":"https:\/\/swissgliders.ch\/wp-content\/uploads\/2023\/12\/Stodeus_Vario_BipBip_Pro_V2-1.png","contentUrl":"https:\/\/swissgliders.ch\/wp-content\/uploads\/2023\/12\/Stodeus_Vario_BipBip_Pro_V2-1.png","width":600,"height":382,"caption":"Stodeus_Vario_BipBip_Pro_V2-1"},{"@type":"BreadcrumbList","@id":"https:\/\/swissgliders.ch\/de\/produkt\/stodeus-bipbip-pro-v2\/#breadcrumb","itemListElement":[{"@type":"ListItem","position":1,"name":"Startseite","item":"https:\/\/swissgliders.ch\/de\/willkommen\/"},{"@type":"ListItem","position":2,"name":"Gleitschirm Shop","item":"https:\/\/swissgliders.ch\/de\/gleitschirm-shop\/"},{"@type":"ListItem","position":3,"name":"Stodeus BipBip Pro V2"}]},{"@type":"WebSite","@id":"https:\/\/swissgliders.ch\/de\/#website","url":"https:\/\/swissgliders.ch\/de\/","name":"Gleitschirmschule Thun, Bern, Interlaken","description":"Gleitschirmschule Thun, Bern, Interlaken","publisher":{"@id":"https:\/\/swissgliders.ch\/de\/#organization"},"potentialAction":[{"@type":"SearchAction","target":{"@type":"EntryPoint","urlTemplate":"https:\/\/swissgliders.ch\/de\/?s={search_term_string}"},"query-input":{"@type":"PropertyValueSpecification","valueRequired":true,"valueName":"search_term_string"}}],"inLanguage":"de"},{"@type":"Organization","@id":"https:\/\/swissgliders.ch\/de\/#organization","name":"Swissgliders Gleitschirmflugschule Thun","url":"https:\/\/swissgliders.ch\/de\/","logo":{"@type":"ImageObject","inLanguage":"de","@id":"https:\/\/swissgliders.ch\/de\/#\/schema\/logo\/image\/","url":"https:\/\/swissgliders.ch\/wp-content\/uploads\/2019\/12\/swissgliders-logo-rgb-square-L-no-ch-01.png","contentUrl":"https:\/\/swissgliders.ch\/wp-content\/uploads\/2019\/12\/swissgliders-logo-rgb-square-L-no-ch-01.png","width":2500,"height":2500,"caption":"Swissgliders Gleitschirmflugschule Thun"},"image":{"@id":"https:\/\/swissgliders.ch\/de\/#\/schema\/logo\/image\/"},"sameAs":["https:\/\/www.facebook.com\/swissgliders","https:\/\/x.com\/Swissgliders","https:\/\/www.instagram.com\/swissgliders\/","https:\/\/www.youtube.com\/channel\/UCMCtGdepy9vBhrhX3V_oJOA"],"hasMerchantReturnPolicy":{"@type":"MerchantReturnPolicy","merchantReturnLink":"https:\/\/swissgliders.ch\/de\/allgemeine-geschaftsbedingungen\/"}}]},"product_price_amount":"119.00","product_price_currency":"CHF","og_availability":"instock","product_availability":"instock","product_condition":"new"},"_links":{"self":[{"href":"https:\/\/swissgliders.ch\/de\/wp-json\/wp\/v2\/product\/11955","targetHints":{"allow":["GET"]}}],"collection":[{"href":"https:\/\/swissgliders.ch\/de\/wp-json\/wp\/v2\/product"}],"about":[{"href":"https:\/\/swissgliders.ch\/de\/wp-json\/wp\/v2\/types\/product"}],"replies":[{"embeddable":true,"href":"https:\/\/swissgliders.ch\/de\/wp-json\/wp\/v2\/comments?post=11955"}],"wp:featuredmedia":[{"embeddable":true,"href":"https:\/\/swissgliders.ch\/de\/wp-json\/wp\/v2\/media\/11958"}],"wp:attachment":[{"href":"https:\/\/swissgliders.ch\/de\/wp-json\/wp\/v2\/media?parent=11955"}],"wp:term":[{"taxonomy":"product_brand","embeddable":true,"href":"https:\/\/swissgliders.ch\/de\/wp-json\/wp\/v2\/product_brand?post=11955"},{"taxonomy":"product_cat","embeddable":true,"href":"https:\/\/swissgliders.ch\/de\/wp-json\/wp\/v2\/product_cat?post=11955"},{"taxonomy":"product_tag","embeddable":true,"href":"https:\/\/swissgliders.ch\/de\/wp-json\/wp\/v2\/product_tag?post=11955"}],"curies":[{"name":"wp","href":"https:\/\/api.w.org\/{rel}","templated":true}]}}