{"id":11964,"date":"2023-12-30T11:42:49","date_gmt":"2023-12-30T10:42:49","guid":{"rendered":"https:\/\/swissgliders.ch\/?post_type=product&#038;p=11964"},"modified":"2025-05-13T13:31:49","modified_gmt":"2025-05-13T12:31:49","slug":"stodeus-minibip-v2","status":"publish","type":"product","link":"https:\/\/swissgliders.ch\/de\/produkt\/stodeus-minibip-v2\/","title":{"rendered":"Stodeus MiniBip V2"},"content":{"rendered":"<h3><strong>DIE EINFACHHEIT EINES ERSTEN VARIOS, UM BEIM GLEITSCHIRMFLIEGEN FORTSCHRITTE ZU MACHEN<\/strong><\/h3>\n<p><img loading=\"lazy\" decoding=\"async\" class=\"\" src=\"https:\/\/legisport.hu\/630-large_default\/stodeus-minibip-audio-vario.jpg\" alt=\"Stodeus MiniBip audio vari\u00f3\" width=\"350\" height=\"350\" \/><\/p>\n<p><strong>AUDIO-MINIVARIOMETER<\/strong><\/p>\n<p>Der miniBip V2 ist ultraeinfach, \u00fcber USB-C aufladbar, und sein Audioprofil profitiert von Stodeus&#8216; 10-j\u00e4hriger Erfahrung mit Audiovarios &#8211; all das macht ihn zum besten Freund des Gleitschirm-Anf\u00e4ngers!<br \/>\nEs ist Zeit zu fliegen.<\/p>\n<p>&nbsp;<\/p>\n<p>Mehr <a href=\"https:\/\/www.stodeus.com\/de\/minibip_mini_audio_variometer\/\">Infos<\/a><\/p>\n<p>&nbsp;<\/p>\n<p>Falls dieser Artikel nicht an Lager ist, wird er f\u00fcr dich bestellt. Lieferfrist auf Anfrage.<\/p>\n","protected":false},"excerpt":{"rendered":"<h3><strong>DIE EINFACHHEIT EINES ERSTEN VARIOS, UM BEIM GLEITSCHIRMFLIEGEN FORTSCHRITTE ZU MACHEN<\/strong><\/h3>\n<p><img loading=\"lazy\" decoding=\"async\" class=\"\" src=\"https:\/\/legisport.hu\/630-large_default\/stodeus-minibip-audio-vario.jpg\" alt=\"Stodeus MiniBip audio vari\u00f3\" width=\"350\" height=\"350\" \/><\/p>\n<p><strong>AUDIO-MINIVARIOMETER<\/strong><\/p>\n<p>Der miniBip V2 ist ultraeinfach, \u00fcber USB-C aufladbar, und sein Audioprofil profitiert von Stodeus&#8216; 10-j\u00e4hriger Erfahrung mit Audiovarios &#8211; all das macht ihn zum besten Freund des Gleitschirm-Anf\u00e4ngers!<br \/>\nEs ist Zeit zu fliegen.<\/p>\n<p>&nbsp;<\/p>\n<p>Mehr <a href=\"https:\/\/www.stodeus.com\/de\/minibip_mini_audio_variometer\/\">Infos<\/a><\/p>\n<p>&nbsp;<\/p>\n<p>Falls dieser Artikel nicht an Lager ist, wird er f\u00fcr dich bestellt. Lieferfrist auf Anfrage.<\/p>\n","protected":false},"featured_media":11962,"comment_status":"closed","ping_status":"closed","template":"","meta":[],"product_brand":[],"product_cat":[2113,402],"product_tag":[1545,410],"class_list":{"0":"post-11964","1":"product","2":"type-product","3":"status-publish","4":"has-post-thumbnail","6":"product_cat-gleitschirm-varios","7":"product_cat-gleitschirm-zubehoer","8":"product_tag-vario","9":"product_tag-zubehoer","10":"product_shipping_class-priority-2kg-de","12":"first","13":"instock","14":"shipping-taxable","15":"purchasable","16":"product-type-simple"},"yoast_head":"<!-- This site is optimized with the Yoast SEO Premium plugin v26.1 (Yoast SEO v27.3) - https:\/\/yoast.com\/product\/yoast-seo-premium-wordpress\/ -->\n<title>Stodeus MiniBip V2<\/title>\n<meta name=\"description\" content=\"Stodeus miniBip V2 AUDIO-MINIVARIOMETER\" \/>\n<meta name=\"robots\" content=\"index, follow, max-snippet:-1, max-image-preview:large, max-video-preview:-1\" \/>\n<link rel=\"canonical\" href=\"https:\/\/swissgliders.ch\/de\/produkt\/stodeus-minibip-v2\/\" \/>\n<meta property=\"og:locale\" content=\"de_DE\" \/>\n<meta property=\"og:type\" content=\"article\" \/>\n<meta property=\"og:title\" content=\"Stodeus MiniBip V2\" \/>\n<meta property=\"og:description\" content=\"Stodeus miniBip V2 AUDIO-MINIVARIOMETER\" \/>\n<meta property=\"og:url\" content=\"https:\/\/swissgliders.ch\/de\/produkt\/stodeus-minibip-v2\/\" \/>\n<meta property=\"og:site_name\" content=\"Gleitschirmschule Thun, Bern, Interlaken\" \/>\n<meta property=\"article:publisher\" content=\"https:\/\/www.facebook.com\/swissgliders\" \/>\n<meta property=\"article:modified_time\" content=\"2025-05-13T12:31:49+00:00\" \/>\n<meta property=\"og:image\" content=\"https:\/\/swissgliders.ch\/wp-content\/uploads\/2023\/12\/Stodeus_Vario_Minibip-1.jpg\" \/>\n\t<meta property=\"og:image:width\" content=\"700\" \/>\n\t<meta property=\"og:image:height\" content=\"700\" \/>\n\t<meta property=\"og:image:type\" content=\"image\/jpeg\" \/>\n<meta name=\"twitter:card\" content=\"summary_large_image\" \/>\n<meta name=\"twitter:site\" content=\"@Swissgliders\" \/>\n<meta name=\"twitter:label1\" content=\"Preis\" \/>\n\t<meta name=\"twitter:data1\" content=\"&#067;&#072;&#070;&nbsp;75.00\" \/>\n\t<meta name=\"twitter:label2\" content=\"Verf\u00fcgbarkeit\" \/>\n\t<meta name=\"twitter:data2\" content=\"Auf Lager\" \/>\n<script type=\"application\/ld+json\" class=\"yoast-schema-graph\">{\"@context\":\"https:\\\/\\\/schema.org\",\"@graph\":[{\"@type\":\"WebPage\",\"@id\":\"https:\\\/\\\/swissgliders.ch\\\/de\\\/produkt\\\/stodeus-minibip-v2\\\/\",\"url\":\"https:\\\/\\\/swissgliders.ch\\\/de\\\/produkt\\\/stodeus-minibip-v2\\\/\",\"name\":\"Stodeus MiniBip V2\",\"isPartOf\":{\"@id\":\"https:\\\/\\\/swissgliders.ch\\\/de\\\/#website\"},\"primaryImageOfPage\":{\"@id\":\"https:\\\/\\\/swissgliders.ch\\\/de\\\/produkt\\\/stodeus-minibip-v2\\\/#primaryimage\"},\"image\":{\"@id\":\"https:\\\/\\\/swissgliders.ch\\\/de\\\/produkt\\\/stodeus-minibip-v2\\\/#primaryimage\"},\"thumbnailUrl\":\"https:\\\/\\\/swissgliders.ch\\\/wp-content\\\/uploads\\\/2023\\\/12\\\/Stodeus_Vario_Minibip-1.jpg\",\"datePublished\":\"2023-12-30T10:42:49+00:00\",\"dateModified\":\"2025-05-13T12:31:49+00:00\",\"description\":\"Stodeus miniBip V2 AUDIO-MINIVARIOMETER\",\"breadcrumb\":{\"@id\":\"https:\\\/\\\/swissgliders.ch\\\/de\\\/produkt\\\/stodeus-minibip-v2\\\/#breadcrumb\"},\"inLanguage\":\"de\",\"potentialAction\":[{\"@type\":\"ReadAction\",\"target\":[\"https:\\\/\\\/swissgliders.ch\\\/de\\\/produkt\\\/stodeus-minibip-v2\\\/\"]}]},{\"@type\":\"ImageObject\",\"inLanguage\":\"de\",\"@id\":\"https:\\\/\\\/swissgliders.ch\\\/de\\\/produkt\\\/stodeus-minibip-v2\\\/#primaryimage\",\"url\":\"https:\\\/\\\/swissgliders.ch\\\/wp-content\\\/uploads\\\/2023\\\/12\\\/Stodeus_Vario_Minibip-1.jpg\",\"contentUrl\":\"https:\\\/\\\/swissgliders.ch\\\/wp-content\\\/uploads\\\/2023\\\/12\\\/Stodeus_Vario_Minibip-1.jpg\",\"width\":700,\"height\":700,\"caption\":\"Stodeus_Vario_Minibip-1\"},{\"@type\":\"BreadcrumbList\",\"@id\":\"https:\\\/\\\/swissgliders.ch\\\/de\\\/produkt\\\/stodeus-minibip-v2\\\/#breadcrumb\",\"itemListElement\":[{\"@type\":\"ListItem\",\"position\":1,\"name\":\"Startseite\",\"item\":\"https:\\\/\\\/swissgliders.ch\\\/de\\\/willkommen\\\/\"},{\"@type\":\"ListItem\",\"position\":2,\"name\":\"Gleitschirm Shop\",\"item\":\"https:\\\/\\\/swissgliders.ch\\\/de\\\/gleitschirm-shop\\\/\"},{\"@type\":\"ListItem\",\"position\":3,\"name\":\"Stodeus MiniBip V2\"}]},{\"@type\":\"WebSite\",\"@id\":\"https:\\\/\\\/swissgliders.ch\\\/de\\\/#website\",\"url\":\"https:\\\/\\\/swissgliders.ch\\\/de\\\/\",\"name\":\"Gleitschirmschule Thun, Bern, Interlaken\",\"description\":\"Gleitschirmschule Thun, Bern, Interlaken\",\"publisher\":{\"@id\":\"https:\\\/\\\/swissgliders.ch\\\/de\\\/#organization\"},\"potentialAction\":[{\"@type\":\"SearchAction\",\"target\":{\"@type\":\"EntryPoint\",\"urlTemplate\":\"https:\\\/\\\/swissgliders.ch\\\/de\\\/?s={search_term_string}\"},\"query-input\":{\"@type\":\"PropertyValueSpecification\",\"valueRequired\":true,\"valueName\":\"search_term_string\"}}],\"inLanguage\":\"de\"},{\"@type\":\"Organization\",\"@id\":\"https:\\\/\\\/swissgliders.ch\\\/de\\\/#organization\",\"name\":\"Swissgliders Gleitschirmflugschule Thun\",\"url\":\"https:\\\/\\\/swissgliders.ch\\\/de\\\/\",\"logo\":{\"@type\":\"ImageObject\",\"inLanguage\":\"de\",\"@id\":\"https:\\\/\\\/swissgliders.ch\\\/de\\\/#\\\/schema\\\/logo\\\/image\\\/\",\"url\":\"https:\\\/\\\/swissgliders.ch\\\/wp-content\\\/uploads\\\/2019\\\/12\\\/swissgliders-logo-rgb-square-L-no-ch-01.png\",\"contentUrl\":\"https:\\\/\\\/swissgliders.ch\\\/wp-content\\\/uploads\\\/2019\\\/12\\\/swissgliders-logo-rgb-square-L-no-ch-01.png\",\"width\":2500,\"height\":2500,\"caption\":\"Swissgliders Gleitschirmflugschule Thun\"},\"image\":{\"@id\":\"https:\\\/\\\/swissgliders.ch\\\/de\\\/#\\\/schema\\\/logo\\\/image\\\/\"},\"sameAs\":[\"https:\\\/\\\/www.facebook.com\\\/swissgliders\",\"https:\\\/\\\/x.com\\\/Swissgliders\",\"https:\\\/\\\/www.instagram.com\\\/swissgliders\\\/\",\"https:\\\/\\\/www.youtube.com\\\/channel\\\/UCMCtGdepy9vBhrhX3V_oJOA\"],\"hasMerchantReturnPolicy\":{\"@type\":\"MerchantReturnPolicy\",\"merchantReturnLink\":\"https:\\\/\\\/swissgliders.ch\\\/de\\\/allgemeine-geschaftsbedingungen\\\/\"}}]}<\/script>\n<meta property=\"product:price:amount\" content=\"75.00\" \/>\n<meta property=\"product:price:currency\" content=\"CHF\" \/>\n<meta property=\"og:availability\" content=\"instock\" \/>\n<meta property=\"product:availability\" content=\"instock\" \/>\n<meta property=\"product:condition\" content=\"new\" \/>\n<!-- \/ Yoast SEO Premium plugin. -->","yoast_head_json":{"title":"Stodeus MiniBip V2","description":"Stodeus miniBip V2 AUDIO-MINIVARIOMETER","robots":{"index":"index","follow":"follow","max-snippet":"max-snippet:-1","max-image-preview":"max-image-preview:large","max-video-preview":"max-video-preview:-1"},"canonical":"https:\/\/swissgliders.ch\/de\/produkt\/stodeus-minibip-v2\/","og_locale":"de_DE","og_type":"article","og_title":"Stodeus MiniBip V2","og_description":"Stodeus miniBip V2 AUDIO-MINIVARIOMETER","og_url":"https:\/\/swissgliders.ch\/de\/produkt\/stodeus-minibip-v2\/","og_site_name":"Gleitschirmschule Thun, Bern, Interlaken","article_publisher":"https:\/\/www.facebook.com\/swissgliders","article_modified_time":"2025-05-13T12:31:49+00:00","og_image":[{"width":700,"height":700,"url":"https:\/\/swissgliders.ch\/wp-content\/uploads\/2023\/12\/Stodeus_Vario_Minibip-1.jpg","type":"image\/jpeg"}],"twitter_card":"summary_large_image","twitter_site":"@Swissgliders","twitter_misc":{"Preis":"&#67;&#72;&#70;&nbsp;75.00","Verf\u00fcgbarkeit":"Auf Lager"},"schema":{"@context":"https:\/\/schema.org","@graph":[{"@type":"WebPage","@id":"https:\/\/swissgliders.ch\/de\/produkt\/stodeus-minibip-v2\/","url":"https:\/\/swissgliders.ch\/de\/produkt\/stodeus-minibip-v2\/","name":"Stodeus MiniBip V2","isPartOf":{"@id":"https:\/\/swissgliders.ch\/de\/#website"},"primaryImageOfPage":{"@id":"https:\/\/swissgliders.ch\/de\/produkt\/stodeus-minibip-v2\/#primaryimage"},"image":{"@id":"https:\/\/swissgliders.ch\/de\/produkt\/stodeus-minibip-v2\/#primaryimage"},"thumbnailUrl":"https:\/\/swissgliders.ch\/wp-content\/uploads\/2023\/12\/Stodeus_Vario_Minibip-1.jpg","datePublished":"2023-12-30T10:42:49+00:00","dateModified":"2025-05-13T12:31:49+00:00","description":"Stodeus miniBip V2 AUDIO-MINIVARIOMETER","breadcrumb":{"@id":"https:\/\/swissgliders.ch\/de\/produkt\/stodeus-minibip-v2\/#breadcrumb"},"inLanguage":"de","potentialAction":[{"@type":"ReadAction","target":["https:\/\/swissgliders.ch\/de\/produkt\/stodeus-minibip-v2\/"]}]},{"@type":"ImageObject","inLanguage":"de","@id":"https:\/\/swissgliders.ch\/de\/produkt\/stodeus-minibip-v2\/#primaryimage","url":"https:\/\/swissgliders.ch\/wp-content\/uploads\/2023\/12\/Stodeus_Vario_Minibip-1.jpg","contentUrl":"https:\/\/swissgliders.ch\/wp-content\/uploads\/2023\/12\/Stodeus_Vario_Minibip-1.jpg","width":700,"height":700,"caption":"Stodeus_Vario_Minibip-1"},{"@type":"BreadcrumbList","@id":"https:\/\/swissgliders.ch\/de\/produkt\/stodeus-minibip-v2\/#breadcrumb","itemListElement":[{"@type":"ListItem","position":1,"name":"Startseite","item":"https:\/\/swissgliders.ch\/de\/willkommen\/"},{"@type":"ListItem","position":2,"name":"Gleitschirm Shop","item":"https:\/\/swissgliders.ch\/de\/gleitschirm-shop\/"},{"@type":"ListItem","position":3,"name":"Stodeus MiniBip V2"}]},{"@type":"WebSite","@id":"https:\/\/swissgliders.ch\/de\/#website","url":"https:\/\/swissgliders.ch\/de\/","name":"Gleitschirmschule Thun, Bern, Interlaken","description":"Gleitschirmschule Thun, Bern, Interlaken","publisher":{"@id":"https:\/\/swissgliders.ch\/de\/#organization"},"potentialAction":[{"@type":"SearchAction","target":{"@type":"EntryPoint","urlTemplate":"https:\/\/swissgliders.ch\/de\/?s={search_term_string}"},"query-input":{"@type":"PropertyValueSpecification","valueRequired":true,"valueName":"search_term_string"}}],"inLanguage":"de"},{"@type":"Organization","@id":"https:\/\/swissgliders.ch\/de\/#organization","name":"Swissgliders Gleitschirmflugschule Thun","url":"https:\/\/swissgliders.ch\/de\/","logo":{"@type":"ImageObject","inLanguage":"de","@id":"https:\/\/swissgliders.ch\/de\/#\/schema\/logo\/image\/","url":"https:\/\/swissgliders.ch\/wp-content\/uploads\/2019\/12\/swissgliders-logo-rgb-square-L-no-ch-01.png","contentUrl":"https:\/\/swissgliders.ch\/wp-content\/uploads\/2019\/12\/swissgliders-logo-rgb-square-L-no-ch-01.png","width":2500,"height":2500,"caption":"Swissgliders Gleitschirmflugschule Thun"},"image":{"@id":"https:\/\/swissgliders.ch\/de\/#\/schema\/logo\/image\/"},"sameAs":["https:\/\/www.facebook.com\/swissgliders","https:\/\/x.com\/Swissgliders","https:\/\/www.instagram.com\/swissgliders\/","https:\/\/www.youtube.com\/channel\/UCMCtGdepy9vBhrhX3V_oJOA"],"hasMerchantReturnPolicy":{"@type":"MerchantReturnPolicy","merchantReturnLink":"https:\/\/swissgliders.ch\/de\/allgemeine-geschaftsbedingungen\/"}}]},"product_price_amount":"75.00","product_price_currency":"CHF","og_availability":"instock","product_availability":"instock","product_condition":"new"},"_links":{"self":[{"href":"https:\/\/swissgliders.ch\/de\/wp-json\/wp\/v2\/product\/11964","targetHints":{"allow":["GET"]}}],"collection":[{"href":"https:\/\/swissgliders.ch\/de\/wp-json\/wp\/v2\/product"}],"about":[{"href":"https:\/\/swissgliders.ch\/de\/wp-json\/wp\/v2\/types\/product"}],"replies":[{"embeddable":true,"href":"https:\/\/swissgliders.ch\/de\/wp-json\/wp\/v2\/comments?post=11964"}],"wp:featuredmedia":[{"embeddable":true,"href":"https:\/\/swissgliders.ch\/de\/wp-json\/wp\/v2\/media\/11962"}],"wp:attachment":[{"href":"https:\/\/swissgliders.ch\/de\/wp-json\/wp\/v2\/media?parent=11964"}],"wp:term":[{"taxonomy":"product_brand","embeddable":true,"href":"https:\/\/swissgliders.ch\/de\/wp-json\/wp\/v2\/product_brand?post=11964"},{"taxonomy":"product_cat","embeddable":true,"href":"https:\/\/swissgliders.ch\/de\/wp-json\/wp\/v2\/product_cat?post=11964"},{"taxonomy":"product_tag","embeddable":true,"href":"https:\/\/swissgliders.ch\/de\/wp-json\/wp\/v2\/product_tag?post=11964"}],"curies":[{"name":"wp","href":"https:\/\/api.w.org\/{rel}","templated":true}]}}