{"id":11971,"date":"2024-01-01T12:38:09","date_gmt":"2024-01-01T11:38:09","guid":{"rendered":"https:\/\/swissgliders.ch\/?post_type=product&#038;p=11971"},"modified":"2026-04-01T20:00:52","modified_gmt":"2026-04-01T19:00:52","slug":"skybean-strato","status":"publish","type":"product","link":"https:\/\/swissgliders.ch\/de\/produkt\/skybean-strato\/","title":{"rendered":"Skybean Strato"},"content":{"rendered":"<p><img loading=\"lazy\" decoding=\"async\" class=\"\" src=\"https:\/\/media.skybean.eu\/506-large_default\/strato.jpg\" width=\"524\" height=\"524\" \/><\/p>\n<p><strong>Hier ist eine Liste der aktuellen Funktionen, nicht der zuk\u00fcnftigen:<\/strong><\/p>\n<ul>\n<li>\u00dcberarbeitete Version mit hellem Display und hochwertigem Barometer, sowie leistungsf\u00e4higere Software<\/li>\n<li>Vario &#8211; Lautsprecherklang, durchschnittliches Vario, barometrischer H\u00f6henmesser<\/li>\n<li>Sehr umfangreiches Vario mit 50h Akkulaufzeit<\/li>\n<li>GPS &#8211; IGC-Tracklogs, Bodengeschwindigkeit, Kurs, Gleitzahl, GPS-H\u00f6henmesser, H\u00f6he \u00fcber Grund<\/li>\n<li>Gel\u00e4ndedaten der ganzen Welt vorinstalliert<\/li>\n<li>Bluetooth-Telemetrie &#8211; Verbindung zu XC-Apps (XCtrack und FlySkyHy)<\/li>\n<li>Thermalassistenten &#8211; Thermalspur (XCtrack Slyle) oder Kreisausf\u00fchrung<\/li>\n<li>Wind &#8211; Geschwindigkeit und Richtung werden aus dem Kreis berechnet<\/li>\n<li>FLARM &amp; FANET Radar<\/li>\n<li><strong>Farbkarte<\/strong> &#8211; Gel\u00e4nde, Stra\u00dfen, D\u00f6rfer, Kabel<\/li>\n<li>Luftr\u00e4ume &#8211; wird in der Karte angezeigt, keine Pop-up-Warnung<\/li>\n<li>Bluetooth-Sound &#8211; Strato kann Ihr Bluetooth-Lautsprecher f\u00fcr Musik in der Luft oder am Boden sein<\/li>\n<li>Sonstiges &#8211; Batteriestand, G-Meter, Kilometerz\u00e4hler, aktuelle Zeit, Flugzeit, Richtung und Entfernung zum Startplatz, H\u00f6hendiagramm<\/li>\n<li>Wasserdicht bis 1m<\/li>\n<\/ul>\n<p>Mehr<a href=\"https:\/\/skybean.eu\/strato\" target=\"_blank\" rel=\"noopener noreferrer\"> Infos<\/a><\/p>\n<p>Falls dieser Artikel nicht an Lager ist, wird er f\u00fcr dich bestellt. Lieferfrist auf Anfrage<\/p>\n","protected":false},"excerpt":{"rendered":"<p><img loading=\"lazy\" decoding=\"async\" class=\"\" src=\"https:\/\/media.skybean.eu\/506-large_default\/strato.jpg\" width=\"524\" height=\"524\" \/><\/p>\n<p>Das aktuell wohl g\u00fcnstigste Vario auf dem Markt mit <strong>FANET und FLARM<\/strong>!<\/p>\n<p><strong>Hier ist eine Liste der aktuellen Funktionen, nicht der zuk\u00fcnftigen:<\/strong><\/p>\n<ul>\n<li>\u00dcberarbeitete Version mit hellem Display und hochwertigem Barometer, sowie leistungsf\u00e4higere Software<\/li>\n<li>Vario &#8211; Lautsprecherklang, durchschnittliches Vario, barometrischer H\u00f6henmesser<\/li>\n<li>Sehr umfangreiches Vario mit 50h Akkulaufzeit<\/li>\n<li>GPS &#8211; IGC-Tracklogs, Bodengeschwindigkeit, Kurs, Gleitzahl, GPS-H\u00f6henmesser, H\u00f6he \u00fcber Grund<\/li>\n<li>Gel\u00e4ndedaten der ganzen Welt vorinstalliert<\/li>\n<li>Bluetooth-Telemetrie &#8211; Verbindung zu XC-Apps (XCtrack und FlySkyHy)<\/li>\n<li>Thermalassistenten &#8211; Thermalspur (XCtrack Slyle) oder Kreisausf\u00fchrung<\/li>\n<li>Wind &#8211; Geschwindigkeit und Richtung werden aus dem Kreis berechnet<\/li>\n<li>FLARM &amp; FANET Radar<\/li>\n<li><strong>Farbkarte<\/strong> &#8211; Gel\u00e4nde, Stra\u00dfen, D\u00f6rfer, Kabel<\/li>\n<li>Luftr\u00e4ume &#8211; wird in der Karte angezeigt, keine Pop-up-Warnung<\/li>\n<li>Bluetooth-Sound &#8211; Strato kann Ihr Bluetooth-Lautsprecher f\u00fcr Musik in der Luft oder am Boden sein<\/li>\n<li>Sonstiges &#8211; Batteriestand, G-Meter, Kilometerz\u00e4hler, aktuelle Zeit, Flugzeit, Richtung und Entfernung zum Startplatz, H\u00f6hendiagramm<\/li>\n<li>Wasserdicht bis 1m<\/li>\n<\/ul>\n<p>Mehr<a href=\"https:\/\/skybean.eu\/strato\" target=\"_blank\" rel=\"noopener noreferrer\"> Infos<\/a><\/p>\n<p>Falls dieser Artikel nicht an Lager ist, wird er f\u00fcr dich bestellt. Lieferfrist auf Anfrage<\/p>\n","protected":false},"featured_media":11977,"comment_status":"closed","ping_status":"closed","template":"","meta":[],"product_brand":[2710],"product_cat":[2113],"product_tag":[1545,410],"class_list":{"0":"post-11971","1":"product","2":"type-product","3":"status-publish","4":"has-post-thumbnail","6":"product_brand-skybean","7":"product_cat-gleitschirm-varios","8":"product_tag-vario","9":"product_tag-zubehoer","10":"product_shipping_class-priority-2kg-de","12":"first","13":"instock","14":"shipping-taxable","15":"purchasable","16":"product-type-variable"},"yoast_head":"<!-- This site is optimized with the Yoast SEO Premium plugin v26.1 (Yoast SEO v27.3) - https:\/\/yoast.com\/product\/yoast-seo-premium-wordpress\/ -->\n<title>Skybean Strato | Gleitschirmschule Thun, Bern, Interlaken<\/title>\n<meta name=\"description\" content=\"Skybean Strato Vario Lautsprecherklang durchschnittliches Vario barometrischer H\u00f6henmesser\" \/>\n<meta name=\"robots\" content=\"index, follow, max-snippet:-1, max-image-preview:large, max-video-preview:-1\" \/>\n<link rel=\"canonical\" href=\"https:\/\/swissgliders.ch\/de\/produkt\/skybean-strato\/\" \/>\n<meta property=\"og:locale\" content=\"de_DE\" \/>\n<meta property=\"og:type\" content=\"article\" \/>\n<meta property=\"og:title\" content=\"Skybean Strato\" \/>\n<meta property=\"og:description\" content=\"Skybean Strato Vario Lautsprecherklang durchschnittliches Vario barometrischer H\u00f6henmesser\" \/>\n<meta property=\"og:url\" content=\"https:\/\/swissgliders.ch\/de\/produkt\/skybean-strato\/\" \/>\n<meta property=\"og:site_name\" content=\"Gleitschirmschule Thun, Bern, Interlaken\" \/>\n<meta property=\"article:publisher\" content=\"https:\/\/www.facebook.com\/swissgliders\" \/>\n<meta property=\"article:modified_time\" content=\"2026-04-01T19:00:52+00:00\" \/>\n<meta property=\"og:image\" content=\"https:\/\/swissgliders.ch\/wp-content\/uploads\/2024\/01\/Skybean_Vario_Strato-1.png\" \/>\n\t<meta property=\"og:image:width\" content=\"800\" \/>\n\t<meta property=\"og:image:height\" content=\"800\" \/>\n\t<meta property=\"og:image:type\" content=\"image\/png\" \/>\n<meta name=\"twitter:card\" content=\"summary_large_image\" \/>\n<meta name=\"twitter:site\" content=\"@Swissgliders\" \/>\n<meta name=\"twitter:label1\" content=\"Verf\u00fcgbarkeit\" \/>\n\t<meta name=\"twitter:data1\" content=\"Auf Lager\" \/>\n<script type=\"application\/ld+json\" class=\"yoast-schema-graph\">{\"@context\":\"https:\\\/\\\/schema.org\",\"@graph\":[{\"@type\":\"WebPage\",\"@id\":\"https:\\\/\\\/swissgliders.ch\\\/de\\\/produkt\\\/skybean-strato\\\/\",\"url\":\"https:\\\/\\\/swissgliders.ch\\\/de\\\/produkt\\\/skybean-strato\\\/\",\"name\":\"Skybean Strato | Gleitschirmschule Thun, Bern, Interlaken\",\"isPartOf\":{\"@id\":\"https:\\\/\\\/swissgliders.ch\\\/de\\\/#website\"},\"primaryImageOfPage\":{\"@id\":\"https:\\\/\\\/swissgliders.ch\\\/de\\\/produkt\\\/skybean-strato\\\/#primaryimage\"},\"image\":{\"@id\":\"https:\\\/\\\/swissgliders.ch\\\/de\\\/produkt\\\/skybean-strato\\\/#primaryimage\"},\"thumbnailUrl\":\"https:\\\/\\\/swissgliders.ch\\\/wp-content\\\/uploads\\\/2024\\\/01\\\/Skybean_Vario_Strato-1.png\",\"datePublished\":\"2024-01-01T11:38:09+00:00\",\"dateModified\":\"2026-04-01T19:00:52+00:00\",\"description\":\"Skybean Strato Vario Lautsprecherklang durchschnittliches Vario barometrischer H\u00f6henmesser\",\"breadcrumb\":{\"@id\":\"https:\\\/\\\/swissgliders.ch\\\/de\\\/produkt\\\/skybean-strato\\\/#breadcrumb\"},\"inLanguage\":\"de\",\"potentialAction\":[{\"@type\":\"ReadAction\",\"target\":[\"https:\\\/\\\/swissgliders.ch\\\/de\\\/produkt\\\/skybean-strato\\\/\"]}]},{\"@type\":\"ImageObject\",\"inLanguage\":\"de\",\"@id\":\"https:\\\/\\\/swissgliders.ch\\\/de\\\/produkt\\\/skybean-strato\\\/#primaryimage\",\"url\":\"https:\\\/\\\/swissgliders.ch\\\/wp-content\\\/uploads\\\/2024\\\/01\\\/Skybean_Vario_Strato-1.png\",\"contentUrl\":\"https:\\\/\\\/swissgliders.ch\\\/wp-content\\\/uploads\\\/2024\\\/01\\\/Skybean_Vario_Strato-1.png\",\"width\":800,\"height\":800,\"caption\":\"Skybean_Vario_Strato_Blau-1\"},{\"@type\":\"BreadcrumbList\",\"@id\":\"https:\\\/\\\/swissgliders.ch\\\/de\\\/produkt\\\/skybean-strato\\\/#breadcrumb\",\"itemListElement\":[{\"@type\":\"ListItem\",\"position\":1,\"name\":\"Startseite\",\"item\":\"https:\\\/\\\/swissgliders.ch\\\/de\\\/willkommen\\\/\"},{\"@type\":\"ListItem\",\"position\":2,\"name\":\"Gleitschirm Shop\",\"item\":\"https:\\\/\\\/swissgliders.ch\\\/de\\\/gleitschirm-shop\\\/\"},{\"@type\":\"ListItem\",\"position\":3,\"name\":\"Skybean Strato\"}]},{\"@type\":\"WebSite\",\"@id\":\"https:\\\/\\\/swissgliders.ch\\\/de\\\/#website\",\"url\":\"https:\\\/\\\/swissgliders.ch\\\/de\\\/\",\"name\":\"Gleitschirmschule Thun, Bern, Interlaken\",\"description\":\"Gleitschirmschule Thun, Bern, Interlaken\",\"publisher\":{\"@id\":\"https:\\\/\\\/swissgliders.ch\\\/de\\\/#organization\"},\"potentialAction\":[{\"@type\":\"SearchAction\",\"target\":{\"@type\":\"EntryPoint\",\"urlTemplate\":\"https:\\\/\\\/swissgliders.ch\\\/de\\\/?s={search_term_string}\"},\"query-input\":{\"@type\":\"PropertyValueSpecification\",\"valueRequired\":true,\"valueName\":\"search_term_string\"}}],\"inLanguage\":\"de\"},{\"@type\":\"Organization\",\"@id\":\"https:\\\/\\\/swissgliders.ch\\\/de\\\/#organization\",\"name\":\"Swissgliders Gleitschirmflugschule Thun\",\"url\":\"https:\\\/\\\/swissgliders.ch\\\/de\\\/\",\"logo\":{\"@type\":\"ImageObject\",\"inLanguage\":\"de\",\"@id\":\"https:\\\/\\\/swissgliders.ch\\\/de\\\/#\\\/schema\\\/logo\\\/image\\\/\",\"url\":\"https:\\\/\\\/swissgliders.ch\\\/wp-content\\\/uploads\\\/2019\\\/12\\\/swissgliders-logo-rgb-square-L-no-ch-01.png\",\"contentUrl\":\"https:\\\/\\\/swissgliders.ch\\\/wp-content\\\/uploads\\\/2019\\\/12\\\/swissgliders-logo-rgb-square-L-no-ch-01.png\",\"width\":2500,\"height\":2500,\"caption\":\"Swissgliders Gleitschirmflugschule Thun\"},\"image\":{\"@id\":\"https:\\\/\\\/swissgliders.ch\\\/de\\\/#\\\/schema\\\/logo\\\/image\\\/\"},\"sameAs\":[\"https:\\\/\\\/www.facebook.com\\\/swissgliders\",\"https:\\\/\\\/x.com\\\/Swissgliders\",\"https:\\\/\\\/www.instagram.com\\\/swissgliders\\\/\",\"https:\\\/\\\/www.youtube.com\\\/channel\\\/UCMCtGdepy9vBhrhX3V_oJOA\"],\"hasMerchantReturnPolicy\":{\"@type\":\"MerchantReturnPolicy\",\"merchantReturnLink\":\"https:\\\/\\\/swissgliders.ch\\\/de\\\/allgemeine-geschaftsbedingungen\\\/\"}}]}<\/script>\n<meta property=\"og:availability\" content=\"instock\" \/>\n<meta property=\"product:availability\" content=\"instock\" \/>\n<meta property=\"product:condition\" content=\"new\" \/>\n<!-- \/ Yoast SEO Premium plugin. -->","yoast_head_json":{"title":"Skybean Strato | Gleitschirmschule Thun, Bern, Interlaken","description":"Skybean Strato Vario Lautsprecherklang durchschnittliches Vario barometrischer H\u00f6henmesser","robots":{"index":"index","follow":"follow","max-snippet":"max-snippet:-1","max-image-preview":"max-image-preview:large","max-video-preview":"max-video-preview:-1"},"canonical":"https:\/\/swissgliders.ch\/de\/produkt\/skybean-strato\/","og_locale":"de_DE","og_type":"article","og_title":"Skybean Strato","og_description":"Skybean Strato Vario Lautsprecherklang durchschnittliches Vario barometrischer H\u00f6henmesser","og_url":"https:\/\/swissgliders.ch\/de\/produkt\/skybean-strato\/","og_site_name":"Gleitschirmschule Thun, Bern, Interlaken","article_publisher":"https:\/\/www.facebook.com\/swissgliders","article_modified_time":"2026-04-01T19:00:52+00:00","og_image":[{"width":800,"height":800,"url":"https:\/\/swissgliders.ch\/wp-content\/uploads\/2024\/01\/Skybean_Vario_Strato-1.png","type":"image\/png"}],"twitter_card":"summary_large_image","twitter_site":"@Swissgliders","twitter_misc":{"Verf\u00fcgbarkeit":"Auf Lager"},"schema":{"@context":"https:\/\/schema.org","@graph":[{"@type":"WebPage","@id":"https:\/\/swissgliders.ch\/de\/produkt\/skybean-strato\/","url":"https:\/\/swissgliders.ch\/de\/produkt\/skybean-strato\/","name":"Skybean Strato | Gleitschirmschule Thun, Bern, Interlaken","isPartOf":{"@id":"https:\/\/swissgliders.ch\/de\/#website"},"primaryImageOfPage":{"@id":"https:\/\/swissgliders.ch\/de\/produkt\/skybean-strato\/#primaryimage"},"image":{"@id":"https:\/\/swissgliders.ch\/de\/produkt\/skybean-strato\/#primaryimage"},"thumbnailUrl":"https:\/\/swissgliders.ch\/wp-content\/uploads\/2024\/01\/Skybean_Vario_Strato-1.png","datePublished":"2024-01-01T11:38:09+00:00","dateModified":"2026-04-01T19:00:52+00:00","description":"Skybean Strato Vario Lautsprecherklang durchschnittliches Vario barometrischer H\u00f6henmesser","breadcrumb":{"@id":"https:\/\/swissgliders.ch\/de\/produkt\/skybean-strato\/#breadcrumb"},"inLanguage":"de","potentialAction":[{"@type":"ReadAction","target":["https:\/\/swissgliders.ch\/de\/produkt\/skybean-strato\/"]}]},{"@type":"ImageObject","inLanguage":"de","@id":"https:\/\/swissgliders.ch\/de\/produkt\/skybean-strato\/#primaryimage","url":"https:\/\/swissgliders.ch\/wp-content\/uploads\/2024\/01\/Skybean_Vario_Strato-1.png","contentUrl":"https:\/\/swissgliders.ch\/wp-content\/uploads\/2024\/01\/Skybean_Vario_Strato-1.png","width":800,"height":800,"caption":"Skybean_Vario_Strato_Blau-1"},{"@type":"BreadcrumbList","@id":"https:\/\/swissgliders.ch\/de\/produkt\/skybean-strato\/#breadcrumb","itemListElement":[{"@type":"ListItem","position":1,"name":"Startseite","item":"https:\/\/swissgliders.ch\/de\/willkommen\/"},{"@type":"ListItem","position":2,"name":"Gleitschirm Shop","item":"https:\/\/swissgliders.ch\/de\/gleitschirm-shop\/"},{"@type":"ListItem","position":3,"name":"Skybean Strato"}]},{"@type":"WebSite","@id":"https:\/\/swissgliders.ch\/de\/#website","url":"https:\/\/swissgliders.ch\/de\/","name":"Gleitschirmschule Thun, Bern, Interlaken","description":"Gleitschirmschule Thun, Bern, Interlaken","publisher":{"@id":"https:\/\/swissgliders.ch\/de\/#organization"},"potentialAction":[{"@type":"SearchAction","target":{"@type":"EntryPoint","urlTemplate":"https:\/\/swissgliders.ch\/de\/?s={search_term_string}"},"query-input":{"@type":"PropertyValueSpecification","valueRequired":true,"valueName":"search_term_string"}}],"inLanguage":"de"},{"@type":"Organization","@id":"https:\/\/swissgliders.ch\/de\/#organization","name":"Swissgliders Gleitschirmflugschule Thun","url":"https:\/\/swissgliders.ch\/de\/","logo":{"@type":"ImageObject","inLanguage":"de","@id":"https:\/\/swissgliders.ch\/de\/#\/schema\/logo\/image\/","url":"https:\/\/swissgliders.ch\/wp-content\/uploads\/2019\/12\/swissgliders-logo-rgb-square-L-no-ch-01.png","contentUrl":"https:\/\/swissgliders.ch\/wp-content\/uploads\/2019\/12\/swissgliders-logo-rgb-square-L-no-ch-01.png","width":2500,"height":2500,"caption":"Swissgliders Gleitschirmflugschule Thun"},"image":{"@id":"https:\/\/swissgliders.ch\/de\/#\/schema\/logo\/image\/"},"sameAs":["https:\/\/www.facebook.com\/swissgliders","https:\/\/x.com\/Swissgliders","https:\/\/www.instagram.com\/swissgliders\/","https:\/\/www.youtube.com\/channel\/UCMCtGdepy9vBhrhX3V_oJOA"],"hasMerchantReturnPolicy":{"@type":"MerchantReturnPolicy","merchantReturnLink":"https:\/\/swissgliders.ch\/de\/allgemeine-geschaftsbedingungen\/"}}]},"og_availability":"instock","product_availability":"instock","product_condition":"new"},"_links":{"self":[{"href":"https:\/\/swissgliders.ch\/de\/wp-json\/wp\/v2\/product\/11971","targetHints":{"allow":["GET"]}}],"collection":[{"href":"https:\/\/swissgliders.ch\/de\/wp-json\/wp\/v2\/product"}],"about":[{"href":"https:\/\/swissgliders.ch\/de\/wp-json\/wp\/v2\/types\/product"}],"replies":[{"embeddable":true,"href":"https:\/\/swissgliders.ch\/de\/wp-json\/wp\/v2\/comments?post=11971"}],"wp:featuredmedia":[{"embeddable":true,"href":"https:\/\/swissgliders.ch\/de\/wp-json\/wp\/v2\/media\/11977"}],"wp:attachment":[{"href":"https:\/\/swissgliders.ch\/de\/wp-json\/wp\/v2\/media?parent=11971"}],"wp:term":[{"taxonomy":"product_brand","embeddable":true,"href":"https:\/\/swissgliders.ch\/de\/wp-json\/wp\/v2\/product_brand?post=11971"},{"taxonomy":"product_cat","embeddable":true,"href":"https:\/\/swissgliders.ch\/de\/wp-json\/wp\/v2\/product_cat?post=11971"},{"taxonomy":"product_tag","embeddable":true,"href":"https:\/\/swissgliders.ch\/de\/wp-json\/wp\/v2\/product_tag?post=11971"}],"curies":[{"name":"wp","href":"https:\/\/api.w.org\/{rel}","templated":true}]}}