{"id":11996,"date":"2024-01-02T11:50:54","date_gmt":"2024-01-02T10:50:54","guid":{"rendered":"https:\/\/swissgliders.ch\/?post_type=product&#038;p=11996"},"modified":"2026-04-08T10:52:56","modified_gmt":"2026-04-08T09:52:56","slug":"skywalk-fly-jacket","status":"publish","type":"product","link":"https:\/\/swissgliders.ch\/de\/produkt\/skywalk-fly-jacket\/","title":{"rendered":"Skywalk Fly Jacket Design 2026"},"content":{"rendered":"<h3 class=\"content--title\">Fly Jacket Design 2026<br \/>\n<br class=\"avia-permanent-lb\" \/><br class=\"avia-permanent-lb\" \/><img loading=\"lazy\" decoding=\"async\" class=\"alignnone wp-image-22836\" src=\"https:\/\/swissgliders.ch\/wp-content\/uploads\/2024\/01\/Skywalk_Bekleidung_Fly-Jacket-Deisgn-2026-1-300x300.jpg\" alt=\"Skywalk_Bekleidung_Fly Jacket Deisgn 2026-1\" width=\"351\" height=\"351\" srcset=\"https:\/\/swissgliders.ch\/wp-content\/uploads\/2024\/01\/Skywalk_Bekleidung_Fly-Jacket-Deisgn-2026-1-300x300.jpg 300w, https:\/\/swissgliders.ch\/wp-content\/uploads\/2024\/01\/Skywalk_Bekleidung_Fly-Jacket-Deisgn-2026-1-1030x1030.jpg 1030w, https:\/\/swissgliders.ch\/wp-content\/uploads\/2024\/01\/Skywalk_Bekleidung_Fly-Jacket-Deisgn-2026-1-80x80.jpg 80w, https:\/\/swissgliders.ch\/wp-content\/uploads\/2024\/01\/Skywalk_Bekleidung_Fly-Jacket-Deisgn-2026-1-768x768.jpg 768w, https:\/\/swissgliders.ch\/wp-content\/uploads\/2024\/01\/Skywalk_Bekleidung_Fly-Jacket-Deisgn-2026-1-1536x1536.jpg 1536w, https:\/\/swissgliders.ch\/wp-content\/uploads\/2024\/01\/Skywalk_Bekleidung_Fly-Jacket-Deisgn-2026-1-36x36.jpg 36w, https:\/\/swissgliders.ch\/wp-content\/uploads\/2024\/01\/Skywalk_Bekleidung_Fly-Jacket-Deisgn-2026-1-180x180.jpg 180w, https:\/\/swissgliders.ch\/wp-content\/uploads\/2024\/01\/Skywalk_Bekleidung_Fly-Jacket-Deisgn-2026-1-1500x1500.jpg 1500w, https:\/\/swissgliders.ch\/wp-content\/uploads\/2024\/01\/Skywalk_Bekleidung_Fly-Jacket-Deisgn-2026-1-705x705.jpg 705w, https:\/\/swissgliders.ch\/wp-content\/uploads\/2024\/01\/Skywalk_Bekleidung_Fly-Jacket-Deisgn-2026-1-120x120.jpg 120w, https:\/\/swissgliders.ch\/wp-content\/uploads\/2024\/01\/Skywalk_Bekleidung_Fly-Jacket-Deisgn-2026-1-450x450.jpg 450w, https:\/\/swissgliders.ch\/wp-content\/uploads\/2024\/01\/Skywalk_Bekleidung_Fly-Jacket-Deisgn-2026-1-1320x1320.jpg 1320w, https:\/\/swissgliders.ch\/wp-content\/uploads\/2024\/01\/Skywalk_Bekleidung_Fly-Jacket-Deisgn-2026-1-100x100.jpg 100w, https:\/\/swissgliders.ch\/wp-content\/uploads\/2024\/01\/Skywalk_Bekleidung_Fly-Jacket-Deisgn-2026-1.jpg 1600w\" sizes=\"auto, (max-width: 351px) 100vw, 351px\" \/> <br class=\"avia-permanent-lb\" \/><br class=\"avia-permanent-lb\" \/><\/h3>\n<h4 class=\"content--title\">Produktinformationen<\/h4>\n<div class=\"product--description\">\n<p>Die Skywalk x Salewa Fly Jacket ist eine Hochleistungs-Isolierjacke, die speziell f\u00fcr das Gleitschirmfliegen entwickelt wurde. Konzipiert f\u00fcr kalte Tage, lange XC-Fl\u00fcge und die Nebensaison, bietet er zuverl\u00e4ssige W\u00e4rme und Schutz bei sinkenden Temperaturen. In enger Zusammenarbeit mit professionellen Piloten und Salewa entwickelt, verf\u00fcgt die neueste Generation \u00fcber ein robusteres Au\u00dfengewebe, verbesserte Rei\u00dfverschl\u00fcsse und eine optimierte Passform \u2013 wobei die minimale Rucksackgr\u00f6\u00dfe beibehalten wird. Die Skywalk x Salewa Fly Jacket ist die perfekte Wahl f\u00fcr Piloten, die maximale W\u00e4rme, Haltbarkeit und Funktionalit\u00e4t in einer kompakten, flugoptimierten Isolierjacke ben\u00f6tigen.<\/p>\n<p><strong>Einsatzbereich:<\/strong>\u00a0Die Fly Jacket ist ideal f\u00fcr Fr\u00fchjahrs- und Herbstfl\u00fcge sowie f\u00fcr Langstreckenfl\u00fcge in Heights, bei denen die Piloten \u00fcber l\u00e4ngere Zeit Wind und K\u00e4lte ausgesetzt sind. Dank seiner kompakten Rucksackgr\u00f6\u00dfe eignet er sich auch perfekt f\u00fcr Hike&amp;Fly-Missionen.<\/p>\n<p><strong>Merkmale<br \/>\n<\/strong><\/p>\n<ul>\n<li>Verfeinerte \u00c4rmel- und Schulterkonstruktion mit verl\u00e4ngerten \u00c4rmeln f\u00fcr eine perfekte Passform beim Fliegen<\/li>\n<li>Robuster Hauptrei\u00dfverschluss und verst\u00e4rkte Taschenrei\u00dfverschl\u00fcsse f\u00fcr den t\u00e4glichen Fluggebrauch.<\/li>\n<li>Verl\u00e4ngerter Saum und elastischer Bund mit Silikondruck, um zu verhindern, dass die Jacke im Geschirr hochrutscht.<\/li>\n<li>Verstellbare Manschetten mit integrierten inneren Handgelenkgamaschen, um kalte Luft abzuschirmen.<\/li>\n<li>Hocher, isolierter, verstellbarer Kragen f\u00fcr effektiven Schutz vor Wind und K\u00e4lte.<\/li>\n<li>Integrierte Handschuhschlaufen.<\/li>\n<li>Zwei gro\u00dfe, mit Rei\u00dfverschluss verschlossene Au\u00dfentaschen.<\/li>\n<li>Zwei zus\u00e4tzliche Innennetztaschen f\u00fcr das N\u00f6tigste.<\/li>\n<li>L\u00e4sst sich sehr klein packen und kann in einer eigenen Innentasche aufbewahrt werden.<\/li>\n<\/ul>\n<p><strong>Material<\/strong><br \/>\nAu\u00dfenstoff: Haltbarer Nylon-Ripstop, 100 % recyceltes Polyamid, DWR-behandelt, 40 g<br \/>\nIsolierung: 750 Fill-Power Down, kombiniert mit TirolWool\u00ae Responsive Eins\u00e4tzen auf R\u00fccken, Manschetten und Kragen f\u00fcr gezielte W\u00e4rme und ausgewogene Temperaturregulierung<\/p>\n<p>Farbe verblasstes\u00a0<strong>Gr\u00fcn<\/strong><\/p>\n<p><strong>Gewicht<br \/>\n<\/strong>525g (Gr\u00f6\u00dfe M)<\/p>\n<\/div>\n<div class=\"properties-name\">\n<div class=\"properties-name\">\n<div><\/div>\n<\/div>\n<\/div>\n<p>Falls dieser Artikel nicht an Lager ist, wird er f\u00fcr dich bestellt. Lieferfrist auf Anfrage.<\/p>\n","protected":false},"excerpt":{"rendered":"<h3 class=\"content--title\">Fly Jacket Design 2026<br \/>\n<br class=\"avia-permanent-lb\" \/><br class=\"avia-permanent-lb\" \/><img loading=\"lazy\" decoding=\"async\" class=\"alignnone wp-image-22836\" src=\"https:\/\/swissgliders.ch\/wp-content\/uploads\/2024\/01\/Skywalk_Bekleidung_Fly-Jacket-Deisgn-2026-1-300x300.jpg\" alt=\"Skywalk_Bekleidung_Fly Jacket Deisgn 2026-1\" width=\"351\" height=\"351\" srcset=\"https:\/\/swissgliders.ch\/wp-content\/uploads\/2024\/01\/Skywalk_Bekleidung_Fly-Jacket-Deisgn-2026-1-300x300.jpg 300w, https:\/\/swissgliders.ch\/wp-content\/uploads\/2024\/01\/Skywalk_Bekleidung_Fly-Jacket-Deisgn-2026-1-1030x1030.jpg 1030w, https:\/\/swissgliders.ch\/wp-content\/uploads\/2024\/01\/Skywalk_Bekleidung_Fly-Jacket-Deisgn-2026-1-80x80.jpg 80w, https:\/\/swissgliders.ch\/wp-content\/uploads\/2024\/01\/Skywalk_Bekleidung_Fly-Jacket-Deisgn-2026-1-768x768.jpg 768w, https:\/\/swissgliders.ch\/wp-content\/uploads\/2024\/01\/Skywalk_Bekleidung_Fly-Jacket-Deisgn-2026-1-1536x1536.jpg 1536w, https:\/\/swissgliders.ch\/wp-content\/uploads\/2024\/01\/Skywalk_Bekleidung_Fly-Jacket-Deisgn-2026-1-36x36.jpg 36w, https:\/\/swissgliders.ch\/wp-content\/uploads\/2024\/01\/Skywalk_Bekleidung_Fly-Jacket-Deisgn-2026-1-180x180.jpg 180w, https:\/\/swissgliders.ch\/wp-content\/uploads\/2024\/01\/Skywalk_Bekleidung_Fly-Jacket-Deisgn-2026-1-1500x1500.jpg 1500w, https:\/\/swissgliders.ch\/wp-content\/uploads\/2024\/01\/Skywalk_Bekleidung_Fly-Jacket-Deisgn-2026-1-705x705.jpg 705w, https:\/\/swissgliders.ch\/wp-content\/uploads\/2024\/01\/Skywalk_Bekleidung_Fly-Jacket-Deisgn-2026-1-120x120.jpg 120w, https:\/\/swissgliders.ch\/wp-content\/uploads\/2024\/01\/Skywalk_Bekleidung_Fly-Jacket-Deisgn-2026-1-450x450.jpg 450w, https:\/\/swissgliders.ch\/wp-content\/uploads\/2024\/01\/Skywalk_Bekleidung_Fly-Jacket-Deisgn-2026-1-1320x1320.jpg 1320w, https:\/\/swissgliders.ch\/wp-content\/uploads\/2024\/01\/Skywalk_Bekleidung_Fly-Jacket-Deisgn-2026-1-100x100.jpg 100w, https:\/\/swissgliders.ch\/wp-content\/uploads\/2024\/01\/Skywalk_Bekleidung_Fly-Jacket-Deisgn-2026-1.jpg 1600w\" sizes=\"auto, (max-width: 351px) 100vw, 351px\" \/> <br class=\"avia-permanent-lb\" \/><br class=\"avia-permanent-lb\" \/><\/h3>\n<h4 class=\"content--title\">Produktinformationen<\/h4>\n<div class=\"product--description\">\n<p>Die Skywalk x Salewa Fly Jacket ist eine Hochleistungs-Isolierjacke, die speziell f\u00fcr das Gleitschirmfliegen entwickelt wurde. Konzipiert f\u00fcr kalte Tage, lange XC-Fl\u00fcge und die Nebensaison, bietet er zuverl\u00e4ssige W\u00e4rme und Schutz bei sinkenden Temperaturen. In enger Zusammenarbeit mit professionellen Piloten und Salewa entwickelt, verf\u00fcgt die neueste Generation \u00fcber ein robusteres Au\u00dfengewebe, verbesserte Rei\u00dfverschl\u00fcsse und eine optimierte Passform \u2013 wobei die minimale Rucksackgr\u00f6\u00dfe beibehalten wird. Die Skywalk x Salewa Fly Jacket ist die perfekte Wahl f\u00fcr Piloten, die maximale W\u00e4rme, Haltbarkeit und Funktionalit\u00e4t in einer kompakten, flugoptimierten Isolierjacke ben\u00f6tigen.<\/p>\n<p><strong>Einsatzbereich:<\/strong>\u00a0Die Fly Jacket ist ideal f\u00fcr Fr\u00fchjahrs- und Herbstfl\u00fcge sowie f\u00fcr Langstreckenfl\u00fcge in Heights, bei denen die Piloten \u00fcber l\u00e4ngere Zeit Wind und K\u00e4lte ausgesetzt sind. Dank seiner kompakten Rucksackgr\u00f6\u00dfe eignet er sich auch perfekt f\u00fcr Hike&amp;Fly-Missionen.<\/p>\n<p><strong>Merkmale<br \/>\n<\/strong><\/p>\n<ul>\n<li>Verfeinerte \u00c4rmel- und Schulterkonstruktion mit verl\u00e4ngerten \u00c4rmeln f\u00fcr eine perfekte Passform beim Fliegen<\/li>\n<li>Robuster Hauptrei\u00dfverschluss und verst\u00e4rkte Taschenrei\u00dfverschl\u00fcsse f\u00fcr den t\u00e4glichen Fluggebrauch.<\/li>\n<li>Verl\u00e4ngerter Saum und elastischer Bund mit Silikondruck, um zu verhindern, dass die Jacke im Geschirr hochrutscht.<\/li>\n<li>Verstellbare Manschetten mit integrierten inneren Handgelenkgamaschen, um kalte Luft abzuschirmen.<\/li>\n<li>Hocher, isolierter, verstellbarer Kragen f\u00fcr effektiven Schutz vor Wind und K\u00e4lte.<\/li>\n<li>Integrierte Handschuhschlaufen.<\/li>\n<li>Zwei gro\u00dfe, mit Rei\u00dfverschluss verschlossene Au\u00dfentaschen.<\/li>\n<li>Zwei zus\u00e4tzliche Innennetztaschen f\u00fcr das N\u00f6tigste.<\/li>\n<li>L\u00e4sst sich sehr klein packen und kann in einer eigenen Innentasche aufbewahrt werden.<\/li>\n<\/ul>\n<p><strong>Material<\/strong><br \/>\nAu\u00dfenstoff: Haltbarer Nylon-Ripstop, 100 % recyceltes Polyamid, DWR-behandelt, 40 g<br \/>\nIsolierung: 750 Fill-Power Down, kombiniert mit TirolWool\u00ae Responsive Eins\u00e4tzen auf R\u00fccken, Manschetten und Kragen f\u00fcr gezielte W\u00e4rme und ausgewogene Temperaturregulierung<\/p>\n<p>Farbe verblasstes\u00a0<strong>Gr\u00fcn<\/strong><\/p>\n<p><strong>Gewicht<br \/>\n<\/strong>525g (Gr\u00f6\u00dfe M)<\/p>\n<\/div>\n<div class=\"properties-name\">\n<div class=\"properties-name\">\n<div><\/div>\n<\/div>\n<\/div>\n<p>Falls dieser Artikel nicht an Lager ist, wird er f\u00fcr dich bestellt. Lieferfrist auf Anfrage.<\/p>\n","protected":false},"featured_media":22836,"comment_status":"closed","ping_status":"closed","template":"","meta":[],"product_brand":[2595],"product_cat":[2022],"product_tag":[918],"class_list":{"0":"post-11996","1":"product","2":"type-product","3":"status-publish","4":"has-post-thumbnail","6":"product_brand-skywalk","7":"product_cat-gleitschirm-bekleidung","8":"product_tag-bekleidung","9":"product_shipping_class-priority-10kg-de","11":"first","12":"instock","13":"sale","14":"shipping-taxable","15":"purchasable","16":"product-type-variable"},"yoast_head":"<!-- This site is optimized with the Yoast SEO Premium plugin v26.1 (Yoast SEO v27.3) - https:\/\/yoast.com\/product\/yoast-seo-premium-wordpress\/ -->\n<title>Skywalk Fly Jacket Design 2026 | Gleitschirmschule Thun, Bern, Interlaken<\/title>\n<meta name=\"description\" content=\"Skywalk Fly Jacket - In intensiver Zusammenarbeit mit Salewa und professionellen Gleitschirmpiloten, haben wir eine\u00a0spezielle Isolationsjacke f\u00fcr das Gleitschirmfliegen\u00a0entwickelt \u2013 die skywalk x Salewa Fly Jacket! Sie bietet einen hohen Schutz und wurde speziell f\u00fcr den Einsatz in der Nebensaison (Fr\u00fchling und Herbst) oder f\u00fcr Fl\u00fcge \u00fcber lange Distanzen in gro\u00dfen H\u00f6hen bei niedrigen Temperaturen entwickelt.\" \/>\n<meta name=\"robots\" content=\"index, follow, max-snippet:-1, max-image-preview:large, max-video-preview:-1\" \/>\n<link rel=\"canonical\" href=\"https:\/\/swissgliders.ch\/de\/produkt\/skywalk-fly-jacket\/\" \/>\n<meta property=\"og:locale\" content=\"de_DE\" \/>\n<meta property=\"og:type\" content=\"article\" \/>\n<meta property=\"og:title\" content=\"Skywalk Fly Jacket Design 2026\" \/>\n<meta property=\"og:description\" content=\"Skywalk Fly Jacket - In intensiver Zusammenarbeit mit Salewa und professionellen Gleitschirmpiloten, haben wir eine\u00a0spezielle Isolationsjacke f\u00fcr das Gleitschirmfliegen\u00a0entwickelt \u2013 die skywalk x Salewa Fly Jacket! Sie bietet einen hohen Schutz und wurde speziell f\u00fcr den Einsatz in der Nebensaison (Fr\u00fchling und Herbst) oder f\u00fcr Fl\u00fcge \u00fcber lange Distanzen in gro\u00dfen H\u00f6hen bei niedrigen Temperaturen entwickelt.\" \/>\n<meta property=\"og:url\" content=\"https:\/\/swissgliders.ch\/de\/produkt\/skywalk-fly-jacket\/\" \/>\n<meta property=\"og:site_name\" content=\"Gleitschirmschule Thun, Bern, Interlaken\" \/>\n<meta property=\"article:publisher\" content=\"https:\/\/www.facebook.com\/swissgliders\" \/>\n<meta property=\"article:modified_time\" content=\"2026-04-08T09:52:56+00:00\" \/>\n<meta property=\"og:image\" content=\"https:\/\/swissgliders.ch\/wp-content\/uploads\/2024\/01\/Skywalk_Bekleidung_Fly-Jacket-Deisgn-2026-1.jpg\" \/>\n\t<meta property=\"og:image:width\" content=\"1600\" \/>\n\t<meta property=\"og:image:height\" content=\"1600\" \/>\n\t<meta property=\"og:image:type\" content=\"image\/jpeg\" \/>\n<meta name=\"twitter:card\" content=\"summary_large_image\" \/>\n<meta name=\"twitter:site\" content=\"@Swissgliders\" \/>\n<meta name=\"twitter:label1\" content=\"Verf\u00fcgbarkeit\" \/>\n\t<meta name=\"twitter:data1\" content=\"Auf Lager\" \/>\n<script type=\"application\/ld+json\" class=\"yoast-schema-graph\">{\"@context\":\"https:\\\/\\\/schema.org\",\"@graph\":[{\"@type\":\"WebPage\",\"@id\":\"https:\\\/\\\/swissgliders.ch\\\/de\\\/produkt\\\/skywalk-fly-jacket\\\/\",\"url\":\"https:\\\/\\\/swissgliders.ch\\\/de\\\/produkt\\\/skywalk-fly-jacket\\\/\",\"name\":\"Skywalk Fly Jacket Design 2026 | Gleitschirmschule Thun, Bern, Interlaken\",\"isPartOf\":{\"@id\":\"https:\\\/\\\/swissgliders.ch\\\/de\\\/#website\"},\"primaryImageOfPage\":{\"@id\":\"https:\\\/\\\/swissgliders.ch\\\/de\\\/produkt\\\/skywalk-fly-jacket\\\/#primaryimage\"},\"image\":{\"@id\":\"https:\\\/\\\/swissgliders.ch\\\/de\\\/produkt\\\/skywalk-fly-jacket\\\/#primaryimage\"},\"thumbnailUrl\":\"https:\\\/\\\/swissgliders.ch\\\/wp-content\\\/uploads\\\/2024\\\/01\\\/Skywalk_Bekleidung_Fly-Jacket-Deisgn-2026-1.jpg\",\"datePublished\":\"2024-01-02T10:50:54+00:00\",\"dateModified\":\"2026-04-08T09:52:56+00:00\",\"description\":\"Skywalk Fly Jacket - In intensiver Zusammenarbeit mit Salewa und professionellen Gleitschirmpiloten, haben wir eine\u00a0spezielle Isolationsjacke f\u00fcr das Gleitschirmfliegen\u00a0entwickelt \u2013 die skywalk x Salewa Fly Jacket! Sie bietet einen hohen Schutz und wurde speziell f\u00fcr den Einsatz in der Nebensaison (Fr\u00fchling und Herbst) oder f\u00fcr Fl\u00fcge \u00fcber lange Distanzen in gro\u00dfen H\u00f6hen bei niedrigen Temperaturen entwickelt.\",\"breadcrumb\":{\"@id\":\"https:\\\/\\\/swissgliders.ch\\\/de\\\/produkt\\\/skywalk-fly-jacket\\\/#breadcrumb\"},\"inLanguage\":\"de\",\"potentialAction\":[{\"@type\":\"ReadAction\",\"target\":[\"https:\\\/\\\/swissgliders.ch\\\/de\\\/produkt\\\/skywalk-fly-jacket\\\/\"]}]},{\"@type\":\"ImageObject\",\"inLanguage\":\"de\",\"@id\":\"https:\\\/\\\/swissgliders.ch\\\/de\\\/produkt\\\/skywalk-fly-jacket\\\/#primaryimage\",\"url\":\"https:\\\/\\\/swissgliders.ch\\\/wp-content\\\/uploads\\\/2024\\\/01\\\/Skywalk_Bekleidung_Fly-Jacket-Deisgn-2026-1.jpg\",\"contentUrl\":\"https:\\\/\\\/swissgliders.ch\\\/wp-content\\\/uploads\\\/2024\\\/01\\\/Skywalk_Bekleidung_Fly-Jacket-Deisgn-2026-1.jpg\",\"width\":1600,\"height\":1600,\"caption\":\"Skywalk_Bekleidung_Fly Jacket Deisgn 2026-1\"},{\"@type\":\"BreadcrumbList\",\"@id\":\"https:\\\/\\\/swissgliders.ch\\\/de\\\/produkt\\\/skywalk-fly-jacket\\\/#breadcrumb\",\"itemListElement\":[{\"@type\":\"ListItem\",\"position\":1,\"name\":\"Startseite\",\"item\":\"https:\\\/\\\/swissgliders.ch\\\/de\\\/willkommen\\\/\"},{\"@type\":\"ListItem\",\"position\":2,\"name\":\"Gleitschirm Shop\",\"item\":\"https:\\\/\\\/swissgliders.ch\\\/de\\\/gleitschirm-shop\\\/\"},{\"@type\":\"ListItem\",\"position\":3,\"name\":\"Skywalk Fly Jacket Design 2026\"}]},{\"@type\":\"WebSite\",\"@id\":\"https:\\\/\\\/swissgliders.ch\\\/de\\\/#website\",\"url\":\"https:\\\/\\\/swissgliders.ch\\\/de\\\/\",\"name\":\"Gleitschirmschule Thun, Bern, Interlaken\",\"description\":\"Gleitschirmschule Thun, Bern, Interlaken\",\"publisher\":{\"@id\":\"https:\\\/\\\/swissgliders.ch\\\/de\\\/#organization\"},\"potentialAction\":[{\"@type\":\"SearchAction\",\"target\":{\"@type\":\"EntryPoint\",\"urlTemplate\":\"https:\\\/\\\/swissgliders.ch\\\/de\\\/?s={search_term_string}\"},\"query-input\":{\"@type\":\"PropertyValueSpecification\",\"valueRequired\":true,\"valueName\":\"search_term_string\"}}],\"inLanguage\":\"de\"},{\"@type\":\"Organization\",\"@id\":\"https:\\\/\\\/swissgliders.ch\\\/de\\\/#organization\",\"name\":\"Swissgliders Gleitschirmflugschule Thun\",\"url\":\"https:\\\/\\\/swissgliders.ch\\\/de\\\/\",\"logo\":{\"@type\":\"ImageObject\",\"inLanguage\":\"de\",\"@id\":\"https:\\\/\\\/swissgliders.ch\\\/de\\\/#\\\/schema\\\/logo\\\/image\\\/\",\"url\":\"https:\\\/\\\/swissgliders.ch\\\/wp-content\\\/uploads\\\/2019\\\/12\\\/swissgliders-logo-rgb-square-L-no-ch-01.png\",\"contentUrl\":\"https:\\\/\\\/swissgliders.ch\\\/wp-content\\\/uploads\\\/2019\\\/12\\\/swissgliders-logo-rgb-square-L-no-ch-01.png\",\"width\":2500,\"height\":2500,\"caption\":\"Swissgliders Gleitschirmflugschule Thun\"},\"image\":{\"@id\":\"https:\\\/\\\/swissgliders.ch\\\/de\\\/#\\\/schema\\\/logo\\\/image\\\/\"},\"sameAs\":[\"https:\\\/\\\/www.facebook.com\\\/swissgliders\",\"https:\\\/\\\/x.com\\\/Swissgliders\",\"https:\\\/\\\/www.instagram.com\\\/swissgliders\\\/\",\"https:\\\/\\\/www.youtube.com\\\/channel\\\/UCMCtGdepy9vBhrhX3V_oJOA\"],\"hasMerchantReturnPolicy\":{\"@type\":\"MerchantReturnPolicy\",\"merchantReturnLink\":\"https:\\\/\\\/swissgliders.ch\\\/de\\\/allgemeine-geschaftsbedingungen\\\/\"}}]}<\/script>\n<meta property=\"og:availability\" content=\"instock\" \/>\n<meta property=\"product:availability\" content=\"instock\" \/>\n<meta property=\"product:condition\" content=\"new\" \/>\n<!-- \/ Yoast SEO Premium plugin. -->","yoast_head_json":{"title":"Skywalk Fly Jacket Design 2026 | Gleitschirmschule Thun, Bern, Interlaken","description":"Skywalk Fly Jacket - In intensiver Zusammenarbeit mit Salewa und professionellen Gleitschirmpiloten, haben wir eine\u00a0spezielle Isolationsjacke f\u00fcr das Gleitschirmfliegen\u00a0entwickelt \u2013 die skywalk x Salewa Fly Jacket! Sie bietet einen hohen Schutz und wurde speziell f\u00fcr den Einsatz in der Nebensaison (Fr\u00fchling und Herbst) oder f\u00fcr Fl\u00fcge \u00fcber lange Distanzen in gro\u00dfen H\u00f6hen bei niedrigen Temperaturen entwickelt.","robots":{"index":"index","follow":"follow","max-snippet":"max-snippet:-1","max-image-preview":"max-image-preview:large","max-video-preview":"max-video-preview:-1"},"canonical":"https:\/\/swissgliders.ch\/de\/produkt\/skywalk-fly-jacket\/","og_locale":"de_DE","og_type":"article","og_title":"Skywalk Fly Jacket Design 2026","og_description":"Skywalk Fly Jacket - In intensiver Zusammenarbeit mit Salewa und professionellen Gleitschirmpiloten, haben wir eine\u00a0spezielle Isolationsjacke f\u00fcr das Gleitschirmfliegen\u00a0entwickelt \u2013 die skywalk x Salewa Fly Jacket! Sie bietet einen hohen Schutz und wurde speziell f\u00fcr den Einsatz in der Nebensaison (Fr\u00fchling und Herbst) oder f\u00fcr Fl\u00fcge \u00fcber lange Distanzen in gro\u00dfen H\u00f6hen bei niedrigen Temperaturen entwickelt.","og_url":"https:\/\/swissgliders.ch\/de\/produkt\/skywalk-fly-jacket\/","og_site_name":"Gleitschirmschule Thun, Bern, Interlaken","article_publisher":"https:\/\/www.facebook.com\/swissgliders","article_modified_time":"2026-04-08T09:52:56+00:00","og_image":[{"width":1600,"height":1600,"url":"https:\/\/swissgliders.ch\/wp-content\/uploads\/2024\/01\/Skywalk_Bekleidung_Fly-Jacket-Deisgn-2026-1.jpg","type":"image\/jpeg"}],"twitter_card":"summary_large_image","twitter_site":"@Swissgliders","twitter_misc":{"Verf\u00fcgbarkeit":"Auf Lager"},"schema":{"@context":"https:\/\/schema.org","@graph":[{"@type":"WebPage","@id":"https:\/\/swissgliders.ch\/de\/produkt\/skywalk-fly-jacket\/","url":"https:\/\/swissgliders.ch\/de\/produkt\/skywalk-fly-jacket\/","name":"Skywalk Fly Jacket Design 2026 | Gleitschirmschule Thun, Bern, Interlaken","isPartOf":{"@id":"https:\/\/swissgliders.ch\/de\/#website"},"primaryImageOfPage":{"@id":"https:\/\/swissgliders.ch\/de\/produkt\/skywalk-fly-jacket\/#primaryimage"},"image":{"@id":"https:\/\/swissgliders.ch\/de\/produkt\/skywalk-fly-jacket\/#primaryimage"},"thumbnailUrl":"https:\/\/swissgliders.ch\/wp-content\/uploads\/2024\/01\/Skywalk_Bekleidung_Fly-Jacket-Deisgn-2026-1.jpg","datePublished":"2024-01-02T10:50:54+00:00","dateModified":"2026-04-08T09:52:56+00:00","description":"Skywalk Fly Jacket - In intensiver Zusammenarbeit mit Salewa und professionellen Gleitschirmpiloten, haben wir eine\u00a0spezielle Isolationsjacke f\u00fcr das Gleitschirmfliegen\u00a0entwickelt \u2013 die skywalk x Salewa Fly Jacket! Sie bietet einen hohen Schutz und wurde speziell f\u00fcr den Einsatz in der Nebensaison (Fr\u00fchling und Herbst) oder f\u00fcr Fl\u00fcge \u00fcber lange Distanzen in gro\u00dfen H\u00f6hen bei niedrigen Temperaturen entwickelt.","breadcrumb":{"@id":"https:\/\/swissgliders.ch\/de\/produkt\/skywalk-fly-jacket\/#breadcrumb"},"inLanguage":"de","potentialAction":[{"@type":"ReadAction","target":["https:\/\/swissgliders.ch\/de\/produkt\/skywalk-fly-jacket\/"]}]},{"@type":"ImageObject","inLanguage":"de","@id":"https:\/\/swissgliders.ch\/de\/produkt\/skywalk-fly-jacket\/#primaryimage","url":"https:\/\/swissgliders.ch\/wp-content\/uploads\/2024\/01\/Skywalk_Bekleidung_Fly-Jacket-Deisgn-2026-1.jpg","contentUrl":"https:\/\/swissgliders.ch\/wp-content\/uploads\/2024\/01\/Skywalk_Bekleidung_Fly-Jacket-Deisgn-2026-1.jpg","width":1600,"height":1600,"caption":"Skywalk_Bekleidung_Fly Jacket Deisgn 2026-1"},{"@type":"BreadcrumbList","@id":"https:\/\/swissgliders.ch\/de\/produkt\/skywalk-fly-jacket\/#breadcrumb","itemListElement":[{"@type":"ListItem","position":1,"name":"Startseite","item":"https:\/\/swissgliders.ch\/de\/willkommen\/"},{"@type":"ListItem","position":2,"name":"Gleitschirm Shop","item":"https:\/\/swissgliders.ch\/de\/gleitschirm-shop\/"},{"@type":"ListItem","position":3,"name":"Skywalk Fly Jacket Design 2026"}]},{"@type":"WebSite","@id":"https:\/\/swissgliders.ch\/de\/#website","url":"https:\/\/swissgliders.ch\/de\/","name":"Gleitschirmschule Thun, Bern, Interlaken","description":"Gleitschirmschule Thun, Bern, Interlaken","publisher":{"@id":"https:\/\/swissgliders.ch\/de\/#organization"},"potentialAction":[{"@type":"SearchAction","target":{"@type":"EntryPoint","urlTemplate":"https:\/\/swissgliders.ch\/de\/?s={search_term_string}"},"query-input":{"@type":"PropertyValueSpecification","valueRequired":true,"valueName":"search_term_string"}}],"inLanguage":"de"},{"@type":"Organization","@id":"https:\/\/swissgliders.ch\/de\/#organization","name":"Swissgliders Gleitschirmflugschule Thun","url":"https:\/\/swissgliders.ch\/de\/","logo":{"@type":"ImageObject","inLanguage":"de","@id":"https:\/\/swissgliders.ch\/de\/#\/schema\/logo\/image\/","url":"https:\/\/swissgliders.ch\/wp-content\/uploads\/2019\/12\/swissgliders-logo-rgb-square-L-no-ch-01.png","contentUrl":"https:\/\/swissgliders.ch\/wp-content\/uploads\/2019\/12\/swissgliders-logo-rgb-square-L-no-ch-01.png","width":2500,"height":2500,"caption":"Swissgliders Gleitschirmflugschule Thun"},"image":{"@id":"https:\/\/swissgliders.ch\/de\/#\/schema\/logo\/image\/"},"sameAs":["https:\/\/www.facebook.com\/swissgliders","https:\/\/x.com\/Swissgliders","https:\/\/www.instagram.com\/swissgliders\/","https:\/\/www.youtube.com\/channel\/UCMCtGdepy9vBhrhX3V_oJOA"],"hasMerchantReturnPolicy":{"@type":"MerchantReturnPolicy","merchantReturnLink":"https:\/\/swissgliders.ch\/de\/allgemeine-geschaftsbedingungen\/"}}]},"og_availability":"instock","product_availability":"instock","product_condition":"new"},"_links":{"self":[{"href":"https:\/\/swissgliders.ch\/de\/wp-json\/wp\/v2\/product\/11996","targetHints":{"allow":["GET"]}}],"collection":[{"href":"https:\/\/swissgliders.ch\/de\/wp-json\/wp\/v2\/product"}],"about":[{"href":"https:\/\/swissgliders.ch\/de\/wp-json\/wp\/v2\/types\/product"}],"replies":[{"embeddable":true,"href":"https:\/\/swissgliders.ch\/de\/wp-json\/wp\/v2\/comments?post=11996"}],"wp:featuredmedia":[{"embeddable":true,"href":"https:\/\/swissgliders.ch\/de\/wp-json\/wp\/v2\/media\/22836"}],"wp:attachment":[{"href":"https:\/\/swissgliders.ch\/de\/wp-json\/wp\/v2\/media?parent=11996"}],"wp:term":[{"taxonomy":"product_brand","embeddable":true,"href":"https:\/\/swissgliders.ch\/de\/wp-json\/wp\/v2\/product_brand?post=11996"},{"taxonomy":"product_cat","embeddable":true,"href":"https:\/\/swissgliders.ch\/de\/wp-json\/wp\/v2\/product_cat?post=11996"},{"taxonomy":"product_tag","embeddable":true,"href":"https:\/\/swissgliders.ch\/de\/wp-json\/wp\/v2\/product_tag?post=11996"}],"curies":[{"name":"wp","href":"https:\/\/api.w.org\/{rel}","templated":true}]}}