{"id":12060,"date":"2024-01-03T16:50:54","date_gmt":"2024-01-03T15:50:54","guid":{"rendered":"https:\/\/swissgliders.ch\/?post_type=product&#038;p=12060"},"modified":"2024-01-03T17:01:08","modified_gmt":"2024-01-03T16:01:08","slug":"free-spee-xc23","status":"publish","type":"product","link":"https:\/\/swissgliders.ch\/de\/produkt\/free-spee-xc23\/","title":{"rendered":"free spee XC23"},"content":{"rendered":"<p>Die beste Speedbar, die wir je f\u00fcr Streckenfreaks gemacht haben! \u00dcberzeuge dich selbst.<\/p>\n<p>free*spee XC23 bietet Dir h\u00f6chste Performance bei geringstem Gewicht.<br \/>\nZuverl\u00e4ssige Technik sowie hochwertige Materialien setzen Ma\u00dfst\u00e4be.<\/p>\n<p>Unser free*spee erm\u00f6glicht Dir jederzeit den Beschleuniger optimal einzustellen.<\/p>\n<p>Du ben\u00f6tigst daf\u00fcr immer nur eine Hand, so dass Du die Steuerleinen nicht komplett loslassen musst.<br \/>\n<strong>Und das bekommst du<\/strong><br \/>\nfree*spee XC23 Speedbar- 3-stufig:<br \/>\n1 free*spee-Speedbar: hochbelastbarer GFK (Breite: 16cm) , stabiles Gurtband , bew\u00e4hrte Klemm-Mechanik,<br \/>\n\u2013 Gewicht: nur 90g<br \/>\n1 Leine: Kern-Mantelgeflecht\u00a0 3,2mm x 3,5m , Bruchlast &gt; 300kg<br \/>\n2 Brummelhaken: Edelstahl<\/p>\n<p>Mehr <a href=\"https:\/\/free-spee.de\/produkt\/freespee-xc\/\" target=\"_blank\" rel=\"noopener noreferrer\">Infos<\/a><\/p>\n<p>Falls dieser Artikel nicht an Lager ist, wird er f\u00fcr dich bestellt. Lieferfrist auf Anfrage.<\/p>\n","protected":false},"excerpt":{"rendered":"<p>Die beste Speedbar, die wir je f\u00fcr Streckenfreaks gemacht haben! \u00dcberzeuge dich selbst.<\/p>\n<p>free*spee XC23 bietet Dir h\u00f6chste Performance bei geringstem Gewicht.<br \/>\nZuverl\u00e4ssige Technik sowie hochwertige Materialien setzen Ma\u00dfst\u00e4be.<\/p>\n<p>Unser free*spee erm\u00f6glicht Dir jederzeit den Beschleuniger optimal einzustellen.<\/p>\n<p>Du ben\u00f6tigst daf\u00fcr immer nur eine Hand, so dass Du die Steuerleinen nicht komplett loslassen musst.<br \/>\n<strong>Und das bekommst du<\/strong><br \/>\nfree*spee XC23 Speedbar- 3-stufig:<br \/>\n1 free*spee-Speedbar: hochbelastbarer GFK (Breite: 16cm) , stabiles Gurtband , bew\u00e4hrte Klemm-Mechanik,<br \/>\n\u2013 Gewicht: nur 90g<br \/>\n1 Leine: Kern-Mantelgeflecht\u00a0 3,2mm x 3,5m , Bruchlast &gt; 300kg<br \/>\n2 Brummelhaken: Edelstahl<\/p>\n<p>Mehr <a href=\"https:\/\/free-spee.de\/produkt\/freespee-xc\/\" target=\"_blank\" rel=\"noopener noreferrer\">Infos<\/a><\/p>\n<p>Falls dieser Artikel nicht an Lager ist, wird er f\u00fcr dich bestellt. Lieferfrist auf Anfrage.<\/p>\n","protected":false},"featured_media":12062,"comment_status":"closed","ping_status":"closed","template":"","meta":[],"product_brand":[],"product_cat":[402],"product_tag":[2351,410],"class_list":{"0":"post-12060","1":"product","2":"type-product","3":"status-publish","4":"has-post-thumbnail","6":"product_cat-gleitschirm-zubehoer","7":"product_tag-beschleuniger","8":"product_tag-zubehoer","9":"product_shipping_class-priority-2kg-de","11":"first","12":"instock","13":"sale","14":"shipping-taxable","15":"purchasable","16":"product-type-simple"},"yoast_head":"<!-- This site is optimized with the Yoast SEO Premium plugin v26.1 (Yoast SEO v27.3) - https:\/\/yoast.com\/product\/yoast-seo-premium-wordpress\/ -->\n<title>free spee XC23 | Gleitschirmschule Thun, Bern, Interlaken<\/title>\n<meta name=\"description\" content=\"free spee XC23 Einfaches Einstellen des Beschleunigers jetzt auch f\u00fcr StreckenfreaksDie beste Speedbar, die wir je f\u00fcr Streckenfreaks gemacht haben! \u00dcberzeuge dich selbst.free*spee XC23 bietet Dir h\u00f6chste Performance bei geringstem Gewicht.Zuverl\u00e4ssige Technik sowie hochwertige Materialien setzen Ma\u00dfst\u00e4be.Unser free*spee erm\u00f6glicht Dir jederzeit den Beschleuniger optimal einzustellen\" \/>\n<meta name=\"robots\" content=\"index, follow, max-snippet:-1, max-image-preview:large, max-video-preview:-1\" \/>\n<link rel=\"canonical\" href=\"https:\/\/swissgliders.ch\/de\/produkt\/free-spee-xc23\/\" \/>\n<meta property=\"og:locale\" content=\"de_DE\" \/>\n<meta property=\"og:type\" content=\"article\" \/>\n<meta property=\"og:title\" content=\"free spee XC23\" \/>\n<meta property=\"og:description\" content=\"free spee XC23 Einfaches Einstellen des Beschleunigers jetzt auch f\u00fcr StreckenfreaksDie beste Speedbar, die wir je f\u00fcr Streckenfreaks gemacht haben! \u00dcberzeuge dich selbst.free*spee XC23 bietet Dir h\u00f6chste Performance bei geringstem Gewicht.Zuverl\u00e4ssige Technik sowie hochwertige Materialien setzen Ma\u00dfst\u00e4be.Unser free*spee erm\u00f6glicht Dir jederzeit den Beschleuniger optimal einzustellen\" \/>\n<meta property=\"og:url\" content=\"https:\/\/swissgliders.ch\/de\/produkt\/free-spee-xc23\/\" \/>\n<meta property=\"og:site_name\" content=\"Gleitschirmschule Thun, Bern, Interlaken\" \/>\n<meta property=\"article:publisher\" content=\"https:\/\/www.facebook.com\/swissgliders\" \/>\n<meta property=\"article:modified_time\" content=\"2024-01-03T16:01:08+00:00\" \/>\n<meta property=\"og:image\" content=\"https:\/\/swissgliders.ch\/wp-content\/uploads\/2024\/01\/free-spee_Beschleuniger_XC23-1-1030x732.png\" \/>\n\t<meta property=\"og:image:width\" content=\"1030\" \/>\n\t<meta property=\"og:image:height\" content=\"732\" \/>\n\t<meta property=\"og:image:type\" content=\"image\/png\" \/>\n<meta name=\"twitter:card\" content=\"summary_large_image\" \/>\n<meta name=\"twitter:site\" content=\"@Swissgliders\" \/>\n<meta name=\"twitter:label1\" content=\"Preis\" \/>\n\t<meta name=\"twitter:data1\" content=\"&#067;&#072;&#070;&nbsp;60.00\" \/>\n\t<meta name=\"twitter:label2\" content=\"Verf\u00fcgbarkeit\" \/>\n\t<meta name=\"twitter:data2\" content=\"Auf Lager\" \/>\n<script type=\"application\/ld+json\" class=\"yoast-schema-graph\">{\"@context\":\"https:\\\/\\\/schema.org\",\"@graph\":[{\"@type\":\"WebPage\",\"@id\":\"https:\\\/\\\/swissgliders.ch\\\/de\\\/produkt\\\/free-spee-xc23\\\/\",\"url\":\"https:\\\/\\\/swissgliders.ch\\\/de\\\/produkt\\\/free-spee-xc23\\\/\",\"name\":\"free spee XC23 | Gleitschirmschule Thun, Bern, Interlaken\",\"isPartOf\":{\"@id\":\"https:\\\/\\\/swissgliders.ch\\\/de\\\/#website\"},\"primaryImageOfPage\":{\"@id\":\"https:\\\/\\\/swissgliders.ch\\\/de\\\/produkt\\\/free-spee-xc23\\\/#primaryimage\"},\"image\":{\"@id\":\"https:\\\/\\\/swissgliders.ch\\\/de\\\/produkt\\\/free-spee-xc23\\\/#primaryimage\"},\"thumbnailUrl\":\"https:\\\/\\\/swissgliders.ch\\\/wp-content\\\/uploads\\\/2024\\\/01\\\/free-spee_Beschleuniger_XC23-1.png\",\"datePublished\":\"2024-01-03T15:50:54+00:00\",\"dateModified\":\"2024-01-03T16:01:08+00:00\",\"description\":\"free spee XC23 Einfaches Einstellen des Beschleunigers jetzt auch f\u00fcr StreckenfreaksDie beste Speedbar, die wir je f\u00fcr Streckenfreaks gemacht haben! \u00dcberzeuge dich selbst.free*spee XC23 bietet Dir h\u00f6chste Performance bei geringstem Gewicht.Zuverl\u00e4ssige Technik sowie hochwertige Materialien setzen Ma\u00dfst\u00e4be.Unser free*spee erm\u00f6glicht Dir jederzeit den Beschleuniger optimal einzustellen\",\"breadcrumb\":{\"@id\":\"https:\\\/\\\/swissgliders.ch\\\/de\\\/produkt\\\/free-spee-xc23\\\/#breadcrumb\"},\"inLanguage\":\"de\",\"potentialAction\":[{\"@type\":\"ReadAction\",\"target\":[\"https:\\\/\\\/swissgliders.ch\\\/de\\\/produkt\\\/free-spee-xc23\\\/\"]}]},{\"@type\":\"ImageObject\",\"inLanguage\":\"de\",\"@id\":\"https:\\\/\\\/swissgliders.ch\\\/de\\\/produkt\\\/free-spee-xc23\\\/#primaryimage\",\"url\":\"https:\\\/\\\/swissgliders.ch\\\/wp-content\\\/uploads\\\/2024\\\/01\\\/free-spee_Beschleuniger_XC23-1.png\",\"contentUrl\":\"https:\\\/\\\/swissgliders.ch\\\/wp-content\\\/uploads\\\/2024\\\/01\\\/free-spee_Beschleuniger_XC23-1.png\",\"width\":3633,\"height\":2582,\"caption\":\"free-spee_Beschleuniger_XC23-1\"},{\"@type\":\"BreadcrumbList\",\"@id\":\"https:\\\/\\\/swissgliders.ch\\\/de\\\/produkt\\\/free-spee-xc23\\\/#breadcrumb\",\"itemListElement\":[{\"@type\":\"ListItem\",\"position\":1,\"name\":\"Startseite\",\"item\":\"https:\\\/\\\/swissgliders.ch\\\/de\\\/willkommen\\\/\"},{\"@type\":\"ListItem\",\"position\":2,\"name\":\"Gleitschirm Shop\",\"item\":\"https:\\\/\\\/swissgliders.ch\\\/de\\\/gleitschirm-shop\\\/\"},{\"@type\":\"ListItem\",\"position\":3,\"name\":\"free spee XC23\"}]},{\"@type\":\"WebSite\",\"@id\":\"https:\\\/\\\/swissgliders.ch\\\/de\\\/#website\",\"url\":\"https:\\\/\\\/swissgliders.ch\\\/de\\\/\",\"name\":\"Gleitschirmschule Thun, Bern, Interlaken\",\"description\":\"Gleitschirmschule Thun, Bern, Interlaken\",\"publisher\":{\"@id\":\"https:\\\/\\\/swissgliders.ch\\\/de\\\/#organization\"},\"potentialAction\":[{\"@type\":\"SearchAction\",\"target\":{\"@type\":\"EntryPoint\",\"urlTemplate\":\"https:\\\/\\\/swissgliders.ch\\\/de\\\/?s={search_term_string}\"},\"query-input\":{\"@type\":\"PropertyValueSpecification\",\"valueRequired\":true,\"valueName\":\"search_term_string\"}}],\"inLanguage\":\"de\"},{\"@type\":\"Organization\",\"@id\":\"https:\\\/\\\/swissgliders.ch\\\/de\\\/#organization\",\"name\":\"Swissgliders Gleitschirmflugschule Thun\",\"url\":\"https:\\\/\\\/swissgliders.ch\\\/de\\\/\",\"logo\":{\"@type\":\"ImageObject\",\"inLanguage\":\"de\",\"@id\":\"https:\\\/\\\/swissgliders.ch\\\/de\\\/#\\\/schema\\\/logo\\\/image\\\/\",\"url\":\"https:\\\/\\\/swissgliders.ch\\\/wp-content\\\/uploads\\\/2019\\\/12\\\/swissgliders-logo-rgb-square-L-no-ch-01.png\",\"contentUrl\":\"https:\\\/\\\/swissgliders.ch\\\/wp-content\\\/uploads\\\/2019\\\/12\\\/swissgliders-logo-rgb-square-L-no-ch-01.png\",\"width\":2500,\"height\":2500,\"caption\":\"Swissgliders Gleitschirmflugschule Thun\"},\"image\":{\"@id\":\"https:\\\/\\\/swissgliders.ch\\\/de\\\/#\\\/schema\\\/logo\\\/image\\\/\"},\"sameAs\":[\"https:\\\/\\\/www.facebook.com\\\/swissgliders\",\"https:\\\/\\\/x.com\\\/Swissgliders\",\"https:\\\/\\\/www.instagram.com\\\/swissgliders\\\/\",\"https:\\\/\\\/www.youtube.com\\\/channel\\\/UCMCtGdepy9vBhrhX3V_oJOA\"],\"hasMerchantReturnPolicy\":{\"@type\":\"MerchantReturnPolicy\",\"merchantReturnLink\":\"https:\\\/\\\/swissgliders.ch\\\/de\\\/allgemeine-geschaftsbedingungen\\\/\"}}]}<\/script>\n<meta property=\"product:price:amount\" content=\"60.00\" \/>\n<meta property=\"product:price:currency\" content=\"CHF\" \/>\n<meta property=\"og:availability\" content=\"instock\" \/>\n<meta property=\"product:availability\" content=\"instock\" \/>\n<meta property=\"product:condition\" content=\"new\" \/>\n<!-- \/ Yoast SEO Premium plugin. -->","yoast_head_json":{"title":"free spee XC23 | Gleitschirmschule Thun, Bern, Interlaken","description":"free spee XC23 Einfaches Einstellen des Beschleunigers jetzt auch f\u00fcr StreckenfreaksDie beste Speedbar, die wir je f\u00fcr Streckenfreaks gemacht haben! \u00dcberzeuge dich selbst.free*spee XC23 bietet Dir h\u00f6chste Performance bei geringstem Gewicht.Zuverl\u00e4ssige Technik sowie hochwertige Materialien setzen Ma\u00dfst\u00e4be.Unser free*spee erm\u00f6glicht Dir jederzeit den Beschleuniger optimal einzustellen","robots":{"index":"index","follow":"follow","max-snippet":"max-snippet:-1","max-image-preview":"max-image-preview:large","max-video-preview":"max-video-preview:-1"},"canonical":"https:\/\/swissgliders.ch\/de\/produkt\/free-spee-xc23\/","og_locale":"de_DE","og_type":"article","og_title":"free spee XC23","og_description":"free spee XC23 Einfaches Einstellen des Beschleunigers jetzt auch f\u00fcr StreckenfreaksDie beste Speedbar, die wir je f\u00fcr Streckenfreaks gemacht haben! \u00dcberzeuge dich selbst.free*spee XC23 bietet Dir h\u00f6chste Performance bei geringstem Gewicht.Zuverl\u00e4ssige Technik sowie hochwertige Materialien setzen Ma\u00dfst\u00e4be.Unser free*spee erm\u00f6glicht Dir jederzeit den Beschleuniger optimal einzustellen","og_url":"https:\/\/swissgliders.ch\/de\/produkt\/free-spee-xc23\/","og_site_name":"Gleitschirmschule Thun, Bern, Interlaken","article_publisher":"https:\/\/www.facebook.com\/swissgliders","article_modified_time":"2024-01-03T16:01:08+00:00","og_image":[{"width":1030,"height":732,"url":"https:\/\/swissgliders.ch\/wp-content\/uploads\/2024\/01\/free-spee_Beschleuniger_XC23-1-1030x732.png","type":"image\/png"}],"twitter_card":"summary_large_image","twitter_site":"@Swissgliders","twitter_misc":{"Preis":"&#67;&#72;&#70;&nbsp;60.00","Verf\u00fcgbarkeit":"Auf Lager"},"schema":{"@context":"https:\/\/schema.org","@graph":[{"@type":"WebPage","@id":"https:\/\/swissgliders.ch\/de\/produkt\/free-spee-xc23\/","url":"https:\/\/swissgliders.ch\/de\/produkt\/free-spee-xc23\/","name":"free spee XC23 | Gleitschirmschule Thun, Bern, Interlaken","isPartOf":{"@id":"https:\/\/swissgliders.ch\/de\/#website"},"primaryImageOfPage":{"@id":"https:\/\/swissgliders.ch\/de\/produkt\/free-spee-xc23\/#primaryimage"},"image":{"@id":"https:\/\/swissgliders.ch\/de\/produkt\/free-spee-xc23\/#primaryimage"},"thumbnailUrl":"https:\/\/swissgliders.ch\/wp-content\/uploads\/2024\/01\/free-spee_Beschleuniger_XC23-1.png","datePublished":"2024-01-03T15:50:54+00:00","dateModified":"2024-01-03T16:01:08+00:00","description":"free spee XC23 Einfaches Einstellen des Beschleunigers jetzt auch f\u00fcr StreckenfreaksDie beste Speedbar, die wir je f\u00fcr Streckenfreaks gemacht haben! \u00dcberzeuge dich selbst.free*spee XC23 bietet Dir h\u00f6chste Performance bei geringstem Gewicht.Zuverl\u00e4ssige Technik sowie hochwertige Materialien setzen Ma\u00dfst\u00e4be.Unser free*spee erm\u00f6glicht Dir jederzeit den Beschleuniger optimal einzustellen","breadcrumb":{"@id":"https:\/\/swissgliders.ch\/de\/produkt\/free-spee-xc23\/#breadcrumb"},"inLanguage":"de","potentialAction":[{"@type":"ReadAction","target":["https:\/\/swissgliders.ch\/de\/produkt\/free-spee-xc23\/"]}]},{"@type":"ImageObject","inLanguage":"de","@id":"https:\/\/swissgliders.ch\/de\/produkt\/free-spee-xc23\/#primaryimage","url":"https:\/\/swissgliders.ch\/wp-content\/uploads\/2024\/01\/free-spee_Beschleuniger_XC23-1.png","contentUrl":"https:\/\/swissgliders.ch\/wp-content\/uploads\/2024\/01\/free-spee_Beschleuniger_XC23-1.png","width":3633,"height":2582,"caption":"free-spee_Beschleuniger_XC23-1"},{"@type":"BreadcrumbList","@id":"https:\/\/swissgliders.ch\/de\/produkt\/free-spee-xc23\/#breadcrumb","itemListElement":[{"@type":"ListItem","position":1,"name":"Startseite","item":"https:\/\/swissgliders.ch\/de\/willkommen\/"},{"@type":"ListItem","position":2,"name":"Gleitschirm Shop","item":"https:\/\/swissgliders.ch\/de\/gleitschirm-shop\/"},{"@type":"ListItem","position":3,"name":"free spee XC23"}]},{"@type":"WebSite","@id":"https:\/\/swissgliders.ch\/de\/#website","url":"https:\/\/swissgliders.ch\/de\/","name":"Gleitschirmschule Thun, Bern, Interlaken","description":"Gleitschirmschule Thun, Bern, Interlaken","publisher":{"@id":"https:\/\/swissgliders.ch\/de\/#organization"},"potentialAction":[{"@type":"SearchAction","target":{"@type":"EntryPoint","urlTemplate":"https:\/\/swissgliders.ch\/de\/?s={search_term_string}"},"query-input":{"@type":"PropertyValueSpecification","valueRequired":true,"valueName":"search_term_string"}}],"inLanguage":"de"},{"@type":"Organization","@id":"https:\/\/swissgliders.ch\/de\/#organization","name":"Swissgliders Gleitschirmflugschule Thun","url":"https:\/\/swissgliders.ch\/de\/","logo":{"@type":"ImageObject","inLanguage":"de","@id":"https:\/\/swissgliders.ch\/de\/#\/schema\/logo\/image\/","url":"https:\/\/swissgliders.ch\/wp-content\/uploads\/2019\/12\/swissgliders-logo-rgb-square-L-no-ch-01.png","contentUrl":"https:\/\/swissgliders.ch\/wp-content\/uploads\/2019\/12\/swissgliders-logo-rgb-square-L-no-ch-01.png","width":2500,"height":2500,"caption":"Swissgliders Gleitschirmflugschule Thun"},"image":{"@id":"https:\/\/swissgliders.ch\/de\/#\/schema\/logo\/image\/"},"sameAs":["https:\/\/www.facebook.com\/swissgliders","https:\/\/x.com\/Swissgliders","https:\/\/www.instagram.com\/swissgliders\/","https:\/\/www.youtube.com\/channel\/UCMCtGdepy9vBhrhX3V_oJOA"],"hasMerchantReturnPolicy":{"@type":"MerchantReturnPolicy","merchantReturnLink":"https:\/\/swissgliders.ch\/de\/allgemeine-geschaftsbedingungen\/"}}]},"product_price_amount":"60.00","product_price_currency":"CHF","og_availability":"instock","product_availability":"instock","product_condition":"new"},"_links":{"self":[{"href":"https:\/\/swissgliders.ch\/de\/wp-json\/wp\/v2\/product\/12060","targetHints":{"allow":["GET"]}}],"collection":[{"href":"https:\/\/swissgliders.ch\/de\/wp-json\/wp\/v2\/product"}],"about":[{"href":"https:\/\/swissgliders.ch\/de\/wp-json\/wp\/v2\/types\/product"}],"replies":[{"embeddable":true,"href":"https:\/\/swissgliders.ch\/de\/wp-json\/wp\/v2\/comments?post=12060"}],"wp:featuredmedia":[{"embeddable":true,"href":"https:\/\/swissgliders.ch\/de\/wp-json\/wp\/v2\/media\/12062"}],"wp:attachment":[{"href":"https:\/\/swissgliders.ch\/de\/wp-json\/wp\/v2\/media?parent=12060"}],"wp:term":[{"taxonomy":"product_brand","embeddable":true,"href":"https:\/\/swissgliders.ch\/de\/wp-json\/wp\/v2\/product_brand?post=12060"},{"taxonomy":"product_cat","embeddable":true,"href":"https:\/\/swissgliders.ch\/de\/wp-json\/wp\/v2\/product_cat?post=12060"},{"taxonomy":"product_tag","embeddable":true,"href":"https:\/\/swissgliders.ch\/de\/wp-json\/wp\/v2\/product_tag?post=12060"}],"curies":[{"name":"wp","href":"https:\/\/api.w.org\/{rel}","templated":true}]}}