{"id":12102,"date":"2024-01-14T07:19:15","date_gmt":"2024-01-14T06:19:15","guid":{"rendered":"https:\/\/swissgliders.ch\/?post_type=product&#038;p=12102"},"modified":"2025-01-05T13:53:10","modified_gmt":"2025-01-05T12:53:10","slug":"high-adventure-izi-touch","status":"publish","type":"product","link":"https:\/\/swissgliders.ch\/de\/produkt\/high-adventure-izi-touch\/","title":{"rendered":"High Adventure Izi Touch"},"content":{"rendered":"<h3><strong><span class=\"tit\">TRY IT, FLY IT, LOVE IT!<\/span><\/strong><\/h3>\n<p><img loading=\"lazy\" decoding=\"async\" class=\"\" src=\"https:\/\/bluefalcon.ir\/wp-content\/uploads\/2023\/07\/Gloves-Izi-Touch.png\" alt=\"Highadventure - \u0628\u0627\u0634\u06af\u0627\u0647 \u067e\u0627\u0631\u0627\u06af\u0644\u0627\u06cc\u062f\u06cc\u0646\u06af \u0634\u0627\u0647\u06cc\u0646 \u0622\u0628\u06cc\" width=\"455\" height=\"303\" \/><\/p>\n<p><span class=\"tit\">Der Izi ist unser leichter Gleitschirmhandschuh f\u00fcr mildere Temperaturen und sommerliche Tage in der Luft.<\/span><br \/>\nEin absoluter Hochleister f\u00fcr den Flugsport. Hergestellt mit modernster Technologie aus ausgew\u00e4hlten Hightech-Materialien spielt der Izi in der absoluten Oberliga. Dank perfekter Passform und Verarbeitung tr\u00e4gt er sich wie eine zweite Haut und erf\u00fcllt beim Groundhandeln, Verstellen der Gurte, Bedienen der Instrumente und am Steuergriff ganze Arbeit. Ein technischer Superstar.<\/p>\n<p>Dieser d\u00fcnne und atmungsaktive Gleitschirhandschuh eignet sich ideal f\u00fcr mildere Temperaturen und sommerliche Tage in der Luft. Bei der Entwicklung wurde an alles gedacht: bestes Griffgef\u00fchl, robuste, qualitative Materialien und die optimale Passform. Die Oberhand besteht aus einer Kombination von Softshell und Digital- Ziegenleder, welches nicht nur strapazierf\u00e4hig ist, sondern dem Handschuh auch einen technischen, coolen Look verleiht. F\u00fcr einen ausgezeichneten Griff in der Innenhand sorgt das hydrophobierte (wasserabweisende) Ziegenleder. Das angenehm weiche und atmungsaktive GORE-TEX Infinium\u2122 Futter machen den Handschuh 100% winddicht und sorgt f\u00fcr ein angenehmes Tragegef\u00fchl. Dank der langen Manschette kann der Handschuh ideal unter der Jacke getragen werden und bietet Schutz f\u00fcr den empfindlichen Pulsbereich. Der Izi verf\u00fcgt \u00fcber eine am Daumen und Zeigefinger angebrachte Touch Technologie, die das Bedienen von Smart Devices erm\u00f6glicht. Der abnehmbare Fangriemen vermeidet ein Verlieren des Handschuhs beim Ausziehen.<\/p>\n<p style=\"text-align: left;\"><strong><span class=\"tit\">Materialaufbau<\/span><\/strong><\/p>\n<table class=\" alignleft\" align=\"center\">\n<tbody>\n<tr>\n<td><\/td>\n<td><strong>Innenhand<\/strong><\/td>\n<td>Ziegenleder hydrophobiert<\/td>\n<\/tr>\n<tr>\n<td><\/td>\n<td><strong>Oberhand<\/strong><\/td>\n<td>Softshell , Digital Leder (Ziegenleder)<\/td>\n<\/tr>\n<tr>\n<td><\/td>\n<td><strong>Insert<\/strong><\/td>\n<td>GORE-TEX Infinium\u2122 Windstopper<\/td>\n<\/tr>\n<tr>\n<td><\/td>\n<td><strong>Futter<\/strong><\/td>\n<td>TT2, antibakteriell<\/td>\n<\/tr>\n<tr>\n<td><\/td>\n<td><strong>Features<\/strong><\/td>\n<td>Ergonomische Passform f\u00fcr am Bremsgriff, Touch Technologie, Lederverst\u00e4rkungen, mit Kevlarfaden r\u00fcckstichgesichert vern\u00e4ht, atmungsaktiv, abnehmbare und breiter Fangriemen, waschbar bei 40\u00b0C<\/td>\n<\/tr>\n<\/tbody>\n<\/table>\n<p>&nbsp;<\/p>\n<p>&nbsp;<\/p>\n<p>&nbsp;<\/p>\n<p>&nbsp;<\/p>\n<p>&nbsp;<\/p>\n<p>Mehr <a href=\"https:\/\/www.highadventure.ch\/de\/handschuhe-izi.html\" target=\"_blank\" rel=\"noopener noreferrer\">Info<\/a><\/p>\n<p>Falls dieser Artikel nicht an Lager ist, wird er f\u00fcr dich bestellt. Lieferfrist auf Anfrage.<\/p>\n","protected":false},"excerpt":{"rendered":"<h3><strong><span class=\"tit\">TRY IT, FLY IT, LOVE IT!<\/span><\/strong><\/h3>\n<p><img loading=\"lazy\" decoding=\"async\" class=\"\" src=\"https:\/\/bluefalcon.ir\/wp-content\/uploads\/2023\/07\/Gloves-Izi-Touch.png\" alt=\"Highadventure - \u0628\u0627\u0634\u06af\u0627\u0647 \u067e\u0627\u0631\u0627\u06af\u0644\u0627\u06cc\u062f\u06cc\u0646\u06af \u0634\u0627\u0647\u06cc\u0646 \u0622\u0628\u06cc\" width=\"455\" height=\"303\" \/><\/p>\n<p><span class=\"tit\">Der Izi ist unser leichter Gleitschirmhandschuh f\u00fcr mildere Temperaturen und sommerliche Tage in der Luft.<\/span><br \/>\nEin absoluter Hochleister f\u00fcr den Flugsport. Hergestellt mit modernster Technologie aus ausgew\u00e4hlten Hightech-Materialien spielt der Izi in der absoluten Oberliga. Dank perfekter Passform und Verarbeitung tr\u00e4gt er sich wie eine zweite Haut und erf\u00fcllt beim Groundhandeln, Verstellen der Gurte, Bedienen der Instrumente und am Steuergriff ganze Arbeit. Ein technischer Superstar.<\/p>\n<p>Dieser d\u00fcnne und atmungsaktive Gleitschirhandschuh eignet sich ideal f\u00fcr mildere Temperaturen und sommerliche Tage in der Luft. Bei der Entwicklung wurde an alles gedacht: bestes Griffgef\u00fchl, robuste, qualitative Materialien und die optimale Passform. Die Oberhand besteht aus einer Kombination von Softshell und Digital- Ziegenleder, welches nicht nur strapazierf\u00e4hig ist, sondern dem Handschuh auch einen technischen, coolen Look verleiht. F\u00fcr einen ausgezeichneten Griff in der Innenhand sorgt das hydrophobierte (wasserabweisende) Ziegenleder. Das angenehm weiche und atmungsaktive GORE-TEX Infinium\u2122 Futter machen den Handschuh 100% winddicht und sorgt f\u00fcr ein angenehmes Tragegef\u00fchl. Dank der langen Manschette kann der Handschuh ideal unter der Jacke getragen werden und bietet Schutz f\u00fcr den empfindlichen Pulsbereich. Der Izi verf\u00fcgt \u00fcber eine am Daumen und Zeigefinger angebrachte Touch Technologie, die das Bedienen von Smart Devices erm\u00f6glicht. Der abnehmbare Fangriemen vermeidet ein Verlieren des Handschuhs beim Ausziehen.<\/p>\n<p style=\"text-align: left;\"><strong><span class=\"tit\">Materialaufbau<\/span><\/strong><\/p>\n<table class=\" alignleft\" align=\"center\">\n<tbody>\n<tr>\n<td><\/td>\n<td><strong>Innenhand<\/strong><\/td>\n<td>Ziegenleder hydrophobiert<\/td>\n<\/tr>\n<tr>\n<td><\/td>\n<td><strong>Oberhand<\/strong><\/td>\n<td>Softshell , Digital Leder (Ziegenleder)<\/td>\n<\/tr>\n<tr>\n<td><\/td>\n<td><strong>Insert<\/strong><\/td>\n<td>GORE-TEX Infinium\u2122 Windstopper<\/td>\n<\/tr>\n<tr>\n<td><\/td>\n<td><strong>Futter<\/strong><\/td>\n<td>TT2, antibakteriell<\/td>\n<\/tr>\n<tr>\n<td><\/td>\n<td><strong>Features<\/strong><\/td>\n<td>Ergonomische Passform f\u00fcr am Bremsgriff, Touch Technologie, Lederverst\u00e4rkungen, mit Kevlarfaden r\u00fcckstichgesichert vern\u00e4ht, atmungsaktiv, abnehmbare und breiter Fangriemen, waschbar bei 40\u00b0C<\/td>\n<\/tr>\n<\/tbody>\n<\/table>\n<p>&nbsp;<\/p>\n<p>&nbsp;<\/p>\n<p>&nbsp;<\/p>\n<p>&nbsp;<\/p>\n<p>&nbsp;<\/p>\n<p><a href=\"https:\/\/swissgliders.ch\/wp-content\/uploads\/2025\/01\/HighAdventure-Izi-Pizi.pdf\" target=\"_blank\" rel=\"noopener\">Gr\u00f6ssenberater<\/a><\/p>\n<p>Mehr <a href=\"https:\/\/www.highadventure.ch\/de\/handschuhe-izi.html\" target=\"_blank\" rel=\"noopener noreferrer\">Info<\/a><\/p>\n<p>Falls dieser Artikel nicht an Lager ist, wird er f\u00fcr dich bestellt. Lieferfrist auf Anfrage.<\/p>\n","protected":false},"featured_media":12106,"comment_status":"closed","ping_status":"closed","template":"","meta":[],"product_brand":[],"product_cat":[2022,1947,402],"product_tag":[918,1742,90],"class_list":{"0":"post-12102","1":"product","2":"type-product","3":"status-publish","4":"has-post-thumbnail","6":"product_cat-gleitschirm-bekleidung","7":"product_cat-gleitschirm-handschuhe","8":"product_cat-gleitschirm-zubehoer","9":"product_tag-bekleidung","10":"product_tag-handschuhe","11":"product_tag-verkaufsartikel","12":"product_shipping_class-priority-2kg-de","14":"first","15":"instock","16":"sale","17":"shipping-taxable","18":"purchasable","19":"product-type-variable"},"yoast_head":"<!-- This site is optimized with the Yoast SEO Premium plugin v26.1 (Yoast SEO v27.3) - https:\/\/yoast.com\/product\/yoast-seo-premium-wordpress\/ -->\n<title>High Adventure Izi Touch | Gleitschirmschule Thun, Bern, Interlaken<\/title>\n<meta name=\"description\" content=\"Der Izi Touch Handschuh ist unser leichter Gleitschirmhandschuh f\u00fcr mildere Temperaturen und sommerliche Tage in der Luft.\" \/>\n<meta name=\"robots\" content=\"index, follow, max-snippet:-1, max-image-preview:large, max-video-preview:-1\" \/>\n<link rel=\"canonical\" href=\"https:\/\/swissgliders.ch\/de\/produkt\/high-adventure-izi-touch\/\" \/>\n<meta property=\"og:locale\" content=\"de_DE\" \/>\n<meta property=\"og:type\" content=\"article\" \/>\n<meta property=\"og:title\" content=\"High Adventure Izi Touch\" \/>\n<meta property=\"og:description\" content=\"Der Izi Touch Handschuh ist unser leichter Gleitschirmhandschuh f\u00fcr mildere Temperaturen und sommerliche Tage in der Luft.\" \/>\n<meta property=\"og:url\" content=\"https:\/\/swissgliders.ch\/de\/produkt\/high-adventure-izi-touch\/\" \/>\n<meta property=\"og:site_name\" content=\"Gleitschirmschule Thun, Bern, Interlaken\" \/>\n<meta property=\"article:publisher\" content=\"https:\/\/www.facebook.com\/swissgliders\" \/>\n<meta property=\"article:modified_time\" content=\"2025-01-05T12:53:10+00:00\" \/>\n<meta property=\"og:image\" content=\"https:\/\/swissgliders.ch\/wp-content\/uploads\/2024\/01\/High_Adventure_Handschuh_Izi-Touch-1.jpg\" \/>\n\t<meta property=\"og:image:width\" content=\"1800\" \/>\n\t<meta property=\"og:image:height\" content=\"1906\" \/>\n\t<meta property=\"og:image:type\" content=\"image\/jpeg\" \/>\n<meta name=\"twitter:card\" content=\"summary_large_image\" \/>\n<meta name=\"twitter:site\" content=\"@Swissgliders\" \/>\n<meta name=\"twitter:label1\" content=\"Verf\u00fcgbarkeit\" \/>\n\t<meta name=\"twitter:data1\" content=\"Auf Lager\" \/>\n<script type=\"application\/ld+json\" class=\"yoast-schema-graph\">{\"@context\":\"https:\\\/\\\/schema.org\",\"@graph\":[{\"@type\":\"WebPage\",\"@id\":\"https:\\\/\\\/swissgliders.ch\\\/de\\\/produkt\\\/high-adventure-izi-touch\\\/\",\"url\":\"https:\\\/\\\/swissgliders.ch\\\/de\\\/produkt\\\/high-adventure-izi-touch\\\/\",\"name\":\"High Adventure Izi Touch | Gleitschirmschule Thun, Bern, Interlaken\",\"isPartOf\":{\"@id\":\"https:\\\/\\\/swissgliders.ch\\\/de\\\/#website\"},\"primaryImageOfPage\":{\"@id\":\"https:\\\/\\\/swissgliders.ch\\\/de\\\/produkt\\\/high-adventure-izi-touch\\\/#primaryimage\"},\"image\":{\"@id\":\"https:\\\/\\\/swissgliders.ch\\\/de\\\/produkt\\\/high-adventure-izi-touch\\\/#primaryimage\"},\"thumbnailUrl\":\"https:\\\/\\\/swissgliders.ch\\\/wp-content\\\/uploads\\\/2024\\\/01\\\/High_Adventure_Handschuh_Izi-Touch-1.jpg\",\"datePublished\":\"2024-01-14T06:19:15+00:00\",\"dateModified\":\"2025-01-05T12:53:10+00:00\",\"description\":\"Der Izi Touch Handschuh ist unser leichter Gleitschirmhandschuh f\u00fcr mildere Temperaturen und sommerliche Tage in der Luft.\",\"breadcrumb\":{\"@id\":\"https:\\\/\\\/swissgliders.ch\\\/de\\\/produkt\\\/high-adventure-izi-touch\\\/#breadcrumb\"},\"inLanguage\":\"de\",\"potentialAction\":[{\"@type\":\"ReadAction\",\"target\":[\"https:\\\/\\\/swissgliders.ch\\\/de\\\/produkt\\\/high-adventure-izi-touch\\\/\"]}]},{\"@type\":\"ImageObject\",\"inLanguage\":\"de\",\"@id\":\"https:\\\/\\\/swissgliders.ch\\\/de\\\/produkt\\\/high-adventure-izi-touch\\\/#primaryimage\",\"url\":\"https:\\\/\\\/swissgliders.ch\\\/wp-content\\\/uploads\\\/2024\\\/01\\\/High_Adventure_Handschuh_Izi-Touch-1.jpg\",\"contentUrl\":\"https:\\\/\\\/swissgliders.ch\\\/wp-content\\\/uploads\\\/2024\\\/01\\\/High_Adventure_Handschuh_Izi-Touch-1.jpg\",\"width\":1800,\"height\":1906,\"caption\":\"High_Adventure_Handschuh_Izi-Touch-1\"},{\"@type\":\"BreadcrumbList\",\"@id\":\"https:\\\/\\\/swissgliders.ch\\\/de\\\/produkt\\\/high-adventure-izi-touch\\\/#breadcrumb\",\"itemListElement\":[{\"@type\":\"ListItem\",\"position\":1,\"name\":\"Startseite\",\"item\":\"https:\\\/\\\/swissgliders.ch\\\/de\\\/willkommen\\\/\"},{\"@type\":\"ListItem\",\"position\":2,\"name\":\"Gleitschirm Shop\",\"item\":\"https:\\\/\\\/swissgliders.ch\\\/de\\\/gleitschirm-shop\\\/\"},{\"@type\":\"ListItem\",\"position\":3,\"name\":\"High Adventure Izi Touch\"}]},{\"@type\":\"WebSite\",\"@id\":\"https:\\\/\\\/swissgliders.ch\\\/de\\\/#website\",\"url\":\"https:\\\/\\\/swissgliders.ch\\\/de\\\/\",\"name\":\"Gleitschirmschule Thun, Bern, Interlaken\",\"description\":\"Gleitschirmschule Thun, Bern, Interlaken\",\"publisher\":{\"@id\":\"https:\\\/\\\/swissgliders.ch\\\/de\\\/#organization\"},\"potentialAction\":[{\"@type\":\"SearchAction\",\"target\":{\"@type\":\"EntryPoint\",\"urlTemplate\":\"https:\\\/\\\/swissgliders.ch\\\/de\\\/?s={search_term_string}\"},\"query-input\":{\"@type\":\"PropertyValueSpecification\",\"valueRequired\":true,\"valueName\":\"search_term_string\"}}],\"inLanguage\":\"de\"},{\"@type\":\"Organization\",\"@id\":\"https:\\\/\\\/swissgliders.ch\\\/de\\\/#organization\",\"name\":\"Swissgliders Gleitschirmflugschule Thun\",\"url\":\"https:\\\/\\\/swissgliders.ch\\\/de\\\/\",\"logo\":{\"@type\":\"ImageObject\",\"inLanguage\":\"de\",\"@id\":\"https:\\\/\\\/swissgliders.ch\\\/de\\\/#\\\/schema\\\/logo\\\/image\\\/\",\"url\":\"https:\\\/\\\/swissgliders.ch\\\/wp-content\\\/uploads\\\/2019\\\/12\\\/swissgliders-logo-rgb-square-L-no-ch-01.png\",\"contentUrl\":\"https:\\\/\\\/swissgliders.ch\\\/wp-content\\\/uploads\\\/2019\\\/12\\\/swissgliders-logo-rgb-square-L-no-ch-01.png\",\"width\":2500,\"height\":2500,\"caption\":\"Swissgliders Gleitschirmflugschule Thun\"},\"image\":{\"@id\":\"https:\\\/\\\/swissgliders.ch\\\/de\\\/#\\\/schema\\\/logo\\\/image\\\/\"},\"sameAs\":[\"https:\\\/\\\/www.facebook.com\\\/swissgliders\",\"https:\\\/\\\/x.com\\\/Swissgliders\",\"https:\\\/\\\/www.instagram.com\\\/swissgliders\\\/\",\"https:\\\/\\\/www.youtube.com\\\/channel\\\/UCMCtGdepy9vBhrhX3V_oJOA\"],\"hasMerchantReturnPolicy\":{\"@type\":\"MerchantReturnPolicy\",\"merchantReturnLink\":\"https:\\\/\\\/swissgliders.ch\\\/de\\\/allgemeine-geschaftsbedingungen\\\/\"}}]}<\/script>\n<meta property=\"og:availability\" content=\"instock\" \/>\n<meta property=\"product:availability\" content=\"instock\" \/>\n<meta property=\"product:condition\" content=\"new\" \/>\n<!-- \/ Yoast SEO Premium plugin. -->","yoast_head_json":{"title":"High Adventure Izi Touch | Gleitschirmschule Thun, Bern, Interlaken","description":"Der Izi Touch Handschuh ist unser leichter Gleitschirmhandschuh f\u00fcr mildere Temperaturen und sommerliche Tage in der Luft.","robots":{"index":"index","follow":"follow","max-snippet":"max-snippet:-1","max-image-preview":"max-image-preview:large","max-video-preview":"max-video-preview:-1"},"canonical":"https:\/\/swissgliders.ch\/de\/produkt\/high-adventure-izi-touch\/","og_locale":"de_DE","og_type":"article","og_title":"High Adventure Izi Touch","og_description":"Der Izi Touch Handschuh ist unser leichter Gleitschirmhandschuh f\u00fcr mildere Temperaturen und sommerliche Tage in der Luft.","og_url":"https:\/\/swissgliders.ch\/de\/produkt\/high-adventure-izi-touch\/","og_site_name":"Gleitschirmschule Thun, Bern, Interlaken","article_publisher":"https:\/\/www.facebook.com\/swissgliders","article_modified_time":"2025-01-05T12:53:10+00:00","og_image":[{"width":1800,"height":1906,"url":"https:\/\/swissgliders.ch\/wp-content\/uploads\/2024\/01\/High_Adventure_Handschuh_Izi-Touch-1.jpg","type":"image\/jpeg"}],"twitter_card":"summary_large_image","twitter_site":"@Swissgliders","twitter_misc":{"Verf\u00fcgbarkeit":"Auf Lager"},"schema":{"@context":"https:\/\/schema.org","@graph":[{"@type":"WebPage","@id":"https:\/\/swissgliders.ch\/de\/produkt\/high-adventure-izi-touch\/","url":"https:\/\/swissgliders.ch\/de\/produkt\/high-adventure-izi-touch\/","name":"High Adventure Izi Touch | Gleitschirmschule Thun, Bern, Interlaken","isPartOf":{"@id":"https:\/\/swissgliders.ch\/de\/#website"},"primaryImageOfPage":{"@id":"https:\/\/swissgliders.ch\/de\/produkt\/high-adventure-izi-touch\/#primaryimage"},"image":{"@id":"https:\/\/swissgliders.ch\/de\/produkt\/high-adventure-izi-touch\/#primaryimage"},"thumbnailUrl":"https:\/\/swissgliders.ch\/wp-content\/uploads\/2024\/01\/High_Adventure_Handschuh_Izi-Touch-1.jpg","datePublished":"2024-01-14T06:19:15+00:00","dateModified":"2025-01-05T12:53:10+00:00","description":"Der Izi Touch Handschuh ist unser leichter Gleitschirmhandschuh f\u00fcr mildere Temperaturen und sommerliche Tage in der Luft.","breadcrumb":{"@id":"https:\/\/swissgliders.ch\/de\/produkt\/high-adventure-izi-touch\/#breadcrumb"},"inLanguage":"de","potentialAction":[{"@type":"ReadAction","target":["https:\/\/swissgliders.ch\/de\/produkt\/high-adventure-izi-touch\/"]}]},{"@type":"ImageObject","inLanguage":"de","@id":"https:\/\/swissgliders.ch\/de\/produkt\/high-adventure-izi-touch\/#primaryimage","url":"https:\/\/swissgliders.ch\/wp-content\/uploads\/2024\/01\/High_Adventure_Handschuh_Izi-Touch-1.jpg","contentUrl":"https:\/\/swissgliders.ch\/wp-content\/uploads\/2024\/01\/High_Adventure_Handschuh_Izi-Touch-1.jpg","width":1800,"height":1906,"caption":"High_Adventure_Handschuh_Izi-Touch-1"},{"@type":"BreadcrumbList","@id":"https:\/\/swissgliders.ch\/de\/produkt\/high-adventure-izi-touch\/#breadcrumb","itemListElement":[{"@type":"ListItem","position":1,"name":"Startseite","item":"https:\/\/swissgliders.ch\/de\/willkommen\/"},{"@type":"ListItem","position":2,"name":"Gleitschirm Shop","item":"https:\/\/swissgliders.ch\/de\/gleitschirm-shop\/"},{"@type":"ListItem","position":3,"name":"High Adventure Izi Touch"}]},{"@type":"WebSite","@id":"https:\/\/swissgliders.ch\/de\/#website","url":"https:\/\/swissgliders.ch\/de\/","name":"Gleitschirmschule Thun, Bern, Interlaken","description":"Gleitschirmschule Thun, Bern, Interlaken","publisher":{"@id":"https:\/\/swissgliders.ch\/de\/#organization"},"potentialAction":[{"@type":"SearchAction","target":{"@type":"EntryPoint","urlTemplate":"https:\/\/swissgliders.ch\/de\/?s={search_term_string}"},"query-input":{"@type":"PropertyValueSpecification","valueRequired":true,"valueName":"search_term_string"}}],"inLanguage":"de"},{"@type":"Organization","@id":"https:\/\/swissgliders.ch\/de\/#organization","name":"Swissgliders Gleitschirmflugschule Thun","url":"https:\/\/swissgliders.ch\/de\/","logo":{"@type":"ImageObject","inLanguage":"de","@id":"https:\/\/swissgliders.ch\/de\/#\/schema\/logo\/image\/","url":"https:\/\/swissgliders.ch\/wp-content\/uploads\/2019\/12\/swissgliders-logo-rgb-square-L-no-ch-01.png","contentUrl":"https:\/\/swissgliders.ch\/wp-content\/uploads\/2019\/12\/swissgliders-logo-rgb-square-L-no-ch-01.png","width":2500,"height":2500,"caption":"Swissgliders Gleitschirmflugschule Thun"},"image":{"@id":"https:\/\/swissgliders.ch\/de\/#\/schema\/logo\/image\/"},"sameAs":["https:\/\/www.facebook.com\/swissgliders","https:\/\/x.com\/Swissgliders","https:\/\/www.instagram.com\/swissgliders\/","https:\/\/www.youtube.com\/channel\/UCMCtGdepy9vBhrhX3V_oJOA"],"hasMerchantReturnPolicy":{"@type":"MerchantReturnPolicy","merchantReturnLink":"https:\/\/swissgliders.ch\/de\/allgemeine-geschaftsbedingungen\/"}}]},"og_availability":"instock","product_availability":"instock","product_condition":"new"},"_links":{"self":[{"href":"https:\/\/swissgliders.ch\/de\/wp-json\/wp\/v2\/product\/12102","targetHints":{"allow":["GET"]}}],"collection":[{"href":"https:\/\/swissgliders.ch\/de\/wp-json\/wp\/v2\/product"}],"about":[{"href":"https:\/\/swissgliders.ch\/de\/wp-json\/wp\/v2\/types\/product"}],"replies":[{"embeddable":true,"href":"https:\/\/swissgliders.ch\/de\/wp-json\/wp\/v2\/comments?post=12102"}],"wp:featuredmedia":[{"embeddable":true,"href":"https:\/\/swissgliders.ch\/de\/wp-json\/wp\/v2\/media\/12106"}],"wp:attachment":[{"href":"https:\/\/swissgliders.ch\/de\/wp-json\/wp\/v2\/media?parent=12102"}],"wp:term":[{"taxonomy":"product_brand","embeddable":true,"href":"https:\/\/swissgliders.ch\/de\/wp-json\/wp\/v2\/product_brand?post=12102"},{"taxonomy":"product_cat","embeddable":true,"href":"https:\/\/swissgliders.ch\/de\/wp-json\/wp\/v2\/product_cat?post=12102"},{"taxonomy":"product_tag","embeddable":true,"href":"https:\/\/swissgliders.ch\/de\/wp-json\/wp\/v2\/product_tag?post=12102"}],"curies":[{"name":"wp","href":"https:\/\/api.w.org\/{rel}","templated":true}]}}