{"id":12140,"date":"2024-01-16T13:49:04","date_gmt":"2024-01-16T12:49:04","guid":{"rendered":"https:\/\/swissgliders.ch\/?post_type=product&#038;p=12140"},"modified":"2024-06-23T15:27:31","modified_gmt":"2024-06-23T14:27:31","slug":"skywalk-drop-frontcontainer","status":"publish","type":"product","link":"https:\/\/swissgliders.ch\/de\/produkt\/skywalk-drop-frontcontainer\/","title":{"rendered":"Skywalk DROP Frontcontainer"},"content":{"rendered":"<div class=\"et_pb_module et_pb_text et_pb_text_1 et_pb_text_align_left et_pb_bg_layout_light\">\n<div class=\"et_pb_text_inner\">\n<div class=\"et_pb_module et_pb_text et_pb_text_0 et_pb_text_align_left et_pb_bg_layout_light\">\n<div class=\"et_pb_text_inner\">\n<h3>Ultraleicht. Minimales Packma\u00df.<\/h3>\n<\/div>\n<\/div>\n<div class=\"et_pb_module et_pb_text et_pb_text_1 et_pb_text_align_left et_pb_bg_layout_light\">\n<div class=\"et_pb_text_inner\">\n<p>Nie zuvor konntest Du Deine Rettung so klein packen! Der DROP lightweight Frontcontainer bietet Dir die M\u00f6glichkeit, Deine Rettung auf minimalstes Packma\u00df und Gewicht zu verstauen. Der Frontcontainer eignet sich optimal, um leichte Rund- und Kreuzkappenrettungsger\u00e4te universell an eine Vielzahl von Gurtzeugen zu montieren. Er ist ideal auf unsere Leichtrettungen\u00a0<a href=\"https:\/\/skywalk.info\/de\/project\/tapa-x-alps\/\">TAPA X-ALPS<\/a>\u00a0und\u00a0<a href=\"https:\/\/skywalk.info\/de\/project\/pepper-cross-light\/\">PEPPER CROSS LIGHT<\/a>\u00a0abgestimmt.<\/p>\n<p>F\u00fcr ein noch kleineres Packma\u00df kannst Du den DROP mit einem Rei\u00dfverschluss zus\u00e4tzlich komprimieren. An der Oberseite befindet sich ein Klettfeld, an dem Du Dein Hike&amp;Fly Vario befestigen kannst.<\/p>\n<p><a href=\"https:\/\/skywalk.info\/de\/project\/drop\/#\">TECHNISCHE DATEN<\/a><\/p>\n<div class=\"et_pb_all_tabs\">\n<div class=\"et_pb_tab et_pb_tab_0 clearfix et_pb_active_content et-pb-active-slide\">\n<table id=\"tablepress-326\" class=\"tablepress tablepress-id-326 tablepress-responsive tablepress-responsive-tablet\">\n<tbody class=\"row-hover\">\n<tr class=\"row-1 odd\">\n<td class=\"column-1\"><b>Gr\u00f6\u00dfe<\/b><\/td>\n<td class=\"column-2\"><b>XS<\/b><\/td>\n<td class=\"column-3\"><b>S<\/b><\/td>\n<td class=\"column-4\"><b>M<\/b><\/td>\n<td class=\"column-5\"><b>L<\/b><\/td>\n<\/tr>\n<tr class=\"row-2 even\">\n<td class=\"column-1\"><b>Gewicht Container (g)<\/b><\/td>\n<td class=\"column-2\">90<\/td>\n<td class=\"column-3\">100<\/td>\n<td class=\"column-4\">110<\/td>\n<td class=\"column-5\">120<\/td>\n<\/tr>\n<tr class=\"row-3 odd\">\n<td class=\"column-1\"><b>Gewicht V-Leine (g)<\/b><\/td>\n<td class=\"column-2\">50<\/td>\n<td class=\"column-3\">50<\/td>\n<td class=\"column-4\">50<\/td>\n<td class=\"column-5\">50<\/td>\n<\/tr>\n<tr class=\"row-4 even\">\n<td class=\"column-1\"><b>Volumen (cm\u00b3)<\/b><\/td>\n<td class=\"column-2\">1500 &#8211; 2200<\/td>\n<td class=\"column-3\">2000 &#8211; 3800<\/td>\n<td class=\"column-4\">2000 &#8211; 4200<\/td>\n<td class=\"column-5\">3500 &#8211; 5900<\/td>\n<\/tr>\n<tr class=\"row-5 odd\">\n<td class=\"column-1\"><b>V-Leinen Maximallast (kg)<\/b><\/td>\n<td class=\"column-2\">120<\/td>\n<td class=\"column-3\">120<\/td>\n<td class=\"column-4\">120<\/td>\n<td class=\"column-5\">120<\/td>\n<\/tr>\n<\/tbody>\n<\/table>\n<\/div>\n<\/div>\n<\/div>\n<\/div>\n<\/div>\n<\/div>\n<h4 class=\"et_pb_module_header\">DROP Lieferumfang<\/h4>\n<div class=\"et_pb_blurb_description\">\n<div class=\"et_pb_all_tabs\">\n<p><strong>der DROP lightweight\u00a0Frontcontainer kommt mit<\/strong><strong>:<\/strong><\/p>\n<ul>\n<li style=\"list-style-type: none;\">\n<ul>\n<li>1x Rettungscontainer inkl. Rettungsgriff<\/li>\n<li>V-Leine inkl. Verbindungsleine<\/li>\n<li>2x Montageschlaufen zur Verbindung an den Hauptkarabiner<\/li>\n<\/ul>\n<\/li>\n<\/ul>\n<p>&nbsp;<\/p>\n<\/div>\n<\/div>\n<p>Mehr <a href=\"https:\/\/skywalk.info\/de\/project\/drop\/\" target=\"_blank\" rel=\"noopener noreferrer\">Infos<\/a><\/p>\n<p>Falls dieser Artikel nicht an Lager ist, wird er f\u00fcr dich bestellt. Lieferfrist auf Anfrage.<\/p>\n","protected":false},"excerpt":{"rendered":"<div class=\"et_pb_module et_pb_text et_pb_text_1 et_pb_text_align_left et_pb_bg_layout_light\">\n<div class=\"et_pb_text_inner\">\n<div class=\"et_pb_module et_pb_text et_pb_text_0 et_pb_text_align_left et_pb_bg_layout_light\">\n<div class=\"et_pb_text_inner\">\n<h3>Ultraleicht. Minimales Packma\u00df.<\/h3>\n<\/div>\n<\/div>\n<div class=\"et_pb_module et_pb_text et_pb_text_1 et_pb_text_align_left et_pb_bg_layout_light\">\n<div class=\"et_pb_text_inner\">\n<p>Nie zuvor konntest Du Deine Rettung so klein packen! Der DROP lightweight Frontcontainer bietet Dir die M\u00f6glichkeit, Deine Rettung auf minimalstes Packma\u00df und Gewicht zu verstauen. Der Frontcontainer eignet sich optimal, um leichte Rund- und Kreuzkappenrettungsger\u00e4te universell an eine Vielzahl von Gurtzeugen zu montieren. Er ist ideal auf unsere Leichtrettungen\u00a0<a href=\"https:\/\/skywalk.info\/de\/project\/tapa-x-alps\/\">TAPA X-ALPS<\/a>\u00a0und\u00a0<a href=\"https:\/\/skywalk.info\/de\/project\/pepper-cross-light\/\">PEPPER CROSS LIGHT<\/a>\u00a0abgestimmt.<\/p>\n<p>F\u00fcr ein noch kleineres Packma\u00df kannst Du den DROP mit einem Rei\u00dfverschluss zus\u00e4tzlich komprimieren. An der Oberseite befindet sich ein Klettfeld, an dem Du Dein Hike&amp;Fly Vario befestigen kannst.<\/p>\n<p><a href=\"https:\/\/skywalk.info\/de\/project\/drop\/#\">TECHNISCHE DATEN<\/a><\/p>\n<div class=\"et_pb_all_tabs\">\n<div class=\"et_pb_tab et_pb_tab_0 clearfix et_pb_active_content et-pb-active-slide\">\n<table id=\"tablepress-326\" class=\"tablepress tablepress-id-326 tablepress-responsive tablepress-responsive-tablet\">\n<tbody class=\"row-hover\">\n<tr class=\"row-1 odd\">\n<td class=\"column-1\"><b>Gr\u00f6\u00dfe<\/b><\/td>\n<td class=\"column-2\"><b>XS<\/b><\/td>\n<td class=\"column-3\"><b>S<\/b><\/td>\n<td class=\"column-4\"><b>M<\/b><\/td>\n<td class=\"column-5\"><b>L<\/b><\/td>\n<\/tr>\n<tr class=\"row-2 even\">\n<td class=\"column-1\"><b>Gewicht Container (g)<\/b><\/td>\n<td class=\"column-2\">90<\/td>\n<td class=\"column-3\">100<\/td>\n<td class=\"column-4\">110<\/td>\n<td class=\"column-5\">120<\/td>\n<\/tr>\n<tr class=\"row-3 odd\">\n<td class=\"column-1\"><b>Gewicht V-Leine (g)<\/b><\/td>\n<td class=\"column-2\">50<\/td>\n<td class=\"column-3\">50<\/td>\n<td class=\"column-4\">50<\/td>\n<td class=\"column-5\">50<\/td>\n<\/tr>\n<tr class=\"row-4 even\">\n<td class=\"column-1\"><b>Volumen (cm\u00b3)<\/b><\/td>\n<td class=\"column-2\">1500 &#8211; 2200<\/td>\n<td class=\"column-3\">2000 &#8211; 3800<\/td>\n<td class=\"column-4\">2000 &#8211; 4200<\/td>\n<td class=\"column-5\">3500 &#8211; 5900<\/td>\n<\/tr>\n<tr class=\"row-5 odd\">\n<td class=\"column-1\"><b>V-Leinen Maximallast (kg)<\/b><\/td>\n<td class=\"column-2\">120<\/td>\n<td class=\"column-3\">120<\/td>\n<td class=\"column-4\">120<\/td>\n<td class=\"column-5\">120<\/td>\n<\/tr>\n<\/tbody>\n<\/table>\n<\/div>\n<\/div>\n<\/div>\n<\/div>\n<\/div>\n<\/div>\n<h4 class=\"et_pb_module_header\">DROP Lieferumfang<\/h4>\n<div class=\"et_pb_blurb_description\">\n<div class=\"et_pb_all_tabs\">\n<p><strong>der DROP lightweight\u00a0Frontcontainer kommt mit<\/strong><strong>:<\/strong><\/p>\n<ul>\n<li style=\"list-style-type: none;\">\n<ul>\n<li>1x Rettungscontainer inkl. Rettungsgriff<\/li>\n<li>V-Leine inkl. Verbindungsleine<\/li>\n<li>2x Montageschlaufen zur Verbindung an den Hauptkarabiner<\/li>\n<\/ul>\n<\/li>\n<\/ul>\n<p>&nbsp;<\/p>\n<\/div>\n<\/div>\n<p>Mehr <a href=\"https:\/\/skywalk.info\/de\/project\/drop\/\" target=\"_blank\" rel=\"noopener noreferrer\">Infos<\/a><\/p>\n<p>Falls dieser Artikel nicht an Lager ist, wird er f\u00fcr dich bestellt. Lieferfrist auf Anfrage.<\/p>\n","protected":false},"featured_media":12145,"comment_status":"closed","ping_status":"closed","template":"","meta":[],"product_brand":[],"product_cat":[2082,402],"product_tag":[2083,410],"class_list":{"0":"post-12140","1":"product","2":"type-product","3":"status-publish","4":"has-post-thumbnail","6":"product_cat-gleitschirm-rettungs-frontcontainer","7":"product_cat-gleitschirm-zubehoer","8":"product_tag-frontcontainer","9":"product_tag-zubehoer","10":"product_shipping_class-priority-2kg-de","12":"first","13":"instock","14":"sale","15":"shipping-taxable","16":"purchasable","17":"product-type-variable"},"yoast_head":"<!-- This site is optimized with the Yoast SEO Premium plugin v26.1 (Yoast SEO v27.3) - https:\/\/yoast.com\/product\/yoast-seo-premium-wordpress\/ -->\n<title>Skywalk DROP Frontcontainer | Gleitschirmschule Thun, Bern, Interlaken<\/title>\n<meta name=\"description\" content=\"Der DROP lightweight Frontcontainer bietet Dir die M\u00f6glichkeit, Deine Rettung auf minimalstes Packma\u00df und Gewicht zu verstauen\" \/>\n<meta name=\"robots\" content=\"index, follow, max-snippet:-1, max-image-preview:large, max-video-preview:-1\" \/>\n<link rel=\"canonical\" href=\"https:\/\/swissgliders.ch\/de\/produkt\/skywalk-drop-frontcontainer\/\" \/>\n<meta property=\"og:locale\" content=\"de_DE\" \/>\n<meta property=\"og:type\" content=\"article\" \/>\n<meta property=\"og:title\" content=\"Skywalk DROP Frontcontainer\" \/>\n<meta property=\"og:description\" content=\"Der DROP lightweight Frontcontainer bietet Dir die M\u00f6glichkeit, Deine Rettung auf minimalstes Packma\u00df und Gewicht zu verstauen\" \/>\n<meta property=\"og:url\" content=\"https:\/\/swissgliders.ch\/de\/produkt\/skywalk-drop-frontcontainer\/\" \/>\n<meta property=\"og:site_name\" content=\"Gleitschirmschule Thun, Bern, Interlaken\" \/>\n<meta property=\"article:publisher\" content=\"https:\/\/www.facebook.com\/swissgliders\" \/>\n<meta property=\"article:modified_time\" content=\"2024-06-23T14:27:31+00:00\" \/>\n<meta property=\"og:image\" content=\"https:\/\/swissgliders.ch\/wp-content\/uploads\/2024\/01\/Skywalk_Frontcontainer_DROP-1.jpg\" \/>\n\t<meta property=\"og:image:width\" content=\"2000\" \/>\n\t<meta property=\"og:image:height\" content=\"1500\" \/>\n\t<meta property=\"og:image:type\" content=\"image\/jpeg\" \/>\n<meta name=\"twitter:card\" content=\"summary_large_image\" \/>\n<meta name=\"twitter:site\" content=\"@Swissgliders\" \/>\n<meta name=\"twitter:label1\" content=\"Verf\u00fcgbarkeit\" \/>\n\t<meta name=\"twitter:data1\" content=\"Auf Lager\" \/>\n<script type=\"application\/ld+json\" class=\"yoast-schema-graph\">{\"@context\":\"https:\\\/\\\/schema.org\",\"@graph\":[{\"@type\":\"WebPage\",\"@id\":\"https:\\\/\\\/swissgliders.ch\\\/de\\\/produkt\\\/skywalk-drop-frontcontainer\\\/\",\"url\":\"https:\\\/\\\/swissgliders.ch\\\/de\\\/produkt\\\/skywalk-drop-frontcontainer\\\/\",\"name\":\"Skywalk DROP Frontcontainer | Gleitschirmschule Thun, Bern, Interlaken\",\"isPartOf\":{\"@id\":\"https:\\\/\\\/swissgliders.ch\\\/de\\\/#website\"},\"primaryImageOfPage\":{\"@id\":\"https:\\\/\\\/swissgliders.ch\\\/de\\\/produkt\\\/skywalk-drop-frontcontainer\\\/#primaryimage\"},\"image\":{\"@id\":\"https:\\\/\\\/swissgliders.ch\\\/de\\\/produkt\\\/skywalk-drop-frontcontainer\\\/#primaryimage\"},\"thumbnailUrl\":\"https:\\\/\\\/swissgliders.ch\\\/wp-content\\\/uploads\\\/2024\\\/01\\\/Skywalk_Frontcontainer_DROP-1.jpg\",\"datePublished\":\"2024-01-16T12:49:04+00:00\",\"dateModified\":\"2024-06-23T14:27:31+00:00\",\"description\":\"Der DROP lightweight Frontcontainer bietet Dir die M\u00f6glichkeit, Deine Rettung auf minimalstes Packma\u00df und Gewicht zu verstauen\",\"breadcrumb\":{\"@id\":\"https:\\\/\\\/swissgliders.ch\\\/de\\\/produkt\\\/skywalk-drop-frontcontainer\\\/#breadcrumb\"},\"inLanguage\":\"de\",\"potentialAction\":[{\"@type\":\"ReadAction\",\"target\":[\"https:\\\/\\\/swissgliders.ch\\\/de\\\/produkt\\\/skywalk-drop-frontcontainer\\\/\"]}]},{\"@type\":\"ImageObject\",\"inLanguage\":\"de\",\"@id\":\"https:\\\/\\\/swissgliders.ch\\\/de\\\/produkt\\\/skywalk-drop-frontcontainer\\\/#primaryimage\",\"url\":\"https:\\\/\\\/swissgliders.ch\\\/wp-content\\\/uploads\\\/2024\\\/01\\\/Skywalk_Frontcontainer_DROP-1.jpg\",\"contentUrl\":\"https:\\\/\\\/swissgliders.ch\\\/wp-content\\\/uploads\\\/2024\\\/01\\\/Skywalk_Frontcontainer_DROP-1.jpg\",\"width\":2000,\"height\":1500,\"caption\":\"rettungs-frontcontainer\"},{\"@type\":\"BreadcrumbList\",\"@id\":\"https:\\\/\\\/swissgliders.ch\\\/de\\\/produkt\\\/skywalk-drop-frontcontainer\\\/#breadcrumb\",\"itemListElement\":[{\"@type\":\"ListItem\",\"position\":1,\"name\":\"Startseite\",\"item\":\"https:\\\/\\\/swissgliders.ch\\\/de\\\/willkommen\\\/\"},{\"@type\":\"ListItem\",\"position\":2,\"name\":\"Gleitschirm Shop\",\"item\":\"https:\\\/\\\/swissgliders.ch\\\/de\\\/gleitschirm-shop\\\/\"},{\"@type\":\"ListItem\",\"position\":3,\"name\":\"Skywalk DROP Frontcontainer\"}]},{\"@type\":\"WebSite\",\"@id\":\"https:\\\/\\\/swissgliders.ch\\\/de\\\/#website\",\"url\":\"https:\\\/\\\/swissgliders.ch\\\/de\\\/\",\"name\":\"Gleitschirmschule Thun, Bern, Interlaken\",\"description\":\"Gleitschirmschule Thun, Bern, Interlaken\",\"publisher\":{\"@id\":\"https:\\\/\\\/swissgliders.ch\\\/de\\\/#organization\"},\"potentialAction\":[{\"@type\":\"SearchAction\",\"target\":{\"@type\":\"EntryPoint\",\"urlTemplate\":\"https:\\\/\\\/swissgliders.ch\\\/de\\\/?s={search_term_string}\"},\"query-input\":{\"@type\":\"PropertyValueSpecification\",\"valueRequired\":true,\"valueName\":\"search_term_string\"}}],\"inLanguage\":\"de\"},{\"@type\":\"Organization\",\"@id\":\"https:\\\/\\\/swissgliders.ch\\\/de\\\/#organization\",\"name\":\"Swissgliders Gleitschirmflugschule Thun\",\"url\":\"https:\\\/\\\/swissgliders.ch\\\/de\\\/\",\"logo\":{\"@type\":\"ImageObject\",\"inLanguage\":\"de\",\"@id\":\"https:\\\/\\\/swissgliders.ch\\\/de\\\/#\\\/schema\\\/logo\\\/image\\\/\",\"url\":\"https:\\\/\\\/swissgliders.ch\\\/wp-content\\\/uploads\\\/2019\\\/12\\\/swissgliders-logo-rgb-square-L-no-ch-01.png\",\"contentUrl\":\"https:\\\/\\\/swissgliders.ch\\\/wp-content\\\/uploads\\\/2019\\\/12\\\/swissgliders-logo-rgb-square-L-no-ch-01.png\",\"width\":2500,\"height\":2500,\"caption\":\"Swissgliders Gleitschirmflugschule Thun\"},\"image\":{\"@id\":\"https:\\\/\\\/swissgliders.ch\\\/de\\\/#\\\/schema\\\/logo\\\/image\\\/\"},\"sameAs\":[\"https:\\\/\\\/www.facebook.com\\\/swissgliders\",\"https:\\\/\\\/x.com\\\/Swissgliders\",\"https:\\\/\\\/www.instagram.com\\\/swissgliders\\\/\",\"https:\\\/\\\/www.youtube.com\\\/channel\\\/UCMCtGdepy9vBhrhX3V_oJOA\"],\"hasMerchantReturnPolicy\":{\"@type\":\"MerchantReturnPolicy\",\"merchantReturnLink\":\"https:\\\/\\\/swissgliders.ch\\\/de\\\/allgemeine-geschaftsbedingungen\\\/\"}}]}<\/script>\n<meta property=\"og:availability\" content=\"instock\" \/>\n<meta property=\"product:availability\" content=\"instock\" \/>\n<meta property=\"product:condition\" content=\"new\" \/>\n<!-- \/ Yoast SEO Premium plugin. -->","yoast_head_json":{"title":"Skywalk DROP Frontcontainer | Gleitschirmschule Thun, Bern, Interlaken","description":"Der DROP lightweight Frontcontainer bietet Dir die M\u00f6glichkeit, Deine Rettung auf minimalstes Packma\u00df und Gewicht zu verstauen","robots":{"index":"index","follow":"follow","max-snippet":"max-snippet:-1","max-image-preview":"max-image-preview:large","max-video-preview":"max-video-preview:-1"},"canonical":"https:\/\/swissgliders.ch\/de\/produkt\/skywalk-drop-frontcontainer\/","og_locale":"de_DE","og_type":"article","og_title":"Skywalk DROP Frontcontainer","og_description":"Der DROP lightweight Frontcontainer bietet Dir die M\u00f6glichkeit, Deine Rettung auf minimalstes Packma\u00df und Gewicht zu verstauen","og_url":"https:\/\/swissgliders.ch\/de\/produkt\/skywalk-drop-frontcontainer\/","og_site_name":"Gleitschirmschule Thun, Bern, Interlaken","article_publisher":"https:\/\/www.facebook.com\/swissgliders","article_modified_time":"2024-06-23T14:27:31+00:00","og_image":[{"width":2000,"height":1500,"url":"https:\/\/swissgliders.ch\/wp-content\/uploads\/2024\/01\/Skywalk_Frontcontainer_DROP-1.jpg","type":"image\/jpeg"}],"twitter_card":"summary_large_image","twitter_site":"@Swissgliders","twitter_misc":{"Verf\u00fcgbarkeit":"Auf Lager"},"schema":{"@context":"https:\/\/schema.org","@graph":[{"@type":"WebPage","@id":"https:\/\/swissgliders.ch\/de\/produkt\/skywalk-drop-frontcontainer\/","url":"https:\/\/swissgliders.ch\/de\/produkt\/skywalk-drop-frontcontainer\/","name":"Skywalk DROP Frontcontainer | Gleitschirmschule Thun, Bern, Interlaken","isPartOf":{"@id":"https:\/\/swissgliders.ch\/de\/#website"},"primaryImageOfPage":{"@id":"https:\/\/swissgliders.ch\/de\/produkt\/skywalk-drop-frontcontainer\/#primaryimage"},"image":{"@id":"https:\/\/swissgliders.ch\/de\/produkt\/skywalk-drop-frontcontainer\/#primaryimage"},"thumbnailUrl":"https:\/\/swissgliders.ch\/wp-content\/uploads\/2024\/01\/Skywalk_Frontcontainer_DROP-1.jpg","datePublished":"2024-01-16T12:49:04+00:00","dateModified":"2024-06-23T14:27:31+00:00","description":"Der DROP lightweight Frontcontainer bietet Dir die M\u00f6glichkeit, Deine Rettung auf minimalstes Packma\u00df und Gewicht zu verstauen","breadcrumb":{"@id":"https:\/\/swissgliders.ch\/de\/produkt\/skywalk-drop-frontcontainer\/#breadcrumb"},"inLanguage":"de","potentialAction":[{"@type":"ReadAction","target":["https:\/\/swissgliders.ch\/de\/produkt\/skywalk-drop-frontcontainer\/"]}]},{"@type":"ImageObject","inLanguage":"de","@id":"https:\/\/swissgliders.ch\/de\/produkt\/skywalk-drop-frontcontainer\/#primaryimage","url":"https:\/\/swissgliders.ch\/wp-content\/uploads\/2024\/01\/Skywalk_Frontcontainer_DROP-1.jpg","contentUrl":"https:\/\/swissgliders.ch\/wp-content\/uploads\/2024\/01\/Skywalk_Frontcontainer_DROP-1.jpg","width":2000,"height":1500,"caption":"rettungs-frontcontainer"},{"@type":"BreadcrumbList","@id":"https:\/\/swissgliders.ch\/de\/produkt\/skywalk-drop-frontcontainer\/#breadcrumb","itemListElement":[{"@type":"ListItem","position":1,"name":"Startseite","item":"https:\/\/swissgliders.ch\/de\/willkommen\/"},{"@type":"ListItem","position":2,"name":"Gleitschirm Shop","item":"https:\/\/swissgliders.ch\/de\/gleitschirm-shop\/"},{"@type":"ListItem","position":3,"name":"Skywalk DROP Frontcontainer"}]},{"@type":"WebSite","@id":"https:\/\/swissgliders.ch\/de\/#website","url":"https:\/\/swissgliders.ch\/de\/","name":"Gleitschirmschule Thun, Bern, Interlaken","description":"Gleitschirmschule Thun, Bern, Interlaken","publisher":{"@id":"https:\/\/swissgliders.ch\/de\/#organization"},"potentialAction":[{"@type":"SearchAction","target":{"@type":"EntryPoint","urlTemplate":"https:\/\/swissgliders.ch\/de\/?s={search_term_string}"},"query-input":{"@type":"PropertyValueSpecification","valueRequired":true,"valueName":"search_term_string"}}],"inLanguage":"de"},{"@type":"Organization","@id":"https:\/\/swissgliders.ch\/de\/#organization","name":"Swissgliders Gleitschirmflugschule Thun","url":"https:\/\/swissgliders.ch\/de\/","logo":{"@type":"ImageObject","inLanguage":"de","@id":"https:\/\/swissgliders.ch\/de\/#\/schema\/logo\/image\/","url":"https:\/\/swissgliders.ch\/wp-content\/uploads\/2019\/12\/swissgliders-logo-rgb-square-L-no-ch-01.png","contentUrl":"https:\/\/swissgliders.ch\/wp-content\/uploads\/2019\/12\/swissgliders-logo-rgb-square-L-no-ch-01.png","width":2500,"height":2500,"caption":"Swissgliders Gleitschirmflugschule Thun"},"image":{"@id":"https:\/\/swissgliders.ch\/de\/#\/schema\/logo\/image\/"},"sameAs":["https:\/\/www.facebook.com\/swissgliders","https:\/\/x.com\/Swissgliders","https:\/\/www.instagram.com\/swissgliders\/","https:\/\/www.youtube.com\/channel\/UCMCtGdepy9vBhrhX3V_oJOA"],"hasMerchantReturnPolicy":{"@type":"MerchantReturnPolicy","merchantReturnLink":"https:\/\/swissgliders.ch\/de\/allgemeine-geschaftsbedingungen\/"}}]},"og_availability":"instock","product_availability":"instock","product_condition":"new"},"_links":{"self":[{"href":"https:\/\/swissgliders.ch\/de\/wp-json\/wp\/v2\/product\/12140","targetHints":{"allow":["GET"]}}],"collection":[{"href":"https:\/\/swissgliders.ch\/de\/wp-json\/wp\/v2\/product"}],"about":[{"href":"https:\/\/swissgliders.ch\/de\/wp-json\/wp\/v2\/types\/product"}],"replies":[{"embeddable":true,"href":"https:\/\/swissgliders.ch\/de\/wp-json\/wp\/v2\/comments?post=12140"}],"wp:featuredmedia":[{"embeddable":true,"href":"https:\/\/swissgliders.ch\/de\/wp-json\/wp\/v2\/media\/12145"}],"wp:attachment":[{"href":"https:\/\/swissgliders.ch\/de\/wp-json\/wp\/v2\/media?parent=12140"}],"wp:term":[{"taxonomy":"product_brand","embeddable":true,"href":"https:\/\/swissgliders.ch\/de\/wp-json\/wp\/v2\/product_brand?post=12140"},{"taxonomy":"product_cat","embeddable":true,"href":"https:\/\/swissgliders.ch\/de\/wp-json\/wp\/v2\/product_cat?post=12140"},{"taxonomy":"product_tag","embeddable":true,"href":"https:\/\/swissgliders.ch\/de\/wp-json\/wp\/v2\/product_tag?post=12140"}],"curies":[{"name":"wp","href":"https:\/\/api.w.org\/{rel}","templated":true}]}}