{"id":12399,"date":"2024-03-09T10:56:20","date_gmt":"2024-03-09T09:56:20","guid":{"rendered":"https:\/\/swissgliders.ch\/?post_type=product&#038;p=12399"},"modified":"2024-03-09T19:04:21","modified_gmt":"2024-03-09T18:04:21","slug":"x-dreamfly-x-one-serie","status":"publish","type":"product","link":"https:\/\/swissgliders.ch\/de\/produkt\/x-dreamfly-x-one-serie\/","title":{"rendered":"X-Dreamfly X-ONE Serie"},"content":{"rendered":"<div class=\"et_pb_module et_pb_text et_pb_text_1 et_pb_bg_layout_light et_pb_text_align_left\">\n<div class=\"et_pb_text_inner\">\n<div class=\"et_pb_module et_pb_text et_pb_text_1 et_pb_text_align_left et_pb_bg_layout_light\">\n<div class=\"et_pb_text_inner\">\n<div class=\"et_pb_module et_pb_text et_pb_text_1 et_pb_text_align_left et_pb_bg_layout_light\">\n<div class=\"et_pb_text_inner\">\n<div class=\"et_pb_module et_pb_text et_pb_text_0 et_pb_text_align_left et_pb_bg_layout_light\">\n<div class=\"et_pb_text_inner\">\n<div class=\"vc_col-sm-6 wpb_column vc_column_container\">\n<div class=\"vc_column-inner\">\n<div class=\"wpb_wrapper\">\n<div class=\"wpb_text_column\">\n<div class=\"wpb_wrapper\">\n<h3>X-ONE die Kreuzkappe Serie<\/h3>\n<p>Verglichen mit g\u00e4ngigen Kreuzkappen konnten wir das Gesamtgewicht reduzieren und die Packmethode vereinfachen.\u00a0Die\u00a0<strong>X-ONE\u00a0<\/strong>l\u00e4sst sich gleich wie eine Rundkappe packen.\u00a0Weiters ist es uns durch konstruktive Details gelungen die\u00a0<strong>MAXIMALE<\/strong>\u00a0Anh\u00e4ngelast\u00a0zu erh\u00f6hen und die unerreichte\u00a0<strong>PENDELSTABILIT\u00c4T<\/strong>\u00a0der Kreuzkappe beizubehalten.<\/p>\n<\/div>\n<\/div>\n<\/div>\n<\/div>\n<\/div>\n<div class=\"vc_col-sm-6 wpb_column vc_column_container\">\n<div class=\"vc_column-inner\">\n<div class=\"wpb_wrapper\">\n<div class=\"wpb_text_column\">\n<div class=\"wpb_wrapper\">\n<p>Wir setzen nur auf hochwertigste Materialien wie COUSIN TRESTEC &amp; LIROS\u00a0<em>(Leinen)<\/em>\u00a0sowie DELCOTEX &amp; UTT\u00a0<em>(Tuch),<\/em>\u00a0um ein einzigartiges Produkt zu erzielen. S\u00e4mtliche verwendeten Materialien werden in\u00a0<strong>EUROPA<\/strong>\u00a0hergestellt. Aufwendige und modernste Fertigungsmethoden nach ISO 9001 garantieren\u00a0<strong>BESTE<\/strong>\u00a0<strong>QUALIT\u00c4T<\/strong>\u00a0und eine lange Lebensdauer.<\/p>\n<div class=\"wpb_text_column us_custom_67cecdea us_animate_this start\">\n<div class=\"wpb_wrapper\">\n<h4>DAS BIETET DIE X-ONE<\/h4>\n<\/div>\n<\/div>\n<div class=\"g-cols wpb_row via_flex valign_top type_default stacking_default\">\n<div class=\"vc_col-sm-6 wpb_column vc_column_container\">\n<div class=\"vc_column-inner\">\n<div class=\"wpb_wrapper\">\n<div class=\"wpb_text_column\">\n<div class=\"wpb_wrapper\">\n<div class=\"su-list\">\n<ul>\n<li><i class=\"sui sui-angle-right\"><\/i>sehr vereinfachte Packmethode mit Packlooks\u00a0<em>(beinahe identisch zur Rundkappe)<\/em><\/li>\n<li><i class=\"sui sui-angle-right\"><\/i>sehr kleines Packma\u00df bei allen Gr\u00f6\u00dfen<\/li>\n<li><i class=\"sui sui-angle-right\"><\/i>Leinen werden separiert von Kappe verstaut\u00a0<em>(minimiert ein Verh\u00e4ngen bzw. Durchschlaufen, und optimiert den \u00d6ffnungsvorgang)<\/em><\/li>\n<li><i class=\"sui sui-angle-right\"><\/i>extrem geringes Gewicht<\/li>\n<li><i class=\"sui sui-angle-right\"><\/i>hochwertiger Materialmix aus Dyneemaleinen und 30g Segeltuch, Update 2018 mit porosit\u00e4t stabilem, wasserbest\u00e4ndigen 26g Segeltuch<\/li>\n<li><i class=\"sui sui-angle-right\"><\/i>extrem schnelle \u00d6ffnungszeit<\/li>\n<li><i class=\"sui sui-angle-right\"><\/i>unerreichte Pendelstabilit\u00e4t und geringe Sinkwerte auch bei unruhigem Hauptschirm\u00a0<em>(auf Grund der Kreuzkappenkonstruktion und seitl. Abblas\u00f6ffnungen)<\/em><\/li>\n<li><i class=\"sui sui-angle-right\"><\/i>keine Vorw\u00e4rtsfahrt<\/li>\n<\/ul>\n<p>Gr\u00f6ssen: 90, 120, 160 (Preis auf Anfrage)<\/p>\n<\/div>\n<\/div>\n<\/div>\n<\/div>\n<\/div>\n<\/div>\n<div class=\"vc_col-sm-6 wpb_column vc_column_container\">\n<div class=\"vc_column-inner\">\n<div class=\"wpb_wrapper\">\n<div class=\"wpb_text_column\"><\/div>\n<\/div>\n<\/div>\n<\/div>\n<\/div>\n<\/div>\n<\/div>\n<\/div>\n<\/div>\n<\/div>\n<\/div>\n<\/div>\n<\/div>\n<\/div>\n<\/div>\n<\/div>\n<\/div>\n<\/div>\n<p>Mehr<a href=\"https:\/\/www.x-dreamfly.ch\/de\/portfolio\/x-one\/\"> Infos<\/a><\/p>\n<p>Falls dieser Artikel nicht an Lager ist, wird er f\u00fcr dich bestellt. Lieferfrist auf Anfrage.<\/p>\n","protected":false},"excerpt":{"rendered":"<div class=\"et_pb_module et_pb_text et_pb_text_1 et_pb_bg_layout_light et_pb_text_align_left\">\n<div class=\"et_pb_text_inner\">\n<div class=\"et_pb_module et_pb_text et_pb_text_1 et_pb_text_align_left et_pb_bg_layout_light\">\n<div class=\"et_pb_text_inner\">\n<div class=\"et_pb_module et_pb_text et_pb_text_1 et_pb_text_align_left et_pb_bg_layout_light\">\n<div class=\"et_pb_text_inner\">\n<div class=\"et_pb_module et_pb_text et_pb_text_0 et_pb_text_align_left et_pb_bg_layout_light\">\n<div class=\"et_pb_text_inner\">\n<div class=\"vc_col-sm-6 wpb_column vc_column_container\">\n<div class=\"vc_column-inner\">\n<div class=\"wpb_wrapper\">\n<div class=\"wpb_text_column\">\n<div class=\"wpb_wrapper\">\n<h3>X-ONE die Kreuzkappe Serie<\/h3>\n<p>Verglichen mit g\u00e4ngigen Kreuzkappen konnten wir das Gesamtgewicht reduzieren und die Packmethode vereinfachen.\u00a0Die\u00a0<strong>X-ONE\u00a0<\/strong>l\u00e4sst sich gleich wie eine Rundkappe packen.\u00a0Weiters ist es uns durch konstruktive Details gelungen die\u00a0<strong>MAXIMALE<\/strong>\u00a0Anh\u00e4ngelast\u00a0zu erh\u00f6hen und die unerreichte\u00a0<strong>PENDELSTABILIT\u00c4T<\/strong>\u00a0der Kreuzkappe beizubehalten.<\/p>\n<\/div>\n<\/div>\n<\/div>\n<\/div>\n<\/div>\n<div class=\"vc_col-sm-6 wpb_column vc_column_container\">\n<div class=\"vc_column-inner\">\n<div class=\"wpb_wrapper\">\n<div class=\"wpb_text_column\">\n<div class=\"wpb_wrapper\">\n<p>Wir setzen nur auf hochwertigste Materialien wie COUSIN TRESTEC &amp; LIROS\u00a0<em>(Leinen)<\/em>\u00a0sowie DELCOTEX &amp; UTT\u00a0<em>(Tuch),<\/em>\u00a0um ein einzigartiges Produkt zu erzielen. S\u00e4mtliche verwendeten Materialien werden in\u00a0<strong>EUROPA<\/strong>\u00a0hergestellt. Aufwendige und modernste Fertigungsmethoden nach ISO 9001 garantieren\u00a0<strong>BESTE<\/strong>\u00a0<strong>QUALIT\u00c4T<\/strong>\u00a0und eine lange Lebensdauer.<\/p>\n<div class=\"wpb_text_column us_custom_67cecdea us_animate_this start\">\n<div class=\"wpb_wrapper\">\n<h4>DAS BIETET DIE X-ONE<\/h4>\n<\/div>\n<\/div>\n<div class=\"g-cols wpb_row via_flex valign_top type_default stacking_default\">\n<div class=\"vc_col-sm-6 wpb_column vc_column_container\">\n<div class=\"vc_column-inner\">\n<div class=\"wpb_wrapper\">\n<div class=\"wpb_text_column\">\n<div class=\"wpb_wrapper\">\n<div class=\"su-list\">\n<ul>\n<li><i class=\"sui sui-angle-right\"><\/i>sehr vereinfachte Packmethode mit Packlooks\u00a0<em>(beinahe identisch zur Rundkappe)<\/em><\/li>\n<li><i class=\"sui sui-angle-right\"><\/i>sehr kleines Packma\u00df bei allen Gr\u00f6\u00dfen<\/li>\n<li><i class=\"sui sui-angle-right\"><\/i>Leinen werden separiert von Kappe verstaut\u00a0<em>(minimiert ein Verh\u00e4ngen bzw. Durchschlaufen, und optimiert den \u00d6ffnungsvorgang)<\/em><\/li>\n<li><i class=\"sui sui-angle-right\"><\/i>extrem geringes Gewicht<\/li>\n<li><i class=\"sui sui-angle-right\"><\/i>hochwertiger Materialmix aus Dyneemaleinen und 30g Segeltuch, Update 2018 mit porosit\u00e4t stabilem, wasserbest\u00e4ndigen 26g Segeltuch<\/li>\n<li><i class=\"sui sui-angle-right\"><\/i>extrem schnelle \u00d6ffnungszeit<\/li>\n<li><i class=\"sui sui-angle-right\"><\/i>unerreichte Pendelstabilit\u00e4t und geringe Sinkwerte auch bei unruhigem Hauptschirm\u00a0<em>(auf Grund der Kreuzkappenkonstruktion und seitl. Abblas\u00f6ffnungen)<\/em><\/li>\n<li><i class=\"sui sui-angle-right\"><\/i>keine Vorw\u00e4rtsfahrt<\/li>\n<\/ul>\n<p>Gr\u00f6ssen: 90, 120, 160 (Preis auf Anfrage)<\/p>\n<\/div>\n<\/div>\n<\/div>\n<\/div>\n<\/div>\n<\/div>\n<div class=\"vc_col-sm-6 wpb_column vc_column_container\">\n<div class=\"vc_column-inner\">\n<div class=\"wpb_wrapper\">\n<div class=\"wpb_text_column\"><\/div>\n<\/div>\n<\/div>\n<\/div>\n<\/div>\n<\/div>\n<\/div>\n<\/div>\n<\/div>\n<\/div>\n<\/div>\n<\/div>\n<\/div>\n<\/div>\n<\/div>\n<\/div>\n<\/div>\n<\/div>\n<p>Mehr<a href=\"https:\/\/www.x-dreamfly.ch\/de\/portfolio\/x-one\/\"> Infos<\/a><\/p>\n<p>Falls dieser Artikel nicht an Lager ist, wird er f\u00fcr dich bestellt. Lieferfrist auf Anfrage.<\/p>\n","protected":false},"featured_media":12405,"comment_status":"closed","ping_status":"closed","template":"","meta":[],"product_brand":[],"product_cat":[1309],"product_tag":[1310,1311,90],"class_list":{"0":"post-12399","1":"product","2":"type-product","3":"status-publish","4":"has-post-thumbnail","6":"product_cat-gleitschirm-rettungsgeraete","7":"product_tag-notschirm","8":"product_tag-retter","9":"product_tag-verkaufsartikel","10":"product_shipping_class-priority-2kg-de","12":"first","13":"instock","14":"sale","15":"shipping-taxable","16":"purchasable","17":"product-type-variable"},"yoast_head":"<!-- This site is optimized with the Yoast SEO Premium plugin v26.1 (Yoast SEO v27.3) - https:\/\/yoast.com\/product\/yoast-seo-premium-wordpress\/ -->\n<title>X-Dreamfly X-ONE Serie | Gleitschirmschule Thun, Bern, Interlaken<\/title>\n<meta name=\"description\" content=\"Verglichen mit g\u00e4ngigen Kreuzkappen konnten wir das Gesamtgewicht reduzieren und die Packmethode vereinfachen.\u00a0Die\u00a0X-ONE\u00a0l\u00e4sst sich gleich wie eine Rundkappe packen.\u00a0Weiters ist es uns durch konstruktive Details gelungen die\u00a0MAXIMALE\u00a0Anh\u00e4ngelast\u00a0zu erh\u00f6hen und die unerreichte\u00a0PENDELSTABILIT\u00c4T\u00a0der Kreuzkappe beizubehalten.\" \/>\n<meta name=\"robots\" content=\"index, follow, max-snippet:-1, max-image-preview:large, max-video-preview:-1\" \/>\n<link rel=\"canonical\" href=\"https:\/\/swissgliders.ch\/de\/produkt\/x-dreamfly-x-one-serie\/\" \/>\n<meta property=\"og:locale\" content=\"de_DE\" \/>\n<meta property=\"og:type\" content=\"article\" \/>\n<meta property=\"og:title\" content=\"X-Dreamfly X-ONE Serie\" \/>\n<meta property=\"og:description\" content=\"Verglichen mit g\u00e4ngigen Kreuzkappen konnten wir das Gesamtgewicht reduzieren und die Packmethode vereinfachen.\u00a0Die\u00a0X-ONE\u00a0l\u00e4sst sich gleich wie eine Rundkappe packen.\u00a0Weiters ist es uns durch konstruktive Details gelungen die\u00a0MAXIMALE\u00a0Anh\u00e4ngelast\u00a0zu erh\u00f6hen und die unerreichte\u00a0PENDELSTABILIT\u00c4T\u00a0der Kreuzkappe beizubehalten.\" \/>\n<meta property=\"og:url\" content=\"https:\/\/swissgliders.ch\/de\/produkt\/x-dreamfly-x-one-serie\/\" \/>\n<meta property=\"og:site_name\" content=\"Gleitschirmschule Thun, Bern, Interlaken\" \/>\n<meta property=\"article:publisher\" content=\"https:\/\/www.facebook.com\/swissgliders\" \/>\n<meta property=\"article:modified_time\" content=\"2024-03-09T18:04:21+00:00\" \/>\n<meta property=\"og:image\" content=\"https:\/\/swissgliders.ch\/wp-content\/uploads\/2024\/03\/X-Dreamfly_Rettungschirm_X-One-1.jpg\" \/>\n\t<meta property=\"og:image:width\" content=\"650\" \/>\n\t<meta property=\"og:image:height\" content=\"433\" \/>\n\t<meta property=\"og:image:type\" content=\"image\/jpeg\" \/>\n<meta name=\"twitter:card\" content=\"summary_large_image\" \/>\n<meta name=\"twitter:site\" content=\"@Swissgliders\" \/>\n<meta name=\"twitter:label1\" content=\"Verf\u00fcgbarkeit\" \/>\n\t<meta name=\"twitter:data1\" content=\"Auf Lager\" \/>\n<script type=\"application\/ld+json\" class=\"yoast-schema-graph\">{\"@context\":\"https:\\\/\\\/schema.org\",\"@graph\":[{\"@type\":\"WebPage\",\"@id\":\"https:\\\/\\\/swissgliders.ch\\\/de\\\/produkt\\\/x-dreamfly-x-one-serie\\\/\",\"url\":\"https:\\\/\\\/swissgliders.ch\\\/de\\\/produkt\\\/x-dreamfly-x-one-serie\\\/\",\"name\":\"X-Dreamfly X-ONE Serie | Gleitschirmschule Thun, Bern, Interlaken\",\"isPartOf\":{\"@id\":\"https:\\\/\\\/swissgliders.ch\\\/de\\\/#website\"},\"primaryImageOfPage\":{\"@id\":\"https:\\\/\\\/swissgliders.ch\\\/de\\\/produkt\\\/x-dreamfly-x-one-serie\\\/#primaryimage\"},\"image\":{\"@id\":\"https:\\\/\\\/swissgliders.ch\\\/de\\\/produkt\\\/x-dreamfly-x-one-serie\\\/#primaryimage\"},\"thumbnailUrl\":\"https:\\\/\\\/swissgliders.ch\\\/wp-content\\\/uploads\\\/2024\\\/03\\\/X-Dreamfly_Rettungschirm_X-One-1.jpg\",\"datePublished\":\"2024-03-09T09:56:20+00:00\",\"dateModified\":\"2024-03-09T18:04:21+00:00\",\"description\":\"Verglichen mit g\u00e4ngigen Kreuzkappen konnten wir das Gesamtgewicht reduzieren und die Packmethode vereinfachen.\u00a0Die\u00a0X-ONE\u00a0l\u00e4sst sich gleich wie eine Rundkappe packen.\u00a0Weiters ist es uns durch konstruktive Details gelungen die\u00a0MAXIMALE\u00a0Anh\u00e4ngelast\u00a0zu erh\u00f6hen und die unerreichte\u00a0PENDELSTABILIT\u00c4T\u00a0der Kreuzkappe beizubehalten.\",\"breadcrumb\":{\"@id\":\"https:\\\/\\\/swissgliders.ch\\\/de\\\/produkt\\\/x-dreamfly-x-one-serie\\\/#breadcrumb\"},\"inLanguage\":\"de\",\"potentialAction\":[{\"@type\":\"ReadAction\",\"target\":[\"https:\\\/\\\/swissgliders.ch\\\/de\\\/produkt\\\/x-dreamfly-x-one-serie\\\/\"]}]},{\"@type\":\"ImageObject\",\"inLanguage\":\"de\",\"@id\":\"https:\\\/\\\/swissgliders.ch\\\/de\\\/produkt\\\/x-dreamfly-x-one-serie\\\/#primaryimage\",\"url\":\"https:\\\/\\\/swissgliders.ch\\\/wp-content\\\/uploads\\\/2024\\\/03\\\/X-Dreamfly_Rettungschirm_X-One-1.jpg\",\"contentUrl\":\"https:\\\/\\\/swissgliders.ch\\\/wp-content\\\/uploads\\\/2024\\\/03\\\/X-Dreamfly_Rettungschirm_X-One-1.jpg\",\"width\":650,\"height\":433,\"caption\":\"X-Dreamfly_Rettungschirm_X-One-1\"},{\"@type\":\"BreadcrumbList\",\"@id\":\"https:\\\/\\\/swissgliders.ch\\\/de\\\/produkt\\\/x-dreamfly-x-one-serie\\\/#breadcrumb\",\"itemListElement\":[{\"@type\":\"ListItem\",\"position\":1,\"name\":\"Startseite\",\"item\":\"https:\\\/\\\/swissgliders.ch\\\/de\\\/willkommen\\\/\"},{\"@type\":\"ListItem\",\"position\":2,\"name\":\"Gleitschirm Shop\",\"item\":\"https:\\\/\\\/swissgliders.ch\\\/de\\\/gleitschirm-shop\\\/\"},{\"@type\":\"ListItem\",\"position\":3,\"name\":\"X-Dreamfly X-ONE Serie\"}]},{\"@type\":\"WebSite\",\"@id\":\"https:\\\/\\\/swissgliders.ch\\\/de\\\/#website\",\"url\":\"https:\\\/\\\/swissgliders.ch\\\/de\\\/\",\"name\":\"Gleitschirmschule Thun, Bern, Interlaken\",\"description\":\"Gleitschirmschule Thun, Bern, Interlaken\",\"publisher\":{\"@id\":\"https:\\\/\\\/swissgliders.ch\\\/de\\\/#organization\"},\"potentialAction\":[{\"@type\":\"SearchAction\",\"target\":{\"@type\":\"EntryPoint\",\"urlTemplate\":\"https:\\\/\\\/swissgliders.ch\\\/de\\\/?s={search_term_string}\"},\"query-input\":{\"@type\":\"PropertyValueSpecification\",\"valueRequired\":true,\"valueName\":\"search_term_string\"}}],\"inLanguage\":\"de\"},{\"@type\":\"Organization\",\"@id\":\"https:\\\/\\\/swissgliders.ch\\\/de\\\/#organization\",\"name\":\"Swissgliders Gleitschirmflugschule Thun\",\"url\":\"https:\\\/\\\/swissgliders.ch\\\/de\\\/\",\"logo\":{\"@type\":\"ImageObject\",\"inLanguage\":\"de\",\"@id\":\"https:\\\/\\\/swissgliders.ch\\\/de\\\/#\\\/schema\\\/logo\\\/image\\\/\",\"url\":\"https:\\\/\\\/swissgliders.ch\\\/wp-content\\\/uploads\\\/2019\\\/12\\\/swissgliders-logo-rgb-square-L-no-ch-01.png\",\"contentUrl\":\"https:\\\/\\\/swissgliders.ch\\\/wp-content\\\/uploads\\\/2019\\\/12\\\/swissgliders-logo-rgb-square-L-no-ch-01.png\",\"width\":2500,\"height\":2500,\"caption\":\"Swissgliders Gleitschirmflugschule Thun\"},\"image\":{\"@id\":\"https:\\\/\\\/swissgliders.ch\\\/de\\\/#\\\/schema\\\/logo\\\/image\\\/\"},\"sameAs\":[\"https:\\\/\\\/www.facebook.com\\\/swissgliders\",\"https:\\\/\\\/x.com\\\/Swissgliders\",\"https:\\\/\\\/www.instagram.com\\\/swissgliders\\\/\",\"https:\\\/\\\/www.youtube.com\\\/channel\\\/UCMCtGdepy9vBhrhX3V_oJOA\"],\"hasMerchantReturnPolicy\":{\"@type\":\"MerchantReturnPolicy\",\"merchantReturnLink\":\"https:\\\/\\\/swissgliders.ch\\\/de\\\/allgemeine-geschaftsbedingungen\\\/\"}}]}<\/script>\n<meta property=\"og:availability\" content=\"instock\" \/>\n<meta property=\"product:availability\" content=\"instock\" \/>\n<meta property=\"product:condition\" content=\"new\" \/>\n<!-- \/ Yoast SEO Premium plugin. -->","yoast_head_json":{"title":"X-Dreamfly X-ONE Serie | Gleitschirmschule Thun, Bern, Interlaken","description":"Verglichen mit g\u00e4ngigen Kreuzkappen konnten wir das Gesamtgewicht reduzieren und die Packmethode vereinfachen.\u00a0Die\u00a0X-ONE\u00a0l\u00e4sst sich gleich wie eine Rundkappe packen.\u00a0Weiters ist es uns durch konstruktive Details gelungen die\u00a0MAXIMALE\u00a0Anh\u00e4ngelast\u00a0zu erh\u00f6hen und die unerreichte\u00a0PENDELSTABILIT\u00c4T\u00a0der Kreuzkappe beizubehalten.","robots":{"index":"index","follow":"follow","max-snippet":"max-snippet:-1","max-image-preview":"max-image-preview:large","max-video-preview":"max-video-preview:-1"},"canonical":"https:\/\/swissgliders.ch\/de\/produkt\/x-dreamfly-x-one-serie\/","og_locale":"de_DE","og_type":"article","og_title":"X-Dreamfly X-ONE Serie","og_description":"Verglichen mit g\u00e4ngigen Kreuzkappen konnten wir das Gesamtgewicht reduzieren und die Packmethode vereinfachen.\u00a0Die\u00a0X-ONE\u00a0l\u00e4sst sich gleich wie eine Rundkappe packen.\u00a0Weiters ist es uns durch konstruktive Details gelungen die\u00a0MAXIMALE\u00a0Anh\u00e4ngelast\u00a0zu erh\u00f6hen und die unerreichte\u00a0PENDELSTABILIT\u00c4T\u00a0der Kreuzkappe beizubehalten.","og_url":"https:\/\/swissgliders.ch\/de\/produkt\/x-dreamfly-x-one-serie\/","og_site_name":"Gleitschirmschule Thun, Bern, Interlaken","article_publisher":"https:\/\/www.facebook.com\/swissgliders","article_modified_time":"2024-03-09T18:04:21+00:00","og_image":[{"width":650,"height":433,"url":"https:\/\/swissgliders.ch\/wp-content\/uploads\/2024\/03\/X-Dreamfly_Rettungschirm_X-One-1.jpg","type":"image\/jpeg"}],"twitter_card":"summary_large_image","twitter_site":"@Swissgliders","twitter_misc":{"Verf\u00fcgbarkeit":"Auf Lager"},"schema":{"@context":"https:\/\/schema.org","@graph":[{"@type":"WebPage","@id":"https:\/\/swissgliders.ch\/de\/produkt\/x-dreamfly-x-one-serie\/","url":"https:\/\/swissgliders.ch\/de\/produkt\/x-dreamfly-x-one-serie\/","name":"X-Dreamfly X-ONE Serie | Gleitschirmschule Thun, Bern, Interlaken","isPartOf":{"@id":"https:\/\/swissgliders.ch\/de\/#website"},"primaryImageOfPage":{"@id":"https:\/\/swissgliders.ch\/de\/produkt\/x-dreamfly-x-one-serie\/#primaryimage"},"image":{"@id":"https:\/\/swissgliders.ch\/de\/produkt\/x-dreamfly-x-one-serie\/#primaryimage"},"thumbnailUrl":"https:\/\/swissgliders.ch\/wp-content\/uploads\/2024\/03\/X-Dreamfly_Rettungschirm_X-One-1.jpg","datePublished":"2024-03-09T09:56:20+00:00","dateModified":"2024-03-09T18:04:21+00:00","description":"Verglichen mit g\u00e4ngigen Kreuzkappen konnten wir das Gesamtgewicht reduzieren und die Packmethode vereinfachen.\u00a0Die\u00a0X-ONE\u00a0l\u00e4sst sich gleich wie eine Rundkappe packen.\u00a0Weiters ist es uns durch konstruktive Details gelungen die\u00a0MAXIMALE\u00a0Anh\u00e4ngelast\u00a0zu erh\u00f6hen und die unerreichte\u00a0PENDELSTABILIT\u00c4T\u00a0der Kreuzkappe beizubehalten.","breadcrumb":{"@id":"https:\/\/swissgliders.ch\/de\/produkt\/x-dreamfly-x-one-serie\/#breadcrumb"},"inLanguage":"de","potentialAction":[{"@type":"ReadAction","target":["https:\/\/swissgliders.ch\/de\/produkt\/x-dreamfly-x-one-serie\/"]}]},{"@type":"ImageObject","inLanguage":"de","@id":"https:\/\/swissgliders.ch\/de\/produkt\/x-dreamfly-x-one-serie\/#primaryimage","url":"https:\/\/swissgliders.ch\/wp-content\/uploads\/2024\/03\/X-Dreamfly_Rettungschirm_X-One-1.jpg","contentUrl":"https:\/\/swissgliders.ch\/wp-content\/uploads\/2024\/03\/X-Dreamfly_Rettungschirm_X-One-1.jpg","width":650,"height":433,"caption":"X-Dreamfly_Rettungschirm_X-One-1"},{"@type":"BreadcrumbList","@id":"https:\/\/swissgliders.ch\/de\/produkt\/x-dreamfly-x-one-serie\/#breadcrumb","itemListElement":[{"@type":"ListItem","position":1,"name":"Startseite","item":"https:\/\/swissgliders.ch\/de\/willkommen\/"},{"@type":"ListItem","position":2,"name":"Gleitschirm Shop","item":"https:\/\/swissgliders.ch\/de\/gleitschirm-shop\/"},{"@type":"ListItem","position":3,"name":"X-Dreamfly X-ONE Serie"}]},{"@type":"WebSite","@id":"https:\/\/swissgliders.ch\/de\/#website","url":"https:\/\/swissgliders.ch\/de\/","name":"Gleitschirmschule Thun, Bern, Interlaken","description":"Gleitschirmschule Thun, Bern, Interlaken","publisher":{"@id":"https:\/\/swissgliders.ch\/de\/#organization"},"potentialAction":[{"@type":"SearchAction","target":{"@type":"EntryPoint","urlTemplate":"https:\/\/swissgliders.ch\/de\/?s={search_term_string}"},"query-input":{"@type":"PropertyValueSpecification","valueRequired":true,"valueName":"search_term_string"}}],"inLanguage":"de"},{"@type":"Organization","@id":"https:\/\/swissgliders.ch\/de\/#organization","name":"Swissgliders Gleitschirmflugschule Thun","url":"https:\/\/swissgliders.ch\/de\/","logo":{"@type":"ImageObject","inLanguage":"de","@id":"https:\/\/swissgliders.ch\/de\/#\/schema\/logo\/image\/","url":"https:\/\/swissgliders.ch\/wp-content\/uploads\/2019\/12\/swissgliders-logo-rgb-square-L-no-ch-01.png","contentUrl":"https:\/\/swissgliders.ch\/wp-content\/uploads\/2019\/12\/swissgliders-logo-rgb-square-L-no-ch-01.png","width":2500,"height":2500,"caption":"Swissgliders Gleitschirmflugschule Thun"},"image":{"@id":"https:\/\/swissgliders.ch\/de\/#\/schema\/logo\/image\/"},"sameAs":["https:\/\/www.facebook.com\/swissgliders","https:\/\/x.com\/Swissgliders","https:\/\/www.instagram.com\/swissgliders\/","https:\/\/www.youtube.com\/channel\/UCMCtGdepy9vBhrhX3V_oJOA"],"hasMerchantReturnPolicy":{"@type":"MerchantReturnPolicy","merchantReturnLink":"https:\/\/swissgliders.ch\/de\/allgemeine-geschaftsbedingungen\/"}}]},"og_availability":"instock","product_availability":"instock","product_condition":"new"},"_links":{"self":[{"href":"https:\/\/swissgliders.ch\/de\/wp-json\/wp\/v2\/product\/12399","targetHints":{"allow":["GET"]}}],"collection":[{"href":"https:\/\/swissgliders.ch\/de\/wp-json\/wp\/v2\/product"}],"about":[{"href":"https:\/\/swissgliders.ch\/de\/wp-json\/wp\/v2\/types\/product"}],"replies":[{"embeddable":true,"href":"https:\/\/swissgliders.ch\/de\/wp-json\/wp\/v2\/comments?post=12399"}],"wp:featuredmedia":[{"embeddable":true,"href":"https:\/\/swissgliders.ch\/de\/wp-json\/wp\/v2\/media\/12405"}],"wp:attachment":[{"href":"https:\/\/swissgliders.ch\/de\/wp-json\/wp\/v2\/media?parent=12399"}],"wp:term":[{"taxonomy":"product_brand","embeddable":true,"href":"https:\/\/swissgliders.ch\/de\/wp-json\/wp\/v2\/product_brand?post=12399"},{"taxonomy":"product_cat","embeddable":true,"href":"https:\/\/swissgliders.ch\/de\/wp-json\/wp\/v2\/product_cat?post=12399"},{"taxonomy":"product_tag","embeddable":true,"href":"https:\/\/swissgliders.ch\/de\/wp-json\/wp\/v2\/product_tag?post=12399"}],"curies":[{"name":"wp","href":"https:\/\/api.w.org\/{rel}","templated":true}]}}