{"id":12407,"date":"2024-03-09T12:22:29","date_gmt":"2024-03-09T11:22:29","guid":{"rendered":"https:\/\/swissgliders.ch\/?post_type=product&#038;p=12407"},"modified":"2025-04-29T10:50:29","modified_gmt":"2025-04-29T09:50:29","slug":"x-dreamfly-x-two","status":"publish","type":"product","link":"https:\/\/swissgliders.ch\/de\/produkt\/x-dreamfly-x-two\/","title":{"rendered":"X-Dreamfly X-TWO Serie"},"content":{"rendered":"<div class=\"et_pb_module et_pb_text et_pb_text_1 et_pb_bg_layout_light et_pb_text_align_left\">\n<div class=\"et_pb_text_inner\">\n<div class=\"et_pb_module et_pb_text et_pb_text_1 et_pb_text_align_left et_pb_bg_layout_light\">\n<div class=\"et_pb_text_inner\">\n<div class=\"et_pb_module et_pb_text et_pb_text_1 et_pb_text_align_left et_pb_bg_layout_light\">\n<div class=\"et_pb_text_inner\">\n<div class=\"et_pb_module et_pb_text et_pb_text_0 et_pb_text_align_left et_pb_bg_layout_light\">\n<div class=\"et_pb_text_inner\">\n<div class=\"vc_col-sm-6 wpb_column vc_column_container\">\n<div class=\"vc_column-inner\">\n<div class=\"wpb_wrapper\">\n<div class=\"wpb_text_column\">\n<h3 class=\"wpb_wrapper\">Die <strong>X-TWO<\/strong>\u00a0ist ein\u00a0<strong>NEUARTIGES\u00a0<\/strong>ultimativ leichtes RETTUNGSSYSTEM<\/h3>\n<h3 class=\"wpb_wrapper\">f\u00fcr Gleitschirm- &amp; Drachenflieger.<\/h3>\n<p><img loading=\"lazy\" decoding=\"async\" class=\"\" src=\"https:\/\/gleitschirmshop-tegernsee.de\/wp-content\/uploads\/2024\/01\/X-Dreamfly-X-Two-800x800.jpg\" alt=\"X-DREAM FLY X-Two - Gleitschirmshop Tegernsee\" width=\"392\" height=\"392\" \/><\/p>\n<\/div>\n<\/div>\n<\/div>\n<\/div>\n<div class=\"vc_col-sm-6 wpb_column vc_column_container\">\n<div class=\"vc_column-inner\">\n<div class=\"wpb_wrapper\">\n<div class=\"wpb_text_column\">\n<div class=\"wpb_wrapper\">\n<div class=\"g-cols wpb_row via_flex valign_top type_default stacking_default\">\n<div class=\"vc_col-sm-6 wpb_column vc_column_container\">\n<div class=\"vc_column-inner\">\n<div class=\"wpb_wrapper\">\n<div class=\"wpb_text_column\">\n<div class=\"wpb_wrapper\">\n<div class=\"su-list\">\n<div class=\"g-cols wpb_row via_flex valign_top type_default stacking_default\">\n<div class=\"vc_col-sm-6 wpb_column vc_column_container\">\n<div class=\"vc_column-inner\">\n<div class=\"wpb_wrapper\">\n<div class=\"wpb_text_column\">\n<div class=\"wpb_wrapper\">\n<p>Wir haben hier nicht verschiedene Systeme zusammengef\u00fcgt sondern ein komplett neues Rettungssystem entwickelt. Neben der Form dieser Rettung haben wir auch viele weitere Parameter nochmals optimieren k\u00f6nnen. Die Packmethode ist extrem einfach und auch f\u00fcr nicht ge\u00fcbte leicht zu berwerkstelligen. Direkt nach der Ausl\u00f6sung und dem \u00d6ffnen der Kappe sinkt die X-TWO senkrecht und generiert dabei KEINE Vorw\u00e4rtsfahrt.<\/p>\n<\/div>\n<\/div>\n<\/div>\n<\/div>\n<\/div>\n<div class=\"vc_col-sm-6 wpb_column vc_column_container\">\n<div class=\"vc_column-inner\">\n<div class=\"wpb_wrapper\">\n<div class=\"wpb_text_column\">\n<div class=\"wpb_wrapper\">\n<p>Die Kappe ist unmittelbar nach der \u00d6ffnung V\u00d6LLIG SYMMETRISCH. Somit ist das X-TWO System auch f\u00fcr den absoluten Anf\u00e4ngerpiloten|in ab der Schulung geeignet. Die X-TWO sinkt aufgrund ihres neuartigen 3-ECKIGEN AUFBAUES extrem pendelstabil, die Dreiecksform wirkt dabei selbststabilisierend.<\/p>\n<div class=\"wpb_text_column us_custom_67cecdea us_animate_this start\">\n<div class=\"wpb_wrapper\">\n<h4>Das BIETET die X-TWO<\/h4>\n<\/div>\n<\/div>\n<div class=\"g-cols wpb_row via_flex valign_top type_default stacking_default\">\n<div class=\"vc_col-sm-6 wpb_column vc_column_container\">\n<div class=\"vc_column-inner\">\n<div class=\"wpb_wrapper\">\n<div class=\"wpb_text_column\">\n<div class=\"wpb_wrapper\">\n<div class=\"su-list\">\n<ul>\n<li><i class=\"sui sui-angle-right\"><\/i>sehr vereinfachte Packmethode durch Packloops mit Nummerierung<\/li>\n<li><i class=\"sui sui-angle-right\"><\/i>extrem kleines Packma\u00df<\/li>\n<li><i class=\"sui sui-angle-right\"><\/i>ultimativ geringes Volumen und Gewicht<\/li>\n<li><i class=\"sui sui-angle-right\"><\/i>Leinen werden separiert von Kappe verstaut<br \/>\n<em>(minimiert ein Verh\u00e4ngen bzw. Durchschlaufen, und optimiert den \u00d6ffnungsvorgang)<\/em><\/li>\n<li><i class=\"sui sui-angle-right\"><\/i>hochwertiger Materialmix aus Dyneemaleinen und porosit\u00e4t stabilem, wasserbest\u00e4ndigen 26g Segeltuch<\/li>\n<li><i class=\"sui sui-angle-right\"><\/i>extrem schnelle \u00d6ffnungszeit<\/li>\n<li><i class=\"sui sui-angle-right\"><\/i>Selbststabilisierend\u00a0<em>(Pendelstabilit\u00e4t)<\/em>\u00a0durch die neuartige Kappenform und genau berechneter Systemh\u00f6he<\/li>\n<li><i class=\"sui sui-angle-right\"><\/i>KEINE Vorw\u00e4rtsfahrt nach der \u00d6ffnung<\/li>\n<\/ul>\n<\/div>\n<\/div>\n<\/div>\n<\/div>\n<\/div>\n<\/div>\n<div class=\"vc_col-sm-6 wpb_column vc_column_container\">\n<div class=\"vc_column-inner\">\n<div class=\"wpb_wrapper\">\n<div class=\"wpb_text_column\">\n<div class=\"wpb_wrapper\">\n<div class=\"su-list\"><\/div>\n<\/div>\n<\/div>\n<\/div>\n<\/div>\n<\/div>\n<\/div>\n<\/div>\n<\/div>\n<\/div>\n<\/div>\n<\/div>\n<\/div>\n<\/div>\n<\/div>\n<\/div>\n<\/div>\n<\/div>\n<\/div>\n<\/div>\n<\/div>\n<\/div>\n<\/div>\n<\/div>\n<\/div>\n<\/div>\n<\/div>\n<\/div>\n<\/div>\n<\/div>\n<\/div>\n<\/div>\n<\/div>\n<p>Mehr<a href=\"https:\/\/www.x-dreamfly.ch\/de\/portfolio\/x-two\/\"> Infos<\/a><\/p>\n<p>Falls dieser Artikel nicht an Lager ist, wird er f\u00fcr dich bestellt. Lieferfrist auf Anfrage.<\/p>\n","protected":false},"excerpt":{"rendered":"<div class=\"et_pb_module et_pb_text et_pb_text_1 et_pb_bg_layout_light et_pb_text_align_left\">\n<div class=\"et_pb_text_inner\">\n<div class=\"et_pb_module et_pb_text et_pb_text_1 et_pb_text_align_left et_pb_bg_layout_light\">\n<div class=\"et_pb_text_inner\">\n<div class=\"et_pb_module et_pb_text et_pb_text_1 et_pb_text_align_left et_pb_bg_layout_light\">\n<div class=\"et_pb_text_inner\">\n<div class=\"et_pb_module et_pb_text et_pb_text_0 et_pb_text_align_left et_pb_bg_layout_light\">\n<div class=\"et_pb_text_inner\">\n<div class=\"vc_col-sm-6 wpb_column vc_column_container\">\n<div class=\"vc_column-inner\">\n<div class=\"wpb_wrapper\">\n<div class=\"wpb_text_column\">\n<h3 class=\"wpb_wrapper\">Die <strong>X-TWO<\/strong>\u00a0ist ein\u00a0<strong>NEUARTIGES\u00a0<\/strong>ultimativ leichtes RETTUNGSSYSTEM<\/h3>\n<h3 class=\"wpb_wrapper\">f\u00fcr Gleitschirm- &amp; Drachenflieger.<\/h3>\n<p><img loading=\"lazy\" decoding=\"async\" class=\"\" src=\"https:\/\/gleitschirmshop-tegernsee.de\/wp-content\/uploads\/2024\/01\/X-Dreamfly-X-Two-800x800.jpg\" alt=\"X-DREAM FLY X-Two - Gleitschirmshop Tegernsee\" width=\"392\" height=\"392\" \/><\/p>\n<\/div>\n<\/div>\n<\/div>\n<\/div>\n<div class=\"vc_col-sm-6 wpb_column vc_column_container\">\n<div class=\"vc_column-inner\">\n<div class=\"wpb_wrapper\">\n<div class=\"wpb_text_column\">\n<div class=\"wpb_wrapper\">\n<div class=\"g-cols wpb_row via_flex valign_top type_default stacking_default\">\n<div class=\"vc_col-sm-6 wpb_column vc_column_container\">\n<div class=\"vc_column-inner\">\n<div class=\"wpb_wrapper\">\n<div class=\"wpb_text_column\">\n<div class=\"wpb_wrapper\">\n<div class=\"su-list\">\n<div class=\"g-cols wpb_row via_flex valign_top type_default stacking_default\">\n<div class=\"vc_col-sm-6 wpb_column vc_column_container\">\n<div class=\"vc_column-inner\">\n<div class=\"wpb_wrapper\">\n<div class=\"wpb_text_column\">\n<div class=\"wpb_wrapper\">\n<p>Wir haben hier nicht verschiedene Systeme zusammengef\u00fcgt sondern ein komplett neues Rettungssystem entwickelt. Neben der Form dieser Rettung haben wir auch viele weitere Parameter nochmals optimieren k\u00f6nnen. Die Packmethode ist extrem einfach und auch f\u00fcr nicht ge\u00fcbte leicht zu berwerkstelligen. Direkt nach der Ausl\u00f6sung und dem \u00d6ffnen der Kappe sinkt die X-TWO senkrecht und generiert dabei KEINE Vorw\u00e4rtsfahrt.<\/p>\n<\/div>\n<\/div>\n<\/div>\n<\/div>\n<\/div>\n<div class=\"vc_col-sm-6 wpb_column vc_column_container\">\n<div class=\"vc_column-inner\">\n<div class=\"wpb_wrapper\">\n<div class=\"wpb_text_column\">\n<div class=\"wpb_wrapper\">\n<p>Die Kappe ist unmittelbar nach der \u00d6ffnung V\u00d6LLIG SYMMETRISCH. Somit ist das X-TWO System auch f\u00fcr den absoluten Anf\u00e4ngerpiloten|in ab der Schulung geeignet. Die X-TWO sinkt aufgrund ihres neuartigen 3-ECKIGEN AUFBAUES extrem pendelstabil, die Dreiecksform wirkt dabei selbststabilisierend.<\/p>\n<div class=\"wpb_text_column us_custom_67cecdea us_animate_this start\">\n<div class=\"wpb_wrapper\">\n<h4>Das BIETET die X-TWO<\/h4>\n<\/div>\n<\/div>\n<div class=\"g-cols wpb_row via_flex valign_top type_default stacking_default\">\n<div class=\"vc_col-sm-6 wpb_column vc_column_container\">\n<div class=\"vc_column-inner\">\n<div class=\"wpb_wrapper\">\n<div class=\"wpb_text_column\">\n<div class=\"wpb_wrapper\">\n<div class=\"su-list\">\n<ul>\n<li><i class=\"sui sui-angle-right\"><\/i>sehr vereinfachte Packmethode durch Packloops mit Nummerierung<\/li>\n<li><i class=\"sui sui-angle-right\"><\/i>extrem kleines Packma\u00df<\/li>\n<li><i class=\"sui sui-angle-right\"><\/i>ultimativ geringes Volumen und Gewicht<\/li>\n<li><i class=\"sui sui-angle-right\"><\/i>Leinen werden separiert von Kappe verstaut<br \/>\n<em>(minimiert ein Verh\u00e4ngen bzw. Durchschlaufen, und optimiert den \u00d6ffnungsvorgang)<\/em><\/li>\n<li><i class=\"sui sui-angle-right\"><\/i>hochwertiger Materialmix aus Dyneemaleinen und porosit\u00e4t stabilem, wasserbest\u00e4ndigen 26g Segeltuch<\/li>\n<li><i class=\"sui sui-angle-right\"><\/i>extrem schnelle \u00d6ffnungszeit<\/li>\n<li><i class=\"sui sui-angle-right\"><\/i>Selbststabilisierend\u00a0<em>(Pendelstabilit\u00e4t)<\/em>\u00a0durch die neuartige Kappenform und genau berechneter Systemh\u00f6he<\/li>\n<li><i class=\"sui sui-angle-right\"><\/i>KEINE Vorw\u00e4rtsfahrt nach der \u00d6ffnung<\/li>\n<\/ul>\n<\/div>\n<\/div>\n<\/div>\n<\/div>\n<\/div>\n<\/div>\n<div class=\"vc_col-sm-6 wpb_column vc_column_container\">\n<div class=\"vc_column-inner\">\n<div class=\"wpb_wrapper\">\n<div class=\"wpb_text_column\">\n<div class=\"wpb_wrapper\">\n<div class=\"su-list\"><\/div>\n<\/div>\n<\/div>\n<\/div>\n<\/div>\n<\/div>\n<\/div>\n<\/div>\n<\/div>\n<\/div>\n<\/div>\n<\/div>\n<\/div>\n<\/div>\n<\/div>\n<\/div>\n<\/div>\n<\/div>\n<\/div>\n<\/div>\n<\/div>\n<\/div>\n<\/div>\n<\/div>\n<\/div>\n<\/div>\n<\/div>\n<\/div>\n<\/div>\n<\/div>\n<\/div>\n<\/div>\n<\/div>\n<p>Mehr<a href=\"https:\/\/www.x-dreamfly.ch\/de\/portfolio\/x-two\/\"> Infos<\/a><\/p>\n<p>Falls dieser Artikel nicht an Lager ist, wird er f\u00fcr dich bestellt. Lieferfrist auf Anfrage.<\/p>\n","protected":false},"featured_media":19326,"comment_status":"closed","ping_status":"closed","template":"","meta":[],"product_brand":[],"product_cat":[1309],"product_tag":[1310,1311,90],"class_list":{"0":"post-12407","1":"product","2":"type-product","3":"status-publish","4":"has-post-thumbnail","6":"product_cat-gleitschirm-rettungsgeraete","7":"product_tag-notschirm","8":"product_tag-retter","9":"product_tag-verkaufsartikel","10":"product_shipping_class-priority-2kg-de","12":"first","13":"instock","14":"sale","15":"shipping-taxable","16":"purchasable","17":"product-type-variable"},"yoast_head":"<!-- This site is optimized with the Yoast SEO Premium plugin v26.1 (Yoast SEO v27.3) - https:\/\/yoast.com\/product\/yoast-seo-premium-wordpress\/ -->\n<title>X-Dreamfly X-TWO Serie | Gleitschirmschule Thun, Bern, Interlaken<\/title>\n<meta name=\"description\" content=\"Die Kappe ist unmittelbar nach der \u00d6ffnung V\u00d6LLIG SYMMETRISCH. Somit ist das X-TWO System auch f\u00fcr den absoluten Anf\u00e4ngerpiloten|in ab der Schulung geeignet. Die X-TWO sinkt aufgrund ihres neuartigen 3-ECKIGEN AUFBAUES extrem pendelstabil, die Dreiecksform wirkt dabei selbststabilisierend.\" \/>\n<meta name=\"robots\" content=\"index, follow, max-snippet:-1, max-image-preview:large, max-video-preview:-1\" \/>\n<link rel=\"canonical\" href=\"https:\/\/swissgliders.ch\/de\/produkt\/x-dreamfly-x-two\/\" \/>\n<meta property=\"og:locale\" content=\"de_DE\" \/>\n<meta property=\"og:type\" content=\"article\" \/>\n<meta property=\"og:title\" content=\"X-Dreamfly X-TWO Serie\" \/>\n<meta property=\"og:description\" content=\"Die Kappe ist unmittelbar nach der \u00d6ffnung V\u00d6LLIG SYMMETRISCH. Somit ist das X-TWO System auch f\u00fcr den absoluten Anf\u00e4ngerpiloten|in ab der Schulung geeignet. Die X-TWO sinkt aufgrund ihres neuartigen 3-ECKIGEN AUFBAUES extrem pendelstabil, die Dreiecksform wirkt dabei selbststabilisierend.\" \/>\n<meta property=\"og:url\" content=\"https:\/\/swissgliders.ch\/de\/produkt\/x-dreamfly-x-two\/\" \/>\n<meta property=\"og:site_name\" content=\"Gleitschirmschule Thun, Bern, Interlaken\" \/>\n<meta property=\"article:publisher\" content=\"https:\/\/www.facebook.com\/swissgliders\" \/>\n<meta property=\"article:modified_time\" content=\"2025-04-29T09:50:29+00:00\" \/>\n<meta property=\"og:image\" content=\"https:\/\/swissgliders.ch\/wp-content\/uploads\/2024\/03\/X-Dreamfly_Rettungsschirm_X-Two-Two-2.jpg\" \/>\n\t<meta property=\"og:image:width\" content=\"800\" \/>\n\t<meta property=\"og:image:height\" content=\"800\" \/>\n\t<meta property=\"og:image:type\" content=\"image\/jpeg\" \/>\n<meta name=\"twitter:card\" content=\"summary_large_image\" \/>\n<meta name=\"twitter:site\" content=\"@Swissgliders\" \/>\n<meta name=\"twitter:label1\" content=\"Verf\u00fcgbarkeit\" \/>\n\t<meta name=\"twitter:data1\" content=\"Auf Lager\" \/>\n<script type=\"application\/ld+json\" class=\"yoast-schema-graph\">{\"@context\":\"https:\\\/\\\/schema.org\",\"@graph\":[{\"@type\":\"WebPage\",\"@id\":\"https:\\\/\\\/swissgliders.ch\\\/de\\\/produkt\\\/x-dreamfly-x-two\\\/\",\"url\":\"https:\\\/\\\/swissgliders.ch\\\/de\\\/produkt\\\/x-dreamfly-x-two\\\/\",\"name\":\"X-Dreamfly X-TWO Serie | Gleitschirmschule Thun, Bern, Interlaken\",\"isPartOf\":{\"@id\":\"https:\\\/\\\/swissgliders.ch\\\/de\\\/#website\"},\"primaryImageOfPage\":{\"@id\":\"https:\\\/\\\/swissgliders.ch\\\/de\\\/produkt\\\/x-dreamfly-x-two\\\/#primaryimage\"},\"image\":{\"@id\":\"https:\\\/\\\/swissgliders.ch\\\/de\\\/produkt\\\/x-dreamfly-x-two\\\/#primaryimage\"},\"thumbnailUrl\":\"https:\\\/\\\/swissgliders.ch\\\/wp-content\\\/uploads\\\/2024\\\/03\\\/X-Dreamfly_Rettungsschirm_X-Two-Two-2.jpg\",\"datePublished\":\"2024-03-09T11:22:29+00:00\",\"dateModified\":\"2025-04-29T09:50:29+00:00\",\"description\":\"Die Kappe ist unmittelbar nach der \u00d6ffnung V\u00d6LLIG SYMMETRISCH. Somit ist das X-TWO System auch f\u00fcr den absoluten Anf\u00e4ngerpiloten|in ab der Schulung geeignet. Die X-TWO sinkt aufgrund ihres neuartigen 3-ECKIGEN AUFBAUES extrem pendelstabil, die Dreiecksform wirkt dabei selbststabilisierend.\",\"breadcrumb\":{\"@id\":\"https:\\\/\\\/swissgliders.ch\\\/de\\\/produkt\\\/x-dreamfly-x-two\\\/#breadcrumb\"},\"inLanguage\":\"de\",\"potentialAction\":[{\"@type\":\"ReadAction\",\"target\":[\"https:\\\/\\\/swissgliders.ch\\\/de\\\/produkt\\\/x-dreamfly-x-two\\\/\"]}]},{\"@type\":\"ImageObject\",\"inLanguage\":\"de\",\"@id\":\"https:\\\/\\\/swissgliders.ch\\\/de\\\/produkt\\\/x-dreamfly-x-two\\\/#primaryimage\",\"url\":\"https:\\\/\\\/swissgliders.ch\\\/wp-content\\\/uploads\\\/2024\\\/03\\\/X-Dreamfly_Rettungsschirm_X-Two-Two-2.jpg\",\"contentUrl\":\"https:\\\/\\\/swissgliders.ch\\\/wp-content\\\/uploads\\\/2024\\\/03\\\/X-Dreamfly_Rettungsschirm_X-Two-Two-2.jpg\",\"width\":800,\"height\":800,\"caption\":\"gleitschirm-rettungsger\u00e4te\"},{\"@type\":\"BreadcrumbList\",\"@id\":\"https:\\\/\\\/swissgliders.ch\\\/de\\\/produkt\\\/x-dreamfly-x-two\\\/#breadcrumb\",\"itemListElement\":[{\"@type\":\"ListItem\",\"position\":1,\"name\":\"Startseite\",\"item\":\"https:\\\/\\\/swissgliders.ch\\\/de\\\/willkommen\\\/\"},{\"@type\":\"ListItem\",\"position\":2,\"name\":\"Gleitschirm Shop\",\"item\":\"https:\\\/\\\/swissgliders.ch\\\/de\\\/gleitschirm-shop\\\/\"},{\"@type\":\"ListItem\",\"position\":3,\"name\":\"X-Dreamfly X-TWO Serie\"}]},{\"@type\":\"WebSite\",\"@id\":\"https:\\\/\\\/swissgliders.ch\\\/de\\\/#website\",\"url\":\"https:\\\/\\\/swissgliders.ch\\\/de\\\/\",\"name\":\"Gleitschirmschule Thun, Bern, Interlaken\",\"description\":\"Gleitschirmschule Thun, Bern, Interlaken\",\"publisher\":{\"@id\":\"https:\\\/\\\/swissgliders.ch\\\/de\\\/#organization\"},\"potentialAction\":[{\"@type\":\"SearchAction\",\"target\":{\"@type\":\"EntryPoint\",\"urlTemplate\":\"https:\\\/\\\/swissgliders.ch\\\/de\\\/?s={search_term_string}\"},\"query-input\":{\"@type\":\"PropertyValueSpecification\",\"valueRequired\":true,\"valueName\":\"search_term_string\"}}],\"inLanguage\":\"de\"},{\"@type\":\"Organization\",\"@id\":\"https:\\\/\\\/swissgliders.ch\\\/de\\\/#organization\",\"name\":\"Swissgliders Gleitschirmflugschule Thun\",\"url\":\"https:\\\/\\\/swissgliders.ch\\\/de\\\/\",\"logo\":{\"@type\":\"ImageObject\",\"inLanguage\":\"de\",\"@id\":\"https:\\\/\\\/swissgliders.ch\\\/de\\\/#\\\/schema\\\/logo\\\/image\\\/\",\"url\":\"https:\\\/\\\/swissgliders.ch\\\/wp-content\\\/uploads\\\/2019\\\/12\\\/swissgliders-logo-rgb-square-L-no-ch-01.png\",\"contentUrl\":\"https:\\\/\\\/swissgliders.ch\\\/wp-content\\\/uploads\\\/2019\\\/12\\\/swissgliders-logo-rgb-square-L-no-ch-01.png\",\"width\":2500,\"height\":2500,\"caption\":\"Swissgliders Gleitschirmflugschule Thun\"},\"image\":{\"@id\":\"https:\\\/\\\/swissgliders.ch\\\/de\\\/#\\\/schema\\\/logo\\\/image\\\/\"},\"sameAs\":[\"https:\\\/\\\/www.facebook.com\\\/swissgliders\",\"https:\\\/\\\/x.com\\\/Swissgliders\",\"https:\\\/\\\/www.instagram.com\\\/swissgliders\\\/\",\"https:\\\/\\\/www.youtube.com\\\/channel\\\/UCMCtGdepy9vBhrhX3V_oJOA\"],\"hasMerchantReturnPolicy\":{\"@type\":\"MerchantReturnPolicy\",\"merchantReturnLink\":\"https:\\\/\\\/swissgliders.ch\\\/de\\\/allgemeine-geschaftsbedingungen\\\/\"}}]}<\/script>\n<meta property=\"og:availability\" content=\"instock\" \/>\n<meta property=\"product:availability\" content=\"instock\" \/>\n<meta property=\"product:condition\" content=\"new\" \/>\n<!-- \/ Yoast SEO Premium plugin. -->","yoast_head_json":{"title":"X-Dreamfly X-TWO Serie | Gleitschirmschule Thun, Bern, Interlaken","description":"Die Kappe ist unmittelbar nach der \u00d6ffnung V\u00d6LLIG SYMMETRISCH. Somit ist das X-TWO System auch f\u00fcr den absoluten Anf\u00e4ngerpiloten|in ab der Schulung geeignet. Die X-TWO sinkt aufgrund ihres neuartigen 3-ECKIGEN AUFBAUES extrem pendelstabil, die Dreiecksform wirkt dabei selbststabilisierend.","robots":{"index":"index","follow":"follow","max-snippet":"max-snippet:-1","max-image-preview":"max-image-preview:large","max-video-preview":"max-video-preview:-1"},"canonical":"https:\/\/swissgliders.ch\/de\/produkt\/x-dreamfly-x-two\/","og_locale":"de_DE","og_type":"article","og_title":"X-Dreamfly X-TWO Serie","og_description":"Die Kappe ist unmittelbar nach der \u00d6ffnung V\u00d6LLIG SYMMETRISCH. Somit ist das X-TWO System auch f\u00fcr den absoluten Anf\u00e4ngerpiloten|in ab der Schulung geeignet. Die X-TWO sinkt aufgrund ihres neuartigen 3-ECKIGEN AUFBAUES extrem pendelstabil, die Dreiecksform wirkt dabei selbststabilisierend.","og_url":"https:\/\/swissgliders.ch\/de\/produkt\/x-dreamfly-x-two\/","og_site_name":"Gleitschirmschule Thun, Bern, Interlaken","article_publisher":"https:\/\/www.facebook.com\/swissgliders","article_modified_time":"2025-04-29T09:50:29+00:00","og_image":[{"width":800,"height":800,"url":"https:\/\/swissgliders.ch\/wp-content\/uploads\/2024\/03\/X-Dreamfly_Rettungsschirm_X-Two-Two-2.jpg","type":"image\/jpeg"}],"twitter_card":"summary_large_image","twitter_site":"@Swissgliders","twitter_misc":{"Verf\u00fcgbarkeit":"Auf Lager"},"schema":{"@context":"https:\/\/schema.org","@graph":[{"@type":"WebPage","@id":"https:\/\/swissgliders.ch\/de\/produkt\/x-dreamfly-x-two\/","url":"https:\/\/swissgliders.ch\/de\/produkt\/x-dreamfly-x-two\/","name":"X-Dreamfly X-TWO Serie | Gleitschirmschule Thun, Bern, Interlaken","isPartOf":{"@id":"https:\/\/swissgliders.ch\/de\/#website"},"primaryImageOfPage":{"@id":"https:\/\/swissgliders.ch\/de\/produkt\/x-dreamfly-x-two\/#primaryimage"},"image":{"@id":"https:\/\/swissgliders.ch\/de\/produkt\/x-dreamfly-x-two\/#primaryimage"},"thumbnailUrl":"https:\/\/swissgliders.ch\/wp-content\/uploads\/2024\/03\/X-Dreamfly_Rettungsschirm_X-Two-Two-2.jpg","datePublished":"2024-03-09T11:22:29+00:00","dateModified":"2025-04-29T09:50:29+00:00","description":"Die Kappe ist unmittelbar nach der \u00d6ffnung V\u00d6LLIG SYMMETRISCH. Somit ist das X-TWO System auch f\u00fcr den absoluten Anf\u00e4ngerpiloten|in ab der Schulung geeignet. Die X-TWO sinkt aufgrund ihres neuartigen 3-ECKIGEN AUFBAUES extrem pendelstabil, die Dreiecksform wirkt dabei selbststabilisierend.","breadcrumb":{"@id":"https:\/\/swissgliders.ch\/de\/produkt\/x-dreamfly-x-two\/#breadcrumb"},"inLanguage":"de","potentialAction":[{"@type":"ReadAction","target":["https:\/\/swissgliders.ch\/de\/produkt\/x-dreamfly-x-two\/"]}]},{"@type":"ImageObject","inLanguage":"de","@id":"https:\/\/swissgliders.ch\/de\/produkt\/x-dreamfly-x-two\/#primaryimage","url":"https:\/\/swissgliders.ch\/wp-content\/uploads\/2024\/03\/X-Dreamfly_Rettungsschirm_X-Two-Two-2.jpg","contentUrl":"https:\/\/swissgliders.ch\/wp-content\/uploads\/2024\/03\/X-Dreamfly_Rettungsschirm_X-Two-Two-2.jpg","width":800,"height":800,"caption":"gleitschirm-rettungsger\u00e4te"},{"@type":"BreadcrumbList","@id":"https:\/\/swissgliders.ch\/de\/produkt\/x-dreamfly-x-two\/#breadcrumb","itemListElement":[{"@type":"ListItem","position":1,"name":"Startseite","item":"https:\/\/swissgliders.ch\/de\/willkommen\/"},{"@type":"ListItem","position":2,"name":"Gleitschirm Shop","item":"https:\/\/swissgliders.ch\/de\/gleitschirm-shop\/"},{"@type":"ListItem","position":3,"name":"X-Dreamfly X-TWO Serie"}]},{"@type":"WebSite","@id":"https:\/\/swissgliders.ch\/de\/#website","url":"https:\/\/swissgliders.ch\/de\/","name":"Gleitschirmschule Thun, Bern, Interlaken","description":"Gleitschirmschule Thun, Bern, Interlaken","publisher":{"@id":"https:\/\/swissgliders.ch\/de\/#organization"},"potentialAction":[{"@type":"SearchAction","target":{"@type":"EntryPoint","urlTemplate":"https:\/\/swissgliders.ch\/de\/?s={search_term_string}"},"query-input":{"@type":"PropertyValueSpecification","valueRequired":true,"valueName":"search_term_string"}}],"inLanguage":"de"},{"@type":"Organization","@id":"https:\/\/swissgliders.ch\/de\/#organization","name":"Swissgliders Gleitschirmflugschule Thun","url":"https:\/\/swissgliders.ch\/de\/","logo":{"@type":"ImageObject","inLanguage":"de","@id":"https:\/\/swissgliders.ch\/de\/#\/schema\/logo\/image\/","url":"https:\/\/swissgliders.ch\/wp-content\/uploads\/2019\/12\/swissgliders-logo-rgb-square-L-no-ch-01.png","contentUrl":"https:\/\/swissgliders.ch\/wp-content\/uploads\/2019\/12\/swissgliders-logo-rgb-square-L-no-ch-01.png","width":2500,"height":2500,"caption":"Swissgliders Gleitschirmflugschule Thun"},"image":{"@id":"https:\/\/swissgliders.ch\/de\/#\/schema\/logo\/image\/"},"sameAs":["https:\/\/www.facebook.com\/swissgliders","https:\/\/x.com\/Swissgliders","https:\/\/www.instagram.com\/swissgliders\/","https:\/\/www.youtube.com\/channel\/UCMCtGdepy9vBhrhX3V_oJOA"],"hasMerchantReturnPolicy":{"@type":"MerchantReturnPolicy","merchantReturnLink":"https:\/\/swissgliders.ch\/de\/allgemeine-geschaftsbedingungen\/"}}]},"og_availability":"instock","product_availability":"instock","product_condition":"new"},"_links":{"self":[{"href":"https:\/\/swissgliders.ch\/de\/wp-json\/wp\/v2\/product\/12407","targetHints":{"allow":["GET"]}}],"collection":[{"href":"https:\/\/swissgliders.ch\/de\/wp-json\/wp\/v2\/product"}],"about":[{"href":"https:\/\/swissgliders.ch\/de\/wp-json\/wp\/v2\/types\/product"}],"replies":[{"embeddable":true,"href":"https:\/\/swissgliders.ch\/de\/wp-json\/wp\/v2\/comments?post=12407"}],"wp:featuredmedia":[{"embeddable":true,"href":"https:\/\/swissgliders.ch\/de\/wp-json\/wp\/v2\/media\/19326"}],"wp:attachment":[{"href":"https:\/\/swissgliders.ch\/de\/wp-json\/wp\/v2\/media?parent=12407"}],"wp:term":[{"taxonomy":"product_brand","embeddable":true,"href":"https:\/\/swissgliders.ch\/de\/wp-json\/wp\/v2\/product_brand?post=12407"},{"taxonomy":"product_cat","embeddable":true,"href":"https:\/\/swissgliders.ch\/de\/wp-json\/wp\/v2\/product_cat?post=12407"},{"taxonomy":"product_tag","embeddable":true,"href":"https:\/\/swissgliders.ch\/de\/wp-json\/wp\/v2\/product_tag?post=12407"}],"curies":[{"name":"wp","href":"https:\/\/api.w.org\/{rel}","templated":true}]}}