{"id":12894,"date":"2024-04-01T16:57:50","date_gmt":"2024-04-01T15:57:50","guid":{"rendered":"https:\/\/swissgliders.ch\/?post_type=product&#038;p=12894"},"modified":"2025-05-26T14:55:19","modified_gmt":"2025-05-26T13:55:19","slug":"ozone-solos-wendegurtzeug","status":"publish","type":"product","link":"https:\/\/swissgliders.ch\/de\/produkt\/ozone-solos-wendegurtzeug\/","title":{"rendered":"Ozone Solos Wendegurtzeug"},"content":{"rendered":"<div class=\" translation-block\">\n<h3 class=\"titleH1\"><img loading=\"lazy\" decoding=\"async\" class=\"\" src=\"https:\/\/flyozone.com\/_next\/image?url=https%3A%2F%2Fcdn.sanity.io%2Fimages%2Flbhlofgm%2Fproduction%2F0d3cebcc5a030366f3871b04ccd9f947b73a87c2-1920x878.jpg&amp;w=3840&amp;q=75\" width=\"943\" height=\"431\" \/><\/h3>\n<div class=\"blockRenderer\">\n<div>\n<p>Das SOLOS ist ein leichtes und schnittiges Wendegurtzeug, das mit vielen technischen Features ausgestattet ist. Es ist in der Luft sehr komfortabel und angenehm, und f\u00fcr Piloten aller K\u00f6nnensstufen geeignet.<\/p>\n<ul>\n<li>Geringes Volumen, schlankes Profil<\/li>\n<li>Kompaktes Gesamtpaket als Gurtzeug\/Rucksack<\/li>\n<li>Einfach zu handhabendes, funktionelles Design f\u00fcr alle Piloten<\/li>\n<li>3,3 kg inklusive Karabiner, Beschleuniger und Rettungspod (Gr\u00f6\u00dfe M)<\/li>\n<\/ul>\n<p><strong>Design<\/strong><\/p>\n<p>Ein hybrides Beingurt\/Sitzbrett Design \u00fcbermittelt mit einfacher Kontrolle \u00fcber Gewichtsverlagerung und einem angenehmen Feedback ein pr\u00e4zises Gef\u00fchl w\u00e4hrend des Fliegens. Falls Gewichtseinsparung ein Hauptaugenmerk ist, kann das Sitzbrett entfernt werden, und auch dann bleibt das SOLOS agil und komfortabel.<\/p>\n<p>Die Struktur und Gestaltung dieses Gurtzeugs sind klar und einfach gehalten, mit vielen Einstellungsm\u00f6glichkeiten, die nach Belieben genutzt werden k\u00f6nnen.<\/p>\n<p><strong>Schutz<\/strong><\/p>\n<p>The Solos offers excellent back protection certified to the EN standard with a choice of the standard foam protector or the innovative inflatable protector. The lightweight inflatable protector \u2013 as seen in the Solos Lite and F*Race \u2013 offers similar levels of protection to the foam, but weighs less and significantly reduces the overall packed volume.<\/p>\n<p>In our comparisons, overall both protectors proved to be superior to reversible airbag designs, especially during the take-off procedure.<\/p>\n<p><strong>Komfort<\/strong><\/p>\n<p>Die Struktur der R\u00fcckenunterst\u00fctzung ist f\u00fcr solch ein leichtes Gurtzeug wie das SOLOS wesentlich. Es ist sowohl in zur\u00fcckgelehnter wie auch in aufrechter Flugposition komfortabel, und erm\u00f6glicht es dir ganz entspannt deinen Flug zu genie\u00dfen.<\/p>\n<p><strong>Hike &amp; Fly<\/strong><\/p>\n<p>Der Solos wurde f\u00fcr Hike &amp; Fly Piloten entwickelt, die etwas mehr Gep\u00e4ck haben (wollen) als den Ultralite mit Zubeh\u00f6r. Das Umfunktionieren vom Gurtzeug in einen angenehmen und gut ausgestatteten Rucksack ist einfach und schnell, wobei sich das Gurtzeug dann kompakt in der R\u00fcckentasche verbirgt. Die Umgestaltung geht geschmeidig und simpel: du kannst dein Camelbag an Ort und Stelle lassen, dort befindet sich eine H\u00fcfttasche mit Rei\u00dfverschluss, eine gro\u00dfe Tasche mit Rei\u00dfverschluss und eine Tasche aus Lycra auf der Seite, drei praktische Kompressionsb\u00e4nder und ein effektiver Taillengurt.<\/p>\n<p>Das SOLOS ist in den Gr\u00f6\u00dfen S, M und L und in zwei Farben erh\u00e4ltlich.<\/p>\n<p class=\"titleH1\"><strong>Spezifikationen<\/strong><\/p>\n<div class=\"desktop\">\n<div class=\"specs-table-wrapper\">\n<table>\n<thead>\n<tr>\n<th>SIZE<\/th>\n<th>S<\/th>\n<th>M<\/th>\n<th>L<\/th>\n<\/tr>\n<\/thead>\n<tbody>\n<tr>\n<td>Height<\/td>\n<td>up to 175 cm<\/td>\n<td>170-185 cm<\/td>\n<td>180 cm +<\/td>\n<\/tr>\n<tr>\n<td>Weight<\/td>\n<td>*<\/td>\n<td>3.3kg<\/td>\n<td>*<\/td>\n<\/tr>\n<\/tbody>\n<\/table>\n<\/div>\n<\/div>\n<p class=\"specs-table-note\">*noch ausstehend<\/p>\n<p class=\"specs-table\">* Weights may vary up to 50gm per size due to slight variations in the manufacturing of the fabric used.<\/p>\n<div class=\"specs-table-2nd-row\">\n<div class=\"blockRenderer\">\n<div>\n<ul>\n<li>EN zugelassen bis 120 kg<\/li>\n<li>Das Gewicht des Gurtzeugs in Gr\u00f6\u00dfe M betr\u00e4gt inclusive Karabiner, Rettungsleinen, Retterpod, herausnehmbarer Sitzplatte, Rettungsgriff und Beschleuniger etwa 3,3 kg.<\/li>\n<li>Herausnehmbarer Sitzplatte: 125 Gramm<\/li>\n<\/ul>\n<p><strong>MATERIAL<\/strong><\/p>\n<ul>\n<li>Tasche:Ripstop Nylon, Oxford 210 denier<\/li>\n<li>Gurtzeug: Ripstop Nylon, Oxford 210 denier, Eva foam 5 mm 10mm<\/li>\n<li>Schnallen: Austrialpin HSI50<\/li>\n<li>Retterleinen: dyneema 6mm<\/li>\n<li>Gewebe: Gurth and Wolf 25mm; Technisangle 15mm<\/li>\n<li>Karabiner: Edelrid Foras<\/li>\n<\/ul>\n<\/div>\n<\/div>\n<\/div>\n<\/div>\n<\/div>\n<p>&nbsp;<\/p>\n<\/div>\n<p>Mehr <a href=\"https:\/\/flyozone.com\/paragliders\/de\/products\/harnesses\/solos\" target=\"_blank\" rel=\"noopener noreferrer\">Infos<\/a><\/p>\n<p>Falls dieser Artikel nicht an Lager ist, wird er f\u00fcr dich bestellt. Lieferfrist auf Anfrage.<\/p>\n","protected":false},"excerpt":{"rendered":"<div class=\" translation-block\">\n<h3 class=\"titleH1\"><img loading=\"lazy\" decoding=\"async\" class=\"\" src=\"https:\/\/flyozone.com\/_next\/image?url=https%3A%2F%2Fcdn.sanity.io%2Fimages%2Flbhlofgm%2Fproduction%2F0d3cebcc5a030366f3871b04ccd9f947b73a87c2-1920x878.jpg&amp;w=3840&amp;q=75\" width=\"943\" height=\"431\" \/><\/h3>\n<div class=\"blockRenderer\">\n<div>\n<p>Das SOLOS ist ein leichtes und schnittiges Wendegurtzeug, das mit vielen technischen Features ausgestattet ist. Es ist in der Luft sehr komfortabel und angenehm, und f\u00fcr Piloten aller K\u00f6nnensstufen geeignet.<\/p>\n<ul>\n<li>Geringes Volumen, schlankes Profil<\/li>\n<li>Kompaktes Gesamtpaket als Gurtzeug\/Rucksack<\/li>\n<li>Einfach zu handhabendes, funktionelles Design f\u00fcr alle Piloten<\/li>\n<li>3,3 kg inklusive Karabiner, Beschleuniger und Rettungspod (Gr\u00f6\u00dfe M)<\/li>\n<\/ul>\n<p><strong>Design<\/strong><\/p>\n<p>Ein hybrides Beingurt\/Sitzbrett Design \u00fcbermittelt mit einfacher Kontrolle \u00fcber Gewichtsverlagerung und einem angenehmen Feedback ein pr\u00e4zises Gef\u00fchl w\u00e4hrend des Fliegens. Falls Gewichtseinsparung ein Hauptaugenmerk ist, kann das Sitzbrett entfernt werden, und auch dann bleibt das SOLOS agil und komfortabel.<\/p>\n<p>Die Struktur und Gestaltung dieses Gurtzeugs sind klar und einfach gehalten, mit vielen Einstellungsm\u00f6glichkeiten, die nach Belieben genutzt werden k\u00f6nnen.<\/p>\n<p><strong>Schutz<\/strong><\/p>\n<p>The Solos offers excellent back protection certified to the EN standard with a choice of the standard foam protector or the innovative inflatable protector. The lightweight inflatable protector \u2013 as seen in the Solos Lite and F*Race \u2013 offers similar levels of protection to the foam, but weighs less and significantly reduces the overall packed volume.<\/p>\n<p>In our comparisons, overall both protectors proved to be superior to reversible airbag designs, especially during the take-off procedure.<\/p>\n<p><strong>Komfort<\/strong><\/p>\n<p>Die Struktur der R\u00fcckenunterst\u00fctzung ist f\u00fcr solch ein leichtes Gurtzeug wie das SOLOS wesentlich. Es ist sowohl in zur\u00fcckgelehnter wie auch in aufrechter Flugposition komfortabel, und erm\u00f6glicht es dir ganz entspannt deinen Flug zu genie\u00dfen.<\/p>\n<p><strong>Hike &amp; Fly<\/strong><\/p>\n<p>Der Solos wurde f\u00fcr Hike &amp; Fly Piloten entwickelt, die etwas mehr Gep\u00e4ck haben (wollen) als den Ultralite mit Zubeh\u00f6r. Das Umfunktionieren vom Gurtzeug in einen angenehmen und gut ausgestatteten Rucksack ist einfach und schnell, wobei sich das Gurtzeug dann kompakt in der R\u00fcckentasche verbirgt. Die Umgestaltung geht geschmeidig und simpel: du kannst dein Camelbag an Ort und Stelle lassen, dort befindet sich eine H\u00fcfttasche mit Rei\u00dfverschluss, eine gro\u00dfe Tasche mit Rei\u00dfverschluss und eine Tasche aus Lycra auf der Seite, drei praktische Kompressionsb\u00e4nder und ein effektiver Taillengurt.<\/p>\n<p>Das SOLOS ist in den Gr\u00f6\u00dfen S, M und L und in zwei Farben erh\u00e4ltlich.<\/p>\n<p class=\"titleH1\"><strong>Spezifikationen<\/strong><\/p>\n<div class=\"desktop\">\n<div class=\"specs-table-wrapper\">\n<table>\n<thead>\n<tr>\n<th>SIZE<\/th>\n<th>S<\/th>\n<th>M<\/th>\n<th>L<\/th>\n<\/tr>\n<\/thead>\n<tbody>\n<tr>\n<td>Height<\/td>\n<td>up to 175 cm<\/td>\n<td>170-185 cm<\/td>\n<td>180 cm +<\/td>\n<\/tr>\n<tr>\n<td>Weight<\/td>\n<td>*<\/td>\n<td>3.3kg<\/td>\n<td>*<\/td>\n<\/tr>\n<\/tbody>\n<\/table>\n<\/div>\n<\/div>\n<p class=\"specs-table-note\">*noch ausstehend<\/p>\n<p class=\"specs-table\">* Weights may vary up to 50gm per size due to slight variations in the manufacturing of the fabric used.<\/p>\n<div class=\"specs-table-2nd-row\">\n<div class=\"blockRenderer\">\n<div>\n<ul>\n<li>EN zugelassen bis 120 kg<\/li>\n<li>Das Gewicht des Gurtzeugs in Gr\u00f6\u00dfe M betr\u00e4gt inclusive Karabiner, Rettungsleinen, Retterpod, herausnehmbarer Sitzplatte, Rettungsgriff und Beschleuniger etwa 3,3 kg.<\/li>\n<li>Herausnehmbarer Sitzplatte: 125 Gramm<\/li>\n<\/ul>\n<p><strong>MATERIAL<\/strong><\/p>\n<ul>\n<li>Tasche:Ripstop Nylon, Oxford 210 denier<\/li>\n<li>Gurtzeug: Ripstop Nylon, Oxford 210 denier, Eva foam 5 mm 10mm<\/li>\n<li>Schnallen: Austrialpin HSI50<\/li>\n<li>Retterleinen: dyneema 6mm<\/li>\n<li>Gewebe: Gurth and Wolf 25mm; Technisangle 15mm<\/li>\n<li>Karabiner: Edelrid Foras<\/li>\n<\/ul>\n<\/div>\n<\/div>\n<\/div>\n<\/div>\n<\/div>\n<p>&nbsp;<\/p>\n<\/div>\n<p>Mehr <a href=\"https:\/\/flyozone.com\/paragliders\/de\/products\/harnesses\/solos\" target=\"_blank\" rel=\"noopener noreferrer\">Infos<\/a><\/p>\n<p>Falls dieser Artikel nicht an Lager ist, wird er f\u00fcr dich bestellt. Lieferfrist auf Anfrage.<\/p>\n","protected":false},"featured_media":12897,"comment_status":"closed","ping_status":"closed","template":"","meta":[],"product_brand":[],"product_cat":[1042],"product_tag":[90,998],"class_list":{"0":"post-12894","1":"product","2":"type-product","3":"status-publish","4":"has-post-thumbnail","6":"product_cat-gleitschirm-wendegurtzeuge","7":"product_tag-verkaufsartikel","8":"product_tag-wendegurtzeug","9":"product_shipping_class-priority-10kg-de","11":"first","12":"instock","13":"sale","14":"shipping-taxable","15":"purchasable","16":"product-type-variable"},"yoast_head":"<!-- This site is optimized with the Yoast SEO Premium plugin v26.1 (Yoast SEO v27.3) - https:\/\/yoast.com\/product\/yoast-seo-premium-wordpress\/ -->\n<title>Ozone Solos Wendegurtzeug | Gleitschirmschule Thun, Bern, Interlaken<\/title>\n<meta name=\"description\" content=\"Der Ozone Solos Wendegurtzeug Das SOLOS ist ein leichtes und schnittiges Wendegurtzeug das mit vielen technischen Features ausgestattet ist. Der Solos wurde f\u00fcr Hike &amp; Fly Piloten entwickelt, die etwas mehr Gep\u00e4ck haben (wollen) als den Ultralite mit Zubeh\u00f6r. Das Umfunktionieren vom Gurtzeug in einen angenehmen und gut ausgestatteten Rucksack ist einfach und schnell, wobei sich das Gurtzeug dann kompakt in der R\u00fcckentasche verbirgt. Die Umgestaltung geht geschmeidig und simpel: du kannst dein Camelbag an Ort und Stelle lassen, dort befindet sich eine H\u00fcfttasche mit Rei\u00dfverschluss, eine gro\u00dfe Tasche mit Rei\u00dfverschluss und eine Tasche aus Lycra auf der Seite, drei praktische Kompressionsb\u00e4nder und ein effektiver Taillengurt.\" \/>\n<meta name=\"robots\" content=\"index, follow, max-snippet:-1, max-image-preview:large, max-video-preview:-1\" \/>\n<link rel=\"canonical\" href=\"https:\/\/swissgliders.ch\/de\/produkt\/ozone-solos-wendegurtzeug\/\" \/>\n<meta property=\"og:locale\" content=\"de_DE\" \/>\n<meta property=\"og:type\" content=\"article\" \/>\n<meta property=\"og:title\" content=\"Ozone Solos Wendegurtzeug\" \/>\n<meta property=\"og:description\" content=\"Der Ozone Solos Wendegurtzeug Das SOLOS ist ein leichtes und schnittiges Wendegurtzeug das mit vielen technischen Features ausgestattet ist. Der Solos wurde f\u00fcr Hike &amp; Fly Piloten entwickelt, die etwas mehr Gep\u00e4ck haben (wollen) als den Ultralite mit Zubeh\u00f6r. Das Umfunktionieren vom Gurtzeug in einen angenehmen und gut ausgestatteten Rucksack ist einfach und schnell, wobei sich das Gurtzeug dann kompakt in der R\u00fcckentasche verbirgt. Die Umgestaltung geht geschmeidig und simpel: du kannst dein Camelbag an Ort und Stelle lassen, dort befindet sich eine H\u00fcfttasche mit Rei\u00dfverschluss, eine gro\u00dfe Tasche mit Rei\u00dfverschluss und eine Tasche aus Lycra auf der Seite, drei praktische Kompressionsb\u00e4nder und ein effektiver Taillengurt.\" \/>\n<meta property=\"og:url\" content=\"https:\/\/swissgliders.ch\/de\/produkt\/ozone-solos-wendegurtzeug\/\" \/>\n<meta property=\"og:site_name\" content=\"Gleitschirmschule Thun, Bern, Interlaken\" \/>\n<meta property=\"article:publisher\" content=\"https:\/\/www.facebook.com\/swissgliders\" \/>\n<meta property=\"article:modified_time\" content=\"2025-05-26T13:55:19+00:00\" \/>\n<meta property=\"og:image\" content=\"https:\/\/swissgliders.ch\/wp-content\/uploads\/2024\/04\/Ozone_Wendegurtzeug_Solos-1.jpg\" \/>\n\t<meta property=\"og:image:width\" content=\"1500\" \/>\n\t<meta property=\"og:image:height\" content=\"1000\" \/>\n\t<meta property=\"og:image:type\" content=\"image\/jpeg\" \/>\n<meta name=\"twitter:card\" content=\"summary_large_image\" \/>\n<meta name=\"twitter:site\" content=\"@Swissgliders\" \/>\n<meta name=\"twitter:label1\" content=\"Verf\u00fcgbarkeit\" \/>\n\t<meta name=\"twitter:data1\" content=\"Auf Lager\" \/>\n<script type=\"application\/ld+json\" class=\"yoast-schema-graph\">{\"@context\":\"https:\\\/\\\/schema.org\",\"@graph\":[{\"@type\":\"WebPage\",\"@id\":\"https:\\\/\\\/swissgliders.ch\\\/de\\\/produkt\\\/ozone-solos-wendegurtzeug\\\/\",\"url\":\"https:\\\/\\\/swissgliders.ch\\\/de\\\/produkt\\\/ozone-solos-wendegurtzeug\\\/\",\"name\":\"Ozone Solos Wendegurtzeug | Gleitschirmschule Thun, Bern, Interlaken\",\"isPartOf\":{\"@id\":\"https:\\\/\\\/swissgliders.ch\\\/de\\\/#website\"},\"primaryImageOfPage\":{\"@id\":\"https:\\\/\\\/swissgliders.ch\\\/de\\\/produkt\\\/ozone-solos-wendegurtzeug\\\/#primaryimage\"},\"image\":{\"@id\":\"https:\\\/\\\/swissgliders.ch\\\/de\\\/produkt\\\/ozone-solos-wendegurtzeug\\\/#primaryimage\"},\"thumbnailUrl\":\"https:\\\/\\\/swissgliders.ch\\\/wp-content\\\/uploads\\\/2024\\\/04\\\/Ozone_Wendegurtzeug_Solos-1.jpg\",\"datePublished\":\"2024-04-01T15:57:50+00:00\",\"dateModified\":\"2025-05-26T13:55:19+00:00\",\"description\":\"Der Ozone Solos Wendegurtzeug Das SOLOS ist ein leichtes und schnittiges Wendegurtzeug das mit vielen technischen Features ausgestattet ist. Der Solos wurde f\u00fcr Hike & Fly Piloten entwickelt, die etwas mehr Gep\u00e4ck haben (wollen) als den Ultralite mit Zubeh\u00f6r. Das Umfunktionieren vom Gurtzeug in einen angenehmen und gut ausgestatteten Rucksack ist einfach und schnell, wobei sich das Gurtzeug dann kompakt in der R\u00fcckentasche verbirgt. Die Umgestaltung geht geschmeidig und simpel: du kannst dein Camelbag an Ort und Stelle lassen, dort befindet sich eine H\u00fcfttasche mit Rei\u00dfverschluss, eine gro\u00dfe Tasche mit Rei\u00dfverschluss und eine Tasche aus Lycra auf der Seite, drei praktische Kompressionsb\u00e4nder und ein effektiver Taillengurt.\",\"breadcrumb\":{\"@id\":\"https:\\\/\\\/swissgliders.ch\\\/de\\\/produkt\\\/ozone-solos-wendegurtzeug\\\/#breadcrumb\"},\"inLanguage\":\"de\",\"potentialAction\":[{\"@type\":\"ReadAction\",\"target\":[\"https:\\\/\\\/swissgliders.ch\\\/de\\\/produkt\\\/ozone-solos-wendegurtzeug\\\/\"]}]},{\"@type\":\"ImageObject\",\"inLanguage\":\"de\",\"@id\":\"https:\\\/\\\/swissgliders.ch\\\/de\\\/produkt\\\/ozone-solos-wendegurtzeug\\\/#primaryimage\",\"url\":\"https:\\\/\\\/swissgliders.ch\\\/wp-content\\\/uploads\\\/2024\\\/04\\\/Ozone_Wendegurtzeug_Solos-1.jpg\",\"contentUrl\":\"https:\\\/\\\/swissgliders.ch\\\/wp-content\\\/uploads\\\/2024\\\/04\\\/Ozone_Wendegurtzeug_Solos-1.jpg\",\"width\":1500,\"height\":1000,\"caption\":\"Ozone_Wendegurtzeug_Solos-1\"},{\"@type\":\"BreadcrumbList\",\"@id\":\"https:\\\/\\\/swissgliders.ch\\\/de\\\/produkt\\\/ozone-solos-wendegurtzeug\\\/#breadcrumb\",\"itemListElement\":[{\"@type\":\"ListItem\",\"position\":1,\"name\":\"Startseite\",\"item\":\"https:\\\/\\\/swissgliders.ch\\\/de\\\/willkommen\\\/\"},{\"@type\":\"ListItem\",\"position\":2,\"name\":\"Gleitschirm Shop\",\"item\":\"https:\\\/\\\/swissgliders.ch\\\/de\\\/gleitschirm-shop\\\/\"},{\"@type\":\"ListItem\",\"position\":3,\"name\":\"Ozone Solos Wendegurtzeug\"}]},{\"@type\":\"WebSite\",\"@id\":\"https:\\\/\\\/swissgliders.ch\\\/de\\\/#website\",\"url\":\"https:\\\/\\\/swissgliders.ch\\\/de\\\/\",\"name\":\"Gleitschirmschule Thun, Bern, Interlaken\",\"description\":\"Gleitschirmschule Thun, Bern, Interlaken\",\"publisher\":{\"@id\":\"https:\\\/\\\/swissgliders.ch\\\/de\\\/#organization\"},\"potentialAction\":[{\"@type\":\"SearchAction\",\"target\":{\"@type\":\"EntryPoint\",\"urlTemplate\":\"https:\\\/\\\/swissgliders.ch\\\/de\\\/?s={search_term_string}\"},\"query-input\":{\"@type\":\"PropertyValueSpecification\",\"valueRequired\":true,\"valueName\":\"search_term_string\"}}],\"inLanguage\":\"de\"},{\"@type\":\"Organization\",\"@id\":\"https:\\\/\\\/swissgliders.ch\\\/de\\\/#organization\",\"name\":\"Swissgliders Gleitschirmflugschule Thun\",\"url\":\"https:\\\/\\\/swissgliders.ch\\\/de\\\/\",\"logo\":{\"@type\":\"ImageObject\",\"inLanguage\":\"de\",\"@id\":\"https:\\\/\\\/swissgliders.ch\\\/de\\\/#\\\/schema\\\/logo\\\/image\\\/\",\"url\":\"https:\\\/\\\/swissgliders.ch\\\/wp-content\\\/uploads\\\/2019\\\/12\\\/swissgliders-logo-rgb-square-L-no-ch-01.png\",\"contentUrl\":\"https:\\\/\\\/swissgliders.ch\\\/wp-content\\\/uploads\\\/2019\\\/12\\\/swissgliders-logo-rgb-square-L-no-ch-01.png\",\"width\":2500,\"height\":2500,\"caption\":\"Swissgliders Gleitschirmflugschule Thun\"},\"image\":{\"@id\":\"https:\\\/\\\/swissgliders.ch\\\/de\\\/#\\\/schema\\\/logo\\\/image\\\/\"},\"sameAs\":[\"https:\\\/\\\/www.facebook.com\\\/swissgliders\",\"https:\\\/\\\/x.com\\\/Swissgliders\",\"https:\\\/\\\/www.instagram.com\\\/swissgliders\\\/\",\"https:\\\/\\\/www.youtube.com\\\/channel\\\/UCMCtGdepy9vBhrhX3V_oJOA\"],\"hasMerchantReturnPolicy\":{\"@type\":\"MerchantReturnPolicy\",\"merchantReturnLink\":\"https:\\\/\\\/swissgliders.ch\\\/de\\\/allgemeine-geschaftsbedingungen\\\/\"}}]}<\/script>\n<meta property=\"og:availability\" content=\"instock\" \/>\n<meta property=\"product:availability\" content=\"instock\" \/>\n<meta property=\"product:condition\" content=\"new\" \/>\n<!-- \/ Yoast SEO Premium plugin. -->","yoast_head_json":{"title":"Ozone Solos Wendegurtzeug | Gleitschirmschule Thun, Bern, Interlaken","description":"Der Ozone Solos Wendegurtzeug Das SOLOS ist ein leichtes und schnittiges Wendegurtzeug das mit vielen technischen Features ausgestattet ist. Der Solos wurde f\u00fcr Hike & Fly Piloten entwickelt, die etwas mehr Gep\u00e4ck haben (wollen) als den Ultralite mit Zubeh\u00f6r. Das Umfunktionieren vom Gurtzeug in einen angenehmen und gut ausgestatteten Rucksack ist einfach und schnell, wobei sich das Gurtzeug dann kompakt in der R\u00fcckentasche verbirgt. Die Umgestaltung geht geschmeidig und simpel: du kannst dein Camelbag an Ort und Stelle lassen, dort befindet sich eine H\u00fcfttasche mit Rei\u00dfverschluss, eine gro\u00dfe Tasche mit Rei\u00dfverschluss und eine Tasche aus Lycra auf der Seite, drei praktische Kompressionsb\u00e4nder und ein effektiver Taillengurt.","robots":{"index":"index","follow":"follow","max-snippet":"max-snippet:-1","max-image-preview":"max-image-preview:large","max-video-preview":"max-video-preview:-1"},"canonical":"https:\/\/swissgliders.ch\/de\/produkt\/ozone-solos-wendegurtzeug\/","og_locale":"de_DE","og_type":"article","og_title":"Ozone Solos Wendegurtzeug","og_description":"Der Ozone Solos Wendegurtzeug Das SOLOS ist ein leichtes und schnittiges Wendegurtzeug das mit vielen technischen Features ausgestattet ist. Der Solos wurde f\u00fcr Hike & Fly Piloten entwickelt, die etwas mehr Gep\u00e4ck haben (wollen) als den Ultralite mit Zubeh\u00f6r. Das Umfunktionieren vom Gurtzeug in einen angenehmen und gut ausgestatteten Rucksack ist einfach und schnell, wobei sich das Gurtzeug dann kompakt in der R\u00fcckentasche verbirgt. Die Umgestaltung geht geschmeidig und simpel: du kannst dein Camelbag an Ort und Stelle lassen, dort befindet sich eine H\u00fcfttasche mit Rei\u00dfverschluss, eine gro\u00dfe Tasche mit Rei\u00dfverschluss und eine Tasche aus Lycra auf der Seite, drei praktische Kompressionsb\u00e4nder und ein effektiver Taillengurt.","og_url":"https:\/\/swissgliders.ch\/de\/produkt\/ozone-solos-wendegurtzeug\/","og_site_name":"Gleitschirmschule Thun, Bern, Interlaken","article_publisher":"https:\/\/www.facebook.com\/swissgliders","article_modified_time":"2025-05-26T13:55:19+00:00","og_image":[{"width":1500,"height":1000,"url":"https:\/\/swissgliders.ch\/wp-content\/uploads\/2024\/04\/Ozone_Wendegurtzeug_Solos-1.jpg","type":"image\/jpeg"}],"twitter_card":"summary_large_image","twitter_site":"@Swissgliders","twitter_misc":{"Verf\u00fcgbarkeit":"Auf Lager"},"schema":{"@context":"https:\/\/schema.org","@graph":[{"@type":"WebPage","@id":"https:\/\/swissgliders.ch\/de\/produkt\/ozone-solos-wendegurtzeug\/","url":"https:\/\/swissgliders.ch\/de\/produkt\/ozone-solos-wendegurtzeug\/","name":"Ozone Solos Wendegurtzeug | Gleitschirmschule Thun, Bern, Interlaken","isPartOf":{"@id":"https:\/\/swissgliders.ch\/de\/#website"},"primaryImageOfPage":{"@id":"https:\/\/swissgliders.ch\/de\/produkt\/ozone-solos-wendegurtzeug\/#primaryimage"},"image":{"@id":"https:\/\/swissgliders.ch\/de\/produkt\/ozone-solos-wendegurtzeug\/#primaryimage"},"thumbnailUrl":"https:\/\/swissgliders.ch\/wp-content\/uploads\/2024\/04\/Ozone_Wendegurtzeug_Solos-1.jpg","datePublished":"2024-04-01T15:57:50+00:00","dateModified":"2025-05-26T13:55:19+00:00","description":"Der Ozone Solos Wendegurtzeug Das SOLOS ist ein leichtes und schnittiges Wendegurtzeug das mit vielen technischen Features ausgestattet ist. Der Solos wurde f\u00fcr Hike & Fly Piloten entwickelt, die etwas mehr Gep\u00e4ck haben (wollen) als den Ultralite mit Zubeh\u00f6r. Das Umfunktionieren vom Gurtzeug in einen angenehmen und gut ausgestatteten Rucksack ist einfach und schnell, wobei sich das Gurtzeug dann kompakt in der R\u00fcckentasche verbirgt. Die Umgestaltung geht geschmeidig und simpel: du kannst dein Camelbag an Ort und Stelle lassen, dort befindet sich eine H\u00fcfttasche mit Rei\u00dfverschluss, eine gro\u00dfe Tasche mit Rei\u00dfverschluss und eine Tasche aus Lycra auf der Seite, drei praktische Kompressionsb\u00e4nder und ein effektiver Taillengurt.","breadcrumb":{"@id":"https:\/\/swissgliders.ch\/de\/produkt\/ozone-solos-wendegurtzeug\/#breadcrumb"},"inLanguage":"de","potentialAction":[{"@type":"ReadAction","target":["https:\/\/swissgliders.ch\/de\/produkt\/ozone-solos-wendegurtzeug\/"]}]},{"@type":"ImageObject","inLanguage":"de","@id":"https:\/\/swissgliders.ch\/de\/produkt\/ozone-solos-wendegurtzeug\/#primaryimage","url":"https:\/\/swissgliders.ch\/wp-content\/uploads\/2024\/04\/Ozone_Wendegurtzeug_Solos-1.jpg","contentUrl":"https:\/\/swissgliders.ch\/wp-content\/uploads\/2024\/04\/Ozone_Wendegurtzeug_Solos-1.jpg","width":1500,"height":1000,"caption":"Ozone_Wendegurtzeug_Solos-1"},{"@type":"BreadcrumbList","@id":"https:\/\/swissgliders.ch\/de\/produkt\/ozone-solos-wendegurtzeug\/#breadcrumb","itemListElement":[{"@type":"ListItem","position":1,"name":"Startseite","item":"https:\/\/swissgliders.ch\/de\/willkommen\/"},{"@type":"ListItem","position":2,"name":"Gleitschirm Shop","item":"https:\/\/swissgliders.ch\/de\/gleitschirm-shop\/"},{"@type":"ListItem","position":3,"name":"Ozone Solos Wendegurtzeug"}]},{"@type":"WebSite","@id":"https:\/\/swissgliders.ch\/de\/#website","url":"https:\/\/swissgliders.ch\/de\/","name":"Gleitschirmschule Thun, Bern, Interlaken","description":"Gleitschirmschule Thun, Bern, Interlaken","publisher":{"@id":"https:\/\/swissgliders.ch\/de\/#organization"},"potentialAction":[{"@type":"SearchAction","target":{"@type":"EntryPoint","urlTemplate":"https:\/\/swissgliders.ch\/de\/?s={search_term_string}"},"query-input":{"@type":"PropertyValueSpecification","valueRequired":true,"valueName":"search_term_string"}}],"inLanguage":"de"},{"@type":"Organization","@id":"https:\/\/swissgliders.ch\/de\/#organization","name":"Swissgliders Gleitschirmflugschule Thun","url":"https:\/\/swissgliders.ch\/de\/","logo":{"@type":"ImageObject","inLanguage":"de","@id":"https:\/\/swissgliders.ch\/de\/#\/schema\/logo\/image\/","url":"https:\/\/swissgliders.ch\/wp-content\/uploads\/2019\/12\/swissgliders-logo-rgb-square-L-no-ch-01.png","contentUrl":"https:\/\/swissgliders.ch\/wp-content\/uploads\/2019\/12\/swissgliders-logo-rgb-square-L-no-ch-01.png","width":2500,"height":2500,"caption":"Swissgliders Gleitschirmflugschule Thun"},"image":{"@id":"https:\/\/swissgliders.ch\/de\/#\/schema\/logo\/image\/"},"sameAs":["https:\/\/www.facebook.com\/swissgliders","https:\/\/x.com\/Swissgliders","https:\/\/www.instagram.com\/swissgliders\/","https:\/\/www.youtube.com\/channel\/UCMCtGdepy9vBhrhX3V_oJOA"],"hasMerchantReturnPolicy":{"@type":"MerchantReturnPolicy","merchantReturnLink":"https:\/\/swissgliders.ch\/de\/allgemeine-geschaftsbedingungen\/"}}]},"og_availability":"instock","product_availability":"instock","product_condition":"new"},"_links":{"self":[{"href":"https:\/\/swissgliders.ch\/de\/wp-json\/wp\/v2\/product\/12894","targetHints":{"allow":["GET"]}}],"collection":[{"href":"https:\/\/swissgliders.ch\/de\/wp-json\/wp\/v2\/product"}],"about":[{"href":"https:\/\/swissgliders.ch\/de\/wp-json\/wp\/v2\/types\/product"}],"replies":[{"embeddable":true,"href":"https:\/\/swissgliders.ch\/de\/wp-json\/wp\/v2\/comments?post=12894"}],"wp:featuredmedia":[{"embeddable":true,"href":"https:\/\/swissgliders.ch\/de\/wp-json\/wp\/v2\/media\/12897"}],"wp:attachment":[{"href":"https:\/\/swissgliders.ch\/de\/wp-json\/wp\/v2\/media?parent=12894"}],"wp:term":[{"taxonomy":"product_brand","embeddable":true,"href":"https:\/\/swissgliders.ch\/de\/wp-json\/wp\/v2\/product_brand?post=12894"},{"taxonomy":"product_cat","embeddable":true,"href":"https:\/\/swissgliders.ch\/de\/wp-json\/wp\/v2\/product_cat?post=12894"},{"taxonomy":"product_tag","embeddable":true,"href":"https:\/\/swissgliders.ch\/de\/wp-json\/wp\/v2\/product_tag?post=12894"}],"curies":[{"name":"wp","href":"https:\/\/api.w.org\/{rel}","templated":true}]}}