{"id":12957,"date":"2024-04-04T17:46:18","date_gmt":"2024-04-04T16:46:18","guid":{"rendered":"https:\/\/swissgliders.ch\/?post_type=product&#038;p=12957"},"modified":"2025-05-30T13:29:57","modified_gmt":"2025-05-30T12:29:57","slug":"ozone-ozo-2","status":"publish","type":"product","link":"https:\/\/swissgliders.ch\/de\/produkt\/ozone-ozo-2\/","title":{"rendered":"Ozone Ozo 2"},"content":{"rendered":"<div class=\"et_pb_module et_pb_text et_pb_text_0 et_pb_bg_layout_light et_pb_text_align_left\">\n<div class=\"et_pb_text_inner\">\n<div class=\"et_pb_module et_pb_text et_pb_text_0 et_pb_bg_layout_light et_pb_text_align_left\">\n<div class=\"et_pb_text_inner\">\n<div class=\"et_pb_module et_pb_text et_pb_text_0 et_pb_text_align_left et_pb_bg_layout_light\">\n<h3 class=\"et_pb_text_inner\"><img loading=\"lazy\" decoding=\"async\" class=\"\" src=\"https:\/\/cdn.sanity.io\/images\/lbhlofgm\/production\/5e5709b6bebc808520f62867f1bacc1b1c108a42-1664x1350.jpg\" alt=\"Intro\" width=\"451\" height=\"366\" \/><\/h3>\n<\/div>\n<div class=\"et_pb_module et_pb_text et_pb_text_2 et_pb_text_align_left et_pb_bg_layout_light et_had_animation\">\n<div class=\"blockRenderer\">\n<div>\n<p>Das ultra-leichteste Wendegurtzeug<\/p>\n<p>Unser leichtestes Wendegurtzeug, das OZO 2, wartet f\u00fcr sein geringes Gesamtgewicht von 570 Gramm mit unglaublich viel Komfort und Vielseitigkeit auf.<\/p>\n<p>Der ultra-leichte und dennoch unterst\u00fctzende EVA Schaum bietet Struktur und Polsterung f\u00fcr die Beine, eine gro\u00dfz\u00fcgige R\u00fcckenlastst\u00fctze und angleichbare Schultergurte machen dieses Gurtzeug komfortabel genug f\u00fcr Soaring Ausfl\u00fcge und l\u00e4ngere Hike &amp; Fly Abenteuer. Das OZO 2 ist in drei Gr\u00f6\u00dfen erh\u00e4ltlich, und deckt somit die meisten Pilotengr\u00f6\u00dfen mit perfekter Passform ab.<\/p>\n<p>Ein leichtgewichtiger Beschleuniger ist inkludiert, und die abnehmbaren Beingurte erm\u00f6glichen einen einfachen Startvorgang mit der Ausr\u00fcstung.<\/p>\n<p>Das OZO 2 ist als Rucksack so gestaltet, dass er schnelle und angenehme Aufstiege erm\u00f6glicht. Von Wanderrucks\u00e4cken inspiriert, verteilen die breiten und atmungsaktiven Schultergurte die Last angenehm und wirken unterst\u00fctzend. Somit erm\u00f6glichen sie den Transport von zwei Wasserflaschen, die einfach zug\u00e4nglich sind.<\/p>\n<p>Du wirst viele Staum\u00f6glichkeiten entdecken \u2013 einige Au\u00dfentaschen und ein entfernbares Helm-verstau-System erm\u00f6glichen dir den Transport von allem, was du brauchst, egal ob du dich zu einer kurzen Wanderung aufmachst oder auf eine l\u00e4ngere Hike &amp; Fly Mission gehst.<\/p>\n<p>In den 30 Liter Rucksack passen alle Gr\u00f6\u00dfen des Ultralite Schirmes und der XXLite Fl\u00fcgel, ebenso wie alle \u00e4hnlichen Gleitschirme dieser Klasse.<\/p>\n<p>Entsprechend unserer Mission, die Nachhaltigkeit aller Ozone Produkte zu verbessern, ist das OZO 2 Wendegurtzeug aus zertifiziertem\u00a0<strong>Bluesign<\/strong>\u00a0&amp; OEKO-TEX Ripstop Gewebe gefertigt.<\/p>\n<p><a href=\"https:\/\/cdn.sanity.io\/files\/lbhlofgm\/production\/4ea446746efe80223c489c7a92d23d072fb8ae0f.pdf\" target=\"_blank\" rel=\"noopener noreferrer\">Download the OZO 2 manual<\/a>\u00a0for clip-in and use instructions.<\/p>\n<p><strong>Gr\u00f6\u00dfen &amp; Spezifikationen<\/strong><\/p>\n<p>Das OZO 2 ist nun in drei Gr\u00f6\u00dfen erh\u00e4ltlich, f\u00fcr Piloten mit einer K\u00f6rpergr\u00f6\u00dfe von 150 bis 200 cm.<\/p>\n<ul>\n<li>Gewicht (ohne Karabiner): 540 g (S), 550 g (M), 560 g (L)<\/li>\n<li>Packvolumen: 30 Liter<\/li>\n<li>Zulassung: EN1651 &#8211; 120 KG<\/li>\n<li>Haupts\u00e4chlich verwendeter Stoff: 70D Nylon Ripstop zertifiziert OEKO-TEX Standard 100 und bluesign<\/li>\n<li>Struktur: Dyneema Gewebe<\/li>\n<li>Beinunterst\u00fctzung: EVA Schaum<\/li>\n<\/ul>\n<\/div>\n<\/div>\n<p>&nbsp;<\/p>\n<\/div>\n<\/div>\n<\/div>\n<p>Mehr<a href=\"https:\/\/flyozone.com\/paragliders\/de\/products\/harnesses\/ozo-2\" target=\"_blank\" rel=\"noopener noreferrer\"> Infos<\/a><\/p>\n<p>Falls dieser Artikel nicht an Lager ist, wird er f\u00fcr dich bestellt. Lieferfrist auf Anfrage.<\/p>\n<\/div>\n<\/div>\n","protected":false},"excerpt":{"rendered":"<div class=\"et_pb_module et_pb_text et_pb_text_0 et_pb_bg_layout_light et_pb_text_align_left\">\n<div class=\"et_pb_text_inner\">\n<div class=\"et_pb_module et_pb_text et_pb_text_0 et_pb_text_align_left et_pb_bg_layout_light\">\n<h3 class=\"et_pb_text_inner\"><img loading=\"lazy\" decoding=\"async\" class=\"\" src=\"https:\/\/cdn.sanity.io\/images\/lbhlofgm\/production\/5e5709b6bebc808520f62867f1bacc1b1c108a42-1664x1350.jpg\" alt=\"Intro\" width=\"451\" height=\"366\" \/><\/h3>\n<\/div>\n<div class=\"et_pb_module et_pb_text et_pb_text_2 et_pb_text_align_left et_pb_bg_layout_light et_had_animation\">\n<div class=\"blockRenderer\">\n<div>\n<p>Das ultra-leichteste Wendegurtzeug<\/p>\n<p>Unser leichtestes Wendegurtzeug, das OZO 2, wartet f\u00fcr sein geringes Gesamtgewicht von 570 Gramm mit unglaublich viel Komfort und Vielseitigkeit auf.<\/p>\n<p>Der ultra-leichte und dennoch unterst\u00fctzende EVA Schaum bietet Struktur und Polsterung f\u00fcr die Beine, eine gro\u00dfz\u00fcgige R\u00fcckenlastst\u00fctze und angleichbare Schultergurte machen dieses Gurtzeug komfortabel genug f\u00fcr Soaring Ausfl\u00fcge und l\u00e4ngere Hike &amp; Fly Abenteuer. Das OZO 2 ist in drei Gr\u00f6\u00dfen erh\u00e4ltlich, und deckt somit die meisten Pilotengr\u00f6\u00dfen mit perfekter Passform ab.<\/p>\n<p>Ein leichtgewichtiger Beschleuniger ist inkludiert, und die abnehmbaren Beingurte erm\u00f6glichen einen einfachen Startvorgang mit der Ausr\u00fcstung.<\/p>\n<p>Das OZO 2 ist als Rucksack so gestaltet, dass er schnelle und angenehme Aufstiege erm\u00f6glicht. Von Wanderrucks\u00e4cken inspiriert, verteilen die breiten und atmungsaktiven Schultergurte die Last angenehm und wirken unterst\u00fctzend. Somit erm\u00f6glichen sie den Transport von zwei Wasserflaschen, die einfach zug\u00e4nglich sind.<\/p>\n<p>Du wirst viele Staum\u00f6glichkeiten entdecken \u2013 einige Au\u00dfentaschen und ein entfernbares Helm-verstau-System erm\u00f6glichen dir den Transport von allem, was du brauchst, egal ob du dich zu einer kurzen Wanderung aufmachst oder auf eine l\u00e4ngere Hike &amp; Fly Mission gehst.<\/p>\n<p>In den 30 Liter Rucksack passen alle Gr\u00f6\u00dfen des Ultralite Schirmes und der XXLite Fl\u00fcgel, ebenso wie alle \u00e4hnlichen Gleitschirme dieser Klasse.<\/p>\n<p>Entsprechend unserer Mission, die Nachhaltigkeit aller Ozone Produkte zu verbessern, ist das OZO 2 Wendegurtzeug aus zertifiziertem\u00a0<strong>Bluesign<\/strong>\u00a0&amp; OEKO-TEX Ripstop Gewebe gefertigt.<\/p>\n<p><a href=\"https:\/\/cdn.sanity.io\/files\/lbhlofgm\/production\/4ea446746efe80223c489c7a92d23d072fb8ae0f.pdf\" target=\"_blank\" rel=\"noopener noreferrer\">Download the OZO 2 manual<\/a>\u00a0for clip-in and use instructions.<\/p>\n<p><strong>Gr\u00f6\u00dfen &amp; Spezifikationen<\/strong><\/p>\n<p>Das OZO 2 ist nun in drei Gr\u00f6\u00dfen erh\u00e4ltlich, f\u00fcr Piloten mit einer K\u00f6rpergr\u00f6\u00dfe von 150 bis 200 cm.<\/p>\n<ul>\n<li>Gewicht (ohne Karabiner): 540 g (S), 550 g (M), 560 g (L)<\/li>\n<li>Packvolumen: 30 Liter<\/li>\n<li>Zulassung: EN1651 &#8211; 120 KG<\/li>\n<li>Haupts\u00e4chlich verwendeter Stoff: 70D Nylon Ripstop zertifiziert OEKO-TEX Standard 100 und bluesign<\/li>\n<li>Struktur: Dyneema Gewebe<\/li>\n<li>Beinunterst\u00fctzung: EVA Schaum<\/li>\n<\/ul>\n<\/div>\n<\/div>\n<p>&nbsp;<\/p>\n<\/div>\n<\/div>\n<\/div>\n<p>Mehr<a href=\"https:\/\/flyozone.com\/paragliders\/de\/products\/harnesses\/ozo-2\" target=\"_blank\" rel=\"noopener noreferrer\"> Infos<\/a><\/p>\n<p>Falls dieser Artikel nicht an Lager ist, wird er f\u00fcr dich bestellt. Lieferfrist auf Anfrage.<\/p>\n","protected":false},"featured_media":12960,"comment_status":"closed","ping_status":"closed","template":"","meta":[],"product_brand":[],"product_cat":[1026],"product_tag":[1965,90],"class_list":{"0":"post-12957","1":"product","2":"type-product","3":"status-publish","4":"has-post-thumbnail","6":"product_cat-leichte-gleitschirmgurtzeuge","7":"product_tag-ultraleichtgurtzeug","8":"product_tag-verkaufsartikel","9":"product_shipping_class-priority-10kg-de","11":"first","12":"instock","13":"sale","14":"shipping-taxable","15":"purchasable","16":"product-type-variable"},"yoast_head":"<!-- This site is optimized with the Yoast SEO Premium plugin v26.1 (Yoast SEO v27.4) - https:\/\/yoast.com\/product\/yoast-seo-premium-wordpress\/ -->\n<title>Ozone Ozo 2 | Gleitschirmschule Thun, Bern, Interlaken<\/title>\n<meta name=\"description\" content=\"Ozone Ozo 2 das ultra-leichteste Wendegurtzeug Unser leichtestes Wendegurtzeug, das OZO 2, wartet f\u00fcr sein geringes Gesamtgewicht von 570 Gramm mit unglaublich viel Komfort und Vielseitigkeit auf. Der ultra-leichte und dennoch unterst\u00fctzende EVA Schaum bietet Struktur und Polsterung f\u00fcr die Beine, eine gro\u00dfz\u00fcgige R\u00fcckenlastst\u00fctze und angleichbare Schultergurte machen dieses Gurtzeug komfortabel genug f\u00fcr Soaring Ausfl\u00fcge und l\u00e4ngere Hike &amp; Fly Abenteuer. Das OZO 2 ist in drei Gr\u00f6\u00dfen erh\u00e4ltlich, und deckt somit die meisten Pilotengr\u00f6\u00dfen mit perfekter Passform ab. Ein leichtgewichtiger Beschleuniger ist inkludiert, und die abnehmbaren Beingurte erm\u00f6glichen einen einfachen Startvorgang mit der Ausr\u00fcstung.\" \/>\n<meta name=\"robots\" content=\"index, follow, max-snippet:-1, max-image-preview:large, max-video-preview:-1\" \/>\n<link rel=\"canonical\" href=\"https:\/\/swissgliders.ch\/de\/produkt\/ozone-ozo-2\/\" \/>\n<meta property=\"og:locale\" content=\"de_DE\" \/>\n<meta property=\"og:type\" content=\"article\" \/>\n<meta property=\"og:title\" content=\"Ozone Ozo 2\" \/>\n<meta property=\"og:description\" content=\"Ozone Ozo 2 das ultra-leichteste Wendegurtzeug Unser leichtestes Wendegurtzeug, das OZO 2, wartet f\u00fcr sein geringes Gesamtgewicht von 570 Gramm mit unglaublich viel Komfort und Vielseitigkeit auf. Der ultra-leichte und dennoch unterst\u00fctzende EVA Schaum bietet Struktur und Polsterung f\u00fcr die Beine, eine gro\u00dfz\u00fcgige R\u00fcckenlastst\u00fctze und angleichbare Schultergurte machen dieses Gurtzeug komfortabel genug f\u00fcr Soaring Ausfl\u00fcge und l\u00e4ngere Hike &amp; Fly Abenteuer. Das OZO 2 ist in drei Gr\u00f6\u00dfen erh\u00e4ltlich, und deckt somit die meisten Pilotengr\u00f6\u00dfen mit perfekter Passform ab. Ein leichtgewichtiger Beschleuniger ist inkludiert, und die abnehmbaren Beingurte erm\u00f6glichen einen einfachen Startvorgang mit der Ausr\u00fcstung.\" \/>\n<meta property=\"og:url\" content=\"https:\/\/swissgliders.ch\/de\/produkt\/ozone-ozo-2\/\" \/>\n<meta property=\"og:site_name\" content=\"Gleitschirmschule Thun, Bern, Interlaken\" \/>\n<meta property=\"article:publisher\" content=\"https:\/\/www.facebook.com\/swissgliders\" \/>\n<meta property=\"article:modified_time\" content=\"2025-05-30T12:29:57+00:00\" \/>\n<meta property=\"og:image\" content=\"https:\/\/swissgliders.ch\/wp-content\/uploads\/2024\/04\/Ozone_Gurtzeug_Ozo-2-1.jpg\" \/>\n\t<meta property=\"og:image:width\" content=\"881\" \/>\n\t<meta property=\"og:image:height\" content=\"1200\" \/>\n\t<meta property=\"og:image:type\" content=\"image\/jpeg\" \/>\n<meta name=\"twitter:card\" content=\"summary_large_image\" \/>\n<meta name=\"twitter:site\" content=\"@Swissgliders\" \/>\n<meta name=\"twitter:label1\" content=\"Verf\u00fcgbarkeit\" \/>\n\t<meta name=\"twitter:data1\" content=\"Auf Lager\" \/>\n<script type=\"application\/ld+json\" class=\"yoast-schema-graph\">{\"@context\":\"https:\\\/\\\/schema.org\",\"@graph\":[{\"@type\":\"WebPage\",\"@id\":\"https:\\\/\\\/swissgliders.ch\\\/de\\\/produkt\\\/ozone-ozo-2\\\/\",\"url\":\"https:\\\/\\\/swissgliders.ch\\\/de\\\/produkt\\\/ozone-ozo-2\\\/\",\"name\":\"Ozone Ozo 2 | Gleitschirmschule Thun, Bern, Interlaken\",\"isPartOf\":{\"@id\":\"https:\\\/\\\/swissgliders.ch\\\/de\\\/#website\"},\"primaryImageOfPage\":{\"@id\":\"https:\\\/\\\/swissgliders.ch\\\/de\\\/produkt\\\/ozone-ozo-2\\\/#primaryimage\"},\"image\":{\"@id\":\"https:\\\/\\\/swissgliders.ch\\\/de\\\/produkt\\\/ozone-ozo-2\\\/#primaryimage\"},\"thumbnailUrl\":\"https:\\\/\\\/swissgliders.ch\\\/wp-content\\\/uploads\\\/2024\\\/04\\\/Ozone_Gurtzeug_Ozo-2-1.jpg\",\"datePublished\":\"2024-04-04T16:46:18+00:00\",\"dateModified\":\"2025-05-30T12:29:57+00:00\",\"description\":\"Ozone Ozo 2 das ultra-leichteste Wendegurtzeug Unser leichtestes Wendegurtzeug, das OZO 2, wartet f\u00fcr sein geringes Gesamtgewicht von 570 Gramm mit unglaublich viel Komfort und Vielseitigkeit auf. Der ultra-leichte und dennoch unterst\u00fctzende EVA Schaum bietet Struktur und Polsterung f\u00fcr die Beine, eine gro\u00dfz\u00fcgige R\u00fcckenlastst\u00fctze und angleichbare Schultergurte machen dieses Gurtzeug komfortabel genug f\u00fcr Soaring Ausfl\u00fcge und l\u00e4ngere Hike & Fly Abenteuer. Das OZO 2 ist in drei Gr\u00f6\u00dfen erh\u00e4ltlich, und deckt somit die meisten Pilotengr\u00f6\u00dfen mit perfekter Passform ab. Ein leichtgewichtiger Beschleuniger ist inkludiert, und die abnehmbaren Beingurte erm\u00f6glichen einen einfachen Startvorgang mit der Ausr\u00fcstung.\",\"breadcrumb\":{\"@id\":\"https:\\\/\\\/swissgliders.ch\\\/de\\\/produkt\\\/ozone-ozo-2\\\/#breadcrumb\"},\"inLanguage\":\"de\",\"potentialAction\":[{\"@type\":\"ReadAction\",\"target\":[\"https:\\\/\\\/swissgliders.ch\\\/de\\\/produkt\\\/ozone-ozo-2\\\/\"]}]},{\"@type\":\"ImageObject\",\"inLanguage\":\"de\",\"@id\":\"https:\\\/\\\/swissgliders.ch\\\/de\\\/produkt\\\/ozone-ozo-2\\\/#primaryimage\",\"url\":\"https:\\\/\\\/swissgliders.ch\\\/wp-content\\\/uploads\\\/2024\\\/04\\\/Ozone_Gurtzeug_Ozo-2-1.jpg\",\"contentUrl\":\"https:\\\/\\\/swissgliders.ch\\\/wp-content\\\/uploads\\\/2024\\\/04\\\/Ozone_Gurtzeug_Ozo-2-1.jpg\",\"width\":881,\"height\":1200,\"caption\":\"Ozone_Gurtzeug_Ozo 2-1\"},{\"@type\":\"BreadcrumbList\",\"@id\":\"https:\\\/\\\/swissgliders.ch\\\/de\\\/produkt\\\/ozone-ozo-2\\\/#breadcrumb\",\"itemListElement\":[{\"@type\":\"ListItem\",\"position\":1,\"name\":\"Startseite\",\"item\":\"https:\\\/\\\/swissgliders.ch\\\/de\\\/willkommen\\\/\"},{\"@type\":\"ListItem\",\"position\":2,\"name\":\"Gleitschirm Shop\",\"item\":\"https:\\\/\\\/swissgliders.ch\\\/de\\\/gleitschirm-shop\\\/\"},{\"@type\":\"ListItem\",\"position\":3,\"name\":\"Ozone Ozo 2\"}]},{\"@type\":\"WebSite\",\"@id\":\"https:\\\/\\\/swissgliders.ch\\\/de\\\/#website\",\"url\":\"https:\\\/\\\/swissgliders.ch\\\/de\\\/\",\"name\":\"Gleitschirmschule Thun, Bern, Interlaken\",\"description\":\"Gleitschirmschule Thun, Bern, Interlaken\",\"publisher\":{\"@id\":\"https:\\\/\\\/swissgliders.ch\\\/de\\\/#organization\"},\"potentialAction\":[{\"@type\":\"SearchAction\",\"target\":{\"@type\":\"EntryPoint\",\"urlTemplate\":\"https:\\\/\\\/swissgliders.ch\\\/de\\\/?s={search_term_string}\"},\"query-input\":{\"@type\":\"PropertyValueSpecification\",\"valueRequired\":true,\"valueName\":\"search_term_string\"}}],\"inLanguage\":\"de\"},{\"@type\":\"Organization\",\"@id\":\"https:\\\/\\\/swissgliders.ch\\\/de\\\/#organization\",\"name\":\"Swissgliders Gleitschirmflugschule Thun\",\"url\":\"https:\\\/\\\/swissgliders.ch\\\/de\\\/\",\"logo\":{\"@type\":\"ImageObject\",\"inLanguage\":\"de\",\"@id\":\"https:\\\/\\\/swissgliders.ch\\\/de\\\/#\\\/schema\\\/logo\\\/image\\\/\",\"url\":\"https:\\\/\\\/swissgliders.ch\\\/wp-content\\\/uploads\\\/2019\\\/12\\\/swissgliders-logo-rgb-square-L-no-ch-01.png\",\"contentUrl\":\"https:\\\/\\\/swissgliders.ch\\\/wp-content\\\/uploads\\\/2019\\\/12\\\/swissgliders-logo-rgb-square-L-no-ch-01.png\",\"width\":2500,\"height\":2500,\"caption\":\"Swissgliders Gleitschirmflugschule Thun\"},\"image\":{\"@id\":\"https:\\\/\\\/swissgliders.ch\\\/de\\\/#\\\/schema\\\/logo\\\/image\\\/\"},\"sameAs\":[\"https:\\\/\\\/www.facebook.com\\\/swissgliders\",\"https:\\\/\\\/x.com\\\/Swissgliders\",\"https:\\\/\\\/www.instagram.com\\\/swissgliders\\\/\",\"https:\\\/\\\/www.youtube.com\\\/channel\\\/UCMCtGdepy9vBhrhX3V_oJOA\"],\"hasMerchantReturnPolicy\":{\"@type\":\"MerchantReturnPolicy\",\"merchantReturnLink\":\"https:\\\/\\\/swissgliders.ch\\\/de\\\/allgemeine-geschaftsbedingungen\\\/\"}}]}<\/script>\n<meta property=\"og:availability\" content=\"instock\" \/>\n<meta property=\"product:availability\" content=\"instock\" \/>\n<meta property=\"product:condition\" content=\"new\" \/>\n<!-- \/ Yoast SEO Premium plugin. -->","yoast_head_json":{"title":"Ozone Ozo 2 | Gleitschirmschule Thun, Bern, Interlaken","description":"Ozone Ozo 2 das ultra-leichteste Wendegurtzeug Unser leichtestes Wendegurtzeug, das OZO 2, wartet f\u00fcr sein geringes Gesamtgewicht von 570 Gramm mit unglaublich viel Komfort und Vielseitigkeit auf. Der ultra-leichte und dennoch unterst\u00fctzende EVA Schaum bietet Struktur und Polsterung f\u00fcr die Beine, eine gro\u00dfz\u00fcgige R\u00fcckenlastst\u00fctze und angleichbare Schultergurte machen dieses Gurtzeug komfortabel genug f\u00fcr Soaring Ausfl\u00fcge und l\u00e4ngere Hike & Fly Abenteuer. Das OZO 2 ist in drei Gr\u00f6\u00dfen erh\u00e4ltlich, und deckt somit die meisten Pilotengr\u00f6\u00dfen mit perfekter Passform ab. Ein leichtgewichtiger Beschleuniger ist inkludiert, und die abnehmbaren Beingurte erm\u00f6glichen einen einfachen Startvorgang mit der Ausr\u00fcstung.","robots":{"index":"index","follow":"follow","max-snippet":"max-snippet:-1","max-image-preview":"max-image-preview:large","max-video-preview":"max-video-preview:-1"},"canonical":"https:\/\/swissgliders.ch\/de\/produkt\/ozone-ozo-2\/","og_locale":"de_DE","og_type":"article","og_title":"Ozone Ozo 2","og_description":"Ozone Ozo 2 das ultra-leichteste Wendegurtzeug Unser leichtestes Wendegurtzeug, das OZO 2, wartet f\u00fcr sein geringes Gesamtgewicht von 570 Gramm mit unglaublich viel Komfort und Vielseitigkeit auf. Der ultra-leichte und dennoch unterst\u00fctzende EVA Schaum bietet Struktur und Polsterung f\u00fcr die Beine, eine gro\u00dfz\u00fcgige R\u00fcckenlastst\u00fctze und angleichbare Schultergurte machen dieses Gurtzeug komfortabel genug f\u00fcr Soaring Ausfl\u00fcge und l\u00e4ngere Hike & Fly Abenteuer. Das OZO 2 ist in drei Gr\u00f6\u00dfen erh\u00e4ltlich, und deckt somit die meisten Pilotengr\u00f6\u00dfen mit perfekter Passform ab. Ein leichtgewichtiger Beschleuniger ist inkludiert, und die abnehmbaren Beingurte erm\u00f6glichen einen einfachen Startvorgang mit der Ausr\u00fcstung.","og_url":"https:\/\/swissgliders.ch\/de\/produkt\/ozone-ozo-2\/","og_site_name":"Gleitschirmschule Thun, Bern, Interlaken","article_publisher":"https:\/\/www.facebook.com\/swissgliders","article_modified_time":"2025-05-30T12:29:57+00:00","og_image":[{"width":881,"height":1200,"url":"https:\/\/swissgliders.ch\/wp-content\/uploads\/2024\/04\/Ozone_Gurtzeug_Ozo-2-1.jpg","type":"image\/jpeg"}],"twitter_card":"summary_large_image","twitter_site":"@Swissgliders","twitter_misc":{"Verf\u00fcgbarkeit":"Auf Lager"},"schema":{"@context":"https:\/\/schema.org","@graph":[{"@type":"WebPage","@id":"https:\/\/swissgliders.ch\/de\/produkt\/ozone-ozo-2\/","url":"https:\/\/swissgliders.ch\/de\/produkt\/ozone-ozo-2\/","name":"Ozone Ozo 2 | Gleitschirmschule Thun, Bern, Interlaken","isPartOf":{"@id":"https:\/\/swissgliders.ch\/de\/#website"},"primaryImageOfPage":{"@id":"https:\/\/swissgliders.ch\/de\/produkt\/ozone-ozo-2\/#primaryimage"},"image":{"@id":"https:\/\/swissgliders.ch\/de\/produkt\/ozone-ozo-2\/#primaryimage"},"thumbnailUrl":"https:\/\/swissgliders.ch\/wp-content\/uploads\/2024\/04\/Ozone_Gurtzeug_Ozo-2-1.jpg","datePublished":"2024-04-04T16:46:18+00:00","dateModified":"2025-05-30T12:29:57+00:00","description":"Ozone Ozo 2 das ultra-leichteste Wendegurtzeug Unser leichtestes Wendegurtzeug, das OZO 2, wartet f\u00fcr sein geringes Gesamtgewicht von 570 Gramm mit unglaublich viel Komfort und Vielseitigkeit auf. Der ultra-leichte und dennoch unterst\u00fctzende EVA Schaum bietet Struktur und Polsterung f\u00fcr die Beine, eine gro\u00dfz\u00fcgige R\u00fcckenlastst\u00fctze und angleichbare Schultergurte machen dieses Gurtzeug komfortabel genug f\u00fcr Soaring Ausfl\u00fcge und l\u00e4ngere Hike & Fly Abenteuer. Das OZO 2 ist in drei Gr\u00f6\u00dfen erh\u00e4ltlich, und deckt somit die meisten Pilotengr\u00f6\u00dfen mit perfekter Passform ab. Ein leichtgewichtiger Beschleuniger ist inkludiert, und die abnehmbaren Beingurte erm\u00f6glichen einen einfachen Startvorgang mit der Ausr\u00fcstung.","breadcrumb":{"@id":"https:\/\/swissgliders.ch\/de\/produkt\/ozone-ozo-2\/#breadcrumb"},"inLanguage":"de","potentialAction":[{"@type":"ReadAction","target":["https:\/\/swissgliders.ch\/de\/produkt\/ozone-ozo-2\/"]}]},{"@type":"ImageObject","inLanguage":"de","@id":"https:\/\/swissgliders.ch\/de\/produkt\/ozone-ozo-2\/#primaryimage","url":"https:\/\/swissgliders.ch\/wp-content\/uploads\/2024\/04\/Ozone_Gurtzeug_Ozo-2-1.jpg","contentUrl":"https:\/\/swissgliders.ch\/wp-content\/uploads\/2024\/04\/Ozone_Gurtzeug_Ozo-2-1.jpg","width":881,"height":1200,"caption":"Ozone_Gurtzeug_Ozo 2-1"},{"@type":"BreadcrumbList","@id":"https:\/\/swissgliders.ch\/de\/produkt\/ozone-ozo-2\/#breadcrumb","itemListElement":[{"@type":"ListItem","position":1,"name":"Startseite","item":"https:\/\/swissgliders.ch\/de\/willkommen\/"},{"@type":"ListItem","position":2,"name":"Gleitschirm Shop","item":"https:\/\/swissgliders.ch\/de\/gleitschirm-shop\/"},{"@type":"ListItem","position":3,"name":"Ozone Ozo 2"}]},{"@type":"WebSite","@id":"https:\/\/swissgliders.ch\/de\/#website","url":"https:\/\/swissgliders.ch\/de\/","name":"Gleitschirmschule Thun, Bern, Interlaken","description":"Gleitschirmschule Thun, Bern, Interlaken","publisher":{"@id":"https:\/\/swissgliders.ch\/de\/#organization"},"potentialAction":[{"@type":"SearchAction","target":{"@type":"EntryPoint","urlTemplate":"https:\/\/swissgliders.ch\/de\/?s={search_term_string}"},"query-input":{"@type":"PropertyValueSpecification","valueRequired":true,"valueName":"search_term_string"}}],"inLanguage":"de"},{"@type":"Organization","@id":"https:\/\/swissgliders.ch\/de\/#organization","name":"Swissgliders Gleitschirmflugschule Thun","url":"https:\/\/swissgliders.ch\/de\/","logo":{"@type":"ImageObject","inLanguage":"de","@id":"https:\/\/swissgliders.ch\/de\/#\/schema\/logo\/image\/","url":"https:\/\/swissgliders.ch\/wp-content\/uploads\/2019\/12\/swissgliders-logo-rgb-square-L-no-ch-01.png","contentUrl":"https:\/\/swissgliders.ch\/wp-content\/uploads\/2019\/12\/swissgliders-logo-rgb-square-L-no-ch-01.png","width":2500,"height":2500,"caption":"Swissgliders Gleitschirmflugschule Thun"},"image":{"@id":"https:\/\/swissgliders.ch\/de\/#\/schema\/logo\/image\/"},"sameAs":["https:\/\/www.facebook.com\/swissgliders","https:\/\/x.com\/Swissgliders","https:\/\/www.instagram.com\/swissgliders\/","https:\/\/www.youtube.com\/channel\/UCMCtGdepy9vBhrhX3V_oJOA"],"hasMerchantReturnPolicy":{"@type":"MerchantReturnPolicy","merchantReturnLink":"https:\/\/swissgliders.ch\/de\/allgemeine-geschaftsbedingungen\/"}}]},"og_availability":"instock","product_availability":"instock","product_condition":"new"},"_links":{"self":[{"href":"https:\/\/swissgliders.ch\/de\/wp-json\/wp\/v2\/product\/12957","targetHints":{"allow":["GET"]}}],"collection":[{"href":"https:\/\/swissgliders.ch\/de\/wp-json\/wp\/v2\/product"}],"about":[{"href":"https:\/\/swissgliders.ch\/de\/wp-json\/wp\/v2\/types\/product"}],"replies":[{"embeddable":true,"href":"https:\/\/swissgliders.ch\/de\/wp-json\/wp\/v2\/comments?post=12957"}],"wp:featuredmedia":[{"embeddable":true,"href":"https:\/\/swissgliders.ch\/de\/wp-json\/wp\/v2\/media\/12960"}],"wp:attachment":[{"href":"https:\/\/swissgliders.ch\/de\/wp-json\/wp\/v2\/media?parent=12957"}],"wp:term":[{"taxonomy":"product_brand","embeddable":true,"href":"https:\/\/swissgliders.ch\/de\/wp-json\/wp\/v2\/product_brand?post=12957"},{"taxonomy":"product_cat","embeddable":true,"href":"https:\/\/swissgliders.ch\/de\/wp-json\/wp\/v2\/product_cat?post=12957"},{"taxonomy":"product_tag","embeddable":true,"href":"https:\/\/swissgliders.ch\/de\/wp-json\/wp\/v2\/product_tag?post=12957"}],"curies":[{"name":"wp","href":"https:\/\/api.w.org\/{rel}","templated":true}]}}