{"id":13035,"date":"2024-04-15T15:02:36","date_gmt":"2024-04-15T14:02:36","guid":{"rendered":"https:\/\/swissgliders.ch\/?post_type=product&#038;p=13035"},"modified":"2025-05-30T13:23:32","modified_gmt":"2025-05-30T12:23:32","slug":"ozone-oxygen-1","status":"publish","type":"product","link":"https:\/\/swissgliders.ch\/de\/produkt\/ozone-oxygen-1\/","title":{"rendered":"Ozone Oxygen 1"},"content":{"rendered":"<div class=\"et_pb_module et_pb_text et_pb_text_0 et_pb_bg_layout_light et_pb_text_align_left\">\n<div class=\"et_pb_text_inner\">\n<div class=\"et_pb_module et_pb_text et_pb_text_0 et_pb_bg_layout_light et_pb_text_align_left\">\n<div class=\"et_pb_text_inner\">\n<h3 class=\"et_pb_module et_pb_text et_pb_text_0 et_pb_text_align_left et_pb_bg_layout_light\"><img loading=\"lazy\" decoding=\"async\" class=\"\" src=\"https:\/\/cdn.sanity.io\/images\/lbhlofgm\/production\/2ef8b565baab7d51377f996f27b7da10dd754747-900x925.jpg\" width=\"366\" height=\"376\" \/><\/h3>\n<div class=\"et_pb_module et_pb_text et_pb_text_2 et_pb_text_align_left et_pb_bg_layout_light et_had_animation\">\n<div class=\"blockRenderer\">\n<p>Das Oxygen 1 ist ein leichtgewichtiges Gurtzeug mit Wende-Rucksack. Es ist aus leichten Materialien hergestellt, und wiegt zusammen mit den Schlie\u00dfen und Schraubsch\u00e4keln nur 1,3 kg. Es ist mit 120 kg DHV Last getestet.<\/p>\n<div class=\"blockRenderer\">\n<div>\n<p>Das Oxygen1 ist ein leichtgewichtiges Gurtzeug mit Wende-Rucksack. Es ist aus leichten Materialien hergestellt, und wiegt zusammen mit den Schlie\u00dfen und Schraubsch\u00e4keln nur 1,3 kg. Es ist mit 120 kg DHV Last getestet.<\/p>\n<p>Umgedreht ist das O1 ein idealer Rucksack f\u00fcr lange Aufstiege, da es f\u00fcr einen Leichtgleitschirm, Helm, Handschuhe, Jacke und Wasser gen\u00fcgend Platz bietet. In der Luft ist das Gurtzeug komfortabel und angleichbar, und sowohl zum Soaren als auch f\u00fcr XC-Fl\u00fcge geeignet. Wenn du auf minimales Gewicht bei maximalem Spa\u00df aus bist, dann ist das O1 in Kombination mit dem OZONE Ultralite Gleitschirm perfekt.<\/p>\n<\/div>\n<\/div>\n<\/div>\n<p>&nbsp;<\/p>\n<\/div>\n<\/div>\n<\/div>\n<p>Mehr<a href=\"https:\/\/flyozone.com\/paragliders\/de\/products\/harnesses\/oxygen-1\" target=\"_blank\" rel=\"noopener noreferrer\"> Infos<\/a><\/p>\n<p>Falls dieser Artikel nicht an Lager ist, wird er f\u00fcr dich bestellt. Lieferfrist auf Anfrage.<\/p>\n<\/div>\n<\/div>\n","protected":false},"excerpt":{"rendered":"<div class=\"et_pb_module et_pb_text et_pb_text_0 et_pb_bg_layout_light et_pb_text_align_left\">\n<div class=\"et_pb_text_inner\">\n<div class=\"et_pb_module et_pb_text et_pb_text_0 et_pb_bg_layout_light et_pb_text_align_left\">\n<div class=\"et_pb_text_inner\">\n<h3 class=\"et_pb_module et_pb_text et_pb_text_0 et_pb_text_align_left et_pb_bg_layout_light\"><img loading=\"lazy\" decoding=\"async\" class=\"\" src=\"https:\/\/cdn.sanity.io\/images\/lbhlofgm\/production\/2ef8b565baab7d51377f996f27b7da10dd754747-900x925.jpg\" width=\"366\" height=\"376\" \/><\/h3>\n<div class=\"et_pb_module et_pb_text et_pb_text_2 et_pb_text_align_left et_pb_bg_layout_light et_had_animation\">\n<div class=\"blockRenderer\">\n<p>Das Oxygen 1 ist ein leichtgewichtiges Gurtzeug mit Wende-Rucksack. Es ist aus leichten Materialien hergestellt, und wiegt zusammen mit den Schlie\u00dfen und Schraubsch\u00e4keln nur 1,3 kg. Es ist mit 120 kg DHV Last getestet.<\/p>\n<div class=\"blockRenderer\">\n<div>\n<p>Das Oxygen1 ist ein leichtgewichtiges Gurtzeug mit Wende-Rucksack. Es ist aus leichten Materialien hergestellt, und wiegt zusammen mit den Schlie\u00dfen und Schraubsch\u00e4keln nur 1,3 kg. Es ist mit 120 kg DHV Last getestet.<\/p>\n<p>Umgedreht ist das O1 ein idealer Rucksack f\u00fcr lange Aufstiege, da es f\u00fcr einen Leichtgleitschirm, Helm, Handschuhe, Jacke und Wasser gen\u00fcgend Platz bietet. In der Luft ist das Gurtzeug komfortabel und angleichbar, und sowohl zum Soaren als auch f\u00fcr XC-Fl\u00fcge geeignet. Wenn du auf minimales Gewicht bei maximalem Spa\u00df aus bist, dann ist das O1 in Kombination mit dem OZONE Ultralite Gleitschirm perfekt.<\/p>\n<\/div>\n<\/div>\n<\/div>\n<p>&nbsp;<\/p>\n<\/div>\n<\/div>\n<\/div>\n<p>Mehr<a href=\"https:\/\/flyozone.com\/paragliders\/de\/products\/harnesses\/oxygen-1\" target=\"_blank\" rel=\"noopener noreferrer\"> Infos<\/a><\/p>\n<p>Falls dieser Artikel nicht an Lager ist, wird er f\u00fcr dich bestellt. Lieferfrist auf Anfrage.<\/p>\n<\/div>\n<\/div>\n","protected":false},"featured_media":13038,"comment_status":"closed","ping_status":"closed","template":"","meta":[],"product_brand":[],"product_cat":[1026],"product_tag":[1040,90],"class_list":{"0":"post-13035","1":"product","2":"type-product","3":"status-publish","4":"has-post-thumbnail","6":"product_cat-leichte-gleitschirmgurtzeuge","7":"product_tag-leichtgurtzeug","8":"product_tag-verkaufsartikel","9":"product_shipping_class-priority-10kg-de","11":"first","12":"instock","13":"sale","14":"shipping-taxable","15":"purchasable","16":"product-type-variable"},"yoast_head":"<!-- This site is optimized with the Yoast SEO Premium plugin v26.1 (Yoast SEO v27.3) - https:\/\/yoast.com\/product\/yoast-seo-premium-wordpress\/ -->\n<title>Ozone Oxygen 1 | Gleitschirmschule Thun, Bern, Interlaken<\/title>\n<meta name=\"description\" content=\"Das Oxygen 1 ist ein leichtgewichtiges Gurtzeug mit Wende-Rucksack. Es ist aus leichten Materialien hergestellt, und wiegt zusammen mit den Schlie\u00dfen und Schraubsch\u00e4keln nur 1,3 kg. Es ist mit 120 kg DHV Last getestet. Das Oxygen1 ist ein leichtgewichtiges Gurtzeug mit Wende-Rucksack. Es ist aus leichten Materialien hergestellt, und wiegt zusammen mit den Schlie\u00dfen und Schraubsch\u00e4keln nur 1,3 kg. Es ist mit 120 kg DHV Last getestet. Umgedreht ist das O1 ein idealer Rucksack f\u00fcr lange Aufstiege, da es f\u00fcr einen Leichtgleitschirm, Helm, Handschuhe, Jacke und Wasser gen\u00fcgend Platz bietet. In der Luft ist das Gurtzeug komfortabel und angleichbar, und sowohl zum Soaren als auch f\u00fcr XC-Fl\u00fcge geeignet. Wenn du auf minimales Gewicht bei maximalem Spa\u00df aus bist, dann ist das O1 in Kombination mit dem OZONE Ultralite Gleitschirm perfekt.\" \/>\n<meta name=\"robots\" content=\"index, follow, max-snippet:-1, max-image-preview:large, max-video-preview:-1\" \/>\n<link rel=\"canonical\" href=\"https:\/\/swissgliders.ch\/de\/produkt\/ozone-oxygen-1\/\" \/>\n<meta property=\"og:locale\" content=\"de_DE\" \/>\n<meta property=\"og:type\" content=\"article\" \/>\n<meta property=\"og:title\" content=\"Ozone Oxygen 1\" \/>\n<meta property=\"og:description\" content=\"Das Oxygen 1 ist ein leichtgewichtiges Gurtzeug mit Wende-Rucksack. Es ist aus leichten Materialien hergestellt, und wiegt zusammen mit den Schlie\u00dfen und Schraubsch\u00e4keln nur 1,3 kg. Es ist mit 120 kg DHV Last getestet. Das Oxygen1 ist ein leichtgewichtiges Gurtzeug mit Wende-Rucksack. Es ist aus leichten Materialien hergestellt, und wiegt zusammen mit den Schlie\u00dfen und Schraubsch\u00e4keln nur 1,3 kg. Es ist mit 120 kg DHV Last getestet. Umgedreht ist das O1 ein idealer Rucksack f\u00fcr lange Aufstiege, da es f\u00fcr einen Leichtgleitschirm, Helm, Handschuhe, Jacke und Wasser gen\u00fcgend Platz bietet. In der Luft ist das Gurtzeug komfortabel und angleichbar, und sowohl zum Soaren als auch f\u00fcr XC-Fl\u00fcge geeignet. Wenn du auf minimales Gewicht bei maximalem Spa\u00df aus bist, dann ist das O1 in Kombination mit dem OZONE Ultralite Gleitschirm perfekt.\" \/>\n<meta property=\"og:url\" content=\"https:\/\/swissgliders.ch\/de\/produkt\/ozone-oxygen-1\/\" \/>\n<meta property=\"og:site_name\" content=\"Gleitschirmschule Thun, Bern, Interlaken\" \/>\n<meta property=\"article:publisher\" content=\"https:\/\/www.facebook.com\/swissgliders\" \/>\n<meta property=\"article:modified_time\" content=\"2025-05-30T12:23:32+00:00\" \/>\n<meta property=\"og:image\" content=\"https:\/\/swissgliders.ch\/wp-content\/uploads\/2024\/04\/Ozone_Leichtgurtzeug_Oxygen-1-1.jpg\" \/>\n\t<meta property=\"og:image:width\" content=\"900\" \/>\n\t<meta property=\"og:image:height\" content=\"1356\" \/>\n\t<meta property=\"og:image:type\" content=\"image\/jpeg\" \/>\n<meta name=\"twitter:card\" content=\"summary_large_image\" \/>\n<meta name=\"twitter:site\" content=\"@Swissgliders\" \/>\n<meta name=\"twitter:label1\" content=\"Verf\u00fcgbarkeit\" \/>\n\t<meta name=\"twitter:data1\" content=\"Auf Lager\" \/>\n<script type=\"application\/ld+json\" class=\"yoast-schema-graph\">{\"@context\":\"https:\\\/\\\/schema.org\",\"@graph\":[{\"@type\":\"WebPage\",\"@id\":\"https:\\\/\\\/swissgliders.ch\\\/de\\\/produkt\\\/ozone-oxygen-1\\\/\",\"url\":\"https:\\\/\\\/swissgliders.ch\\\/de\\\/produkt\\\/ozone-oxygen-1\\\/\",\"name\":\"Ozone Oxygen 1 | Gleitschirmschule Thun, Bern, Interlaken\",\"isPartOf\":{\"@id\":\"https:\\\/\\\/swissgliders.ch\\\/de\\\/#website\"},\"primaryImageOfPage\":{\"@id\":\"https:\\\/\\\/swissgliders.ch\\\/de\\\/produkt\\\/ozone-oxygen-1\\\/#primaryimage\"},\"image\":{\"@id\":\"https:\\\/\\\/swissgliders.ch\\\/de\\\/produkt\\\/ozone-oxygen-1\\\/#primaryimage\"},\"thumbnailUrl\":\"https:\\\/\\\/swissgliders.ch\\\/wp-content\\\/uploads\\\/2024\\\/04\\\/Ozone_Leichtgurtzeug_Oxygen-1-1.jpg\",\"datePublished\":\"2024-04-15T14:02:36+00:00\",\"dateModified\":\"2025-05-30T12:23:32+00:00\",\"description\":\"Das Oxygen 1 ist ein leichtgewichtiges Gurtzeug mit Wende-Rucksack. Es ist aus leichten Materialien hergestellt, und wiegt zusammen mit den Schlie\u00dfen und Schraubsch\u00e4keln nur 1,3 kg. Es ist mit 120 kg DHV Last getestet. Das Oxygen1 ist ein leichtgewichtiges Gurtzeug mit Wende-Rucksack. Es ist aus leichten Materialien hergestellt, und wiegt zusammen mit den Schlie\u00dfen und Schraubsch\u00e4keln nur 1,3 kg. Es ist mit 120 kg DHV Last getestet. Umgedreht ist das O1 ein idealer Rucksack f\u00fcr lange Aufstiege, da es f\u00fcr einen Leichtgleitschirm, Helm, Handschuhe, Jacke und Wasser gen\u00fcgend Platz bietet. In der Luft ist das Gurtzeug komfortabel und angleichbar, und sowohl zum Soaren als auch f\u00fcr XC-Fl\u00fcge geeignet. Wenn du auf minimales Gewicht bei maximalem Spa\u00df aus bist, dann ist das O1 in Kombination mit dem OZONE Ultralite Gleitschirm perfekt.\",\"breadcrumb\":{\"@id\":\"https:\\\/\\\/swissgliders.ch\\\/de\\\/produkt\\\/ozone-oxygen-1\\\/#breadcrumb\"},\"inLanguage\":\"de\",\"potentialAction\":[{\"@type\":\"ReadAction\",\"target\":[\"https:\\\/\\\/swissgliders.ch\\\/de\\\/produkt\\\/ozone-oxygen-1\\\/\"]}]},{\"@type\":\"ImageObject\",\"inLanguage\":\"de\",\"@id\":\"https:\\\/\\\/swissgliders.ch\\\/de\\\/produkt\\\/ozone-oxygen-1\\\/#primaryimage\",\"url\":\"https:\\\/\\\/swissgliders.ch\\\/wp-content\\\/uploads\\\/2024\\\/04\\\/Ozone_Leichtgurtzeug_Oxygen-1-1.jpg\",\"contentUrl\":\"https:\\\/\\\/swissgliders.ch\\\/wp-content\\\/uploads\\\/2024\\\/04\\\/Ozone_Leichtgurtzeug_Oxygen-1-1.jpg\",\"width\":900,\"height\":1356,\"caption\":\"Ozone_Leichtgurtzeug_Oxygen 1-1\"},{\"@type\":\"BreadcrumbList\",\"@id\":\"https:\\\/\\\/swissgliders.ch\\\/de\\\/produkt\\\/ozone-oxygen-1\\\/#breadcrumb\",\"itemListElement\":[{\"@type\":\"ListItem\",\"position\":1,\"name\":\"Startseite\",\"item\":\"https:\\\/\\\/swissgliders.ch\\\/de\\\/willkommen\\\/\"},{\"@type\":\"ListItem\",\"position\":2,\"name\":\"Gleitschirm Shop\",\"item\":\"https:\\\/\\\/swissgliders.ch\\\/de\\\/gleitschirm-shop\\\/\"},{\"@type\":\"ListItem\",\"position\":3,\"name\":\"Ozone Oxygen 1\"}]},{\"@type\":\"WebSite\",\"@id\":\"https:\\\/\\\/swissgliders.ch\\\/de\\\/#website\",\"url\":\"https:\\\/\\\/swissgliders.ch\\\/de\\\/\",\"name\":\"Gleitschirmschule Thun, Bern, Interlaken\",\"description\":\"Gleitschirmschule Thun, Bern, Interlaken\",\"publisher\":{\"@id\":\"https:\\\/\\\/swissgliders.ch\\\/de\\\/#organization\"},\"potentialAction\":[{\"@type\":\"SearchAction\",\"target\":{\"@type\":\"EntryPoint\",\"urlTemplate\":\"https:\\\/\\\/swissgliders.ch\\\/de\\\/?s={search_term_string}\"},\"query-input\":{\"@type\":\"PropertyValueSpecification\",\"valueRequired\":true,\"valueName\":\"search_term_string\"}}],\"inLanguage\":\"de\"},{\"@type\":\"Organization\",\"@id\":\"https:\\\/\\\/swissgliders.ch\\\/de\\\/#organization\",\"name\":\"Swissgliders Gleitschirmflugschule Thun\",\"url\":\"https:\\\/\\\/swissgliders.ch\\\/de\\\/\",\"logo\":{\"@type\":\"ImageObject\",\"inLanguage\":\"de\",\"@id\":\"https:\\\/\\\/swissgliders.ch\\\/de\\\/#\\\/schema\\\/logo\\\/image\\\/\",\"url\":\"https:\\\/\\\/swissgliders.ch\\\/wp-content\\\/uploads\\\/2019\\\/12\\\/swissgliders-logo-rgb-square-L-no-ch-01.png\",\"contentUrl\":\"https:\\\/\\\/swissgliders.ch\\\/wp-content\\\/uploads\\\/2019\\\/12\\\/swissgliders-logo-rgb-square-L-no-ch-01.png\",\"width\":2500,\"height\":2500,\"caption\":\"Swissgliders Gleitschirmflugschule Thun\"},\"image\":{\"@id\":\"https:\\\/\\\/swissgliders.ch\\\/de\\\/#\\\/schema\\\/logo\\\/image\\\/\"},\"sameAs\":[\"https:\\\/\\\/www.facebook.com\\\/swissgliders\",\"https:\\\/\\\/x.com\\\/Swissgliders\",\"https:\\\/\\\/www.instagram.com\\\/swissgliders\\\/\",\"https:\\\/\\\/www.youtube.com\\\/channel\\\/UCMCtGdepy9vBhrhX3V_oJOA\"],\"hasMerchantReturnPolicy\":{\"@type\":\"MerchantReturnPolicy\",\"merchantReturnLink\":\"https:\\\/\\\/swissgliders.ch\\\/de\\\/allgemeine-geschaftsbedingungen\\\/\"}}]}<\/script>\n<meta property=\"og:availability\" content=\"instock\" \/>\n<meta property=\"product:availability\" content=\"instock\" \/>\n<meta property=\"product:condition\" content=\"new\" \/>\n<!-- \/ Yoast SEO Premium plugin. -->","yoast_head_json":{"title":"Ozone Oxygen 1 | Gleitschirmschule Thun, Bern, Interlaken","description":"Das Oxygen 1 ist ein leichtgewichtiges Gurtzeug mit Wende-Rucksack. Es ist aus leichten Materialien hergestellt, und wiegt zusammen mit den Schlie\u00dfen und Schraubsch\u00e4keln nur 1,3 kg. Es ist mit 120 kg DHV Last getestet. Das Oxygen1 ist ein leichtgewichtiges Gurtzeug mit Wende-Rucksack. Es ist aus leichten Materialien hergestellt, und wiegt zusammen mit den Schlie\u00dfen und Schraubsch\u00e4keln nur 1,3 kg. Es ist mit 120 kg DHV Last getestet. Umgedreht ist das O1 ein idealer Rucksack f\u00fcr lange Aufstiege, da es f\u00fcr einen Leichtgleitschirm, Helm, Handschuhe, Jacke und Wasser gen\u00fcgend Platz bietet. In der Luft ist das Gurtzeug komfortabel und angleichbar, und sowohl zum Soaren als auch f\u00fcr XC-Fl\u00fcge geeignet. Wenn du auf minimales Gewicht bei maximalem Spa\u00df aus bist, dann ist das O1 in Kombination mit dem OZONE Ultralite Gleitschirm perfekt.","robots":{"index":"index","follow":"follow","max-snippet":"max-snippet:-1","max-image-preview":"max-image-preview:large","max-video-preview":"max-video-preview:-1"},"canonical":"https:\/\/swissgliders.ch\/de\/produkt\/ozone-oxygen-1\/","og_locale":"de_DE","og_type":"article","og_title":"Ozone Oxygen 1","og_description":"Das Oxygen 1 ist ein leichtgewichtiges Gurtzeug mit Wende-Rucksack. Es ist aus leichten Materialien hergestellt, und wiegt zusammen mit den Schlie\u00dfen und Schraubsch\u00e4keln nur 1,3 kg. Es ist mit 120 kg DHV Last getestet. Das Oxygen1 ist ein leichtgewichtiges Gurtzeug mit Wende-Rucksack. Es ist aus leichten Materialien hergestellt, und wiegt zusammen mit den Schlie\u00dfen und Schraubsch\u00e4keln nur 1,3 kg. Es ist mit 120 kg DHV Last getestet. Umgedreht ist das O1 ein idealer Rucksack f\u00fcr lange Aufstiege, da es f\u00fcr einen Leichtgleitschirm, Helm, Handschuhe, Jacke und Wasser gen\u00fcgend Platz bietet. In der Luft ist das Gurtzeug komfortabel und angleichbar, und sowohl zum Soaren als auch f\u00fcr XC-Fl\u00fcge geeignet. Wenn du auf minimales Gewicht bei maximalem Spa\u00df aus bist, dann ist das O1 in Kombination mit dem OZONE Ultralite Gleitschirm perfekt.","og_url":"https:\/\/swissgliders.ch\/de\/produkt\/ozone-oxygen-1\/","og_site_name":"Gleitschirmschule Thun, Bern, Interlaken","article_publisher":"https:\/\/www.facebook.com\/swissgliders","article_modified_time":"2025-05-30T12:23:32+00:00","og_image":[{"width":900,"height":1356,"url":"https:\/\/swissgliders.ch\/wp-content\/uploads\/2024\/04\/Ozone_Leichtgurtzeug_Oxygen-1-1.jpg","type":"image\/jpeg"}],"twitter_card":"summary_large_image","twitter_site":"@Swissgliders","twitter_misc":{"Verf\u00fcgbarkeit":"Auf Lager"},"schema":{"@context":"https:\/\/schema.org","@graph":[{"@type":"WebPage","@id":"https:\/\/swissgliders.ch\/de\/produkt\/ozone-oxygen-1\/","url":"https:\/\/swissgliders.ch\/de\/produkt\/ozone-oxygen-1\/","name":"Ozone Oxygen 1 | Gleitschirmschule Thun, Bern, Interlaken","isPartOf":{"@id":"https:\/\/swissgliders.ch\/de\/#website"},"primaryImageOfPage":{"@id":"https:\/\/swissgliders.ch\/de\/produkt\/ozone-oxygen-1\/#primaryimage"},"image":{"@id":"https:\/\/swissgliders.ch\/de\/produkt\/ozone-oxygen-1\/#primaryimage"},"thumbnailUrl":"https:\/\/swissgliders.ch\/wp-content\/uploads\/2024\/04\/Ozone_Leichtgurtzeug_Oxygen-1-1.jpg","datePublished":"2024-04-15T14:02:36+00:00","dateModified":"2025-05-30T12:23:32+00:00","description":"Das Oxygen 1 ist ein leichtgewichtiges Gurtzeug mit Wende-Rucksack. Es ist aus leichten Materialien hergestellt, und wiegt zusammen mit den Schlie\u00dfen und Schraubsch\u00e4keln nur 1,3 kg. Es ist mit 120 kg DHV Last getestet. Das Oxygen1 ist ein leichtgewichtiges Gurtzeug mit Wende-Rucksack. Es ist aus leichten Materialien hergestellt, und wiegt zusammen mit den Schlie\u00dfen und Schraubsch\u00e4keln nur 1,3 kg. Es ist mit 120 kg DHV Last getestet. Umgedreht ist das O1 ein idealer Rucksack f\u00fcr lange Aufstiege, da es f\u00fcr einen Leichtgleitschirm, Helm, Handschuhe, Jacke und Wasser gen\u00fcgend Platz bietet. In der Luft ist das Gurtzeug komfortabel und angleichbar, und sowohl zum Soaren als auch f\u00fcr XC-Fl\u00fcge geeignet. Wenn du auf minimales Gewicht bei maximalem Spa\u00df aus bist, dann ist das O1 in Kombination mit dem OZONE Ultralite Gleitschirm perfekt.","breadcrumb":{"@id":"https:\/\/swissgliders.ch\/de\/produkt\/ozone-oxygen-1\/#breadcrumb"},"inLanguage":"de","potentialAction":[{"@type":"ReadAction","target":["https:\/\/swissgliders.ch\/de\/produkt\/ozone-oxygen-1\/"]}]},{"@type":"ImageObject","inLanguage":"de","@id":"https:\/\/swissgliders.ch\/de\/produkt\/ozone-oxygen-1\/#primaryimage","url":"https:\/\/swissgliders.ch\/wp-content\/uploads\/2024\/04\/Ozone_Leichtgurtzeug_Oxygen-1-1.jpg","contentUrl":"https:\/\/swissgliders.ch\/wp-content\/uploads\/2024\/04\/Ozone_Leichtgurtzeug_Oxygen-1-1.jpg","width":900,"height":1356,"caption":"Ozone_Leichtgurtzeug_Oxygen 1-1"},{"@type":"BreadcrumbList","@id":"https:\/\/swissgliders.ch\/de\/produkt\/ozone-oxygen-1\/#breadcrumb","itemListElement":[{"@type":"ListItem","position":1,"name":"Startseite","item":"https:\/\/swissgliders.ch\/de\/willkommen\/"},{"@type":"ListItem","position":2,"name":"Gleitschirm Shop","item":"https:\/\/swissgliders.ch\/de\/gleitschirm-shop\/"},{"@type":"ListItem","position":3,"name":"Ozone Oxygen 1"}]},{"@type":"WebSite","@id":"https:\/\/swissgliders.ch\/de\/#website","url":"https:\/\/swissgliders.ch\/de\/","name":"Gleitschirmschule Thun, Bern, Interlaken","description":"Gleitschirmschule Thun, Bern, Interlaken","publisher":{"@id":"https:\/\/swissgliders.ch\/de\/#organization"},"potentialAction":[{"@type":"SearchAction","target":{"@type":"EntryPoint","urlTemplate":"https:\/\/swissgliders.ch\/de\/?s={search_term_string}"},"query-input":{"@type":"PropertyValueSpecification","valueRequired":true,"valueName":"search_term_string"}}],"inLanguage":"de"},{"@type":"Organization","@id":"https:\/\/swissgliders.ch\/de\/#organization","name":"Swissgliders Gleitschirmflugschule Thun","url":"https:\/\/swissgliders.ch\/de\/","logo":{"@type":"ImageObject","inLanguage":"de","@id":"https:\/\/swissgliders.ch\/de\/#\/schema\/logo\/image\/","url":"https:\/\/swissgliders.ch\/wp-content\/uploads\/2019\/12\/swissgliders-logo-rgb-square-L-no-ch-01.png","contentUrl":"https:\/\/swissgliders.ch\/wp-content\/uploads\/2019\/12\/swissgliders-logo-rgb-square-L-no-ch-01.png","width":2500,"height":2500,"caption":"Swissgliders Gleitschirmflugschule Thun"},"image":{"@id":"https:\/\/swissgliders.ch\/de\/#\/schema\/logo\/image\/"},"sameAs":["https:\/\/www.facebook.com\/swissgliders","https:\/\/x.com\/Swissgliders","https:\/\/www.instagram.com\/swissgliders\/","https:\/\/www.youtube.com\/channel\/UCMCtGdepy9vBhrhX3V_oJOA"],"hasMerchantReturnPolicy":{"@type":"MerchantReturnPolicy","merchantReturnLink":"https:\/\/swissgliders.ch\/de\/allgemeine-geschaftsbedingungen\/"}}]},"og_availability":"instock","product_availability":"instock","product_condition":"new"},"_links":{"self":[{"href":"https:\/\/swissgliders.ch\/de\/wp-json\/wp\/v2\/product\/13035","targetHints":{"allow":["GET"]}}],"collection":[{"href":"https:\/\/swissgliders.ch\/de\/wp-json\/wp\/v2\/product"}],"about":[{"href":"https:\/\/swissgliders.ch\/de\/wp-json\/wp\/v2\/types\/product"}],"replies":[{"embeddable":true,"href":"https:\/\/swissgliders.ch\/de\/wp-json\/wp\/v2\/comments?post=13035"}],"wp:featuredmedia":[{"embeddable":true,"href":"https:\/\/swissgliders.ch\/de\/wp-json\/wp\/v2\/media\/13038"}],"wp:attachment":[{"href":"https:\/\/swissgliders.ch\/de\/wp-json\/wp\/v2\/media?parent=13035"}],"wp:term":[{"taxonomy":"product_brand","embeddable":true,"href":"https:\/\/swissgliders.ch\/de\/wp-json\/wp\/v2\/product_brand?post=13035"},{"taxonomy":"product_cat","embeddable":true,"href":"https:\/\/swissgliders.ch\/de\/wp-json\/wp\/v2\/product_cat?post=13035"},{"taxonomy":"product_tag","embeddable":true,"href":"https:\/\/swissgliders.ch\/de\/wp-json\/wp\/v2\/product_tag?post=13035"}],"curies":[{"name":"wp","href":"https:\/\/api.w.org\/{rel}","templated":true}]}}