{"id":13048,"date":"2024-04-15T15:12:28","date_gmt":"2024-04-15T14:12:28","guid":{"rendered":"https:\/\/swissgliders.ch\/?post_type=product&#038;p=13048"},"modified":"2025-05-30T13:25:31","modified_gmt":"2025-05-30T12:25:31","slug":"ozone-oxygen-2","status":"publish","type":"product","link":"https:\/\/swissgliders.ch\/de\/produkt\/ozone-oxygen-2\/","title":{"rendered":"Ozone Oxygen 2"},"content":{"rendered":"<div class=\"et_pb_module et_pb_text et_pb_text_0 et_pb_bg_layout_light et_pb_text_align_left\">\n<div class=\"et_pb_text_inner\">\n<div class=\"et_pb_module et_pb_text et_pb_text_0 et_pb_bg_layout_light et_pb_text_align_left\">\n<div class=\"et_pb_text_inner\">\n<div class=\"et_pb_module et_pb_text et_pb_text_2 et_pb_text_align_left et_pb_bg_layout_light et_had_animation\">\n<div class=\"blockRenderer\">\n<div class=\"blockRenderer\">\n<h3 class=\"titleH1\"><img loading=\"lazy\" decoding=\"async\" class=\"\" src=\"https:\/\/cdn.sanity.io\/images\/lbhlofgm\/production\/00f9d4f8b29d24e0ee1b29eaac56122a9ac3b872-842x1000.jpg\" width=\"350\" height=\"415\" \/><\/h3>\n<div class=\"blockRenderer\">\n<div>\n<p>Das Oxygen2 Gurtzeug ist ein glattes, windschl\u00fcpfiges Gurtzeug, das sehr einfach zu handhaben ist, und dessen Fokus auf Sicherheit ohne Kompromisse und Komfort liegt. Das O2 ist aus sorgf\u00e4ltig ausgew\u00e4hlten Materialien von h\u00f6chster Qualit\u00e4t gefertigt um Langlebigkeit und Formstabilit\u00e4t \u00fcber einen m\u00f6glichst langen Zeitraum zu gew\u00e4hrleisten.<\/p>\n<p>Unser O2 ist ein wendiges Gurtzeug, das f\u00fcr viele Piloten gut einsetzbar ist. F\u00fcr Piloten in der Ausbildung ist es wegen seines leichten Gewichtes und dem einfachen Ein- und Ausstieg sehr gut geeignet. Das O2 erbringt die gew\u00fcnschte Leistung beim Soaring ebenso wie beim Akro und XC Fliegen und ist das Gurtzeug der Wahl unseres OZONE Test und Design Teams.<\/p>\n<p>Die Details unseres Oxygen2:<\/p>\n<ul>\n<li>Eine bewegliche Sitzfl\u00e4che, die einen einfachen Positionswechsel vom Stehen zum Sitzen erm\u00f6glicht, und damit die entscheidenden Parts des Fluges (das Starten und Landen) einfacher, sicherer und stressfreier macht.<\/li>\n<li>Das schafft Vertrauen und Komfort: die Schirmbewegungen werden dem Piloten als koordiniertes Feedback \u00fcbermittelt, d. h., du f\u00fchlst die Luft um dich herum ohne mit zu vielen Informationen belastet zu werden. Die Intensit\u00e4t des Feedbacks kannst du ganz nach deinem Geschmack \u00fcber den Brustgurt einstellen.<\/li>\n<li>Eine gut ausgewogene, progressive Gewichtsverlagerung erm\u00f6glicht dir, den Schirm in Kurven in die exakt von dir gew\u00fcnschte Position zu bringen und auch dort zu halten. Auch erfahrene Piloten lieben das koordinierte Gef\u00fchl des O2 in aktiver Luft, und die progressive Gewichtsverlagerung macht das Handling eines OZONE Schirmes noch gef\u00fchlvoller \u2013 sich in das Herz einer Thermik einzudrehen war noch nie so einfach.<\/li>\n<li>Das Oxygen 2 ist ideal f\u00fcrs Soaring, f\u00fcr XC- Fl\u00fcge und auch f\u00fcrs Akrofliegen bestens geeignet.<\/li>\n<li>Das O2 ist das Gurtzeug der Wahl unseres OZONE Test und Design Teams.<\/li>\n<li>Das O2 ist leichtgewichtig und kompakt, und passt mit jedem Schirm ganz einfach in einen OZONE Standard Rucksack.<\/li>\n<\/ul>\n<h3>AUSSTATTUNG:<\/h3>\n<ul>\n<li>Bewegliches Sitzbrett<\/li>\n<li>Eine lange Gabelleinenaufh\u00e4ngung ist serienm\u00e4\u00dfig*<\/li>\n<li>Mit \u2018Safe T\u2019 System<\/li>\n<li>Integrierter Rettungsschirm-R\u00fccken-Container (f\u00fcr Links- bzw. Rechtsh\u00e4nder Piloten)<\/li>\n<li>17 cm Schaum (Aufpralld\u00e4mpfung)<\/li>\n<li>Gro\u00dfes Staufach und 2 Seitentaschen<\/li>\n<\/ul>\n<p>*Bitte beachte Folgendes: solltest du dich f\u00fcr einen OZONE Angel Rettungsschirm entscheiden, den du in dein Oxygen2 einbauen lassen m\u00f6chtest, solltest du den Angel mit der kurzen Einzelaufh\u00e4ngung bestellen. Zudem brauchst du dann noch einen 8 mm Maillon Verbindungssch\u00e4kel um den Retter mit dem Gurtzeug zu verbinden. Bitte auch diesen mit bestellen.<\/p>\n<h3 class=\"titleH1\">Spezifikationen<\/h3>\n<div class=\"desktop\">\n<div class=\"specs-table-wrapper\">\n<table>\n<thead>\n<tr>\n<th>S<\/th>\n<th>M<\/th>\n<th>L<\/th>\n<\/tr>\n<\/thead>\n<tbody>\n<tr>\n<td>up to 175 cm<\/td>\n<td>170-185 cm<\/td>\n<td>180 cm +<\/td>\n<\/tr>\n<\/tbody>\n<\/table>\n<\/div>\n<\/div>\n<p class=\"specs-table-note\">*S and L sizes are changed by a shorter or longer pod size. The harness structure remains the same for S, M, L. The XS Size is a smaller harness structure.<\/p>\n<p class=\"specs-table\">* Weights may vary up to 50gm per size due to slight variations in the manufacturing of the fabric used.<\/p>\n<div class=\"specs-table-2nd-row\">\n<div class=\"blockRenderer\">\n<div>\n<p>Gurtzeug + Schaum (Aufpralld\u00e4mpfung), Sitzplatte, Karabiner, Rettungsgriff: 4,580 kg<\/p>\n<p>MAXIMALE ZULADUNG 120 kg<\/p>\n<h3>MATERIALIEN<\/h3>\n<p>Rucksack \u2013 Ripstop Nylon \/ Oxford 210 Denier, PU Double Coating 0,8 mm<br \/>\nGurtzeug \u2013 600 Denier Polyester Oxford Tuch.<br \/>\nSchlie\u00dfen \u2013 SupAir Twist Lock Karabiner, AustriaAlpin Quickschlie\u00dfen.<br \/>\nGewebe \u2013 Gurth und Wolf 20 mm Polyamide, Bruchlast 1700 kg.<\/p>\n<\/div>\n<\/div>\n<\/div>\n<\/div>\n<\/div>\n<\/div>\n<\/div>\n<p>&nbsp;<\/p>\n<\/div>\n<\/div>\n<\/div>\n<p>Mehr<a href=\"https:\/\/flyozone.com\/paragliders\/de\/products\/harnesses\/oxygen-2\" target=\"_blank\" rel=\"noopener noreferrer\"> Infos<\/a><\/p>\n<p>Falls dieser Artikel nicht an Lager ist, wird er f\u00fcr dich bestellt. Lieferfrist auf Anfrage.<\/p>\n<\/div>\n<\/div>\n","protected":false},"excerpt":{"rendered":"<div class=\"et_pb_module et_pb_text et_pb_text_0 et_pb_bg_layout_light et_pb_text_align_left\">\n<div class=\"et_pb_text_inner\">\n<div class=\"et_pb_module et_pb_text et_pb_text_2 et_pb_text_align_left et_pb_bg_layout_light et_had_animation\">\n<div class=\"blockRenderer\">\n<div class=\"blockRenderer\">\n<h3 class=\"titleH1\"><img loading=\"lazy\" decoding=\"async\" class=\"\" src=\"https:\/\/cdn.sanity.io\/images\/lbhlofgm\/production\/00f9d4f8b29d24e0ee1b29eaac56122a9ac3b872-842x1000.jpg\" width=\"350\" height=\"415\" \/><\/h3>\n<div class=\"blockRenderer\">\n<div>\n<p>Das Oxygen2 Gurtzeug ist ein glattes, windschl\u00fcpfiges Gurtzeug, das sehr einfach zu handhaben ist, und dessen Fokus auf Sicherheit ohne Kompromisse und Komfort liegt. Das O2 ist aus sorgf\u00e4ltig ausgew\u00e4hlten Materialien von h\u00f6chster Qualit\u00e4t gefertigt um Langlebigkeit und Formstabilit\u00e4t \u00fcber einen m\u00f6glichst langen Zeitraum zu gew\u00e4hrleisten.<\/p>\n<p>Unser O2 ist ein wendiges Gurtzeug, das f\u00fcr viele Piloten gut einsetzbar ist. F\u00fcr Piloten in der Ausbildung ist es wegen seines leichten Gewichtes und dem einfachen Ein- und Ausstieg sehr gut geeignet. Das O2 erbringt die gew\u00fcnschte Leistung beim Soaring ebenso wie beim Akro und XC Fliegen und ist das Gurtzeug der Wahl unseres OZONE Test und Design Teams.<\/p>\n<p>Die Details unseres Oxygen2:<\/p>\n<ul>\n<li>Eine bewegliche Sitzfl\u00e4che, die einen einfachen Positionswechsel vom Stehen zum Sitzen erm\u00f6glicht, und damit die entscheidenden Parts des Fluges (das Starten und Landen) einfacher, sicherer und stressfreier macht.<\/li>\n<li>Das schafft Vertrauen und Komfort: die Schirmbewegungen werden dem Piloten als koordiniertes Feedback \u00fcbermittelt, d. h., du f\u00fchlst die Luft um dich herum ohne mit zu vielen Informationen belastet zu werden. Die Intensit\u00e4t des Feedbacks kannst du ganz nach deinem Geschmack \u00fcber den Brustgurt einstellen.<\/li>\n<li>Eine gut ausgewogene, progressive Gewichtsverlagerung erm\u00f6glicht dir, den Schirm in Kurven in die exakt von dir gew\u00fcnschte Position zu bringen und auch dort zu halten. Auch erfahrene Piloten lieben das koordinierte Gef\u00fchl des O2 in aktiver Luft, und die progressive Gewichtsverlagerung macht das Handling eines OZONE Schirmes noch gef\u00fchlvoller \u2013 sich in das Herz einer Thermik einzudrehen war noch nie so einfach.<\/li>\n<li>Das Oxygen 2 ist ideal f\u00fcrs Soaring, f\u00fcr XC- Fl\u00fcge und auch f\u00fcrs Akrofliegen bestens geeignet.<\/li>\n<li>Das O2 ist das Gurtzeug der Wahl unseres OZONE Test und Design Teams.<\/li>\n<li>Das O2 ist leichtgewichtig und kompakt, und passt mit jedem Schirm ganz einfach in einen OZONE Standard Rucksack.<\/li>\n<\/ul>\n<h3>AUSSTATTUNG:<\/h3>\n<ul>\n<li>Bewegliches Sitzbrett<\/li>\n<li>Eine lange Gabelleinenaufh\u00e4ngung ist serienm\u00e4\u00dfig*<\/li>\n<li>Mit \u2018Safe T\u2019 System<\/li>\n<li>Integrierter Rettungsschirm-R\u00fccken-Container (f\u00fcr Links- bzw. Rechtsh\u00e4nder Piloten)<\/li>\n<li>17 cm Schaum (Aufpralld\u00e4mpfung)<\/li>\n<li>Gro\u00dfes Staufach und 2 Seitentaschen<\/li>\n<\/ul>\n<p>*Bitte beachte Folgendes: solltest du dich f\u00fcr einen OZONE Angel Rettungsschirm entscheiden, den du in dein Oxygen2 einbauen lassen m\u00f6chtest, solltest du den Angel mit der kurzen Einzelaufh\u00e4ngung bestellen. Zudem brauchst du dann noch einen 8 mm Maillon Verbindungssch\u00e4kel um den Retter mit dem Gurtzeug zu verbinden. Bitte auch diesen mit bestellen.<\/p>\n<h3 class=\"titleH1\">Spezifikationen<\/h3>\n<div class=\"desktop\">\n<div class=\"specs-table-wrapper\">\n<table>\n<thead>\n<tr>\n<th>S<\/th>\n<th>M<\/th>\n<th>L<\/th>\n<\/tr>\n<\/thead>\n<tbody>\n<tr>\n<td>up to 175 cm<\/td>\n<td>170-185 cm<\/td>\n<td>180 cm +<\/td>\n<\/tr>\n<\/tbody>\n<\/table>\n<\/div>\n<\/div>\n<p class=\"specs-table-note\">*S and L sizes are changed by a shorter or longer pod size. The harness structure remains the same for S, M, L. The XS Size is a smaller harness structure.<\/p>\n<p class=\"specs-table\">* Weights may vary up to 50gm per size due to slight variations in the manufacturing of the fabric used.<\/p>\n<div class=\"specs-table-2nd-row\">\n<div class=\"blockRenderer\">\n<div>\n<p>Gurtzeug + Schaum (Aufpralld\u00e4mpfung), Sitzplatte, Karabiner, Rettungsgriff: 4,580 kg<\/p>\n<p>MAXIMALE ZULADUNG 120 kg<\/p>\n<h3>MATERIALIEN<\/h3>\n<p>Rucksack \u2013 Ripstop Nylon \/ Oxford 210 Denier, PU Double Coating 0,8 mm<br \/>\nGurtzeug \u2013 600 Denier Polyester Oxford Tuch.<br \/>\nSchlie\u00dfen \u2013 SupAir Twist Lock Karabiner, AustriaAlpin Quickschlie\u00dfen.<br \/>\nGewebe \u2013 Gurth und Wolf 20 mm Polyamide, Bruchlast 1700 kg.<\/p>\n<\/div>\n<\/div>\n<\/div>\n<\/div>\n<\/div>\n<\/div>\n<\/div>\n<p>&nbsp;<\/p>\n<\/div>\n<\/div>\n<\/div>\n<p>Mehr<a href=\"https:\/\/flyozone.com\/paragliders\/de\/products\/harnesses\/oxygen-2\" target=\"_blank\" rel=\"noopener noreferrer\"> Infos<\/a><\/p>\n<p>Falls dieser Artikel nicht an Lager ist, wird er f\u00fcr dich bestellt. Lieferfrist auf Anfrage.<\/p>\n","protected":false},"featured_media":13051,"comment_status":"closed","ping_status":"closed","template":"","meta":[],"product_brand":[],"product_cat":[1026],"product_tag":[1040,90],"class_list":{"0":"post-13048","1":"product","2":"type-product","3":"status-publish","4":"has-post-thumbnail","6":"product_cat-leichte-gleitschirmgurtzeuge","7":"product_tag-leichtgurtzeug","8":"product_tag-verkaufsartikel","9":"product_shipping_class-priority-10kg-de","11":"first","12":"instock","13":"sale","14":"shipping-taxable","15":"purchasable","16":"product-type-variable"},"yoast_head":"<!-- This site is optimized with the Yoast SEO Premium plugin v26.1 (Yoast SEO v27.3) - https:\/\/yoast.com\/product\/yoast-seo-premium-wordpress\/ -->\n<title>Ozone Oxygen 2 | Gleitschirmschule Thun, Bern, Interlaken<\/title>\n<meta name=\"description\" content=\"Das Oxygen2 Gurtzeug ist ein glattes, windschl\u00fcpfiges Gurtzeug, das sehr einfach zu handhaben ist, und dessen Fokus auf Sicherheit ohne Kompromisse und Komfort liegt. Das O2 ist aus sorgf\u00e4ltig ausgew\u00e4hlten Materialien von h\u00f6chster Qualit\u00e4t gefertigt um Langlebigkeit und Formstabilit\u00e4t \u00fcber einen m\u00f6glichst langen Zeitraum zu gew\u00e4hrleisten. Unser O2 ist ein wendiges Gurtzeug, das f\u00fcr viele Piloten gut einsetzbar ist. F\u00fcr Piloten in der Ausbildung ist es wegen seines leichten Gewichtes und dem einfachen Ein- und Ausstieg sehr gut geeignet. Das O2 erbringt die gew\u00fcnschte Leistung beim Soaring ebenso wie beim Akro und XC Fliegen und ist das Gurtzeug der Wahl unseres OZONE Test und Design Teams.\" \/>\n<meta name=\"robots\" content=\"index, follow, max-snippet:-1, max-image-preview:large, max-video-preview:-1\" \/>\n<link rel=\"canonical\" href=\"https:\/\/swissgliders.ch\/de\/produkt\/ozone-oxygen-2\/\" \/>\n<meta property=\"og:locale\" content=\"de_DE\" \/>\n<meta property=\"og:type\" content=\"article\" \/>\n<meta property=\"og:title\" content=\"Ozone Oxygen 2\" \/>\n<meta property=\"og:description\" content=\"Das Oxygen2 Gurtzeug ist ein glattes, windschl\u00fcpfiges Gurtzeug, das sehr einfach zu handhaben ist, und dessen Fokus auf Sicherheit ohne Kompromisse und Komfort liegt. Das O2 ist aus sorgf\u00e4ltig ausgew\u00e4hlten Materialien von h\u00f6chster Qualit\u00e4t gefertigt um Langlebigkeit und Formstabilit\u00e4t \u00fcber einen m\u00f6glichst langen Zeitraum zu gew\u00e4hrleisten. Unser O2 ist ein wendiges Gurtzeug, das f\u00fcr viele Piloten gut einsetzbar ist. F\u00fcr Piloten in der Ausbildung ist es wegen seines leichten Gewichtes und dem einfachen Ein- und Ausstieg sehr gut geeignet. Das O2 erbringt die gew\u00fcnschte Leistung beim Soaring ebenso wie beim Akro und XC Fliegen und ist das Gurtzeug der Wahl unseres OZONE Test und Design Teams.\" \/>\n<meta property=\"og:url\" content=\"https:\/\/swissgliders.ch\/de\/produkt\/ozone-oxygen-2\/\" \/>\n<meta property=\"og:site_name\" content=\"Gleitschirmschule Thun, Bern, Interlaken\" \/>\n<meta property=\"article:publisher\" content=\"https:\/\/www.facebook.com\/swissgliders\" \/>\n<meta property=\"article:modified_time\" content=\"2025-05-30T12:25:31+00:00\" \/>\n<meta property=\"og:image\" content=\"https:\/\/swissgliders.ch\/wp-content\/uploads\/2024\/04\/Ozone_Leichtgurtzeug_Oxygen-2-1.jpg\" \/>\n\t<meta property=\"og:image:width\" content=\"867\" \/>\n\t<meta property=\"og:image:height\" content=\"1000\" \/>\n\t<meta property=\"og:image:type\" content=\"image\/jpeg\" \/>\n<meta name=\"twitter:card\" content=\"summary_large_image\" \/>\n<meta name=\"twitter:site\" content=\"@Swissgliders\" \/>\n<meta name=\"twitter:label1\" content=\"Verf\u00fcgbarkeit\" \/>\n\t<meta name=\"twitter:data1\" content=\"Auf Lager\" \/>\n<script type=\"application\/ld+json\" class=\"yoast-schema-graph\">{\"@context\":\"https:\\\/\\\/schema.org\",\"@graph\":[{\"@type\":\"WebPage\",\"@id\":\"https:\\\/\\\/swissgliders.ch\\\/de\\\/produkt\\\/ozone-oxygen-2\\\/\",\"url\":\"https:\\\/\\\/swissgliders.ch\\\/de\\\/produkt\\\/ozone-oxygen-2\\\/\",\"name\":\"Ozone Oxygen 2 | Gleitschirmschule Thun, Bern, Interlaken\",\"isPartOf\":{\"@id\":\"https:\\\/\\\/swissgliders.ch\\\/de\\\/#website\"},\"primaryImageOfPage\":{\"@id\":\"https:\\\/\\\/swissgliders.ch\\\/de\\\/produkt\\\/ozone-oxygen-2\\\/#primaryimage\"},\"image\":{\"@id\":\"https:\\\/\\\/swissgliders.ch\\\/de\\\/produkt\\\/ozone-oxygen-2\\\/#primaryimage\"},\"thumbnailUrl\":\"https:\\\/\\\/swissgliders.ch\\\/wp-content\\\/uploads\\\/2024\\\/04\\\/Ozone_Leichtgurtzeug_Oxygen-2-1.jpg\",\"datePublished\":\"2024-04-15T14:12:28+00:00\",\"dateModified\":\"2025-05-30T12:25:31+00:00\",\"description\":\"Das Oxygen2 Gurtzeug ist ein glattes, windschl\u00fcpfiges Gurtzeug, das sehr einfach zu handhaben ist, und dessen Fokus auf Sicherheit ohne Kompromisse und Komfort liegt. Das O2 ist aus sorgf\u00e4ltig ausgew\u00e4hlten Materialien von h\u00f6chster Qualit\u00e4t gefertigt um Langlebigkeit und Formstabilit\u00e4t \u00fcber einen m\u00f6glichst langen Zeitraum zu gew\u00e4hrleisten. Unser O2 ist ein wendiges Gurtzeug, das f\u00fcr viele Piloten gut einsetzbar ist. F\u00fcr Piloten in der Ausbildung ist es wegen seines leichten Gewichtes und dem einfachen Ein- und Ausstieg sehr gut geeignet. Das O2 erbringt die gew\u00fcnschte Leistung beim Soaring ebenso wie beim Akro und XC Fliegen und ist das Gurtzeug der Wahl unseres OZONE Test und Design Teams.\",\"breadcrumb\":{\"@id\":\"https:\\\/\\\/swissgliders.ch\\\/de\\\/produkt\\\/ozone-oxygen-2\\\/#breadcrumb\"},\"inLanguage\":\"de\",\"potentialAction\":[{\"@type\":\"ReadAction\",\"target\":[\"https:\\\/\\\/swissgliders.ch\\\/de\\\/produkt\\\/ozone-oxygen-2\\\/\"]}]},{\"@type\":\"ImageObject\",\"inLanguage\":\"de\",\"@id\":\"https:\\\/\\\/swissgliders.ch\\\/de\\\/produkt\\\/ozone-oxygen-2\\\/#primaryimage\",\"url\":\"https:\\\/\\\/swissgliders.ch\\\/wp-content\\\/uploads\\\/2024\\\/04\\\/Ozone_Leichtgurtzeug_Oxygen-2-1.jpg\",\"contentUrl\":\"https:\\\/\\\/swissgliders.ch\\\/wp-content\\\/uploads\\\/2024\\\/04\\\/Ozone_Leichtgurtzeug_Oxygen-2-1.jpg\",\"width\":867,\"height\":1000,\"caption\":\"Ozone_Leichtgurtzeug_Oxygen 2-1\"},{\"@type\":\"BreadcrumbList\",\"@id\":\"https:\\\/\\\/swissgliders.ch\\\/de\\\/produkt\\\/ozone-oxygen-2\\\/#breadcrumb\",\"itemListElement\":[{\"@type\":\"ListItem\",\"position\":1,\"name\":\"Startseite\",\"item\":\"https:\\\/\\\/swissgliders.ch\\\/de\\\/willkommen\\\/\"},{\"@type\":\"ListItem\",\"position\":2,\"name\":\"Gleitschirm Shop\",\"item\":\"https:\\\/\\\/swissgliders.ch\\\/de\\\/gleitschirm-shop\\\/\"},{\"@type\":\"ListItem\",\"position\":3,\"name\":\"Ozone Oxygen 2\"}]},{\"@type\":\"WebSite\",\"@id\":\"https:\\\/\\\/swissgliders.ch\\\/de\\\/#website\",\"url\":\"https:\\\/\\\/swissgliders.ch\\\/de\\\/\",\"name\":\"Gleitschirmschule Thun, Bern, Interlaken\",\"description\":\"Gleitschirmschule Thun, Bern, Interlaken\",\"publisher\":{\"@id\":\"https:\\\/\\\/swissgliders.ch\\\/de\\\/#organization\"},\"potentialAction\":[{\"@type\":\"SearchAction\",\"target\":{\"@type\":\"EntryPoint\",\"urlTemplate\":\"https:\\\/\\\/swissgliders.ch\\\/de\\\/?s={search_term_string}\"},\"query-input\":{\"@type\":\"PropertyValueSpecification\",\"valueRequired\":true,\"valueName\":\"search_term_string\"}}],\"inLanguage\":\"de\"},{\"@type\":\"Organization\",\"@id\":\"https:\\\/\\\/swissgliders.ch\\\/de\\\/#organization\",\"name\":\"Swissgliders Gleitschirmflugschule Thun\",\"url\":\"https:\\\/\\\/swissgliders.ch\\\/de\\\/\",\"logo\":{\"@type\":\"ImageObject\",\"inLanguage\":\"de\",\"@id\":\"https:\\\/\\\/swissgliders.ch\\\/de\\\/#\\\/schema\\\/logo\\\/image\\\/\",\"url\":\"https:\\\/\\\/swissgliders.ch\\\/wp-content\\\/uploads\\\/2019\\\/12\\\/swissgliders-logo-rgb-square-L-no-ch-01.png\",\"contentUrl\":\"https:\\\/\\\/swissgliders.ch\\\/wp-content\\\/uploads\\\/2019\\\/12\\\/swissgliders-logo-rgb-square-L-no-ch-01.png\",\"width\":2500,\"height\":2500,\"caption\":\"Swissgliders Gleitschirmflugschule Thun\"},\"image\":{\"@id\":\"https:\\\/\\\/swissgliders.ch\\\/de\\\/#\\\/schema\\\/logo\\\/image\\\/\"},\"sameAs\":[\"https:\\\/\\\/www.facebook.com\\\/swissgliders\",\"https:\\\/\\\/x.com\\\/Swissgliders\",\"https:\\\/\\\/www.instagram.com\\\/swissgliders\\\/\",\"https:\\\/\\\/www.youtube.com\\\/channel\\\/UCMCtGdepy9vBhrhX3V_oJOA\"],\"hasMerchantReturnPolicy\":{\"@type\":\"MerchantReturnPolicy\",\"merchantReturnLink\":\"https:\\\/\\\/swissgliders.ch\\\/de\\\/allgemeine-geschaftsbedingungen\\\/\"}}]}<\/script>\n<meta property=\"og:availability\" content=\"instock\" \/>\n<meta property=\"product:availability\" content=\"instock\" \/>\n<meta property=\"product:condition\" content=\"new\" \/>\n<!-- \/ Yoast SEO Premium plugin. -->","yoast_head_json":{"title":"Ozone Oxygen 2 | Gleitschirmschule Thun, Bern, Interlaken","description":"Das Oxygen2 Gurtzeug ist ein glattes, windschl\u00fcpfiges Gurtzeug, das sehr einfach zu handhaben ist, und dessen Fokus auf Sicherheit ohne Kompromisse und Komfort liegt. Das O2 ist aus sorgf\u00e4ltig ausgew\u00e4hlten Materialien von h\u00f6chster Qualit\u00e4t gefertigt um Langlebigkeit und Formstabilit\u00e4t \u00fcber einen m\u00f6glichst langen Zeitraum zu gew\u00e4hrleisten. Unser O2 ist ein wendiges Gurtzeug, das f\u00fcr viele Piloten gut einsetzbar ist. F\u00fcr Piloten in der Ausbildung ist es wegen seines leichten Gewichtes und dem einfachen Ein- und Ausstieg sehr gut geeignet. Das O2 erbringt die gew\u00fcnschte Leistung beim Soaring ebenso wie beim Akro und XC Fliegen und ist das Gurtzeug der Wahl unseres OZONE Test und Design Teams.","robots":{"index":"index","follow":"follow","max-snippet":"max-snippet:-1","max-image-preview":"max-image-preview:large","max-video-preview":"max-video-preview:-1"},"canonical":"https:\/\/swissgliders.ch\/de\/produkt\/ozone-oxygen-2\/","og_locale":"de_DE","og_type":"article","og_title":"Ozone Oxygen 2","og_description":"Das Oxygen2 Gurtzeug ist ein glattes, windschl\u00fcpfiges Gurtzeug, das sehr einfach zu handhaben ist, und dessen Fokus auf Sicherheit ohne Kompromisse und Komfort liegt. Das O2 ist aus sorgf\u00e4ltig ausgew\u00e4hlten Materialien von h\u00f6chster Qualit\u00e4t gefertigt um Langlebigkeit und Formstabilit\u00e4t \u00fcber einen m\u00f6glichst langen Zeitraum zu gew\u00e4hrleisten. Unser O2 ist ein wendiges Gurtzeug, das f\u00fcr viele Piloten gut einsetzbar ist. F\u00fcr Piloten in der Ausbildung ist es wegen seines leichten Gewichtes und dem einfachen Ein- und Ausstieg sehr gut geeignet. Das O2 erbringt die gew\u00fcnschte Leistung beim Soaring ebenso wie beim Akro und XC Fliegen und ist das Gurtzeug der Wahl unseres OZONE Test und Design Teams.","og_url":"https:\/\/swissgliders.ch\/de\/produkt\/ozone-oxygen-2\/","og_site_name":"Gleitschirmschule Thun, Bern, Interlaken","article_publisher":"https:\/\/www.facebook.com\/swissgliders","article_modified_time":"2025-05-30T12:25:31+00:00","og_image":[{"width":867,"height":1000,"url":"https:\/\/swissgliders.ch\/wp-content\/uploads\/2024\/04\/Ozone_Leichtgurtzeug_Oxygen-2-1.jpg","type":"image\/jpeg"}],"twitter_card":"summary_large_image","twitter_site":"@Swissgliders","twitter_misc":{"Verf\u00fcgbarkeit":"Auf Lager"},"schema":{"@context":"https:\/\/schema.org","@graph":[{"@type":"WebPage","@id":"https:\/\/swissgliders.ch\/de\/produkt\/ozone-oxygen-2\/","url":"https:\/\/swissgliders.ch\/de\/produkt\/ozone-oxygen-2\/","name":"Ozone Oxygen 2 | Gleitschirmschule Thun, Bern, Interlaken","isPartOf":{"@id":"https:\/\/swissgliders.ch\/de\/#website"},"primaryImageOfPage":{"@id":"https:\/\/swissgliders.ch\/de\/produkt\/ozone-oxygen-2\/#primaryimage"},"image":{"@id":"https:\/\/swissgliders.ch\/de\/produkt\/ozone-oxygen-2\/#primaryimage"},"thumbnailUrl":"https:\/\/swissgliders.ch\/wp-content\/uploads\/2024\/04\/Ozone_Leichtgurtzeug_Oxygen-2-1.jpg","datePublished":"2024-04-15T14:12:28+00:00","dateModified":"2025-05-30T12:25:31+00:00","description":"Das Oxygen2 Gurtzeug ist ein glattes, windschl\u00fcpfiges Gurtzeug, das sehr einfach zu handhaben ist, und dessen Fokus auf Sicherheit ohne Kompromisse und Komfort liegt. Das O2 ist aus sorgf\u00e4ltig ausgew\u00e4hlten Materialien von h\u00f6chster Qualit\u00e4t gefertigt um Langlebigkeit und Formstabilit\u00e4t \u00fcber einen m\u00f6glichst langen Zeitraum zu gew\u00e4hrleisten. Unser O2 ist ein wendiges Gurtzeug, das f\u00fcr viele Piloten gut einsetzbar ist. F\u00fcr Piloten in der Ausbildung ist es wegen seines leichten Gewichtes und dem einfachen Ein- und Ausstieg sehr gut geeignet. Das O2 erbringt die gew\u00fcnschte Leistung beim Soaring ebenso wie beim Akro und XC Fliegen und ist das Gurtzeug der Wahl unseres OZONE Test und Design Teams.","breadcrumb":{"@id":"https:\/\/swissgliders.ch\/de\/produkt\/ozone-oxygen-2\/#breadcrumb"},"inLanguage":"de","potentialAction":[{"@type":"ReadAction","target":["https:\/\/swissgliders.ch\/de\/produkt\/ozone-oxygen-2\/"]}]},{"@type":"ImageObject","inLanguage":"de","@id":"https:\/\/swissgliders.ch\/de\/produkt\/ozone-oxygen-2\/#primaryimage","url":"https:\/\/swissgliders.ch\/wp-content\/uploads\/2024\/04\/Ozone_Leichtgurtzeug_Oxygen-2-1.jpg","contentUrl":"https:\/\/swissgliders.ch\/wp-content\/uploads\/2024\/04\/Ozone_Leichtgurtzeug_Oxygen-2-1.jpg","width":867,"height":1000,"caption":"Ozone_Leichtgurtzeug_Oxygen 2-1"},{"@type":"BreadcrumbList","@id":"https:\/\/swissgliders.ch\/de\/produkt\/ozone-oxygen-2\/#breadcrumb","itemListElement":[{"@type":"ListItem","position":1,"name":"Startseite","item":"https:\/\/swissgliders.ch\/de\/willkommen\/"},{"@type":"ListItem","position":2,"name":"Gleitschirm Shop","item":"https:\/\/swissgliders.ch\/de\/gleitschirm-shop\/"},{"@type":"ListItem","position":3,"name":"Ozone Oxygen 2"}]},{"@type":"WebSite","@id":"https:\/\/swissgliders.ch\/de\/#website","url":"https:\/\/swissgliders.ch\/de\/","name":"Gleitschirmschule Thun, Bern, Interlaken","description":"Gleitschirmschule Thun, Bern, Interlaken","publisher":{"@id":"https:\/\/swissgliders.ch\/de\/#organization"},"potentialAction":[{"@type":"SearchAction","target":{"@type":"EntryPoint","urlTemplate":"https:\/\/swissgliders.ch\/de\/?s={search_term_string}"},"query-input":{"@type":"PropertyValueSpecification","valueRequired":true,"valueName":"search_term_string"}}],"inLanguage":"de"},{"@type":"Organization","@id":"https:\/\/swissgliders.ch\/de\/#organization","name":"Swissgliders Gleitschirmflugschule Thun","url":"https:\/\/swissgliders.ch\/de\/","logo":{"@type":"ImageObject","inLanguage":"de","@id":"https:\/\/swissgliders.ch\/de\/#\/schema\/logo\/image\/","url":"https:\/\/swissgliders.ch\/wp-content\/uploads\/2019\/12\/swissgliders-logo-rgb-square-L-no-ch-01.png","contentUrl":"https:\/\/swissgliders.ch\/wp-content\/uploads\/2019\/12\/swissgliders-logo-rgb-square-L-no-ch-01.png","width":2500,"height":2500,"caption":"Swissgliders Gleitschirmflugschule Thun"},"image":{"@id":"https:\/\/swissgliders.ch\/de\/#\/schema\/logo\/image\/"},"sameAs":["https:\/\/www.facebook.com\/swissgliders","https:\/\/x.com\/Swissgliders","https:\/\/www.instagram.com\/swissgliders\/","https:\/\/www.youtube.com\/channel\/UCMCtGdepy9vBhrhX3V_oJOA"],"hasMerchantReturnPolicy":{"@type":"MerchantReturnPolicy","merchantReturnLink":"https:\/\/swissgliders.ch\/de\/allgemeine-geschaftsbedingungen\/"}}]},"og_availability":"instock","product_availability":"instock","product_condition":"new"},"_links":{"self":[{"href":"https:\/\/swissgliders.ch\/de\/wp-json\/wp\/v2\/product\/13048","targetHints":{"allow":["GET"]}}],"collection":[{"href":"https:\/\/swissgliders.ch\/de\/wp-json\/wp\/v2\/product"}],"about":[{"href":"https:\/\/swissgliders.ch\/de\/wp-json\/wp\/v2\/types\/product"}],"replies":[{"embeddable":true,"href":"https:\/\/swissgliders.ch\/de\/wp-json\/wp\/v2\/comments?post=13048"}],"wp:featuredmedia":[{"embeddable":true,"href":"https:\/\/swissgliders.ch\/de\/wp-json\/wp\/v2\/media\/13051"}],"wp:attachment":[{"href":"https:\/\/swissgliders.ch\/de\/wp-json\/wp\/v2\/media?parent=13048"}],"wp:term":[{"taxonomy":"product_brand","embeddable":true,"href":"https:\/\/swissgliders.ch\/de\/wp-json\/wp\/v2\/product_brand?post=13048"},{"taxonomy":"product_cat","embeddable":true,"href":"https:\/\/swissgliders.ch\/de\/wp-json\/wp\/v2\/product_cat?post=13048"},{"taxonomy":"product_tag","embeddable":true,"href":"https:\/\/swissgliders.ch\/de\/wp-json\/wp\/v2\/product_tag?post=13048"}],"curies":[{"name":"wp","href":"https:\/\/api.w.org\/{rel}","templated":true}]}}