{"id":13087,"date":"2024-04-15T16:21:11","date_gmt":"2024-04-15T15:21:11","guid":{"rendered":"https:\/\/swissgliders.ch\/?post_type=product&#038;p=13087"},"modified":"2025-06-12T09:16:57","modified_gmt":"2025-06-12T08:16:57","slug":"ozone-frace-2","status":"publish","type":"product","link":"https:\/\/swissgliders.ch\/de\/produkt\/ozone-frace-2\/","title":{"rendered":"Ozone F*Race 2"},"content":{"rendered":"<div class=\"et_pb_module et_pb_text et_pb_text_0 et_pb_bg_layout_light et_pb_text_align_left\">\n<div class=\"et_pb_text_inner\">\n<div class=\"et_pb_module et_pb_text et_pb_text_0 et_pb_bg_layout_light et_pb_text_align_left\">\n<div class=\"et_pb_text_inner\">\n<div class=\"et_pb_module et_pb_text et_pb_text_2 et_pb_text_align_left et_pb_bg_layout_light et_had_animation\">\n<div class=\"blockRenderer\">\n<div class=\"blockRenderer\">\n<div class=\"blockRenderer\">\n<h3 class=\"specs-table-2nd-row\"><img decoding=\"async\" src=\"https:\/\/flyozone.com\/_next\/image?url=https%3A%2F%2Fcdn.sanity.io%2Fimages%2Flbhlofgm%2Fproduction%2Fa1e63b6e19dc588dde37de4eea4c5c1a500644d2-700x277.png&amp;w=1080&amp;q=75\" alt=\"Product Info\" \/><\/h3>\n<p>&nbsp;<\/p>\n<\/div>\n<\/div>\n<\/div>\n<div class=\"blockRenderer\">\n<div class=\"blockRenderer\">\n<h4><strong>Ultraleichtes Wettkampf- und Abenteuergurtzeug f\u00fcr Piloten, die eine gute Mischung aus Leistung und Komfort im Flug suchen, mit unglaublich geringem Packvolumen bei Aufstiegen.<\/strong><\/h4>\n<p><strong><br \/>\nLeichtgewichtige Performance<\/strong><\/p>\n<p>&#8211; Anatomische Dyneema-Faden-Sitzstruktur<br \/>\n&#8211; Schnell und effizient aufblasbarer R\u00fcckenprotektor<br \/>\n&#8211; Ergonomische Frontmontagereserve<br \/>\n&#8211; Herausnehmbare Cockpit- und Brusttasche<br \/>\n&#8211; Schnelles und einfaches Einklipsen<br \/>\n&#8211; Im Flug zug\u00e4ngliche Taschen und gro\u00dfes Stauvolumen<\/p>\n<p><strong><br \/>\nIntro<\/strong><\/p>\n<p>Das F*Race2 ist ein ultraleichtes Hike &amp; Fly Pod Gurtzeug. Die Entwicklung wurde von unseren anspruchsvollsten Team-Piloten geleitet. Mit nur 1,62 kg in Gr\u00f6\u00dfe M ist es ein kompromissloser Ansatz f\u00fcr Piloten, die die Grenzen des Abenteuerfliegens ausloten, in einem vergleichsweise robusten und komfortablen Paket.<\/p>\n<p><img loading=\"lazy\" decoding=\"async\" class=\"\" src=\"https:\/\/flyozone.com\/_next\/image?url=https%3A%2F%2Fcdn.sanity.io%2Fimages%2Flbhlofgm%2Fproduction%2F049d59bc1da05ae70878e93b55a74a901cff97c7-1500x1566.jpg&amp;w=1920&amp;q=75\" alt=\"Lightweight Performance\" width=\"382\" height=\"399\" \/><\/p>\n<p><strong>Das Pilot<\/strong><\/p>\n<p>Obwohl sein Komfort und seine Zug\u00e4nglichkeit die Standards in dieser Kategorie \u00fcbertreffen, wird es nicht als erstes Pod-Gurtzeug empfohlen. Allerdings muss man nicht in den X-Alps antreten, um es zu fliegen. Der Gesamtkomfort und die Langlebigkeit machen es zu einer ausgezeichneten Wahl f\u00fcr ein Alltagsgurtzeug f\u00fcr Piloten, die ein kompaktes Hike &amp; Fly-Setup ben\u00f6tigen, um abgelegenere Startpl\u00e4tze zu erreichen, oder f\u00fcr bequemes und leichtes Reisen mit einem hoch XC-f\u00e4higen Gurtzeug.<\/p>\n<p>F\u00fcr die Kategorie ist es definitiv langlebig, aber bitte beachten Sie, dass es sich um ein leichtes Gurtzeug handelt, das mit der normalen Sorgfalt und Aufmerksamkeit behandelt werden sollte, die Sie Ihren leichten Fl\u00fcgeln zukommen lassen.<\/p>\n<p>&nbsp;<\/p>\n<p><strong>In Flight<\/strong><\/p>\n<p>Dank eines festen Beingurts, der gleichzeitig als Vergessensschutz dient, und nur 4 Verschlussschritten (einschlie\u00dflich des optionalen Oberbrustgurts) geht das Einklippen schnell. Das Handling am Boden ist dank der flexiblen Struktur problemlos, was die Mobilit\u00e4t bei schwierigen Starts erh\u00f6ht. Geschickt platzierter EVA-Schaum und Verst\u00e4rkungen verhindern Druckstellen.<\/p>\n<p>Im Flug ist die Gewichtsverlagerung effektiv und gutm\u00fctig, und das Stabilisierungssystem (mit optional einstellbarem ABS) ist in Turbulenzen komfortabel. Das gro\u00dfe Profil der Heckverkleidung und die glatte Gondel verbessern die Gleitf\u00e4higkeit und Stabilit\u00e4t.<\/p>\n<h4 class=\"titleH1\"><img loading=\"lazy\" decoding=\"async\" class=\"\" src=\"https:\/\/cdn.sanity.io\/images\/lbhlofgm\/production\/86d25284d8556bf5ea3e8c4d8d6ec56071d5a23e-1664x1350.jpg\" alt=\"In Flight\" width=\"524\" height=\"425\" \/><\/h4>\n<h4>Spezifikationen<\/h4>\n<div class=\"scroll\">\n<table style=\"height: 126px;\" width=\"1846\">\n<thead>\n<tr>\n<th>SIZE S<\/th>\n<th>M<\/th>\n<th>L<\/th>\n<\/tr>\n<\/thead>\n<tbody>\n<tr>\n<td>Weight (kg)* 1.520<\/td>\n<td>1.620<\/td>\n<td>1.720<\/td>\n<\/tr>\n<tr>\n<td>Total weight (kg)** 1.710<\/td>\n<td>1.810<\/td>\n<td>1.910<\/td>\n<\/tr>\n<tr>\n<td>Pilot Height Range (cm) 155 &#8211; 170<\/td>\n<td>165 &#8211; 185<\/td>\n<td>180 &#8211; 200<\/td>\n<\/tr>\n<\/tbody>\n<\/table>\n<\/div>\n<div class=\"desktop\">\n<p><em>* Das Gewicht kann aufgrund von leichten Schwankungen bei der Herstellung des verwendeten Materials bis zu 50 g pro Gr\u00f6\u00dfe variieren. Das Gewicht beinhaltet die Gurtzeug-Tragegurt Xlite Anschl\u00fcsse.<\/em><\/p>\n<p><em>** Beinhaltet s\u00e4mtliches Zubeh\u00f6r<\/em><\/p>\n<p>Packma\u00df: 450 x 320 x 120 mm (Gr\u00f6\u00dfe M f\u00fcr alle Ausr\u00fcstungen, einschlie\u00dflich Angel SQ Pro 100)<\/p>\n<p>Volumen des Rettungscontainers 3L (min.) &#8211; 5L (max.)<\/p>\n<p><strong>Mitgeliefertes Zubeh\u00f6r:<\/strong><\/p>\n<p>&#8211; Xlite Connect (kompatibel mit Edelrid Aura Karabinern)<br \/>\n&#8211; Integrierte Rettungsleinen<br \/>\n&#8211; Aufblasbarer Protektor (320g)<br \/>\n&#8211; Batteriebetriebene Mikropumpe (50g)<br \/>\n&#8211; Aufblas-\/Packtasche (60g)<br \/>\n&#8211; 3-stufiger leichter Beschleuniger (40g)<br \/>\n&#8211; Cockpit- und Brusttasche (140g)<\/p>\n<\/div>\n<p class=\"specs-table\"><img loading=\"lazy\" decoding=\"async\" class=\"\" src=\"https:\/\/flyozone.com\/_next\/image?url=https%3A%2F%2Fcdn.sanity.io%2Fimages%2Flbhlofgm%2Fproduction%2Fdb50e62e62a66d28f28a668c4a3d71d93ccb6423-2681x1451.png&amp;w=3840&amp;q=75\" alt=\"Safety\" width=\"1002\" height=\"542\" \/><\/p>\n<\/div>\n<p>&nbsp;<\/p>\n<\/div>\n<\/div>\n<\/div>\n<\/div>\n<p>Mehr<a href=\"https:\/\/flyozone.com\/paragliders\/de\/products\/harnesses\/f-race-2\" target=\"_blank\" rel=\"noopener noreferrer\"> Infos<\/a><\/p>\n<p>Falls dieser Artikel nicht an Lager ist, wird er f\u00fcr dich bestellt. Lieferfrist auf Anfrage.<\/p>\n<\/div>\n<\/div>\n","protected":false},"excerpt":{"rendered":"<div class=\"et_pb_module et_pb_text et_pb_text_0 et_pb_bg_layout_light et_pb_text_align_left\">\n<div class=\"et_pb_text_inner\">\n<div class=\"et_pb_module et_pb_text et_pb_text_2 et_pb_text_align_left et_pb_bg_layout_light et_had_animation\">\n<div class=\"blockRenderer\">\n<div class=\"blockRenderer\">\n<div class=\"blockRenderer\">\n<h3 class=\"specs-table-2nd-row\"><img decoding=\"async\" src=\"https:\/\/flyozone.com\/_next\/image?url=https%3A%2F%2Fcdn.sanity.io%2Fimages%2Flbhlofgm%2Fproduction%2Fa1e63b6e19dc588dde37de4eea4c5c1a500644d2-700x277.png&amp;w=1080&amp;q=75\" alt=\"Product Info\" \/><\/h3>\n<p>&nbsp;<\/p>\n<\/div>\n<\/div>\n<\/div>\n<div class=\"blockRenderer\">\n<div class=\"blockRenderer\">\n<h4><strong>Ultraleichtes Wettkampf- und Abenteuergurtzeug f\u00fcr Piloten, die eine gute Mischung aus Leistung und Komfort im Flug suchen, mit unglaublich geringem Packvolumen bei Aufstiegen.<\/strong><\/h4>\n<p><strong><br \/>\nLeichtgewichtige Performance<\/strong><\/p>\n<p>&#8211; Anatomische Dyneema-Faden-Sitzstruktur<br \/>\n&#8211; Schnell und effizient aufblasbarer R\u00fcckenprotektor<br \/>\n&#8211; Ergonomische Frontmontagereserve<br \/>\n&#8211; Herausnehmbare Cockpit- und Brusttasche<br \/>\n&#8211; Schnelles und einfaches Einklipsen<br \/>\n&#8211; Im Flug zug\u00e4ngliche Taschen und gro\u00dfes Stauvolumen<\/p>\n<p><strong><br \/>\nIntro<\/strong><\/p>\n<p>Das F*Race2 ist ein ultraleichtes Hike &amp; Fly Pod Gurtzeug. Die Entwicklung wurde von unseren anspruchsvollsten Team-Piloten geleitet. Mit nur 1,62 kg in Gr\u00f6\u00dfe M ist es ein kompromissloser Ansatz f\u00fcr Piloten, die die Grenzen des Abenteuerfliegens ausloten, in einem vergleichsweise robusten und komfortablen Paket.<\/p>\n<p><img loading=\"lazy\" decoding=\"async\" class=\"\" src=\"https:\/\/flyozone.com\/_next\/image?url=https%3A%2F%2Fcdn.sanity.io%2Fimages%2Flbhlofgm%2Fproduction%2F049d59bc1da05ae70878e93b55a74a901cff97c7-1500x1566.jpg&amp;w=1920&amp;q=75\" alt=\"Lightweight Performance\" width=\"382\" height=\"399\" \/><\/p>\n<p><strong>Das Pilot<\/strong><\/p>\n<p>Obwohl sein Komfort und seine Zug\u00e4nglichkeit die Standards in dieser Kategorie \u00fcbertreffen, wird es nicht als erstes Pod-Gurtzeug empfohlen. Allerdings muss man nicht in den X-Alps antreten, um es zu fliegen. Der Gesamtkomfort und die Langlebigkeit machen es zu einer ausgezeichneten Wahl f\u00fcr ein Alltagsgurtzeug f\u00fcr Piloten, die ein kompaktes Hike &amp; Fly-Setup ben\u00f6tigen, um abgelegenere Startpl\u00e4tze zu erreichen, oder f\u00fcr bequemes und leichtes Reisen mit einem hoch XC-f\u00e4higen Gurtzeug.<\/p>\n<p>F\u00fcr die Kategorie ist es definitiv langlebig, aber bitte beachten Sie, dass es sich um ein leichtes Gurtzeug handelt, das mit der normalen Sorgfalt und Aufmerksamkeit behandelt werden sollte, die Sie Ihren leichten Fl\u00fcgeln zukommen lassen.<\/p>\n<p>&nbsp;<\/p>\n<p><strong>In Flight<\/strong><\/p>\n<p>Dank eines festen Beingurts, der gleichzeitig als Vergessensschutz dient, und nur 4 Verschlussschritten (einschlie\u00dflich des optionalen Oberbrustgurts) geht das Einklippen schnell. Das Handling am Boden ist dank der flexiblen Struktur problemlos, was die Mobilit\u00e4t bei schwierigen Starts erh\u00f6ht. Geschickt platzierter EVA-Schaum und Verst\u00e4rkungen verhindern Druckstellen.<\/p>\n<p>Im Flug ist die Gewichtsverlagerung effektiv und gutm\u00fctig, und das Stabilisierungssystem (mit optional einstellbarem ABS) ist in Turbulenzen komfortabel. Das gro\u00dfe Profil der Heckverkleidung und die glatte Gondel verbessern die Gleitf\u00e4higkeit und Stabilit\u00e4t.<\/p>\n<h4 class=\"titleH1\"><img loading=\"lazy\" decoding=\"async\" class=\"\" src=\"https:\/\/cdn.sanity.io\/images\/lbhlofgm\/production\/86d25284d8556bf5ea3e8c4d8d6ec56071d5a23e-1664x1350.jpg\" alt=\"In Flight\" width=\"524\" height=\"425\" \/><\/h4>\n<h4>Spezifikationen<\/h4>\n<div class=\"scroll\">\n<table style=\"height: 126px;\" width=\"1846\">\n<thead>\n<tr>\n<th>SIZE S<\/th>\n<th>M<\/th>\n<th>L<\/th>\n<\/tr>\n<\/thead>\n<tbody>\n<tr>\n<td>Weight (kg)* 1.520<\/td>\n<td>1.620<\/td>\n<td>1.720<\/td>\n<\/tr>\n<tr>\n<td>Total weight (kg)** 1.710<\/td>\n<td>1.810<\/td>\n<td>1.910<\/td>\n<\/tr>\n<tr>\n<td>Pilot Height Range (cm) 155 &#8211; 170<\/td>\n<td>165 &#8211; 185<\/td>\n<td>180 &#8211; 200<\/td>\n<\/tr>\n<\/tbody>\n<\/table>\n<\/div>\n<div class=\"desktop\">\n<p><em>* Das Gewicht kann aufgrund von leichten Schwankungen bei der Herstellung des verwendeten Materials bis zu 50 g pro Gr\u00f6\u00dfe variieren. Das Gewicht beinhaltet die Gurtzeug-Tragegurt Xlite Anschl\u00fcsse.<\/em><\/p>\n<p><em>** Beinhaltet s\u00e4mtliches Zubeh\u00f6r<\/em><\/p>\n<p>Packma\u00df: 450 x 320 x 120 mm (Gr\u00f6\u00dfe M f\u00fcr alle Ausr\u00fcstungen, einschlie\u00dflich Angel SQ Pro 100)<\/p>\n<p>Volumen des Rettungscontainers 3L (min.) &#8211; 5L (max.)<\/p>\n<p><strong>Mitgeliefertes Zubeh\u00f6r:<\/strong><\/p>\n<p>&#8211; Xlite Connect (kompatibel mit Edelrid Aura Karabinern)<br \/>\n&#8211; Integrierte Rettungsleinen<br \/>\n&#8211; Aufblasbarer Protektor (320g)<br \/>\n&#8211; Batteriebetriebene Mikropumpe (50g)<br \/>\n&#8211; Aufblas-\/Packtasche (60g)<br \/>\n&#8211; 3-stufiger leichter Beschleuniger (40g)<br \/>\n&#8211; Cockpit- und Brusttasche (140g)<\/p>\n<\/div>\n<p class=\"specs-table\"><img loading=\"lazy\" decoding=\"async\" class=\"\" src=\"https:\/\/flyozone.com\/_next\/image?url=https%3A%2F%2Fcdn.sanity.io%2Fimages%2Flbhlofgm%2Fproduction%2Fdb50e62e62a66d28f28a668c4a3d71d93ccb6423-2681x1451.png&amp;w=3840&amp;q=75\" alt=\"Safety\" width=\"1002\" height=\"542\" \/><\/p>\n<\/div>\n<p>&nbsp;<\/p>\n<\/div>\n<\/div>\n<\/div>\n<\/div>\n<p>Mehr<a href=\"https:\/\/flyozone.com\/paragliders\/de\/products\/harnesses\/f-race-2\" target=\"_blank\" rel=\"noopener noreferrer\"> Infos<\/a><\/p>\n<p>Falls dieser Artikel nicht an Lager ist, wird er f\u00fcr dich bestellt. Lieferfrist auf Anfrage.<\/p>\n","protected":false},"featured_media":19946,"comment_status":"closed","ping_status":"closed","template":"","meta":[],"product_brand":[],"product_cat":[1041,1026],"product_tag":[999,1965,90],"class_list":{"0":"post-13087","1":"product","2":"type-product","3":"status-publish","4":"has-post-thumbnail","6":"product_cat-gleitschirm-liegegurtzeuge","7":"product_cat-leichte-gleitschirmgurtzeuge","8":"product_tag-liegegurtzeug","9":"product_tag-ultraleichtgurtzeug","10":"product_tag-verkaufsartikel","11":"product_shipping_class-priority-10kg-de","13":"first","14":"instock","15":"sale","16":"shipping-taxable","17":"purchasable","18":"product-type-variable"},"yoast_head":"<!-- This site is optimized with the Yoast SEO Premium plugin v26.1 (Yoast SEO v27.4) - https:\/\/yoast.com\/product\/yoast-seo-premium-wordpress\/ -->\n<title>Ozone F*Race 2 | Gleitschirmschule Thun, Bern, Interlaken<\/title>\n<meta name=\"description\" content=\"Das Ozone F*Race 2 Liegegurtzeug Leichtgewichtige Performance. Ultraleichtes Wettkampf- und Abenteuergurtzeug f\u00fcr Piloten, die eine gute Mischung aus Leistung und Komfort im Flug suchen, mit unglaublich geringem Packvolumen bei Aufstiegen. Das F*Race 2 ist ein ultraleichtes Hike &amp; Fly Pod Gurtzeug. Die Entwicklung wurde von unseren anspruchsvollsten Team-Piloten geleitet. Mit nur 1,62 kg in Gr\u00f6\u00dfe M ist es ein kompromissloser Ansatz f\u00fcr Piloten, die die Grenzen des Abenteuerfliegens ausloten, in einem vergleichsweise robusten und komfortablen Paket.\" \/>\n<meta name=\"robots\" content=\"index, follow, max-snippet:-1, max-image-preview:large, max-video-preview:-1\" \/>\n<link rel=\"canonical\" href=\"https:\/\/swissgliders.ch\/de\/produkt\/ozone-frace-2\/\" \/>\n<meta property=\"og:locale\" content=\"de_DE\" \/>\n<meta property=\"og:type\" content=\"article\" \/>\n<meta property=\"og:title\" content=\"Ozone F*Race 2\" \/>\n<meta property=\"og:description\" content=\"Das Ozone F*Race 2 Liegegurtzeug Leichtgewichtige Performance. Ultraleichtes Wettkampf- und Abenteuergurtzeug f\u00fcr Piloten, die eine gute Mischung aus Leistung und Komfort im Flug suchen, mit unglaublich geringem Packvolumen bei Aufstiegen. Das F*Race 2 ist ein ultraleichtes Hike &amp; Fly Pod Gurtzeug. Die Entwicklung wurde von unseren anspruchsvollsten Team-Piloten geleitet. Mit nur 1,62 kg in Gr\u00f6\u00dfe M ist es ein kompromissloser Ansatz f\u00fcr Piloten, die die Grenzen des Abenteuerfliegens ausloten, in einem vergleichsweise robusten und komfortablen Paket.\" \/>\n<meta property=\"og:url\" content=\"https:\/\/swissgliders.ch\/de\/produkt\/ozone-frace-2\/\" \/>\n<meta property=\"og:site_name\" content=\"Gleitschirmschule Thun, Bern, Interlaken\" \/>\n<meta property=\"article:publisher\" content=\"https:\/\/www.facebook.com\/swissgliders\" \/>\n<meta property=\"article:modified_time\" content=\"2025-06-12T08:16:57+00:00\" \/>\n<meta property=\"og:image\" content=\"https:\/\/swissgliders.ch\/wp-content\/uploads\/2024\/04\/Ozone_Liegegurtzeug_F-Race-2-1-1-1030x686.jpg\" \/>\n\t<meta property=\"og:image:width\" content=\"1030\" \/>\n\t<meta property=\"og:image:height\" content=\"686\" \/>\n\t<meta property=\"og:image:type\" content=\"image\/jpeg\" \/>\n<meta name=\"twitter:card\" content=\"summary_large_image\" \/>\n<meta name=\"twitter:site\" content=\"@Swissgliders\" \/>\n<meta name=\"twitter:label1\" content=\"Verf\u00fcgbarkeit\" \/>\n\t<meta name=\"twitter:data1\" content=\"Auf Lager\" \/>\n<script type=\"application\/ld+json\" class=\"yoast-schema-graph\">{\"@context\":\"https:\\\/\\\/schema.org\",\"@graph\":[{\"@type\":\"WebPage\",\"@id\":\"https:\\\/\\\/swissgliders.ch\\\/de\\\/produkt\\\/ozone-frace-2\\\/\",\"url\":\"https:\\\/\\\/swissgliders.ch\\\/de\\\/produkt\\\/ozone-frace-2\\\/\",\"name\":\"Ozone F*Race 2 | Gleitschirmschule Thun, Bern, Interlaken\",\"isPartOf\":{\"@id\":\"https:\\\/\\\/swissgliders.ch\\\/de\\\/#website\"},\"primaryImageOfPage\":{\"@id\":\"https:\\\/\\\/swissgliders.ch\\\/de\\\/produkt\\\/ozone-frace-2\\\/#primaryimage\"},\"image\":{\"@id\":\"https:\\\/\\\/swissgliders.ch\\\/de\\\/produkt\\\/ozone-frace-2\\\/#primaryimage\"},\"thumbnailUrl\":\"https:\\\/\\\/swissgliders.ch\\\/wp-content\\\/uploads\\\/2024\\\/04\\\/Ozone_Liegegurtzeug_F-Race-2-1-1-scaled.jpg\",\"datePublished\":\"2024-04-15T15:21:11+00:00\",\"dateModified\":\"2025-06-12T08:16:57+00:00\",\"description\":\"Das Ozone F*Race 2 Liegegurtzeug Leichtgewichtige Performance. Ultraleichtes Wettkampf- und Abenteuergurtzeug f\u00fcr Piloten, die eine gute Mischung aus Leistung und Komfort im Flug suchen, mit unglaublich geringem Packvolumen bei Aufstiegen. Das F*Race 2 ist ein ultraleichtes Hike & Fly Pod Gurtzeug. Die Entwicklung wurde von unseren anspruchsvollsten Team-Piloten geleitet. Mit nur 1,62 kg in Gr\u00f6\u00dfe M ist es ein kompromissloser Ansatz f\u00fcr Piloten, die die Grenzen des Abenteuerfliegens ausloten, in einem vergleichsweise robusten und komfortablen Paket.\",\"breadcrumb\":{\"@id\":\"https:\\\/\\\/swissgliders.ch\\\/de\\\/produkt\\\/ozone-frace-2\\\/#breadcrumb\"},\"inLanguage\":\"de\",\"potentialAction\":[{\"@type\":\"ReadAction\",\"target\":[\"https:\\\/\\\/swissgliders.ch\\\/de\\\/produkt\\\/ozone-frace-2\\\/\"]}]},{\"@type\":\"ImageObject\",\"inLanguage\":\"de\",\"@id\":\"https:\\\/\\\/swissgliders.ch\\\/de\\\/produkt\\\/ozone-frace-2\\\/#primaryimage\",\"url\":\"https:\\\/\\\/swissgliders.ch\\\/wp-content\\\/uploads\\\/2024\\\/04\\\/Ozone_Liegegurtzeug_F-Race-2-1-1-scaled.jpg\",\"contentUrl\":\"https:\\\/\\\/swissgliders.ch\\\/wp-content\\\/uploads\\\/2024\\\/04\\\/Ozone_Liegegurtzeug_F-Race-2-1-1-scaled.jpg\",\"width\":2560,\"height\":1706,\"caption\":\"Ozone_Liegegurtzeug_F Race 2-1\"},{\"@type\":\"BreadcrumbList\",\"@id\":\"https:\\\/\\\/swissgliders.ch\\\/de\\\/produkt\\\/ozone-frace-2\\\/#breadcrumb\",\"itemListElement\":[{\"@type\":\"ListItem\",\"position\":1,\"name\":\"Startseite\",\"item\":\"https:\\\/\\\/swissgliders.ch\\\/de\\\/willkommen\\\/\"},{\"@type\":\"ListItem\",\"position\":2,\"name\":\"Gleitschirm Shop\",\"item\":\"https:\\\/\\\/swissgliders.ch\\\/de\\\/gleitschirm-shop\\\/\"},{\"@type\":\"ListItem\",\"position\":3,\"name\":\"Ozone F*Race 2\"}]},{\"@type\":\"WebSite\",\"@id\":\"https:\\\/\\\/swissgliders.ch\\\/de\\\/#website\",\"url\":\"https:\\\/\\\/swissgliders.ch\\\/de\\\/\",\"name\":\"Gleitschirmschule Thun, Bern, Interlaken\",\"description\":\"Gleitschirmschule Thun, Bern, Interlaken\",\"publisher\":{\"@id\":\"https:\\\/\\\/swissgliders.ch\\\/de\\\/#organization\"},\"potentialAction\":[{\"@type\":\"SearchAction\",\"target\":{\"@type\":\"EntryPoint\",\"urlTemplate\":\"https:\\\/\\\/swissgliders.ch\\\/de\\\/?s={search_term_string}\"},\"query-input\":{\"@type\":\"PropertyValueSpecification\",\"valueRequired\":true,\"valueName\":\"search_term_string\"}}],\"inLanguage\":\"de\"},{\"@type\":\"Organization\",\"@id\":\"https:\\\/\\\/swissgliders.ch\\\/de\\\/#organization\",\"name\":\"Swissgliders Gleitschirmflugschule Thun\",\"url\":\"https:\\\/\\\/swissgliders.ch\\\/de\\\/\",\"logo\":{\"@type\":\"ImageObject\",\"inLanguage\":\"de\",\"@id\":\"https:\\\/\\\/swissgliders.ch\\\/de\\\/#\\\/schema\\\/logo\\\/image\\\/\",\"url\":\"https:\\\/\\\/swissgliders.ch\\\/wp-content\\\/uploads\\\/2019\\\/12\\\/swissgliders-logo-rgb-square-L-no-ch-01.png\",\"contentUrl\":\"https:\\\/\\\/swissgliders.ch\\\/wp-content\\\/uploads\\\/2019\\\/12\\\/swissgliders-logo-rgb-square-L-no-ch-01.png\",\"width\":2500,\"height\":2500,\"caption\":\"Swissgliders Gleitschirmflugschule Thun\"},\"image\":{\"@id\":\"https:\\\/\\\/swissgliders.ch\\\/de\\\/#\\\/schema\\\/logo\\\/image\\\/\"},\"sameAs\":[\"https:\\\/\\\/www.facebook.com\\\/swissgliders\",\"https:\\\/\\\/x.com\\\/Swissgliders\",\"https:\\\/\\\/www.instagram.com\\\/swissgliders\\\/\",\"https:\\\/\\\/www.youtube.com\\\/channel\\\/UCMCtGdepy9vBhrhX3V_oJOA\"],\"hasMerchantReturnPolicy\":{\"@type\":\"MerchantReturnPolicy\",\"merchantReturnLink\":\"https:\\\/\\\/swissgliders.ch\\\/de\\\/allgemeine-geschaftsbedingungen\\\/\"}}]}<\/script>\n<meta property=\"og:availability\" content=\"instock\" \/>\n<meta property=\"product:availability\" content=\"instock\" \/>\n<meta property=\"product:condition\" content=\"new\" \/>\n<!-- \/ Yoast SEO Premium plugin. -->","yoast_head_json":{"title":"Ozone F*Race 2 | Gleitschirmschule Thun, Bern, Interlaken","description":"Das Ozone F*Race 2 Liegegurtzeug Leichtgewichtige Performance. Ultraleichtes Wettkampf- und Abenteuergurtzeug f\u00fcr Piloten, die eine gute Mischung aus Leistung und Komfort im Flug suchen, mit unglaublich geringem Packvolumen bei Aufstiegen. Das F*Race 2 ist ein ultraleichtes Hike & Fly Pod Gurtzeug. Die Entwicklung wurde von unseren anspruchsvollsten Team-Piloten geleitet. Mit nur 1,62 kg in Gr\u00f6\u00dfe M ist es ein kompromissloser Ansatz f\u00fcr Piloten, die die Grenzen des Abenteuerfliegens ausloten, in einem vergleichsweise robusten und komfortablen Paket.","robots":{"index":"index","follow":"follow","max-snippet":"max-snippet:-1","max-image-preview":"max-image-preview:large","max-video-preview":"max-video-preview:-1"},"canonical":"https:\/\/swissgliders.ch\/de\/produkt\/ozone-frace-2\/","og_locale":"de_DE","og_type":"article","og_title":"Ozone F*Race 2","og_description":"Das Ozone F*Race 2 Liegegurtzeug Leichtgewichtige Performance. Ultraleichtes Wettkampf- und Abenteuergurtzeug f\u00fcr Piloten, die eine gute Mischung aus Leistung und Komfort im Flug suchen, mit unglaublich geringem Packvolumen bei Aufstiegen. Das F*Race 2 ist ein ultraleichtes Hike & Fly Pod Gurtzeug. Die Entwicklung wurde von unseren anspruchsvollsten Team-Piloten geleitet. Mit nur 1,62 kg in Gr\u00f6\u00dfe M ist es ein kompromissloser Ansatz f\u00fcr Piloten, die die Grenzen des Abenteuerfliegens ausloten, in einem vergleichsweise robusten und komfortablen Paket.","og_url":"https:\/\/swissgliders.ch\/de\/produkt\/ozone-frace-2\/","og_site_name":"Gleitschirmschule Thun, Bern, Interlaken","article_publisher":"https:\/\/www.facebook.com\/swissgliders","article_modified_time":"2025-06-12T08:16:57+00:00","og_image":[{"width":1030,"height":686,"url":"https:\/\/swissgliders.ch\/wp-content\/uploads\/2024\/04\/Ozone_Liegegurtzeug_F-Race-2-1-1-1030x686.jpg","type":"image\/jpeg"}],"twitter_card":"summary_large_image","twitter_site":"@Swissgliders","twitter_misc":{"Verf\u00fcgbarkeit":"Auf Lager"},"schema":{"@context":"https:\/\/schema.org","@graph":[{"@type":"WebPage","@id":"https:\/\/swissgliders.ch\/de\/produkt\/ozone-frace-2\/","url":"https:\/\/swissgliders.ch\/de\/produkt\/ozone-frace-2\/","name":"Ozone F*Race 2 | Gleitschirmschule Thun, Bern, Interlaken","isPartOf":{"@id":"https:\/\/swissgliders.ch\/de\/#website"},"primaryImageOfPage":{"@id":"https:\/\/swissgliders.ch\/de\/produkt\/ozone-frace-2\/#primaryimage"},"image":{"@id":"https:\/\/swissgliders.ch\/de\/produkt\/ozone-frace-2\/#primaryimage"},"thumbnailUrl":"https:\/\/swissgliders.ch\/wp-content\/uploads\/2024\/04\/Ozone_Liegegurtzeug_F-Race-2-1-1-scaled.jpg","datePublished":"2024-04-15T15:21:11+00:00","dateModified":"2025-06-12T08:16:57+00:00","description":"Das Ozone F*Race 2 Liegegurtzeug Leichtgewichtige Performance. Ultraleichtes Wettkampf- und Abenteuergurtzeug f\u00fcr Piloten, die eine gute Mischung aus Leistung und Komfort im Flug suchen, mit unglaublich geringem Packvolumen bei Aufstiegen. Das F*Race 2 ist ein ultraleichtes Hike & Fly Pod Gurtzeug. Die Entwicklung wurde von unseren anspruchsvollsten Team-Piloten geleitet. Mit nur 1,62 kg in Gr\u00f6\u00dfe M ist es ein kompromissloser Ansatz f\u00fcr Piloten, die die Grenzen des Abenteuerfliegens ausloten, in einem vergleichsweise robusten und komfortablen Paket.","breadcrumb":{"@id":"https:\/\/swissgliders.ch\/de\/produkt\/ozone-frace-2\/#breadcrumb"},"inLanguage":"de","potentialAction":[{"@type":"ReadAction","target":["https:\/\/swissgliders.ch\/de\/produkt\/ozone-frace-2\/"]}]},{"@type":"ImageObject","inLanguage":"de","@id":"https:\/\/swissgliders.ch\/de\/produkt\/ozone-frace-2\/#primaryimage","url":"https:\/\/swissgliders.ch\/wp-content\/uploads\/2024\/04\/Ozone_Liegegurtzeug_F-Race-2-1-1-scaled.jpg","contentUrl":"https:\/\/swissgliders.ch\/wp-content\/uploads\/2024\/04\/Ozone_Liegegurtzeug_F-Race-2-1-1-scaled.jpg","width":2560,"height":1706,"caption":"Ozone_Liegegurtzeug_F Race 2-1"},{"@type":"BreadcrumbList","@id":"https:\/\/swissgliders.ch\/de\/produkt\/ozone-frace-2\/#breadcrumb","itemListElement":[{"@type":"ListItem","position":1,"name":"Startseite","item":"https:\/\/swissgliders.ch\/de\/willkommen\/"},{"@type":"ListItem","position":2,"name":"Gleitschirm Shop","item":"https:\/\/swissgliders.ch\/de\/gleitschirm-shop\/"},{"@type":"ListItem","position":3,"name":"Ozone F*Race 2"}]},{"@type":"WebSite","@id":"https:\/\/swissgliders.ch\/de\/#website","url":"https:\/\/swissgliders.ch\/de\/","name":"Gleitschirmschule Thun, Bern, Interlaken","description":"Gleitschirmschule Thun, Bern, Interlaken","publisher":{"@id":"https:\/\/swissgliders.ch\/de\/#organization"},"potentialAction":[{"@type":"SearchAction","target":{"@type":"EntryPoint","urlTemplate":"https:\/\/swissgliders.ch\/de\/?s={search_term_string}"},"query-input":{"@type":"PropertyValueSpecification","valueRequired":true,"valueName":"search_term_string"}}],"inLanguage":"de"},{"@type":"Organization","@id":"https:\/\/swissgliders.ch\/de\/#organization","name":"Swissgliders Gleitschirmflugschule Thun","url":"https:\/\/swissgliders.ch\/de\/","logo":{"@type":"ImageObject","inLanguage":"de","@id":"https:\/\/swissgliders.ch\/de\/#\/schema\/logo\/image\/","url":"https:\/\/swissgliders.ch\/wp-content\/uploads\/2019\/12\/swissgliders-logo-rgb-square-L-no-ch-01.png","contentUrl":"https:\/\/swissgliders.ch\/wp-content\/uploads\/2019\/12\/swissgliders-logo-rgb-square-L-no-ch-01.png","width":2500,"height":2500,"caption":"Swissgliders Gleitschirmflugschule Thun"},"image":{"@id":"https:\/\/swissgliders.ch\/de\/#\/schema\/logo\/image\/"},"sameAs":["https:\/\/www.facebook.com\/swissgliders","https:\/\/x.com\/Swissgliders","https:\/\/www.instagram.com\/swissgliders\/","https:\/\/www.youtube.com\/channel\/UCMCtGdepy9vBhrhX3V_oJOA"],"hasMerchantReturnPolicy":{"@type":"MerchantReturnPolicy","merchantReturnLink":"https:\/\/swissgliders.ch\/de\/allgemeine-geschaftsbedingungen\/"}}]},"og_availability":"instock","product_availability":"instock","product_condition":"new"},"_links":{"self":[{"href":"https:\/\/swissgliders.ch\/de\/wp-json\/wp\/v2\/product\/13087","targetHints":{"allow":["GET"]}}],"collection":[{"href":"https:\/\/swissgliders.ch\/de\/wp-json\/wp\/v2\/product"}],"about":[{"href":"https:\/\/swissgliders.ch\/de\/wp-json\/wp\/v2\/types\/product"}],"replies":[{"embeddable":true,"href":"https:\/\/swissgliders.ch\/de\/wp-json\/wp\/v2\/comments?post=13087"}],"wp:featuredmedia":[{"embeddable":true,"href":"https:\/\/swissgliders.ch\/de\/wp-json\/wp\/v2\/media\/19946"}],"wp:attachment":[{"href":"https:\/\/swissgliders.ch\/de\/wp-json\/wp\/v2\/media?parent=13087"}],"wp:term":[{"taxonomy":"product_brand","embeddable":true,"href":"https:\/\/swissgliders.ch\/de\/wp-json\/wp\/v2\/product_brand?post=13087"},{"taxonomy":"product_cat","embeddable":true,"href":"https:\/\/swissgliders.ch\/de\/wp-json\/wp\/v2\/product_cat?post=13087"},{"taxonomy":"product_tag","embeddable":true,"href":"https:\/\/swissgliders.ch\/de\/wp-json\/wp\/v2\/product_tag?post=13087"}],"curies":[{"name":"wp","href":"https:\/\/api.w.org\/{rel}","templated":true}]}}