{"id":13426,"date":"2024-06-09T07:47:47","date_gmt":"2024-06-09T06:47:47","guid":{"rendered":"https:\/\/swissgliders.ch\/?post_type=product&#038;p=13426"},"modified":"2026-03-26T16:35:27","modified_gmt":"2026-03-26T15:35:27","slug":"kortel-sak-3","status":"publish","type":"product","link":"https:\/\/swissgliders.ch\/de\/produkt\/kortel-sak-3\/","title":{"rendered":"Kortel Sak 3 (f\u00fcr Kruyer 3)"},"content":{"rendered":"<div class=\"et_pb_module et_pb_text et_pb_text_0 et_pb_bg_layout_light et_pb_text_align_left\">\n<div class=\"et_pb_text_inner\">\n<div class=\"et_pb_module et_pb_text et_pb_text_0 et_pb_bg_layout_light et_pb_text_align_left\">\n<div class=\"et_pb_text_inner\">\n<div class=\"et_pb_module et_pb_text et_pb_text_0 et_pb_text_align_left et_pb_bg_layout_light\">\n<div class=\"et_pb_text_inner\">\n<p><img loading=\"lazy\" decoding=\"async\" class=\"\" src=\"https:\/\/www.korteldesign.com\/wp-content\/uploads\/2019\/09\/GB14442_web2000.jpg\" alt=\"undefined\" width=\"338\" height=\"507\" \/><\/p>\n<p>Der\u00a0<strong>Sak III<\/strong>\u00a0ist der neue wendbare Airbag-Rucksack von Kortel Design. Er ist nur mit dem\u00a0<a href=\"https:\/\/swissgliders.ch\/de\/produkt\/kortel-kruyer-3\/\"><strong>Kruyer III<\/strong><\/a> kompatibel.<\/p>\n<p>Sein Volumen wurde im Vergleich zu Version 2 erh\u00f6ht, um es mit Standardschirmen verwenden zu k\u00f6nnen. Wie bei Version 2 sorgt seine Platzierung auf dem\u00a0<a href=\"https:\/\/swissgliders.ch\/de\/produkt\/kortel-kruyer-3\/\"><strong>Kruyer III<\/strong><\/a>\u00a0f\u00fcr eine bessere Unterst\u00fctzung im Lendenbereich mit der dazugeh\u00f6rigen Einstellung. Diese Unterst\u00fctzung verbessert auch den Halt des Gurtzeugs beim Einleiten von Kurven. Die Airbag-Funktion sorgt f\u00fcr zus\u00e4tzliche passive Sicherheit.<\/p>\n<h5 id=\"outil_sommaire_3\" class=\"spip\">2 Gr\u00f6\u00dfen :<\/h5>\n<h5 class=\"spip\">S: f\u00fcr Kruyer III S \/ M<\/h5>\n<h5 class=\"spip\">L: f\u00fcr Kruyer III M \/ L \/ XL<\/h5>\n<h5 class=\"spip\">Volumen: 70L<\/h5>\n<h5 class=\"spip\">Gewicht: 1kg<\/h5>\n<h5 class=\"spip\">CE-Zulassung, LTF<\/h5>\n<p>&nbsp;<\/p>\n<\/div>\n<\/div>\n<\/div>\n<\/div>\n<p>Mehr<a href=\"https:\/\/www.korteldesign.com\/de\/produits\/sak-iii\/\" target=\"_blank\" rel=\"noopener noreferrer\"> Infos<\/a><\/p>\n<p>Falls dieser Artikel nicht an Lager ist, wird er f\u00fcr dich bestellt. Lieferfrist auf Anfrage.<\/p>\n<\/div>\n<\/div>\n","protected":false},"excerpt":{"rendered":"<div class=\"et_pb_module et_pb_text et_pb_text_0 et_pb_bg_layout_light et_pb_text_align_left\">\n<div class=\"et_pb_text_inner\">\n<div class=\"et_pb_module et_pb_text et_pb_text_0 et_pb_text_align_left et_pb_bg_layout_light\">\n<div class=\"et_pb_text_inner\">\n<p><img loading=\"lazy\" decoding=\"async\" class=\"\" src=\"https:\/\/www.korteldesign.com\/wp-content\/uploads\/2019\/09\/GB14442_web2000.jpg\" alt=\"undefined\" width=\"338\" height=\"507\" \/><\/p>\n<p>Der\u00a0<strong>Sak III<\/strong>\u00a0ist der neue wendbare Airbag-Rucksack von Kortel Design. Er ist nur mit dem\u00a0<a href=\"https:\/\/swissgliders.ch\/de\/produkt\/kortel-kruyer-3\/\"><strong>Kruyer III<\/strong><\/a> kompatibel.<\/p>\n<p>Sein Volumen wurde im Vergleich zu Version 2 erh\u00f6ht, um es mit Standardschirmen verwenden zu k\u00f6nnen. Wie bei Version 2 sorgt seine Platzierung auf dem\u00a0<a href=\"https:\/\/swissgliders.ch\/de\/produkt\/kortel-kruyer-3\/\"><strong>Kruyer III<\/strong><\/a>\u00a0f\u00fcr eine bessere Unterst\u00fctzung im Lendenbereich mit der dazugeh\u00f6rigen Einstellung. Diese Unterst\u00fctzung verbessert auch den Halt des Gurtzeugs beim Einleiten von Kurven. Die Airbag-Funktion sorgt f\u00fcr zus\u00e4tzliche passive Sicherheit.<\/p>\n<h5 id=\"outil_sommaire_3\" class=\"spip\">2 Gr\u00f6\u00dfen :<\/h5>\n<h5 class=\"spip\">S: f\u00fcr Kruyer III S \/ M<\/h5>\n<h5 class=\"spip\">L: f\u00fcr Kruyer III M \/ L \/ XL<\/h5>\n<h5 class=\"spip\">Volumen: 70L<\/h5>\n<h5 class=\"spip\">Gewicht: 1kg<\/h5>\n<h5 class=\"spip\">CE-Zulassung, LTF<\/h5>\n<p>&nbsp;<\/p>\n<\/div>\n<\/div>\n<\/div>\n<\/div>\n<p>Mehr<a href=\"https:\/\/www.korteldesign.com\/de\/produits\/sak-iii\/\" target=\"_blank\" rel=\"noopener noreferrer\"> Infos<\/a><\/p>\n<p>Falls dieser Artikel nicht an Lager ist, wird er f\u00fcr dich bestellt. Lieferfrist auf Anfrage.<\/p>\n","protected":false},"featured_media":13429,"comment_status":"closed","ping_status":"closed","template":"","meta":[],"product_brand":[],"product_cat":[2072,402],"product_tag":[2354,2210,90],"class_list":{"0":"post-13426","1":"product","2":"type-product","3":"status-publish","4":"has-post-thumbnail","6":"product_cat-gleitschirm-rucksaecke","7":"product_cat-gleitschirm-zubehoer","8":"product_tag-airbag","9":"product_tag-rucksack","10":"product_tag-verkaufsartikel","11":"product_shipping_class-priority-10kg-de","13":"first","14":"instock","15":"sale","16":"shipping-taxable","17":"purchasable","18":"product-type-variable"},"yoast_head":"<!-- This site is optimized with the Yoast SEO Premium plugin v26.1 (Yoast SEO v27.3) - https:\/\/yoast.com\/product\/yoast-seo-premium-wordpress\/ -->\n<title>Kortel Sak 3 (f\u00fcr Kruyer 3) | Gleitschirmschule Thun, Bern, Interlaken<\/title>\n<meta name=\"description\" content=\"Der\u00a0Sak III\u00a0ist der neue wendbare Airbag-Rucksack von Kortel Design. Er ist nur mit dem\u00a0Kruyer III\u00a0kompatibel.Sein Volumen wurde im Vergleich zu Version 2 erh\u00f6ht, um es mit Standardschirmen verwenden zu k\u00f6nnen. Wie bei Version 2 sorgt seine Platzierung auf dem\u00a0Kruyer III\u00a0f\u00fcr eine bessere Unterst\u00fctzung im Lendenbereich mit der dazugeh\u00f6rigen Einstellung. Diese Unterst\u00fctzung verbessert auch den Halt des Gurtzeugs beim Einleiten von Kurven. Die Airbag-Funktion sorgt f\u00fcr zus\u00e4tzliche passive Sicherheit.\" \/>\n<meta name=\"robots\" content=\"index, follow, max-snippet:-1, max-image-preview:large, max-video-preview:-1\" \/>\n<link rel=\"canonical\" href=\"https:\/\/swissgliders.ch\/de\/produkt\/kortel-sak-3\/\" \/>\n<meta property=\"og:locale\" content=\"de_DE\" \/>\n<meta property=\"og:type\" content=\"article\" \/>\n<meta property=\"og:title\" content=\"Kortel Sak 3 (f\u00fcr Kruyer 3)\" \/>\n<meta property=\"og:description\" content=\"Der\u00a0Sak III\u00a0ist der neue wendbare Airbag-Rucksack von Kortel Design. Er ist nur mit dem\u00a0Kruyer III\u00a0kompatibel.Sein Volumen wurde im Vergleich zu Version 2 erh\u00f6ht, um es mit Standardschirmen verwenden zu k\u00f6nnen. Wie bei Version 2 sorgt seine Platzierung auf dem\u00a0Kruyer III\u00a0f\u00fcr eine bessere Unterst\u00fctzung im Lendenbereich mit der dazugeh\u00f6rigen Einstellung. Diese Unterst\u00fctzung verbessert auch den Halt des Gurtzeugs beim Einleiten von Kurven. Die Airbag-Funktion sorgt f\u00fcr zus\u00e4tzliche passive Sicherheit.\" \/>\n<meta property=\"og:url\" content=\"https:\/\/swissgliders.ch\/de\/produkt\/kortel-sak-3\/\" \/>\n<meta property=\"og:site_name\" content=\"Gleitschirmschule Thun, Bern, Interlaken\" \/>\n<meta property=\"article:publisher\" content=\"https:\/\/www.facebook.com\/swissgliders\" \/>\n<meta property=\"article:modified_time\" content=\"2026-03-26T15:35:27+00:00\" \/>\n<meta property=\"og:image\" content=\"https:\/\/swissgliders.ch\/wp-content\/uploads\/2024\/06\/HA_Kortel_Rucksack_Sak-3-1-scaled.jpg\" \/>\n\t<meta property=\"og:image:width\" content=\"1709\" \/>\n\t<meta property=\"og:image:height\" content=\"2560\" \/>\n\t<meta property=\"og:image:type\" content=\"image\/jpeg\" \/>\n<meta name=\"twitter:card\" content=\"summary_large_image\" \/>\n<meta name=\"twitter:site\" content=\"@Swissgliders\" \/>\n<meta name=\"twitter:label1\" content=\"Verf\u00fcgbarkeit\" \/>\n\t<meta name=\"twitter:data1\" content=\"Auf Lager\" \/>\n<script type=\"application\/ld+json\" class=\"yoast-schema-graph\">{\"@context\":\"https:\\\/\\\/schema.org\",\"@graph\":[{\"@type\":\"WebPage\",\"@id\":\"https:\\\/\\\/swissgliders.ch\\\/de\\\/produkt\\\/kortel-sak-3\\\/\",\"url\":\"https:\\\/\\\/swissgliders.ch\\\/de\\\/produkt\\\/kortel-sak-3\\\/\",\"name\":\"Kortel Sak 3 (f\u00fcr Kruyer 3) | Gleitschirmschule Thun, Bern, Interlaken\",\"isPartOf\":{\"@id\":\"https:\\\/\\\/swissgliders.ch\\\/de\\\/#website\"},\"primaryImageOfPage\":{\"@id\":\"https:\\\/\\\/swissgliders.ch\\\/de\\\/produkt\\\/kortel-sak-3\\\/#primaryimage\"},\"image\":{\"@id\":\"https:\\\/\\\/swissgliders.ch\\\/de\\\/produkt\\\/kortel-sak-3\\\/#primaryimage\"},\"thumbnailUrl\":\"https:\\\/\\\/swissgliders.ch\\\/wp-content\\\/uploads\\\/2024\\\/06\\\/HA_Kortel_Rucksack_Sak-3-1-scaled.jpg\",\"datePublished\":\"2024-06-09T06:47:47+00:00\",\"dateModified\":\"2026-03-26T15:35:27+00:00\",\"description\":\"Der\u00a0Sak III\u00a0ist der neue wendbare Airbag-Rucksack von Kortel Design. Er ist nur mit dem\u00a0Kruyer III\u00a0kompatibel.Sein Volumen wurde im Vergleich zu Version 2 erh\u00f6ht, um es mit Standardschirmen verwenden zu k\u00f6nnen. Wie bei Version 2 sorgt seine Platzierung auf dem\u00a0Kruyer III\u00a0f\u00fcr eine bessere Unterst\u00fctzung im Lendenbereich mit der dazugeh\u00f6rigen Einstellung. Diese Unterst\u00fctzung verbessert auch den Halt des Gurtzeugs beim Einleiten von Kurven. Die Airbag-Funktion sorgt f\u00fcr zus\u00e4tzliche passive Sicherheit.\",\"breadcrumb\":{\"@id\":\"https:\\\/\\\/swissgliders.ch\\\/de\\\/produkt\\\/kortel-sak-3\\\/#breadcrumb\"},\"inLanguage\":\"de\",\"potentialAction\":[{\"@type\":\"ReadAction\",\"target\":[\"https:\\\/\\\/swissgliders.ch\\\/de\\\/produkt\\\/kortel-sak-3\\\/\"]}]},{\"@type\":\"ImageObject\",\"inLanguage\":\"de\",\"@id\":\"https:\\\/\\\/swissgliders.ch\\\/de\\\/produkt\\\/kortel-sak-3\\\/#primaryimage\",\"url\":\"https:\\\/\\\/swissgliders.ch\\\/wp-content\\\/uploads\\\/2024\\\/06\\\/HA_Kortel_Rucksack_Sak-3-1-scaled.jpg\",\"contentUrl\":\"https:\\\/\\\/swissgliders.ch\\\/wp-content\\\/uploads\\\/2024\\\/06\\\/HA_Kortel_Rucksack_Sak-3-1-scaled.jpg\",\"width\":1709,\"height\":2560,\"caption\":\"HA_Kortel_Rucksack_Sak 3-1\"},{\"@type\":\"BreadcrumbList\",\"@id\":\"https:\\\/\\\/swissgliders.ch\\\/de\\\/produkt\\\/kortel-sak-3\\\/#breadcrumb\",\"itemListElement\":[{\"@type\":\"ListItem\",\"position\":1,\"name\":\"Startseite\",\"item\":\"https:\\\/\\\/swissgliders.ch\\\/de\\\/willkommen\\\/\"},{\"@type\":\"ListItem\",\"position\":2,\"name\":\"Gleitschirm Shop\",\"item\":\"https:\\\/\\\/swissgliders.ch\\\/de\\\/gleitschirm-shop\\\/\"},{\"@type\":\"ListItem\",\"position\":3,\"name\":\"Kortel Sak 3 (f\u00fcr Kruyer 3)\"}]},{\"@type\":\"WebSite\",\"@id\":\"https:\\\/\\\/swissgliders.ch\\\/de\\\/#website\",\"url\":\"https:\\\/\\\/swissgliders.ch\\\/de\\\/\",\"name\":\"Gleitschirmschule Thun, Bern, Interlaken\",\"description\":\"Gleitschirmschule Thun, Bern, Interlaken\",\"publisher\":{\"@id\":\"https:\\\/\\\/swissgliders.ch\\\/de\\\/#organization\"},\"potentialAction\":[{\"@type\":\"SearchAction\",\"target\":{\"@type\":\"EntryPoint\",\"urlTemplate\":\"https:\\\/\\\/swissgliders.ch\\\/de\\\/?s={search_term_string}\"},\"query-input\":{\"@type\":\"PropertyValueSpecification\",\"valueRequired\":true,\"valueName\":\"search_term_string\"}}],\"inLanguage\":\"de\"},{\"@type\":\"Organization\",\"@id\":\"https:\\\/\\\/swissgliders.ch\\\/de\\\/#organization\",\"name\":\"Swissgliders Gleitschirmflugschule Thun\",\"url\":\"https:\\\/\\\/swissgliders.ch\\\/de\\\/\",\"logo\":{\"@type\":\"ImageObject\",\"inLanguage\":\"de\",\"@id\":\"https:\\\/\\\/swissgliders.ch\\\/de\\\/#\\\/schema\\\/logo\\\/image\\\/\",\"url\":\"https:\\\/\\\/swissgliders.ch\\\/wp-content\\\/uploads\\\/2019\\\/12\\\/swissgliders-logo-rgb-square-L-no-ch-01.png\",\"contentUrl\":\"https:\\\/\\\/swissgliders.ch\\\/wp-content\\\/uploads\\\/2019\\\/12\\\/swissgliders-logo-rgb-square-L-no-ch-01.png\",\"width\":2500,\"height\":2500,\"caption\":\"Swissgliders Gleitschirmflugschule Thun\"},\"image\":{\"@id\":\"https:\\\/\\\/swissgliders.ch\\\/de\\\/#\\\/schema\\\/logo\\\/image\\\/\"},\"sameAs\":[\"https:\\\/\\\/www.facebook.com\\\/swissgliders\",\"https:\\\/\\\/x.com\\\/Swissgliders\",\"https:\\\/\\\/www.instagram.com\\\/swissgliders\\\/\",\"https:\\\/\\\/www.youtube.com\\\/channel\\\/UCMCtGdepy9vBhrhX3V_oJOA\"],\"hasMerchantReturnPolicy\":{\"@type\":\"MerchantReturnPolicy\",\"merchantReturnLink\":\"https:\\\/\\\/swissgliders.ch\\\/de\\\/allgemeine-geschaftsbedingungen\\\/\"}}]}<\/script>\n<meta property=\"og:availability\" content=\"instock\" \/>\n<meta property=\"product:availability\" content=\"instock\" \/>\n<meta property=\"product:condition\" content=\"new\" \/>\n<!-- \/ Yoast SEO Premium plugin. -->","yoast_head_json":{"title":"Kortel Sak 3 (f\u00fcr Kruyer 3) | Gleitschirmschule Thun, Bern, Interlaken","description":"Der\u00a0Sak III\u00a0ist der neue wendbare Airbag-Rucksack von Kortel Design. Er ist nur mit dem\u00a0Kruyer III\u00a0kompatibel.Sein Volumen wurde im Vergleich zu Version 2 erh\u00f6ht, um es mit Standardschirmen verwenden zu k\u00f6nnen. Wie bei Version 2 sorgt seine Platzierung auf dem\u00a0Kruyer III\u00a0f\u00fcr eine bessere Unterst\u00fctzung im Lendenbereich mit der dazugeh\u00f6rigen Einstellung. Diese Unterst\u00fctzung verbessert auch den Halt des Gurtzeugs beim Einleiten von Kurven. Die Airbag-Funktion sorgt f\u00fcr zus\u00e4tzliche passive Sicherheit.","robots":{"index":"index","follow":"follow","max-snippet":"max-snippet:-1","max-image-preview":"max-image-preview:large","max-video-preview":"max-video-preview:-1"},"canonical":"https:\/\/swissgliders.ch\/de\/produkt\/kortel-sak-3\/","og_locale":"de_DE","og_type":"article","og_title":"Kortel Sak 3 (f\u00fcr Kruyer 3)","og_description":"Der\u00a0Sak III\u00a0ist der neue wendbare Airbag-Rucksack von Kortel Design. Er ist nur mit dem\u00a0Kruyer III\u00a0kompatibel.Sein Volumen wurde im Vergleich zu Version 2 erh\u00f6ht, um es mit Standardschirmen verwenden zu k\u00f6nnen. Wie bei Version 2 sorgt seine Platzierung auf dem\u00a0Kruyer III\u00a0f\u00fcr eine bessere Unterst\u00fctzung im Lendenbereich mit der dazugeh\u00f6rigen Einstellung. Diese Unterst\u00fctzung verbessert auch den Halt des Gurtzeugs beim Einleiten von Kurven. Die Airbag-Funktion sorgt f\u00fcr zus\u00e4tzliche passive Sicherheit.","og_url":"https:\/\/swissgliders.ch\/de\/produkt\/kortel-sak-3\/","og_site_name":"Gleitschirmschule Thun, Bern, Interlaken","article_publisher":"https:\/\/www.facebook.com\/swissgliders","article_modified_time":"2026-03-26T15:35:27+00:00","og_image":[{"width":1709,"height":2560,"url":"https:\/\/swissgliders.ch\/wp-content\/uploads\/2024\/06\/HA_Kortel_Rucksack_Sak-3-1-scaled.jpg","type":"image\/jpeg"}],"twitter_card":"summary_large_image","twitter_site":"@Swissgliders","twitter_misc":{"Verf\u00fcgbarkeit":"Auf Lager"},"schema":{"@context":"https:\/\/schema.org","@graph":[{"@type":"WebPage","@id":"https:\/\/swissgliders.ch\/de\/produkt\/kortel-sak-3\/","url":"https:\/\/swissgliders.ch\/de\/produkt\/kortel-sak-3\/","name":"Kortel Sak 3 (f\u00fcr Kruyer 3) | Gleitschirmschule Thun, Bern, Interlaken","isPartOf":{"@id":"https:\/\/swissgliders.ch\/de\/#website"},"primaryImageOfPage":{"@id":"https:\/\/swissgliders.ch\/de\/produkt\/kortel-sak-3\/#primaryimage"},"image":{"@id":"https:\/\/swissgliders.ch\/de\/produkt\/kortel-sak-3\/#primaryimage"},"thumbnailUrl":"https:\/\/swissgliders.ch\/wp-content\/uploads\/2024\/06\/HA_Kortel_Rucksack_Sak-3-1-scaled.jpg","datePublished":"2024-06-09T06:47:47+00:00","dateModified":"2026-03-26T15:35:27+00:00","description":"Der\u00a0Sak III\u00a0ist der neue wendbare Airbag-Rucksack von Kortel Design. Er ist nur mit dem\u00a0Kruyer III\u00a0kompatibel.Sein Volumen wurde im Vergleich zu Version 2 erh\u00f6ht, um es mit Standardschirmen verwenden zu k\u00f6nnen. Wie bei Version 2 sorgt seine Platzierung auf dem\u00a0Kruyer III\u00a0f\u00fcr eine bessere Unterst\u00fctzung im Lendenbereich mit der dazugeh\u00f6rigen Einstellung. Diese Unterst\u00fctzung verbessert auch den Halt des Gurtzeugs beim Einleiten von Kurven. Die Airbag-Funktion sorgt f\u00fcr zus\u00e4tzliche passive Sicherheit.","breadcrumb":{"@id":"https:\/\/swissgliders.ch\/de\/produkt\/kortel-sak-3\/#breadcrumb"},"inLanguage":"de","potentialAction":[{"@type":"ReadAction","target":["https:\/\/swissgliders.ch\/de\/produkt\/kortel-sak-3\/"]}]},{"@type":"ImageObject","inLanguage":"de","@id":"https:\/\/swissgliders.ch\/de\/produkt\/kortel-sak-3\/#primaryimage","url":"https:\/\/swissgliders.ch\/wp-content\/uploads\/2024\/06\/HA_Kortel_Rucksack_Sak-3-1-scaled.jpg","contentUrl":"https:\/\/swissgliders.ch\/wp-content\/uploads\/2024\/06\/HA_Kortel_Rucksack_Sak-3-1-scaled.jpg","width":1709,"height":2560,"caption":"HA_Kortel_Rucksack_Sak 3-1"},{"@type":"BreadcrumbList","@id":"https:\/\/swissgliders.ch\/de\/produkt\/kortel-sak-3\/#breadcrumb","itemListElement":[{"@type":"ListItem","position":1,"name":"Startseite","item":"https:\/\/swissgliders.ch\/de\/willkommen\/"},{"@type":"ListItem","position":2,"name":"Gleitschirm Shop","item":"https:\/\/swissgliders.ch\/de\/gleitschirm-shop\/"},{"@type":"ListItem","position":3,"name":"Kortel Sak 3 (f\u00fcr Kruyer 3)"}]},{"@type":"WebSite","@id":"https:\/\/swissgliders.ch\/de\/#website","url":"https:\/\/swissgliders.ch\/de\/","name":"Gleitschirmschule Thun, Bern, Interlaken","description":"Gleitschirmschule Thun, Bern, Interlaken","publisher":{"@id":"https:\/\/swissgliders.ch\/de\/#organization"},"potentialAction":[{"@type":"SearchAction","target":{"@type":"EntryPoint","urlTemplate":"https:\/\/swissgliders.ch\/de\/?s={search_term_string}"},"query-input":{"@type":"PropertyValueSpecification","valueRequired":true,"valueName":"search_term_string"}}],"inLanguage":"de"},{"@type":"Organization","@id":"https:\/\/swissgliders.ch\/de\/#organization","name":"Swissgliders Gleitschirmflugschule Thun","url":"https:\/\/swissgliders.ch\/de\/","logo":{"@type":"ImageObject","inLanguage":"de","@id":"https:\/\/swissgliders.ch\/de\/#\/schema\/logo\/image\/","url":"https:\/\/swissgliders.ch\/wp-content\/uploads\/2019\/12\/swissgliders-logo-rgb-square-L-no-ch-01.png","contentUrl":"https:\/\/swissgliders.ch\/wp-content\/uploads\/2019\/12\/swissgliders-logo-rgb-square-L-no-ch-01.png","width":2500,"height":2500,"caption":"Swissgliders Gleitschirmflugschule Thun"},"image":{"@id":"https:\/\/swissgliders.ch\/de\/#\/schema\/logo\/image\/"},"sameAs":["https:\/\/www.facebook.com\/swissgliders","https:\/\/x.com\/Swissgliders","https:\/\/www.instagram.com\/swissgliders\/","https:\/\/www.youtube.com\/channel\/UCMCtGdepy9vBhrhX3V_oJOA"],"hasMerchantReturnPolicy":{"@type":"MerchantReturnPolicy","merchantReturnLink":"https:\/\/swissgliders.ch\/de\/allgemeine-geschaftsbedingungen\/"}}]},"og_availability":"instock","product_availability":"instock","product_condition":"new"},"_links":{"self":[{"href":"https:\/\/swissgliders.ch\/de\/wp-json\/wp\/v2\/product\/13426","targetHints":{"allow":["GET"]}}],"collection":[{"href":"https:\/\/swissgliders.ch\/de\/wp-json\/wp\/v2\/product"}],"about":[{"href":"https:\/\/swissgliders.ch\/de\/wp-json\/wp\/v2\/types\/product"}],"replies":[{"embeddable":true,"href":"https:\/\/swissgliders.ch\/de\/wp-json\/wp\/v2\/comments?post=13426"}],"wp:featuredmedia":[{"embeddable":true,"href":"https:\/\/swissgliders.ch\/de\/wp-json\/wp\/v2\/media\/13429"}],"wp:attachment":[{"href":"https:\/\/swissgliders.ch\/de\/wp-json\/wp\/v2\/media?parent=13426"}],"wp:term":[{"taxonomy":"product_brand","embeddable":true,"href":"https:\/\/swissgliders.ch\/de\/wp-json\/wp\/v2\/product_brand?post=13426"},{"taxonomy":"product_cat","embeddable":true,"href":"https:\/\/swissgliders.ch\/de\/wp-json\/wp\/v2\/product_cat?post=13426"},{"taxonomy":"product_tag","embeddable":true,"href":"https:\/\/swissgliders.ch\/de\/wp-json\/wp\/v2\/product_tag?post=13426"}],"curies":[{"name":"wp","href":"https:\/\/api.w.org\/{rel}","templated":true}]}}