{"id":13716,"date":"2024-08-16T07:27:29","date_gmt":"2024-08-16T06:27:29","guid":{"rendered":"https:\/\/swissgliders.ch\/?post_type=product&#038;p=13716"},"modified":"2025-06-19T20:20:42","modified_gmt":"2025-06-19T19:20:42","slug":"gin-safari-pilot-3","status":"publish","type":"product","link":"https:\/\/swissgliders.ch\/de\/produkt\/gin-safari-pilot-3\/","title":{"rendered":"Gin Safari Pilot 3"},"content":{"rendered":"<div class=\"et_pb_module et_pb_text et_pb_text_0 et_pb_bg_layout_light et_pb_text_align_left\">\n<div class=\"et_pb_text_inner\">\n<div class=\"lg:max-w-5xl mx-auto px-4 py-6 lg:py-8 xl:px-0 pb-4\">\n<div class=\"pt-2 lg:pb-8\">\n<h3>Arbeit leicht gemacht<\/h3>\n<p>Das Safari pilot 3 soll professionellen Tandempiloten die Arbeit so leicht wie m\u00f6glich machen. Es ist ein Gurtzeug mit geteiltem Bein, das kompakt, leicht, robust und superbequem im Flug ist. Au\u00dferdem ist es vollgepackt mit Sicherheitsfunktionen.<\/p>\n<h4 class=\"font-condensed font-bold text-lg md:text-xl lg:text-2xl uppercase pt-4 text-grey-6 tracking-slight\">Technische Daten<\/h4>\n<div class=\"relative overflow-x-auto\">\n<table class=\"g-table-striped w-full text-xs sm:text-sm text-left border-b\">\n<thead class=\"font-condensed text-grey-7 uppercase bg-white border-t border-grey-2 px-2 py-1 lg:px-4 lg:py-2\">\n<tr>\n<th class=\"px-2 py-1 lg:px-4 lg:py-2\" scope=\"col\">Gr\u00f6ssen<\/th>\n<th scope=\"col\">one size<\/th>\n<\/tr>\n<\/thead>\n<tbody>\n<tr>\n<th class=\"px-2 py-1 lg:px-4 lg:py-2 text-grey-9 whitespace-nowrap\" scope=\"row\">Gr\u00f6sse des Piloten (cm)<\/th>\n<td>170-190<\/td>\n<\/tr>\n<tr>\n<th class=\"px-2 py-1 lg:px-4 lg:py-2 text-grey-9 whitespace-nowrap\" scope=\"row\">Gewicht (kg)<\/th>\n<td>2.8<\/td>\n<\/tr>\n<tr>\n<th class=\"px-2 py-1 lg:px-4 lg:py-2 text-grey-9 whitespace-nowrap\" scope=\"row\">Rescue container volume (cm<sup>3<\/sup>)<\/th>\n<td>11000<\/td>\n<\/tr>\n<tr>\n<th class=\"px-2 py-1 lg:px-4 lg:py-2 text-grey-9 whitespace-nowrap\" scope=\"row\">Rescue bridle length (mm)<\/th>\n<td>1790 x2<\/td>\n<\/tr>\n<tr>\n<th class=\"px-2 py-1 lg:px-4 lg:py-2 text-grey-9 whitespace-nowrap\" scope=\"row\">Certification<\/th>\n<td>EN\/LTF\/CE<\/td>\n<\/tr>\n<\/tbody>\n<\/table>\n<h4 class=\"font-condensed font-bold text-lg md:text-xl lg:text-2xl uppercase pt-4 text-grey-6 tracking-slight\">Technische Details<\/h4>\n<ul class=\"pl-4 list-disc\">\n<li class=\"pb-1 measure-wide\">Split leg design<\/li>\n<li class=\"pb-1 measure-wide\">22cm Aerobean protector<\/li>\n<li class=\"pb-1 measure-wide\">Dorsal rescue container<\/li>\n<li class=\"pb-1 measure-wide\">Edelrid triple lock buckles for extra security<\/li>\n<li class=\"pb-1 measure-wide\">2 rescue bridles included<\/li>\n<li class=\"pb-1 measure-wide\">Optional spreader bars<\/li>\n<li class=\"pb-1 measure-wide\">Dedicated pocket for action cam etc. (detachable)<\/li>\n<li class=\"pb-1 measure-wide\">2 zipped side pockets<\/li>\n<li class=\"pb-1 measure-wide\">EN and LTF certified<\/li>\n<\/ul>\n<h4>Perfekte Pilotenposition<\/h4>\n<p>Wir haben uns viel M\u00fche gegeben, die beste Pilotenposition zu finden, was die Effizienz der Steuerung, das Gleichgewicht und die Stabilit\u00e4t der Pilot\/Passagier-Einheit betrifft. Die \u201elay front\u201c-Position bietet eine hervorragende Kontrolle und Sicht, ist aber dennoch ausreichend geneigt, um einen guten Halt zu bieten.<\/p>\n<h4>Komfort: un\u00fcbertroffen<\/h4>\n<p>Das Gurtzeug bietet eine erstklassige Unterst\u00fctzung f\u00fcr den gesamten R\u00fccken &#8211; es gibt keine Druckstellen. Das Ergebnis sind keine R\u00fcckenschmerzen, auch nicht bei ganzt\u00e4giger Arbeit, jeden Tag. Die Einstellm\u00f6glichkeiten sind sorgf\u00e4ltig durchdacht und wurden bewusst begrenzt, um den Komfort und die Stabilit\u00e4t des Gurtes zu erhalten.<\/p>\n<h4>Geringes Packvolumen<\/h4>\n<p>Obwohl es sich beim Safari pilot 3 um ein voll ausgestattetes Arbeitsger\u00e4t handelt, ist er kompakt und leicht zu verpacken, was auf das Design und die Materialwahl zur\u00fcckzuf\u00fchren ist. Au\u00dferdem l\u00e4sst er sich besonders gut zusammen mit dem Safari passenger 3 verpacken.<\/p>\n<h4>Hohe Haltbarkeit, geringes Gewicht<\/h4>\n<p>Strapazierf\u00e4hig muss nicht gleichbedeutend mit schwer sein. Unser bew\u00e4hrtes 210D-Rosetta-Gewebe bietet eine lange Lebensdauer bei starker Beanspruchung und ist von Natur aus staub- und schmutzabweisend.<\/p>\n<p>Stabil im Flug<\/p>\n<p>Eine stabilere Position bedeutet mehr Komfort f\u00fcr den Passagier und mehr Spa\u00df f\u00fcr den Piloten. Das Design mit geteilten Beinen tr\u00e4gt ebenfalls zur Stabilit\u00e4t bei und sorgt daf\u00fcr, dass das Gurtzeug am Boden leicht zu man\u00f6vrieren und nach dem Start einfach anzulegen ist.<\/p>\n<h4>Vollgepackt mit Sicherheitsmerkmalen<\/h4>\n<p>Die Edelrid-Schnallen sind dreifach verriegelt: einfach zu \u00f6ffnen und zu schlie\u00dfen, aber nicht versehentlich zu \u00f6ffnen. Selbst wenn der Ausl\u00f6seknopf versehentlich gedr\u00fcckt wird, bleibt der Druckknopf im Rahmen eingehakt. Der R\u00fcckenprotektor wurde auf unseren Aerobean-Protektor (22 cm) aufger\u00fcstet, der den besten Schutz bei geringem Gewicht bietet. Der Tunnel f\u00fcr die Rettungsleine ist auch an der Spreize vollst\u00e4ndig geschlossen, was ein Verrutschen der Rettungsleinen verhindert.<\/p>\n<h4>Praktischer Stauraum und Taschen<\/h4>\n<p>Stauraum und Taschen wurden in Verbindung mit dem Safari passenger 3-Gurtzeug sorgf\u00e4ltig durchdacht. Das Pilotengurtzeug bietet ausreichend Stauraum f\u00fcr einen schnell zu packenden Rucksack oder eine Tasche, w\u00e4hrend das Passagiergurtzeug in der R\u00fcckentasche einen gro\u00dfen Stauraum f\u00fcr die pers\u00f6nlichen Gegenst\u00e4nde des Passagiers (z. B. Schuhe) hat. Diese R\u00fcckentasche verf\u00fcgt auch \u00fcber mehrere Netzf\u00e4cher, auf die der Pilot w\u00e4hrend des Fluges zugreifen kann. Hier k\u00f6nnen Ersatzakkus, SD-Karten usw. verstaut werden. An der Au\u00dfenseite befinden sich eine abnehmbare Tasche f\u00fcr einen Selfie-Stick und\/oder eine GoPro sowie Seitentaschen f\u00fcr andere kleine Gegenst\u00e4nde, wie z. B. ein Telefon.<\/p>\n<h4>Perfekte Partner<\/h4>\n<p>Der Safari Pilot 3 wurde zusammen mit dem Safari Passenger 3 und den neuen Spreizstangen entwickelt und bietet ein \u00fcberzeugendes Gesamtpaket.<\/p>\n<\/div>\n<p>&nbsp;<\/p>\n<\/div>\n<\/div>\n<\/div>\n<\/div>\n<p>Mehr <a href=\"https:\/\/www.gingliders.com\/de\/harnesses\/safari-pilot-3\/\" target=\"_blank\" rel=\"noopener noreferrer\">Infos<\/a><\/p>\n<p>Falls dieser Artikel nicht an Lager ist, wird er f\u00fcr dich bestellt. Lieferfrist auf Anfrage.<\/p>\n","protected":false},"excerpt":{"rendered":"<div class=\"et_pb_module et_pb_text et_pb_text_0 et_pb_bg_layout_light et_pb_text_align_left\">\n<div class=\"et_pb_text_inner\">\n<div class=\"lg:max-w-5xl mx-auto px-4 py-6 lg:py-8 xl:px-0 pb-4\">\n<div class=\"pt-2 lg:pb-8\">\n<h3>Arbeit leicht gemacht<\/h3>\n<p>Das Safari pilot 3 soll professionellen Tandempiloten die Arbeit so leicht wie m\u00f6glich machen. Es ist ein Gurtzeug mit geteiltem Bein, das kompakt, leicht, robust und superbequem im Flug ist. Au\u00dferdem ist es vollgepackt mit Sicherheitsfunktionen.<\/p>\n<h4 class=\"font-condensed font-bold text-lg md:text-xl lg:text-2xl uppercase pt-4 text-grey-6 tracking-slight\">Technische Daten<\/h4>\n<div class=\"relative overflow-x-auto\">\n<table class=\"g-table-striped w-full text-xs sm:text-sm text-left border-b\">\n<thead class=\"font-condensed text-grey-7 uppercase bg-white border-t border-grey-2 px-2 py-1 lg:px-4 lg:py-2\">\n<tr>\n<th class=\"px-2 py-1 lg:px-4 lg:py-2\" scope=\"col\">Gr\u00f6ssen<\/th>\n<th scope=\"col\">one size<\/th>\n<\/tr>\n<\/thead>\n<tbody>\n<tr>\n<th class=\"px-2 py-1 lg:px-4 lg:py-2 text-grey-9 whitespace-nowrap\" scope=\"row\">Gr\u00f6sse des Piloten (cm)<\/th>\n<td>170-190<\/td>\n<\/tr>\n<tr>\n<th class=\"px-2 py-1 lg:px-4 lg:py-2 text-grey-9 whitespace-nowrap\" scope=\"row\">Gewicht (kg)<\/th>\n<td>2.8<\/td>\n<\/tr>\n<tr>\n<th class=\"px-2 py-1 lg:px-4 lg:py-2 text-grey-9 whitespace-nowrap\" scope=\"row\">Rescue container volume (cm<sup>3<\/sup>)<\/th>\n<td>11000<\/td>\n<\/tr>\n<tr>\n<th class=\"px-2 py-1 lg:px-4 lg:py-2 text-grey-9 whitespace-nowrap\" scope=\"row\">Rescue bridle length (mm)<\/th>\n<td>1790 x2<\/td>\n<\/tr>\n<tr>\n<th class=\"px-2 py-1 lg:px-4 lg:py-2 text-grey-9 whitespace-nowrap\" scope=\"row\">Certification<\/th>\n<td>EN\/LTF\/CE<\/td>\n<\/tr>\n<\/tbody>\n<\/table>\n<h4 class=\"font-condensed font-bold text-lg md:text-xl lg:text-2xl uppercase pt-4 text-grey-6 tracking-slight\">Technische Details<\/h4>\n<ul class=\"pl-4 list-disc\">\n<li class=\"pb-1 measure-wide\">Split leg design<\/li>\n<li class=\"pb-1 measure-wide\">22cm Aerobean protector<\/li>\n<li class=\"pb-1 measure-wide\">Dorsal rescue container<\/li>\n<li class=\"pb-1 measure-wide\">Edelrid triple lock buckles for extra security<\/li>\n<li class=\"pb-1 measure-wide\">2 rescue bridles included<\/li>\n<li class=\"pb-1 measure-wide\">Optional spreader bars<\/li>\n<li class=\"pb-1 measure-wide\">Dedicated pocket for action cam etc. (detachable)<\/li>\n<li class=\"pb-1 measure-wide\">2 zipped side pockets<\/li>\n<li class=\"pb-1 measure-wide\">EN and LTF certified<\/li>\n<\/ul>\n<h4>Perfekte Pilotenposition<\/h4>\n<p>Wir haben uns viel M\u00fche gegeben, die beste Pilotenposition zu finden, was die Effizienz der Steuerung, das Gleichgewicht und die Stabilit\u00e4t der Pilot\/Passagier-Einheit betrifft. Die \u201elay front\u201c-Position bietet eine hervorragende Kontrolle und Sicht, ist aber dennoch ausreichend geneigt, um einen guten Halt zu bieten.<\/p>\n<h4>Komfort: un\u00fcbertroffen<\/h4>\n<p>Das Gurtzeug bietet eine erstklassige Unterst\u00fctzung f\u00fcr den gesamten R\u00fccken &#8211; es gibt keine Druckstellen. Das Ergebnis sind keine R\u00fcckenschmerzen, auch nicht bei ganzt\u00e4giger Arbeit, jeden Tag. Die Einstellm\u00f6glichkeiten sind sorgf\u00e4ltig durchdacht und wurden bewusst begrenzt, um den Komfort und die Stabilit\u00e4t des Gurtes zu erhalten.<\/p>\n<h4>Geringes Packvolumen<\/h4>\n<p>Obwohl es sich beim Safari pilot 3 um ein voll ausgestattetes Arbeitsger\u00e4t handelt, ist er kompakt und leicht zu verpacken, was auf das Design und die Materialwahl zur\u00fcckzuf\u00fchren ist. Au\u00dferdem l\u00e4sst er sich besonders gut zusammen mit dem Safari passenger 3 verpacken.<\/p>\n<h4>Hohe Haltbarkeit, geringes Gewicht<\/h4>\n<p>Strapazierf\u00e4hig muss nicht gleichbedeutend mit schwer sein. Unser bew\u00e4hrtes 210D-Rosetta-Gewebe bietet eine lange Lebensdauer bei starker Beanspruchung und ist von Natur aus staub- und schmutzabweisend.<\/p>\n<p>Stabil im Flug<\/p>\n<p>Eine stabilere Position bedeutet mehr Komfort f\u00fcr den Passagier und mehr Spa\u00df f\u00fcr den Piloten. Das Design mit geteilten Beinen tr\u00e4gt ebenfalls zur Stabilit\u00e4t bei und sorgt daf\u00fcr, dass das Gurtzeug am Boden leicht zu man\u00f6vrieren und nach dem Start einfach anzulegen ist.<\/p>\n<h4>Vollgepackt mit Sicherheitsmerkmalen<\/h4>\n<p>Die Edelrid-Schnallen sind dreifach verriegelt: einfach zu \u00f6ffnen und zu schlie\u00dfen, aber nicht versehentlich zu \u00f6ffnen. Selbst wenn der Ausl\u00f6seknopf versehentlich gedr\u00fcckt wird, bleibt der Druckknopf im Rahmen eingehakt. Der R\u00fcckenprotektor wurde auf unseren Aerobean-Protektor (22 cm) aufger\u00fcstet, der den besten Schutz bei geringem Gewicht bietet. Der Tunnel f\u00fcr die Rettungsleine ist auch an der Spreize vollst\u00e4ndig geschlossen, was ein Verrutschen der Rettungsleinen verhindert.<\/p>\n<h4>Praktischer Stauraum und Taschen<\/h4>\n<p>Stauraum und Taschen wurden in Verbindung mit dem Safari passenger 3-Gurtzeug sorgf\u00e4ltig durchdacht. Das Pilotengurtzeug bietet ausreichend Stauraum f\u00fcr einen schnell zu packenden Rucksack oder eine Tasche, w\u00e4hrend das Passagiergurtzeug in der R\u00fcckentasche einen gro\u00dfen Stauraum f\u00fcr die pers\u00f6nlichen Gegenst\u00e4nde des Passagiers (z. B. Schuhe) hat. Diese R\u00fcckentasche verf\u00fcgt auch \u00fcber mehrere Netzf\u00e4cher, auf die der Pilot w\u00e4hrend des Fluges zugreifen kann. Hier k\u00f6nnen Ersatzakkus, SD-Karten usw. verstaut werden. An der Au\u00dfenseite befinden sich eine abnehmbare Tasche f\u00fcr einen Selfie-Stick und\/oder eine GoPro sowie Seitentaschen f\u00fcr andere kleine Gegenst\u00e4nde, wie z. B. ein Telefon.<\/p>\n<h4>Perfekte Partner<\/h4>\n<p>Der Safari Pilot 3 wurde zusammen mit dem Safari Passenger 3 und den neuen Spreizstangen entwickelt und bietet ein \u00fcberzeugendes Gesamtpaket.<\/p>\n<\/div>\n<p>&nbsp;<\/p>\n<\/div>\n<\/div>\n<\/div>\n<\/div>\n<p>Mehr <a href=\"https:\/\/www.gingliders.com\/de\/harnesses\/safari-pilot-3\/\" target=\"_blank\" rel=\"noopener noreferrer\">Infos<\/a><\/p>\n<p>Falls dieser Artikel nicht an Lager ist, wird er f\u00fcr dich bestellt. Lieferfrist auf Anfrage.<\/p>\n","protected":false},"featured_media":13719,"comment_status":"closed","ping_status":"closed","template":"","meta":[],"product_brand":[],"product_cat":[937],"product_tag":[1000,90],"class_list":{"0":"post-13716","1":"product","2":"type-product","3":"status-publish","4":"has-post-thumbnail","6":"product_cat-gleitschirm-sitzgurtzeuge","7":"product_tag-sitzgurtzeug","8":"product_tag-verkaufsartikel","9":"product_shipping_class-priority-10kg-de","11":"first","12":"instock","13":"sale","14":"shipping-taxable","15":"purchasable","16":"product-type-simple"},"yoast_head":"<!-- This site is optimized with the Yoast SEO Premium plugin v26.1 (Yoast SEO v27.3) - https:\/\/yoast.com\/product\/yoast-seo-premium-wordpress\/ -->\n<title>Gin Safari Pilot 3 | Gleitschirmschule Thun, Bern, Interlaken<\/title>\n<meta name=\"description\" content=\"Das Safari pilot 3 von Gin soll professionellen Tandempiloten die Arbeit so leicht wie m\u00f6glich machen. Es ist ein Gurtzeug mit geteiltem Bein, das kompakt, leicht, robust und superbequem im Flug ist. Au\u00dferdem ist es vollgepackt mit Sicherheitsfunktionen.\" \/>\n<meta name=\"robots\" content=\"index, follow, max-snippet:-1, max-image-preview:large, max-video-preview:-1\" \/>\n<link rel=\"canonical\" href=\"https:\/\/swissgliders.ch\/de\/produkt\/gin-safari-pilot-3\/\" \/>\n<meta property=\"og:locale\" content=\"de_DE\" \/>\n<meta property=\"og:type\" content=\"article\" \/>\n<meta property=\"og:title\" content=\"Gin Safari Pilot 3\" \/>\n<meta property=\"og:description\" content=\"Das Safari pilot 3 von Gin soll professionellen Tandempiloten die Arbeit so leicht wie m\u00f6glich machen. Es ist ein Gurtzeug mit geteiltem Bein, das kompakt, leicht, robust und superbequem im Flug ist. Au\u00dferdem ist es vollgepackt mit Sicherheitsfunktionen.\" \/>\n<meta property=\"og:url\" content=\"https:\/\/swissgliders.ch\/de\/produkt\/gin-safari-pilot-3\/\" \/>\n<meta property=\"og:site_name\" content=\"Gleitschirmschule Thun, Bern, Interlaken\" \/>\n<meta property=\"article:publisher\" content=\"https:\/\/www.facebook.com\/swissgliders\" \/>\n<meta property=\"article:modified_time\" content=\"2025-06-19T19:20:42+00:00\" \/>\n<meta property=\"og:image\" content=\"https:\/\/swissgliders.ch\/wp-content\/uploads\/2024\/08\/Gin_Gurtzeug_Safari_Pilot-3-1-scaled.jpg\" \/>\n\t<meta property=\"og:image:width\" content=\"2560\" \/>\n\t<meta property=\"og:image:height\" content=\"2560\" \/>\n\t<meta property=\"og:image:type\" content=\"image\/jpeg\" \/>\n<meta name=\"twitter:card\" content=\"summary_large_image\" \/>\n<meta name=\"twitter:site\" content=\"@Swissgliders\" \/>\n<meta name=\"twitter:label1\" content=\"Preis\" \/>\n\t<meta name=\"twitter:data1\" content=\"&#067;&#072;&#070;&nbsp;833.00\" \/>\n\t<meta name=\"twitter:label2\" content=\"Verf\u00fcgbarkeit\" \/>\n\t<meta name=\"twitter:data2\" content=\"Auf Lager\" \/>\n<script type=\"application\/ld+json\" class=\"yoast-schema-graph\">{\"@context\":\"https:\\\/\\\/schema.org\",\"@graph\":[{\"@type\":\"WebPage\",\"@id\":\"https:\\\/\\\/swissgliders.ch\\\/de\\\/produkt\\\/gin-safari-pilot-3\\\/\",\"url\":\"https:\\\/\\\/swissgliders.ch\\\/de\\\/produkt\\\/gin-safari-pilot-3\\\/\",\"name\":\"Gin Safari Pilot 3 | Gleitschirmschule Thun, Bern, Interlaken\",\"isPartOf\":{\"@id\":\"https:\\\/\\\/swissgliders.ch\\\/de\\\/#website\"},\"primaryImageOfPage\":{\"@id\":\"https:\\\/\\\/swissgliders.ch\\\/de\\\/produkt\\\/gin-safari-pilot-3\\\/#primaryimage\"},\"image\":{\"@id\":\"https:\\\/\\\/swissgliders.ch\\\/de\\\/produkt\\\/gin-safari-pilot-3\\\/#primaryimage\"},\"thumbnailUrl\":\"https:\\\/\\\/swissgliders.ch\\\/wp-content\\\/uploads\\\/2024\\\/08\\\/Gin_Gurtzeug_Safari_Pilot-3-1-scaled.jpg\",\"datePublished\":\"2024-08-16T06:27:29+00:00\",\"dateModified\":\"2025-06-19T19:20:42+00:00\",\"description\":\"Das Safari pilot 3 von Gin soll professionellen Tandempiloten die Arbeit so leicht wie m\u00f6glich machen. Es ist ein Gurtzeug mit geteiltem Bein, das kompakt, leicht, robust und superbequem im Flug ist. Au\u00dferdem ist es vollgepackt mit Sicherheitsfunktionen.\",\"breadcrumb\":{\"@id\":\"https:\\\/\\\/swissgliders.ch\\\/de\\\/produkt\\\/gin-safari-pilot-3\\\/#breadcrumb\"},\"inLanguage\":\"de\",\"potentialAction\":[{\"@type\":\"ReadAction\",\"target\":[\"https:\\\/\\\/swissgliders.ch\\\/de\\\/produkt\\\/gin-safari-pilot-3\\\/\"]}]},{\"@type\":\"ImageObject\",\"inLanguage\":\"de\",\"@id\":\"https:\\\/\\\/swissgliders.ch\\\/de\\\/produkt\\\/gin-safari-pilot-3\\\/#primaryimage\",\"url\":\"https:\\\/\\\/swissgliders.ch\\\/wp-content\\\/uploads\\\/2024\\\/08\\\/Gin_Gurtzeug_Safari_Pilot-3-1-scaled.jpg\",\"contentUrl\":\"https:\\\/\\\/swissgliders.ch\\\/wp-content\\\/uploads\\\/2024\\\/08\\\/Gin_Gurtzeug_Safari_Pilot-3-1-scaled.jpg\",\"width\":2560,\"height\":2560,\"caption\":\"Gin_Gurtzeug_Safari_Pilot 3-1\"},{\"@type\":\"BreadcrumbList\",\"@id\":\"https:\\\/\\\/swissgliders.ch\\\/de\\\/produkt\\\/gin-safari-pilot-3\\\/#breadcrumb\",\"itemListElement\":[{\"@type\":\"ListItem\",\"position\":1,\"name\":\"Startseite\",\"item\":\"https:\\\/\\\/swissgliders.ch\\\/de\\\/willkommen\\\/\"},{\"@type\":\"ListItem\",\"position\":2,\"name\":\"Gleitschirm Shop\",\"item\":\"https:\\\/\\\/swissgliders.ch\\\/de\\\/gleitschirm-shop\\\/\"},{\"@type\":\"ListItem\",\"position\":3,\"name\":\"Gin Safari Pilot 3\"}]},{\"@type\":\"WebSite\",\"@id\":\"https:\\\/\\\/swissgliders.ch\\\/de\\\/#website\",\"url\":\"https:\\\/\\\/swissgliders.ch\\\/de\\\/\",\"name\":\"Gleitschirmschule Thun, Bern, Interlaken\",\"description\":\"Gleitschirmschule Thun, Bern, Interlaken\",\"publisher\":{\"@id\":\"https:\\\/\\\/swissgliders.ch\\\/de\\\/#organization\"},\"potentialAction\":[{\"@type\":\"SearchAction\",\"target\":{\"@type\":\"EntryPoint\",\"urlTemplate\":\"https:\\\/\\\/swissgliders.ch\\\/de\\\/?s={search_term_string}\"},\"query-input\":{\"@type\":\"PropertyValueSpecification\",\"valueRequired\":true,\"valueName\":\"search_term_string\"}}],\"inLanguage\":\"de\"},{\"@type\":\"Organization\",\"@id\":\"https:\\\/\\\/swissgliders.ch\\\/de\\\/#organization\",\"name\":\"Swissgliders Gleitschirmflugschule Thun\",\"url\":\"https:\\\/\\\/swissgliders.ch\\\/de\\\/\",\"logo\":{\"@type\":\"ImageObject\",\"inLanguage\":\"de\",\"@id\":\"https:\\\/\\\/swissgliders.ch\\\/de\\\/#\\\/schema\\\/logo\\\/image\\\/\",\"url\":\"https:\\\/\\\/swissgliders.ch\\\/wp-content\\\/uploads\\\/2019\\\/12\\\/swissgliders-logo-rgb-square-L-no-ch-01.png\",\"contentUrl\":\"https:\\\/\\\/swissgliders.ch\\\/wp-content\\\/uploads\\\/2019\\\/12\\\/swissgliders-logo-rgb-square-L-no-ch-01.png\",\"width\":2500,\"height\":2500,\"caption\":\"Swissgliders Gleitschirmflugschule Thun\"},\"image\":{\"@id\":\"https:\\\/\\\/swissgliders.ch\\\/de\\\/#\\\/schema\\\/logo\\\/image\\\/\"},\"sameAs\":[\"https:\\\/\\\/www.facebook.com\\\/swissgliders\",\"https:\\\/\\\/x.com\\\/Swissgliders\",\"https:\\\/\\\/www.instagram.com\\\/swissgliders\\\/\",\"https:\\\/\\\/www.youtube.com\\\/channel\\\/UCMCtGdepy9vBhrhX3V_oJOA\"],\"hasMerchantReturnPolicy\":{\"@type\":\"MerchantReturnPolicy\",\"merchantReturnLink\":\"https:\\\/\\\/swissgliders.ch\\\/de\\\/allgemeine-geschaftsbedingungen\\\/\"}}]}<\/script>\n<meta property=\"product:price:amount\" content=\"833.00\" \/>\n<meta property=\"product:price:currency\" content=\"CHF\" \/>\n<meta property=\"og:availability\" content=\"instock\" \/>\n<meta property=\"product:availability\" content=\"instock\" \/>\n<meta property=\"product:condition\" content=\"new\" \/>\n<!-- \/ Yoast SEO Premium plugin. -->","yoast_head_json":{"title":"Gin Safari Pilot 3 | Gleitschirmschule Thun, Bern, Interlaken","description":"Das Safari pilot 3 von Gin soll professionellen Tandempiloten die Arbeit so leicht wie m\u00f6glich machen. Es ist ein Gurtzeug mit geteiltem Bein, das kompakt, leicht, robust und superbequem im Flug ist. Au\u00dferdem ist es vollgepackt mit Sicherheitsfunktionen.","robots":{"index":"index","follow":"follow","max-snippet":"max-snippet:-1","max-image-preview":"max-image-preview:large","max-video-preview":"max-video-preview:-1"},"canonical":"https:\/\/swissgliders.ch\/de\/produkt\/gin-safari-pilot-3\/","og_locale":"de_DE","og_type":"article","og_title":"Gin Safari Pilot 3","og_description":"Das Safari pilot 3 von Gin soll professionellen Tandempiloten die Arbeit so leicht wie m\u00f6glich machen. Es ist ein Gurtzeug mit geteiltem Bein, das kompakt, leicht, robust und superbequem im Flug ist. Au\u00dferdem ist es vollgepackt mit Sicherheitsfunktionen.","og_url":"https:\/\/swissgliders.ch\/de\/produkt\/gin-safari-pilot-3\/","og_site_name":"Gleitschirmschule Thun, Bern, Interlaken","article_publisher":"https:\/\/www.facebook.com\/swissgliders","article_modified_time":"2025-06-19T19:20:42+00:00","og_image":[{"width":2560,"height":2560,"url":"https:\/\/swissgliders.ch\/wp-content\/uploads\/2024\/08\/Gin_Gurtzeug_Safari_Pilot-3-1-scaled.jpg","type":"image\/jpeg"}],"twitter_card":"summary_large_image","twitter_site":"@Swissgliders","twitter_misc":{"Preis":"&#67;&#72;&#70;&nbsp;833.00","Verf\u00fcgbarkeit":"Auf Lager"},"schema":{"@context":"https:\/\/schema.org","@graph":[{"@type":"WebPage","@id":"https:\/\/swissgliders.ch\/de\/produkt\/gin-safari-pilot-3\/","url":"https:\/\/swissgliders.ch\/de\/produkt\/gin-safari-pilot-3\/","name":"Gin Safari Pilot 3 | Gleitschirmschule Thun, Bern, Interlaken","isPartOf":{"@id":"https:\/\/swissgliders.ch\/de\/#website"},"primaryImageOfPage":{"@id":"https:\/\/swissgliders.ch\/de\/produkt\/gin-safari-pilot-3\/#primaryimage"},"image":{"@id":"https:\/\/swissgliders.ch\/de\/produkt\/gin-safari-pilot-3\/#primaryimage"},"thumbnailUrl":"https:\/\/swissgliders.ch\/wp-content\/uploads\/2024\/08\/Gin_Gurtzeug_Safari_Pilot-3-1-scaled.jpg","datePublished":"2024-08-16T06:27:29+00:00","dateModified":"2025-06-19T19:20:42+00:00","description":"Das Safari pilot 3 von Gin soll professionellen Tandempiloten die Arbeit so leicht wie m\u00f6glich machen. Es ist ein Gurtzeug mit geteiltem Bein, das kompakt, leicht, robust und superbequem im Flug ist. Au\u00dferdem ist es vollgepackt mit Sicherheitsfunktionen.","breadcrumb":{"@id":"https:\/\/swissgliders.ch\/de\/produkt\/gin-safari-pilot-3\/#breadcrumb"},"inLanguage":"de","potentialAction":[{"@type":"ReadAction","target":["https:\/\/swissgliders.ch\/de\/produkt\/gin-safari-pilot-3\/"]}]},{"@type":"ImageObject","inLanguage":"de","@id":"https:\/\/swissgliders.ch\/de\/produkt\/gin-safari-pilot-3\/#primaryimage","url":"https:\/\/swissgliders.ch\/wp-content\/uploads\/2024\/08\/Gin_Gurtzeug_Safari_Pilot-3-1-scaled.jpg","contentUrl":"https:\/\/swissgliders.ch\/wp-content\/uploads\/2024\/08\/Gin_Gurtzeug_Safari_Pilot-3-1-scaled.jpg","width":2560,"height":2560,"caption":"Gin_Gurtzeug_Safari_Pilot 3-1"},{"@type":"BreadcrumbList","@id":"https:\/\/swissgliders.ch\/de\/produkt\/gin-safari-pilot-3\/#breadcrumb","itemListElement":[{"@type":"ListItem","position":1,"name":"Startseite","item":"https:\/\/swissgliders.ch\/de\/willkommen\/"},{"@type":"ListItem","position":2,"name":"Gleitschirm Shop","item":"https:\/\/swissgliders.ch\/de\/gleitschirm-shop\/"},{"@type":"ListItem","position":3,"name":"Gin Safari Pilot 3"}]},{"@type":"WebSite","@id":"https:\/\/swissgliders.ch\/de\/#website","url":"https:\/\/swissgliders.ch\/de\/","name":"Gleitschirmschule Thun, Bern, Interlaken","description":"Gleitschirmschule Thun, Bern, Interlaken","publisher":{"@id":"https:\/\/swissgliders.ch\/de\/#organization"},"potentialAction":[{"@type":"SearchAction","target":{"@type":"EntryPoint","urlTemplate":"https:\/\/swissgliders.ch\/de\/?s={search_term_string}"},"query-input":{"@type":"PropertyValueSpecification","valueRequired":true,"valueName":"search_term_string"}}],"inLanguage":"de"},{"@type":"Organization","@id":"https:\/\/swissgliders.ch\/de\/#organization","name":"Swissgliders Gleitschirmflugschule Thun","url":"https:\/\/swissgliders.ch\/de\/","logo":{"@type":"ImageObject","inLanguage":"de","@id":"https:\/\/swissgliders.ch\/de\/#\/schema\/logo\/image\/","url":"https:\/\/swissgliders.ch\/wp-content\/uploads\/2019\/12\/swissgliders-logo-rgb-square-L-no-ch-01.png","contentUrl":"https:\/\/swissgliders.ch\/wp-content\/uploads\/2019\/12\/swissgliders-logo-rgb-square-L-no-ch-01.png","width":2500,"height":2500,"caption":"Swissgliders Gleitschirmflugschule Thun"},"image":{"@id":"https:\/\/swissgliders.ch\/de\/#\/schema\/logo\/image\/"},"sameAs":["https:\/\/www.facebook.com\/swissgliders","https:\/\/x.com\/Swissgliders","https:\/\/www.instagram.com\/swissgliders\/","https:\/\/www.youtube.com\/channel\/UCMCtGdepy9vBhrhX3V_oJOA"],"hasMerchantReturnPolicy":{"@type":"MerchantReturnPolicy","merchantReturnLink":"https:\/\/swissgliders.ch\/de\/allgemeine-geschaftsbedingungen\/"}}]},"product_price_amount":"833.00","product_price_currency":"CHF","og_availability":"instock","product_availability":"instock","product_condition":"new"},"_links":{"self":[{"href":"https:\/\/swissgliders.ch\/de\/wp-json\/wp\/v2\/product\/13716","targetHints":{"allow":["GET"]}}],"collection":[{"href":"https:\/\/swissgliders.ch\/de\/wp-json\/wp\/v2\/product"}],"about":[{"href":"https:\/\/swissgliders.ch\/de\/wp-json\/wp\/v2\/types\/product"}],"replies":[{"embeddable":true,"href":"https:\/\/swissgliders.ch\/de\/wp-json\/wp\/v2\/comments?post=13716"}],"wp:featuredmedia":[{"embeddable":true,"href":"https:\/\/swissgliders.ch\/de\/wp-json\/wp\/v2\/media\/13719"}],"wp:attachment":[{"href":"https:\/\/swissgliders.ch\/de\/wp-json\/wp\/v2\/media?parent=13716"}],"wp:term":[{"taxonomy":"product_brand","embeddable":true,"href":"https:\/\/swissgliders.ch\/de\/wp-json\/wp\/v2\/product_brand?post=13716"},{"taxonomy":"product_cat","embeddable":true,"href":"https:\/\/swissgliders.ch\/de\/wp-json\/wp\/v2\/product_cat?post=13716"},{"taxonomy":"product_tag","embeddable":true,"href":"https:\/\/swissgliders.ch\/de\/wp-json\/wp\/v2\/product_tag?post=13716"}],"curies":[{"name":"wp","href":"https:\/\/api.w.org\/{rel}","templated":true}]}}