{"id":13747,"date":"2024-08-16T08:06:23","date_gmt":"2024-08-16T07:06:23","guid":{"rendered":"https:\/\/swissgliders.ch\/?post_type=product&#038;p=13747"},"modified":"2025-05-24T09:42:28","modified_gmt":"2025-05-24T08:42:28","slug":"gin-yeti-compress","status":"publish","type":"product","link":"https:\/\/swissgliders.ch\/de\/produkt\/gin-yeti-compress\/","title":{"rendered":"Gin Yeti Compress"},"content":{"rendered":"<h4 class=\"pt-2 lg:pb-8\"><img loading=\"lazy\" decoding=\"async\" class=\"\" src=\"https:\/\/static.gingliders.com\/\/img\/gr-concertina-compress-yeti-ss1.jpg\" alt=\"Yeti compress\" width=\"514\" height=\"342\" \/><\/p>\n<p>Einf\u00fchrung des Yeti Compress<\/h4>\n<dl class=\"inline-block pr-4 md:pr-6 lg:pr-8\">\n<dt class=\"block text-left text-xs md:text-base\">Der Concertina Compress Bag ist ideal f\u00fcr Hike &#8217;n Fly mit leichten Schirmen. Er ist ein leichter, schnell zu packender Packsack, der einfaches Packen mit guter Kompression f\u00fcr leichteres Tragen kombiniert.<\/p>\n<h4>Tragegurthalter<\/h4>\n<p>Der einfache Tragegurthalter h\u00e4lt alles ordentlich und sicher. Au\u00dferdem ist es einfach, die Tragegurte einzulegen.<\/p>\n<h4>Mehr Faltpunkte<\/h4>\n<p>Der Yeti-Kompressionsrucksack hat einen zus\u00e4tzlichen Faltpunkt, um das Packvolumen und die Akkordform typischer Ultraleicht-Fl\u00fcgel und kleiner Rucks\u00e4cke anzupassen.<\/p>\n<h4>Ultraleichte Materialien<\/h4>\n<p>Der Hauptteil des Rucksacks besteht aus Porcher Skytex 27g, das sich durch sein geringes Gewicht und Packvolumen auszeichnet, mit Cousin Mylar-Verst\u00e4rkungen an strategischen Stellen.<\/p>\n<h4>Der perfekte Partner<\/h4>\n<p>Wir haben den Yeti-Kompressionsrucksack zusammen mit dem X-Lite 40L entwickelt, einem ultraleichten und dennoch voll ausgestatteten Rucksack, der speziell f\u00fcr Bergsteiger wie unseren Yeti entwickelt wurde. Gr\u00f6\u00dfe und Form des Yeti-Kompressionsbeutels sind perfekt auf die Gr\u00f6\u00dfe und Form des X-Lite 40L abgestimmt, um Ihnen ein m\u00f6glichst effizientes Packsystem zu garantieren.<\/p>\n<p>&nbsp;<\/p>\n<dl class=\"inline-block pr-4 md:pr-6 lg:pr-8 pb-2\">\n<dt class=\"block text-left text-xs md:text-base\"><strong>Gr\u00f6sse:<\/strong> 52cm x 30cm x 15cm (gepackt), 260cm X 60cm (offen)<\/dt>\n<\/dl>\n<dl class=\"inline-block pr-4 md:pr-6 lg:pr-8\">\n<dt class=\"block text-left text-xs md:text-base\"><strong>Farbe:<\/strong> Orange<\/dt>\n<\/dl>\n<dl class=\"inline-block pr-4 md:pr-6 lg:pr-8\">\n<dt class=\"block text-left text-xs md:text-base\"><strong>Gewicht:<\/strong> 160g<\/dt>\n<dt><\/dt>\n<dt><\/dt>\n<dt><\/dt>\n<\/dl>\n<\/dt>\n<\/dl>\n<p>Mehr <a href=\"https:\/\/www.gingliders.com\/de\/gear\/bags-and-rucksacks\/concertina-compress-yeti\/\" target=\"_blank\" rel=\"noopener noreferrer\">Info<\/a><\/p>\n<p>Falls dieser Artikel nicht an Lager ist, wird er f\u00fcr dich bestellt. Lieferfrist auf Anfrage.<\/p>\n","protected":false},"excerpt":{"rendered":"<h4 class=\"pt-2 lg:pb-8\"><img loading=\"lazy\" decoding=\"async\" class=\"\" src=\"https:\/\/static.gingliders.com\/\/img\/gr-concertina-compress-yeti-ss1.jpg\" alt=\"Yeti compress\" width=\"514\" height=\"342\" \/><\/p>\n<p>Einf\u00fchrung des Yeti Compress<\/h4>\n<dl class=\"inline-block pr-4 md:pr-6 lg:pr-8\">\n<dt class=\"block text-left text-xs md:text-base\">Der Concertina Compress Bag ist ideal f\u00fcr Hike &#8217;n Fly mit leichten Schirmen. Er ist ein leichter, schnell zu packender Packsack, der einfaches Packen mit guter Kompression f\u00fcr leichteres Tragen kombiniert.<\/p>\n<h4>Tragegurthalter<\/h4>\n<p>Der einfache Tragegurthalter h\u00e4lt alles ordentlich und sicher. Au\u00dferdem ist es einfach, die Tragegurte einzulegen.<\/p>\n<h4>Mehr Faltpunkte<\/h4>\n<p>Der Yeti-Kompressionsrucksack hat einen zus\u00e4tzlichen Faltpunkt, um das Packvolumen und die Akkordform typischer Ultraleicht-Fl\u00fcgel und kleiner Rucks\u00e4cke anzupassen.<\/p>\n<h4>Ultraleichte Materialien<\/h4>\n<p>Der Hauptteil des Rucksacks besteht aus Porcher Skytex 27g, das sich durch sein geringes Gewicht und Packvolumen auszeichnet, mit Cousin Mylar-Verst\u00e4rkungen an strategischen Stellen.<\/p>\n<h4>Der perfekte Partner<\/h4>\n<p>Wir haben den Yeti-Kompressionsrucksack zusammen mit dem X-Lite 40L entwickelt, einem ultraleichten und dennoch voll ausgestatteten Rucksack, der speziell f\u00fcr Bergsteiger wie unseren Yeti entwickelt wurde. Gr\u00f6\u00dfe und Form des Yeti-Kompressionsbeutels sind perfekt auf die Gr\u00f6\u00dfe und Form des X-Lite 40L abgestimmt, um Ihnen ein m\u00f6glichst effizientes Packsystem zu garantieren.<\/p>\n<p>&nbsp;<\/p>\n<dl class=\"inline-block pr-4 md:pr-6 lg:pr-8 pb-2\">\n<dt class=\"block text-left text-xs md:text-base\"><strong>Gr\u00f6sse:<\/strong> 52cm x 30cm x 15cm (gepackt), 260cm X 60cm (offen)<\/dt>\n<\/dl>\n<dl class=\"inline-block pr-4 md:pr-6 lg:pr-8\">\n<dt class=\"block text-left text-xs md:text-base\"><strong>Farbe:<\/strong> Orange<\/dt>\n<\/dl>\n<dl class=\"inline-block pr-4 md:pr-6 lg:pr-8\">\n<dt class=\"block text-left text-xs md:text-base\"><strong>Gewicht:<\/strong> 160g<\/dt>\n<dt><\/dt>\n<dt><\/dt>\n<dt><\/dt>\n<\/dl>\n<\/dt>\n<\/dl>\n<p>Mehr <a href=\"https:\/\/www.gingliders.com\/de\/gear\/bags-and-rucksacks\/concertina-compress-yeti\/\" target=\"_blank\" rel=\"noopener noreferrer\">Info<\/a><\/p>\n<p>Falls dieser Artikel nicht an Lager ist, wird er f\u00fcr dich bestellt. Lieferfrist auf Anfrage.<\/p>\n","protected":false},"featured_media":13750,"comment_status":"closed","ping_status":"closed","template":"","meta":[],"product_brand":[],"product_cat":[2076],"product_tag":[2077,90],"class_list":{"0":"post-13747","1":"product","2":"type-product","3":"status-publish","4":"has-post-thumbnail","6":"product_cat-gleitschirm-packsaecke","7":"product_tag-packsack","8":"product_tag-verkaufsartikel","9":"product_shipping_class-priority-2kg-de","11":"first","12":"instock","13":"shipping-taxable","14":"purchasable","15":"product-type-simple"},"yoast_head":"<!-- This site is optimized with the Yoast SEO Premium plugin v26.1 (Yoast SEO v27.3) - https:\/\/yoast.com\/product\/yoast-seo-premium-wordpress\/ -->\n<title>Gin Yeti Compress | Gleitschirmschule Thun, Bern, Interlaken<\/title>\n<meta name=\"description\" content=\"Der Yeti Compress Bag ist ideal f\u00fcr Hike &#039;n Fly mit leichten Schirmen. Er ist ein leichter, schnell zu packender Packsack, der einfaches Packen mit guter Kompression f\u00fcr leichteres Tragen kombiniert.\" \/>\n<meta name=\"robots\" content=\"index, follow, max-snippet:-1, max-image-preview:large, max-video-preview:-1\" \/>\n<link rel=\"canonical\" href=\"https:\/\/swissgliders.ch\/de\/produkt\/gin-yeti-compress\/\" \/>\n<meta property=\"og:locale\" content=\"de_DE\" \/>\n<meta property=\"og:type\" content=\"article\" \/>\n<meta property=\"og:title\" content=\"Gin Yeti Compress\" \/>\n<meta property=\"og:description\" content=\"Der Yeti Compress Bag ist ideal f\u00fcr Hike &#039;n Fly mit leichten Schirmen. Er ist ein leichter, schnell zu packender Packsack, der einfaches Packen mit guter Kompression f\u00fcr leichteres Tragen kombiniert.\" \/>\n<meta property=\"og:url\" content=\"https:\/\/swissgliders.ch\/de\/produkt\/gin-yeti-compress\/\" \/>\n<meta property=\"og:site_name\" content=\"Gleitschirmschule Thun, Bern, Interlaken\" \/>\n<meta property=\"article:publisher\" content=\"https:\/\/www.facebook.com\/swissgliders\" \/>\n<meta property=\"article:modified_time\" content=\"2025-05-24T08:42:28+00:00\" \/>\n<meta property=\"og:image\" content=\"https:\/\/swissgliders.ch\/wp-content\/uploads\/2024\/08\/Gin_Yeti_Compress-1.png\" \/>\n\t<meta property=\"og:image:width\" content=\"667\" \/>\n\t<meta property=\"og:image:height\" content=\"699\" \/>\n\t<meta property=\"og:image:type\" content=\"image\/png\" \/>\n<meta name=\"twitter:card\" content=\"summary_large_image\" \/>\n<meta name=\"twitter:site\" content=\"@Swissgliders\" \/>\n<meta name=\"twitter:label1\" content=\"Preis\" \/>\n\t<meta name=\"twitter:data1\" content=\"&#067;&#072;&#070;&nbsp;135.00\" \/>\n\t<meta name=\"twitter:label2\" content=\"Verf\u00fcgbarkeit\" \/>\n\t<meta name=\"twitter:data2\" content=\"Auf Lager\" \/>\n<script type=\"application\/ld+json\" class=\"yoast-schema-graph\">{\"@context\":\"https:\\\/\\\/schema.org\",\"@graph\":[{\"@type\":\"WebPage\",\"@id\":\"https:\\\/\\\/swissgliders.ch\\\/de\\\/produkt\\\/gin-yeti-compress\\\/\",\"url\":\"https:\\\/\\\/swissgliders.ch\\\/de\\\/produkt\\\/gin-yeti-compress\\\/\",\"name\":\"Gin Yeti Compress | Gleitschirmschule Thun, Bern, Interlaken\",\"isPartOf\":{\"@id\":\"https:\\\/\\\/swissgliders.ch\\\/de\\\/#website\"},\"primaryImageOfPage\":{\"@id\":\"https:\\\/\\\/swissgliders.ch\\\/de\\\/produkt\\\/gin-yeti-compress\\\/#primaryimage\"},\"image\":{\"@id\":\"https:\\\/\\\/swissgliders.ch\\\/de\\\/produkt\\\/gin-yeti-compress\\\/#primaryimage\"},\"thumbnailUrl\":\"https:\\\/\\\/swissgliders.ch\\\/wp-content\\\/uploads\\\/2024\\\/08\\\/Gin_Yeti_Compress-1.png\",\"datePublished\":\"2024-08-16T07:06:23+00:00\",\"dateModified\":\"2025-05-24T08:42:28+00:00\",\"description\":\"Der Yeti Compress Bag ist ideal f\u00fcr Hike 'n Fly mit leichten Schirmen. Er ist ein leichter, schnell zu packender Packsack, der einfaches Packen mit guter Kompression f\u00fcr leichteres Tragen kombiniert.\",\"breadcrumb\":{\"@id\":\"https:\\\/\\\/swissgliders.ch\\\/de\\\/produkt\\\/gin-yeti-compress\\\/#breadcrumb\"},\"inLanguage\":\"de\",\"potentialAction\":[{\"@type\":\"ReadAction\",\"target\":[\"https:\\\/\\\/swissgliders.ch\\\/de\\\/produkt\\\/gin-yeti-compress\\\/\"]}]},{\"@type\":\"ImageObject\",\"inLanguage\":\"de\",\"@id\":\"https:\\\/\\\/swissgliders.ch\\\/de\\\/produkt\\\/gin-yeti-compress\\\/#primaryimage\",\"url\":\"https:\\\/\\\/swissgliders.ch\\\/wp-content\\\/uploads\\\/2024\\\/08\\\/Gin_Yeti_Compress-1.png\",\"contentUrl\":\"https:\\\/\\\/swissgliders.ch\\\/wp-content\\\/uploads\\\/2024\\\/08\\\/Gin_Yeti_Compress-1.png\",\"width\":667,\"height\":699,\"caption\":\"Gin_Packsack_Yeti_Compress-1\"},{\"@type\":\"BreadcrumbList\",\"@id\":\"https:\\\/\\\/swissgliders.ch\\\/de\\\/produkt\\\/gin-yeti-compress\\\/#breadcrumb\",\"itemListElement\":[{\"@type\":\"ListItem\",\"position\":1,\"name\":\"Startseite\",\"item\":\"https:\\\/\\\/swissgliders.ch\\\/de\\\/willkommen\\\/\"},{\"@type\":\"ListItem\",\"position\":2,\"name\":\"Gleitschirm Shop\",\"item\":\"https:\\\/\\\/swissgliders.ch\\\/de\\\/gleitschirm-shop\\\/\"},{\"@type\":\"ListItem\",\"position\":3,\"name\":\"Gin Yeti Compress\"}]},{\"@type\":\"WebSite\",\"@id\":\"https:\\\/\\\/swissgliders.ch\\\/de\\\/#website\",\"url\":\"https:\\\/\\\/swissgliders.ch\\\/de\\\/\",\"name\":\"Gleitschirmschule Thun, Bern, Interlaken\",\"description\":\"Gleitschirmschule Thun, Bern, Interlaken\",\"publisher\":{\"@id\":\"https:\\\/\\\/swissgliders.ch\\\/de\\\/#organization\"},\"potentialAction\":[{\"@type\":\"SearchAction\",\"target\":{\"@type\":\"EntryPoint\",\"urlTemplate\":\"https:\\\/\\\/swissgliders.ch\\\/de\\\/?s={search_term_string}\"},\"query-input\":{\"@type\":\"PropertyValueSpecification\",\"valueRequired\":true,\"valueName\":\"search_term_string\"}}],\"inLanguage\":\"de\"},{\"@type\":\"Organization\",\"@id\":\"https:\\\/\\\/swissgliders.ch\\\/de\\\/#organization\",\"name\":\"Swissgliders Gleitschirmflugschule Thun\",\"url\":\"https:\\\/\\\/swissgliders.ch\\\/de\\\/\",\"logo\":{\"@type\":\"ImageObject\",\"inLanguage\":\"de\",\"@id\":\"https:\\\/\\\/swissgliders.ch\\\/de\\\/#\\\/schema\\\/logo\\\/image\\\/\",\"url\":\"https:\\\/\\\/swissgliders.ch\\\/wp-content\\\/uploads\\\/2019\\\/12\\\/swissgliders-logo-rgb-square-L-no-ch-01.png\",\"contentUrl\":\"https:\\\/\\\/swissgliders.ch\\\/wp-content\\\/uploads\\\/2019\\\/12\\\/swissgliders-logo-rgb-square-L-no-ch-01.png\",\"width\":2500,\"height\":2500,\"caption\":\"Swissgliders Gleitschirmflugschule Thun\"},\"image\":{\"@id\":\"https:\\\/\\\/swissgliders.ch\\\/de\\\/#\\\/schema\\\/logo\\\/image\\\/\"},\"sameAs\":[\"https:\\\/\\\/www.facebook.com\\\/swissgliders\",\"https:\\\/\\\/x.com\\\/Swissgliders\",\"https:\\\/\\\/www.instagram.com\\\/swissgliders\\\/\",\"https:\\\/\\\/www.youtube.com\\\/channel\\\/UCMCtGdepy9vBhrhX3V_oJOA\"],\"hasMerchantReturnPolicy\":{\"@type\":\"MerchantReturnPolicy\",\"merchantReturnLink\":\"https:\\\/\\\/swissgliders.ch\\\/de\\\/allgemeine-geschaftsbedingungen\\\/\"}}]}<\/script>\n<meta property=\"product:price:amount\" content=\"135.00\" \/>\n<meta property=\"product:price:currency\" content=\"CHF\" \/>\n<meta property=\"og:availability\" content=\"instock\" \/>\n<meta property=\"product:availability\" content=\"instock\" \/>\n<meta property=\"product:condition\" content=\"new\" \/>\n<!-- \/ Yoast SEO Premium plugin. -->","yoast_head_json":{"title":"Gin Yeti Compress | Gleitschirmschule Thun, Bern, Interlaken","description":"Der Yeti Compress Bag ist ideal f\u00fcr Hike 'n Fly mit leichten Schirmen. Er ist ein leichter, schnell zu packender Packsack, der einfaches Packen mit guter Kompression f\u00fcr leichteres Tragen kombiniert.","robots":{"index":"index","follow":"follow","max-snippet":"max-snippet:-1","max-image-preview":"max-image-preview:large","max-video-preview":"max-video-preview:-1"},"canonical":"https:\/\/swissgliders.ch\/de\/produkt\/gin-yeti-compress\/","og_locale":"de_DE","og_type":"article","og_title":"Gin Yeti Compress","og_description":"Der Yeti Compress Bag ist ideal f\u00fcr Hike 'n Fly mit leichten Schirmen. Er ist ein leichter, schnell zu packender Packsack, der einfaches Packen mit guter Kompression f\u00fcr leichteres Tragen kombiniert.","og_url":"https:\/\/swissgliders.ch\/de\/produkt\/gin-yeti-compress\/","og_site_name":"Gleitschirmschule Thun, Bern, Interlaken","article_publisher":"https:\/\/www.facebook.com\/swissgliders","article_modified_time":"2025-05-24T08:42:28+00:00","og_image":[{"width":667,"height":699,"url":"https:\/\/swissgliders.ch\/wp-content\/uploads\/2024\/08\/Gin_Yeti_Compress-1.png","type":"image\/png"}],"twitter_card":"summary_large_image","twitter_site":"@Swissgliders","twitter_misc":{"Preis":"&#67;&#72;&#70;&nbsp;135.00","Verf\u00fcgbarkeit":"Auf Lager"},"schema":{"@context":"https:\/\/schema.org","@graph":[{"@type":"WebPage","@id":"https:\/\/swissgliders.ch\/de\/produkt\/gin-yeti-compress\/","url":"https:\/\/swissgliders.ch\/de\/produkt\/gin-yeti-compress\/","name":"Gin Yeti Compress | Gleitschirmschule Thun, Bern, Interlaken","isPartOf":{"@id":"https:\/\/swissgliders.ch\/de\/#website"},"primaryImageOfPage":{"@id":"https:\/\/swissgliders.ch\/de\/produkt\/gin-yeti-compress\/#primaryimage"},"image":{"@id":"https:\/\/swissgliders.ch\/de\/produkt\/gin-yeti-compress\/#primaryimage"},"thumbnailUrl":"https:\/\/swissgliders.ch\/wp-content\/uploads\/2024\/08\/Gin_Yeti_Compress-1.png","datePublished":"2024-08-16T07:06:23+00:00","dateModified":"2025-05-24T08:42:28+00:00","description":"Der Yeti Compress Bag ist ideal f\u00fcr Hike 'n Fly mit leichten Schirmen. Er ist ein leichter, schnell zu packender Packsack, der einfaches Packen mit guter Kompression f\u00fcr leichteres Tragen kombiniert.","breadcrumb":{"@id":"https:\/\/swissgliders.ch\/de\/produkt\/gin-yeti-compress\/#breadcrumb"},"inLanguage":"de","potentialAction":[{"@type":"ReadAction","target":["https:\/\/swissgliders.ch\/de\/produkt\/gin-yeti-compress\/"]}]},{"@type":"ImageObject","inLanguage":"de","@id":"https:\/\/swissgliders.ch\/de\/produkt\/gin-yeti-compress\/#primaryimage","url":"https:\/\/swissgliders.ch\/wp-content\/uploads\/2024\/08\/Gin_Yeti_Compress-1.png","contentUrl":"https:\/\/swissgliders.ch\/wp-content\/uploads\/2024\/08\/Gin_Yeti_Compress-1.png","width":667,"height":699,"caption":"Gin_Packsack_Yeti_Compress-1"},{"@type":"BreadcrumbList","@id":"https:\/\/swissgliders.ch\/de\/produkt\/gin-yeti-compress\/#breadcrumb","itemListElement":[{"@type":"ListItem","position":1,"name":"Startseite","item":"https:\/\/swissgliders.ch\/de\/willkommen\/"},{"@type":"ListItem","position":2,"name":"Gleitschirm Shop","item":"https:\/\/swissgliders.ch\/de\/gleitschirm-shop\/"},{"@type":"ListItem","position":3,"name":"Gin Yeti Compress"}]},{"@type":"WebSite","@id":"https:\/\/swissgliders.ch\/de\/#website","url":"https:\/\/swissgliders.ch\/de\/","name":"Gleitschirmschule Thun, Bern, Interlaken","description":"Gleitschirmschule Thun, Bern, Interlaken","publisher":{"@id":"https:\/\/swissgliders.ch\/de\/#organization"},"potentialAction":[{"@type":"SearchAction","target":{"@type":"EntryPoint","urlTemplate":"https:\/\/swissgliders.ch\/de\/?s={search_term_string}"},"query-input":{"@type":"PropertyValueSpecification","valueRequired":true,"valueName":"search_term_string"}}],"inLanguage":"de"},{"@type":"Organization","@id":"https:\/\/swissgliders.ch\/de\/#organization","name":"Swissgliders Gleitschirmflugschule Thun","url":"https:\/\/swissgliders.ch\/de\/","logo":{"@type":"ImageObject","inLanguage":"de","@id":"https:\/\/swissgliders.ch\/de\/#\/schema\/logo\/image\/","url":"https:\/\/swissgliders.ch\/wp-content\/uploads\/2019\/12\/swissgliders-logo-rgb-square-L-no-ch-01.png","contentUrl":"https:\/\/swissgliders.ch\/wp-content\/uploads\/2019\/12\/swissgliders-logo-rgb-square-L-no-ch-01.png","width":2500,"height":2500,"caption":"Swissgliders Gleitschirmflugschule Thun"},"image":{"@id":"https:\/\/swissgliders.ch\/de\/#\/schema\/logo\/image\/"},"sameAs":["https:\/\/www.facebook.com\/swissgliders","https:\/\/x.com\/Swissgliders","https:\/\/www.instagram.com\/swissgliders\/","https:\/\/www.youtube.com\/channel\/UCMCtGdepy9vBhrhX3V_oJOA"],"hasMerchantReturnPolicy":{"@type":"MerchantReturnPolicy","merchantReturnLink":"https:\/\/swissgliders.ch\/de\/allgemeine-geschaftsbedingungen\/"}}]},"product_price_amount":"135.00","product_price_currency":"CHF","og_availability":"instock","product_availability":"instock","product_condition":"new"},"_links":{"self":[{"href":"https:\/\/swissgliders.ch\/de\/wp-json\/wp\/v2\/product\/13747","targetHints":{"allow":["GET"]}}],"collection":[{"href":"https:\/\/swissgliders.ch\/de\/wp-json\/wp\/v2\/product"}],"about":[{"href":"https:\/\/swissgliders.ch\/de\/wp-json\/wp\/v2\/types\/product"}],"replies":[{"embeddable":true,"href":"https:\/\/swissgliders.ch\/de\/wp-json\/wp\/v2\/comments?post=13747"}],"wp:featuredmedia":[{"embeddable":true,"href":"https:\/\/swissgliders.ch\/de\/wp-json\/wp\/v2\/media\/13750"}],"wp:attachment":[{"href":"https:\/\/swissgliders.ch\/de\/wp-json\/wp\/v2\/media?parent=13747"}],"wp:term":[{"taxonomy":"product_brand","embeddable":true,"href":"https:\/\/swissgliders.ch\/de\/wp-json\/wp\/v2\/product_brand?post=13747"},{"taxonomy":"product_cat","embeddable":true,"href":"https:\/\/swissgliders.ch\/de\/wp-json\/wp\/v2\/product_cat?post=13747"},{"taxonomy":"product_tag","embeddable":true,"href":"https:\/\/swissgliders.ch\/de\/wp-json\/wp\/v2\/product_tag?post=13747"}],"curies":[{"name":"wp","href":"https:\/\/api.w.org\/{rel}","templated":true}]}}