{"id":13767,"date":"2024-08-18T09:14:34","date_gmt":"2024-08-18T08:14:34","guid":{"rendered":"https:\/\/swissgliders.ch\/?post_type=product&#038;p=13767"},"modified":"2025-04-12T11:33:24","modified_gmt":"2025-04-12T10:33:24","slug":"gin-x-lite-40l-rucksack","status":"publish","type":"product","link":"https:\/\/swissgliders.ch\/de\/produkt\/gin-x-lite-40l-rucksack\/","title":{"rendered":"Gin X-Lite 40L Rucksack"},"content":{"rendered":"<h3>Gin X-lite 40L Rucksack<\/h3>\n<p><img loading=\"lazy\" decoding=\"async\" class=\"\" src=\"https:\/\/static.gingliders.com\/\/img\/gr-x-lite-40l-ss1.jpg\" alt=\"X-lite 40L\" width=\"415\" height=\"276\" \/><\/p>\n<p>Dieser 40-Liter-Rucksack passt perfekt zu einem ultraleichten Gleitschirm wie dem <a href=\"https:\/\/swissgliders.ch\/de\/produkt\/gin-yeti-6-en-a\/\" target=\"_blank\" rel=\"noopener noreferrer\">Yeti <\/a>vor allem wenn er im <a href=\"https:\/\/swissgliders.ch\/de\/produkt\/gin-yeti-compress\/\" target=\"_blank\" rel=\"noopener noreferrer\">Yeti Compress<\/a> verpackt ist. Ausgestattet mit essentiellen Alpinismus-Funktionen wie Eispickel-, Ski- und Wanderstockhalterungen, Getr\u00e4nketaschen, Stauraumgurten und ergonomischen Schultergurten ist der X-lite 40L f\u00fcr Bergabenteuer gebaut.<\/p>\n<h4>Helmhalterung<\/h4>\n<p>Bei echten Bergtouren muss die Aufbewahrung flexibel und effizient sein. Daf\u00fcr haben wir eine Helmhalterung entwickelt, die mit einer einfachen Trimmung an die meisten Helmgr\u00f6\u00dfen angepasst werden kann. Dadurch wird zus\u00e4tzlicher Platz im Rucksack f\u00fcr zus\u00e4tzliche Kleidung oder Bergsteigerausr\u00fcstung frei. Die Helmhalterung kann bei Bedarf auch als Halterung f\u00fcr Kletterseile verwendet werden.<\/p>\n<h4>Alle Grundlagen abgedeckt<\/h4>\n<p>Der X-Lite 40 L ist f\u00fcr jede Art von Abenteuer bereit. Er ist mit allen wichtigen Staur\u00e4umen ausgestattet. In die Schultergurte sind 2 Flaschenhalterungen integriert, die au\u00dferdem \u00fcber 2 zus\u00e4tzliche Rei\u00dfverschlusstaschen verf\u00fcgen, die beim Wandern leicht zug\u00e4nglich sind. In diesen Taschen k\u00f6nnen Sie alle kleinen Gegenst\u00e4nde wie Telefon, Schl\u00fcssel oder Snacks verstauen. Der Brustgurt verf\u00fcgt \u00fcber eine integrierte Tasche auf der linken Seite und eine Gurtbandschlaufe f\u00fcr die Aufbewahrung von Kletterkarabinern.<\/p>\n<h4>Dyneema-Gewebe<\/h4>\n<p>Der Hauptteil des Rucksacks besteht aus 70D-Dyneema-Gewebe &#8211; einem leichten, strapazierf\u00e4higen Nylon\/Dyneema-Gewebe, das auch bei Staub und Kratzern sein Aussehen bewahrt. Dank leichterer, aber widerstandsf\u00e4higerer Materialien und einer effizienteren Konstruktion haben wir ein geringes Gewicht bei gleichzeitig hervorragender Haltbarkeit erreicht.<\/p>\n<h4>Der perfekte Partner<\/h4>\n<p>Wir haben den X-Lite 40L zusammen mit dem Yeti Compress entwickelt, einem ultraleichten Kompressionssack, der speziell f\u00fcr Mountain Wings wie unseren Yeti entwickelt wurde. Gr\u00f6\u00dfe und Form des Yeti-Kompressionssacks sind perfekt auf die Gr\u00f6\u00dfe und Form des X-Lite 40L abgestimmt, um Ihnen ein m\u00f6glichst effizientes Packsystem zu garantieren.<\/p>\n<dl class=\"inline-block pr-4 md:pr-6 lg:pr-8\">\n<dt class=\"block text-left text-xs md:text-base\"><strong>Volumen:<\/strong> 40L<\/dt>\n<\/dl>\n<p><strong>Material:<\/strong> MJ 70D Dyneema R\/S Grey<\/p>\n<p><strong>Gewicht:<\/strong> 660g<\/p>\n<h3 class=\"font-condensed font-bold text-lg md:text-xl lg:text-2xl uppercase pt-4 text-grey-6 tracking-slight\">Technische Details<\/h3>\n<ul class=\"pl-4 list-disc\">\n<li class=\"pb-1 measure-wide\">Premium 70D Dyneema fabric<\/li>\n<li class=\"pb-1 measure-wide\">Ice axe holder<\/li>\n<li class=\"pb-1 measure-wide\">Ski holder<\/li>\n<li class=\"pb-1 measure-wide\">Helmet holder<\/li>\n<li class=\"pb-1 measure-wide\">ergonomic shoulder straps<\/li>\n<li class=\"pb-1 measure-wide\">front zipper for easier packing and compression<\/li>\n<li class=\"pb-1 measure-wide\">Central compression strap with load distributing Hypalon webbing<\/li>\n<li class=\"pb-1 measure-wide\">2 drinks holders<\/li>\n<li class=\"pb-1 measure-wide\">2 larger side pockets<\/li>\n<li class=\"pb-1 measure-wide\">2 side straps for holding gear (jacket etc)<\/li>\n<li class=\"pb-1 measure-wide\">Additional pockets integrated with waist belt<\/li>\n<li class=\"pb-1 measure-wide\">YKK buckles and zips<\/li>\n<li class=\"pb-1 measure-wide\">dimensions: 57cm x 31cm<\/li>\n<\/ul>\n<p class=\"font-product text-4xl md:text-5xl text-center text-black pt-4 leading-1\">\n<a href=\"https:\/\/swissgliders.ch\/de\/produkt\/gin-x-lite-rucksack\/\">Gin X-lite Rucksack auch in 55\/65\/80L<\/a> erh\u00e4ltlich<\/p>\n<p>Mehr <a href=\"https:\/\/www.gingliders.com\/de\/gear\/bags-and-rucksacks\/x-lite-rucksack-40l\/\" target=\"_blank\" rel=\"noopener noreferrer\">Info<\/a><\/p>\n<p>Falls dieser Artikel nicht an Lager ist, wird er f\u00fcr dich bestellt. Lieferfrist auf Anfrage.<\/p>\n","protected":false},"excerpt":{"rendered":"<h3>Gin X-lite 40L Rucksack<\/h3>\n<p><img loading=\"lazy\" decoding=\"async\" class=\"\" src=\"https:\/\/static.gingliders.com\/\/img\/gr-x-lite-40l-ss1.jpg\" alt=\"X-lite 40L\" width=\"415\" height=\"276\" \/><\/p>\n<p>Dieser 40-Liter-Rucksack passt perfekt zu einem ultraleichten Gleitschirm wie dem <a href=\"https:\/\/swissgliders.ch\/de\/produkt\/gin-yeti-6-en-a\/\" target=\"_blank\" rel=\"noopener noreferrer\">Yeti <\/a>vor allem wenn er im <a href=\"https:\/\/swissgliders.ch\/de\/produkt\/gin-yeti-compress\/\" target=\"_blank\" rel=\"noopener noreferrer\">Yeti Compress<\/a> verpackt ist. Ausgestattet mit essentiellen Alpinismus-Funktionen wie Eispickel-, Ski- und Wanderstockhalterungen, Getr\u00e4nketaschen, Stauraumgurten und ergonomischen Schultergurten ist der X-lite 40L f\u00fcr Bergabenteuer gebaut.<\/p>\n<h4>Helmhalterung<\/h4>\n<p>Bei echten Bergtouren muss die Aufbewahrung flexibel und effizient sein. Daf\u00fcr haben wir eine Helmhalterung entwickelt, die mit einer einfachen Trimmung an die meisten Helmgr\u00f6\u00dfen angepasst werden kann. Dadurch wird zus\u00e4tzlicher Platz im Rucksack f\u00fcr zus\u00e4tzliche Kleidung oder Bergsteigerausr\u00fcstung frei. Die Helmhalterung kann bei Bedarf auch als Halterung f\u00fcr Kletterseile verwendet werden.<\/p>\n<h4>Alle Grundlagen abgedeckt<\/h4>\n<p>Der X-Lite 40 L ist f\u00fcr jede Art von Abenteuer bereit. Er ist mit allen wichtigen Staur\u00e4umen ausgestattet. In die Schultergurte sind 2 Flaschenhalterungen integriert, die au\u00dferdem \u00fcber 2 zus\u00e4tzliche Rei\u00dfverschlusstaschen verf\u00fcgen, die beim Wandern leicht zug\u00e4nglich sind. In diesen Taschen k\u00f6nnen Sie alle kleinen Gegenst\u00e4nde wie Telefon, Schl\u00fcssel oder Snacks verstauen. Der Brustgurt verf\u00fcgt \u00fcber eine integrierte Tasche auf der linken Seite und eine Gurtbandschlaufe f\u00fcr die Aufbewahrung von Kletterkarabinern.<\/p>\n<h4>Dyneema-Gewebe<\/h4>\n<p>Der Hauptteil des Rucksacks besteht aus 70D-Dyneema-Gewebe &#8211; einem leichten, strapazierf\u00e4higen Nylon\/Dyneema-Gewebe, das auch bei Staub und Kratzern sein Aussehen bewahrt. Dank leichterer, aber widerstandsf\u00e4higerer Materialien und einer effizienteren Konstruktion haben wir ein geringes Gewicht bei gleichzeitig hervorragender Haltbarkeit erreicht.<\/p>\n<h4>Der perfekte Partner<\/h4>\n<p>Wir haben den X-Lite 40L zusammen mit dem Yeti Compress entwickelt, einem ultraleichten Kompressionssack, der speziell f\u00fcr Mountain Wings wie unseren Yeti entwickelt wurde. Gr\u00f6\u00dfe und Form des Yeti-Kompressionssacks sind perfekt auf die Gr\u00f6\u00dfe und Form des X-Lite 40L abgestimmt, um Ihnen ein m\u00f6glichst effizientes Packsystem zu garantieren.<\/p>\n<dl class=\"inline-block pr-4 md:pr-6 lg:pr-8\">\n<dt class=\"block text-left text-xs md:text-base\"><strong>Volumen:<\/strong> 40L<\/dt>\n<\/dl>\n<p><strong>Material:<\/strong> MJ 70D Dyneema R\/S Grey<\/p>\n<p><strong>Gewicht:<\/strong> 660g<\/p>\n<h3 class=\"font-condensed font-bold text-lg md:text-xl lg:text-2xl uppercase pt-4 text-grey-6 tracking-slight\">Technische Details<\/h3>\n<ul class=\"pl-4 list-disc\">\n<li class=\"pb-1 measure-wide\">Premium 70D Dyneema fabric<\/li>\n<li class=\"pb-1 measure-wide\">Ice axe holder<\/li>\n<li class=\"pb-1 measure-wide\">Ski holder<\/li>\n<li class=\"pb-1 measure-wide\">Helmet holder<\/li>\n<li class=\"pb-1 measure-wide\">ergonomic shoulder straps<\/li>\n<li class=\"pb-1 measure-wide\">front zipper for easier packing and compression<\/li>\n<li class=\"pb-1 measure-wide\">Central compression strap with load distributing Hypalon webbing<\/li>\n<li class=\"pb-1 measure-wide\">2 drinks holders<\/li>\n<li class=\"pb-1 measure-wide\">2 larger side pockets<\/li>\n<li class=\"pb-1 measure-wide\">2 side straps for holding gear (jacket etc)<\/li>\n<li class=\"pb-1 measure-wide\">Additional pockets integrated with waist belt<\/li>\n<li class=\"pb-1 measure-wide\">YKK buckles and zips<\/li>\n<li class=\"pb-1 measure-wide\">dimensions: 57cm x 31cm<\/li>\n<\/ul>\n<p class=\"font-product text-4xl md:text-5xl text-center text-black pt-4 leading-1\">\n<a href=\"https:\/\/swissgliders.ch\/de\/produkt\/gin-x-lite-rucksack\/\">Gin X-lite Rucksack auch in 55\/65\/80L<\/a> erh\u00e4ltlich<\/p>\n<p>Mehr <a href=\"https:\/\/www.gingliders.com\/de\/gear\/bags-and-rucksacks\/x-lite-rucksack-40l\/\" target=\"_blank\" rel=\"noopener noreferrer\">Info<\/a><\/p>\n<p>Falls dieser Artikel nicht an Lager ist, wird er f\u00fcr dich bestellt. Lieferfrist auf Anfrage.<\/p>\n","protected":false},"featured_media":13770,"comment_status":"closed","ping_status":"closed","template":"","meta":[],"product_brand":[],"product_cat":[2072],"product_tag":[2210,90],"class_list":{"0":"post-13767","1":"product","2":"type-product","3":"status-publish","4":"has-post-thumbnail","6":"product_cat-gleitschirm-rucksaecke","7":"product_tag-rucksack","8":"product_tag-verkaufsartikel","9":"product_shipping_class-priority-2kg-de","11":"first","12":"instock","13":"sale","14":"shipping-taxable","15":"purchasable","16":"product-type-simple"},"yoast_head":"<!-- This site is optimized with the Yoast SEO Premium plugin v26.1 (Yoast SEO v27.3) - https:\/\/yoast.com\/product\/yoast-seo-premium-wordpress\/ -->\n<title>Gin X-Lite 40L Rucksack | Gleitschirmschule Thun, Bern, Interlaken<\/title>\n<meta name=\"description\" content=\"Gin X-Lite 40L Rucksack passt perfekt zu einem ultraleichten Gleitschirm wie dem Yeti vor allem wenn er im Yeti Compress verpackt ist. Ausgestattet mit essentiellen Alpinismus-Funktionen wie Eispickel-, Ski- und Wanderstockhalterungen, Getr\u00e4nketaschen, Stauraumgurten und ergonomischen Schultergurten ist der X-lite 40L f\u00fcr Bergabenteuer gebaut.\" \/>\n<meta name=\"robots\" content=\"index, follow, max-snippet:-1, max-image-preview:large, max-video-preview:-1\" \/>\n<link rel=\"canonical\" href=\"https:\/\/swissgliders.ch\/de\/produkt\/gin-x-lite-40l-rucksack\/\" \/>\n<meta property=\"og:locale\" content=\"de_DE\" \/>\n<meta property=\"og:type\" content=\"article\" \/>\n<meta property=\"og:title\" content=\"Gin X-Lite 40L Rucksack\" \/>\n<meta property=\"og:description\" content=\"Gin X-Lite 40L Rucksack passt perfekt zu einem ultraleichten Gleitschirm wie dem Yeti vor allem wenn er im Yeti Compress verpackt ist. Ausgestattet mit essentiellen Alpinismus-Funktionen wie Eispickel-, Ski- und Wanderstockhalterungen, Getr\u00e4nketaschen, Stauraumgurten und ergonomischen Schultergurten ist der X-lite 40L f\u00fcr Bergabenteuer gebaut.\" \/>\n<meta property=\"og:url\" content=\"https:\/\/swissgliders.ch\/de\/produkt\/gin-x-lite-40l-rucksack\/\" \/>\n<meta property=\"og:site_name\" content=\"Gleitschirmschule Thun, Bern, Interlaken\" \/>\n<meta property=\"article:publisher\" content=\"https:\/\/www.facebook.com\/swissgliders\" \/>\n<meta property=\"article:modified_time\" content=\"2025-04-12T10:33:24+00:00\" \/>\n<meta property=\"og:image\" content=\"https:\/\/swissgliders.ch\/wp-content\/uploads\/2024\/08\/Gin_Rucksack_X-Lite_40L-1.png\" \/>\n\t<meta property=\"og:image:width\" content=\"620\" \/>\n\t<meta property=\"og:image:height\" content=\"670\" \/>\n\t<meta property=\"og:image:type\" content=\"image\/png\" \/>\n<meta name=\"twitter:card\" content=\"summary_large_image\" \/>\n<meta name=\"twitter:site\" content=\"@Swissgliders\" \/>\n<meta name=\"twitter:label1\" content=\"Preis\" \/>\n\t<meta name=\"twitter:data1\" content=\"&#067;&#072;&#070;&nbsp;171.00\" \/>\n\t<meta name=\"twitter:label2\" content=\"Verf\u00fcgbarkeit\" \/>\n\t<meta name=\"twitter:data2\" content=\"Auf Lager\" \/>\n<script type=\"application\/ld+json\" class=\"yoast-schema-graph\">{\"@context\":\"https:\\\/\\\/schema.org\",\"@graph\":[{\"@type\":\"WebPage\",\"@id\":\"https:\\\/\\\/swissgliders.ch\\\/de\\\/produkt\\\/gin-x-lite-40l-rucksack\\\/\",\"url\":\"https:\\\/\\\/swissgliders.ch\\\/de\\\/produkt\\\/gin-x-lite-40l-rucksack\\\/\",\"name\":\"Gin X-Lite 40L Rucksack | Gleitschirmschule Thun, Bern, Interlaken\",\"isPartOf\":{\"@id\":\"https:\\\/\\\/swissgliders.ch\\\/de\\\/#website\"},\"primaryImageOfPage\":{\"@id\":\"https:\\\/\\\/swissgliders.ch\\\/de\\\/produkt\\\/gin-x-lite-40l-rucksack\\\/#primaryimage\"},\"image\":{\"@id\":\"https:\\\/\\\/swissgliders.ch\\\/de\\\/produkt\\\/gin-x-lite-40l-rucksack\\\/#primaryimage\"},\"thumbnailUrl\":\"https:\\\/\\\/swissgliders.ch\\\/wp-content\\\/uploads\\\/2024\\\/08\\\/Gin_Rucksack_X-Lite_40L-1.png\",\"datePublished\":\"2024-08-18T08:14:34+00:00\",\"dateModified\":\"2025-04-12T10:33:24+00:00\",\"description\":\"Gin X-Lite 40L Rucksack passt perfekt zu einem ultraleichten Gleitschirm wie dem Yeti vor allem wenn er im Yeti Compress verpackt ist. Ausgestattet mit essentiellen Alpinismus-Funktionen wie Eispickel-, Ski- und Wanderstockhalterungen, Getr\u00e4nketaschen, Stauraumgurten und ergonomischen Schultergurten ist der X-lite 40L f\u00fcr Bergabenteuer gebaut.\",\"breadcrumb\":{\"@id\":\"https:\\\/\\\/swissgliders.ch\\\/de\\\/produkt\\\/gin-x-lite-40l-rucksack\\\/#breadcrumb\"},\"inLanguage\":\"de\",\"potentialAction\":[{\"@type\":\"ReadAction\",\"target\":[\"https:\\\/\\\/swissgliders.ch\\\/de\\\/produkt\\\/gin-x-lite-40l-rucksack\\\/\"]}]},{\"@type\":\"ImageObject\",\"inLanguage\":\"de\",\"@id\":\"https:\\\/\\\/swissgliders.ch\\\/de\\\/produkt\\\/gin-x-lite-40l-rucksack\\\/#primaryimage\",\"url\":\"https:\\\/\\\/swissgliders.ch\\\/wp-content\\\/uploads\\\/2024\\\/08\\\/Gin_Rucksack_X-Lite_40L-1.png\",\"contentUrl\":\"https:\\\/\\\/swissgliders.ch\\\/wp-content\\\/uploads\\\/2024\\\/08\\\/Gin_Rucksack_X-Lite_40L-1.png\",\"width\":620,\"height\":670,\"caption\":\"Gin_Rucksack_X-Lite_40L-1\"},{\"@type\":\"BreadcrumbList\",\"@id\":\"https:\\\/\\\/swissgliders.ch\\\/de\\\/produkt\\\/gin-x-lite-40l-rucksack\\\/#breadcrumb\",\"itemListElement\":[{\"@type\":\"ListItem\",\"position\":1,\"name\":\"Startseite\",\"item\":\"https:\\\/\\\/swissgliders.ch\\\/de\\\/willkommen\\\/\"},{\"@type\":\"ListItem\",\"position\":2,\"name\":\"Gleitschirm Shop\",\"item\":\"https:\\\/\\\/swissgliders.ch\\\/de\\\/gleitschirm-shop\\\/\"},{\"@type\":\"ListItem\",\"position\":3,\"name\":\"Gin X-Lite 40L Rucksack\"}]},{\"@type\":\"WebSite\",\"@id\":\"https:\\\/\\\/swissgliders.ch\\\/de\\\/#website\",\"url\":\"https:\\\/\\\/swissgliders.ch\\\/de\\\/\",\"name\":\"Gleitschirmschule Thun, Bern, Interlaken\",\"description\":\"Gleitschirmschule Thun, Bern, Interlaken\",\"publisher\":{\"@id\":\"https:\\\/\\\/swissgliders.ch\\\/de\\\/#organization\"},\"potentialAction\":[{\"@type\":\"SearchAction\",\"target\":{\"@type\":\"EntryPoint\",\"urlTemplate\":\"https:\\\/\\\/swissgliders.ch\\\/de\\\/?s={search_term_string}\"},\"query-input\":{\"@type\":\"PropertyValueSpecification\",\"valueRequired\":true,\"valueName\":\"search_term_string\"}}],\"inLanguage\":\"de\"},{\"@type\":\"Organization\",\"@id\":\"https:\\\/\\\/swissgliders.ch\\\/de\\\/#organization\",\"name\":\"Swissgliders Gleitschirmflugschule Thun\",\"url\":\"https:\\\/\\\/swissgliders.ch\\\/de\\\/\",\"logo\":{\"@type\":\"ImageObject\",\"inLanguage\":\"de\",\"@id\":\"https:\\\/\\\/swissgliders.ch\\\/de\\\/#\\\/schema\\\/logo\\\/image\\\/\",\"url\":\"https:\\\/\\\/swissgliders.ch\\\/wp-content\\\/uploads\\\/2019\\\/12\\\/swissgliders-logo-rgb-square-L-no-ch-01.png\",\"contentUrl\":\"https:\\\/\\\/swissgliders.ch\\\/wp-content\\\/uploads\\\/2019\\\/12\\\/swissgliders-logo-rgb-square-L-no-ch-01.png\",\"width\":2500,\"height\":2500,\"caption\":\"Swissgliders Gleitschirmflugschule Thun\"},\"image\":{\"@id\":\"https:\\\/\\\/swissgliders.ch\\\/de\\\/#\\\/schema\\\/logo\\\/image\\\/\"},\"sameAs\":[\"https:\\\/\\\/www.facebook.com\\\/swissgliders\",\"https:\\\/\\\/x.com\\\/Swissgliders\",\"https:\\\/\\\/www.instagram.com\\\/swissgliders\\\/\",\"https:\\\/\\\/www.youtube.com\\\/channel\\\/UCMCtGdepy9vBhrhX3V_oJOA\"],\"hasMerchantReturnPolicy\":{\"@type\":\"MerchantReturnPolicy\",\"merchantReturnLink\":\"https:\\\/\\\/swissgliders.ch\\\/de\\\/allgemeine-geschaftsbedingungen\\\/\"}}]}<\/script>\n<meta property=\"product:price:amount\" content=\"171.00\" \/>\n<meta property=\"product:price:currency\" content=\"CHF\" \/>\n<meta property=\"og:availability\" content=\"instock\" \/>\n<meta property=\"product:availability\" content=\"instock\" \/>\n<meta property=\"product:condition\" content=\"new\" \/>\n<!-- \/ Yoast SEO Premium plugin. -->","yoast_head_json":{"title":"Gin X-Lite 40L Rucksack | Gleitschirmschule Thun, Bern, Interlaken","description":"Gin X-Lite 40L Rucksack passt perfekt zu einem ultraleichten Gleitschirm wie dem Yeti vor allem wenn er im Yeti Compress verpackt ist. Ausgestattet mit essentiellen Alpinismus-Funktionen wie Eispickel-, Ski- und Wanderstockhalterungen, Getr\u00e4nketaschen, Stauraumgurten und ergonomischen Schultergurten ist der X-lite 40L f\u00fcr Bergabenteuer gebaut.","robots":{"index":"index","follow":"follow","max-snippet":"max-snippet:-1","max-image-preview":"max-image-preview:large","max-video-preview":"max-video-preview:-1"},"canonical":"https:\/\/swissgliders.ch\/de\/produkt\/gin-x-lite-40l-rucksack\/","og_locale":"de_DE","og_type":"article","og_title":"Gin X-Lite 40L Rucksack","og_description":"Gin X-Lite 40L Rucksack passt perfekt zu einem ultraleichten Gleitschirm wie dem Yeti vor allem wenn er im Yeti Compress verpackt ist. Ausgestattet mit essentiellen Alpinismus-Funktionen wie Eispickel-, Ski- und Wanderstockhalterungen, Getr\u00e4nketaschen, Stauraumgurten und ergonomischen Schultergurten ist der X-lite 40L f\u00fcr Bergabenteuer gebaut.","og_url":"https:\/\/swissgliders.ch\/de\/produkt\/gin-x-lite-40l-rucksack\/","og_site_name":"Gleitschirmschule Thun, Bern, Interlaken","article_publisher":"https:\/\/www.facebook.com\/swissgliders","article_modified_time":"2025-04-12T10:33:24+00:00","og_image":[{"width":620,"height":670,"url":"https:\/\/swissgliders.ch\/wp-content\/uploads\/2024\/08\/Gin_Rucksack_X-Lite_40L-1.png","type":"image\/png"}],"twitter_card":"summary_large_image","twitter_site":"@Swissgliders","twitter_misc":{"Preis":"&#67;&#72;&#70;&nbsp;171.00","Verf\u00fcgbarkeit":"Auf Lager"},"schema":{"@context":"https:\/\/schema.org","@graph":[{"@type":"WebPage","@id":"https:\/\/swissgliders.ch\/de\/produkt\/gin-x-lite-40l-rucksack\/","url":"https:\/\/swissgliders.ch\/de\/produkt\/gin-x-lite-40l-rucksack\/","name":"Gin X-Lite 40L Rucksack | Gleitschirmschule Thun, Bern, Interlaken","isPartOf":{"@id":"https:\/\/swissgliders.ch\/de\/#website"},"primaryImageOfPage":{"@id":"https:\/\/swissgliders.ch\/de\/produkt\/gin-x-lite-40l-rucksack\/#primaryimage"},"image":{"@id":"https:\/\/swissgliders.ch\/de\/produkt\/gin-x-lite-40l-rucksack\/#primaryimage"},"thumbnailUrl":"https:\/\/swissgliders.ch\/wp-content\/uploads\/2024\/08\/Gin_Rucksack_X-Lite_40L-1.png","datePublished":"2024-08-18T08:14:34+00:00","dateModified":"2025-04-12T10:33:24+00:00","description":"Gin X-Lite 40L Rucksack passt perfekt zu einem ultraleichten Gleitschirm wie dem Yeti vor allem wenn er im Yeti Compress verpackt ist. Ausgestattet mit essentiellen Alpinismus-Funktionen wie Eispickel-, Ski- und Wanderstockhalterungen, Getr\u00e4nketaschen, Stauraumgurten und ergonomischen Schultergurten ist der X-lite 40L f\u00fcr Bergabenteuer gebaut.","breadcrumb":{"@id":"https:\/\/swissgliders.ch\/de\/produkt\/gin-x-lite-40l-rucksack\/#breadcrumb"},"inLanguage":"de","potentialAction":[{"@type":"ReadAction","target":["https:\/\/swissgliders.ch\/de\/produkt\/gin-x-lite-40l-rucksack\/"]}]},{"@type":"ImageObject","inLanguage":"de","@id":"https:\/\/swissgliders.ch\/de\/produkt\/gin-x-lite-40l-rucksack\/#primaryimage","url":"https:\/\/swissgliders.ch\/wp-content\/uploads\/2024\/08\/Gin_Rucksack_X-Lite_40L-1.png","contentUrl":"https:\/\/swissgliders.ch\/wp-content\/uploads\/2024\/08\/Gin_Rucksack_X-Lite_40L-1.png","width":620,"height":670,"caption":"Gin_Rucksack_X-Lite_40L-1"},{"@type":"BreadcrumbList","@id":"https:\/\/swissgliders.ch\/de\/produkt\/gin-x-lite-40l-rucksack\/#breadcrumb","itemListElement":[{"@type":"ListItem","position":1,"name":"Startseite","item":"https:\/\/swissgliders.ch\/de\/willkommen\/"},{"@type":"ListItem","position":2,"name":"Gleitschirm Shop","item":"https:\/\/swissgliders.ch\/de\/gleitschirm-shop\/"},{"@type":"ListItem","position":3,"name":"Gin X-Lite 40L Rucksack"}]},{"@type":"WebSite","@id":"https:\/\/swissgliders.ch\/de\/#website","url":"https:\/\/swissgliders.ch\/de\/","name":"Gleitschirmschule Thun, Bern, Interlaken","description":"Gleitschirmschule Thun, Bern, Interlaken","publisher":{"@id":"https:\/\/swissgliders.ch\/de\/#organization"},"potentialAction":[{"@type":"SearchAction","target":{"@type":"EntryPoint","urlTemplate":"https:\/\/swissgliders.ch\/de\/?s={search_term_string}"},"query-input":{"@type":"PropertyValueSpecification","valueRequired":true,"valueName":"search_term_string"}}],"inLanguage":"de"},{"@type":"Organization","@id":"https:\/\/swissgliders.ch\/de\/#organization","name":"Swissgliders Gleitschirmflugschule Thun","url":"https:\/\/swissgliders.ch\/de\/","logo":{"@type":"ImageObject","inLanguage":"de","@id":"https:\/\/swissgliders.ch\/de\/#\/schema\/logo\/image\/","url":"https:\/\/swissgliders.ch\/wp-content\/uploads\/2019\/12\/swissgliders-logo-rgb-square-L-no-ch-01.png","contentUrl":"https:\/\/swissgliders.ch\/wp-content\/uploads\/2019\/12\/swissgliders-logo-rgb-square-L-no-ch-01.png","width":2500,"height":2500,"caption":"Swissgliders Gleitschirmflugschule Thun"},"image":{"@id":"https:\/\/swissgliders.ch\/de\/#\/schema\/logo\/image\/"},"sameAs":["https:\/\/www.facebook.com\/swissgliders","https:\/\/x.com\/Swissgliders","https:\/\/www.instagram.com\/swissgliders\/","https:\/\/www.youtube.com\/channel\/UCMCtGdepy9vBhrhX3V_oJOA"],"hasMerchantReturnPolicy":{"@type":"MerchantReturnPolicy","merchantReturnLink":"https:\/\/swissgliders.ch\/de\/allgemeine-geschaftsbedingungen\/"}}]},"product_price_amount":"171.00","product_price_currency":"CHF","og_availability":"instock","product_availability":"instock","product_condition":"new"},"_links":{"self":[{"href":"https:\/\/swissgliders.ch\/de\/wp-json\/wp\/v2\/product\/13767","targetHints":{"allow":["GET"]}}],"collection":[{"href":"https:\/\/swissgliders.ch\/de\/wp-json\/wp\/v2\/product"}],"about":[{"href":"https:\/\/swissgliders.ch\/de\/wp-json\/wp\/v2\/types\/product"}],"replies":[{"embeddable":true,"href":"https:\/\/swissgliders.ch\/de\/wp-json\/wp\/v2\/comments?post=13767"}],"wp:featuredmedia":[{"embeddable":true,"href":"https:\/\/swissgliders.ch\/de\/wp-json\/wp\/v2\/media\/13770"}],"wp:attachment":[{"href":"https:\/\/swissgliders.ch\/de\/wp-json\/wp\/v2\/media?parent=13767"}],"wp:term":[{"taxonomy":"product_brand","embeddable":true,"href":"https:\/\/swissgliders.ch\/de\/wp-json\/wp\/v2\/product_brand?post=13767"},{"taxonomy":"product_cat","embeddable":true,"href":"https:\/\/swissgliders.ch\/de\/wp-json\/wp\/v2\/product_cat?post=13767"},{"taxonomy":"product_tag","embeddable":true,"href":"https:\/\/swissgliders.ch\/de\/wp-json\/wp\/v2\/product_tag?post=13767"}],"curies":[{"name":"wp","href":"https:\/\/api.w.org\/{rel}","templated":true}]}}