{"id":13778,"date":"2024-08-18T09:56:53","date_gmt":"2024-08-18T08:56:53","guid":{"rendered":"https:\/\/swissgliders.ch\/?post_type=product&#038;p=13778"},"modified":"2025-04-12T11:37:33","modified_gmt":"2025-04-12T10:37:33","slug":"gin-x-lite-rucksack","status":"publish","type":"product","link":"https:\/\/swissgliders.ch\/de\/produkt\/gin-x-lite-rucksack\/","title":{"rendered":"Gin X-Lite Rucksack"},"content":{"rendered":"<h3 class=\"font-product text-4xl md:text-5xl text-center text-black pt-4 leading-1\">Gin X-lite Rucksack<\/h3>\n<p>Der neue X-lite Rucksack ist perfekt auf die Bed\u00fcrfnisse von Piloten zugeschnitten, die t\u00e4glich mit leichter Ausr\u00fcstung fliegen. Das verbesserte Dyneema-Gewebe ist leicht und strapazierf\u00e4hig, dennoch ist der Rucksack auch auf langen Wanderungen \u00e4u\u00dferst komfortabel.<br \/>\n<img loading=\"lazy\" decoding=\"async\" class=\"\" src=\"https:\/\/static.gingliders.com\/\/img\/gr-x-lite-rucksack-2-ss1.jpg\" alt=\"X-lite rucksack\" width=\"417\" height=\"277\" \/><\/p>\n<p>Der einzelne Frontrei\u00dfverschluss und der zentrale Kompressionsriemen erm\u00f6glichen einen einfachen Zugang und eine schnelle Komprimierung zu einem kompakten Paket mit stabiler Beladung und ordentlicher Form. Im Vergleich zum Vorg\u00e4ngermodell verf\u00fcgt der neue X-lite Rucksack \u00fcber eine verbesserte Helmhalterung mit dehnbarem Gewebe f\u00fcr einen sichereren Sitz. Dar\u00fcber hinaus wurden die kritischen Tragepunkte verst\u00e4rkt. Und dank der 3 Gr\u00f6\u00dfen finden Sie sicher die perfekte Passform f\u00fcr Ihre Ausr\u00fcstung.<\/p>\n<p><strong>Volumen:<\/strong> 55 \/ 65 \/ 80L<\/p>\n<p><strong>Gewicht:<\/strong> 530 \/ 560 \/ 624g<\/p>\n<h4>Technische Details<\/h4>\n<ul>\n<li>Hochwertiges 70D Dyneema-Gewebe<\/li>\n<li>Frontrei\u00dfverschluss f\u00fcr leichteres Packen und Kompression<\/li>\n<li>Ergonomischer 3D-Mesh-R\u00fcckenkontakt<\/li>\n<li>Zentraler Kompressionsriemen<\/li>\n<li>2 Getr\u00e4nkehalter<\/li>\n<li>2 Mesh-Seitentaschen<\/li>\n<li>Trageschlaufen<\/li>\n<li>H\u00fcftgurt<\/li>\n<li>YKK-Schnallen und -Rei\u00dfverschl\u00fcsse<\/li>\n<li>Abmessungen: 71cm x 30cm (55L), 77cm x 31cm (65L), 90cm x 45cm (80L)<\/li>\n<\/ul>\n<p><a href=\"https:\/\/swissgliders.ch\/de\/produkt\/gin-x-lite-40l-rucksack\/\">Gin X-Lite 40L Rucksack<\/a> auch erh\u00e4ltlich<\/p>\n<p>Mehr <a href=\"https:\/\/www.gingliders.com\/de\/gear\/bags-and-rucksacks\/x-lite-rucksack-2\/\" target=\"_blank\" rel=\"noopener noreferrer\">Info<\/a><\/p>\n<p>Falls dieser Artikel nicht an Lager ist, wird er f\u00fcr dich bestellt. Lieferfrist auf Anfrage.<\/p>\n","protected":false},"excerpt":{"rendered":"<h3 class=\"font-product text-4xl md:text-5xl text-center text-black pt-4 leading-1\">Gin X-lite Rucksack<\/h3>\n<p>Der neue X-lite Rucksack ist perfekt auf die Bed\u00fcrfnisse von Piloten zugeschnitten, die t\u00e4glich mit leichter Ausr\u00fcstung fliegen. Das verbesserte Dyneema-Gewebe ist leicht und strapazierf\u00e4hig, dennoch ist der Rucksack auch auf langen Wanderungen \u00e4u\u00dferst komfortabel.<br \/>\n<img loading=\"lazy\" decoding=\"async\" class=\"\" src=\"https:\/\/static.gingliders.com\/\/img\/gr-x-lite-rucksack-2-ss1.jpg\" alt=\"X-lite rucksack\" width=\"417\" height=\"277\" \/><\/p>\n<p>Der einzelne Frontrei\u00dfverschluss und der zentrale Kompressionsriemen erm\u00f6glichen einen einfachen Zugang und eine schnelle Komprimierung zu einem kompakten Paket mit stabiler Beladung und ordentlicher Form. Im Vergleich zum Vorg\u00e4ngermodell verf\u00fcgt der neue X-lite Rucksack \u00fcber eine verbesserte Helmhalterung mit dehnbarem Gewebe f\u00fcr einen sichereren Sitz. Dar\u00fcber hinaus wurden die kritischen Tragepunkte verst\u00e4rkt. Und dank der 3 Gr\u00f6\u00dfen finden Sie sicher die perfekte Passform f\u00fcr Ihre Ausr\u00fcstung.<\/p>\n<p><strong>Volumen:<\/strong> 55 \/ 65 \/ 80L<\/p>\n<p><strong>Gewicht:<\/strong> 530 \/ 560 \/ 624g<\/p>\n<h4>Technische Details<\/h4>\n<ul>\n<li>Hochwertiges 70D Dyneema-Gewebe<\/li>\n<li>Frontrei\u00dfverschluss f\u00fcr leichteres Packen und Kompression<\/li>\n<li>Ergonomischer 3D-Mesh-R\u00fcckenkontakt<\/li>\n<li>Zentraler Kompressionsriemen<\/li>\n<li>2 Getr\u00e4nkehalter<\/li>\n<li>2 Mesh-Seitentaschen<\/li>\n<li>Trageschlaufen<\/li>\n<li>H\u00fcftgurt<\/li>\n<li>YKK-Schnallen und -Rei\u00dfverschl\u00fcsse<\/li>\n<li>Abmessungen: 71cm x 30cm (55L), 77cm x 31cm (65L), 90cm x 45cm (80L)<\/li>\n<\/ul>\n<p><a href=\"https:\/\/swissgliders.ch\/de\/produkt\/gin-x-lite-40l-rucksack\/\">Gin X-Lite 40L Rucksack<\/a> auch erh\u00e4ltlich<\/p>\n<p>Mehr <a href=\"https:\/\/www.gingliders.com\/de\/gear\/bags-and-rucksacks\/x-lite-rucksack-2\/\" target=\"_blank\" rel=\"noopener noreferrer\">Info<\/a><\/p>\n<p>Falls dieser Artikel nicht an Lager ist, wird er f\u00fcr dich bestellt. Lieferfrist auf Anfrage.<\/p>\n","protected":false},"featured_media":13780,"comment_status":"closed","ping_status":"closed","template":"","meta":[],"product_brand":[],"product_cat":[2072],"product_tag":[2210,90],"class_list":{"0":"post-13778","1":"product","2":"type-product","3":"status-publish","4":"has-post-thumbnail","6":"product_cat-gleitschirm-rucksaecke","7":"product_tag-rucksack","8":"product_tag-verkaufsartikel","9":"product_shipping_class-priority-2kg-de","11":"first","12":"instock","13":"sale","14":"shipping-taxable","15":"purchasable","16":"product-type-variable"},"yoast_head":"<!-- This site is optimized with the Yoast SEO Premium plugin v26.1 (Yoast SEO v27.3) - https:\/\/yoast.com\/product\/yoast-seo-premium-wordpress\/ -->\n<title>Gin X-Lite Rucksack | Gleitschirmschule Thun, Bern, Interlaken<\/title>\n<meta name=\"description\" content=\"Der neue Gin X-lite Rucksack ist perfekt auf die Bed\u00fcrfnisse von Piloten zugeschnitten die t\u00e4glich mit leichter Ausr\u00fcstung fliegen. Das verbesserte Dyneema-Gewebe ist leicht und strapazierf\u00e4hig, dennoch ist der Rucksack auch auf langen Wanderungen \u00e4u\u00dferst komfortabel.Der einzelne Frontrei\u00dfverschluss und der zentrale Kompressionsriemen erm\u00f6glichen einen einfachen Zugang und eine schnelle Komprimierung zu einem kompakten Paket mit stabiler Beladung und ordentlicher Form. Im Vergleich zum Vorg\u00e4ngermodell verf\u00fcgt der neue X-lite Rucksack \u00fcber eine verbesserte Helmhalterung mit dehnbarem Gewebe f\u00fcr einen sichereren Sitz. Dar\u00fcber hinaus wurden die kritischen Tragepunkte verst\u00e4rkt. Und dank der 3 Gr\u00f6\u00dfen finden Sie sicher die perfekte Passform f\u00fcr Ihre Ausr\u00fcstung.\" \/>\n<meta name=\"robots\" content=\"index, follow, max-snippet:-1, max-image-preview:large, max-video-preview:-1\" \/>\n<link rel=\"canonical\" href=\"https:\/\/swissgliders.ch\/de\/produkt\/gin-x-lite-rucksack\/\" \/>\n<meta property=\"og:locale\" content=\"de_DE\" \/>\n<meta property=\"og:type\" content=\"article\" \/>\n<meta property=\"og:title\" content=\"Gin X-Lite Rucksack\" \/>\n<meta property=\"og:description\" content=\"Der neue Gin X-lite Rucksack ist perfekt auf die Bed\u00fcrfnisse von Piloten zugeschnitten die t\u00e4glich mit leichter Ausr\u00fcstung fliegen. Das verbesserte Dyneema-Gewebe ist leicht und strapazierf\u00e4hig, dennoch ist der Rucksack auch auf langen Wanderungen \u00e4u\u00dferst komfortabel.Der einzelne Frontrei\u00dfverschluss und der zentrale Kompressionsriemen erm\u00f6glichen einen einfachen Zugang und eine schnelle Komprimierung zu einem kompakten Paket mit stabiler Beladung und ordentlicher Form. Im Vergleich zum Vorg\u00e4ngermodell verf\u00fcgt der neue X-lite Rucksack \u00fcber eine verbesserte Helmhalterung mit dehnbarem Gewebe f\u00fcr einen sichereren Sitz. Dar\u00fcber hinaus wurden die kritischen Tragepunkte verst\u00e4rkt. Und dank der 3 Gr\u00f6\u00dfen finden Sie sicher die perfekte Passform f\u00fcr Ihre Ausr\u00fcstung.\" \/>\n<meta property=\"og:url\" content=\"https:\/\/swissgliders.ch\/de\/produkt\/gin-x-lite-rucksack\/\" \/>\n<meta property=\"og:site_name\" content=\"Gleitschirmschule Thun, Bern, Interlaken\" \/>\n<meta property=\"article:publisher\" content=\"https:\/\/www.facebook.com\/swissgliders\" \/>\n<meta property=\"article:modified_time\" content=\"2025-04-12T10:37:33+00:00\" \/>\n<meta property=\"og:image\" content=\"https:\/\/swissgliders.ch\/wp-content\/uploads\/2024\/08\/Gin_Rucksack_X_Lite-1.png\" \/>\n\t<meta property=\"og:image:width\" content=\"692\" \/>\n\t<meta property=\"og:image:height\" content=\"666\" \/>\n\t<meta property=\"og:image:type\" content=\"image\/png\" \/>\n<meta name=\"twitter:card\" content=\"summary_large_image\" \/>\n<meta name=\"twitter:site\" content=\"@Swissgliders\" \/>\n<meta name=\"twitter:label1\" content=\"Verf\u00fcgbarkeit\" \/>\n\t<meta name=\"twitter:data1\" content=\"Auf Lager\" \/>\n<script type=\"application\/ld+json\" class=\"yoast-schema-graph\">{\"@context\":\"https:\\\/\\\/schema.org\",\"@graph\":[{\"@type\":\"WebPage\",\"@id\":\"https:\\\/\\\/swissgliders.ch\\\/de\\\/produkt\\\/gin-x-lite-rucksack\\\/\",\"url\":\"https:\\\/\\\/swissgliders.ch\\\/de\\\/produkt\\\/gin-x-lite-rucksack\\\/\",\"name\":\"Gin X-Lite Rucksack | Gleitschirmschule Thun, Bern, Interlaken\",\"isPartOf\":{\"@id\":\"https:\\\/\\\/swissgliders.ch\\\/de\\\/#website\"},\"primaryImageOfPage\":{\"@id\":\"https:\\\/\\\/swissgliders.ch\\\/de\\\/produkt\\\/gin-x-lite-rucksack\\\/#primaryimage\"},\"image\":{\"@id\":\"https:\\\/\\\/swissgliders.ch\\\/de\\\/produkt\\\/gin-x-lite-rucksack\\\/#primaryimage\"},\"thumbnailUrl\":\"https:\\\/\\\/swissgliders.ch\\\/wp-content\\\/uploads\\\/2024\\\/08\\\/Gin_Rucksack_X_Lite-1.png\",\"datePublished\":\"2024-08-18T08:56:53+00:00\",\"dateModified\":\"2025-04-12T10:37:33+00:00\",\"description\":\"Der neue Gin X-lite Rucksack ist perfekt auf die Bed\u00fcrfnisse von Piloten zugeschnitten die t\u00e4glich mit leichter Ausr\u00fcstung fliegen. Das verbesserte Dyneema-Gewebe ist leicht und strapazierf\u00e4hig, dennoch ist der Rucksack auch auf langen Wanderungen \u00e4u\u00dferst komfortabel.Der einzelne Frontrei\u00dfverschluss und der zentrale Kompressionsriemen erm\u00f6glichen einen einfachen Zugang und eine schnelle Komprimierung zu einem kompakten Paket mit stabiler Beladung und ordentlicher Form. Im Vergleich zum Vorg\u00e4ngermodell verf\u00fcgt der neue X-lite Rucksack \u00fcber eine verbesserte Helmhalterung mit dehnbarem Gewebe f\u00fcr einen sichereren Sitz. Dar\u00fcber hinaus wurden die kritischen Tragepunkte verst\u00e4rkt. Und dank der 3 Gr\u00f6\u00dfen finden Sie sicher die perfekte Passform f\u00fcr Ihre Ausr\u00fcstung.\",\"breadcrumb\":{\"@id\":\"https:\\\/\\\/swissgliders.ch\\\/de\\\/produkt\\\/gin-x-lite-rucksack\\\/#breadcrumb\"},\"inLanguage\":\"de\",\"potentialAction\":[{\"@type\":\"ReadAction\",\"target\":[\"https:\\\/\\\/swissgliders.ch\\\/de\\\/produkt\\\/gin-x-lite-rucksack\\\/\"]}]},{\"@type\":\"ImageObject\",\"inLanguage\":\"de\",\"@id\":\"https:\\\/\\\/swissgliders.ch\\\/de\\\/produkt\\\/gin-x-lite-rucksack\\\/#primaryimage\",\"url\":\"https:\\\/\\\/swissgliders.ch\\\/wp-content\\\/uploads\\\/2024\\\/08\\\/Gin_Rucksack_X_Lite-1.png\",\"contentUrl\":\"https:\\\/\\\/swissgliders.ch\\\/wp-content\\\/uploads\\\/2024\\\/08\\\/Gin_Rucksack_X_Lite-1.png\",\"width\":692,\"height\":666,\"caption\":\"Gin_Rucksack_X_Lite-1\"},{\"@type\":\"BreadcrumbList\",\"@id\":\"https:\\\/\\\/swissgliders.ch\\\/de\\\/produkt\\\/gin-x-lite-rucksack\\\/#breadcrumb\",\"itemListElement\":[{\"@type\":\"ListItem\",\"position\":1,\"name\":\"Startseite\",\"item\":\"https:\\\/\\\/swissgliders.ch\\\/de\\\/willkommen\\\/\"},{\"@type\":\"ListItem\",\"position\":2,\"name\":\"Gleitschirm Shop\",\"item\":\"https:\\\/\\\/swissgliders.ch\\\/de\\\/gleitschirm-shop\\\/\"},{\"@type\":\"ListItem\",\"position\":3,\"name\":\"Gin X-Lite Rucksack\"}]},{\"@type\":\"WebSite\",\"@id\":\"https:\\\/\\\/swissgliders.ch\\\/de\\\/#website\",\"url\":\"https:\\\/\\\/swissgliders.ch\\\/de\\\/\",\"name\":\"Gleitschirmschule Thun, Bern, Interlaken\",\"description\":\"Gleitschirmschule Thun, Bern, Interlaken\",\"publisher\":{\"@id\":\"https:\\\/\\\/swissgliders.ch\\\/de\\\/#organization\"},\"potentialAction\":[{\"@type\":\"SearchAction\",\"target\":{\"@type\":\"EntryPoint\",\"urlTemplate\":\"https:\\\/\\\/swissgliders.ch\\\/de\\\/?s={search_term_string}\"},\"query-input\":{\"@type\":\"PropertyValueSpecification\",\"valueRequired\":true,\"valueName\":\"search_term_string\"}}],\"inLanguage\":\"de\"},{\"@type\":\"Organization\",\"@id\":\"https:\\\/\\\/swissgliders.ch\\\/de\\\/#organization\",\"name\":\"Swissgliders Gleitschirmflugschule Thun\",\"url\":\"https:\\\/\\\/swissgliders.ch\\\/de\\\/\",\"logo\":{\"@type\":\"ImageObject\",\"inLanguage\":\"de\",\"@id\":\"https:\\\/\\\/swissgliders.ch\\\/de\\\/#\\\/schema\\\/logo\\\/image\\\/\",\"url\":\"https:\\\/\\\/swissgliders.ch\\\/wp-content\\\/uploads\\\/2019\\\/12\\\/swissgliders-logo-rgb-square-L-no-ch-01.png\",\"contentUrl\":\"https:\\\/\\\/swissgliders.ch\\\/wp-content\\\/uploads\\\/2019\\\/12\\\/swissgliders-logo-rgb-square-L-no-ch-01.png\",\"width\":2500,\"height\":2500,\"caption\":\"Swissgliders Gleitschirmflugschule Thun\"},\"image\":{\"@id\":\"https:\\\/\\\/swissgliders.ch\\\/de\\\/#\\\/schema\\\/logo\\\/image\\\/\"},\"sameAs\":[\"https:\\\/\\\/www.facebook.com\\\/swissgliders\",\"https:\\\/\\\/x.com\\\/Swissgliders\",\"https:\\\/\\\/www.instagram.com\\\/swissgliders\\\/\",\"https:\\\/\\\/www.youtube.com\\\/channel\\\/UCMCtGdepy9vBhrhX3V_oJOA\"],\"hasMerchantReturnPolicy\":{\"@type\":\"MerchantReturnPolicy\",\"merchantReturnLink\":\"https:\\\/\\\/swissgliders.ch\\\/de\\\/allgemeine-geschaftsbedingungen\\\/\"}}]}<\/script>\n<meta property=\"og:availability\" content=\"instock\" \/>\n<meta property=\"product:availability\" content=\"instock\" \/>\n<meta property=\"product:condition\" content=\"new\" \/>\n<!-- \/ Yoast SEO Premium plugin. -->","yoast_head_json":{"title":"Gin X-Lite Rucksack | Gleitschirmschule Thun, Bern, Interlaken","description":"Der neue Gin X-lite Rucksack ist perfekt auf die Bed\u00fcrfnisse von Piloten zugeschnitten die t\u00e4glich mit leichter Ausr\u00fcstung fliegen. Das verbesserte Dyneema-Gewebe ist leicht und strapazierf\u00e4hig, dennoch ist der Rucksack auch auf langen Wanderungen \u00e4u\u00dferst komfortabel.Der einzelne Frontrei\u00dfverschluss und der zentrale Kompressionsriemen erm\u00f6glichen einen einfachen Zugang und eine schnelle Komprimierung zu einem kompakten Paket mit stabiler Beladung und ordentlicher Form. Im Vergleich zum Vorg\u00e4ngermodell verf\u00fcgt der neue X-lite Rucksack \u00fcber eine verbesserte Helmhalterung mit dehnbarem Gewebe f\u00fcr einen sichereren Sitz. Dar\u00fcber hinaus wurden die kritischen Tragepunkte verst\u00e4rkt. Und dank der 3 Gr\u00f6\u00dfen finden Sie sicher die perfekte Passform f\u00fcr Ihre Ausr\u00fcstung.","robots":{"index":"index","follow":"follow","max-snippet":"max-snippet:-1","max-image-preview":"max-image-preview:large","max-video-preview":"max-video-preview:-1"},"canonical":"https:\/\/swissgliders.ch\/de\/produkt\/gin-x-lite-rucksack\/","og_locale":"de_DE","og_type":"article","og_title":"Gin X-Lite Rucksack","og_description":"Der neue Gin X-lite Rucksack ist perfekt auf die Bed\u00fcrfnisse von Piloten zugeschnitten die t\u00e4glich mit leichter Ausr\u00fcstung fliegen. Das verbesserte Dyneema-Gewebe ist leicht und strapazierf\u00e4hig, dennoch ist der Rucksack auch auf langen Wanderungen \u00e4u\u00dferst komfortabel.Der einzelne Frontrei\u00dfverschluss und der zentrale Kompressionsriemen erm\u00f6glichen einen einfachen Zugang und eine schnelle Komprimierung zu einem kompakten Paket mit stabiler Beladung und ordentlicher Form. Im Vergleich zum Vorg\u00e4ngermodell verf\u00fcgt der neue X-lite Rucksack \u00fcber eine verbesserte Helmhalterung mit dehnbarem Gewebe f\u00fcr einen sichereren Sitz. Dar\u00fcber hinaus wurden die kritischen Tragepunkte verst\u00e4rkt. Und dank der 3 Gr\u00f6\u00dfen finden Sie sicher die perfekte Passform f\u00fcr Ihre Ausr\u00fcstung.","og_url":"https:\/\/swissgliders.ch\/de\/produkt\/gin-x-lite-rucksack\/","og_site_name":"Gleitschirmschule Thun, Bern, Interlaken","article_publisher":"https:\/\/www.facebook.com\/swissgliders","article_modified_time":"2025-04-12T10:37:33+00:00","og_image":[{"width":692,"height":666,"url":"https:\/\/swissgliders.ch\/wp-content\/uploads\/2024\/08\/Gin_Rucksack_X_Lite-1.png","type":"image\/png"}],"twitter_card":"summary_large_image","twitter_site":"@Swissgliders","twitter_misc":{"Verf\u00fcgbarkeit":"Auf Lager"},"schema":{"@context":"https:\/\/schema.org","@graph":[{"@type":"WebPage","@id":"https:\/\/swissgliders.ch\/de\/produkt\/gin-x-lite-rucksack\/","url":"https:\/\/swissgliders.ch\/de\/produkt\/gin-x-lite-rucksack\/","name":"Gin X-Lite Rucksack | Gleitschirmschule Thun, Bern, Interlaken","isPartOf":{"@id":"https:\/\/swissgliders.ch\/de\/#website"},"primaryImageOfPage":{"@id":"https:\/\/swissgliders.ch\/de\/produkt\/gin-x-lite-rucksack\/#primaryimage"},"image":{"@id":"https:\/\/swissgliders.ch\/de\/produkt\/gin-x-lite-rucksack\/#primaryimage"},"thumbnailUrl":"https:\/\/swissgliders.ch\/wp-content\/uploads\/2024\/08\/Gin_Rucksack_X_Lite-1.png","datePublished":"2024-08-18T08:56:53+00:00","dateModified":"2025-04-12T10:37:33+00:00","description":"Der neue Gin X-lite Rucksack ist perfekt auf die Bed\u00fcrfnisse von Piloten zugeschnitten die t\u00e4glich mit leichter Ausr\u00fcstung fliegen. Das verbesserte Dyneema-Gewebe ist leicht und strapazierf\u00e4hig, dennoch ist der Rucksack auch auf langen Wanderungen \u00e4u\u00dferst komfortabel.Der einzelne Frontrei\u00dfverschluss und der zentrale Kompressionsriemen erm\u00f6glichen einen einfachen Zugang und eine schnelle Komprimierung zu einem kompakten Paket mit stabiler Beladung und ordentlicher Form. Im Vergleich zum Vorg\u00e4ngermodell verf\u00fcgt der neue X-lite Rucksack \u00fcber eine verbesserte Helmhalterung mit dehnbarem Gewebe f\u00fcr einen sichereren Sitz. Dar\u00fcber hinaus wurden die kritischen Tragepunkte verst\u00e4rkt. Und dank der 3 Gr\u00f6\u00dfen finden Sie sicher die perfekte Passform f\u00fcr Ihre Ausr\u00fcstung.","breadcrumb":{"@id":"https:\/\/swissgliders.ch\/de\/produkt\/gin-x-lite-rucksack\/#breadcrumb"},"inLanguage":"de","potentialAction":[{"@type":"ReadAction","target":["https:\/\/swissgliders.ch\/de\/produkt\/gin-x-lite-rucksack\/"]}]},{"@type":"ImageObject","inLanguage":"de","@id":"https:\/\/swissgliders.ch\/de\/produkt\/gin-x-lite-rucksack\/#primaryimage","url":"https:\/\/swissgliders.ch\/wp-content\/uploads\/2024\/08\/Gin_Rucksack_X_Lite-1.png","contentUrl":"https:\/\/swissgliders.ch\/wp-content\/uploads\/2024\/08\/Gin_Rucksack_X_Lite-1.png","width":692,"height":666,"caption":"Gin_Rucksack_X_Lite-1"},{"@type":"BreadcrumbList","@id":"https:\/\/swissgliders.ch\/de\/produkt\/gin-x-lite-rucksack\/#breadcrumb","itemListElement":[{"@type":"ListItem","position":1,"name":"Startseite","item":"https:\/\/swissgliders.ch\/de\/willkommen\/"},{"@type":"ListItem","position":2,"name":"Gleitschirm Shop","item":"https:\/\/swissgliders.ch\/de\/gleitschirm-shop\/"},{"@type":"ListItem","position":3,"name":"Gin X-Lite Rucksack"}]},{"@type":"WebSite","@id":"https:\/\/swissgliders.ch\/de\/#website","url":"https:\/\/swissgliders.ch\/de\/","name":"Gleitschirmschule Thun, Bern, Interlaken","description":"Gleitschirmschule Thun, Bern, Interlaken","publisher":{"@id":"https:\/\/swissgliders.ch\/de\/#organization"},"potentialAction":[{"@type":"SearchAction","target":{"@type":"EntryPoint","urlTemplate":"https:\/\/swissgliders.ch\/de\/?s={search_term_string}"},"query-input":{"@type":"PropertyValueSpecification","valueRequired":true,"valueName":"search_term_string"}}],"inLanguage":"de"},{"@type":"Organization","@id":"https:\/\/swissgliders.ch\/de\/#organization","name":"Swissgliders Gleitschirmflugschule Thun","url":"https:\/\/swissgliders.ch\/de\/","logo":{"@type":"ImageObject","inLanguage":"de","@id":"https:\/\/swissgliders.ch\/de\/#\/schema\/logo\/image\/","url":"https:\/\/swissgliders.ch\/wp-content\/uploads\/2019\/12\/swissgliders-logo-rgb-square-L-no-ch-01.png","contentUrl":"https:\/\/swissgliders.ch\/wp-content\/uploads\/2019\/12\/swissgliders-logo-rgb-square-L-no-ch-01.png","width":2500,"height":2500,"caption":"Swissgliders Gleitschirmflugschule Thun"},"image":{"@id":"https:\/\/swissgliders.ch\/de\/#\/schema\/logo\/image\/"},"sameAs":["https:\/\/www.facebook.com\/swissgliders","https:\/\/x.com\/Swissgliders","https:\/\/www.instagram.com\/swissgliders\/","https:\/\/www.youtube.com\/channel\/UCMCtGdepy9vBhrhX3V_oJOA"],"hasMerchantReturnPolicy":{"@type":"MerchantReturnPolicy","merchantReturnLink":"https:\/\/swissgliders.ch\/de\/allgemeine-geschaftsbedingungen\/"}}]},"og_availability":"instock","product_availability":"instock","product_condition":"new"},"_links":{"self":[{"href":"https:\/\/swissgliders.ch\/de\/wp-json\/wp\/v2\/product\/13778","targetHints":{"allow":["GET"]}}],"collection":[{"href":"https:\/\/swissgliders.ch\/de\/wp-json\/wp\/v2\/product"}],"about":[{"href":"https:\/\/swissgliders.ch\/de\/wp-json\/wp\/v2\/types\/product"}],"replies":[{"embeddable":true,"href":"https:\/\/swissgliders.ch\/de\/wp-json\/wp\/v2\/comments?post=13778"}],"wp:featuredmedia":[{"embeddable":true,"href":"https:\/\/swissgliders.ch\/de\/wp-json\/wp\/v2\/media\/13780"}],"wp:attachment":[{"href":"https:\/\/swissgliders.ch\/de\/wp-json\/wp\/v2\/media?parent=13778"}],"wp:term":[{"taxonomy":"product_brand","embeddable":true,"href":"https:\/\/swissgliders.ch\/de\/wp-json\/wp\/v2\/product_brand?post=13778"},{"taxonomy":"product_cat","embeddable":true,"href":"https:\/\/swissgliders.ch\/de\/wp-json\/wp\/v2\/product_cat?post=13778"},{"taxonomy":"product_tag","embeddable":true,"href":"https:\/\/swissgliders.ch\/de\/wp-json\/wp\/v2\/product_tag?post=13778"}],"curies":[{"name":"wp","href":"https:\/\/api.w.org\/{rel}","templated":true}]}}