{"id":13973,"date":"2024-08-21T16:02:16","date_gmt":"2024-08-21T15:02:16","guid":{"rendered":"https:\/\/swissgliders.ch\/?post_type=product&#038;p=13973"},"modified":"2024-08-21T16:17:50","modified_gmt":"2024-08-21T15:17:50","slug":"airdesign-rucksack-comfort-bag","status":"publish","type":"product","link":"https:\/\/swissgliders.ch\/de\/produkt\/airdesign-rucksack-comfort-bag\/","title":{"rendered":"AirDesign Rucksack Comfort Bag"},"content":{"rendered":"<h4>Comfort Bag<\/h4>\n<p>Unser Comfort Bag entwickelt sich weiter! Das Volumen bleibt zwar gleich, aber du bringst mehr Zeug hinein! Wie das geht? Mit einer besseren Verteilung des Stauraumes, vor allem am Boden des Rucksacks.<\/p>\n<p><strong>Ansonsten bleiben die smarten Features nat\u00fcrlich wie gehabt:<\/strong><br \/>\nBreiter H\u00fcftgurt, h\u00f6henverstellbarer Brustgurt und Compression Straps, um das Gewicht n\u00e4her an den R\u00fccken zu bringen.<\/p>\n<p>Zwei gro\u00dfe, elastische Taschen am H\u00fcftgurt nehmen alles auf, was schnell parat sein soll.<\/p>\n<p>Schulter- und H\u00fcftgurt lassen sich so verstauen, dass der Comfort Bag zu einer praktischen Reisetasche wird.<\/p>\n<p><strong>Gr\u00f6\u00dfe \/ Gewicht:<\/strong><br \/>\nS = 100 L \/ 1000 g \/ 30x34x67cm Grau \/ Gelb<br \/>\nM = 130 L \/ 1050 g \/ 34x34x77cm Grau \/ Gelb<br \/>\nL = 160 L \/ 1100 g \/ 36x36x93cm Lime \/ Petrol<\/p>\n<p>&nbsp;<\/p>\n<p>Mehr <a href=\"https:\/\/ad-gliders.com\/produkt\/comfort-bag\/\" target=\"_blank\" rel=\"noopener noreferrer\">Info<\/a><\/p>\n<p>Falls dieser Artikel nicht an Lager ist, wird er f\u00fcr dich bestellt. Lieferfrist auf Anfrage.<\/p>\n","protected":false},"excerpt":{"rendered":"<h4>Comfort Bag<\/h4>\n<p>Unser Comfort Bag entwickelt sich weiter! Das Volumen bleibt zwar gleich, aber du bringst mehr Zeug hinein! Wie das geht? Mit einer besseren Verteilung des Stauraumes, vor allem am Boden des Rucksacks.<\/p>\n<p><strong>Ansonsten bleiben die smarten Features nat\u00fcrlich wie gehabt:<\/strong><br \/>\nBreiter H\u00fcftgurt, h\u00f6henverstellbarer Brustgurt und Compression Straps, um das Gewicht n\u00e4her an den R\u00fccken zu bringen.<\/p>\n<p>Zwei gro\u00dfe, elastische Taschen am H\u00fcftgurt nehmen alles auf, was schnell parat sein soll.<\/p>\n<p>Schulter- und H\u00fcftgurt lassen sich so verstauen, dass der Comfort Bag zu einer praktischen Reisetasche wird.<\/p>\n<p><strong>Gr\u00f6\u00dfe \/ Gewicht:<\/strong><br \/>\nS = 100 L \/ 1000 g \/ 30x34x67cm Grau \/ Gelb<br \/>\nM = 130 L \/ 1050 g \/ 34x34x77cm Grau \/ Gelb<br \/>\nL = 160 L \/ 1100 g \/ 36x36x93cm Lime \/ Petrol<\/p>\n<p>&nbsp;<\/p>\n<p>Mehr <a href=\"https:\/\/ad-gliders.com\/produkt\/comfort-bag\/\" target=\"_blank\" rel=\"noopener noreferrer\">Info<\/a><\/p>\n<p>Falls dieser Artikel nicht an Lager ist, wird er f\u00fcr dich bestellt. Lieferfrist auf Anfrage.<\/p>\n","protected":false},"featured_media":13978,"comment_status":"closed","ping_status":"closed","template":"","meta":[],"product_brand":[],"product_cat":[2072],"product_tag":[2210,90],"class_list":{"0":"post-13973","1":"product","2":"type-product","3":"status-publish","4":"has-post-thumbnail","6":"product_cat-gleitschirm-rucksaecke","7":"product_tag-rucksack","8":"product_tag-verkaufsartikel","9":"product_shipping_class-priority-2kg-de","11":"first","12":"instock","13":"sale","14":"shipping-taxable","15":"purchasable","16":"product-type-variable"},"yoast_head":"<!-- This site is optimized with the Yoast SEO Premium plugin v26.1 (Yoast SEO v27.3) - https:\/\/yoast.com\/product\/yoast-seo-premium-wordpress\/ -->\n<title>AirDesign Rucksack Comfort Bag | Gleitschirmschule Thun, Bern, Interlaken<\/title>\n<meta name=\"description\" content=\"Air Design Rucksack Comfort Bag Schulter- und H\u00fcftgurt lassen sich so verstauen dass der Comfort Bag zu einer praktischen Reisetasche wird. Breiter H\u00fcftgurt, h\u00f6henverstellbarer Brustgurt und Compression Straps, um das Gewicht n\u00e4her an den R\u00fccken zu bringen.Zwei gro\u00dfe, elastische Taschen am H\u00fcftgurt nehmen alles auf, was schnell parat sein soll.\" \/>\n<meta name=\"robots\" content=\"index, follow, max-snippet:-1, max-image-preview:large, max-video-preview:-1\" \/>\n<link rel=\"canonical\" href=\"https:\/\/swissgliders.ch\/de\/produkt\/airdesign-rucksack-comfort-bag\/\" \/>\n<meta property=\"og:locale\" content=\"de_DE\" \/>\n<meta property=\"og:type\" content=\"article\" \/>\n<meta property=\"og:title\" content=\"AirDesign Rucksack Comfort Bag\" \/>\n<meta property=\"og:description\" content=\"Air Design Rucksack Comfort Bag Schulter- und H\u00fcftgurt lassen sich so verstauen dass der Comfort Bag zu einer praktischen Reisetasche wird. Breiter H\u00fcftgurt, h\u00f6henverstellbarer Brustgurt und Compression Straps, um das Gewicht n\u00e4her an den R\u00fccken zu bringen.Zwei gro\u00dfe, elastische Taschen am H\u00fcftgurt nehmen alles auf, was schnell parat sein soll.\" \/>\n<meta property=\"og:url\" content=\"https:\/\/swissgliders.ch\/de\/produkt\/airdesign-rucksack-comfort-bag\/\" \/>\n<meta property=\"og:site_name\" content=\"Gleitschirmschule Thun, Bern, Interlaken\" \/>\n<meta property=\"article:publisher\" content=\"https:\/\/www.facebook.com\/swissgliders\" \/>\n<meta property=\"article:modified_time\" content=\"2024-08-21T15:17:50+00:00\" \/>\n<meta property=\"og:image\" content=\"https:\/\/swissgliders.ch\/wp-content\/uploads\/2024\/08\/AD_Rucksack_Comfort-Bag-1.jpg\" \/>\n\t<meta property=\"og:image:width\" content=\"1600\" \/>\n\t<meta property=\"og:image:height\" content=\"1364\" \/>\n\t<meta property=\"og:image:type\" content=\"image\/jpeg\" \/>\n<meta name=\"twitter:card\" content=\"summary_large_image\" \/>\n<meta name=\"twitter:site\" content=\"@Swissgliders\" \/>\n<meta name=\"twitter:label1\" content=\"Verf\u00fcgbarkeit\" \/>\n\t<meta name=\"twitter:data1\" content=\"Auf Lager\" \/>\n<script type=\"application\/ld+json\" class=\"yoast-schema-graph\">{\"@context\":\"https:\\\/\\\/schema.org\",\"@graph\":[{\"@type\":\"WebPage\",\"@id\":\"https:\\\/\\\/swissgliders.ch\\\/de\\\/produkt\\\/airdesign-rucksack-comfort-bag\\\/\",\"url\":\"https:\\\/\\\/swissgliders.ch\\\/de\\\/produkt\\\/airdesign-rucksack-comfort-bag\\\/\",\"name\":\"AirDesign Rucksack Comfort Bag | Gleitschirmschule Thun, Bern, Interlaken\",\"isPartOf\":{\"@id\":\"https:\\\/\\\/swissgliders.ch\\\/de\\\/#website\"},\"primaryImageOfPage\":{\"@id\":\"https:\\\/\\\/swissgliders.ch\\\/de\\\/produkt\\\/airdesign-rucksack-comfort-bag\\\/#primaryimage\"},\"image\":{\"@id\":\"https:\\\/\\\/swissgliders.ch\\\/de\\\/produkt\\\/airdesign-rucksack-comfort-bag\\\/#primaryimage\"},\"thumbnailUrl\":\"https:\\\/\\\/swissgliders.ch\\\/wp-content\\\/uploads\\\/2024\\\/08\\\/AD_Rucksack_Comfort-Bag-1.jpg\",\"datePublished\":\"2024-08-21T15:02:16+00:00\",\"dateModified\":\"2024-08-21T15:17:50+00:00\",\"description\":\"Air Design Rucksack Comfort Bag Schulter- und H\u00fcftgurt lassen sich so verstauen dass der Comfort Bag zu einer praktischen Reisetasche wird. Breiter H\u00fcftgurt, h\u00f6henverstellbarer Brustgurt und Compression Straps, um das Gewicht n\u00e4her an den R\u00fccken zu bringen.Zwei gro\u00dfe, elastische Taschen am H\u00fcftgurt nehmen alles auf, was schnell parat sein soll.\",\"breadcrumb\":{\"@id\":\"https:\\\/\\\/swissgliders.ch\\\/de\\\/produkt\\\/airdesign-rucksack-comfort-bag\\\/#breadcrumb\"},\"inLanguage\":\"de\",\"potentialAction\":[{\"@type\":\"ReadAction\",\"target\":[\"https:\\\/\\\/swissgliders.ch\\\/de\\\/produkt\\\/airdesign-rucksack-comfort-bag\\\/\"]}]},{\"@type\":\"ImageObject\",\"inLanguage\":\"de\",\"@id\":\"https:\\\/\\\/swissgliders.ch\\\/de\\\/produkt\\\/airdesign-rucksack-comfort-bag\\\/#primaryimage\",\"url\":\"https:\\\/\\\/swissgliders.ch\\\/wp-content\\\/uploads\\\/2024\\\/08\\\/AD_Rucksack_Comfort-Bag-1.jpg\",\"contentUrl\":\"https:\\\/\\\/swissgliders.ch\\\/wp-content\\\/uploads\\\/2024\\\/08\\\/AD_Rucksack_Comfort-Bag-1.jpg\",\"width\":1600,\"height\":1364,\"caption\":\"AD_Rucksack_Comfort Bag-1\"},{\"@type\":\"BreadcrumbList\",\"@id\":\"https:\\\/\\\/swissgliders.ch\\\/de\\\/produkt\\\/airdesign-rucksack-comfort-bag\\\/#breadcrumb\",\"itemListElement\":[{\"@type\":\"ListItem\",\"position\":1,\"name\":\"Startseite\",\"item\":\"https:\\\/\\\/swissgliders.ch\\\/de\\\/willkommen\\\/\"},{\"@type\":\"ListItem\",\"position\":2,\"name\":\"Gleitschirm Shop\",\"item\":\"https:\\\/\\\/swissgliders.ch\\\/de\\\/gleitschirm-shop\\\/\"},{\"@type\":\"ListItem\",\"position\":3,\"name\":\"AirDesign Rucksack Comfort Bag\"}]},{\"@type\":\"WebSite\",\"@id\":\"https:\\\/\\\/swissgliders.ch\\\/de\\\/#website\",\"url\":\"https:\\\/\\\/swissgliders.ch\\\/de\\\/\",\"name\":\"Gleitschirmschule Thun, Bern, Interlaken\",\"description\":\"Gleitschirmschule Thun, Bern, Interlaken\",\"publisher\":{\"@id\":\"https:\\\/\\\/swissgliders.ch\\\/de\\\/#organization\"},\"potentialAction\":[{\"@type\":\"SearchAction\",\"target\":{\"@type\":\"EntryPoint\",\"urlTemplate\":\"https:\\\/\\\/swissgliders.ch\\\/de\\\/?s={search_term_string}\"},\"query-input\":{\"@type\":\"PropertyValueSpecification\",\"valueRequired\":true,\"valueName\":\"search_term_string\"}}],\"inLanguage\":\"de\"},{\"@type\":\"Organization\",\"@id\":\"https:\\\/\\\/swissgliders.ch\\\/de\\\/#organization\",\"name\":\"Swissgliders Gleitschirmflugschule Thun\",\"url\":\"https:\\\/\\\/swissgliders.ch\\\/de\\\/\",\"logo\":{\"@type\":\"ImageObject\",\"inLanguage\":\"de\",\"@id\":\"https:\\\/\\\/swissgliders.ch\\\/de\\\/#\\\/schema\\\/logo\\\/image\\\/\",\"url\":\"https:\\\/\\\/swissgliders.ch\\\/wp-content\\\/uploads\\\/2019\\\/12\\\/swissgliders-logo-rgb-square-L-no-ch-01.png\",\"contentUrl\":\"https:\\\/\\\/swissgliders.ch\\\/wp-content\\\/uploads\\\/2019\\\/12\\\/swissgliders-logo-rgb-square-L-no-ch-01.png\",\"width\":2500,\"height\":2500,\"caption\":\"Swissgliders Gleitschirmflugschule Thun\"},\"image\":{\"@id\":\"https:\\\/\\\/swissgliders.ch\\\/de\\\/#\\\/schema\\\/logo\\\/image\\\/\"},\"sameAs\":[\"https:\\\/\\\/www.facebook.com\\\/swissgliders\",\"https:\\\/\\\/x.com\\\/Swissgliders\",\"https:\\\/\\\/www.instagram.com\\\/swissgliders\\\/\",\"https:\\\/\\\/www.youtube.com\\\/channel\\\/UCMCtGdepy9vBhrhX3V_oJOA\"],\"hasMerchantReturnPolicy\":{\"@type\":\"MerchantReturnPolicy\",\"merchantReturnLink\":\"https:\\\/\\\/swissgliders.ch\\\/de\\\/allgemeine-geschaftsbedingungen\\\/\"}}]}<\/script>\n<meta property=\"og:availability\" content=\"instock\" \/>\n<meta property=\"product:availability\" content=\"instock\" \/>\n<meta property=\"product:condition\" content=\"new\" \/>\n<!-- \/ Yoast SEO Premium plugin. -->","yoast_head_json":{"title":"AirDesign Rucksack Comfort Bag | Gleitschirmschule Thun, Bern, Interlaken","description":"Air Design Rucksack Comfort Bag Schulter- und H\u00fcftgurt lassen sich so verstauen dass der Comfort Bag zu einer praktischen Reisetasche wird. Breiter H\u00fcftgurt, h\u00f6henverstellbarer Brustgurt und Compression Straps, um das Gewicht n\u00e4her an den R\u00fccken zu bringen.Zwei gro\u00dfe, elastische Taschen am H\u00fcftgurt nehmen alles auf, was schnell parat sein soll.","robots":{"index":"index","follow":"follow","max-snippet":"max-snippet:-1","max-image-preview":"max-image-preview:large","max-video-preview":"max-video-preview:-1"},"canonical":"https:\/\/swissgliders.ch\/de\/produkt\/airdesign-rucksack-comfort-bag\/","og_locale":"de_DE","og_type":"article","og_title":"AirDesign Rucksack Comfort Bag","og_description":"Air Design Rucksack Comfort Bag Schulter- und H\u00fcftgurt lassen sich so verstauen dass der Comfort Bag zu einer praktischen Reisetasche wird. Breiter H\u00fcftgurt, h\u00f6henverstellbarer Brustgurt und Compression Straps, um das Gewicht n\u00e4her an den R\u00fccken zu bringen.Zwei gro\u00dfe, elastische Taschen am H\u00fcftgurt nehmen alles auf, was schnell parat sein soll.","og_url":"https:\/\/swissgliders.ch\/de\/produkt\/airdesign-rucksack-comfort-bag\/","og_site_name":"Gleitschirmschule Thun, Bern, Interlaken","article_publisher":"https:\/\/www.facebook.com\/swissgliders","article_modified_time":"2024-08-21T15:17:50+00:00","og_image":[{"width":1600,"height":1364,"url":"https:\/\/swissgliders.ch\/wp-content\/uploads\/2024\/08\/AD_Rucksack_Comfort-Bag-1.jpg","type":"image\/jpeg"}],"twitter_card":"summary_large_image","twitter_site":"@Swissgliders","twitter_misc":{"Verf\u00fcgbarkeit":"Auf Lager"},"schema":{"@context":"https:\/\/schema.org","@graph":[{"@type":"WebPage","@id":"https:\/\/swissgliders.ch\/de\/produkt\/airdesign-rucksack-comfort-bag\/","url":"https:\/\/swissgliders.ch\/de\/produkt\/airdesign-rucksack-comfort-bag\/","name":"AirDesign Rucksack Comfort Bag | Gleitschirmschule Thun, Bern, Interlaken","isPartOf":{"@id":"https:\/\/swissgliders.ch\/de\/#website"},"primaryImageOfPage":{"@id":"https:\/\/swissgliders.ch\/de\/produkt\/airdesign-rucksack-comfort-bag\/#primaryimage"},"image":{"@id":"https:\/\/swissgliders.ch\/de\/produkt\/airdesign-rucksack-comfort-bag\/#primaryimage"},"thumbnailUrl":"https:\/\/swissgliders.ch\/wp-content\/uploads\/2024\/08\/AD_Rucksack_Comfort-Bag-1.jpg","datePublished":"2024-08-21T15:02:16+00:00","dateModified":"2024-08-21T15:17:50+00:00","description":"Air Design Rucksack Comfort Bag Schulter- und H\u00fcftgurt lassen sich so verstauen dass der Comfort Bag zu einer praktischen Reisetasche wird. Breiter H\u00fcftgurt, h\u00f6henverstellbarer Brustgurt und Compression Straps, um das Gewicht n\u00e4her an den R\u00fccken zu bringen.Zwei gro\u00dfe, elastische Taschen am H\u00fcftgurt nehmen alles auf, was schnell parat sein soll.","breadcrumb":{"@id":"https:\/\/swissgliders.ch\/de\/produkt\/airdesign-rucksack-comfort-bag\/#breadcrumb"},"inLanguage":"de","potentialAction":[{"@type":"ReadAction","target":["https:\/\/swissgliders.ch\/de\/produkt\/airdesign-rucksack-comfort-bag\/"]}]},{"@type":"ImageObject","inLanguage":"de","@id":"https:\/\/swissgliders.ch\/de\/produkt\/airdesign-rucksack-comfort-bag\/#primaryimage","url":"https:\/\/swissgliders.ch\/wp-content\/uploads\/2024\/08\/AD_Rucksack_Comfort-Bag-1.jpg","contentUrl":"https:\/\/swissgliders.ch\/wp-content\/uploads\/2024\/08\/AD_Rucksack_Comfort-Bag-1.jpg","width":1600,"height":1364,"caption":"AD_Rucksack_Comfort Bag-1"},{"@type":"BreadcrumbList","@id":"https:\/\/swissgliders.ch\/de\/produkt\/airdesign-rucksack-comfort-bag\/#breadcrumb","itemListElement":[{"@type":"ListItem","position":1,"name":"Startseite","item":"https:\/\/swissgliders.ch\/de\/willkommen\/"},{"@type":"ListItem","position":2,"name":"Gleitschirm Shop","item":"https:\/\/swissgliders.ch\/de\/gleitschirm-shop\/"},{"@type":"ListItem","position":3,"name":"AirDesign Rucksack Comfort Bag"}]},{"@type":"WebSite","@id":"https:\/\/swissgliders.ch\/de\/#website","url":"https:\/\/swissgliders.ch\/de\/","name":"Gleitschirmschule Thun, Bern, Interlaken","description":"Gleitschirmschule Thun, Bern, Interlaken","publisher":{"@id":"https:\/\/swissgliders.ch\/de\/#organization"},"potentialAction":[{"@type":"SearchAction","target":{"@type":"EntryPoint","urlTemplate":"https:\/\/swissgliders.ch\/de\/?s={search_term_string}"},"query-input":{"@type":"PropertyValueSpecification","valueRequired":true,"valueName":"search_term_string"}}],"inLanguage":"de"},{"@type":"Organization","@id":"https:\/\/swissgliders.ch\/de\/#organization","name":"Swissgliders Gleitschirmflugschule Thun","url":"https:\/\/swissgliders.ch\/de\/","logo":{"@type":"ImageObject","inLanguage":"de","@id":"https:\/\/swissgliders.ch\/de\/#\/schema\/logo\/image\/","url":"https:\/\/swissgliders.ch\/wp-content\/uploads\/2019\/12\/swissgliders-logo-rgb-square-L-no-ch-01.png","contentUrl":"https:\/\/swissgliders.ch\/wp-content\/uploads\/2019\/12\/swissgliders-logo-rgb-square-L-no-ch-01.png","width":2500,"height":2500,"caption":"Swissgliders Gleitschirmflugschule Thun"},"image":{"@id":"https:\/\/swissgliders.ch\/de\/#\/schema\/logo\/image\/"},"sameAs":["https:\/\/www.facebook.com\/swissgliders","https:\/\/x.com\/Swissgliders","https:\/\/www.instagram.com\/swissgliders\/","https:\/\/www.youtube.com\/channel\/UCMCtGdepy9vBhrhX3V_oJOA"],"hasMerchantReturnPolicy":{"@type":"MerchantReturnPolicy","merchantReturnLink":"https:\/\/swissgliders.ch\/de\/allgemeine-geschaftsbedingungen\/"}}]},"og_availability":"instock","product_availability":"instock","product_condition":"new"},"_links":{"self":[{"href":"https:\/\/swissgliders.ch\/de\/wp-json\/wp\/v2\/product\/13973","targetHints":{"allow":["GET"]}}],"collection":[{"href":"https:\/\/swissgliders.ch\/de\/wp-json\/wp\/v2\/product"}],"about":[{"href":"https:\/\/swissgliders.ch\/de\/wp-json\/wp\/v2\/types\/product"}],"replies":[{"embeddable":true,"href":"https:\/\/swissgliders.ch\/de\/wp-json\/wp\/v2\/comments?post=13973"}],"wp:featuredmedia":[{"embeddable":true,"href":"https:\/\/swissgliders.ch\/de\/wp-json\/wp\/v2\/media\/13978"}],"wp:attachment":[{"href":"https:\/\/swissgliders.ch\/de\/wp-json\/wp\/v2\/media?parent=13973"}],"wp:term":[{"taxonomy":"product_brand","embeddable":true,"href":"https:\/\/swissgliders.ch\/de\/wp-json\/wp\/v2\/product_brand?post=13973"},{"taxonomy":"product_cat","embeddable":true,"href":"https:\/\/swissgliders.ch\/de\/wp-json\/wp\/v2\/product_cat?post=13973"},{"taxonomy":"product_tag","embeddable":true,"href":"https:\/\/swissgliders.ch\/de\/wp-json\/wp\/v2\/product_tag?post=13973"}],"curies":[{"name":"wp","href":"https:\/\/api.w.org\/{rel}","templated":true}]}}