{"id":13995,"date":"2024-08-21T16:18:17","date_gmt":"2024-08-21T15:18:17","guid":{"rendered":"https:\/\/swissgliders.ch\/?post_type=product&#038;p=13995"},"modified":"2024-08-22T08:34:15","modified_gmt":"2024-08-22T07:34:15","slug":"airdesign-packsack-airpack","status":"publish","type":"product","link":"https:\/\/swissgliders.ch\/de\/produkt\/airdesign-packsack-airpack\/","title":{"rendered":"AirDesign Packsack AirPack"},"content":{"rendered":"<h3>AirPack<\/h3>\n<p>Paragleiter der neuen Generation sollten nach dem Ziehharmonika-Prinzip gepackt werden. Der AirPack wurde so konstruiert, dass dein Gleitschirm einfach darin zu verstauen ist, und um ihm eine l\u00e4ngere Lebensdauer zu gew\u00e4hren. Auf beiden Seiten befinden sich eingen\u00e4hte Netzteile f\u00fcr eine optimale Bel\u00fcftung. Der AirPack ist mit einem Zwei-Wege-Rei\u00dfverschluss zum \u00d6ffnen und Schlie\u00dfen in beide Richtungen ausgestattet. F\u00fcr die Tragegurte ist eine Tasche im Inneren des Packsacks verbaut. Das Kompressionsband ist angen\u00e4ht, damit es stets griffbereit ist und nicht verloren gehen kann.<\/p>\n<p><strong>Es gibt drei Gr\u00f6\u00dfen, je nach Fl\u00fcgeltiefe:<\/strong><\/p>\n<p>S (520 g) = max. Fl\u00fcgeltiefe von 250 cm \u2013 geeignet f\u00fcr Schirme mit hoher Streckung oder die Gr\u00f6\u00dfen XXS und XS von \u201eklassischen\u201c Schirmen<br \/>\nM (570 g) = max. Fl\u00fcgeltiefe von 270 cm \u2013 geeignet f\u00fcr alle Schirme von S bis M<br \/>\nL (600 g) = max. Fl\u00fcgeltiefe von 290 cm \u2013 bestens geeignet f\u00fcr die Gr\u00f6\u00dfen L bis XL<\/p>\n<p>&nbsp;<\/p>\n<p>Mehr <a href=\"https:\/\/ad-gliders.com\/produkt\/airpack\/\" target=\"_blank\" rel=\"noopener noreferrer\">Info<\/a><\/p>\n<p>Falls dieser Artikel nicht an Lager ist, wird er f\u00fcr dich bestellt. Lieferfrist auf Anfrage.<\/p>\n","protected":false},"excerpt":{"rendered":"<h3>AirPack<\/h3>\n<p>Paragleiter der neuen Generation sollten nach dem Ziehharmonika-Prinzip gepackt werden. Der AirPack wurde so konstruiert, dass dein Gleitschirm einfach darin zu verstauen ist, und um ihm eine l\u00e4ngere Lebensdauer zu gew\u00e4hren. Auf beiden Seiten befinden sich eingen\u00e4hte Netzteile f\u00fcr eine optimale Bel\u00fcftung. Der AirPack ist mit einem Zwei-Wege-Rei\u00dfverschluss zum \u00d6ffnen und Schlie\u00dfen in beide Richtungen ausgestattet. F\u00fcr die Tragegurte ist eine Tasche im Inneren des Packsacks verbaut. Das Kompressionsband ist angen\u00e4ht, damit es stets griffbereit ist und nicht verloren gehen kann.<\/p>\n<p><strong>Es gibt drei Gr\u00f6\u00dfen, je nach Fl\u00fcgeltiefe:<\/strong><\/p>\n<p>S (520 g) = max. Fl\u00fcgeltiefe von 250 cm \u2013 geeignet f\u00fcr Schirme mit hoher Streckung oder die Gr\u00f6\u00dfen XXS und XS von \u201eklassischen\u201c Schirmen<br \/>\nM (570 g) = max. Fl\u00fcgeltiefe von 270 cm \u2013 geeignet f\u00fcr alle Schirme von S bis M<br \/>\nL (600 g) = max. Fl\u00fcgeltiefe von 290 cm \u2013 bestens geeignet f\u00fcr die Gr\u00f6\u00dfen L bis XL<\/p>\n<p>&nbsp;<\/p>\n<p>Mehr <a href=\"https:\/\/ad-gliders.com\/produkt\/airpack\/\" target=\"_blank\" rel=\"noopener noreferrer\">Info<\/a><\/p>\n<p>Falls dieser Artikel nicht an Lager ist, wird er f\u00fcr dich bestellt. Lieferfrist auf Anfrage.<\/p>\n","protected":false},"featured_media":14000,"comment_status":"closed","ping_status":"closed","template":"","meta":[],"product_brand":[],"product_cat":[2076],"product_tag":[2077],"class_list":{"0":"post-13995","1":"product","2":"type-product","3":"status-publish","4":"has-post-thumbnail","6":"product_cat-gleitschirm-packsaecke","7":"product_tag-packsack","8":"product_shipping_class-priority-2kg-de","10":"first","11":"instock","12":"shipping-taxable","13":"purchasable","14":"product-type-variable"},"yoast_head":"<!-- This site is optimized with the Yoast SEO Premium plugin v26.1 (Yoast SEO v27.3) - https:\/\/yoast.com\/product\/yoast-seo-premium-wordpress\/ -->\n<title>AirDesign Packsack AirPack | Gleitschirmschule Thun, Bern, Interlaken<\/title>\n<meta name=\"description\" content=\"Der AirDesign Packsack AirPack wurde so konstruiert dass dein Gleitschirm einfach darin zu verstauen ist und um ihm eine l\u00e4ngere Lebensdauer zu gew\u00e4hren. Auf beiden Seiten befinden sich eingen\u00e4hte Netzteile f\u00fcr eine optimale Bel\u00fcftung. Der AirPack ist mit einem Zwei-Wege-Rei\u00dfverschluss zum \u00d6ffnen und Schlie\u00dfen in beide Richtungen ausgestattet. F\u00fcr die Tragegurte ist eine Tasche im Inneren des Packsacks verbaut. Das Kompressionsband ist angen\u00e4ht, damit es stets griffbereit ist und nicht verloren gehen kann. Paragleiter der neuen Generation sollten nach dem Ziehharmonika-Prinzip gepackt werden.\" \/>\n<meta name=\"robots\" content=\"index, follow, max-snippet:-1, max-image-preview:large, max-video-preview:-1\" \/>\n<link rel=\"canonical\" href=\"https:\/\/swissgliders.ch\/de\/produkt\/airdesign-packsack-airpack\/\" \/>\n<meta property=\"og:locale\" content=\"de_DE\" \/>\n<meta property=\"og:type\" content=\"article\" \/>\n<meta property=\"og:title\" content=\"AirDesign Packsack AirPack\" \/>\n<meta property=\"og:description\" content=\"Der AirDesign Packsack AirPack wurde so konstruiert dass dein Gleitschirm einfach darin zu verstauen ist und um ihm eine l\u00e4ngere Lebensdauer zu gew\u00e4hren. Auf beiden Seiten befinden sich eingen\u00e4hte Netzteile f\u00fcr eine optimale Bel\u00fcftung. Der AirPack ist mit einem Zwei-Wege-Rei\u00dfverschluss zum \u00d6ffnen und Schlie\u00dfen in beide Richtungen ausgestattet. F\u00fcr die Tragegurte ist eine Tasche im Inneren des Packsacks verbaut. Das Kompressionsband ist angen\u00e4ht, damit es stets griffbereit ist und nicht verloren gehen kann. Paragleiter der neuen Generation sollten nach dem Ziehharmonika-Prinzip gepackt werden.\" \/>\n<meta property=\"og:url\" content=\"https:\/\/swissgliders.ch\/de\/produkt\/airdesign-packsack-airpack\/\" \/>\n<meta property=\"og:site_name\" content=\"Gleitschirmschule Thun, Bern, Interlaken\" \/>\n<meta property=\"article:publisher\" content=\"https:\/\/www.facebook.com\/swissgliders\" \/>\n<meta property=\"article:modified_time\" content=\"2024-08-22T07:34:15+00:00\" \/>\n<meta property=\"og:image\" content=\"https:\/\/swissgliders.ch\/wp-content\/uploads\/2024\/08\/AD_Packsack_AirPack-1.jpg\" \/>\n\t<meta property=\"og:image:width\" content=\"1600\" \/>\n\t<meta property=\"og:image:height\" content=\"1600\" \/>\n\t<meta property=\"og:image:type\" content=\"image\/jpeg\" \/>\n<meta name=\"twitter:card\" content=\"summary_large_image\" \/>\n<meta name=\"twitter:site\" content=\"@Swissgliders\" \/>\n<meta name=\"twitter:label1\" content=\"Verf\u00fcgbarkeit\" \/>\n\t<meta name=\"twitter:data1\" content=\"Auf Lager\" \/>\n<script type=\"application\/ld+json\" class=\"yoast-schema-graph\">{\"@context\":\"https:\\\/\\\/schema.org\",\"@graph\":[{\"@type\":\"WebPage\",\"@id\":\"https:\\\/\\\/swissgliders.ch\\\/de\\\/produkt\\\/airdesign-packsack-airpack\\\/\",\"url\":\"https:\\\/\\\/swissgliders.ch\\\/de\\\/produkt\\\/airdesign-packsack-airpack\\\/\",\"name\":\"AirDesign Packsack AirPack | Gleitschirmschule Thun, Bern, Interlaken\",\"isPartOf\":{\"@id\":\"https:\\\/\\\/swissgliders.ch\\\/de\\\/#website\"},\"primaryImageOfPage\":{\"@id\":\"https:\\\/\\\/swissgliders.ch\\\/de\\\/produkt\\\/airdesign-packsack-airpack\\\/#primaryimage\"},\"image\":{\"@id\":\"https:\\\/\\\/swissgliders.ch\\\/de\\\/produkt\\\/airdesign-packsack-airpack\\\/#primaryimage\"},\"thumbnailUrl\":\"https:\\\/\\\/swissgliders.ch\\\/wp-content\\\/uploads\\\/2024\\\/08\\\/AD_Packsack_AirPack-1.jpg\",\"datePublished\":\"2024-08-21T15:18:17+00:00\",\"dateModified\":\"2024-08-22T07:34:15+00:00\",\"description\":\"Der AirDesign Packsack AirPack wurde so konstruiert dass dein Gleitschirm einfach darin zu verstauen ist und um ihm eine l\u00e4ngere Lebensdauer zu gew\u00e4hren. Auf beiden Seiten befinden sich eingen\u00e4hte Netzteile f\u00fcr eine optimale Bel\u00fcftung. Der AirPack ist mit einem Zwei-Wege-Rei\u00dfverschluss zum \u00d6ffnen und Schlie\u00dfen in beide Richtungen ausgestattet. F\u00fcr die Tragegurte ist eine Tasche im Inneren des Packsacks verbaut. Das Kompressionsband ist angen\u00e4ht, damit es stets griffbereit ist und nicht verloren gehen kann. Paragleiter der neuen Generation sollten nach dem Ziehharmonika-Prinzip gepackt werden.\",\"breadcrumb\":{\"@id\":\"https:\\\/\\\/swissgliders.ch\\\/de\\\/produkt\\\/airdesign-packsack-airpack\\\/#breadcrumb\"},\"inLanguage\":\"de\",\"potentialAction\":[{\"@type\":\"ReadAction\",\"target\":[\"https:\\\/\\\/swissgliders.ch\\\/de\\\/produkt\\\/airdesign-packsack-airpack\\\/\"]}]},{\"@type\":\"ImageObject\",\"inLanguage\":\"de\",\"@id\":\"https:\\\/\\\/swissgliders.ch\\\/de\\\/produkt\\\/airdesign-packsack-airpack\\\/#primaryimage\",\"url\":\"https:\\\/\\\/swissgliders.ch\\\/wp-content\\\/uploads\\\/2024\\\/08\\\/AD_Packsack_AirPack-1.jpg\",\"contentUrl\":\"https:\\\/\\\/swissgliders.ch\\\/wp-content\\\/uploads\\\/2024\\\/08\\\/AD_Packsack_AirPack-1.jpg\",\"width\":1600,\"height\":1600,\"caption\":\"AD_Packsack_AirPack-1\"},{\"@type\":\"BreadcrumbList\",\"@id\":\"https:\\\/\\\/swissgliders.ch\\\/de\\\/produkt\\\/airdesign-packsack-airpack\\\/#breadcrumb\",\"itemListElement\":[{\"@type\":\"ListItem\",\"position\":1,\"name\":\"Startseite\",\"item\":\"https:\\\/\\\/swissgliders.ch\\\/de\\\/willkommen\\\/\"},{\"@type\":\"ListItem\",\"position\":2,\"name\":\"Gleitschirm Shop\",\"item\":\"https:\\\/\\\/swissgliders.ch\\\/de\\\/gleitschirm-shop\\\/\"},{\"@type\":\"ListItem\",\"position\":3,\"name\":\"AirDesign Packsack AirPack\"}]},{\"@type\":\"WebSite\",\"@id\":\"https:\\\/\\\/swissgliders.ch\\\/de\\\/#website\",\"url\":\"https:\\\/\\\/swissgliders.ch\\\/de\\\/\",\"name\":\"Gleitschirmschule Thun, Bern, Interlaken\",\"description\":\"Gleitschirmschule Thun, Bern, Interlaken\",\"publisher\":{\"@id\":\"https:\\\/\\\/swissgliders.ch\\\/de\\\/#organization\"},\"potentialAction\":[{\"@type\":\"SearchAction\",\"target\":{\"@type\":\"EntryPoint\",\"urlTemplate\":\"https:\\\/\\\/swissgliders.ch\\\/de\\\/?s={search_term_string}\"},\"query-input\":{\"@type\":\"PropertyValueSpecification\",\"valueRequired\":true,\"valueName\":\"search_term_string\"}}],\"inLanguage\":\"de\"},{\"@type\":\"Organization\",\"@id\":\"https:\\\/\\\/swissgliders.ch\\\/de\\\/#organization\",\"name\":\"Swissgliders Gleitschirmflugschule Thun\",\"url\":\"https:\\\/\\\/swissgliders.ch\\\/de\\\/\",\"logo\":{\"@type\":\"ImageObject\",\"inLanguage\":\"de\",\"@id\":\"https:\\\/\\\/swissgliders.ch\\\/de\\\/#\\\/schema\\\/logo\\\/image\\\/\",\"url\":\"https:\\\/\\\/swissgliders.ch\\\/wp-content\\\/uploads\\\/2019\\\/12\\\/swissgliders-logo-rgb-square-L-no-ch-01.png\",\"contentUrl\":\"https:\\\/\\\/swissgliders.ch\\\/wp-content\\\/uploads\\\/2019\\\/12\\\/swissgliders-logo-rgb-square-L-no-ch-01.png\",\"width\":2500,\"height\":2500,\"caption\":\"Swissgliders Gleitschirmflugschule Thun\"},\"image\":{\"@id\":\"https:\\\/\\\/swissgliders.ch\\\/de\\\/#\\\/schema\\\/logo\\\/image\\\/\"},\"sameAs\":[\"https:\\\/\\\/www.facebook.com\\\/swissgliders\",\"https:\\\/\\\/x.com\\\/Swissgliders\",\"https:\\\/\\\/www.instagram.com\\\/swissgliders\\\/\",\"https:\\\/\\\/www.youtube.com\\\/channel\\\/UCMCtGdepy9vBhrhX3V_oJOA\"],\"hasMerchantReturnPolicy\":{\"@type\":\"MerchantReturnPolicy\",\"merchantReturnLink\":\"https:\\\/\\\/swissgliders.ch\\\/de\\\/allgemeine-geschaftsbedingungen\\\/\"}}]}<\/script>\n<meta property=\"og:availability\" content=\"instock\" \/>\n<meta property=\"product:availability\" content=\"instock\" \/>\n<meta property=\"product:condition\" content=\"new\" \/>\n<!-- \/ Yoast SEO Premium plugin. -->","yoast_head_json":{"title":"AirDesign Packsack AirPack | Gleitschirmschule Thun, Bern, Interlaken","description":"Der AirDesign Packsack AirPack wurde so konstruiert dass dein Gleitschirm einfach darin zu verstauen ist und um ihm eine l\u00e4ngere Lebensdauer zu gew\u00e4hren. Auf beiden Seiten befinden sich eingen\u00e4hte Netzteile f\u00fcr eine optimale Bel\u00fcftung. Der AirPack ist mit einem Zwei-Wege-Rei\u00dfverschluss zum \u00d6ffnen und Schlie\u00dfen in beide Richtungen ausgestattet. F\u00fcr die Tragegurte ist eine Tasche im Inneren des Packsacks verbaut. Das Kompressionsband ist angen\u00e4ht, damit es stets griffbereit ist und nicht verloren gehen kann. Paragleiter der neuen Generation sollten nach dem Ziehharmonika-Prinzip gepackt werden.","robots":{"index":"index","follow":"follow","max-snippet":"max-snippet:-1","max-image-preview":"max-image-preview:large","max-video-preview":"max-video-preview:-1"},"canonical":"https:\/\/swissgliders.ch\/de\/produkt\/airdesign-packsack-airpack\/","og_locale":"de_DE","og_type":"article","og_title":"AirDesign Packsack AirPack","og_description":"Der AirDesign Packsack AirPack wurde so konstruiert dass dein Gleitschirm einfach darin zu verstauen ist und um ihm eine l\u00e4ngere Lebensdauer zu gew\u00e4hren. Auf beiden Seiten befinden sich eingen\u00e4hte Netzteile f\u00fcr eine optimale Bel\u00fcftung. Der AirPack ist mit einem Zwei-Wege-Rei\u00dfverschluss zum \u00d6ffnen und Schlie\u00dfen in beide Richtungen ausgestattet. F\u00fcr die Tragegurte ist eine Tasche im Inneren des Packsacks verbaut. Das Kompressionsband ist angen\u00e4ht, damit es stets griffbereit ist und nicht verloren gehen kann. Paragleiter der neuen Generation sollten nach dem Ziehharmonika-Prinzip gepackt werden.","og_url":"https:\/\/swissgliders.ch\/de\/produkt\/airdesign-packsack-airpack\/","og_site_name":"Gleitschirmschule Thun, Bern, Interlaken","article_publisher":"https:\/\/www.facebook.com\/swissgliders","article_modified_time":"2024-08-22T07:34:15+00:00","og_image":[{"width":1600,"height":1600,"url":"https:\/\/swissgliders.ch\/wp-content\/uploads\/2024\/08\/AD_Packsack_AirPack-1.jpg","type":"image\/jpeg"}],"twitter_card":"summary_large_image","twitter_site":"@Swissgliders","twitter_misc":{"Verf\u00fcgbarkeit":"Auf Lager"},"schema":{"@context":"https:\/\/schema.org","@graph":[{"@type":"WebPage","@id":"https:\/\/swissgliders.ch\/de\/produkt\/airdesign-packsack-airpack\/","url":"https:\/\/swissgliders.ch\/de\/produkt\/airdesign-packsack-airpack\/","name":"AirDesign Packsack AirPack | Gleitschirmschule Thun, Bern, Interlaken","isPartOf":{"@id":"https:\/\/swissgliders.ch\/de\/#website"},"primaryImageOfPage":{"@id":"https:\/\/swissgliders.ch\/de\/produkt\/airdesign-packsack-airpack\/#primaryimage"},"image":{"@id":"https:\/\/swissgliders.ch\/de\/produkt\/airdesign-packsack-airpack\/#primaryimage"},"thumbnailUrl":"https:\/\/swissgliders.ch\/wp-content\/uploads\/2024\/08\/AD_Packsack_AirPack-1.jpg","datePublished":"2024-08-21T15:18:17+00:00","dateModified":"2024-08-22T07:34:15+00:00","description":"Der AirDesign Packsack AirPack wurde so konstruiert dass dein Gleitschirm einfach darin zu verstauen ist und um ihm eine l\u00e4ngere Lebensdauer zu gew\u00e4hren. Auf beiden Seiten befinden sich eingen\u00e4hte Netzteile f\u00fcr eine optimale Bel\u00fcftung. Der AirPack ist mit einem Zwei-Wege-Rei\u00dfverschluss zum \u00d6ffnen und Schlie\u00dfen in beide Richtungen ausgestattet. F\u00fcr die Tragegurte ist eine Tasche im Inneren des Packsacks verbaut. Das Kompressionsband ist angen\u00e4ht, damit es stets griffbereit ist und nicht verloren gehen kann. Paragleiter der neuen Generation sollten nach dem Ziehharmonika-Prinzip gepackt werden.","breadcrumb":{"@id":"https:\/\/swissgliders.ch\/de\/produkt\/airdesign-packsack-airpack\/#breadcrumb"},"inLanguage":"de","potentialAction":[{"@type":"ReadAction","target":["https:\/\/swissgliders.ch\/de\/produkt\/airdesign-packsack-airpack\/"]}]},{"@type":"ImageObject","inLanguage":"de","@id":"https:\/\/swissgliders.ch\/de\/produkt\/airdesign-packsack-airpack\/#primaryimage","url":"https:\/\/swissgliders.ch\/wp-content\/uploads\/2024\/08\/AD_Packsack_AirPack-1.jpg","contentUrl":"https:\/\/swissgliders.ch\/wp-content\/uploads\/2024\/08\/AD_Packsack_AirPack-1.jpg","width":1600,"height":1600,"caption":"AD_Packsack_AirPack-1"},{"@type":"BreadcrumbList","@id":"https:\/\/swissgliders.ch\/de\/produkt\/airdesign-packsack-airpack\/#breadcrumb","itemListElement":[{"@type":"ListItem","position":1,"name":"Startseite","item":"https:\/\/swissgliders.ch\/de\/willkommen\/"},{"@type":"ListItem","position":2,"name":"Gleitschirm Shop","item":"https:\/\/swissgliders.ch\/de\/gleitschirm-shop\/"},{"@type":"ListItem","position":3,"name":"AirDesign Packsack AirPack"}]},{"@type":"WebSite","@id":"https:\/\/swissgliders.ch\/de\/#website","url":"https:\/\/swissgliders.ch\/de\/","name":"Gleitschirmschule Thun, Bern, Interlaken","description":"Gleitschirmschule Thun, Bern, Interlaken","publisher":{"@id":"https:\/\/swissgliders.ch\/de\/#organization"},"potentialAction":[{"@type":"SearchAction","target":{"@type":"EntryPoint","urlTemplate":"https:\/\/swissgliders.ch\/de\/?s={search_term_string}"},"query-input":{"@type":"PropertyValueSpecification","valueRequired":true,"valueName":"search_term_string"}}],"inLanguage":"de"},{"@type":"Organization","@id":"https:\/\/swissgliders.ch\/de\/#organization","name":"Swissgliders Gleitschirmflugschule Thun","url":"https:\/\/swissgliders.ch\/de\/","logo":{"@type":"ImageObject","inLanguage":"de","@id":"https:\/\/swissgliders.ch\/de\/#\/schema\/logo\/image\/","url":"https:\/\/swissgliders.ch\/wp-content\/uploads\/2019\/12\/swissgliders-logo-rgb-square-L-no-ch-01.png","contentUrl":"https:\/\/swissgliders.ch\/wp-content\/uploads\/2019\/12\/swissgliders-logo-rgb-square-L-no-ch-01.png","width":2500,"height":2500,"caption":"Swissgliders Gleitschirmflugschule Thun"},"image":{"@id":"https:\/\/swissgliders.ch\/de\/#\/schema\/logo\/image\/"},"sameAs":["https:\/\/www.facebook.com\/swissgliders","https:\/\/x.com\/Swissgliders","https:\/\/www.instagram.com\/swissgliders\/","https:\/\/www.youtube.com\/channel\/UCMCtGdepy9vBhrhX3V_oJOA"],"hasMerchantReturnPolicy":{"@type":"MerchantReturnPolicy","merchantReturnLink":"https:\/\/swissgliders.ch\/de\/allgemeine-geschaftsbedingungen\/"}}]},"og_availability":"instock","product_availability":"instock","product_condition":"new"},"_links":{"self":[{"href":"https:\/\/swissgliders.ch\/de\/wp-json\/wp\/v2\/product\/13995","targetHints":{"allow":["GET"]}}],"collection":[{"href":"https:\/\/swissgliders.ch\/de\/wp-json\/wp\/v2\/product"}],"about":[{"href":"https:\/\/swissgliders.ch\/de\/wp-json\/wp\/v2\/types\/product"}],"replies":[{"embeddable":true,"href":"https:\/\/swissgliders.ch\/de\/wp-json\/wp\/v2\/comments?post=13995"}],"wp:featuredmedia":[{"embeddable":true,"href":"https:\/\/swissgliders.ch\/de\/wp-json\/wp\/v2\/media\/14000"}],"wp:attachment":[{"href":"https:\/\/swissgliders.ch\/de\/wp-json\/wp\/v2\/media?parent=13995"}],"wp:term":[{"taxonomy":"product_brand","embeddable":true,"href":"https:\/\/swissgliders.ch\/de\/wp-json\/wp\/v2\/product_brand?post=13995"},{"taxonomy":"product_cat","embeddable":true,"href":"https:\/\/swissgliders.ch\/de\/wp-json\/wp\/v2\/product_cat?post=13995"},{"taxonomy":"product_tag","embeddable":true,"href":"https:\/\/swissgliders.ch\/de\/wp-json\/wp\/v2\/product_tag?post=13995"}],"curies":[{"name":"wp","href":"https:\/\/api.w.org\/{rel}","templated":true}]}}