{"id":14010,"date":"2024-08-22T08:20:04","date_gmt":"2024-08-22T07:20:04","guid":{"rendered":"https:\/\/swissgliders.ch\/?post_type=product&#038;p=14010"},"modified":"2024-08-22T08:30:06","modified_gmt":"2024-08-22T07:30:06","slug":"airdesign-packsack-airpack-50-50","status":"publish","type":"product","link":"https:\/\/swissgliders.ch\/de\/produkt\/airdesign-packsack-airpack-50-50\/","title":{"rendered":"AirDesign Packsack AirPack 50\/50"},"content":{"rendered":"<h3>Der AirPack 50\/50<\/h3>\n<p>Der AirPack 50\/50 ist gantiert nicht neidisch! Er wird auch jeden Schirm einer anderen Marke gut aufnehmen, solange er keine ganz langen Kunststoffst\u00e4bchen hat, die geknickt werden k\u00f6nnten. Um die passende AirPack-Gr\u00f6\u00dfe herauszufinden, nimm die angegebene L\u00e4nge des AirPack als Basis. Diese verdoppelst du und vergleichst sie mit der Fl\u00fcgeltiefe deines Schirms +\/- 15cm. Beispiel: Die maximale Fl\u00fcgeltiefe deines Schirms ist 2,85m. Dann brauchst du den AirPack M (135 x 2 = 270, mit den 15 cm Toleranz passt er perfekt!).<\/p>\n<p><strong>Verwendung des AirPack 50\/50 \u2013 nomen est omen:<\/strong><br \/>\nDu legst deinen Schirm \u2013 wie gewohnt \u2013 Zelle auf Zelle zusammen. Ein Einfassband hilft dir, den Nasenbereich zu fixieren. Danach faltest du den Schirm in seiner Mitte, damit er in den Packsack passt. Rei\u00dfverschluss zu und nochmals in der Mitte falten, um abschlie\u00dfend mit den Einfassb\u00e4ndern das Volumen zu minimieren.<\/p>\n<p><strong>Gewicht \/ L\u00e4nge<\/strong><br \/>\nXS: 200 g \/ 105 cm<br \/>\nS: 225 g \/ 125 cm<br \/>\nM: 250 g \/ 135 cm<\/p>\n<p><strong>Farbe:\u00a0<\/strong>Lime \/ Petrol<\/p>\n<p>Mehr <a href=\"https:\/\/ad-gliders.com\/produkt\/airpack-50-50\/\" target=\"_blank\" rel=\"noopener noreferrer\">Info<\/a><\/p>\n<p>Falls dieser Artikel nicht an Lager ist, wird er f\u00fcr dich bestellt. Lieferfrist auf Anfrage.<\/p>\n","protected":false},"excerpt":{"rendered":"<h3>Der AirPack 50\/50<\/h3>\n<p>Der AirPack 50\/50 ist gantiert nicht neidisch! Er wird auch jeden Schirm einer anderen Marke gut aufnehmen, solange er keine ganz langen Kunststoffst\u00e4bchen hat, die geknickt werden k\u00f6nnten. Um die passende AirPack-Gr\u00f6\u00dfe herauszufinden, nimm die angegebene L\u00e4nge des AirPack als Basis. Diese verdoppelst du und vergleichst sie mit der Fl\u00fcgeltiefe deines Schirms +\/- 15cm. Beispiel: Die maximale Fl\u00fcgeltiefe deines Schirms ist 2,85m. Dann brauchst du den AirPack M (135 x 2 = 270, mit den 15 cm Toleranz passt er perfekt!).<\/p>\n<p><strong>Verwendung des AirPack 50\/50 \u2013 nomen est omen:<\/strong><br \/>\nDu legst deinen Schirm \u2013 wie gewohnt \u2013 Zelle auf Zelle zusammen. Ein Einfassband hilft dir, den Nasenbereich zu fixieren. Danach faltest du den Schirm in seiner Mitte, damit er in den Packsack passt. Rei\u00dfverschluss zu und nochmals in der Mitte falten, um abschlie\u00dfend mit den Einfassb\u00e4ndern das Volumen zu minimieren.<\/p>\n<p><strong>Gewicht \/ L\u00e4nge<\/strong><br \/>\nXS: 200 g \/ 105 cm<br \/>\nS: 225 g \/ 125 cm<br \/>\nM: 250 g \/ 135 cm<\/p>\n<p><strong>Farbe:\u00a0<\/strong>Lime \/ Petrol<\/p>\n<p>Mehr <a href=\"https:\/\/ad-gliders.com\/produkt\/airpack-50-50\/\" target=\"_blank\" rel=\"noopener noreferrer\">Info<\/a><\/p>\n<p>Falls dieser Artikel nicht an Lager ist, wird er f\u00fcr dich bestellt. Lieferfrist auf Anfrage.<\/p>\n","protected":false},"featured_media":14015,"comment_status":"closed","ping_status":"closed","template":"","meta":[],"product_brand":[],"product_cat":[2076],"product_tag":[2077],"class_list":{"0":"post-14010","1":"product","2":"type-product","3":"status-publish","4":"has-post-thumbnail","6":"product_cat-gleitschirm-packsaecke","7":"product_tag-packsack","8":"product_shipping_class-priority-2kg-de","10":"first","11":"instock","12":"shipping-taxable","13":"purchasable","14":"product-type-variable"},"yoast_head":"<!-- This site is optimized with the Yoast SEO Premium plugin v26.1 (Yoast SEO v27.3) - https:\/\/yoast.com\/product\/yoast-seo-premium-wordpress\/ -->\n<title>AirDesign Packsack AirPack 50\/50 | Gleitschirmschule Thun, Bern, Interlaken<\/title>\n<meta name=\"description\" content=\"Der AirPack 50\/50Der AirPack 50\/50 ist gantiert nicht neidisch! Er wird auch jeden Schirm einer anderen Marke gut aufnehmen, solange er keine ganz langen Kunststoffst\u00e4bchen hat, die geknickt werden k\u00f6nnten. Um die passende AirPack-Gr\u00f6\u00dfe herauszufinden, nimm die angegebene L\u00e4nge des AirPack als Basis. Diese verdoppelst du und vergleichst sie mit der Fl\u00fcgeltiefe deines Schirms +\/- 15cm. Beispiel: Die maximale Fl\u00fcgeltiefe deines Schirms ist 2,85m. Dann brauchst du den AirPack M (135 x 2 = 270, mit den 15 cm Toleranz passt er perfekt!).Verwendung des AirPack 50\/50 \u2013 nomen est omen:Du legst deinen Schirm \u2013 wie gewohnt \u2013 Zelle auf Zelle zusammen. Ein Einfassband hilft dir, den Nasenbereich zu fixieren. Danach faltest du den Schirm in seiner Mitte, damit er in den Packsack passt. Rei\u00dfverschluss zu und nochmals in der Mitte falten, um abschlie\u00dfend mit den Einfassb\u00e4ndern das Volumen zu minimieren.\" \/>\n<meta name=\"robots\" content=\"index, follow, max-snippet:-1, max-image-preview:large, max-video-preview:-1\" \/>\n<link rel=\"canonical\" href=\"https:\/\/swissgliders.ch\/de\/produkt\/airdesign-packsack-airpack-50-50\/\" \/>\n<meta property=\"og:locale\" content=\"de_DE\" \/>\n<meta property=\"og:type\" content=\"article\" \/>\n<meta property=\"og:title\" content=\"AirDesign Packsack AirPack 50\/50\" \/>\n<meta property=\"og:description\" content=\"Der AirPack 50\/50Der AirPack 50\/50 ist gantiert nicht neidisch! Er wird auch jeden Schirm einer anderen Marke gut aufnehmen, solange er keine ganz langen Kunststoffst\u00e4bchen hat, die geknickt werden k\u00f6nnten. Um die passende AirPack-Gr\u00f6\u00dfe herauszufinden, nimm die angegebene L\u00e4nge des AirPack als Basis. Diese verdoppelst du und vergleichst sie mit der Fl\u00fcgeltiefe deines Schirms +\/- 15cm. Beispiel: Die maximale Fl\u00fcgeltiefe deines Schirms ist 2,85m. Dann brauchst du den AirPack M (135 x 2 = 270, mit den 15 cm Toleranz passt er perfekt!).Verwendung des AirPack 50\/50 \u2013 nomen est omen:Du legst deinen Schirm \u2013 wie gewohnt \u2013 Zelle auf Zelle zusammen. Ein Einfassband hilft dir, den Nasenbereich zu fixieren. Danach faltest du den Schirm in seiner Mitte, damit er in den Packsack passt. Rei\u00dfverschluss zu und nochmals in der Mitte falten, um abschlie\u00dfend mit den Einfassb\u00e4ndern das Volumen zu minimieren.\" \/>\n<meta property=\"og:url\" content=\"https:\/\/swissgliders.ch\/de\/produkt\/airdesign-packsack-airpack-50-50\/\" \/>\n<meta property=\"og:site_name\" content=\"Gleitschirmschule Thun, Bern, Interlaken\" \/>\n<meta property=\"article:publisher\" content=\"https:\/\/www.facebook.com\/swissgliders\" \/>\n<meta property=\"article:modified_time\" content=\"2024-08-22T07:30:06+00:00\" \/>\n<meta property=\"og:image\" content=\"https:\/\/swissgliders.ch\/wp-content\/uploads\/2024\/08\/AD_Packsack_AirPack-50-50-1.jpg\" \/>\n\t<meta property=\"og:image:width\" content=\"1600\" \/>\n\t<meta property=\"og:image:height\" content=\"1600\" \/>\n\t<meta property=\"og:image:type\" content=\"image\/jpeg\" \/>\n<meta name=\"twitter:card\" content=\"summary_large_image\" \/>\n<meta name=\"twitter:site\" content=\"@Swissgliders\" \/>\n<meta name=\"twitter:label1\" content=\"Verf\u00fcgbarkeit\" \/>\n\t<meta name=\"twitter:data1\" content=\"Auf Lager\" \/>\n<script type=\"application\/ld+json\" class=\"yoast-schema-graph\">{\"@context\":\"https:\\\/\\\/schema.org\",\"@graph\":[{\"@type\":\"WebPage\",\"@id\":\"https:\\\/\\\/swissgliders.ch\\\/de\\\/produkt\\\/airdesign-packsack-airpack-50-50\\\/\",\"url\":\"https:\\\/\\\/swissgliders.ch\\\/de\\\/produkt\\\/airdesign-packsack-airpack-50-50\\\/\",\"name\":\"AirDesign Packsack AirPack 50\\\/50 | Gleitschirmschule Thun, Bern, Interlaken\",\"isPartOf\":{\"@id\":\"https:\\\/\\\/swissgliders.ch\\\/de\\\/#website\"},\"primaryImageOfPage\":{\"@id\":\"https:\\\/\\\/swissgliders.ch\\\/de\\\/produkt\\\/airdesign-packsack-airpack-50-50\\\/#primaryimage\"},\"image\":{\"@id\":\"https:\\\/\\\/swissgliders.ch\\\/de\\\/produkt\\\/airdesign-packsack-airpack-50-50\\\/#primaryimage\"},\"thumbnailUrl\":\"https:\\\/\\\/swissgliders.ch\\\/wp-content\\\/uploads\\\/2024\\\/08\\\/AD_Packsack_AirPack-50-50-1.jpg\",\"datePublished\":\"2024-08-22T07:20:04+00:00\",\"dateModified\":\"2024-08-22T07:30:06+00:00\",\"description\":\"Der AirPack 50\\\/50Der AirPack 50\\\/50 ist gantiert nicht neidisch! Er wird auch jeden Schirm einer anderen Marke gut aufnehmen, solange er keine ganz langen Kunststoffst\u00e4bchen hat, die geknickt werden k\u00f6nnten. Um die passende AirPack-Gr\u00f6\u00dfe herauszufinden, nimm die angegebene L\u00e4nge des AirPack als Basis. Diese verdoppelst du und vergleichst sie mit der Fl\u00fcgeltiefe deines Schirms +\\\/- 15cm. Beispiel: Die maximale Fl\u00fcgeltiefe deines Schirms ist 2,85m. Dann brauchst du den AirPack M (135 x 2 = 270, mit den 15 cm Toleranz passt er perfekt!).Verwendung des AirPack 50\\\/50 \u2013 nomen est omen:Du legst deinen Schirm \u2013 wie gewohnt \u2013 Zelle auf Zelle zusammen. Ein Einfassband hilft dir, den Nasenbereich zu fixieren. Danach faltest du den Schirm in seiner Mitte, damit er in den Packsack passt. Rei\u00dfverschluss zu und nochmals in der Mitte falten, um abschlie\u00dfend mit den Einfassb\u00e4ndern das Volumen zu minimieren.\",\"breadcrumb\":{\"@id\":\"https:\\\/\\\/swissgliders.ch\\\/de\\\/produkt\\\/airdesign-packsack-airpack-50-50\\\/#breadcrumb\"},\"inLanguage\":\"de\",\"potentialAction\":[{\"@type\":\"ReadAction\",\"target\":[\"https:\\\/\\\/swissgliders.ch\\\/de\\\/produkt\\\/airdesign-packsack-airpack-50-50\\\/\"]}]},{\"@type\":\"ImageObject\",\"inLanguage\":\"de\",\"@id\":\"https:\\\/\\\/swissgliders.ch\\\/de\\\/produkt\\\/airdesign-packsack-airpack-50-50\\\/#primaryimage\",\"url\":\"https:\\\/\\\/swissgliders.ch\\\/wp-content\\\/uploads\\\/2024\\\/08\\\/AD_Packsack_AirPack-50-50-1.jpg\",\"contentUrl\":\"https:\\\/\\\/swissgliders.ch\\\/wp-content\\\/uploads\\\/2024\\\/08\\\/AD_Packsack_AirPack-50-50-1.jpg\",\"width\":1600,\"height\":1600,\"caption\":\"AD_Packsack_AirPack 50-50-1\"},{\"@type\":\"BreadcrumbList\",\"@id\":\"https:\\\/\\\/swissgliders.ch\\\/de\\\/produkt\\\/airdesign-packsack-airpack-50-50\\\/#breadcrumb\",\"itemListElement\":[{\"@type\":\"ListItem\",\"position\":1,\"name\":\"Startseite\",\"item\":\"https:\\\/\\\/swissgliders.ch\\\/de\\\/willkommen\\\/\"},{\"@type\":\"ListItem\",\"position\":2,\"name\":\"Gleitschirm Shop\",\"item\":\"https:\\\/\\\/swissgliders.ch\\\/de\\\/gleitschirm-shop\\\/\"},{\"@type\":\"ListItem\",\"position\":3,\"name\":\"AirDesign Packsack AirPack 50\\\/50\"}]},{\"@type\":\"WebSite\",\"@id\":\"https:\\\/\\\/swissgliders.ch\\\/de\\\/#website\",\"url\":\"https:\\\/\\\/swissgliders.ch\\\/de\\\/\",\"name\":\"Gleitschirmschule Thun, Bern, Interlaken\",\"description\":\"Gleitschirmschule Thun, Bern, Interlaken\",\"publisher\":{\"@id\":\"https:\\\/\\\/swissgliders.ch\\\/de\\\/#organization\"},\"potentialAction\":[{\"@type\":\"SearchAction\",\"target\":{\"@type\":\"EntryPoint\",\"urlTemplate\":\"https:\\\/\\\/swissgliders.ch\\\/de\\\/?s={search_term_string}\"},\"query-input\":{\"@type\":\"PropertyValueSpecification\",\"valueRequired\":true,\"valueName\":\"search_term_string\"}}],\"inLanguage\":\"de\"},{\"@type\":\"Organization\",\"@id\":\"https:\\\/\\\/swissgliders.ch\\\/de\\\/#organization\",\"name\":\"Swissgliders Gleitschirmflugschule Thun\",\"url\":\"https:\\\/\\\/swissgliders.ch\\\/de\\\/\",\"logo\":{\"@type\":\"ImageObject\",\"inLanguage\":\"de\",\"@id\":\"https:\\\/\\\/swissgliders.ch\\\/de\\\/#\\\/schema\\\/logo\\\/image\\\/\",\"url\":\"https:\\\/\\\/swissgliders.ch\\\/wp-content\\\/uploads\\\/2019\\\/12\\\/swissgliders-logo-rgb-square-L-no-ch-01.png\",\"contentUrl\":\"https:\\\/\\\/swissgliders.ch\\\/wp-content\\\/uploads\\\/2019\\\/12\\\/swissgliders-logo-rgb-square-L-no-ch-01.png\",\"width\":2500,\"height\":2500,\"caption\":\"Swissgliders Gleitschirmflugschule Thun\"},\"image\":{\"@id\":\"https:\\\/\\\/swissgliders.ch\\\/de\\\/#\\\/schema\\\/logo\\\/image\\\/\"},\"sameAs\":[\"https:\\\/\\\/www.facebook.com\\\/swissgliders\",\"https:\\\/\\\/x.com\\\/Swissgliders\",\"https:\\\/\\\/www.instagram.com\\\/swissgliders\\\/\",\"https:\\\/\\\/www.youtube.com\\\/channel\\\/UCMCtGdepy9vBhrhX3V_oJOA\"],\"hasMerchantReturnPolicy\":{\"@type\":\"MerchantReturnPolicy\",\"merchantReturnLink\":\"https:\\\/\\\/swissgliders.ch\\\/de\\\/allgemeine-geschaftsbedingungen\\\/\"}}]}<\/script>\n<meta property=\"og:availability\" content=\"instock\" \/>\n<meta property=\"product:availability\" content=\"instock\" \/>\n<meta property=\"product:condition\" content=\"new\" \/>\n<!-- \/ Yoast SEO Premium plugin. -->","yoast_head_json":{"title":"AirDesign Packsack AirPack 50\/50 | Gleitschirmschule Thun, Bern, Interlaken","description":"Der AirPack 50\/50Der AirPack 50\/50 ist gantiert nicht neidisch! Er wird auch jeden Schirm einer anderen Marke gut aufnehmen, solange er keine ganz langen Kunststoffst\u00e4bchen hat, die geknickt werden k\u00f6nnten. Um die passende AirPack-Gr\u00f6\u00dfe herauszufinden, nimm die angegebene L\u00e4nge des AirPack als Basis. Diese verdoppelst du und vergleichst sie mit der Fl\u00fcgeltiefe deines Schirms +\/- 15cm. Beispiel: Die maximale Fl\u00fcgeltiefe deines Schirms ist 2,85m. Dann brauchst du den AirPack M (135 x 2 = 270, mit den 15 cm Toleranz passt er perfekt!).Verwendung des AirPack 50\/50 \u2013 nomen est omen:Du legst deinen Schirm \u2013 wie gewohnt \u2013 Zelle auf Zelle zusammen. Ein Einfassband hilft dir, den Nasenbereich zu fixieren. Danach faltest du den Schirm in seiner Mitte, damit er in den Packsack passt. Rei\u00dfverschluss zu und nochmals in der Mitte falten, um abschlie\u00dfend mit den Einfassb\u00e4ndern das Volumen zu minimieren.","robots":{"index":"index","follow":"follow","max-snippet":"max-snippet:-1","max-image-preview":"max-image-preview:large","max-video-preview":"max-video-preview:-1"},"canonical":"https:\/\/swissgliders.ch\/de\/produkt\/airdesign-packsack-airpack-50-50\/","og_locale":"de_DE","og_type":"article","og_title":"AirDesign Packsack AirPack 50\/50","og_description":"Der AirPack 50\/50Der AirPack 50\/50 ist gantiert nicht neidisch! Er wird auch jeden Schirm einer anderen Marke gut aufnehmen, solange er keine ganz langen Kunststoffst\u00e4bchen hat, die geknickt werden k\u00f6nnten. Um die passende AirPack-Gr\u00f6\u00dfe herauszufinden, nimm die angegebene L\u00e4nge des AirPack als Basis. Diese verdoppelst du und vergleichst sie mit der Fl\u00fcgeltiefe deines Schirms +\/- 15cm. Beispiel: Die maximale Fl\u00fcgeltiefe deines Schirms ist 2,85m. Dann brauchst du den AirPack M (135 x 2 = 270, mit den 15 cm Toleranz passt er perfekt!).Verwendung des AirPack 50\/50 \u2013 nomen est omen:Du legst deinen Schirm \u2013 wie gewohnt \u2013 Zelle auf Zelle zusammen. Ein Einfassband hilft dir, den Nasenbereich zu fixieren. Danach faltest du den Schirm in seiner Mitte, damit er in den Packsack passt. Rei\u00dfverschluss zu und nochmals in der Mitte falten, um abschlie\u00dfend mit den Einfassb\u00e4ndern das Volumen zu minimieren.","og_url":"https:\/\/swissgliders.ch\/de\/produkt\/airdesign-packsack-airpack-50-50\/","og_site_name":"Gleitschirmschule Thun, Bern, Interlaken","article_publisher":"https:\/\/www.facebook.com\/swissgliders","article_modified_time":"2024-08-22T07:30:06+00:00","og_image":[{"width":1600,"height":1600,"url":"https:\/\/swissgliders.ch\/wp-content\/uploads\/2024\/08\/AD_Packsack_AirPack-50-50-1.jpg","type":"image\/jpeg"}],"twitter_card":"summary_large_image","twitter_site":"@Swissgliders","twitter_misc":{"Verf\u00fcgbarkeit":"Auf Lager"},"schema":{"@context":"https:\/\/schema.org","@graph":[{"@type":"WebPage","@id":"https:\/\/swissgliders.ch\/de\/produkt\/airdesign-packsack-airpack-50-50\/","url":"https:\/\/swissgliders.ch\/de\/produkt\/airdesign-packsack-airpack-50-50\/","name":"AirDesign Packsack AirPack 50\/50 | Gleitschirmschule Thun, Bern, Interlaken","isPartOf":{"@id":"https:\/\/swissgliders.ch\/de\/#website"},"primaryImageOfPage":{"@id":"https:\/\/swissgliders.ch\/de\/produkt\/airdesign-packsack-airpack-50-50\/#primaryimage"},"image":{"@id":"https:\/\/swissgliders.ch\/de\/produkt\/airdesign-packsack-airpack-50-50\/#primaryimage"},"thumbnailUrl":"https:\/\/swissgliders.ch\/wp-content\/uploads\/2024\/08\/AD_Packsack_AirPack-50-50-1.jpg","datePublished":"2024-08-22T07:20:04+00:00","dateModified":"2024-08-22T07:30:06+00:00","description":"Der AirPack 50\/50Der AirPack 50\/50 ist gantiert nicht neidisch! Er wird auch jeden Schirm einer anderen Marke gut aufnehmen, solange er keine ganz langen Kunststoffst\u00e4bchen hat, die geknickt werden k\u00f6nnten. Um die passende AirPack-Gr\u00f6\u00dfe herauszufinden, nimm die angegebene L\u00e4nge des AirPack als Basis. Diese verdoppelst du und vergleichst sie mit der Fl\u00fcgeltiefe deines Schirms +\/- 15cm. Beispiel: Die maximale Fl\u00fcgeltiefe deines Schirms ist 2,85m. Dann brauchst du den AirPack M (135 x 2 = 270, mit den 15 cm Toleranz passt er perfekt!).Verwendung des AirPack 50\/50 \u2013 nomen est omen:Du legst deinen Schirm \u2013 wie gewohnt \u2013 Zelle auf Zelle zusammen. Ein Einfassband hilft dir, den Nasenbereich zu fixieren. Danach faltest du den Schirm in seiner Mitte, damit er in den Packsack passt. Rei\u00dfverschluss zu und nochmals in der Mitte falten, um abschlie\u00dfend mit den Einfassb\u00e4ndern das Volumen zu minimieren.","breadcrumb":{"@id":"https:\/\/swissgliders.ch\/de\/produkt\/airdesign-packsack-airpack-50-50\/#breadcrumb"},"inLanguage":"de","potentialAction":[{"@type":"ReadAction","target":["https:\/\/swissgliders.ch\/de\/produkt\/airdesign-packsack-airpack-50-50\/"]}]},{"@type":"ImageObject","inLanguage":"de","@id":"https:\/\/swissgliders.ch\/de\/produkt\/airdesign-packsack-airpack-50-50\/#primaryimage","url":"https:\/\/swissgliders.ch\/wp-content\/uploads\/2024\/08\/AD_Packsack_AirPack-50-50-1.jpg","contentUrl":"https:\/\/swissgliders.ch\/wp-content\/uploads\/2024\/08\/AD_Packsack_AirPack-50-50-1.jpg","width":1600,"height":1600,"caption":"AD_Packsack_AirPack 50-50-1"},{"@type":"BreadcrumbList","@id":"https:\/\/swissgliders.ch\/de\/produkt\/airdesign-packsack-airpack-50-50\/#breadcrumb","itemListElement":[{"@type":"ListItem","position":1,"name":"Startseite","item":"https:\/\/swissgliders.ch\/de\/willkommen\/"},{"@type":"ListItem","position":2,"name":"Gleitschirm Shop","item":"https:\/\/swissgliders.ch\/de\/gleitschirm-shop\/"},{"@type":"ListItem","position":3,"name":"AirDesign Packsack AirPack 50\/50"}]},{"@type":"WebSite","@id":"https:\/\/swissgliders.ch\/de\/#website","url":"https:\/\/swissgliders.ch\/de\/","name":"Gleitschirmschule Thun, Bern, Interlaken","description":"Gleitschirmschule Thun, Bern, Interlaken","publisher":{"@id":"https:\/\/swissgliders.ch\/de\/#organization"},"potentialAction":[{"@type":"SearchAction","target":{"@type":"EntryPoint","urlTemplate":"https:\/\/swissgliders.ch\/de\/?s={search_term_string}"},"query-input":{"@type":"PropertyValueSpecification","valueRequired":true,"valueName":"search_term_string"}}],"inLanguage":"de"},{"@type":"Organization","@id":"https:\/\/swissgliders.ch\/de\/#organization","name":"Swissgliders Gleitschirmflugschule Thun","url":"https:\/\/swissgliders.ch\/de\/","logo":{"@type":"ImageObject","inLanguage":"de","@id":"https:\/\/swissgliders.ch\/de\/#\/schema\/logo\/image\/","url":"https:\/\/swissgliders.ch\/wp-content\/uploads\/2019\/12\/swissgliders-logo-rgb-square-L-no-ch-01.png","contentUrl":"https:\/\/swissgliders.ch\/wp-content\/uploads\/2019\/12\/swissgliders-logo-rgb-square-L-no-ch-01.png","width":2500,"height":2500,"caption":"Swissgliders Gleitschirmflugschule Thun"},"image":{"@id":"https:\/\/swissgliders.ch\/de\/#\/schema\/logo\/image\/"},"sameAs":["https:\/\/www.facebook.com\/swissgliders","https:\/\/x.com\/Swissgliders","https:\/\/www.instagram.com\/swissgliders\/","https:\/\/www.youtube.com\/channel\/UCMCtGdepy9vBhrhX3V_oJOA"],"hasMerchantReturnPolicy":{"@type":"MerchantReturnPolicy","merchantReturnLink":"https:\/\/swissgliders.ch\/de\/allgemeine-geschaftsbedingungen\/"}}]},"og_availability":"instock","product_availability":"instock","product_condition":"new"},"_links":{"self":[{"href":"https:\/\/swissgliders.ch\/de\/wp-json\/wp\/v2\/product\/14010","targetHints":{"allow":["GET"]}}],"collection":[{"href":"https:\/\/swissgliders.ch\/de\/wp-json\/wp\/v2\/product"}],"about":[{"href":"https:\/\/swissgliders.ch\/de\/wp-json\/wp\/v2\/types\/product"}],"replies":[{"embeddable":true,"href":"https:\/\/swissgliders.ch\/de\/wp-json\/wp\/v2\/comments?post=14010"}],"wp:featuredmedia":[{"embeddable":true,"href":"https:\/\/swissgliders.ch\/de\/wp-json\/wp\/v2\/media\/14015"}],"wp:attachment":[{"href":"https:\/\/swissgliders.ch\/de\/wp-json\/wp\/v2\/media?parent=14010"}],"wp:term":[{"taxonomy":"product_brand","embeddable":true,"href":"https:\/\/swissgliders.ch\/de\/wp-json\/wp\/v2\/product_brand?post=14010"},{"taxonomy":"product_cat","embeddable":true,"href":"https:\/\/swissgliders.ch\/de\/wp-json\/wp\/v2\/product_cat?post=14010"},{"taxonomy":"product_tag","embeddable":true,"href":"https:\/\/swissgliders.ch\/de\/wp-json\/wp\/v2\/product_tag?post=14010"}],"curies":[{"name":"wp","href":"https:\/\/api.w.org\/{rel}","templated":true}]}}