{"id":14400,"date":"2024-09-10T15:35:51","date_gmt":"2024-09-10T14:35:51","guid":{"rendered":"https:\/\/swissgliders.ch\/?post_type=product&#038;p=14400"},"modified":"2025-05-24T10:01:43","modified_gmt":"2025-05-24T09:01:43","slug":"neo-rescue-backpack","status":"publish","type":"product","link":"https:\/\/swissgliders.ch\/de\/produkt\/neo-rescue-backpack\/","title":{"rendered":"Neo Rescue Backpack"},"content":{"rendered":"<p><strong>MIT DEM RESCUE BACKPACK BIETET NEO EINE V\u00d6LLIG INNOVATIVE L\u00d6SUNG F\u00dcR HIKE &amp; FLY MIT EINER LEICHTEN TANDEMAUSR\u00dcSTUNG<\/strong><\/p>\n<p><img loading=\"lazy\" decoding=\"async\" class=\"\" src=\"https:\/\/www.neo-paragliders.fr\/web\/image\/product.product\/7309\/image_1024\/Rescue%20Backpack?unique=921ce23\" alt=\"Rescue Backpack\" width=\"528\" height=\"337\" \/><\/p>\n<p><strong>ULTRALEICHTER RUCKSACK-RETTUNGSCONTAINER<\/strong><\/p>\n<p>Der Rettungscontainer ist in einem Rucksack integriert und mit jedem leichten Bergsteigergurtzeug nutzbar.<br \/>\nVor dem Flug setzt sich der Pilot den Rucksack auf, verbindet die Rettungsleinen mit den Spreizen und los geht\u2018s. Beim Wandern kann der Passagier den Rescue-Backpack tragen.<\/p>\n<p><strong>TECHNISCHE DATEN<\/strong><\/p>\n<p>Technische Beschreibung des Produktes<\/p>\n<p><strong>KONZEPT<\/strong><\/p>\n<p>ultraleichter Rucksack-Rettungscontainer<\/p>\n<p><strong>GEWICHT<\/strong><\/p>\n<p>645 g<\/p>\n<p><strong>GEOMETRIE<\/strong><\/p>\n<p>Dreiblattcontainer mit Rei\u00dfverschlu\u00df<\/p>\n<p><strong>GR\u00d6SSEN<\/strong><\/p>\n<p>Einheitsgr\u00f6\u00dfe<\/p>\n<p><strong>VOLUMEN<\/strong><\/p>\n<p>12,6 l<\/p>\n<p><strong>ZERTIFIZIERUNG<\/strong><\/p>\n<p>EN 1651<\/p>\n<p><strong>HAUPTMATERIALIEN<\/strong><\/p>\n<p>Dyneema-Ripstop, Hypalon, PE-Schaum<\/p>\n<p><strong>OPTIONALE KARABINER<\/strong><\/p>\n<p>Schraubkarabiner AUSTRIALPIN Rockit (63g)<br \/>\noder Softlink Dyneema NODUS T-Lock 6 (35g)<\/p>\n<p><strong>OPTIONALES ZUBEH\u00d6R<\/strong><\/p>\n<p>Tandem Dyneema-V-Leine, ovales P\u00e9guet Maillon Rapide<\/p>\n<p><strong>HERSTELLUNG<\/strong><\/p>\n<p>Frankreich<\/p>\n<p><img loading=\"lazy\" decoding=\"async\" class=\"\" src=\"https:\/\/www.neo-paragliders.fr\/web\/image\/10150-bcc8c39d\/NEO_RescueBackpack_Rockit.jpg?access_token=1435d6d2-028d-4b5f-b137-2399133b7757\" width=\"442\" height=\"293\" \/><img loading=\"lazy\" decoding=\"async\" class=\"\" src=\"https:\/\/www.neo-paragliders.fr\/web\/image\/10160-687aff45\/3.svg\" width=\"519\" height=\"292\" \/><\/p>\n<p>&nbsp;<\/p>\n<p><strong>\u201cDen Passagier sicher in die Luft zu bringen und zu landen, bleibt das Anliegen Nummer eins f\u00fcr jeden Tandempiloten. Auch beim Hike &amp; Fly. Deshalb haben wir den Rescue Backpack entwickelt: einen sicheren und effizienten Tandem-Rettungscontainer. Die erweiterten Funktionen in der Wanderversion machen ihn zu einem kompletten und sehr praktischen Produkt!\u201c &#8211; <\/strong><strong>ERIC ROUSSEL <\/strong>R&amp;D-TEAM<\/p>\n<p><strong>IM FLUG<\/strong><\/p>\n<p><img loading=\"lazy\" decoding=\"async\" class=\"\" src=\"https:\/\/www.neo-paragliders.fr\/web\/image\/10140-57a6465c\/neo_fly_grey%20copia.png?access_token=5fba6c89-cfba-4b6a-8a63-333c596ec473\" width=\"359\" height=\"359\" \/><\/p>\n<p>Die V-Leine nebst ultraleichten Softspreizen k\u00f6nnen in der R\u00fcckentasche verstaut werden.<\/p>\n<p>Serienm\u00e4\u00dfig wird eine separate Tasche f\u00fcr die Wanderst\u00f6cke mitgeliefert; diese kann dem Passagier vorne zwischen die Karabiner geh\u00e4ngt werden.<\/p>\n<p><strong>BEIM WANDERN<\/strong><\/p>\n<p><img loading=\"lazy\" decoding=\"async\" class=\"\" src=\"https:\/\/www.neo-paragliders.fr\/web\/image\/10139-a80504f7\/neo_carry_grey.png?access_token=f70e8a8b-4fae-4ec3-95af-e506e5903b90\" width=\"363\" height=\"363\" \/><\/p>\n<p>Die V-Leine nebst ultraleichten Softspreizen k\u00f6nnen in der R\u00fcckentasche verstaut werden.<\/p>\n<p>Ein \u00dcberzug sch\u00fctzt Container und Rettungsgriff.<\/p>\n<p>Der \u00dcberzug ist mit Stockhalterungen ausgestattet.<\/p>\n<p><img loading=\"lazy\" decoding=\"async\" class=\"\" src=\"https:\/\/www.neo-paragliders.fr\/web\/image\/10175-e6512a57\/15_NEO_RescueBackpack_white%20copia.jpg\" width=\"482\" height=\"411\" \/><\/p>\n<p>&nbsp;<\/p>\n<p>Mehr <a href=\"https:\/\/www.neo-paragliders.fr\/de\/shop\/rescue-backpack-1826\">Infos<\/a><\/p>\n<p>Falls dieser Artikel nicht an Lager ist, wird er f\u00fcr dich bestellt. Lieferfrist auf Anfrage.<\/p>\n<p>&nbsp;<\/p>\n","protected":false},"excerpt":{"rendered":"<p><strong>MIT DEM RESCUE BACKPACK BIETET NEO EINE V\u00d6LLIG INNOVATIVE L\u00d6SUNG F\u00dcR HIKE &amp; FLY MIT EINER LEICHTEN TANDEMAUSR\u00dcSTUNG<\/strong><\/p>\n<p><img loading=\"lazy\" decoding=\"async\" class=\"\" src=\"https:\/\/www.neo-paragliders.fr\/web\/image\/product.product\/7309\/image_1024\/Rescue%20Backpack?unique=921ce23\" alt=\"Rescue Backpack\" width=\"528\" height=\"337\" \/><\/p>\n<p><strong>ULTRALEICHTER RUCKSACK-RETTUNGSCONTAINER<\/strong><\/p>\n<p>Der Rettungscontainer ist in einem Rucksack integriert und mit jedem leichten Bergsteigergurtzeug nutzbar.<br \/>\nVor dem Flug setzt sich der Pilot den Rucksack auf, verbindet die Rettungsleinen mit den Spreizen und los geht\u2018s. Beim Wandern kann der Passagier den Rescue-Backpack tragen.<\/p>\n<p><strong>TECHNISCHE DATEN<\/strong><\/p>\n<p>Technische Beschreibung des Produktes<\/p>\n<p><strong>KONZEPT<\/strong><\/p>\n<p>ultraleichter Rucksack-Rettungscontainer<\/p>\n<p><strong>GEWICHT<\/strong><\/p>\n<p>645 g<\/p>\n<p><strong>GEOMETRIE<\/strong><\/p>\n<p>Dreiblattcontainer mit Rei\u00dfverschlu\u00df<\/p>\n<p><strong>GR\u00d6SSEN<\/strong><\/p>\n<p>Einheitsgr\u00f6\u00dfe<\/p>\n<p><strong>VOLUMEN<\/strong><\/p>\n<p>12,6 l<\/p>\n<p><strong>ZERTIFIZIERUNG<\/strong><\/p>\n<p>EN 1651<\/p>\n<p><strong>HAUPTMATERIALIEN<\/strong><\/p>\n<p>Dyneema-Ripstop, Hypalon, PE-Schaum<\/p>\n<p><strong>OPTIONALE KARABINER<\/strong><\/p>\n<p>Schraubkarabiner AUSTRIALPIN Rockit (63g)<br \/>\noder Softlink Dyneema NODUS T-Lock 6 (35g)<\/p>\n<p><strong>OPTIONALES ZUBEH\u00d6R<\/strong><\/p>\n<p>Tandem Dyneema-V-Leine, ovales P\u00e9guet Maillon Rapide<\/p>\n<p><strong>HERSTELLUNG<\/strong><\/p>\n<p>Frankreich<\/p>\n<p><img loading=\"lazy\" decoding=\"async\" class=\"\" src=\"https:\/\/www.neo-paragliders.fr\/web\/image\/10150-bcc8c39d\/NEO_RescueBackpack_Rockit.jpg?access_token=1435d6d2-028d-4b5f-b137-2399133b7757\" width=\"442\" height=\"293\" \/><img loading=\"lazy\" decoding=\"async\" class=\"\" src=\"https:\/\/www.neo-paragliders.fr\/web\/image\/10160-687aff45\/3.svg\" width=\"519\" height=\"292\" \/><\/p>\n<p>&nbsp;<\/p>\n<p><strong>\u201cDen Passagier sicher in die Luft zu bringen und zu landen, bleibt das Anliegen Nummer eins f\u00fcr jeden Tandempiloten. Auch beim Hike &amp; Fly. Deshalb haben wir den Rescue Backpack entwickelt: einen sicheren und effizienten Tandem-Rettungscontainer. Die erweiterten Funktionen in der Wanderversion machen ihn zu einem kompletten und sehr praktischen Produkt!\u201c &#8211; <\/strong><strong>ERIC ROUSSEL <\/strong>R&amp;D-TEAM<\/p>\n<p><strong>IM FLUG<\/strong><\/p>\n<p><img loading=\"lazy\" decoding=\"async\" class=\"\" src=\"https:\/\/www.neo-paragliders.fr\/web\/image\/10140-57a6465c\/neo_fly_grey%20copia.png?access_token=5fba6c89-cfba-4b6a-8a63-333c596ec473\" width=\"359\" height=\"359\" \/><\/p>\n<p>Die V-Leine nebst ultraleichten Softspreizen k\u00f6nnen in der R\u00fcckentasche verstaut werden.<\/p>\n<p>Serienm\u00e4\u00dfig wird eine separate Tasche f\u00fcr die Wanderst\u00f6cke mitgeliefert; diese kann dem Passagier vorne zwischen die Karabiner geh\u00e4ngt werden.<\/p>\n<p><strong>BEIM WANDERN<\/strong><\/p>\n<p><img loading=\"lazy\" decoding=\"async\" class=\"\" src=\"https:\/\/www.neo-paragliders.fr\/web\/image\/10139-a80504f7\/neo_carry_grey.png?access_token=f70e8a8b-4fae-4ec3-95af-e506e5903b90\" width=\"363\" height=\"363\" \/><\/p>\n<p>Die V-Leine nebst ultraleichten Softspreizen k\u00f6nnen in der R\u00fcckentasche verstaut werden.<\/p>\n<p>Ein \u00dcberzug sch\u00fctzt Container und Rettungsgriff.<\/p>\n<p>Der \u00dcberzug ist mit Stockhalterungen ausgestattet.<\/p>\n<p><img loading=\"lazy\" decoding=\"async\" class=\"\" src=\"https:\/\/www.neo-paragliders.fr\/web\/image\/10175-e6512a57\/15_NEO_RescueBackpack_white%20copia.jpg\" width=\"482\" height=\"411\" \/><\/p>\n<p>&nbsp;<\/p>\n<p>Mehr <a href=\"https:\/\/www.neo-paragliders.fr\/de\/shop\/rescue-backpack-1826\">Infos<\/a><\/p>\n<p>Falls dieser Artikel nicht an Lager ist, wird er f\u00fcr dich bestellt. Lieferfrist auf Anfrage.<\/p>\n<p>&nbsp;<\/p>\n","protected":false},"featured_media":14354,"comment_status":"closed","ping_status":"closed","template":"","meta":[],"product_brand":[],"product_cat":[2072],"product_tag":[2210,90],"class_list":{"0":"post-14400","1":"product","2":"type-product","3":"status-publish","4":"has-post-thumbnail","6":"product_cat-gleitschirm-rucksaecke","7":"product_tag-rucksack","8":"product_tag-verkaufsartikel","9":"product_shipping_class-priority-2kg-de","11":"first","12":"instock","13":"sale","14":"shipping-taxable","15":"purchasable","16":"product-type-simple"},"yoast_head":"<!-- This site is optimized with the Yoast SEO Premium plugin v26.1 (Yoast SEO v27.3) - https:\/\/yoast.com\/product\/yoast-seo-premium-wordpress\/ -->\n<title>Neo Rescue Backpack | Gleitschirmschule Thun, Bern, Interlaken<\/title>\n<meta name=\"description\" content=\"MIT DEM RESCUE BACKPACK BIETET NEO EINE V\u00d6LLIG INNOVATIVE L\u00d6SUNG F\u00dcR HIKE &amp; FLY MIT EINER LEICHTEN TANDEMAUSR\u00dcSTUNGULTRALEICHTER RUCKSACK-RETTUNGSCONTAINER Der Rettungscontainer ist in einem Rucksack integriert und mit jedem leichten Bergsteigergurtzeug nutzbar. Vor dem Flug setzt sich der Pilot den Rucksack auf, verbindet die Rettungsleinen mit den Spreizen und los geht\u2018s. Beim Wandern kann der Passagier den Rescue-Backpack tragen.\" \/>\n<meta name=\"robots\" content=\"index, follow, max-snippet:-1, max-image-preview:large, max-video-preview:-1\" \/>\n<link rel=\"canonical\" href=\"https:\/\/swissgliders.ch\/de\/produkt\/neo-rescue-backpack\/\" \/>\n<meta property=\"og:locale\" content=\"de_DE\" \/>\n<meta property=\"og:type\" content=\"article\" \/>\n<meta property=\"og:title\" content=\"Neo Rescue Backpack\" \/>\n<meta property=\"og:description\" content=\"MIT DEM RESCUE BACKPACK BIETET NEO EINE V\u00d6LLIG INNOVATIVE L\u00d6SUNG F\u00dcR HIKE &amp; FLY MIT EINER LEICHTEN TANDEMAUSR\u00dcSTUNGULTRALEICHTER RUCKSACK-RETTUNGSCONTAINER Der Rettungscontainer ist in einem Rucksack integriert und mit jedem leichten Bergsteigergurtzeug nutzbar. Vor dem Flug setzt sich der Pilot den Rucksack auf, verbindet die Rettungsleinen mit den Spreizen und los geht\u2018s. Beim Wandern kann der Passagier den Rescue-Backpack tragen.\" \/>\n<meta property=\"og:url\" content=\"https:\/\/swissgliders.ch\/de\/produkt\/neo-rescue-backpack\/\" \/>\n<meta property=\"og:site_name\" content=\"Gleitschirmschule Thun, Bern, Interlaken\" \/>\n<meta property=\"article:publisher\" content=\"https:\/\/www.facebook.com\/swissgliders\" \/>\n<meta property=\"article:modified_time\" content=\"2025-05-24T09:01:43+00:00\" \/>\n<meta property=\"og:image\" content=\"https:\/\/swissgliders.ch\/wp-content\/uploads\/2024\/09\/Neo_Rucksack_Rescue-Backpack-2.png\" \/>\n\t<meta property=\"og:image:width\" content=\"690\" \/>\n\t<meta property=\"og:image:height\" content=\"690\" \/>\n\t<meta property=\"og:image:type\" content=\"image\/png\" \/>\n<meta name=\"twitter:card\" content=\"summary_large_image\" \/>\n<meta name=\"twitter:site\" content=\"@Swissgliders\" \/>\n<meta name=\"twitter:label1\" content=\"Preis\" \/>\n\t<meta name=\"twitter:data1\" content=\"&#067;&#072;&#070;&nbsp;513.00\" \/>\n\t<meta name=\"twitter:label2\" content=\"Verf\u00fcgbarkeit\" \/>\n\t<meta name=\"twitter:data2\" content=\"Auf Lager\" \/>\n<script type=\"application\/ld+json\" class=\"yoast-schema-graph\">{\"@context\":\"https:\\\/\\\/schema.org\",\"@graph\":[{\"@type\":\"WebPage\",\"@id\":\"https:\\\/\\\/swissgliders.ch\\\/de\\\/produkt\\\/neo-rescue-backpack\\\/\",\"url\":\"https:\\\/\\\/swissgliders.ch\\\/de\\\/produkt\\\/neo-rescue-backpack\\\/\",\"name\":\"Neo Rescue Backpack | Gleitschirmschule Thun, Bern, Interlaken\",\"isPartOf\":{\"@id\":\"https:\\\/\\\/swissgliders.ch\\\/de\\\/#website\"},\"primaryImageOfPage\":{\"@id\":\"https:\\\/\\\/swissgliders.ch\\\/de\\\/produkt\\\/neo-rescue-backpack\\\/#primaryimage\"},\"image\":{\"@id\":\"https:\\\/\\\/swissgliders.ch\\\/de\\\/produkt\\\/neo-rescue-backpack\\\/#primaryimage\"},\"thumbnailUrl\":\"https:\\\/\\\/swissgliders.ch\\\/wp-content\\\/uploads\\\/2024\\\/09\\\/Neo_Rucksack_Rescue-Backpack-2.png\",\"datePublished\":\"2024-09-10T14:35:51+00:00\",\"dateModified\":\"2025-05-24T09:01:43+00:00\",\"description\":\"MIT DEM RESCUE BACKPACK BIETET NEO EINE V\u00d6LLIG INNOVATIVE L\u00d6SUNG F\u00dcR HIKE & FLY MIT EINER LEICHTEN TANDEMAUSR\u00dcSTUNGULTRALEICHTER RUCKSACK-RETTUNGSCONTAINER Der Rettungscontainer ist in einem Rucksack integriert und mit jedem leichten Bergsteigergurtzeug nutzbar. Vor dem Flug setzt sich der Pilot den Rucksack auf, verbindet die Rettungsleinen mit den Spreizen und los geht\u2018s. Beim Wandern kann der Passagier den Rescue-Backpack tragen.\",\"breadcrumb\":{\"@id\":\"https:\\\/\\\/swissgliders.ch\\\/de\\\/produkt\\\/neo-rescue-backpack\\\/#breadcrumb\"},\"inLanguage\":\"de\",\"potentialAction\":[{\"@type\":\"ReadAction\",\"target\":[\"https:\\\/\\\/swissgliders.ch\\\/de\\\/produkt\\\/neo-rescue-backpack\\\/\"]}]},{\"@type\":\"ImageObject\",\"inLanguage\":\"de\",\"@id\":\"https:\\\/\\\/swissgliders.ch\\\/de\\\/produkt\\\/neo-rescue-backpack\\\/#primaryimage\",\"url\":\"https:\\\/\\\/swissgliders.ch\\\/wp-content\\\/uploads\\\/2024\\\/09\\\/Neo_Rucksack_Rescue-Backpack-2.png\",\"contentUrl\":\"https:\\\/\\\/swissgliders.ch\\\/wp-content\\\/uploads\\\/2024\\\/09\\\/Neo_Rucksack_Rescue-Backpack-2.png\",\"width\":690,\"height\":690,\"caption\":\"Neo_Rucksack_Rescue Backpack-2\"},{\"@type\":\"BreadcrumbList\",\"@id\":\"https:\\\/\\\/swissgliders.ch\\\/de\\\/produkt\\\/neo-rescue-backpack\\\/#breadcrumb\",\"itemListElement\":[{\"@type\":\"ListItem\",\"position\":1,\"name\":\"Startseite\",\"item\":\"https:\\\/\\\/swissgliders.ch\\\/de\\\/willkommen\\\/\"},{\"@type\":\"ListItem\",\"position\":2,\"name\":\"Gleitschirm Shop\",\"item\":\"https:\\\/\\\/swissgliders.ch\\\/de\\\/gleitschirm-shop\\\/\"},{\"@type\":\"ListItem\",\"position\":3,\"name\":\"Neo Rescue Backpack\"}]},{\"@type\":\"WebSite\",\"@id\":\"https:\\\/\\\/swissgliders.ch\\\/de\\\/#website\",\"url\":\"https:\\\/\\\/swissgliders.ch\\\/de\\\/\",\"name\":\"Gleitschirmschule Thun, Bern, Interlaken\",\"description\":\"Gleitschirmschule Thun, Bern, Interlaken\",\"publisher\":{\"@id\":\"https:\\\/\\\/swissgliders.ch\\\/de\\\/#organization\"},\"potentialAction\":[{\"@type\":\"SearchAction\",\"target\":{\"@type\":\"EntryPoint\",\"urlTemplate\":\"https:\\\/\\\/swissgliders.ch\\\/de\\\/?s={search_term_string}\"},\"query-input\":{\"@type\":\"PropertyValueSpecification\",\"valueRequired\":true,\"valueName\":\"search_term_string\"}}],\"inLanguage\":\"de\"},{\"@type\":\"Organization\",\"@id\":\"https:\\\/\\\/swissgliders.ch\\\/de\\\/#organization\",\"name\":\"Swissgliders Gleitschirmflugschule Thun\",\"url\":\"https:\\\/\\\/swissgliders.ch\\\/de\\\/\",\"logo\":{\"@type\":\"ImageObject\",\"inLanguage\":\"de\",\"@id\":\"https:\\\/\\\/swissgliders.ch\\\/de\\\/#\\\/schema\\\/logo\\\/image\\\/\",\"url\":\"https:\\\/\\\/swissgliders.ch\\\/wp-content\\\/uploads\\\/2019\\\/12\\\/swissgliders-logo-rgb-square-L-no-ch-01.png\",\"contentUrl\":\"https:\\\/\\\/swissgliders.ch\\\/wp-content\\\/uploads\\\/2019\\\/12\\\/swissgliders-logo-rgb-square-L-no-ch-01.png\",\"width\":2500,\"height\":2500,\"caption\":\"Swissgliders Gleitschirmflugschule Thun\"},\"image\":{\"@id\":\"https:\\\/\\\/swissgliders.ch\\\/de\\\/#\\\/schema\\\/logo\\\/image\\\/\"},\"sameAs\":[\"https:\\\/\\\/www.facebook.com\\\/swissgliders\",\"https:\\\/\\\/x.com\\\/Swissgliders\",\"https:\\\/\\\/www.instagram.com\\\/swissgliders\\\/\",\"https:\\\/\\\/www.youtube.com\\\/channel\\\/UCMCtGdepy9vBhrhX3V_oJOA\"],\"hasMerchantReturnPolicy\":{\"@type\":\"MerchantReturnPolicy\",\"merchantReturnLink\":\"https:\\\/\\\/swissgliders.ch\\\/de\\\/allgemeine-geschaftsbedingungen\\\/\"}}]}<\/script>\n<meta property=\"product:price:amount\" content=\"513.00\" \/>\n<meta property=\"product:price:currency\" content=\"CHF\" \/>\n<meta property=\"og:availability\" content=\"instock\" \/>\n<meta property=\"product:availability\" content=\"instock\" \/>\n<meta property=\"product:condition\" content=\"new\" \/>\n<!-- \/ Yoast SEO Premium plugin. -->","yoast_head_json":{"title":"Neo Rescue Backpack | Gleitschirmschule Thun, Bern, Interlaken","description":"MIT DEM RESCUE BACKPACK BIETET NEO EINE V\u00d6LLIG INNOVATIVE L\u00d6SUNG F\u00dcR HIKE & FLY MIT EINER LEICHTEN TANDEMAUSR\u00dcSTUNGULTRALEICHTER RUCKSACK-RETTUNGSCONTAINER Der Rettungscontainer ist in einem Rucksack integriert und mit jedem leichten Bergsteigergurtzeug nutzbar. Vor dem Flug setzt sich der Pilot den Rucksack auf, verbindet die Rettungsleinen mit den Spreizen und los geht\u2018s. Beim Wandern kann der Passagier den Rescue-Backpack tragen.","robots":{"index":"index","follow":"follow","max-snippet":"max-snippet:-1","max-image-preview":"max-image-preview:large","max-video-preview":"max-video-preview:-1"},"canonical":"https:\/\/swissgliders.ch\/de\/produkt\/neo-rescue-backpack\/","og_locale":"de_DE","og_type":"article","og_title":"Neo Rescue Backpack","og_description":"MIT DEM RESCUE BACKPACK BIETET NEO EINE V\u00d6LLIG INNOVATIVE L\u00d6SUNG F\u00dcR HIKE & FLY MIT EINER LEICHTEN TANDEMAUSR\u00dcSTUNGULTRALEICHTER RUCKSACK-RETTUNGSCONTAINER Der Rettungscontainer ist in einem Rucksack integriert und mit jedem leichten Bergsteigergurtzeug nutzbar. Vor dem Flug setzt sich der Pilot den Rucksack auf, verbindet die Rettungsleinen mit den Spreizen und los geht\u2018s. Beim Wandern kann der Passagier den Rescue-Backpack tragen.","og_url":"https:\/\/swissgliders.ch\/de\/produkt\/neo-rescue-backpack\/","og_site_name":"Gleitschirmschule Thun, Bern, Interlaken","article_publisher":"https:\/\/www.facebook.com\/swissgliders","article_modified_time":"2025-05-24T09:01:43+00:00","og_image":[{"width":690,"height":690,"url":"https:\/\/swissgliders.ch\/wp-content\/uploads\/2024\/09\/Neo_Rucksack_Rescue-Backpack-2.png","type":"image\/png"}],"twitter_card":"summary_large_image","twitter_site":"@Swissgliders","twitter_misc":{"Preis":"&#67;&#72;&#70;&nbsp;513.00","Verf\u00fcgbarkeit":"Auf Lager"},"schema":{"@context":"https:\/\/schema.org","@graph":[{"@type":"WebPage","@id":"https:\/\/swissgliders.ch\/de\/produkt\/neo-rescue-backpack\/","url":"https:\/\/swissgliders.ch\/de\/produkt\/neo-rescue-backpack\/","name":"Neo Rescue Backpack | Gleitschirmschule Thun, Bern, Interlaken","isPartOf":{"@id":"https:\/\/swissgliders.ch\/de\/#website"},"primaryImageOfPage":{"@id":"https:\/\/swissgliders.ch\/de\/produkt\/neo-rescue-backpack\/#primaryimage"},"image":{"@id":"https:\/\/swissgliders.ch\/de\/produkt\/neo-rescue-backpack\/#primaryimage"},"thumbnailUrl":"https:\/\/swissgliders.ch\/wp-content\/uploads\/2024\/09\/Neo_Rucksack_Rescue-Backpack-2.png","datePublished":"2024-09-10T14:35:51+00:00","dateModified":"2025-05-24T09:01:43+00:00","description":"MIT DEM RESCUE BACKPACK BIETET NEO EINE V\u00d6LLIG INNOVATIVE L\u00d6SUNG F\u00dcR HIKE & FLY MIT EINER LEICHTEN TANDEMAUSR\u00dcSTUNGULTRALEICHTER RUCKSACK-RETTUNGSCONTAINER Der Rettungscontainer ist in einem Rucksack integriert und mit jedem leichten Bergsteigergurtzeug nutzbar. Vor dem Flug setzt sich der Pilot den Rucksack auf, verbindet die Rettungsleinen mit den Spreizen und los geht\u2018s. Beim Wandern kann der Passagier den Rescue-Backpack tragen.","breadcrumb":{"@id":"https:\/\/swissgliders.ch\/de\/produkt\/neo-rescue-backpack\/#breadcrumb"},"inLanguage":"de","potentialAction":[{"@type":"ReadAction","target":["https:\/\/swissgliders.ch\/de\/produkt\/neo-rescue-backpack\/"]}]},{"@type":"ImageObject","inLanguage":"de","@id":"https:\/\/swissgliders.ch\/de\/produkt\/neo-rescue-backpack\/#primaryimage","url":"https:\/\/swissgliders.ch\/wp-content\/uploads\/2024\/09\/Neo_Rucksack_Rescue-Backpack-2.png","contentUrl":"https:\/\/swissgliders.ch\/wp-content\/uploads\/2024\/09\/Neo_Rucksack_Rescue-Backpack-2.png","width":690,"height":690,"caption":"Neo_Rucksack_Rescue Backpack-2"},{"@type":"BreadcrumbList","@id":"https:\/\/swissgliders.ch\/de\/produkt\/neo-rescue-backpack\/#breadcrumb","itemListElement":[{"@type":"ListItem","position":1,"name":"Startseite","item":"https:\/\/swissgliders.ch\/de\/willkommen\/"},{"@type":"ListItem","position":2,"name":"Gleitschirm Shop","item":"https:\/\/swissgliders.ch\/de\/gleitschirm-shop\/"},{"@type":"ListItem","position":3,"name":"Neo Rescue Backpack"}]},{"@type":"WebSite","@id":"https:\/\/swissgliders.ch\/de\/#website","url":"https:\/\/swissgliders.ch\/de\/","name":"Gleitschirmschule Thun, Bern, Interlaken","description":"Gleitschirmschule Thun, Bern, Interlaken","publisher":{"@id":"https:\/\/swissgliders.ch\/de\/#organization"},"potentialAction":[{"@type":"SearchAction","target":{"@type":"EntryPoint","urlTemplate":"https:\/\/swissgliders.ch\/de\/?s={search_term_string}"},"query-input":{"@type":"PropertyValueSpecification","valueRequired":true,"valueName":"search_term_string"}}],"inLanguage":"de"},{"@type":"Organization","@id":"https:\/\/swissgliders.ch\/de\/#organization","name":"Swissgliders Gleitschirmflugschule Thun","url":"https:\/\/swissgliders.ch\/de\/","logo":{"@type":"ImageObject","inLanguage":"de","@id":"https:\/\/swissgliders.ch\/de\/#\/schema\/logo\/image\/","url":"https:\/\/swissgliders.ch\/wp-content\/uploads\/2019\/12\/swissgliders-logo-rgb-square-L-no-ch-01.png","contentUrl":"https:\/\/swissgliders.ch\/wp-content\/uploads\/2019\/12\/swissgliders-logo-rgb-square-L-no-ch-01.png","width":2500,"height":2500,"caption":"Swissgliders Gleitschirmflugschule Thun"},"image":{"@id":"https:\/\/swissgliders.ch\/de\/#\/schema\/logo\/image\/"},"sameAs":["https:\/\/www.facebook.com\/swissgliders","https:\/\/x.com\/Swissgliders","https:\/\/www.instagram.com\/swissgliders\/","https:\/\/www.youtube.com\/channel\/UCMCtGdepy9vBhrhX3V_oJOA"],"hasMerchantReturnPolicy":{"@type":"MerchantReturnPolicy","merchantReturnLink":"https:\/\/swissgliders.ch\/de\/allgemeine-geschaftsbedingungen\/"}}]},"product_price_amount":"513.00","product_price_currency":"CHF","og_availability":"instock","product_availability":"instock","product_condition":"new"},"_links":{"self":[{"href":"https:\/\/swissgliders.ch\/de\/wp-json\/wp\/v2\/product\/14400","targetHints":{"allow":["GET"]}}],"collection":[{"href":"https:\/\/swissgliders.ch\/de\/wp-json\/wp\/v2\/product"}],"about":[{"href":"https:\/\/swissgliders.ch\/de\/wp-json\/wp\/v2\/types\/product"}],"replies":[{"embeddable":true,"href":"https:\/\/swissgliders.ch\/de\/wp-json\/wp\/v2\/comments?post=14400"}],"wp:featuredmedia":[{"embeddable":true,"href":"https:\/\/swissgliders.ch\/de\/wp-json\/wp\/v2\/media\/14354"}],"wp:attachment":[{"href":"https:\/\/swissgliders.ch\/de\/wp-json\/wp\/v2\/media?parent=14400"}],"wp:term":[{"taxonomy":"product_brand","embeddable":true,"href":"https:\/\/swissgliders.ch\/de\/wp-json\/wp\/v2\/product_brand?post=14400"},{"taxonomy":"product_cat","embeddable":true,"href":"https:\/\/swissgliders.ch\/de\/wp-json\/wp\/v2\/product_cat?post=14400"},{"taxonomy":"product_tag","embeddable":true,"href":"https:\/\/swissgliders.ch\/de\/wp-json\/wp\/v2\/product_tag?post=14400"}],"curies":[{"name":"wp","href":"https:\/\/api.w.org\/{rel}","templated":true}]}}