{"id":14424,"date":"2024-09-12T09:48:38","date_gmt":"2024-09-12T08:48:38","guid":{"rendered":"https:\/\/swissgliders.ch\/?post_type=product&#038;p=14424"},"modified":"2024-12-14T11:14:18","modified_gmt":"2024-12-14T10:14:18","slug":"finsterwalder-pin-lock-gleitschirmkarabiner","status":"publish","type":"product","link":"https:\/\/swissgliders.ch\/de\/produkt\/finsterwalder-pin-lock-gleitschirmkarabiner\/","title":{"rendered":"Finsterwalder PIN LOCK Gleitschirmkarabiner"},"content":{"rendered":"<div class=\"jsn-article-content\">\n<h3 class=\"contentheading\">Pin Lock<\/h3>\n<div class=\"jsn-article-content\">\n<h4>Gleitschirmkarabiner mit kraft- und formschl\u00fcssigem Verschluss.<\/h4>\n<\/div>\n<\/div>\n<p><img loading=\"lazy\" decoding=\"async\" class=\"\" src=\"https:\/\/finsterwalder-charly.de\/images\/stories\/produkte\/bauteile\/karabiner\/hkar3-pinlock388x370.jpg\" width=\"287\" height=\"274\" \/><\/p>\n<table border=\"0\">\n<tbody>\n<tr>\n<td><\/td>\n<td><strong>Features:<\/strong><\/p>\n<ul>\n<li>Max. Nutzlast im Flugsport: 140 DaN* je Karabiner<\/li>\n<li>Gesenkgeschmiedet aus Titanal, 80 g<\/li>\n<li>Bruchlast: 2.500 DaN*<\/li>\n<li>H\u00f6he innen: 40 mm<\/li>\n<li>Passend f\u00fcr Gurtzeuge bis 44 mm Bandbreite, Gleitschirm-Tragegurte bis 25 mm (Adaper f\u00fcr schm\u00e4lere Tragegurte erh\u00e4ltlich)<\/li>\n<\/ul>\n<p>*\u00a0<em>1 DAN (Dekanewton) = 10 Newton \u00a0\u2248 1 kg<\/em><\/td>\n<\/tr>\n<tr>\n<td colspan=\"3\">\n<ul>\n<li><strong>8 Jahre Austauschintervall f\u00fcr Gleitschirm Mono Betrieb und 5 Jahre Austauschintervall f\u00fcr Gleitschirm Tandem bei unbegrenzten Flugstunden.<br \/>\n<\/strong>Beim Pin Lock Karabiner ist die Dauerschwingfestigkeit kein Thema weil der Verschluss kraft- und formschl\u00fcssig ist. Im Dauerschwingtest \u00fcberstand der Pinlock 5.000.000 Lastwechsel mit Oberlast 425 DaN schadlos.<\/li>\n<\/ul>\n<ul>\n<li><strong>Leicht und sicher<br \/>\n<\/strong>Pin Lock Karabiner werden nicht gebogen sondern im Gesenk geschmiedet. Das gesenkschmieden bewirkt eine Materialverfestigung. Bei gebogenen Karabinern ist das Material dagegen in den Biegebereichen durch innere Spannungen geschw\u00e4cht.<br \/>\nTrotzdem ist der Pin Lock mit lediglich 80 g nur etwa halb so schwer wie ein Stahlkarabiner.<\/li>\n<li><strong>Getrennte Gurtkammern<br \/>\n<\/strong>Ein Verdrehen des Karabiners ist durch die getrennten Gurtkammern ausgeschlossen.\u00a0<strong>\u00a0<\/strong><\/li>\n<\/ul>\n<ul>\n<li><strong>Handling:<br \/>\n<\/strong>Die Befestigung der Gleitschirmtragegurte ist \u00e4hnlich wie beim konventionellen Karabiner. Der Quickpin-Verschluss verf\u00fcgt \u00fcber eine automatische Verriegelung. Er ist so gestaltet, dass zum \u00d6ffnen zwei unterschiedliche manuelle Handlungen erforderlich sind: Das Dr\u00fccken des Entriegelungsknopfs und ein Ziehen des Bolzens in entgegengesetzter Richtung.Das L\u00f6sen der Tragegurte nach der Landung ist beim Pin Lock einfacher als beim Schnappverschluss Karabiner.<br \/>\nDamit bei extremen Starkwindverh\u00e4ltnissen ein ordnungsgem\u00e4\u00dfes Befestigen der Tragegurte am Karabiner sichergestellt ist, muss der Gleitschirm vor dem Anlegen des Gurtzeugs am Karabiner befestigt werden. Das gilt f\u00fcr konventionelle Karabiner wie f\u00fcr Pin Lock.Bei Beachtung der Betriebsanleitung k\u00f6nnen selbst im extremen Winterbetrieb Vereisungsprobleme zuverl\u00e4ssig vermieden werden.<\/li>\n<\/ul>\n<\/td>\n<\/tr>\n<\/tbody>\n<\/table>\n<p>&nbsp;<\/p>\n<p><img decoding=\"async\" class=\"aligncenter\" src=\"https:\/\/finsterwalder-charly.de\/images\/stories\/produkte\/bauteile\/karabiner\/pinlock_detail.jpg\" alt=\"pinlock detail\" \/><\/p>\n<table border=\"0\">\n<tbody>\n<tr>\n<td>\n<table border=\"0\">\n<tbody>\n<tr>\n<td><\/td>\n<td><\/td>\n<td><strong>1. Quickpin<\/strong><br \/>\nSelbstsichernde Kugelsperrbolzen werden seit vielen Jahren im Flugzeugbau verwendet. Unsere Quickpin werden seit langem von verschiedenen Drachenherstellern an Trapezecken und Pilotenaufh\u00e4ngungen eingesetzt. Im Bereich der Reha- Technik sind mehr als 1 Mio. unserer Kugelsperrbolzen st\u00f6rungsfrei in Betrieb.<br \/>\n<img decoding=\"async\" src=\"http:\/\/www.finsterwalder-charly.de\/images\/basic\/spacer.gif\" alt=\"\" height=\"10\" \/><br \/>\n<strong>2. Karabinerk\u00f6rper<\/strong><br \/>\nPin Lock werden nicht wie konventionelle Gleitschirmkarabiner aus Rundstangen gebogen und nachgepr\u00e4gt, sondern im Gesenk geschmiedet. W\u00e4hrend ein Biegevorgang tendenziell zu einer Materialschw\u00e4chung f\u00fchrt, bewirkt das Gesenkschmieden eine hohe Materialverfestigung. Die Festigkeit des verwendeten Titanals liegt im Bereich von gutem Edelstahl, wiegt jedoch nur etwa ein Drittel. Der Werkstoff findet auch Anwendung in hoch belasteten Flugzeug- und Raketenteilen.<\/td>\n<\/tr>\n<\/tbody>\n<\/table>\n<p><strong>\u00a03. Sicherungsseil<\/strong>\u00a0Das Sicherungsseil des Quickpins besteht aus einem von Du Pont f\u00fcr den Hochsee-Angelsport entwickelten Hochleistungs-Nylon. Das \u00a0Sicherungsseil ist auswechselbar. Bei sachgem\u00e4\u00dfem Einbau und Betrieb h\u00e4lt es jahrelang.<\/td>\n<\/tr>\n<\/tbody>\n<\/table>\n<p>&nbsp;<\/p>\n<p>Mehr <a href=\"https:\/\/finsterwalder-charly.de\/de\/finsterwalder-karabiner\/pin-lock-karabiner.html\" target=\"_blank\" rel=\"noopener noreferrer\">Infos<\/a><\/p>\n<p>Falls dieser Artikel nicht an Lager ist, wird er f\u00fcr dich bestellt. Lieferfrist auf Anfrage.<\/p>\n<p>&nbsp;<\/p>\n","protected":false},"excerpt":{"rendered":"<div class=\"jsn-article-content\">\n<h3 class=\"contentheading\">Pin Lock<\/h3>\n<div class=\"jsn-article-content\">\n<h4>Gleitschirmkarabiner mit kraft- und formschl\u00fcssigem Verschluss.<\/h4>\n<\/div>\n<\/div>\n<p><img loading=\"lazy\" decoding=\"async\" class=\"\" src=\"https:\/\/finsterwalder-charly.de\/images\/stories\/produkte\/bauteile\/karabiner\/hkar3-pinlock388x370.jpg\" width=\"287\" height=\"274\" \/><\/p>\n<table border=\"0\">\n<tbody>\n<tr>\n<td><\/td>\n<td><strong>Features:<\/strong><\/p>\n<ul>\n<li>Max. Nutzlast im Flugsport: 140 DaN* je Karabiner<\/li>\n<li>Gesenkgeschmiedet aus Titanal, 80 g<\/li>\n<li>Bruchlast: 2.500 DaN*<\/li>\n<li>H\u00f6he innen: 40 mm<\/li>\n<li>Passend f\u00fcr Gurtzeuge bis 44 mm Bandbreite, Gleitschirm-Tragegurte bis 25 mm (Adaper f\u00fcr schm\u00e4lere Tragegurte erh\u00e4ltlich)<\/li>\n<\/ul>\n<p>*\u00a0<em>1 DAN (Dekanewton) = 10 Newton \u00a0\u2248 1 kg<\/em><\/td>\n<\/tr>\n<tr>\n<td colspan=\"3\">\n<ul>\n<li><strong>8 Jahre Austauschintervall f\u00fcr Gleitschirm Mono Betrieb und 5 Jahre Austauschintervall f\u00fcr Gleitschirm Tandem bei unbegrenzten Flugstunden.<br \/>\n<\/strong>Beim Pin Lock Karabiner ist die Dauerschwingfestigkeit kein Thema weil der Verschluss kraft- und formschl\u00fcssig ist. Im Dauerschwingtest \u00fcberstand der Pinlock 5.000.000 Lastwechsel mit Oberlast 425 DaN schadlos.<\/li>\n<\/ul>\n<ul>\n<li><strong>Leicht und sicher<br \/>\n<\/strong>Pin Lock Karabiner werden nicht gebogen sondern im Gesenk geschmiedet. Das gesenkschmieden bewirkt eine Materialverfestigung. Bei gebogenen Karabinern ist das Material dagegen in den Biegebereichen durch innere Spannungen geschw\u00e4cht.<br \/>\nTrotzdem ist der Pin Lock mit lediglich 80 g nur etwa halb so schwer wie ein Stahlkarabiner.<\/li>\n<li><strong>Getrennte Gurtkammern<br \/>\n<\/strong>Ein Verdrehen des Karabiners ist durch die getrennten Gurtkammern ausgeschlossen.\u00a0<strong>\u00a0<\/strong><\/li>\n<\/ul>\n<ul>\n<li><strong>Handling:<br \/>\n<\/strong>Die Befestigung der Gleitschirmtragegurte ist \u00e4hnlich wie beim konventionellen Karabiner. Der Quickpin-Verschluss verf\u00fcgt \u00fcber eine automatische Verriegelung. Er ist so gestaltet, dass zum \u00d6ffnen zwei unterschiedliche manuelle Handlungen erforderlich sind: Das Dr\u00fccken des Entriegelungsknopfs und ein Ziehen des Bolzens in entgegengesetzter Richtung.Das L\u00f6sen der Tragegurte nach der Landung ist beim Pin Lock einfacher als beim Schnappverschluss Karabiner.<br \/>\nDamit bei extremen Starkwindverh\u00e4ltnissen ein ordnungsgem\u00e4\u00dfes Befestigen der Tragegurte am Karabiner sichergestellt ist, muss der Gleitschirm vor dem Anlegen des Gurtzeugs am Karabiner befestigt werden. Das gilt f\u00fcr konventionelle Karabiner wie f\u00fcr Pin Lock.Bei Beachtung der Betriebsanleitung k\u00f6nnen selbst im extremen Winterbetrieb Vereisungsprobleme zuverl\u00e4ssig vermieden werden.<\/li>\n<\/ul>\n<\/td>\n<\/tr>\n<\/tbody>\n<\/table>\n<p>&nbsp;<\/p>\n<p><img decoding=\"async\" class=\"aligncenter\" src=\"https:\/\/finsterwalder-charly.de\/images\/stories\/produkte\/bauteile\/karabiner\/pinlock_detail.jpg\" alt=\"pinlock detail\" \/><\/p>\n<table border=\"0\">\n<tbody>\n<tr>\n<td>\n<table border=\"0\">\n<tbody>\n<tr>\n<td><\/td>\n<td><\/td>\n<td><strong>1. Quickpin<\/strong><br \/>\nSelbstsichernde Kugelsperrbolzen werden seit vielen Jahren im Flugzeugbau verwendet. Unsere Quickpin werden seit langem von verschiedenen Drachenherstellern an Trapezecken und Pilotenaufh\u00e4ngungen eingesetzt. Im Bereich der Reha- Technik sind mehr als 1 Mio. unserer Kugelsperrbolzen st\u00f6rungsfrei in Betrieb.<br \/>\n<img decoding=\"async\" src=\"http:\/\/www.finsterwalder-charly.de\/images\/basic\/spacer.gif\" alt=\"\" height=\"10\" \/><br \/>\n<strong>2. Karabinerk\u00f6rper<\/strong><br \/>\nPin Lock werden nicht wie konventionelle Gleitschirmkarabiner aus Rundstangen gebogen und nachgepr\u00e4gt, sondern im Gesenk geschmiedet. W\u00e4hrend ein Biegevorgang tendenziell zu einer Materialschw\u00e4chung f\u00fchrt, bewirkt das Gesenkschmieden eine hohe Materialverfestigung. Die Festigkeit des verwendeten Titanals liegt im Bereich von gutem Edelstahl, wiegt jedoch nur etwa ein Drittel. Der Werkstoff findet auch Anwendung in hoch belasteten Flugzeug- und Raketenteilen.<\/td>\n<\/tr>\n<\/tbody>\n<\/table>\n<p><strong>\u00a03. Sicherungsseil<\/strong>\u00a0Das Sicherungsseil des Quickpins besteht aus einem von Du Pont f\u00fcr den Hochsee-Angelsport entwickelten Hochleistungs-Nylon. Das \u00a0Sicherungsseil ist auswechselbar. Bei sachgem\u00e4\u00dfem Einbau und Betrieb h\u00e4lt es jahrelang.<\/td>\n<\/tr>\n<\/tbody>\n<\/table>\n<p>&nbsp;<\/p>\n<p>Mehr <a href=\"https:\/\/finsterwalder-charly.de\/de\/finsterwalder-karabiner\/pin-lock-karabiner.html\" target=\"_blank\" rel=\"noopener noreferrer\">Infos<\/a><\/p>\n<p>Falls dieser Artikel nicht an Lager ist, wird er f\u00fcr dich bestellt. Lieferfrist auf Anfrage.<\/p>\n<p>&nbsp;<\/p>\n","protected":false},"featured_media":18024,"comment_status":"closed","ping_status":"closed","template":"","meta":[],"product_brand":[],"product_cat":[2078,402],"product_tag":[2079,410],"class_list":{"0":"post-14424","1":"product","2":"type-product","3":"status-publish","4":"has-post-thumbnail","6":"product_cat-gleitschirm-karabiner","7":"product_cat-gleitschirm-zubehoer","8":"product_tag-karabiner","9":"product_tag-zubehoer","11":"first","12":"instock","13":"shipping-taxable","14":"purchasable","15":"product-type-simple"},"yoast_head":"<!-- This site is optimized with the Yoast SEO Premium plugin v26.1 (Yoast SEO v27.3) - https:\/\/yoast.com\/product\/yoast-seo-premium-wordpress\/ -->\n<title>Finsterwalder PIN LOCK Gleitschirmkarabiner | Gleitschirmschule Thun, Bern, Interlaken<\/title>\n<meta name=\"description\" content=\"Finsterwalder Pin Lock Gleitschirmkarabiner mit kraft- und formschl\u00fcssigem Verschluss. Selbstsichernde Kugelsperrbolzen werden seit vielen Jahren im Flugzeugbau verwendet. Unsere Quickpin werden seit langem von verschiedenen Drachenherstellern an Trapezecken und Pilotenaufh\u00e4ngungen eingesetzt. Im Bereich der Reha- Technik sind mehr als 1 Mio. unserer Kugelsperrbolzen st\u00f6rungsfrei in Betrieb.\" \/>\n<meta name=\"robots\" content=\"index, follow, max-snippet:-1, max-image-preview:large, max-video-preview:-1\" \/>\n<link rel=\"canonical\" href=\"https:\/\/swissgliders.ch\/de\/produkt\/finsterwalder-pin-lock-gleitschirmkarabiner\/\" \/>\n<meta property=\"og:locale\" content=\"de_DE\" \/>\n<meta property=\"og:type\" content=\"article\" \/>\n<meta property=\"og:title\" content=\"Finsterwalder PIN LOCK Gleitschirmkarabiner\" \/>\n<meta property=\"og:description\" content=\"Finsterwalder Pin Lock Gleitschirmkarabiner mit kraft- und formschl\u00fcssigem Verschluss. Selbstsichernde Kugelsperrbolzen werden seit vielen Jahren im Flugzeugbau verwendet. Unsere Quickpin werden seit langem von verschiedenen Drachenherstellern an Trapezecken und Pilotenaufh\u00e4ngungen eingesetzt. Im Bereich der Reha- Technik sind mehr als 1 Mio. unserer Kugelsperrbolzen st\u00f6rungsfrei in Betrieb.\" \/>\n<meta property=\"og:url\" content=\"https:\/\/swissgliders.ch\/de\/produkt\/finsterwalder-pin-lock-gleitschirmkarabiner\/\" \/>\n<meta property=\"og:site_name\" content=\"Gleitschirmschule Thun, Bern, Interlaken\" \/>\n<meta property=\"article:publisher\" content=\"https:\/\/www.facebook.com\/swissgliders\" \/>\n<meta property=\"article:modified_time\" content=\"2024-12-14T10:14:18+00:00\" \/>\n<meta property=\"og:image\" content=\"https:\/\/swissgliders.ch\/wp-content\/uploads\/2024\/09\/Finsterwalder_Karabiner_Pin-Lock-1.jpg\" \/>\n\t<meta property=\"og:image:width\" content=\"388\" \/>\n\t<meta property=\"og:image:height\" content=\"370\" \/>\n\t<meta property=\"og:image:type\" content=\"image\/jpeg\" \/>\n<meta name=\"twitter:card\" content=\"summary_large_image\" \/>\n<meta name=\"twitter:site\" content=\"@Swissgliders\" \/>\n<meta name=\"twitter:label1\" content=\"Preis\" \/>\n\t<meta name=\"twitter:data1\" content=\"&#067;&#072;&#070;&nbsp;38.00\" \/>\n\t<meta name=\"twitter:label2\" content=\"Verf\u00fcgbarkeit\" \/>\n\t<meta name=\"twitter:data2\" content=\"Auf Lager\" \/>\n<script type=\"application\/ld+json\" class=\"yoast-schema-graph\">{\"@context\":\"https:\\\/\\\/schema.org\",\"@graph\":[{\"@type\":\"WebPage\",\"@id\":\"https:\\\/\\\/swissgliders.ch\\\/de\\\/produkt\\\/finsterwalder-pin-lock-gleitschirmkarabiner\\\/\",\"url\":\"https:\\\/\\\/swissgliders.ch\\\/de\\\/produkt\\\/finsterwalder-pin-lock-gleitschirmkarabiner\\\/\",\"name\":\"Finsterwalder PIN LOCK Gleitschirmkarabiner | Gleitschirmschule Thun, Bern, Interlaken\",\"isPartOf\":{\"@id\":\"https:\\\/\\\/swissgliders.ch\\\/de\\\/#website\"},\"primaryImageOfPage\":{\"@id\":\"https:\\\/\\\/swissgliders.ch\\\/de\\\/produkt\\\/finsterwalder-pin-lock-gleitschirmkarabiner\\\/#primaryimage\"},\"image\":{\"@id\":\"https:\\\/\\\/swissgliders.ch\\\/de\\\/produkt\\\/finsterwalder-pin-lock-gleitschirmkarabiner\\\/#primaryimage\"},\"thumbnailUrl\":\"https:\\\/\\\/swissgliders.ch\\\/wp-content\\\/uploads\\\/2024\\\/09\\\/Finsterwalder_Karabiner_Pin-Lock-1.jpg\",\"datePublished\":\"2024-09-12T08:48:38+00:00\",\"dateModified\":\"2024-12-14T10:14:18+00:00\",\"description\":\"Finsterwalder Pin Lock Gleitschirmkarabiner mit kraft- und formschl\u00fcssigem Verschluss. Selbstsichernde Kugelsperrbolzen werden seit vielen Jahren im Flugzeugbau verwendet. Unsere Quickpin werden seit langem von verschiedenen Drachenherstellern an Trapezecken und Pilotenaufh\u00e4ngungen eingesetzt. Im Bereich der Reha- Technik sind mehr als 1 Mio. unserer Kugelsperrbolzen st\u00f6rungsfrei in Betrieb.\",\"breadcrumb\":{\"@id\":\"https:\\\/\\\/swissgliders.ch\\\/de\\\/produkt\\\/finsterwalder-pin-lock-gleitschirmkarabiner\\\/#breadcrumb\"},\"inLanguage\":\"de\",\"potentialAction\":[{\"@type\":\"ReadAction\",\"target\":[\"https:\\\/\\\/swissgliders.ch\\\/de\\\/produkt\\\/finsterwalder-pin-lock-gleitschirmkarabiner\\\/\"]}]},{\"@type\":\"ImageObject\",\"inLanguage\":\"de\",\"@id\":\"https:\\\/\\\/swissgliders.ch\\\/de\\\/produkt\\\/finsterwalder-pin-lock-gleitschirmkarabiner\\\/#primaryimage\",\"url\":\"https:\\\/\\\/swissgliders.ch\\\/wp-content\\\/uploads\\\/2024\\\/09\\\/Finsterwalder_Karabiner_Pin-Lock-1.jpg\",\"contentUrl\":\"https:\\\/\\\/swissgliders.ch\\\/wp-content\\\/uploads\\\/2024\\\/09\\\/Finsterwalder_Karabiner_Pin-Lock-1.jpg\",\"width\":388,\"height\":370,\"caption\":\"Finsterwalder_Karabiner_Pin Lock-1\"},{\"@type\":\"BreadcrumbList\",\"@id\":\"https:\\\/\\\/swissgliders.ch\\\/de\\\/produkt\\\/finsterwalder-pin-lock-gleitschirmkarabiner\\\/#breadcrumb\",\"itemListElement\":[{\"@type\":\"ListItem\",\"position\":1,\"name\":\"Startseite\",\"item\":\"https:\\\/\\\/swissgliders.ch\\\/de\\\/willkommen\\\/\"},{\"@type\":\"ListItem\",\"position\":2,\"name\":\"Gleitschirm Shop\",\"item\":\"https:\\\/\\\/swissgliders.ch\\\/de\\\/gleitschirm-shop\\\/\"},{\"@type\":\"ListItem\",\"position\":3,\"name\":\"Finsterwalder PIN LOCK Gleitschirmkarabiner\"}]},{\"@type\":\"WebSite\",\"@id\":\"https:\\\/\\\/swissgliders.ch\\\/de\\\/#website\",\"url\":\"https:\\\/\\\/swissgliders.ch\\\/de\\\/\",\"name\":\"Gleitschirmschule Thun, Bern, Interlaken\",\"description\":\"Gleitschirmschule Thun, Bern, Interlaken\",\"publisher\":{\"@id\":\"https:\\\/\\\/swissgliders.ch\\\/de\\\/#organization\"},\"potentialAction\":[{\"@type\":\"SearchAction\",\"target\":{\"@type\":\"EntryPoint\",\"urlTemplate\":\"https:\\\/\\\/swissgliders.ch\\\/de\\\/?s={search_term_string}\"},\"query-input\":{\"@type\":\"PropertyValueSpecification\",\"valueRequired\":true,\"valueName\":\"search_term_string\"}}],\"inLanguage\":\"de\"},{\"@type\":\"Organization\",\"@id\":\"https:\\\/\\\/swissgliders.ch\\\/de\\\/#organization\",\"name\":\"Swissgliders Gleitschirmflugschule Thun\",\"url\":\"https:\\\/\\\/swissgliders.ch\\\/de\\\/\",\"logo\":{\"@type\":\"ImageObject\",\"inLanguage\":\"de\",\"@id\":\"https:\\\/\\\/swissgliders.ch\\\/de\\\/#\\\/schema\\\/logo\\\/image\\\/\",\"url\":\"https:\\\/\\\/swissgliders.ch\\\/wp-content\\\/uploads\\\/2019\\\/12\\\/swissgliders-logo-rgb-square-L-no-ch-01.png\",\"contentUrl\":\"https:\\\/\\\/swissgliders.ch\\\/wp-content\\\/uploads\\\/2019\\\/12\\\/swissgliders-logo-rgb-square-L-no-ch-01.png\",\"width\":2500,\"height\":2500,\"caption\":\"Swissgliders Gleitschirmflugschule Thun\"},\"image\":{\"@id\":\"https:\\\/\\\/swissgliders.ch\\\/de\\\/#\\\/schema\\\/logo\\\/image\\\/\"},\"sameAs\":[\"https:\\\/\\\/www.facebook.com\\\/swissgliders\",\"https:\\\/\\\/x.com\\\/Swissgliders\",\"https:\\\/\\\/www.instagram.com\\\/swissgliders\\\/\",\"https:\\\/\\\/www.youtube.com\\\/channel\\\/UCMCtGdepy9vBhrhX3V_oJOA\"],\"hasMerchantReturnPolicy\":{\"@type\":\"MerchantReturnPolicy\",\"merchantReturnLink\":\"https:\\\/\\\/swissgliders.ch\\\/de\\\/allgemeine-geschaftsbedingungen\\\/\"}}]}<\/script>\n<meta property=\"product:price:amount\" content=\"38.00\" \/>\n<meta property=\"product:price:currency\" content=\"CHF\" \/>\n<meta property=\"og:availability\" content=\"instock\" \/>\n<meta property=\"product:availability\" content=\"instock\" \/>\n<meta property=\"product:condition\" content=\"new\" \/>\n<!-- \/ Yoast SEO Premium plugin. -->","yoast_head_json":{"title":"Finsterwalder PIN LOCK Gleitschirmkarabiner | Gleitschirmschule Thun, Bern, Interlaken","description":"Finsterwalder Pin Lock Gleitschirmkarabiner mit kraft- und formschl\u00fcssigem Verschluss. Selbstsichernde Kugelsperrbolzen werden seit vielen Jahren im Flugzeugbau verwendet. Unsere Quickpin werden seit langem von verschiedenen Drachenherstellern an Trapezecken und Pilotenaufh\u00e4ngungen eingesetzt. Im Bereich der Reha- Technik sind mehr als 1 Mio. unserer Kugelsperrbolzen st\u00f6rungsfrei in Betrieb.","robots":{"index":"index","follow":"follow","max-snippet":"max-snippet:-1","max-image-preview":"max-image-preview:large","max-video-preview":"max-video-preview:-1"},"canonical":"https:\/\/swissgliders.ch\/de\/produkt\/finsterwalder-pin-lock-gleitschirmkarabiner\/","og_locale":"de_DE","og_type":"article","og_title":"Finsterwalder PIN LOCK Gleitschirmkarabiner","og_description":"Finsterwalder Pin Lock Gleitschirmkarabiner mit kraft- und formschl\u00fcssigem Verschluss. Selbstsichernde Kugelsperrbolzen werden seit vielen Jahren im Flugzeugbau verwendet. Unsere Quickpin werden seit langem von verschiedenen Drachenherstellern an Trapezecken und Pilotenaufh\u00e4ngungen eingesetzt. Im Bereich der Reha- Technik sind mehr als 1 Mio. unserer Kugelsperrbolzen st\u00f6rungsfrei in Betrieb.","og_url":"https:\/\/swissgliders.ch\/de\/produkt\/finsterwalder-pin-lock-gleitschirmkarabiner\/","og_site_name":"Gleitschirmschule Thun, Bern, Interlaken","article_publisher":"https:\/\/www.facebook.com\/swissgliders","article_modified_time":"2024-12-14T10:14:18+00:00","og_image":[{"width":388,"height":370,"url":"https:\/\/swissgliders.ch\/wp-content\/uploads\/2024\/09\/Finsterwalder_Karabiner_Pin-Lock-1.jpg","type":"image\/jpeg"}],"twitter_card":"summary_large_image","twitter_site":"@Swissgliders","twitter_misc":{"Preis":"&#67;&#72;&#70;&nbsp;38.00","Verf\u00fcgbarkeit":"Auf Lager"},"schema":{"@context":"https:\/\/schema.org","@graph":[{"@type":"WebPage","@id":"https:\/\/swissgliders.ch\/de\/produkt\/finsterwalder-pin-lock-gleitschirmkarabiner\/","url":"https:\/\/swissgliders.ch\/de\/produkt\/finsterwalder-pin-lock-gleitschirmkarabiner\/","name":"Finsterwalder PIN LOCK Gleitschirmkarabiner | Gleitschirmschule Thun, Bern, Interlaken","isPartOf":{"@id":"https:\/\/swissgliders.ch\/de\/#website"},"primaryImageOfPage":{"@id":"https:\/\/swissgliders.ch\/de\/produkt\/finsterwalder-pin-lock-gleitschirmkarabiner\/#primaryimage"},"image":{"@id":"https:\/\/swissgliders.ch\/de\/produkt\/finsterwalder-pin-lock-gleitschirmkarabiner\/#primaryimage"},"thumbnailUrl":"https:\/\/swissgliders.ch\/wp-content\/uploads\/2024\/09\/Finsterwalder_Karabiner_Pin-Lock-1.jpg","datePublished":"2024-09-12T08:48:38+00:00","dateModified":"2024-12-14T10:14:18+00:00","description":"Finsterwalder Pin Lock Gleitschirmkarabiner mit kraft- und formschl\u00fcssigem Verschluss. Selbstsichernde Kugelsperrbolzen werden seit vielen Jahren im Flugzeugbau verwendet. Unsere Quickpin werden seit langem von verschiedenen Drachenherstellern an Trapezecken und Pilotenaufh\u00e4ngungen eingesetzt. Im Bereich der Reha- Technik sind mehr als 1 Mio. unserer Kugelsperrbolzen st\u00f6rungsfrei in Betrieb.","breadcrumb":{"@id":"https:\/\/swissgliders.ch\/de\/produkt\/finsterwalder-pin-lock-gleitschirmkarabiner\/#breadcrumb"},"inLanguage":"de","potentialAction":[{"@type":"ReadAction","target":["https:\/\/swissgliders.ch\/de\/produkt\/finsterwalder-pin-lock-gleitschirmkarabiner\/"]}]},{"@type":"ImageObject","inLanguage":"de","@id":"https:\/\/swissgliders.ch\/de\/produkt\/finsterwalder-pin-lock-gleitschirmkarabiner\/#primaryimage","url":"https:\/\/swissgliders.ch\/wp-content\/uploads\/2024\/09\/Finsterwalder_Karabiner_Pin-Lock-1.jpg","contentUrl":"https:\/\/swissgliders.ch\/wp-content\/uploads\/2024\/09\/Finsterwalder_Karabiner_Pin-Lock-1.jpg","width":388,"height":370,"caption":"Finsterwalder_Karabiner_Pin Lock-1"},{"@type":"BreadcrumbList","@id":"https:\/\/swissgliders.ch\/de\/produkt\/finsterwalder-pin-lock-gleitschirmkarabiner\/#breadcrumb","itemListElement":[{"@type":"ListItem","position":1,"name":"Startseite","item":"https:\/\/swissgliders.ch\/de\/willkommen\/"},{"@type":"ListItem","position":2,"name":"Gleitschirm Shop","item":"https:\/\/swissgliders.ch\/de\/gleitschirm-shop\/"},{"@type":"ListItem","position":3,"name":"Finsterwalder PIN LOCK Gleitschirmkarabiner"}]},{"@type":"WebSite","@id":"https:\/\/swissgliders.ch\/de\/#website","url":"https:\/\/swissgliders.ch\/de\/","name":"Gleitschirmschule Thun, Bern, Interlaken","description":"Gleitschirmschule Thun, Bern, Interlaken","publisher":{"@id":"https:\/\/swissgliders.ch\/de\/#organization"},"potentialAction":[{"@type":"SearchAction","target":{"@type":"EntryPoint","urlTemplate":"https:\/\/swissgliders.ch\/de\/?s={search_term_string}"},"query-input":{"@type":"PropertyValueSpecification","valueRequired":true,"valueName":"search_term_string"}}],"inLanguage":"de"},{"@type":"Organization","@id":"https:\/\/swissgliders.ch\/de\/#organization","name":"Swissgliders Gleitschirmflugschule Thun","url":"https:\/\/swissgliders.ch\/de\/","logo":{"@type":"ImageObject","inLanguage":"de","@id":"https:\/\/swissgliders.ch\/de\/#\/schema\/logo\/image\/","url":"https:\/\/swissgliders.ch\/wp-content\/uploads\/2019\/12\/swissgliders-logo-rgb-square-L-no-ch-01.png","contentUrl":"https:\/\/swissgliders.ch\/wp-content\/uploads\/2019\/12\/swissgliders-logo-rgb-square-L-no-ch-01.png","width":2500,"height":2500,"caption":"Swissgliders Gleitschirmflugschule Thun"},"image":{"@id":"https:\/\/swissgliders.ch\/de\/#\/schema\/logo\/image\/"},"sameAs":["https:\/\/www.facebook.com\/swissgliders","https:\/\/x.com\/Swissgliders","https:\/\/www.instagram.com\/swissgliders\/","https:\/\/www.youtube.com\/channel\/UCMCtGdepy9vBhrhX3V_oJOA"],"hasMerchantReturnPolicy":{"@type":"MerchantReturnPolicy","merchantReturnLink":"https:\/\/swissgliders.ch\/de\/allgemeine-geschaftsbedingungen\/"}}]},"product_price_amount":"38.00","product_price_currency":"CHF","og_availability":"instock","product_availability":"instock","product_condition":"new"},"_links":{"self":[{"href":"https:\/\/swissgliders.ch\/de\/wp-json\/wp\/v2\/product\/14424","targetHints":{"allow":["GET"]}}],"collection":[{"href":"https:\/\/swissgliders.ch\/de\/wp-json\/wp\/v2\/product"}],"about":[{"href":"https:\/\/swissgliders.ch\/de\/wp-json\/wp\/v2\/types\/product"}],"replies":[{"embeddable":true,"href":"https:\/\/swissgliders.ch\/de\/wp-json\/wp\/v2\/comments?post=14424"}],"wp:featuredmedia":[{"embeddable":true,"href":"https:\/\/swissgliders.ch\/de\/wp-json\/wp\/v2\/media\/18024"}],"wp:attachment":[{"href":"https:\/\/swissgliders.ch\/de\/wp-json\/wp\/v2\/media?parent=14424"}],"wp:term":[{"taxonomy":"product_brand","embeddable":true,"href":"https:\/\/swissgliders.ch\/de\/wp-json\/wp\/v2\/product_brand?post=14424"},{"taxonomy":"product_cat","embeddable":true,"href":"https:\/\/swissgliders.ch\/de\/wp-json\/wp\/v2\/product_cat?post=14424"},{"taxonomy":"product_tag","embeddable":true,"href":"https:\/\/swissgliders.ch\/de\/wp-json\/wp\/v2\/product_tag?post=14424"}],"curies":[{"name":"wp","href":"https:\/\/api.w.org\/{rel}","templated":true}]}}