{"id":14444,"date":"2024-09-12T10:50:03","date_gmt":"2024-09-12T09:50:03","guid":{"rendered":"https:\/\/swissgliders.ch\/?post_type=product&#038;p=14444"},"modified":"2024-09-24T20:26:03","modified_gmt":"2024-09-24T19:26:03","slug":"finsterwalder-quick-out-gleitschirmkarabiner","status":"publish","type":"product","link":"https:\/\/swissgliders.ch\/de\/produkt\/finsterwalder-quick-out-gleitschirmkarabiner\/","title":{"rendered":"Finsterwalder Quick Out Gleitschirmkarabiner"},"content":{"rendered":"<div class=\"jsn-article-content\">\n<h3 class=\"product--title\">Finsterwalder Quick Out Gleitschirmkarabiner<\/h3>\n<p><strong>Spezialkarabiner, der eine schnelle Trennung unter Last erm\u00f6glicht<\/strong><\/p>\n<\/div>\n<h1 class=\"product--title\"><img loading=\"lazy\" decoding=\"async\" class=\"\" src=\"https:\/\/finsterwalder-charly.de\/cache\/4\/246c37613d88b42d4cb3a2e98fffee16.jpg\" width=\"263\" height=\"263\" \/><\/h1>\n<p>Unser Trennkarabiner wird \u00fcberall eingesetzt, wo eine zuverl\u00e4ssige Verbindung und falls erforderlich eine schnelle Trennung auch unter Last gefordert wird. Er ist zum sicheren Anh\u00e4ngen von Lasten &#8211; insbesondere Personen &#8211; und f\u00fcr\u00a0den\u00a0Einsatz\u00a0im\u00a0Freien geeignet.<\/p>\n<p>Eine eigene CE-Pr\u00fcfung f\u00fcr Trennkarabiner existiert nicht. Der Quick-Out ist aber zentraler Bestandteil verschiedener zertifizierter Spezialgurte, die national und international vielfach bew\u00e4hrte Anwendung finden, z.B. bei Helikoptereins\u00e4tzen von Polizei, Milit\u00e4r, Bergrettung und Feuerwehr.<\/p>\n<p>Im Gleitschirmsport wird der Quick-Out zum Abtrennen des Gleitschirms bei der Verwendung von steuerbaren Rettungsfallschirmen ben\u00f6tigt.<\/p>\n<p>Bei gleichzeitigem Dr\u00fccken der beiden Verschlusstasten erfolgt die Trennung von Pilot und Flugger\u00e4t m\u00fchelos. Bei Sicherheitstrainings hat sich gezeigt, dass das Abtrennen des Gleitschirms nach Notschirm\u00f6ffnungen vorteilhaft ist.<\/p>\n<p>Der Quick-Out bietet gegen\u00fcber gew\u00f6hnlichen Gleitschirmkarabinern au\u00dfer den Rettungsoptionen bei Wasser-, Baum- und Starkwindlandungen auch Handhabungsvorteile.<\/p>\n<p><a class=\"linkthumb modal\" title=\"HKar121 extra Einsatz f\u00fcr Quick Out \" href=\"https:\/\/finsterwalder-charly.de\/images\/stories\/produkte\/bauteile\/karabiner\/hkar121.jpg\" target=\"_blank\" rel=\"lightbox[id_110] noopener\"><img loading=\"lazy\" decoding=\"async\" class=\"thumb\" title=\"HKar121 extra Einsatz f\u00fcr Quick Out \" src=\"https:\/\/finsterwalder-charly.de\/cache\/3\/937354058cf737087a08fca8ffe031b5.jpg\" width=\"120\" height=\"120\" \/><\/a><\/p>\n<p>&nbsp;<\/p>\n<p><strong>Features:<\/strong><\/p>\n<ul>\n<li>In Notsituationen ist die blitzschnelle Trennung der Verbindung ohne Kraftaufwand m\u00f6glich<\/li>\n<li>Vierfache Sicherung mit der M\u00f6glichkeit der stufenweisen Entsicherung<\/li>\n<li>Formschl\u00fcssig und dauerschwingfest<\/li>\n<li>Austauschintervall: Mono und Tandem 8 Jahre, unbegrenzte Flugstunden<\/li>\n<li>Max. Nutzlast im Flugsport: 400 DaN* je Karabiner<\/li>\n<li>Geh\u00e4use Gesenkgeschmiedet aus Titanal, Einsatz aus hochfester Aluminiumlegierung 7075 T6, 200 g<\/li>\n<li>Bruchlast: 4.000 DaN, einzelst\u00fcckgepr\u00fcft auf 2.000 DaN<\/li>\n<li>H\u00f6he innen: 40 mm<\/li>\n<\/ul>\n<p>&nbsp;<\/p>\n<p>Mehr <a href=\"https:\/\/finsterwalder-charly.de\/de\/finsterwalder-karabiner\/quick-out-karabiner.html\" target=\"_blank\" rel=\"noopener noreferrer\">Infos<\/a><\/p>\n<p>Falls dieser Artikel nicht an Lager ist, wird er f\u00fcr dich bestellt. Lieferfrist ca. 1 Woche.<\/p>\n<p>&nbsp;<\/p>\n","protected":false},"excerpt":{"rendered":"<div class=\"jsn-article-content\">\n<h3 class=\"product--title\">Finsterwalder Quick Out Gleitschirmkarabiner<\/h3>\n<p><strong>Spezialkarabiner, der eine schnelle Trennung unter Last erm\u00f6glicht<\/strong><\/p>\n<\/div>\n<h1 class=\"product--title\"><img loading=\"lazy\" decoding=\"async\" class=\"\" src=\"https:\/\/finsterwalder-charly.de\/cache\/4\/246c37613d88b42d4cb3a2e98fffee16.jpg\" width=\"263\" height=\"263\" \/><\/h1>\n<p>Unser Trennkarabiner wird \u00fcberall eingesetzt, wo eine zuverl\u00e4ssige Verbindung und falls erforderlich eine schnelle Trennung auch unter Last gefordert wird. Er ist zum sicheren Anh\u00e4ngen von Lasten &#8211; insbesondere Personen &#8211; und f\u00fcr\u00a0den\u00a0Einsatz\u00a0im\u00a0Freien geeignet.<\/p>\n<p>Eine eigene CE-Pr\u00fcfung f\u00fcr Trennkarabiner existiert nicht. Der Quick-Out ist aber zentraler Bestandteil verschiedener zertifizierter Spezialgurte, die national und international vielfach bew\u00e4hrte Anwendung finden, z.B. bei Helikoptereins\u00e4tzen von Polizei, Milit\u00e4r, Bergrettung und Feuerwehr.<\/p>\n<p>Im Gleitschirmsport wird der Quick-Out zum Abtrennen des Gleitschirms bei der Verwendung von steuerbaren Rettungsfallschirmen ben\u00f6tigt.<\/p>\n<p>Bei gleichzeitigem Dr\u00fccken der beiden Verschlusstasten erfolgt die Trennung von Pilot und Flugger\u00e4t m\u00fchelos. Bei Sicherheitstrainings hat sich gezeigt, dass das Abtrennen des Gleitschirms nach Notschirm\u00f6ffnungen vorteilhaft ist.<\/p>\n<p>Der Quick-Out bietet gegen\u00fcber gew\u00f6hnlichen Gleitschirmkarabinern au\u00dfer den Rettungsoptionen bei Wasser-, Baum- und Starkwindlandungen auch Handhabungsvorteile.<\/p>\n<p><a class=\"linkthumb modal\" title=\"HKar121 extra Einsatz f\u00fcr Quick Out \" href=\"https:\/\/finsterwalder-charly.de\/images\/stories\/produkte\/bauteile\/karabiner\/hkar121.jpg\" target=\"_blank\" rel=\"lightbox[id_110] noopener\"><img loading=\"lazy\" decoding=\"async\" class=\"thumb\" title=\"HKar121 extra Einsatz f\u00fcr Quick Out \" src=\"https:\/\/finsterwalder-charly.de\/cache\/3\/937354058cf737087a08fca8ffe031b5.jpg\" width=\"120\" height=\"120\" \/><\/a><\/p>\n<p>&nbsp;<\/p>\n<p><strong>Features:<\/strong><\/p>\n<ul>\n<li>In Notsituationen ist die blitzschnelle Trennung der Verbindung ohne Kraftaufwand m\u00f6glich<\/li>\n<li>Vierfache Sicherung mit der M\u00f6glichkeit der stufenweisen Entsicherung<\/li>\n<li>Formschl\u00fcssig und dauerschwingfest<\/li>\n<li>Austauschintervall: Mono und Tandem 8 Jahre, unbegrenzte Flugstunden<\/li>\n<li>Max. Nutzlast im Flugsport: 400 DaN* je Karabiner<\/li>\n<li>Geh\u00e4use Gesenkgeschmiedet aus Titanal, Einsatz aus hochfester Aluminiumlegierung 7075 T6, 200 g<\/li>\n<li>Bruchlast: 4.000 DaN, einzelst\u00fcckgepr\u00fcft auf 2.000 DaN<\/li>\n<li>H\u00f6he innen: 40 mm<\/li>\n<\/ul>\n<p>&nbsp;<\/p>\n<p>Mehr <a href=\"https:\/\/finsterwalder-charly.de\/de\/finsterwalder-karabiner\/quick-out-karabiner.html\" target=\"_blank\" rel=\"noopener noreferrer\">Infos<\/a><\/p>\n<p>Falls dieser Artikel nicht an Lager ist, wird er f\u00fcr dich bestellt. Lieferfrist auf Anfrage.<\/p>\n<p>&nbsp;<\/p>\n","protected":false},"featured_media":14446,"comment_status":"closed","ping_status":"closed","template":"","meta":[],"product_brand":[],"product_cat":[2078,402],"product_tag":[2079,410],"class_list":{"0":"post-14444","1":"product","2":"type-product","3":"status-publish","4":"has-post-thumbnail","6":"product_cat-gleitschirm-karabiner","7":"product_cat-gleitschirm-zubehoer","8":"product_tag-karabiner","9":"product_tag-zubehoer","11":"first","12":"instock","13":"shipping-taxable","14":"purchasable","15":"product-type-simple"},"yoast_head":"<!-- This site is optimized with the Yoast SEO Premium plugin v26.1 (Yoast SEO v27.3) - https:\/\/yoast.com\/product\/yoast-seo-premium-wordpress\/ -->\n<title>Finsterwalder Quick Out Gleitschirmkarabiner | Gleitschirmschule Thun, Bern, Interlaken<\/title>\n<meta name=\"description\" content=\"Finsterwalder Quick Out Gleitschirmkarabiner. Spezialkarabiner, der eine schnelle Trennung unter Last erm\u00f6glicht. Unser Trennkarabiner wird \u00fcberall eingesetzt, wo eine zuverl\u00e4ssige Verbindung und falls erforderlich eine schnelle Trennung auch unter Last gefordert wird. Er ist zum sicheren Anh\u00e4ngen von Lasten - insbesondere Personen - und f\u00fcr\u00a0den\u00a0Einsatz\u00a0im\u00a0Freien geeignet.Eine eigene CE-Pr\u00fcfung f\u00fcr Trennkarabiner existiert nicht. Der Quick-Out ist aber zentraler Bestandteil verschiedener zertifizierter Spezialgurte, die national und international vielfach bew\u00e4hrte Anwendung finden, z.B. bei Helikoptereins\u00e4tzen von Polizei, Milit\u00e4r, Bergrettung und Feuerwehr.Im Gleitschirmsport wird der Quick-Out zum Abtrennen des Gleitschirms bei der Verwendung von steuerbaren Rettungsfallschirmen ben\u00f6tigt.Bei gleichzeitigem Dr\u00fccken der beiden Verschlusstasten erfolgt die Trennung von Pilot und Flugger\u00e4t m\u00fchelos. Bei Sicherheitstrainings hat sich gezeigt, dass das Abtrennen des Gleitschirms nach Notschirm\u00f6ffnungen vorteilhaft ist.Der Quick-Out bietet gegen\u00fcber gew\u00f6hnlichen Gleitschirmkarabinern au\u00dfer den Rettungsoptionen bei Wasser-, Baum- und Starkwindlandungen auch Handhabungsvorteile.\" \/>\n<meta name=\"robots\" content=\"index, follow, max-snippet:-1, max-image-preview:large, max-video-preview:-1\" \/>\n<link rel=\"canonical\" href=\"https:\/\/swissgliders.ch\/de\/produkt\/finsterwalder-quick-out-gleitschirmkarabiner\/\" \/>\n<meta property=\"og:locale\" content=\"de_DE\" \/>\n<meta property=\"og:type\" content=\"article\" \/>\n<meta property=\"og:title\" content=\"Finsterwalder Quick Out Gleitschirmkarabiner\" \/>\n<meta property=\"og:description\" content=\"Finsterwalder Quick Out Gleitschirmkarabiner. Spezialkarabiner, der eine schnelle Trennung unter Last erm\u00f6glicht. Unser Trennkarabiner wird \u00fcberall eingesetzt, wo eine zuverl\u00e4ssige Verbindung und falls erforderlich eine schnelle Trennung auch unter Last gefordert wird. Er ist zum sicheren Anh\u00e4ngen von Lasten - insbesondere Personen - und f\u00fcr\u00a0den\u00a0Einsatz\u00a0im\u00a0Freien geeignet.Eine eigene CE-Pr\u00fcfung f\u00fcr Trennkarabiner existiert nicht. Der Quick-Out ist aber zentraler Bestandteil verschiedener zertifizierter Spezialgurte, die national und international vielfach bew\u00e4hrte Anwendung finden, z.B. bei Helikoptereins\u00e4tzen von Polizei, Milit\u00e4r, Bergrettung und Feuerwehr.Im Gleitschirmsport wird der Quick-Out zum Abtrennen des Gleitschirms bei der Verwendung von steuerbaren Rettungsfallschirmen ben\u00f6tigt.Bei gleichzeitigem Dr\u00fccken der beiden Verschlusstasten erfolgt die Trennung von Pilot und Flugger\u00e4t m\u00fchelos. Bei Sicherheitstrainings hat sich gezeigt, dass das Abtrennen des Gleitschirms nach Notschirm\u00f6ffnungen vorteilhaft ist.Der Quick-Out bietet gegen\u00fcber gew\u00f6hnlichen Gleitschirmkarabinern au\u00dfer den Rettungsoptionen bei Wasser-, Baum- und Starkwindlandungen auch Handhabungsvorteile.\" \/>\n<meta property=\"og:url\" content=\"https:\/\/swissgliders.ch\/de\/produkt\/finsterwalder-quick-out-gleitschirmkarabiner\/\" \/>\n<meta property=\"og:site_name\" content=\"Gleitschirmschule Thun, Bern, Interlaken\" \/>\n<meta property=\"article:publisher\" content=\"https:\/\/www.facebook.com\/swissgliders\" \/>\n<meta property=\"article:modified_time\" content=\"2024-09-24T19:26:03+00:00\" \/>\n<meta property=\"og:image\" content=\"https:\/\/swissgliders.ch\/wp-content\/uploads\/2024\/09\/Finserwalder_Karabiner_Quick-Out-1.jpg\" \/>\n\t<meta property=\"og:image:width\" content=\"350\" \/>\n\t<meta property=\"og:image:height\" content=\"350\" \/>\n\t<meta property=\"og:image:type\" content=\"image\/jpeg\" \/>\n<meta name=\"twitter:card\" content=\"summary_large_image\" \/>\n<meta name=\"twitter:site\" content=\"@Swissgliders\" \/>\n<meta name=\"twitter:label1\" content=\"Preis\" \/>\n\t<meta name=\"twitter:data1\" content=\"&#067;&#072;&#070;&nbsp;79.00\" \/>\n\t<meta name=\"twitter:label2\" content=\"Verf\u00fcgbarkeit\" \/>\n\t<meta name=\"twitter:data2\" content=\"Auf Lager\" \/>\n<script type=\"application\/ld+json\" class=\"yoast-schema-graph\">{\"@context\":\"https:\\\/\\\/schema.org\",\"@graph\":[{\"@type\":\"WebPage\",\"@id\":\"https:\\\/\\\/swissgliders.ch\\\/de\\\/produkt\\\/finsterwalder-quick-out-gleitschirmkarabiner\\\/\",\"url\":\"https:\\\/\\\/swissgliders.ch\\\/de\\\/produkt\\\/finsterwalder-quick-out-gleitschirmkarabiner\\\/\",\"name\":\"Finsterwalder Quick Out Gleitschirmkarabiner | Gleitschirmschule Thun, Bern, Interlaken\",\"isPartOf\":{\"@id\":\"https:\\\/\\\/swissgliders.ch\\\/de\\\/#website\"},\"primaryImageOfPage\":{\"@id\":\"https:\\\/\\\/swissgliders.ch\\\/de\\\/produkt\\\/finsterwalder-quick-out-gleitschirmkarabiner\\\/#primaryimage\"},\"image\":{\"@id\":\"https:\\\/\\\/swissgliders.ch\\\/de\\\/produkt\\\/finsterwalder-quick-out-gleitschirmkarabiner\\\/#primaryimage\"},\"thumbnailUrl\":\"https:\\\/\\\/swissgliders.ch\\\/wp-content\\\/uploads\\\/2024\\\/09\\\/Finserwalder_Karabiner_Quick-Out-1.jpg\",\"datePublished\":\"2024-09-12T09:50:03+00:00\",\"dateModified\":\"2024-09-24T19:26:03+00:00\",\"description\":\"Finsterwalder Quick Out Gleitschirmkarabiner. Spezialkarabiner, der eine schnelle Trennung unter Last erm\u00f6glicht. Unser Trennkarabiner wird \u00fcberall eingesetzt, wo eine zuverl\u00e4ssige Verbindung und falls erforderlich eine schnelle Trennung auch unter Last gefordert wird. Er ist zum sicheren Anh\u00e4ngen von Lasten - insbesondere Personen - und f\u00fcr\u00a0den\u00a0Einsatz\u00a0im\u00a0Freien geeignet.Eine eigene CE-Pr\u00fcfung f\u00fcr Trennkarabiner existiert nicht. Der Quick-Out ist aber zentraler Bestandteil verschiedener zertifizierter Spezialgurte, die national und international vielfach bew\u00e4hrte Anwendung finden, z.B. bei Helikoptereins\u00e4tzen von Polizei, Milit\u00e4r, Bergrettung und Feuerwehr.Im Gleitschirmsport wird der Quick-Out zum Abtrennen des Gleitschirms bei der Verwendung von steuerbaren Rettungsfallschirmen ben\u00f6tigt.Bei gleichzeitigem Dr\u00fccken der beiden Verschlusstasten erfolgt die Trennung von Pilot und Flugger\u00e4t m\u00fchelos. Bei Sicherheitstrainings hat sich gezeigt, dass das Abtrennen des Gleitschirms nach Notschirm\u00f6ffnungen vorteilhaft ist.Der Quick-Out bietet gegen\u00fcber gew\u00f6hnlichen Gleitschirmkarabinern au\u00dfer den Rettungsoptionen bei Wasser-, Baum- und Starkwindlandungen auch Handhabungsvorteile.\",\"breadcrumb\":{\"@id\":\"https:\\\/\\\/swissgliders.ch\\\/de\\\/produkt\\\/finsterwalder-quick-out-gleitschirmkarabiner\\\/#breadcrumb\"},\"inLanguage\":\"de\",\"potentialAction\":[{\"@type\":\"ReadAction\",\"target\":[\"https:\\\/\\\/swissgliders.ch\\\/de\\\/produkt\\\/finsterwalder-quick-out-gleitschirmkarabiner\\\/\"]}]},{\"@type\":\"ImageObject\",\"inLanguage\":\"de\",\"@id\":\"https:\\\/\\\/swissgliders.ch\\\/de\\\/produkt\\\/finsterwalder-quick-out-gleitschirmkarabiner\\\/#primaryimage\",\"url\":\"https:\\\/\\\/swissgliders.ch\\\/wp-content\\\/uploads\\\/2024\\\/09\\\/Finserwalder_Karabiner_Quick-Out-1.jpg\",\"contentUrl\":\"https:\\\/\\\/swissgliders.ch\\\/wp-content\\\/uploads\\\/2024\\\/09\\\/Finserwalder_Karabiner_Quick-Out-1.jpg\",\"width\":350,\"height\":350,\"caption\":\"Finserwalder_Karabiner_Quick Out-1\"},{\"@type\":\"BreadcrumbList\",\"@id\":\"https:\\\/\\\/swissgliders.ch\\\/de\\\/produkt\\\/finsterwalder-quick-out-gleitschirmkarabiner\\\/#breadcrumb\",\"itemListElement\":[{\"@type\":\"ListItem\",\"position\":1,\"name\":\"Startseite\",\"item\":\"https:\\\/\\\/swissgliders.ch\\\/de\\\/willkommen\\\/\"},{\"@type\":\"ListItem\",\"position\":2,\"name\":\"Gleitschirm Shop\",\"item\":\"https:\\\/\\\/swissgliders.ch\\\/de\\\/gleitschirm-shop\\\/\"},{\"@type\":\"ListItem\",\"position\":3,\"name\":\"Finsterwalder Quick Out Gleitschirmkarabiner\"}]},{\"@type\":\"WebSite\",\"@id\":\"https:\\\/\\\/swissgliders.ch\\\/de\\\/#website\",\"url\":\"https:\\\/\\\/swissgliders.ch\\\/de\\\/\",\"name\":\"Gleitschirmschule Thun, Bern, Interlaken\",\"description\":\"Gleitschirmschule Thun, Bern, Interlaken\",\"publisher\":{\"@id\":\"https:\\\/\\\/swissgliders.ch\\\/de\\\/#organization\"},\"potentialAction\":[{\"@type\":\"SearchAction\",\"target\":{\"@type\":\"EntryPoint\",\"urlTemplate\":\"https:\\\/\\\/swissgliders.ch\\\/de\\\/?s={search_term_string}\"},\"query-input\":{\"@type\":\"PropertyValueSpecification\",\"valueRequired\":true,\"valueName\":\"search_term_string\"}}],\"inLanguage\":\"de\"},{\"@type\":\"Organization\",\"@id\":\"https:\\\/\\\/swissgliders.ch\\\/de\\\/#organization\",\"name\":\"Swissgliders Gleitschirmflugschule Thun\",\"url\":\"https:\\\/\\\/swissgliders.ch\\\/de\\\/\",\"logo\":{\"@type\":\"ImageObject\",\"inLanguage\":\"de\",\"@id\":\"https:\\\/\\\/swissgliders.ch\\\/de\\\/#\\\/schema\\\/logo\\\/image\\\/\",\"url\":\"https:\\\/\\\/swissgliders.ch\\\/wp-content\\\/uploads\\\/2019\\\/12\\\/swissgliders-logo-rgb-square-L-no-ch-01.png\",\"contentUrl\":\"https:\\\/\\\/swissgliders.ch\\\/wp-content\\\/uploads\\\/2019\\\/12\\\/swissgliders-logo-rgb-square-L-no-ch-01.png\",\"width\":2500,\"height\":2500,\"caption\":\"Swissgliders Gleitschirmflugschule Thun\"},\"image\":{\"@id\":\"https:\\\/\\\/swissgliders.ch\\\/de\\\/#\\\/schema\\\/logo\\\/image\\\/\"},\"sameAs\":[\"https:\\\/\\\/www.facebook.com\\\/swissgliders\",\"https:\\\/\\\/x.com\\\/Swissgliders\",\"https:\\\/\\\/www.instagram.com\\\/swissgliders\\\/\",\"https:\\\/\\\/www.youtube.com\\\/channel\\\/UCMCtGdepy9vBhrhX3V_oJOA\"],\"hasMerchantReturnPolicy\":{\"@type\":\"MerchantReturnPolicy\",\"merchantReturnLink\":\"https:\\\/\\\/swissgliders.ch\\\/de\\\/allgemeine-geschaftsbedingungen\\\/\"}}]}<\/script>\n<meta property=\"product:price:amount\" content=\"79.00\" \/>\n<meta property=\"product:price:currency\" content=\"CHF\" \/>\n<meta property=\"og:availability\" content=\"instock\" \/>\n<meta property=\"product:availability\" content=\"instock\" \/>\n<meta property=\"product:condition\" content=\"new\" \/>\n<!-- \/ Yoast SEO Premium plugin. -->","yoast_head_json":{"title":"Finsterwalder Quick Out Gleitschirmkarabiner | Gleitschirmschule Thun, Bern, Interlaken","description":"Finsterwalder Quick Out Gleitschirmkarabiner. Spezialkarabiner, der eine schnelle Trennung unter Last erm\u00f6glicht. Unser Trennkarabiner wird \u00fcberall eingesetzt, wo eine zuverl\u00e4ssige Verbindung und falls erforderlich eine schnelle Trennung auch unter Last gefordert wird. Er ist zum sicheren Anh\u00e4ngen von Lasten - insbesondere Personen - und f\u00fcr\u00a0den\u00a0Einsatz\u00a0im\u00a0Freien geeignet.Eine eigene CE-Pr\u00fcfung f\u00fcr Trennkarabiner existiert nicht. Der Quick-Out ist aber zentraler Bestandteil verschiedener zertifizierter Spezialgurte, die national und international vielfach bew\u00e4hrte Anwendung finden, z.B. bei Helikoptereins\u00e4tzen von Polizei, Milit\u00e4r, Bergrettung und Feuerwehr.Im Gleitschirmsport wird der Quick-Out zum Abtrennen des Gleitschirms bei der Verwendung von steuerbaren Rettungsfallschirmen ben\u00f6tigt.Bei gleichzeitigem Dr\u00fccken der beiden Verschlusstasten erfolgt die Trennung von Pilot und Flugger\u00e4t m\u00fchelos. Bei Sicherheitstrainings hat sich gezeigt, dass das Abtrennen des Gleitschirms nach Notschirm\u00f6ffnungen vorteilhaft ist.Der Quick-Out bietet gegen\u00fcber gew\u00f6hnlichen Gleitschirmkarabinern au\u00dfer den Rettungsoptionen bei Wasser-, Baum- und Starkwindlandungen auch Handhabungsvorteile.","robots":{"index":"index","follow":"follow","max-snippet":"max-snippet:-1","max-image-preview":"max-image-preview:large","max-video-preview":"max-video-preview:-1"},"canonical":"https:\/\/swissgliders.ch\/de\/produkt\/finsterwalder-quick-out-gleitschirmkarabiner\/","og_locale":"de_DE","og_type":"article","og_title":"Finsterwalder Quick Out Gleitschirmkarabiner","og_description":"Finsterwalder Quick Out Gleitschirmkarabiner. Spezialkarabiner, der eine schnelle Trennung unter Last erm\u00f6glicht. Unser Trennkarabiner wird \u00fcberall eingesetzt, wo eine zuverl\u00e4ssige Verbindung und falls erforderlich eine schnelle Trennung auch unter Last gefordert wird. Er ist zum sicheren Anh\u00e4ngen von Lasten - insbesondere Personen - und f\u00fcr\u00a0den\u00a0Einsatz\u00a0im\u00a0Freien geeignet.Eine eigene CE-Pr\u00fcfung f\u00fcr Trennkarabiner existiert nicht. Der Quick-Out ist aber zentraler Bestandteil verschiedener zertifizierter Spezialgurte, die national und international vielfach bew\u00e4hrte Anwendung finden, z.B. bei Helikoptereins\u00e4tzen von Polizei, Milit\u00e4r, Bergrettung und Feuerwehr.Im Gleitschirmsport wird der Quick-Out zum Abtrennen des Gleitschirms bei der Verwendung von steuerbaren Rettungsfallschirmen ben\u00f6tigt.Bei gleichzeitigem Dr\u00fccken der beiden Verschlusstasten erfolgt die Trennung von Pilot und Flugger\u00e4t m\u00fchelos. Bei Sicherheitstrainings hat sich gezeigt, dass das Abtrennen des Gleitschirms nach Notschirm\u00f6ffnungen vorteilhaft ist.Der Quick-Out bietet gegen\u00fcber gew\u00f6hnlichen Gleitschirmkarabinern au\u00dfer den Rettungsoptionen bei Wasser-, Baum- und Starkwindlandungen auch Handhabungsvorteile.","og_url":"https:\/\/swissgliders.ch\/de\/produkt\/finsterwalder-quick-out-gleitschirmkarabiner\/","og_site_name":"Gleitschirmschule Thun, Bern, Interlaken","article_publisher":"https:\/\/www.facebook.com\/swissgliders","article_modified_time":"2024-09-24T19:26:03+00:00","og_image":[{"width":350,"height":350,"url":"https:\/\/swissgliders.ch\/wp-content\/uploads\/2024\/09\/Finserwalder_Karabiner_Quick-Out-1.jpg","type":"image\/jpeg"}],"twitter_card":"summary_large_image","twitter_site":"@Swissgliders","twitter_misc":{"Preis":"&#67;&#72;&#70;&nbsp;79.00","Verf\u00fcgbarkeit":"Auf Lager"},"schema":{"@context":"https:\/\/schema.org","@graph":[{"@type":"WebPage","@id":"https:\/\/swissgliders.ch\/de\/produkt\/finsterwalder-quick-out-gleitschirmkarabiner\/","url":"https:\/\/swissgliders.ch\/de\/produkt\/finsterwalder-quick-out-gleitschirmkarabiner\/","name":"Finsterwalder Quick Out Gleitschirmkarabiner | Gleitschirmschule Thun, Bern, Interlaken","isPartOf":{"@id":"https:\/\/swissgliders.ch\/de\/#website"},"primaryImageOfPage":{"@id":"https:\/\/swissgliders.ch\/de\/produkt\/finsterwalder-quick-out-gleitschirmkarabiner\/#primaryimage"},"image":{"@id":"https:\/\/swissgliders.ch\/de\/produkt\/finsterwalder-quick-out-gleitschirmkarabiner\/#primaryimage"},"thumbnailUrl":"https:\/\/swissgliders.ch\/wp-content\/uploads\/2024\/09\/Finserwalder_Karabiner_Quick-Out-1.jpg","datePublished":"2024-09-12T09:50:03+00:00","dateModified":"2024-09-24T19:26:03+00:00","description":"Finsterwalder Quick Out Gleitschirmkarabiner. Spezialkarabiner, der eine schnelle Trennung unter Last erm\u00f6glicht. Unser Trennkarabiner wird \u00fcberall eingesetzt, wo eine zuverl\u00e4ssige Verbindung und falls erforderlich eine schnelle Trennung auch unter Last gefordert wird. Er ist zum sicheren Anh\u00e4ngen von Lasten - insbesondere Personen - und f\u00fcr\u00a0den\u00a0Einsatz\u00a0im\u00a0Freien geeignet.Eine eigene CE-Pr\u00fcfung f\u00fcr Trennkarabiner existiert nicht. Der Quick-Out ist aber zentraler Bestandteil verschiedener zertifizierter Spezialgurte, die national und international vielfach bew\u00e4hrte Anwendung finden, z.B. bei Helikoptereins\u00e4tzen von Polizei, Milit\u00e4r, Bergrettung und Feuerwehr.Im Gleitschirmsport wird der Quick-Out zum Abtrennen des Gleitschirms bei der Verwendung von steuerbaren Rettungsfallschirmen ben\u00f6tigt.Bei gleichzeitigem Dr\u00fccken der beiden Verschlusstasten erfolgt die Trennung von Pilot und Flugger\u00e4t m\u00fchelos. Bei Sicherheitstrainings hat sich gezeigt, dass das Abtrennen des Gleitschirms nach Notschirm\u00f6ffnungen vorteilhaft ist.Der Quick-Out bietet gegen\u00fcber gew\u00f6hnlichen Gleitschirmkarabinern au\u00dfer den Rettungsoptionen bei Wasser-, Baum- und Starkwindlandungen auch Handhabungsvorteile.","breadcrumb":{"@id":"https:\/\/swissgliders.ch\/de\/produkt\/finsterwalder-quick-out-gleitschirmkarabiner\/#breadcrumb"},"inLanguage":"de","potentialAction":[{"@type":"ReadAction","target":["https:\/\/swissgliders.ch\/de\/produkt\/finsterwalder-quick-out-gleitschirmkarabiner\/"]}]},{"@type":"ImageObject","inLanguage":"de","@id":"https:\/\/swissgliders.ch\/de\/produkt\/finsterwalder-quick-out-gleitschirmkarabiner\/#primaryimage","url":"https:\/\/swissgliders.ch\/wp-content\/uploads\/2024\/09\/Finserwalder_Karabiner_Quick-Out-1.jpg","contentUrl":"https:\/\/swissgliders.ch\/wp-content\/uploads\/2024\/09\/Finserwalder_Karabiner_Quick-Out-1.jpg","width":350,"height":350,"caption":"Finserwalder_Karabiner_Quick Out-1"},{"@type":"BreadcrumbList","@id":"https:\/\/swissgliders.ch\/de\/produkt\/finsterwalder-quick-out-gleitschirmkarabiner\/#breadcrumb","itemListElement":[{"@type":"ListItem","position":1,"name":"Startseite","item":"https:\/\/swissgliders.ch\/de\/willkommen\/"},{"@type":"ListItem","position":2,"name":"Gleitschirm Shop","item":"https:\/\/swissgliders.ch\/de\/gleitschirm-shop\/"},{"@type":"ListItem","position":3,"name":"Finsterwalder Quick Out Gleitschirmkarabiner"}]},{"@type":"WebSite","@id":"https:\/\/swissgliders.ch\/de\/#website","url":"https:\/\/swissgliders.ch\/de\/","name":"Gleitschirmschule Thun, Bern, Interlaken","description":"Gleitschirmschule Thun, Bern, Interlaken","publisher":{"@id":"https:\/\/swissgliders.ch\/de\/#organization"},"potentialAction":[{"@type":"SearchAction","target":{"@type":"EntryPoint","urlTemplate":"https:\/\/swissgliders.ch\/de\/?s={search_term_string}"},"query-input":{"@type":"PropertyValueSpecification","valueRequired":true,"valueName":"search_term_string"}}],"inLanguage":"de"},{"@type":"Organization","@id":"https:\/\/swissgliders.ch\/de\/#organization","name":"Swissgliders Gleitschirmflugschule Thun","url":"https:\/\/swissgliders.ch\/de\/","logo":{"@type":"ImageObject","inLanguage":"de","@id":"https:\/\/swissgliders.ch\/de\/#\/schema\/logo\/image\/","url":"https:\/\/swissgliders.ch\/wp-content\/uploads\/2019\/12\/swissgliders-logo-rgb-square-L-no-ch-01.png","contentUrl":"https:\/\/swissgliders.ch\/wp-content\/uploads\/2019\/12\/swissgliders-logo-rgb-square-L-no-ch-01.png","width":2500,"height":2500,"caption":"Swissgliders Gleitschirmflugschule Thun"},"image":{"@id":"https:\/\/swissgliders.ch\/de\/#\/schema\/logo\/image\/"},"sameAs":["https:\/\/www.facebook.com\/swissgliders","https:\/\/x.com\/Swissgliders","https:\/\/www.instagram.com\/swissgliders\/","https:\/\/www.youtube.com\/channel\/UCMCtGdepy9vBhrhX3V_oJOA"],"hasMerchantReturnPolicy":{"@type":"MerchantReturnPolicy","merchantReturnLink":"https:\/\/swissgliders.ch\/de\/allgemeine-geschaftsbedingungen\/"}}]},"product_price_amount":"79.00","product_price_currency":"CHF","og_availability":"instock","product_availability":"instock","product_condition":"new"},"_links":{"self":[{"href":"https:\/\/swissgliders.ch\/de\/wp-json\/wp\/v2\/product\/14444","targetHints":{"allow":["GET"]}}],"collection":[{"href":"https:\/\/swissgliders.ch\/de\/wp-json\/wp\/v2\/product"}],"about":[{"href":"https:\/\/swissgliders.ch\/de\/wp-json\/wp\/v2\/types\/product"}],"replies":[{"embeddable":true,"href":"https:\/\/swissgliders.ch\/de\/wp-json\/wp\/v2\/comments?post=14444"}],"wp:featuredmedia":[{"embeddable":true,"href":"https:\/\/swissgliders.ch\/de\/wp-json\/wp\/v2\/media\/14446"}],"wp:attachment":[{"href":"https:\/\/swissgliders.ch\/de\/wp-json\/wp\/v2\/media?parent=14444"}],"wp:term":[{"taxonomy":"product_brand","embeddable":true,"href":"https:\/\/swissgliders.ch\/de\/wp-json\/wp\/v2\/product_brand?post=14444"},{"taxonomy":"product_cat","embeddable":true,"href":"https:\/\/swissgliders.ch\/de\/wp-json\/wp\/v2\/product_cat?post=14444"},{"taxonomy":"product_tag","embeddable":true,"href":"https:\/\/swissgliders.ch\/de\/wp-json\/wp\/v2\/product_tag?post=14444"}],"curies":[{"name":"wp","href":"https:\/\/api.w.org\/{rel}","templated":true}]}}